{"id":10145,"date":"2022-05-06T13:43:52","date_gmt":"2022-05-06T13:43:52","guid":{"rendered":"https:\/\/deveho2.sfdbeta.be\/sage-x3-implementatiediensten\/"},"modified":"2023-04-24T11:23:08","modified_gmt":"2023-04-24T09:23:08","slug":"sage-x3-implementatiediensten","status":"publish","type":"page","link":"https:\/\/deveho.com\/nl\/services\/sage-x3-implementatiediensten\/","title":{"rendered":"Sage X3 Implementatiediensten"},"content":{"rendered":"<br \/>\n<h2><\/h2>\n<h3><b>Deveho Implementatie knowhow <\/b><\/h3>\n<h3><\/h3>\n<p><p>Implementatie van ERP-software heeft veel voordelen. Het kan de bedrijfsprestaties, gegevensintegriteit, organisatorische naleving en interactie tussen uw projecten, teams en kantoren verbeteren.<\/p>\n<p>Ons team heeft uitgebreide multi-juridische, multi-fiscale en meertalige capaciteiten met uitgebreide ervaring in internationale projectimplementatie en oplevering.<\/p>\n<p>Met meer dan 15 jaar ervaring in Sage X3 bestrijken onze aandachtsgebieden alle aspecten van implementatie.<\/p>\n<\/p>\n<h2><\/h2>\n<h3>Sage X3 Implementatie<\/h3>\n<h3>Om binnen de geschatte doorlooptijd tot een succesvolle implementatie te komen, zijn onze methodieken gebaseerd op de volgende principes:<\/h3>\n<\/p>\n<h2><\/h2>\n<h3>Gerelateerd<\/h3>\n<\/p>\n<h3><\/h3>\n<\/p>\n<h3><\/h3><\/p>\n","protected":false},"excerpt":{"rendered":"<p>DEVEHO Consulting Group levert het hoogste niveau van strategische Sage-implementatie, terwijl het bedrijfsprocessen vereenvoudigt en ervoor zorgt dat applicaties naadloos worden ge\u00efntegreerd om \u00e9\u00e9n oplossing te cre\u00ebren.<\/p>\n","protected":false},"author":3,"featured_media":0,"parent":10154,"menu_order":0,"comment_status":"closed","ping_status":"closed","template":"templates\/template-prod_serv.php","meta":{"_acf_changed":false,"footnotes":""},"class_list":["post-10145","page","type-page","status-publish","hentry"],"acf":[],"yoast_head":"<!-- This site is optimized with the Yoast SEO plugin v23.5 - https:\/\/yoast.com\/wordpress\/plugins\/seo\/ -->\n<title>Sage X3 Implementatiediensten - Deveho<\/title>\n<meta name=\"robots\" content=\"index, follow, max-snippet:-1, max-image-preview:large, max-video-preview:-1\" \/>\n<link rel=\"canonical\" href=\"https:\/\/deveho.com\/nl\/services\/sage-x3-implementatiediensten\/\" \/>\n<meta property=\"og:locale\" content=\"nl_NL\" \/>\n<meta property=\"og:type\" content=\"article\" \/>\n<meta property=\"og:title\" content=\"Sage X3 Implementatiediensten - Deveho\" \/>\n<meta property=\"og:description\" content=\"DEVEHO Consulting Group levert het hoogste niveau van strategische Sage-implementatie, terwijl het bedrijfsprocessen vereenvoudigt en ervoor zorgt dat applicaties naadloos worden ge\u00efntegreerd om \u00e9\u00e9n oplossing te cre\u00ebren.\" \/>\n<meta property=\"og:url\" content=\"https:\/\/deveho.com\/nl\/services\/sage-x3-implementatiediensten\/\" \/>\n<meta property=\"og:site_name\" content=\"Deveho\" \/>\n<meta property=\"article:publisher\" content=\"https:\/\/www.facebook.com\/deveho\" \/>\n<meta property=\"article:modified_time\" content=\"2023-04-24T09:23:08+00:00\" \/>\n<meta name=\"twitter:card\" content=\"summary_large_image\" \/>\n<meta name=\"twitter:site\" content=\"@Deveho1\" \/>\n<meta name=\"twitter:label1\" content=\"Geschatte leestijd\" \/>\n\t<meta name=\"twitter:data1\" content=\"1 minuut\" \/>\n<script type=\"application\/ld+json\" class=\"yoast-schema-graph\">{\"@context\":\"https:\/\/schema.org\",\"@graph\":[{\"@type\":\"WebPage\",\"@id\":\"https:\/\/deveho.com\/nl\/services\/sage-x3-implementatiediensten\/\",\"url\":\"https:\/\/deveho.com\/nl\/services\/sage-x3-implementatiediensten\/\",\"name\":\"Sage X3 Implementatiediensten - Deveho\",\"isPartOf\":{\"@id\":\"https:\/\/deveho.com\/#website\"},\"datePublished\":\"2022-05-06T13:43:52+00:00\",\"dateModified\":\"2023-04-24T09:23:08+00:00\",\"breadcrumb\":{\"@id\":\"https:\/\/deveho.com\/nl\/services\/sage-x3-implementatiediensten\/#breadcrumb\"},\"inLanguage\":\"nl-NL\",\"potentialAction\":[{\"@type\":\"ReadAction\",\"target\":[\"https:\/\/deveho.com\/nl\/services\/sage-x3-implementatiediensten\/\"]}]},{\"@type\":\"BreadcrumbList\",\"@id\":\"https:\/\/deveho.com\/nl\/services\/sage-x3-implementatiediensten\/#breadcrumb\",\"itemListElement\":[{\"@type\":\"ListItem\",\"position\":1,\"name\":\"Home\",\"item\":\"https:\/\/deveho.com\/nl\/\"},{\"@type\":\"ListItem\",\"position\":2,\"name\":\"Services\",\"item\":\"https:\/\/deveho.com\/nl\/services\/\"},{\"@type\":\"ListItem\",\"position\":3,\"name\":\"Sage X3 Implementatiediensten\"}]},{\"@type\":\"WebSite\",\"@id\":\"https:\/\/deveho.com\/#website\",\"url\":\"https:\/\/deveho.com\/\",\"name\":\"Deveho Consulting Group\",\"description\":\"Let\u2019s boost your growth\",\"publisher\":{\"@id\":\"https:\/\/deveho.com\/#organization\"},\"potentialAction\":[{\"@type\":\"SearchAction\",\"target\":{\"@type\":\"EntryPoint\",\"urlTemplate\":\"https:\/\/deveho.com\/?s={search_term_string}\"},\"query-input\":{\"@type\":\"PropertyValueSpecification\",\"valueRequired\":true,\"valueName\":\"search_term_string\"}}],\"inLanguage\":\"nl-NL\"},{\"@type\":\"Organization\",\"@id\":\"https:\/\/deveho.com\/#organization\",\"name\":\"Deveho Consulting Group\",\"url\":\"https:\/\/deveho.com\/\",\"logo\":{\"@type\":\"ImageObject\",\"inLanguage\":\"nl-NL\",\"@id\":\"https:\/\/deveho.com\/#\/schema\/logo\/image\/\",\"url\":\"https:\/\/deveho.com\/wp-content\/uploads\/2023\/02\/DEVEHO-LOGO-Baseline-COLOR.png\",\"contentUrl\":\"https:\/\/deveho.com\/wp-content\/uploads\/2023\/02\/DEVEHO-LOGO-Baseline-COLOR.png\",\"width\":2251,\"height\":585,\"caption\":\"Deveho Consulting Group\"},\"image\":{\"@id\":\"https:\/\/deveho.com\/#\/schema\/logo\/image\/\"},\"sameAs\":[\"https:\/\/www.facebook.com\/deveho\",\"https:\/\/x.com\/Deveho1\",\"https:\/\/www.linkedin.com\/company\/deveho-consulting\/\"]}]}<\/script>\n<!-- \/ Yoast SEO plugin. -->","yoast_head_json":{"title":"Sage X3 Implementatiediensten - Deveho","robots":{"index":"index","follow":"follow","max-snippet":"max-snippet:-1","max-image-preview":"max-image-preview:large","max-video-preview":"max-video-preview:-1"},"canonical":"https:\/\/deveho.com\/nl\/services\/sage-x3-implementatiediensten\/","og_locale":"nl_NL","og_type":"article","og_title":"Sage X3 Implementatiediensten - Deveho","og_description":"DEVEHO Consulting Group levert het hoogste niveau van strategische Sage-implementatie, terwijl het bedrijfsprocessen vereenvoudigt en ervoor zorgt dat applicaties naadloos worden ge\u00efntegreerd om \u00e9\u00e9n oplossing te cre\u00ebren.","og_url":"https:\/\/deveho.com\/nl\/services\/sage-x3-implementatiediensten\/","og_site_name":"Deveho","article_publisher":"https:\/\/www.facebook.com\/deveho","article_modified_time":"2023-04-24T09:23:08+00:00","twitter_card":"summary_large_image","twitter_site":"@Deveho1","twitter_misc":{"Geschatte leestijd":"1 minuut"},"schema":{"@context":"https:\/\/schema.org","@graph":[{"@type":"WebPage","@id":"https:\/\/deveho.com\/nl\/services\/sage-x3-implementatiediensten\/","url":"https:\/\/deveho.com\/nl\/services\/sage-x3-implementatiediensten\/","name":"Sage X3 Implementatiediensten - Deveho","isPartOf":{"@id":"https:\/\/deveho.com\/#website"},"datePublished":"2022-05-06T13:43:52+00:00","dateModified":"2023-04-24T09:23:08+00:00","breadcrumb":{"@id":"https:\/\/deveho.com\/nl\/services\/sage-x3-implementatiediensten\/#breadcrumb"},"inLanguage":"nl-NL","potentialAction":[{"@type":"ReadAction","target":["https:\/\/deveho.com\/nl\/services\/sage-x3-implementatiediensten\/"]}]},{"@type":"BreadcrumbList","@id":"https:\/\/deveho.com\/nl\/services\/sage-x3-implementatiediensten\/#breadcrumb","itemListElement":[{"@type":"ListItem","position":1,"name":"Home","item":"https:\/\/deveho.com\/nl\/"},{"@type":"ListItem","position":2,"name":"Services","item":"https:\/\/deveho.com\/nl\/services\/"},{"@type":"ListItem","position":3,"name":"Sage X3 Implementatiediensten"}]},{"@type":"WebSite","@id":"https:\/\/deveho.com\/#website","url":"https:\/\/deveho.com\/","name":"Deveho Consulting Group","description":"Let\u2019s boost your growth","publisher":{"@id":"https:\/\/deveho.com\/#organization"},"potentialAction":[{"@type":"SearchAction","target":{"@type":"EntryPoint","urlTemplate":"https:\/\/deveho.com\/?s={search_term_string}"},"query-input":{"@type":"PropertyValueSpecification","valueRequired":true,"valueName":"search_term_string"}}],"inLanguage":"nl-NL"},{"@type":"Organization","@id":"https:\/\/deveho.com\/#organization","name":"Deveho Consulting Group","url":"https:\/\/deveho.com\/","logo":{"@type":"ImageObject","inLanguage":"nl-NL","@id":"https:\/\/deveho.com\/#\/schema\/logo\/image\/","url":"https:\/\/deveho.com\/wp-content\/uploads\/2023\/02\/DEVEHO-LOGO-Baseline-COLOR.png","contentUrl":"https:\/\/deveho.com\/wp-content\/uploads\/2023\/02\/DEVEHO-LOGO-Baseline-COLOR.png","width":2251,"height":585,"caption":"Deveho Consulting Group"},"image":{"@id":"https:\/\/deveho.com\/#\/schema\/logo\/image\/"},"sameAs":["https:\/\/www.facebook.com\/deveho","https:\/\/x.com\/Deveho1","https:\/\/www.linkedin.com\/company\/deveho-consulting\/"]}]}},"_links":{"self":[{"href":"https:\/\/deveho.com\/nl\/wp-json\/wp\/v2\/pages\/10145"}],"collection":[{"href":"https:\/\/deveho.com\/nl\/wp-json\/wp\/v2\/pages"}],"about":[{"href":"https:\/\/deveho.com\/nl\/wp-json\/wp\/v2\/types\/page"}],"author":[{"embeddable":true,"href":"https:\/\/deveho.com\/nl\/wp-json\/wp\/v2\/users\/3"}],"replies":[{"embeddable":true,"href":"https:\/\/deveho.com\/nl\/wp-json\/wp\/v2\/comments?post=10145"}],"version-history":[{"count":0,"href":"https:\/\/deveho.com\/nl\/wp-json\/wp\/v2\/pages\/10145\/revisions"}],"up":[{"embeddable":true,"href":"https:\/\/deveho.com\/nl\/wp-json\/wp\/v2\/pages\/10154"}],"wp:attachment":[{"href":"https:\/\/deveho.com\/nl\/wp-json\/wp\/v2\/media?parent=10145"}],"curies":[{"name":"wp","href":"https:\/\/api.w.org\/{rel}","templated":true}]}}