{"id":32998,"date":"2024-07-25T09:03:19","date_gmt":"2024-07-25T07:03:19","guid":{"rendered":"https:\/\/deveho.com\/?page_id=32998"},"modified":"2025-03-10T15:21:48","modified_gmt":"2025-03-10T13:21:48","slug":"sage-intacct-solution","status":"publish","type":"page","link":"https:\/\/deveho.com\/nl\/producten\/sage-intacct-solution\/","title":{"rendered":"Sage Intacct"},"content":{"rendered":"<br \/>\n<h2><\/h2>\n<h3><red>Waarom kiezen voor de Sage Intacct-oplossing?<\/red><\/h3>\n<h3><\/h3>\n<ul>\n<li>Verlaag uw maandelijkse sluitingstijd tot 66% door automatisering.<\/li>\n<li>Ontvang multidimensionale rapporten in realtime. Maak een einde aan de wildgroei aan Excel-bestanden!<\/li>\n<li>Geef uw financi\u00eble afdeling de ruimte om zich te concentreren op het beheren van de bedrijfsgroei.<\/li>\n<li>Snelle implementatie in 150 uur.<\/li>\n<li>1 miljard API-calls per maand.<\/li>\n<li>100 entiteiten geconsolideerd in seconden.<\/li>\n<\/ul>\n<h2>Cloudgebaseerd financieel beheer voor toekomstgerichte financi\u00eble leiders<\/h2>\n<\/p>\n<p>Sage Intacct is the highest rated cloud accounting and financial management software for customer satisfaction!<\/p>\n<p>Met Sage Intacct hebben vooruitstrevende CFO&#8217;s en financieel managers binnen enkele minuten (in plaats van dagen) toegang tot ge\u00efntegreerde financi\u00eble en managementrapporten van alle bedrijfseenheden. Zo kunnen ze hun bedrijf laten groeien en effectief runnen.<\/p>\n<h2><\/h2>\n<h3><red><b>Uw klantenboekhoudsoftware<\/b><\/red><\/h3>\n<h3><\/h3>\n<p><p><strong>De Sage Intacct-oplossing <\/strong>biedt een open, communicerend platform via zijn API&#8217;s, waardoor het eenvoudig is om te integreren en te communiceren met een breed scala aan gerelateerde oplossingen.<br \/>\nHierdoor past <strong>Sage Intacct<\/strong> zich perfect aan aan uw bedrijfsbehoeften en branche.<\/p>\n<\/p>\n<h2><\/h2>\n<h3>Sage Intacct-mogelijkheden<\/h3>\n<h3><\/h3>\n<\/p>\n<h2><\/h2>\n<h3>Gerelateerd<\/h3>\n<\/p>\n<h3><\/h3>\n<\/p>\n<h3><\/h3><\/p>\n","protected":false},"excerpt":{"rendered":"<p>Recouvrez vos paiements plus rapidement et am\u00e9liorez vos flux de tr\u00e9sorerie gr\u00e2ce \u00e0 la comptabilit\u00e9 client qui fait partie de Sage Intacct.<\/p>\n","protected":false},"author":34,"featured_media":0,"parent":10153,"menu_order":0,"comment_status":"closed","ping_status":"closed","template":"templates\/template-prod_serv.php","meta":{"_acf_changed":false,"footnotes":""},"class_list":["post-32998","page","type-page","status-publish","hentry"],"acf":[],"yoast_head":"<!-- This site is optimized with the Yoast SEO plugin v23.5 - https:\/\/yoast.com\/wordpress\/plugins\/seo\/ -->\n<title>Sage Intacct solution - Customer accounting software - Deveho<\/title>\n<meta name=\"description\" content=\"With Accounts Receivable, part of Sage Intacct solution, you can collect payments faster and improve your cash flow.\" \/>\n<meta name=\"robots\" content=\"index, follow, max-snippet:-1, max-image-preview:large, max-video-preview:-1\" \/>\n<link rel=\"canonical\" href=\"https:\/\/deveho.com\/nl\/producten\/sage-intacct-solution\/\" \/>\n<meta property=\"og:locale\" content=\"nl_NL\" \/>\n<meta property=\"og:type\" content=\"article\" \/>\n<meta property=\"og:title\" content=\"Sage Intacct solution - Customer accounting software - Deveho\" \/>\n<meta property=\"og:description\" content=\"With Accounts Receivable, part of Sage Intacct solution, you can collect payments faster and improve your cash flow.\" \/>\n<meta property=\"og:url\" content=\"https:\/\/deveho.com\/nl\/producten\/sage-intacct-solution\/\" \/>\n<meta property=\"og:site_name\" content=\"Deveho\" \/>\n<meta property=\"article:publisher\" content=\"https:\/\/www.facebook.com\/deveho\" \/>\n<meta property=\"article:modified_time\" content=\"2025-03-10T13:21:48+00:00\" \/>\n<meta name=\"twitter:card\" content=\"summary_large_image\" \/>\n<meta name=\"twitter:site\" content=\"@Deveho1\" \/>\n<meta name=\"twitter:label1\" content=\"Geschatte leestijd\" \/>\n\t<meta name=\"twitter:data1\" content=\"1 minuut\" \/>\n<script type=\"application\/ld+json\" class=\"yoast-schema-graph\">{\"@context\":\"https:\/\/schema.org\",\"@graph\":[{\"@type\":\"WebPage\",\"@id\":\"https:\/\/deveho.com\/nl\/producten\/sage-intacct-solution\/\",\"url\":\"https:\/\/deveho.com\/nl\/producten\/sage-intacct-solution\/\",\"name\":\"Sage Intacct solution - Customer accounting software - Deveho\",\"isPartOf\":{\"@id\":\"https:\/\/deveho.com\/#website\"},\"datePublished\":\"2024-07-25T07:03:19+00:00\",\"dateModified\":\"2025-03-10T13:21:48+00:00\",\"description\":\"With Accounts Receivable, part of Sage Intacct solution, you can collect payments faster and improve your cash flow.\",\"breadcrumb\":{\"@id\":\"https:\/\/deveho.com\/nl\/producten\/sage-intacct-solution\/#breadcrumb\"},\"inLanguage\":\"nl-NL\",\"potentialAction\":[{\"@type\":\"ReadAction\",\"target\":[\"https:\/\/deveho.com\/nl\/producten\/sage-intacct-solution\/\"]}]},{\"@type\":\"BreadcrumbList\",\"@id\":\"https:\/\/deveho.com\/nl\/producten\/sage-intacct-solution\/#breadcrumb\",\"itemListElement\":[{\"@type\":\"ListItem\",\"position\":1,\"name\":\"Home\",\"item\":\"https:\/\/deveho.com\/nl\/\"},{\"@type\":\"ListItem\",\"position\":2,\"name\":\"Producten\",\"item\":\"https:\/\/deveho.com\/nl\/producten\/\"},{\"@type\":\"ListItem\",\"position\":3,\"name\":\"Sage Intacct\"}]},{\"@type\":\"WebSite\",\"@id\":\"https:\/\/deveho.com\/#website\",\"url\":\"https:\/\/deveho.com\/\",\"name\":\"Deveho Consulting Group\",\"description\":\"Let\u2019s boost your growth\",\"publisher\":{\"@id\":\"https:\/\/deveho.com\/#organization\"},\"potentialAction\":[{\"@type\":\"SearchAction\",\"target\":{\"@type\":\"EntryPoint\",\"urlTemplate\":\"https:\/\/deveho.com\/?s={search_term_string}\"},\"query-input\":{\"@type\":\"PropertyValueSpecification\",\"valueRequired\":true,\"valueName\":\"search_term_string\"}}],\"inLanguage\":\"nl-NL\"},{\"@type\":\"Organization\",\"@id\":\"https:\/\/deveho.com\/#organization\",\"name\":\"Deveho Consulting Group\",\"url\":\"https:\/\/deveho.com\/\",\"logo\":{\"@type\":\"ImageObject\",\"inLanguage\":\"nl-NL\",\"@id\":\"https:\/\/deveho.com\/#\/schema\/logo\/image\/\",\"url\":\"https:\/\/deveho.com\/wp-content\/uploads\/2023\/02\/DEVEHO-LOGO-Baseline-COLOR.png\",\"contentUrl\":\"https:\/\/deveho.com\/wp-content\/uploads\/2023\/02\/DEVEHO-LOGO-Baseline-COLOR.png\",\"width\":2251,\"height\":585,\"caption\":\"Deveho Consulting Group\"},\"image\":{\"@id\":\"https:\/\/deveho.com\/#\/schema\/logo\/image\/\"},\"sameAs\":[\"https:\/\/www.facebook.com\/deveho\",\"https:\/\/x.com\/Deveho1\",\"https:\/\/www.linkedin.com\/company\/deveho-consulting\/\"]}]}<\/script>\n<!-- \/ Yoast SEO plugin. -->","yoast_head_json":{"title":"Sage Intacct solution - Customer accounting software - Deveho","description":"With Accounts Receivable, part of Sage Intacct solution, you can collect payments faster and improve your cash flow.","robots":{"index":"index","follow":"follow","max-snippet":"max-snippet:-1","max-image-preview":"max-image-preview:large","max-video-preview":"max-video-preview:-1"},"canonical":"https:\/\/deveho.com\/nl\/producten\/sage-intacct-solution\/","og_locale":"nl_NL","og_type":"article","og_title":"Sage Intacct solution - Customer accounting software - Deveho","og_description":"With Accounts Receivable, part of Sage Intacct solution, you can collect payments faster and improve your cash flow.","og_url":"https:\/\/deveho.com\/nl\/producten\/sage-intacct-solution\/","og_site_name":"Deveho","article_publisher":"https:\/\/www.facebook.com\/deveho","article_modified_time":"2025-03-10T13:21:48+00:00","twitter_card":"summary_large_image","twitter_site":"@Deveho1","twitter_misc":{"Geschatte leestijd":"1 minuut"},"schema":{"@context":"https:\/\/schema.org","@graph":[{"@type":"WebPage","@id":"https:\/\/deveho.com\/nl\/producten\/sage-intacct-solution\/","url":"https:\/\/deveho.com\/nl\/producten\/sage-intacct-solution\/","name":"Sage Intacct solution - Customer accounting software - Deveho","isPartOf":{"@id":"https:\/\/deveho.com\/#website"},"datePublished":"2024-07-25T07:03:19+00:00","dateModified":"2025-03-10T13:21:48+00:00","description":"With Accounts Receivable, part of Sage Intacct solution, you can collect payments faster and improve your cash flow.","breadcrumb":{"@id":"https:\/\/deveho.com\/nl\/producten\/sage-intacct-solution\/#breadcrumb"},"inLanguage":"nl-NL","potentialAction":[{"@type":"ReadAction","target":["https:\/\/deveho.com\/nl\/producten\/sage-intacct-solution\/"]}]},{"@type":"BreadcrumbList","@id":"https:\/\/deveho.com\/nl\/producten\/sage-intacct-solution\/#breadcrumb","itemListElement":[{"@type":"ListItem","position":1,"name":"Home","item":"https:\/\/deveho.com\/nl\/"},{"@type":"ListItem","position":2,"name":"Producten","item":"https:\/\/deveho.com\/nl\/producten\/"},{"@type":"ListItem","position":3,"name":"Sage Intacct"}]},{"@type":"WebSite","@id":"https:\/\/deveho.com\/#website","url":"https:\/\/deveho.com\/","name":"Deveho Consulting Group","description":"Let\u2019s boost your growth","publisher":{"@id":"https:\/\/deveho.com\/#organization"},"potentialAction":[{"@type":"SearchAction","target":{"@type":"EntryPoint","urlTemplate":"https:\/\/deveho.com\/?s={search_term_string}"},"query-input":{"@type":"PropertyValueSpecification","valueRequired":true,"valueName":"search_term_string"}}],"inLanguage":"nl-NL"},{"@type":"Organization","@id":"https:\/\/deveho.com\/#organization","name":"Deveho Consulting Group","url":"https:\/\/deveho.com\/","logo":{"@type":"ImageObject","inLanguage":"nl-NL","@id":"https:\/\/deveho.com\/#\/schema\/logo\/image\/","url":"https:\/\/deveho.com\/wp-content\/uploads\/2023\/02\/DEVEHO-LOGO-Baseline-COLOR.png","contentUrl":"https:\/\/deveho.com\/wp-content\/uploads\/2023\/02\/DEVEHO-LOGO-Baseline-COLOR.png","width":2251,"height":585,"caption":"Deveho Consulting Group"},"image":{"@id":"https:\/\/deveho.com\/#\/schema\/logo\/image\/"},"sameAs":["https:\/\/www.facebook.com\/deveho","https:\/\/x.com\/Deveho1","https:\/\/www.linkedin.com\/company\/deveho-consulting\/"]}]}},"_links":{"self":[{"href":"https:\/\/deveho.com\/nl\/wp-json\/wp\/v2\/pages\/32998"}],"collection":[{"href":"https:\/\/deveho.com\/nl\/wp-json\/wp\/v2\/pages"}],"about":[{"href":"https:\/\/deveho.com\/nl\/wp-json\/wp\/v2\/types\/page"}],"author":[{"embeddable":true,"href":"https:\/\/deveho.com\/nl\/wp-json\/wp\/v2\/users\/34"}],"replies":[{"embeddable":true,"href":"https:\/\/deveho.com\/nl\/wp-json\/wp\/v2\/comments?post=32998"}],"version-history":[{"count":5,"href":"https:\/\/deveho.com\/nl\/wp-json\/wp\/v2\/pages\/32998\/revisions"}],"predecessor-version":[{"id":38756,"href":"https:\/\/deveho.com\/nl\/wp-json\/wp\/v2\/pages\/32998\/revisions\/38756"}],"up":[{"embeddable":true,"href":"https:\/\/deveho.com\/nl\/wp-json\/wp\/v2\/pages\/10153"}],"wp:attachment":[{"href":"https:\/\/deveho.com\/nl\/wp-json\/wp\/v2\/media?parent=32998"}],"curies":[{"name":"wp","href":"https:\/\/api.w.org\/{rel}","templated":true}]}}