{"id":10784,"date":"2022-07-18T09:55:32","date_gmt":"2022-07-18T09:55:32","guid":{"rendered":"https:\/\/deveho2.sfdbeta.be\/sage-x3\/"},"modified":"2025-12-08T12:58:18","modified_gmt":"2025-12-08T10:58:18","slug":"sage-x3","status":"publish","type":"page","link":"https:\/\/deveho.com\/pl\/produkty\/sage-x3\/","title":{"rendered":"Sage X3"},"content":{"rendered":"<br \/>\n<h2>Najszybszy, najprostszy i <b>najbardziej elastyczny system ERP<\/b><\/h2>\n<p>Sage X3 ERP daje kontrol\u0119 nad ca\u0142ym biznesem, od \u0142a\u0144cucha dostaw, poprzez sprzeda\u017c, produkcj\u0119, serwis i finanse.\u00a0Rozwi\u0105zanie to przeznaczone jest dla firm, chc\u0105cych zwi\u0119kszy\u0107 swoj\u0105 efektywno\u015b\u0107, elastyczno\u015b\u0107 i wiedz\u0119.<\/p>\n<p>Zdolno\u015b\u0107 do dostosowania si\u0119 do du\u017cej liczby przepis\u00f3w i integracji szerokiego zakresu pion\u00f3w biznesowych pozwala mu wspiera\u0107 z\u0142o\u017cone organizacje w skali mi\u0119dzynarodowej.<\/p>\n<p>Sage X3 pozwala firmom na zarz\u0105dzanie dzia\u0142alno\u015bci\u0105 w czasie rzeczywistym, zar\u00f3wno w aspekcie operacyjnym, jak i finansowym.<\/p>\n<h2>WHAT&#8217;S IN THE LATEST SAGE X3 V12 UPGRADE?<\/h2>\n<h3>Sage X3 <br \/><red>new release 2025<\/red><\/h3>\n<h3>2025 R2 (12.0.38)<\/h3>\n<\/p>\n<h2>ARE YOU RUNNING AN OLDER VERSION OF SAGE X3?<\/h2>\n<h3><red>Migrate to<\/red> <br \/>Sage X3 V12 <\/h3>\n<h3>Migrate to the latest version of your Sage X3 ERP is the opportunity to digitise your processes and take advantage of a wide range of automations, non-regression testing during the update, specific developments, industrialisation of add-ons, as well as non-regression testing for the configuration of a new base model and its deployment.<\/h3>\n<p><p>&nbsp;<\/p>\n<p style=\"margin: 0in; font-family: Calibri; font-size: 11.0pt;\">Want to find out more? <a href=\"https:\/\/deveho.com\/pl\/kontakt\/\">Contact us<\/a> for further information.<\/p>\n<p>&nbsp;<\/p>\n<p><img loading=\"lazy\" decoding=\"async\" class=\"alignnone wp-image-33380\" src=\"https:\/\/deveho.com\/wp-content\/uploads\/2024\/09\/Posts-LinkedIn-e1726040958656.png\" alt=\"Migration Sage X3\" width=\"400\" height=\"297\" \/><\/p>\n<\/p>\n<h2>WI\u0118CEJ NI\u017b ERP<\/h2>\n<h3>Sage X3 <red>Mo\u017cliwo\u015bci produktu <\/red>    <\/h3>\n<h3><\/h3>\n<\/p>\n<h2>Sage X3 umo\u017cliwia szybszy rozw\u00f3j firmy<\/h2>\n<p>Sage X3 r\u00f3\u017cni si\u0119 od konwencjonalnych system\u00f3w ERP, umo\u017cliwiaj\u0105c usprawnienie zarz\u0105dzania firm\u0105 poprzez uproszczenie wszystkich aspekt\u00f3w dzia\u0142alno\u015bci.<\/p>\n<p><p><span data-sheets-value=\"{&quot;1&quot;:2,&quot;2&quot;:&quot;Unikalne i mi\u0119dzynarodowe rozwi\u0105zanie skierowane do firm \u015bredniej wielko\u015bci na ca\u0142ym \u015bwiecie. Sage X3 jest wzorcowym rozwi\u0105zaniem dla M\u015aP, \u015brednich przedsi\u0119biorstw i filii du\u017cych grup. Sage X3 jest dost\u0119pny w oko\u0142o 100 krajach i jest rozwi\u0105zaniem wybranym przez ponad 5.200 firm i 240.000 u\u017cytkownik\u00f3w, dzi\u0119ki \u0142atwo\u015bci obs\u0142ugi oraz szybkiemu i efektywnemu kosztowo wdro\u017ceniu.&quot;}\" data-sheets-userformat=\"{&quot;2&quot;:15293,&quot;3&quot;:{&quot;1&quot;:0},&quot;5&quot;:{&quot;1&quot;:[{&quot;1&quot;:2,&quot;2&quot;:0,&quot;5&quot;:{&quot;1&quot;:2,&quot;2&quot;:0}},{&quot;1&quot;:0,&quot;2&quot;:0,&quot;3&quot;:3},{&quot;1&quot;:1,&quot;2&quot;:0,&quot;4&quot;:1}]},&quot;6&quot;:{&quot;1&quot;:[{&quot;1&quot;:2,&quot;2&quot;:0,&quot;5&quot;:{&quot;1&quot;:2,&quot;2&quot;:0}},{&quot;1&quot;:0,&quot;2&quot;:0,&quot;3&quot;:3},{&quot;1&quot;:1,&quot;2&quot;:0,&quot;4&quot;:1}]},&quot;7&quot;:{&quot;1&quot;:[{&quot;1&quot;:2,&quot;2&quot;:0,&quot;5&quot;:{&quot;1&quot;:2,&quot;2&quot;:0}},{&quot;1&quot;:0,&quot;2&quot;:0,&quot;3&quot;:3},{&quot;1&quot;:1,&quot;2&quot;:0,&quot;4&quot;:1}]},&quot;8&quot;:{&quot;1&quot;:[{&quot;1&quot;:2,&quot;2&quot;:0,&quot;5&quot;:{&quot;1&quot;:2,&quot;2&quot;:0}},{&quot;1&quot;:0,&quot;2&quot;:0,&quot;3&quot;:3},{&quot;1&quot;:1,&quot;2&quot;:0,&quot;4&quot;:1}]},&quot;10&quot;:1,&quot;11&quot;:4,&quot;12&quot;:0,&quot;14&quot;:{&quot;1&quot;:3,&quot;3&quot;:1},&quot;15&quot;:&quot;Calibri&quot;,&quot;16&quot;:11}\">Unikalne i mi\u0119dzynarodowe rozwi\u0105zanie skierowane do firm \u015bredniej wielko\u015bci na ca\u0142ym \u015bwiecie. Sage X3 jest wzorcowym rozwi\u0105zaniem dla M\u015aP, \u015brednich przedsi\u0119biorstw i filii du\u017cych grup. Sage X3 jest dost\u0119pny w oko\u0142o 100 krajach i jest rozwi\u0105zaniem wybranym przez ponad 5.200 firm i 240.000 u\u017cytkownik\u00f3w, dzi\u0119ki \u0142atwo\u015bci obs\u0142ugi oraz szybkiemu i efektywnemu kosztowo wdro\u017ceniu.<\/span><\/p>\n<\/p>\n<p><p><span data-sheets-value=\"{&quot;1&quot;:2,&quot;2&quot;:&quot;Sage X3 jest skierowany przede wszystkim do firm zatrudniaj\u0105cych od 100 do 500 pracownik\u00f3w w bran\u017cy dystrybucyjnej, produkcyjnej i us\u0142ugowej. Sage X3 mo\u017ce wspiera\u0107 firmy dzia\u0142aj\u0105ce na skal\u0119 lokaln\u0105 lub mi\u0119dzynarodow\u0105, zar\u00f3wno niezale\u017cne jak i te b\u0119d\u0105ce cz\u0119\u015bci\u0105 wi\u0119kszej grupy. Rezultaty: usprawnione operacje, informacje w czasie rzeczywistym o Twoim biznesie i zwi\u0119kszona wydajno\u015b\u0107.&quot;}\" data-sheets-userformat=\"{&quot;2&quot;:15293,&quot;3&quot;:{&quot;1&quot;:0},&quot;5&quot;:{&quot;1&quot;:[{&quot;1&quot;:2,&quot;2&quot;:0,&quot;5&quot;:{&quot;1&quot;:2,&quot;2&quot;:0}},{&quot;1&quot;:0,&quot;2&quot;:0,&quot;3&quot;:3},{&quot;1&quot;:1,&quot;2&quot;:0,&quot;4&quot;:1}]},&quot;6&quot;:{&quot;1&quot;:[{&quot;1&quot;:2,&quot;2&quot;:0,&quot;5&quot;:{&quot;1&quot;:2,&quot;2&quot;:0}},{&quot;1&quot;:0,&quot;2&quot;:0,&quot;3&quot;:3},{&quot;1&quot;:1,&quot;2&quot;:0,&quot;4&quot;:1}]},&quot;7&quot;:{&quot;1&quot;:[{&quot;1&quot;:2,&quot;2&quot;:0,&quot;5&quot;:{&quot;1&quot;:2,&quot;2&quot;:0}},{&quot;1&quot;:0,&quot;2&quot;:0,&quot;3&quot;:3},{&quot;1&quot;:1,&quot;2&quot;:0,&quot;4&quot;:1}]},&quot;8&quot;:{&quot;1&quot;:[{&quot;1&quot;:2,&quot;2&quot;:0,&quot;5&quot;:{&quot;1&quot;:2,&quot;2&quot;:0}},{&quot;1&quot;:0,&quot;2&quot;:0,&quot;3&quot;:3},{&quot;1&quot;:1,&quot;2&quot;:0,&quot;4&quot;:1}]},&quot;10&quot;:1,&quot;11&quot;:4,&quot;12&quot;:0,&quot;14&quot;:{&quot;1&quot;:3,&quot;3&quot;:1},&quot;15&quot;:&quot;Calibri&quot;,&quot;16&quot;:11}\">Sage X3 jest skierowany przede wszystkim do firm zatrudniaj\u0105cych od 100 do 500 pracownik\u00f3w w bran\u017cy dystrybucyjnej, produkcyjnej i us\u0142ugowej. Sage X3 mo\u017ce wspiera\u0107 firmy dzia\u0142aj\u0105ce na skal\u0119 lokaln\u0105 lub mi\u0119dzynarodow\u0105, zar\u00f3wno niezale\u017cne jak i te b\u0119d\u0105ce cz\u0119\u015bci\u0105 wi\u0119kszej grupy. Rezultaty: usprawnione operacje, informacje w czasie rzeczywistym o Twoim biznesie i zwi\u0119kszona wydajno\u015b\u0107.<\/span><\/p>\n<\/p>\n<h2>Waga wyboru systemu ERP<\/h2>\n<p>\u015arednie przedsi\u0119biorstwa cz\u0119sto borykaj\u0105 si\u0119 z problemem niskiej jako\u015bci danych wewn\u0119trznych, kt\u00f3re s\u0105 trudno dost\u0119pne i trudne do interpretacji, co hamuje wzrost i rentowno\u015b\u0107 firmy.<\/p>\n<p>Ze wzgl\u0119du na przestarza\u0142e systemy zarz\u0105dzania i nieodpowiednie rozwi\u0105zania, firmy s\u0105 zmuszone do wdra\u017cania wielu r\u0119cznych proces\u00f3w, kt\u00f3re powoduj\u0105 nieefektywno\u015b\u0107 w ca\u0142ej organizacji.<\/p>\n<h2><red>Czego mo\u017cna oczekiwa\u0107 od ERP?<\/red>   <\/h2>\n<p>Firma potrzebuje zintegrowanego pakietu oprogramowania do zarz\u0105dzania, aby zoptymalizowa\u0107 i upro\u015bci\u0107 wszystkie procesy zarz\u0105dzania, produktywno\u015b\u0107, zasoby. Nabycie narz\u0119dzia ERP ma wiele zalet dla ka\u017cdej struktury organizacyjnej.<\/p>\n<h2><\/h2>\n<h3>Powi\u0105zane strony<\/h3>\n<\/p>\n<h3><\/h3>\n<\/p>\n<h3><\/h3>\n<\/p>\n<h2>Wybierz si\u0119 na interaktywn\u0105 wycieczk\u0119 po produkcie Sage X3<\/h2>\n<p>Obejrzyj film i dowiedz si\u0119, jak Sage X3 wspiera i wzmacnia przedsi\u0119biorstwa bran\u017cy dystrybucji, produkcji i us\u0142ug.<\/p><\/p>\n","protected":false},"excerpt":{"rendered":"<p>Sage X3 zapewnia szybsze, bardziej intuicyjne i dostosowane do potrzeb rozwi\u0105zania w zakresie zarz\u0105dzania biznesem, ni\u017c konwencjonalny system ERP dla firm skoncentrowanych na produktach, kt\u00f3re chc\u0105 si\u0119 rozwija\u0107 w obliczu rosn\u0105cej konkurencyjno\u015bci. Sage X3 wspomaga zarz\u0105dzanie lud\u017ami, procesami i operacjami, pozwalaj\u0105c firmom na szybkie wprowadzanie zmian.<\/p>\n","protected":false},"author":8,"featured_media":0,"parent":18852,"menu_order":0,"comment_status":"closed","ping_status":"closed","template":"templates\/template-prod_serv.php","meta":{"_acf_changed":false,"footnotes":""},"class_list":["post-10784","page","type-page","status-publish","hentry"],"acf":[],"yoast_head":"<!-- This site is optimized with the Yoast SEO plugin v23.5 - https:\/\/yoast.com\/wordpress\/plugins\/seo\/ -->\n<title>Sage X3 - Deveho<\/title>\n<meta name=\"robots\" content=\"index, follow, max-snippet:-1, max-image-preview:large, max-video-preview:-1\" \/>\n<link rel=\"canonical\" href=\"https:\/\/deveho.com\/pl\/produkty\/sage-x3\/\" \/>\n<meta property=\"og:locale\" content=\"pl_PL\" \/>\n<meta property=\"og:type\" content=\"article\" \/>\n<meta property=\"og:title\" content=\"Sage X3 - Deveho\" \/>\n<meta property=\"og:description\" content=\"Sage X3 zapewnia szybsze, bardziej intuicyjne i dostosowane do potrzeb rozwi\u0105zania w zakresie zarz\u0105dzania biznesem, ni\u017c konwencjonalny system ERP dla firm skoncentrowanych na produktach, kt\u00f3re chc\u0105 si\u0119 rozwija\u0107 w obliczu rosn\u0105cej konkurencyjno\u015bci. Sage X3 wspomaga zarz\u0105dzanie lud\u017ami, procesami i operacjami, pozwalaj\u0105c firmom na szybkie wprowadzanie zmian.\" \/>\n<meta property=\"og:url\" content=\"https:\/\/deveho.com\/pl\/produkty\/sage-x3\/\" \/>\n<meta property=\"og:site_name\" content=\"Deveho\" \/>\n<meta property=\"article:publisher\" content=\"https:\/\/www.facebook.com\/deveho\" \/>\n<meta property=\"article:modified_time\" content=\"2025-12-08T10:58:18+00:00\" \/>\n<meta property=\"og:image\" content=\"https:\/\/deveho.com\/wp-content\/uploads\/2024\/09\/Posts-LinkedIn-e1726040958656.png\" \/>\n<meta name=\"twitter:card\" content=\"summary_large_image\" \/>\n<meta name=\"twitter:site\" content=\"@Deveho1\" \/>\n<meta name=\"twitter:label1\" content=\"Szacowany czas czytania\" \/>\n\t<meta name=\"twitter:data1\" content=\"3 minuty\" \/>\n<script type=\"application\/ld+json\" class=\"yoast-schema-graph\">{\"@context\":\"https:\/\/schema.org\",\"@graph\":[{\"@type\":\"WebPage\",\"@id\":\"https:\/\/deveho.com\/pl\/produkty\/sage-x3\/\",\"url\":\"https:\/\/deveho.com\/pl\/produkty\/sage-x3\/\",\"name\":\"Sage X3 - Deveho\",\"isPartOf\":{\"@id\":\"https:\/\/deveho.com\/#website\"},\"primaryImageOfPage\":{\"@id\":\"https:\/\/deveho.com\/pl\/produkty\/sage-x3\/#primaryimage\"},\"image\":{\"@id\":\"https:\/\/deveho.com\/pl\/produkty\/sage-x3\/#primaryimage\"},\"thumbnailUrl\":\"https:\/\/deveho.com\/wp-content\/uploads\/2024\/09\/Posts-LinkedIn-e1726040958656.png\",\"datePublished\":\"2022-07-18T09:55:32+00:00\",\"dateModified\":\"2025-12-08T10:58:18+00:00\",\"breadcrumb\":{\"@id\":\"https:\/\/deveho.com\/pl\/produkty\/sage-x3\/#breadcrumb\"},\"inLanguage\":\"pl-PL\",\"potentialAction\":[{\"@type\":\"ReadAction\",\"target\":[\"https:\/\/deveho.com\/pl\/produkty\/sage-x3\/\"]}]},{\"@type\":\"ImageObject\",\"inLanguage\":\"pl-PL\",\"@id\":\"https:\/\/deveho.com\/pl\/produkty\/sage-x3\/#primaryimage\",\"url\":\"https:\/\/deveho.com\/wp-content\/uploads\/2024\/09\/Posts-LinkedIn-e1726040958656.png\",\"contentUrl\":\"https:\/\/deveho.com\/wp-content\/uploads\/2024\/09\/Posts-LinkedIn-e1726040958656.png\"},{\"@type\":\"BreadcrumbList\",\"@id\":\"https:\/\/deveho.com\/pl\/produkty\/sage-x3\/#breadcrumb\",\"itemListElement\":[{\"@type\":\"ListItem\",\"position\":1,\"name\":\"Home\",\"item\":\"https:\/\/deveho.com\/pl\/\"},{\"@type\":\"ListItem\",\"position\":2,\"name\":\"Produkty\",\"item\":\"https:\/\/deveho.com\/pl\/produkty\/\"},{\"@type\":\"ListItem\",\"position\":3,\"name\":\"Sage X3\"}]},{\"@type\":\"WebSite\",\"@id\":\"https:\/\/deveho.com\/#website\",\"url\":\"https:\/\/deveho.com\/\",\"name\":\"Deveho Consulting Group\",\"description\":\"Let\u2019s boost your growth\",\"publisher\":{\"@id\":\"https:\/\/deveho.com\/#organization\"},\"potentialAction\":[{\"@type\":\"SearchAction\",\"target\":{\"@type\":\"EntryPoint\",\"urlTemplate\":\"https:\/\/deveho.com\/?s={search_term_string}\"},\"query-input\":{\"@type\":\"PropertyValueSpecification\",\"valueRequired\":true,\"valueName\":\"search_term_string\"}}],\"inLanguage\":\"pl-PL\"},{\"@type\":\"Organization\",\"@id\":\"https:\/\/deveho.com\/#organization\",\"name\":\"Deveho Consulting Group\",\"url\":\"https:\/\/deveho.com\/\",\"logo\":{\"@type\":\"ImageObject\",\"inLanguage\":\"pl-PL\",\"@id\":\"https:\/\/deveho.com\/#\/schema\/logo\/image\/\",\"url\":\"https:\/\/deveho.com\/wp-content\/uploads\/2023\/02\/DEVEHO-LOGO-Baseline-COLOR.png\",\"contentUrl\":\"https:\/\/deveho.com\/wp-content\/uploads\/2023\/02\/DEVEHO-LOGO-Baseline-COLOR.png\",\"width\":2251,\"height\":585,\"caption\":\"Deveho Consulting Group\"},\"image\":{\"@id\":\"https:\/\/deveho.com\/#\/schema\/logo\/image\/\"},\"sameAs\":[\"https:\/\/www.facebook.com\/deveho\",\"https:\/\/x.com\/Deveho1\",\"https:\/\/www.linkedin.com\/company\/deveho-consulting\/\"]}]}<\/script>\n<!-- \/ Yoast SEO plugin. -->","yoast_head_json":{"title":"Sage X3 - Deveho","robots":{"index":"index","follow":"follow","max-snippet":"max-snippet:-1","max-image-preview":"max-image-preview:large","max-video-preview":"max-video-preview:-1"},"canonical":"https:\/\/deveho.com\/pl\/produkty\/sage-x3\/","og_locale":"pl_PL","og_type":"article","og_title":"Sage X3 - Deveho","og_description":"Sage X3 zapewnia szybsze, bardziej intuicyjne i dostosowane do potrzeb rozwi\u0105zania w zakresie zarz\u0105dzania biznesem, ni\u017c konwencjonalny system ERP dla firm skoncentrowanych na produktach, kt\u00f3re chc\u0105 si\u0119 rozwija\u0107 w obliczu rosn\u0105cej konkurencyjno\u015bci. Sage X3 wspomaga zarz\u0105dzanie lud\u017ami, procesami i operacjami, pozwalaj\u0105c firmom na szybkie wprowadzanie zmian.","og_url":"https:\/\/deveho.com\/pl\/produkty\/sage-x3\/","og_site_name":"Deveho","article_publisher":"https:\/\/www.facebook.com\/deveho","article_modified_time":"2025-12-08T10:58:18+00:00","og_image":[{"url":"https:\/\/deveho.com\/wp-content\/uploads\/2024\/09\/Posts-LinkedIn-e1726040958656.png"}],"twitter_card":"summary_large_image","twitter_site":"@Deveho1","twitter_misc":{"Szacowany czas czytania":"3 minuty"},"schema":{"@context":"https:\/\/schema.org","@graph":[{"@type":"WebPage","@id":"https:\/\/deveho.com\/pl\/produkty\/sage-x3\/","url":"https:\/\/deveho.com\/pl\/produkty\/sage-x3\/","name":"Sage X3 - Deveho","isPartOf":{"@id":"https:\/\/deveho.com\/#website"},"primaryImageOfPage":{"@id":"https:\/\/deveho.com\/pl\/produkty\/sage-x3\/#primaryimage"},"image":{"@id":"https:\/\/deveho.com\/pl\/produkty\/sage-x3\/#primaryimage"},"thumbnailUrl":"https:\/\/deveho.com\/wp-content\/uploads\/2024\/09\/Posts-LinkedIn-e1726040958656.png","datePublished":"2022-07-18T09:55:32+00:00","dateModified":"2025-12-08T10:58:18+00:00","breadcrumb":{"@id":"https:\/\/deveho.com\/pl\/produkty\/sage-x3\/#breadcrumb"},"inLanguage":"pl-PL","potentialAction":[{"@type":"ReadAction","target":["https:\/\/deveho.com\/pl\/produkty\/sage-x3\/"]}]},{"@type":"ImageObject","inLanguage":"pl-PL","@id":"https:\/\/deveho.com\/pl\/produkty\/sage-x3\/#primaryimage","url":"https:\/\/deveho.com\/wp-content\/uploads\/2024\/09\/Posts-LinkedIn-e1726040958656.png","contentUrl":"https:\/\/deveho.com\/wp-content\/uploads\/2024\/09\/Posts-LinkedIn-e1726040958656.png"},{"@type":"BreadcrumbList","@id":"https:\/\/deveho.com\/pl\/produkty\/sage-x3\/#breadcrumb","itemListElement":[{"@type":"ListItem","position":1,"name":"Home","item":"https:\/\/deveho.com\/pl\/"},{"@type":"ListItem","position":2,"name":"Produkty","item":"https:\/\/deveho.com\/pl\/produkty\/"},{"@type":"ListItem","position":3,"name":"Sage X3"}]},{"@type":"WebSite","@id":"https:\/\/deveho.com\/#website","url":"https:\/\/deveho.com\/","name":"Deveho Consulting Group","description":"Let\u2019s boost your growth","publisher":{"@id":"https:\/\/deveho.com\/#organization"},"potentialAction":[{"@type":"SearchAction","target":{"@type":"EntryPoint","urlTemplate":"https:\/\/deveho.com\/?s={search_term_string}"},"query-input":{"@type":"PropertyValueSpecification","valueRequired":true,"valueName":"search_term_string"}}],"inLanguage":"pl-PL"},{"@type":"Organization","@id":"https:\/\/deveho.com\/#organization","name":"Deveho Consulting Group","url":"https:\/\/deveho.com\/","logo":{"@type":"ImageObject","inLanguage":"pl-PL","@id":"https:\/\/deveho.com\/#\/schema\/logo\/image\/","url":"https:\/\/deveho.com\/wp-content\/uploads\/2023\/02\/DEVEHO-LOGO-Baseline-COLOR.png","contentUrl":"https:\/\/deveho.com\/wp-content\/uploads\/2023\/02\/DEVEHO-LOGO-Baseline-COLOR.png","width":2251,"height":585,"caption":"Deveho Consulting Group"},"image":{"@id":"https:\/\/deveho.com\/#\/schema\/logo\/image\/"},"sameAs":["https:\/\/www.facebook.com\/deveho","https:\/\/x.com\/Deveho1","https:\/\/www.linkedin.com\/company\/deveho-consulting\/"]}]}},"_links":{"self":[{"href":"https:\/\/deveho.com\/pl\/wp-json\/wp\/v2\/pages\/10784"}],"collection":[{"href":"https:\/\/deveho.com\/pl\/wp-json\/wp\/v2\/pages"}],"about":[{"href":"https:\/\/deveho.com\/pl\/wp-json\/wp\/v2\/types\/page"}],"author":[{"embeddable":true,"href":"https:\/\/deveho.com\/pl\/wp-json\/wp\/v2\/users\/8"}],"replies":[{"embeddable":true,"href":"https:\/\/deveho.com\/pl\/wp-json\/wp\/v2\/comments?post=10784"}],"version-history":[{"count":11,"href":"https:\/\/deveho.com\/pl\/wp-json\/wp\/v2\/pages\/10784\/revisions"}],"predecessor-version":[{"id":44526,"href":"https:\/\/deveho.com\/pl\/wp-json\/wp\/v2\/pages\/10784\/revisions\/44526"}],"up":[{"embeddable":true,"href":"https:\/\/deveho.com\/pl\/wp-json\/wp\/v2\/pages\/18852"}],"wp:attachment":[{"href":"https:\/\/deveho.com\/pl\/wp-json\/wp\/v2\/media?parent=10784"}],"curies":[{"name":"wp","href":"https:\/\/api.w.org\/{rel}","templated":true}]}}