{"id":10978,"date":"2022-08-10T08:35:39","date_gmt":"2022-08-10T08:35:39","guid":{"rendered":"https:\/\/deveho2.sfdbeta.be\/paperless-system\/"},"modified":"2023-09-11T14:32:58","modified_gmt":"2023-09-11T12:32:58","slug":"system-bez-papierowych-dokumentow","status":"publish","type":"page","link":"https:\/\/deveho.com\/pl\/produkty\/system-bez-papierowych-dokumentow\/","title":{"rendered":"System dokument\u00f3w elektronicznych"},"content":{"rendered":"<br \/>\n<h2>SYSTEM BEZPAPIEROWY TO WYSI\u0141EK MAJ\u0104CY NA CELU OGRANICZENIE CZASU I KOSZT\u00d3W ZWI\u0104ZANYCH Z SYSTEMAMI OPARTYMI NA PAPIERZE.<\/h2>\n<h3><\/h3>\n<h3>Poza samym tworzeniem dokument\u00f3w elektronicznych, rezygnacja z papieru oferuje potencja\u0142 optymalizacji wymiany danych i proces\u00f3w w \u015bwiecie, w kt\u00f3rym \u015brodki cyfrowe s\u0105 g\u0142\u00f3wnym no\u015bnikiem informacji i komunikacji. W ten spos\u00f3b zam\u00f3wienia, oferty, faktury i inne dokumenty s\u0105 tworzone elektronicznie, co u\u0142atwia ich udost\u0119pnianie, przegl\u0105danie i przechowywanie.<\/h3>\n<p><p><span data-sheets-value=\"{&quot;1&quot;:2,&quot;2&quot;:&quot;Wykorzystuj\u0105c standardowe po\u0142\u0105czenia z g\u0142\u00f3wnymi rozwi\u0105zaniami rynkowymi, Sage X3 oferuje opcj\u0119 efektywnego i bezpiecznego wbudowanego systemu zarz\u0105dzania dokumentami elektronicznymi (EDMS).&quot;}\" data-sheets-userformat=\"{&quot;2&quot;:7103,&quot;3&quot;:{&quot;1&quot;:0},&quot;4&quot;:{&quot;1&quot;:2,&quot;2&quot;:14281427},&quot;5&quot;:{&quot;1&quot;:[{&quot;1&quot;:2,&quot;2&quot;:0,&quot;5&quot;:{&quot;1&quot;:2,&quot;2&quot;:0}},{&quot;1&quot;:0,&quot;2&quot;:0,&quot;3&quot;:3},{&quot;1&quot;:1,&quot;2&quot;:0,&quot;4&quot;:1}]},&quot;6&quot;:{&quot;1&quot;:[{&quot;1&quot;:2,&quot;2&quot;:0,&quot;5&quot;:{&quot;1&quot;:2,&quot;2&quot;:0}},{&quot;1&quot;:0,&quot;2&quot;:0,&quot;3&quot;:3},{&quot;1&quot;:1,&quot;2&quot;:0,&quot;4&quot;:1}]},&quot;7&quot;:{&quot;1&quot;:[{&quot;1&quot;:2,&quot;2&quot;:0,&quot;5&quot;:{&quot;1&quot;:2,&quot;2&quot;:0}},{&quot;1&quot;:0,&quot;2&quot;:0,&quot;3&quot;:3},{&quot;1&quot;:1,&quot;2&quot;:0,&quot;4&quot;:1}]},&quot;8&quot;:{&quot;1&quot;:[{&quot;1&quot;:2,&quot;2&quot;:0,&quot;5&quot;:{&quot;1&quot;:2,&quot;2&quot;:0}},{&quot;1&quot;:0,&quot;2&quot;:0,&quot;3&quot;:3},{&quot;1&quot;:1,&quot;2&quot;:0,&quot;4&quot;:1}]},&quot;10&quot;:1,&quot;11&quot;:4,&quot;12&quot;:0,&quot;14&quot;:{&quot;1&quot;:3,&quot;3&quot;:1},&quot;15&quot;:&quot;Calibri&quot;}\">Wykorzystuj\u0105c standardowe po\u0142\u0105czenia z g\u0142\u00f3wnymi rozwi\u0105zaniami rynkowymi, Sage X3 oferuje opcj\u0119 efektywnego i bezpiecznego wbudowanego systemu zarz\u0105dzania dokumentami elektronicznymi (EDMS).<\/span><\/p>\n<p><span data-sheets-value=\"{&quot;1&quot;:2,&quot;2&quot;:&quot;Wszystkie Twoje dokumenty s\u0105 po\u0142\u0105czone w odpowiednich funkcjach Sage X3, co eliminuje problemy zwi\u0105zane z duplikatami i r\u00f3\u017cnymi wersjami, a jednocze\u015bnie optymalizuje procesy interdyscyplinarne pomi\u0119dzy r\u00f3\u017cnymi dzia\u0142ami w Twojej firmie.&quot;}\" data-sheets-userformat=\"{&quot;2&quot;:7103,&quot;3&quot;:{&quot;1&quot;:0},&quot;4&quot;:{&quot;1&quot;:2,&quot;2&quot;:14281427},&quot;5&quot;:{&quot;1&quot;:[{&quot;1&quot;:2,&quot;2&quot;:0,&quot;5&quot;:{&quot;1&quot;:2,&quot;2&quot;:0}},{&quot;1&quot;:0,&quot;2&quot;:0,&quot;3&quot;:3},{&quot;1&quot;:1,&quot;2&quot;:0,&quot;4&quot;:1}]},&quot;6&quot;:{&quot;1&quot;:[{&quot;1&quot;:2,&quot;2&quot;:0,&quot;5&quot;:{&quot;1&quot;:2,&quot;2&quot;:0}},{&quot;1&quot;:0,&quot;2&quot;:0,&quot;3&quot;:3},{&quot;1&quot;:1,&quot;2&quot;:0,&quot;4&quot;:1}]},&quot;7&quot;:{&quot;1&quot;:[{&quot;1&quot;:2,&quot;2&quot;:0,&quot;5&quot;:{&quot;1&quot;:2,&quot;2&quot;:0}},{&quot;1&quot;:0,&quot;2&quot;:0,&quot;3&quot;:3},{&quot;1&quot;:1,&quot;2&quot;:0,&quot;4&quot;:1}]},&quot;8&quot;:{&quot;1&quot;:[{&quot;1&quot;:2,&quot;2&quot;:0,&quot;5&quot;:{&quot;1&quot;:2,&quot;2&quot;:0}},{&quot;1&quot;:0,&quot;2&quot;:0,&quot;3&quot;:3},{&quot;1&quot;:1,&quot;2&quot;:0,&quot;4&quot;:1}]},&quot;10&quot;:1,&quot;11&quot;:4,&quot;12&quot;:0,&quot;14&quot;:{&quot;1&quot;:3,&quot;3&quot;:1},&quot;15&quot;:&quot;Calibri&quot;}\">Wszystkie Twoje dokumenty s\u0105 po\u0142\u0105czone w odpowiednich funkcjach Sage X3, co eliminuje problemy zwi\u0105zane z duplikatami i r\u00f3\u017cnymi wersjami, a jednocze\u015bnie optymalizuje procesy interdyscyplinarne pomi\u0119dzy r\u00f3\u017cnymi dzia\u0142ami w Twojej firmie.<\/span><\/p>\n<\/p>\n<h2><\/h2>\n<h3>Powi\u0105zane strony<\/h3>\n<\/p>\n<h3><\/h3>\n<\/p>\n<h3><\/h3><\/p>\n","protected":false},"excerpt":{"rendered":"<p>Zoptymalizuj i zabezpiecz wymian\u0119 dokument\u00f3w i danych z partnerami, aby poprawi\u0107 wydajno\u015b\u0107 i tym samym uzyska\u0107 oszcz\u0119dno\u015bci. W obliczu rosn\u0105cej ilo\u015bci danych, przej\u015bcie na metody bezpapierowe jest g\u0142\u00f3wnym problemem dla firm.<\/p>\n","protected":false},"author":3,"featured_media":0,"parent":18852,"menu_order":0,"comment_status":"closed","ping_status":"closed","template":"templates\/template-prod_serv.php","meta":{"_acf_changed":false,"footnotes":""},"class_list":["post-10978","page","type-page","status-publish","hentry"],"acf":[],"yoast_head":"<!-- This site is optimized with the Yoast SEO plugin v23.5 - https:\/\/yoast.com\/wordpress\/plugins\/seo\/ -->\n<title>System dokument\u00f3w elektronicznych - Deveho<\/title>\n<meta name=\"robots\" content=\"index, follow, max-snippet:-1, max-image-preview:large, max-video-preview:-1\" \/>\n<link rel=\"canonical\" href=\"https:\/\/deveho.com\/pl\/produkty\/system-bez-papierowych-dokumentow\/\" \/>\n<meta property=\"og:locale\" content=\"pl_PL\" \/>\n<meta property=\"og:type\" content=\"article\" \/>\n<meta property=\"og:title\" content=\"System dokument\u00f3w elektronicznych - Deveho\" \/>\n<meta property=\"og:description\" content=\"Zoptymalizuj i zabezpiecz wymian\u0119 dokument\u00f3w i danych z partnerami, aby poprawi\u0107 wydajno\u015b\u0107 i tym samym uzyska\u0107 oszcz\u0119dno\u015bci. W obliczu rosn\u0105cej ilo\u015bci danych, przej\u015bcie na metody bezpapierowe jest g\u0142\u00f3wnym problemem dla firm.\" \/>\n<meta property=\"og:url\" content=\"https:\/\/deveho.com\/pl\/produkty\/system-bez-papierowych-dokumentow\/\" \/>\n<meta property=\"og:site_name\" content=\"Deveho\" \/>\n<meta property=\"article:publisher\" content=\"https:\/\/www.facebook.com\/deveho\" \/>\n<meta property=\"article:modified_time\" content=\"2023-09-11T12:32:58+00:00\" \/>\n<meta name=\"twitter:card\" content=\"summary_large_image\" \/>\n<meta name=\"twitter:site\" content=\"@Deveho1\" \/>\n<meta name=\"twitter:label1\" content=\"Szacowany czas czytania\" \/>\n\t<meta name=\"twitter:data1\" content=\"1 minuta\" \/>\n<script type=\"application\/ld+json\" class=\"yoast-schema-graph\">{\"@context\":\"https:\/\/schema.org\",\"@graph\":[{\"@type\":\"WebPage\",\"@id\":\"https:\/\/deveho.com\/pl\/produkty\/system-bez-papierowych-dokumentow\/\",\"url\":\"https:\/\/deveho.com\/pl\/produkty\/system-bez-papierowych-dokumentow\/\",\"name\":\"System dokument\u00f3w elektronicznych - Deveho\",\"isPartOf\":{\"@id\":\"https:\/\/deveho.com\/#website\"},\"datePublished\":\"2022-08-10T08:35:39+00:00\",\"dateModified\":\"2023-09-11T12:32:58+00:00\",\"breadcrumb\":{\"@id\":\"https:\/\/deveho.com\/pl\/produkty\/system-bez-papierowych-dokumentow\/#breadcrumb\"},\"inLanguage\":\"pl-PL\",\"potentialAction\":[{\"@type\":\"ReadAction\",\"target\":[\"https:\/\/deveho.com\/pl\/produkty\/system-bez-papierowych-dokumentow\/\"]}]},{\"@type\":\"BreadcrumbList\",\"@id\":\"https:\/\/deveho.com\/pl\/produkty\/system-bez-papierowych-dokumentow\/#breadcrumb\",\"itemListElement\":[{\"@type\":\"ListItem\",\"position\":1,\"name\":\"Home\",\"item\":\"https:\/\/deveho.com\/pl\/\"},{\"@type\":\"ListItem\",\"position\":2,\"name\":\"Produkty\",\"item\":\"https:\/\/deveho.com\/pl\/produkty\/\"},{\"@type\":\"ListItem\",\"position\":3,\"name\":\"System dokument\u00f3w elektronicznych\"}]},{\"@type\":\"WebSite\",\"@id\":\"https:\/\/deveho.com\/#website\",\"url\":\"https:\/\/deveho.com\/\",\"name\":\"Deveho Consulting Group\",\"description\":\"Let\u2019s boost your growth\",\"publisher\":{\"@id\":\"https:\/\/deveho.com\/#organization\"},\"potentialAction\":[{\"@type\":\"SearchAction\",\"target\":{\"@type\":\"EntryPoint\",\"urlTemplate\":\"https:\/\/deveho.com\/?s={search_term_string}\"},\"query-input\":{\"@type\":\"PropertyValueSpecification\",\"valueRequired\":true,\"valueName\":\"search_term_string\"}}],\"inLanguage\":\"pl-PL\"},{\"@type\":\"Organization\",\"@id\":\"https:\/\/deveho.com\/#organization\",\"name\":\"Deveho Consulting Group\",\"url\":\"https:\/\/deveho.com\/\",\"logo\":{\"@type\":\"ImageObject\",\"inLanguage\":\"pl-PL\",\"@id\":\"https:\/\/deveho.com\/#\/schema\/logo\/image\/\",\"url\":\"https:\/\/deveho.com\/wp-content\/uploads\/2023\/02\/DEVEHO-LOGO-Baseline-COLOR.png\",\"contentUrl\":\"https:\/\/deveho.com\/wp-content\/uploads\/2023\/02\/DEVEHO-LOGO-Baseline-COLOR.png\",\"width\":2251,\"height\":585,\"caption\":\"Deveho Consulting Group\"},\"image\":{\"@id\":\"https:\/\/deveho.com\/#\/schema\/logo\/image\/\"},\"sameAs\":[\"https:\/\/www.facebook.com\/deveho\",\"https:\/\/x.com\/Deveho1\",\"https:\/\/www.linkedin.com\/company\/deveho-consulting\/\"]}]}<\/script>\n<!-- \/ Yoast SEO plugin. -->","yoast_head_json":{"title":"System dokument\u00f3w elektronicznych - Deveho","robots":{"index":"index","follow":"follow","max-snippet":"max-snippet:-1","max-image-preview":"max-image-preview:large","max-video-preview":"max-video-preview:-1"},"canonical":"https:\/\/deveho.com\/pl\/produkty\/system-bez-papierowych-dokumentow\/","og_locale":"pl_PL","og_type":"article","og_title":"System dokument\u00f3w elektronicznych - Deveho","og_description":"Zoptymalizuj i zabezpiecz wymian\u0119 dokument\u00f3w i danych z partnerami, aby poprawi\u0107 wydajno\u015b\u0107 i tym samym uzyska\u0107 oszcz\u0119dno\u015bci. W obliczu rosn\u0105cej ilo\u015bci danych, przej\u015bcie na metody bezpapierowe jest g\u0142\u00f3wnym problemem dla firm.","og_url":"https:\/\/deveho.com\/pl\/produkty\/system-bez-papierowych-dokumentow\/","og_site_name":"Deveho","article_publisher":"https:\/\/www.facebook.com\/deveho","article_modified_time":"2023-09-11T12:32:58+00:00","twitter_card":"summary_large_image","twitter_site":"@Deveho1","twitter_misc":{"Szacowany czas czytania":"1 minuta"},"schema":{"@context":"https:\/\/schema.org","@graph":[{"@type":"WebPage","@id":"https:\/\/deveho.com\/pl\/produkty\/system-bez-papierowych-dokumentow\/","url":"https:\/\/deveho.com\/pl\/produkty\/system-bez-papierowych-dokumentow\/","name":"System dokument\u00f3w elektronicznych - Deveho","isPartOf":{"@id":"https:\/\/deveho.com\/#website"},"datePublished":"2022-08-10T08:35:39+00:00","dateModified":"2023-09-11T12:32:58+00:00","breadcrumb":{"@id":"https:\/\/deveho.com\/pl\/produkty\/system-bez-papierowych-dokumentow\/#breadcrumb"},"inLanguage":"pl-PL","potentialAction":[{"@type":"ReadAction","target":["https:\/\/deveho.com\/pl\/produkty\/system-bez-papierowych-dokumentow\/"]}]},{"@type":"BreadcrumbList","@id":"https:\/\/deveho.com\/pl\/produkty\/system-bez-papierowych-dokumentow\/#breadcrumb","itemListElement":[{"@type":"ListItem","position":1,"name":"Home","item":"https:\/\/deveho.com\/pl\/"},{"@type":"ListItem","position":2,"name":"Produkty","item":"https:\/\/deveho.com\/pl\/produkty\/"},{"@type":"ListItem","position":3,"name":"System dokument\u00f3w elektronicznych"}]},{"@type":"WebSite","@id":"https:\/\/deveho.com\/#website","url":"https:\/\/deveho.com\/","name":"Deveho Consulting Group","description":"Let\u2019s boost your growth","publisher":{"@id":"https:\/\/deveho.com\/#organization"},"potentialAction":[{"@type":"SearchAction","target":{"@type":"EntryPoint","urlTemplate":"https:\/\/deveho.com\/?s={search_term_string}"},"query-input":{"@type":"PropertyValueSpecification","valueRequired":true,"valueName":"search_term_string"}}],"inLanguage":"pl-PL"},{"@type":"Organization","@id":"https:\/\/deveho.com\/#organization","name":"Deveho Consulting Group","url":"https:\/\/deveho.com\/","logo":{"@type":"ImageObject","inLanguage":"pl-PL","@id":"https:\/\/deveho.com\/#\/schema\/logo\/image\/","url":"https:\/\/deveho.com\/wp-content\/uploads\/2023\/02\/DEVEHO-LOGO-Baseline-COLOR.png","contentUrl":"https:\/\/deveho.com\/wp-content\/uploads\/2023\/02\/DEVEHO-LOGO-Baseline-COLOR.png","width":2251,"height":585,"caption":"Deveho Consulting Group"},"image":{"@id":"https:\/\/deveho.com\/#\/schema\/logo\/image\/"},"sameAs":["https:\/\/www.facebook.com\/deveho","https:\/\/x.com\/Deveho1","https:\/\/www.linkedin.com\/company\/deveho-consulting\/"]}]}},"_links":{"self":[{"href":"https:\/\/deveho.com\/pl\/wp-json\/wp\/v2\/pages\/10978"}],"collection":[{"href":"https:\/\/deveho.com\/pl\/wp-json\/wp\/v2\/pages"}],"about":[{"href":"https:\/\/deveho.com\/pl\/wp-json\/wp\/v2\/types\/page"}],"author":[{"embeddable":true,"href":"https:\/\/deveho.com\/pl\/wp-json\/wp\/v2\/users\/3"}],"replies":[{"embeddable":true,"href":"https:\/\/deveho.com\/pl\/wp-json\/wp\/v2\/comments?post=10978"}],"version-history":[{"count":0,"href":"https:\/\/deveho.com\/pl\/wp-json\/wp\/v2\/pages\/10978\/revisions"}],"up":[{"embeddable":true,"href":"https:\/\/deveho.com\/pl\/wp-json\/wp\/v2\/pages\/18852"}],"wp:attachment":[{"href":"https:\/\/deveho.com\/pl\/wp-json\/wp\/v2\/media?parent=10978"}],"curies":[{"name":"wp","href":"https:\/\/api.w.org\/{rel}","templated":true}]}}