{"id":10989,"date":"2022-08-10T08:52:58","date_gmt":"2022-08-10T08:52:58","guid":{"rendered":"https:\/\/deveho2.sfdbeta.be\/sage-x3-marketplace-isv\/sage-enterprise-intelligence\/"},"modified":"2025-03-28T12:12:45","modified_gmt":"2025-03-28T10:12:45","slug":"sage-enterprise-intelligence","status":"publish","type":"page","link":"https:\/\/deveho.com\/pl\/produkty\/sage-x3-marketplace-isv\/sage-enterprise-intelligence\/","title":{"rendered":"Sage Enterprise Intelligence"},"content":{"rendered":"<br \/>\n<h2><\/h2>\n<h3>Sage Enterprise Intelligence mo\u017ce Ci pom\u00f3c<\/h3>\n<h3>Jakie s\u0105 zalety modu\u0142u ERP Business Intelligence?<\/h3>\n<\/p>\n<h3><red><b>Zalety<\/b><\/red> Sage Enterprise Intelligence<\/h3>\n<\/p>\n<p><b>\u0141atwo\u015b\u0107<\/b>: Umo\u017cliwienie u\u017cytkownikom analizowania i raportowania informacji w spos\u00f3b samodzielny poprzez zapewnienie im intuicyjnego, \u0142atwego w u\u017cyciu rozwi\u0105zania Business Intelligence.<\/p>\n<p><b>Szybko\u015b\u0107<\/b>: Skr\u00f3cenie czasu po\u015bwi\u0119canego na analiz\u0119 i raportowanie oraz umo\u017cliwienie szybszego i bardziej \u015bwiadomego podejmowania decyzji w organizacji poprzez zapewnienie u\u017cytkownikom szybkiego dost\u0119pu do informacji.<\/p>\n<p><b>Kompleksowo\u015b\u0107<\/b>: Uzyskaj jasny obraz ca\u0142ej swojej dzia\u0142alno\u015bci i rozwijaj wsp\u00f3\u0142prac\u0119 mi\u0119dzy dzia\u0142ami. \u015acis\u0142a i bezpieczna integracja z Sage Business Cloud X3 zapewnia niezawodno\u015b\u0107 krytycznych informacji biznesowych, umo\u017cliwia u\u017cytkownikom biznesowym sp\u00f3jny wgl\u0105d w dane przedsi\u0119biorstwa w czasie rzeczywistym, wspiera podejmowanie decyzji i sprzyja ci\u0105g\u0142emu doskonaleniu funkcjonalnemu.<\/p>\n<h3><red><b>Funkcje<\/b><\/red> Sage Enterprise Intelligence<\/h3>\n<\/p>\n<p>Intuicyjny interfejs u\u017cytkownika<\/p>\n<p>Mo\u017cliwo\u015b\u0107 korzystania z wielu przegl\u0105darek<\/p>\n<p>Dane w czasie rzeczywistym, w pe\u0142ni zintegrowane z Sage X3<\/p>\n<p>Szybkie przetwarzanie du\u017cej ilo\u015bci danych<\/p>\n<p>Gotowe do u\u017cycia KPI i szablony<\/p>\n<p>Rozbudowana wizualizacja danych (wska\u017aniki, mapy, wykresy)<\/p>\n<p>Rozbudowane funkcje wyszukiwania<\/p>\n<p>Mobilno\u015b\u0107<\/p>\n<p>Dodatek Microsoft\u00ae Excel\u00ae<\/p>\n<p>Integracja z Twoim rozwi\u0105zaniem do zarz\u0105dzania firm\u0105 i innymi \u017ar\u00f3d\u0142ami<\/p>\n<p>Gotowe do udost\u0119pniania analizy<\/p>\n<h3>Sage Enterprise Intelligence jest zgodny z<\/h3>\n<p><p>Sage Enterprise Intelligence (SEI) to w pe\u0142ni zintegrowane rozwi\u0105zanie do analizy biznesowej i zarz\u0105dzania danymi, kt\u00f3re pomaga organizacjom podejmowa\u0107 \u015bwiadome decyzje w oparciu o dane w czasie rzeczywistym.<br \/>\nZapewnia wszystkim u\u017cytkownikom prosty interfejs dost\u0119pu i analizy danych w spos\u00f3b samowystarczalny i eliminuje potrzeb\u0119 stosowania r\u00f3\u017cnych narz\u0119dzi i specjalistycznych umiej\u0119tno\u015bci.<\/p>\n<\/p>\n<p>Sage X3<\/p>\n<p>Sage 100<\/p>\n<p>Sage 200<\/p>\n<p>Sage 500<\/p>\n<p>Sage 300<\/p>\n<p>Sage CRM<\/p>\n<p>Sage XRT<\/p>\n<h2><\/h2>\n<h3>Powi\u0105zane strony<\/h3>\n<\/p>\n<h3><\/h3>\n<\/p>\n<h3><\/h3><\/p>\n","protected":false},"excerpt":{"rendered":"<p>Zintegrowane rozwi\u0105zanie BI Sage Enterprise Intelligence pomaga u\u017cytkownikom szybciej podejmowa\u0107 najlepsze decyzje, wykorzystuj\u0105c wszystkie istotne dane, kt\u00f3rych potrzebuj\u0105.<br \/>\nDzi\u0119ki SEI dane s\u0105 wyodr\u0119bniane, przekszta\u0142cane, konsolidowane, migrowane i prezentowane w prostej formie, dost\u0119pnej w czasie rzeczywistym, w trybie samoobs\u0142ugi i za pomoc\u0105 kilku klikni\u0119\u0107.<br \/>\nErgonomiczne rozwi\u0105zanie SEI promuje autonomi\u0119 u\u017cytkownika, bez konieczno\u015bci posiadania specjalnych umiej\u0119tno\u015bci.<\/p>\n","protected":false},"author":3,"featured_media":0,"parent":10985,"menu_order":0,"comment_status":"closed","ping_status":"closed","template":"templates\/template-prod_serv.php","meta":{"_acf_changed":false,"footnotes":""},"class_list":["post-10989","page","type-page","status-publish","hentry"],"acf":[],"yoast_head":"<!-- This site is optimized with the Yoast SEO plugin v23.5 - https:\/\/yoast.com\/wordpress\/plugins\/seo\/ -->\n<title>Sage Enterprise Intelligence - Deveho<\/title>\n<meta name=\"robots\" content=\"index, follow, max-snippet:-1, max-image-preview:large, max-video-preview:-1\" \/>\n<link rel=\"canonical\" href=\"https:\/\/deveho.com\/pl\/produkty\/sage-x3-marketplace-isv\/sage-enterprise-intelligence\/\" \/>\n<meta property=\"og:locale\" content=\"pl_PL\" \/>\n<meta property=\"og:type\" content=\"article\" \/>\n<meta property=\"og:title\" content=\"Sage Enterprise Intelligence - Deveho\" \/>\n<meta property=\"og:description\" content=\"Zintegrowane rozwi\u0105zanie BI Sage Enterprise Intelligence pomaga u\u017cytkownikom szybciej podejmowa\u0107 najlepsze decyzje, wykorzystuj\u0105c wszystkie istotne dane, kt\u00f3rych potrzebuj\u0105. Dzi\u0119ki SEI dane s\u0105 wyodr\u0119bniane, przekszta\u0142cane, konsolidowane, migrowane i prezentowane w prostej formie, dost\u0119pnej w czasie rzeczywistym, w trybie samoobs\u0142ugi i za pomoc\u0105 kilku klikni\u0119\u0107. Ergonomiczne rozwi\u0105zanie SEI promuje autonomi\u0119 u\u017cytkownika, bez konieczno\u015bci posiadania specjalnych umiej\u0119tno\u015bci.\" \/>\n<meta property=\"og:url\" content=\"https:\/\/deveho.com\/pl\/produkty\/sage-x3-marketplace-isv\/sage-enterprise-intelligence\/\" \/>\n<meta property=\"og:site_name\" content=\"Deveho\" \/>\n<meta property=\"article:publisher\" content=\"https:\/\/www.facebook.com\/deveho\" \/>\n<meta property=\"article:modified_time\" content=\"2025-03-28T10:12:45+00:00\" \/>\n<meta name=\"twitter:card\" content=\"summary_large_image\" \/>\n<meta name=\"twitter:site\" content=\"@Deveho1\" \/>\n<meta name=\"twitter:label1\" content=\"Szacowany czas czytania\" \/>\n\t<meta name=\"twitter:data1\" content=\"2 minuty\" \/>\n<script type=\"application\/ld+json\" class=\"yoast-schema-graph\">{\"@context\":\"https:\/\/schema.org\",\"@graph\":[{\"@type\":\"WebPage\",\"@id\":\"https:\/\/deveho.com\/pl\/produkty\/sage-x3-marketplace-isv\/sage-enterprise-intelligence\/\",\"url\":\"https:\/\/deveho.com\/pl\/produkty\/sage-x3-marketplace-isv\/sage-enterprise-intelligence\/\",\"name\":\"Sage Enterprise Intelligence - Deveho\",\"isPartOf\":{\"@id\":\"https:\/\/deveho.com\/#website\"},\"datePublished\":\"2022-08-10T08:52:58+00:00\",\"dateModified\":\"2025-03-28T10:12:45+00:00\",\"breadcrumb\":{\"@id\":\"https:\/\/deveho.com\/pl\/produkty\/sage-x3-marketplace-isv\/sage-enterprise-intelligence\/#breadcrumb\"},\"inLanguage\":\"pl-PL\",\"potentialAction\":[{\"@type\":\"ReadAction\",\"target\":[\"https:\/\/deveho.com\/pl\/produkty\/sage-x3-marketplace-isv\/sage-enterprise-intelligence\/\"]}]},{\"@type\":\"BreadcrumbList\",\"@id\":\"https:\/\/deveho.com\/pl\/produkty\/sage-x3-marketplace-isv\/sage-enterprise-intelligence\/#breadcrumb\",\"itemListElement\":[{\"@type\":\"ListItem\",\"position\":1,\"name\":\"Home\",\"item\":\"https:\/\/deveho.com\/pl\/\"},{\"@type\":\"ListItem\",\"position\":2,\"name\":\"Produkty\",\"item\":\"https:\/\/deveho.com\/pl\/produkty\/\"},{\"@type\":\"ListItem\",\"position\":3,\"name\":\"Sage X3 Marketplace\",\"item\":\"https:\/\/deveho.com\/pl\/produkty\/sage-x3-marketplace-isv\/\"},{\"@type\":\"ListItem\",\"position\":4,\"name\":\"Sage Enterprise Intelligence\"}]},{\"@type\":\"WebSite\",\"@id\":\"https:\/\/deveho.com\/#website\",\"url\":\"https:\/\/deveho.com\/\",\"name\":\"Deveho Consulting Group\",\"description\":\"Let\u2019s boost your growth\",\"publisher\":{\"@id\":\"https:\/\/deveho.com\/#organization\"},\"potentialAction\":[{\"@type\":\"SearchAction\",\"target\":{\"@type\":\"EntryPoint\",\"urlTemplate\":\"https:\/\/deveho.com\/?s={search_term_string}\"},\"query-input\":{\"@type\":\"PropertyValueSpecification\",\"valueRequired\":true,\"valueName\":\"search_term_string\"}}],\"inLanguage\":\"pl-PL\"},{\"@type\":\"Organization\",\"@id\":\"https:\/\/deveho.com\/#organization\",\"name\":\"Deveho Consulting Group\",\"url\":\"https:\/\/deveho.com\/\",\"logo\":{\"@type\":\"ImageObject\",\"inLanguage\":\"pl-PL\",\"@id\":\"https:\/\/deveho.com\/#\/schema\/logo\/image\/\",\"url\":\"https:\/\/deveho.com\/wp-content\/uploads\/2023\/02\/DEVEHO-LOGO-Baseline-COLOR.png\",\"contentUrl\":\"https:\/\/deveho.com\/wp-content\/uploads\/2023\/02\/DEVEHO-LOGO-Baseline-COLOR.png\",\"width\":2251,\"height\":585,\"caption\":\"Deveho Consulting Group\"},\"image\":{\"@id\":\"https:\/\/deveho.com\/#\/schema\/logo\/image\/\"},\"sameAs\":[\"https:\/\/www.facebook.com\/deveho\",\"https:\/\/x.com\/Deveho1\",\"https:\/\/www.linkedin.com\/company\/deveho-consulting\/\"]}]}<\/script>\n<!-- \/ Yoast SEO plugin. -->","yoast_head_json":{"title":"Sage Enterprise Intelligence - Deveho","robots":{"index":"index","follow":"follow","max-snippet":"max-snippet:-1","max-image-preview":"max-image-preview:large","max-video-preview":"max-video-preview:-1"},"canonical":"https:\/\/deveho.com\/pl\/produkty\/sage-x3-marketplace-isv\/sage-enterprise-intelligence\/","og_locale":"pl_PL","og_type":"article","og_title":"Sage Enterprise Intelligence - Deveho","og_description":"Zintegrowane rozwi\u0105zanie BI Sage Enterprise Intelligence pomaga u\u017cytkownikom szybciej podejmowa\u0107 najlepsze decyzje, wykorzystuj\u0105c wszystkie istotne dane, kt\u00f3rych potrzebuj\u0105. Dzi\u0119ki SEI dane s\u0105 wyodr\u0119bniane, przekszta\u0142cane, konsolidowane, migrowane i prezentowane w prostej formie, dost\u0119pnej w czasie rzeczywistym, w trybie samoobs\u0142ugi i za pomoc\u0105 kilku klikni\u0119\u0107. Ergonomiczne rozwi\u0105zanie SEI promuje autonomi\u0119 u\u017cytkownika, bez konieczno\u015bci posiadania specjalnych umiej\u0119tno\u015bci.","og_url":"https:\/\/deveho.com\/pl\/produkty\/sage-x3-marketplace-isv\/sage-enterprise-intelligence\/","og_site_name":"Deveho","article_publisher":"https:\/\/www.facebook.com\/deveho","article_modified_time":"2025-03-28T10:12:45+00:00","twitter_card":"summary_large_image","twitter_site":"@Deveho1","twitter_misc":{"Szacowany czas czytania":"2 minuty"},"schema":{"@context":"https:\/\/schema.org","@graph":[{"@type":"WebPage","@id":"https:\/\/deveho.com\/pl\/produkty\/sage-x3-marketplace-isv\/sage-enterprise-intelligence\/","url":"https:\/\/deveho.com\/pl\/produkty\/sage-x3-marketplace-isv\/sage-enterprise-intelligence\/","name":"Sage Enterprise Intelligence - Deveho","isPartOf":{"@id":"https:\/\/deveho.com\/#website"},"datePublished":"2022-08-10T08:52:58+00:00","dateModified":"2025-03-28T10:12:45+00:00","breadcrumb":{"@id":"https:\/\/deveho.com\/pl\/produkty\/sage-x3-marketplace-isv\/sage-enterprise-intelligence\/#breadcrumb"},"inLanguage":"pl-PL","potentialAction":[{"@type":"ReadAction","target":["https:\/\/deveho.com\/pl\/produkty\/sage-x3-marketplace-isv\/sage-enterprise-intelligence\/"]}]},{"@type":"BreadcrumbList","@id":"https:\/\/deveho.com\/pl\/produkty\/sage-x3-marketplace-isv\/sage-enterprise-intelligence\/#breadcrumb","itemListElement":[{"@type":"ListItem","position":1,"name":"Home","item":"https:\/\/deveho.com\/pl\/"},{"@type":"ListItem","position":2,"name":"Produkty","item":"https:\/\/deveho.com\/pl\/produkty\/"},{"@type":"ListItem","position":3,"name":"Sage X3 Marketplace","item":"https:\/\/deveho.com\/pl\/produkty\/sage-x3-marketplace-isv\/"},{"@type":"ListItem","position":4,"name":"Sage Enterprise Intelligence"}]},{"@type":"WebSite","@id":"https:\/\/deveho.com\/#website","url":"https:\/\/deveho.com\/","name":"Deveho Consulting Group","description":"Let\u2019s boost your growth","publisher":{"@id":"https:\/\/deveho.com\/#organization"},"potentialAction":[{"@type":"SearchAction","target":{"@type":"EntryPoint","urlTemplate":"https:\/\/deveho.com\/?s={search_term_string}"},"query-input":{"@type":"PropertyValueSpecification","valueRequired":true,"valueName":"search_term_string"}}],"inLanguage":"pl-PL"},{"@type":"Organization","@id":"https:\/\/deveho.com\/#organization","name":"Deveho Consulting Group","url":"https:\/\/deveho.com\/","logo":{"@type":"ImageObject","inLanguage":"pl-PL","@id":"https:\/\/deveho.com\/#\/schema\/logo\/image\/","url":"https:\/\/deveho.com\/wp-content\/uploads\/2023\/02\/DEVEHO-LOGO-Baseline-COLOR.png","contentUrl":"https:\/\/deveho.com\/wp-content\/uploads\/2023\/02\/DEVEHO-LOGO-Baseline-COLOR.png","width":2251,"height":585,"caption":"Deveho Consulting Group"},"image":{"@id":"https:\/\/deveho.com\/#\/schema\/logo\/image\/"},"sameAs":["https:\/\/www.facebook.com\/deveho","https:\/\/x.com\/Deveho1","https:\/\/www.linkedin.com\/company\/deveho-consulting\/"]}]}},"_links":{"self":[{"href":"https:\/\/deveho.com\/pl\/wp-json\/wp\/v2\/pages\/10989"}],"collection":[{"href":"https:\/\/deveho.com\/pl\/wp-json\/wp\/v2\/pages"}],"about":[{"href":"https:\/\/deveho.com\/pl\/wp-json\/wp\/v2\/types\/page"}],"author":[{"embeddable":true,"href":"https:\/\/deveho.com\/pl\/wp-json\/wp\/v2\/users\/3"}],"replies":[{"embeddable":true,"href":"https:\/\/deveho.com\/pl\/wp-json\/wp\/v2\/comments?post=10989"}],"version-history":[{"count":2,"href":"https:\/\/deveho.com\/pl\/wp-json\/wp\/v2\/pages\/10989\/revisions"}],"predecessor-version":[{"id":39014,"href":"https:\/\/deveho.com\/pl\/wp-json\/wp\/v2\/pages\/10989\/revisions\/39014"}],"up":[{"embeddable":true,"href":"https:\/\/deveho.com\/pl\/wp-json\/wp\/v2\/pages\/10985"}],"wp:attachment":[{"href":"https:\/\/deveho.com\/pl\/wp-json\/wp\/v2\/media?parent=10989"}],"curies":[{"name":"wp","href":"https:\/\/api.w.org\/{rel}","templated":true}]}}