{"id":10991,"date":"2022-08-10T08:54:55","date_gmt":"2022-08-10T08:54:55","guid":{"rendered":"https:\/\/deveho2.sfdbeta.be\/sage-x3-marketplace-isv\/sage-web-scheduling\/"},"modified":"2023-09-28T14:48:04","modified_gmt":"2023-09-28T12:48:04","slug":"sage-web-scheduling","status":"publish","type":"page","link":"https:\/\/deveho.com\/pl\/produkty\/sage-x3-marketplace-isv\/sage-web-scheduling\/","title":{"rendered":"Sage Web Scheduling"},"content":{"rendered":"<br \/>\n<h2><\/h2>\n<h3><red>Zalety <\/red>Sage Web Scheduling<\/h3>\n<h3>Sage X3 Web Scheduling synchronizuje ca\u0142y \u0142a\u0144cuch produkcyjny, pocz\u0105wszy od zam\u00f3wie\u0144 klient\u00f3w i zlece\u0144 produkcyjnych, identyfikuje ograniczenia materia\u0142owe i narz\u0119dziowe oraz w\u0105skie gard\u0142a. Dzi\u0119ki pulpitom nawigacyjnym, kt\u00f3re u\u0142atwiaj\u0105 analiz\u0119 i symulacje, mo\u017cna skutecznie zarz\u0105dza\u0107 zmianami priorytet\u00f3w, opracowuj\u0105c zoptymalizowane sekwencje produkcyjne.<\/h3>\n<ul>\n<li>Harmonogram z wieloma ograniczeniami i tworzenie wielu symulacji<\/li>\n<li>Tworzenie wykonalnych i zoptymalizowanych plan\u00f3w produkcji w Sage X3<\/li>\n<li>Dotrzymywanie termin\u00f3w dostaw przy jak najbardziej sprawnym i efektywnym wykorzystaniu zasob\u00f3w produkcyjnych<\/li>\n<li>Redukcja nieproduktywnego czasu pracy<\/li>\n<li>Synchronizacja ca\u0142ego \u0142a\u0144cucha dostaw<\/li>\n<li>Identyfikacja i eliminacja w\u0105skich garde\u0142 i brakuj\u0105cych materia\u0142\u00f3w lub zasob\u00f3w<\/li>\n<li>Lepsza reakcja na nieprzewidziane zdarzenia<\/li>\n<li>Przyjazny dla u\u017cytkownika i konfigurowalny interfejs webowy do tworzenia plan\u00f3w, monitorowania i wprowadzania zmian<\/li>\n<li>Tworzenie symulacji z analiz\u0105 wielu modeli zgodnie ze scenariuszami opartymi na r\u00f3\u017cnych heurystykach<br \/>\nKonfigurowalne szczeg\u00f3\u0142owe raporty do analizy symulacji<\/li>\n<\/ul>\n<h2><\/h2>\n<h3><red>G\u0142\u00f3wne funkcje<\/red> Sage Web Scheduling <\/h3>\n<h3><\/h3>\n<\/p>\n<h2><\/h2>\n<h3>Powi\u0105zane strony<\/h3>\n<\/p>\n<h3><\/h3>\n<\/p>\n<h3><\/h3><\/p>\n","protected":false},"excerpt":{"rendered":"<p>Sage X3 Web Scheduling to kompleksowe, internetowe rozwi\u0105zanie do tworzenia harmonogram\u00f3w, kt\u00f3re zapewnia dotrzymanie termin\u00f3w dostaw przy optymalnym i najbardziej wydajnym wykorzystaniu dost\u0119pnych zasob\u00f3w produkcyjnych. Web Scheduling synchronizuje ca\u0142y \u0142a\u0144cuch produkcyjny, od zam\u00f3wie\u0144 sprzeda\u017cy do zlece\u0144 produkcyjnych, identyfikuje ograniczenia materia\u0142owe i narz\u0119dziowe oraz w\u0105skie gard\u0142a.<\/p>\n","protected":false},"author":3,"featured_media":0,"parent":10985,"menu_order":0,"comment_status":"closed","ping_status":"closed","template":"templates\/template-prod_serv.php","meta":{"_acf_changed":false,"footnotes":""},"class_list":["post-10991","page","type-page","status-publish","hentry"],"acf":[],"yoast_head":"<!-- This site is optimized with the Yoast SEO plugin v23.5 - https:\/\/yoast.com\/wordpress\/plugins\/seo\/ -->\n<title>Sage Web Scheduling - Deveho<\/title>\n<meta name=\"robots\" content=\"index, follow, max-snippet:-1, max-image-preview:large, max-video-preview:-1\" \/>\n<link rel=\"canonical\" href=\"https:\/\/deveho.com\/products\/sage-x3-marketplace-isv\/web-scheduling\/\" \/>\n<meta property=\"og:locale\" content=\"pl_PL\" \/>\n<meta property=\"og:type\" content=\"article\" \/>\n<meta property=\"og:title\" content=\"Sage Web Scheduling - Deveho\" \/>\n<meta property=\"og:description\" content=\"Sage X3 Web Scheduling to kompleksowe, internetowe rozwi\u0105zanie do tworzenia harmonogram\u00f3w, kt\u00f3re zapewnia dotrzymanie termin\u00f3w dostaw przy optymalnym i najbardziej wydajnym wykorzystaniu dost\u0119pnych zasob\u00f3w produkcyjnych. Web Scheduling synchronizuje ca\u0142y \u0142a\u0144cuch produkcyjny, od zam\u00f3wie\u0144 sprzeda\u017cy do zlece\u0144 produkcyjnych, identyfikuje ograniczenia materia\u0142owe i narz\u0119dziowe oraz w\u0105skie gard\u0142a.\" \/>\n<meta property=\"og:url\" content=\"https:\/\/deveho.com\/products\/sage-x3-marketplace-isv\/web-scheduling\/\" \/>\n<meta property=\"og:site_name\" content=\"Deveho\" \/>\n<meta property=\"article:publisher\" content=\"https:\/\/www.facebook.com\/deveho\" \/>\n<meta property=\"article:modified_time\" content=\"2023-09-28T12:48:04+00:00\" \/>\n<meta name=\"twitter:card\" content=\"summary_large_image\" \/>\n<meta name=\"twitter:site\" content=\"@Deveho1\" \/>\n<meta name=\"twitter:label1\" content=\"Szacowany czas czytania\" \/>\n\t<meta name=\"twitter:data1\" content=\"1 minuta\" \/>\n<script type=\"application\/ld+json\" class=\"yoast-schema-graph\">{\"@context\":\"https:\/\/schema.org\",\"@graph\":[{\"@type\":\"WebPage\",\"@id\":\"https:\/\/deveho.com\/products\/sage-x3-marketplace-isv\/web-scheduling\/\",\"url\":\"https:\/\/deveho.com\/products\/sage-x3-marketplace-isv\/web-scheduling\/\",\"name\":\"Sage Web Scheduling - Deveho\",\"isPartOf\":{\"@id\":\"https:\/\/deveho.com\/#website\"},\"datePublished\":\"2022-08-10T08:54:55+00:00\",\"dateModified\":\"2023-09-28T12:48:04+00:00\",\"breadcrumb\":{\"@id\":\"https:\/\/deveho.com\/products\/sage-x3-marketplace-isv\/web-scheduling\/#breadcrumb\"},\"inLanguage\":\"pl-PL\",\"potentialAction\":[{\"@type\":\"ReadAction\",\"target\":[\"https:\/\/deveho.com\/products\/sage-x3-marketplace-isv\/web-scheduling\/\"]}]},{\"@type\":\"BreadcrumbList\",\"@id\":\"https:\/\/deveho.com\/products\/sage-x3-marketplace-isv\/web-scheduling\/#breadcrumb\",\"itemListElement\":[{\"@type\":\"ListItem\",\"position\":1,\"name\":\"Home\",\"item\":\"https:\/\/deveho.com\/pl\/\"},{\"@type\":\"ListItem\",\"position\":2,\"name\":\"Produkty\",\"item\":\"https:\/\/deveho.com\/pl\/produkty\/\"},{\"@type\":\"ListItem\",\"position\":3,\"name\":\"Sage X3 Marketplace\",\"item\":\"https:\/\/deveho.com\/pl\/produkty\/sage-x3-marketplace-isv\/\"},{\"@type\":\"ListItem\",\"position\":4,\"name\":\"Sage Web Scheduling\"}]},{\"@type\":\"WebSite\",\"@id\":\"https:\/\/deveho.com\/#website\",\"url\":\"https:\/\/deveho.com\/\",\"name\":\"Deveho Consulting Group\",\"description\":\"Let\u2019s boost your growth\",\"publisher\":{\"@id\":\"https:\/\/deveho.com\/#organization\"},\"potentialAction\":[{\"@type\":\"SearchAction\",\"target\":{\"@type\":\"EntryPoint\",\"urlTemplate\":\"https:\/\/deveho.com\/?s={search_term_string}\"},\"query-input\":{\"@type\":\"PropertyValueSpecification\",\"valueRequired\":true,\"valueName\":\"search_term_string\"}}],\"inLanguage\":\"pl-PL\"},{\"@type\":\"Organization\",\"@id\":\"https:\/\/deveho.com\/#organization\",\"name\":\"Deveho Consulting Group\",\"url\":\"https:\/\/deveho.com\/\",\"logo\":{\"@type\":\"ImageObject\",\"inLanguage\":\"pl-PL\",\"@id\":\"https:\/\/deveho.com\/#\/schema\/logo\/image\/\",\"url\":\"https:\/\/deveho.com\/wp-content\/uploads\/2023\/02\/DEVEHO-LOGO-Baseline-COLOR.png\",\"contentUrl\":\"https:\/\/deveho.com\/wp-content\/uploads\/2023\/02\/DEVEHO-LOGO-Baseline-COLOR.png\",\"width\":2251,\"height\":585,\"caption\":\"Deveho Consulting Group\"},\"image\":{\"@id\":\"https:\/\/deveho.com\/#\/schema\/logo\/image\/\"},\"sameAs\":[\"https:\/\/www.facebook.com\/deveho\",\"https:\/\/x.com\/Deveho1\",\"https:\/\/www.linkedin.com\/company\/deveho-consulting\/\"]}]}<\/script>\n<!-- \/ Yoast SEO plugin. -->","yoast_head_json":{"title":"Sage Web Scheduling - Deveho","robots":{"index":"index","follow":"follow","max-snippet":"max-snippet:-1","max-image-preview":"max-image-preview:large","max-video-preview":"max-video-preview:-1"},"canonical":"https:\/\/deveho.com\/products\/sage-x3-marketplace-isv\/web-scheduling\/","og_locale":"pl_PL","og_type":"article","og_title":"Sage Web Scheduling - Deveho","og_description":"Sage X3 Web Scheduling to kompleksowe, internetowe rozwi\u0105zanie do tworzenia harmonogram\u00f3w, kt\u00f3re zapewnia dotrzymanie termin\u00f3w dostaw przy optymalnym i najbardziej wydajnym wykorzystaniu dost\u0119pnych zasob\u00f3w produkcyjnych. Web Scheduling synchronizuje ca\u0142y \u0142a\u0144cuch produkcyjny, od zam\u00f3wie\u0144 sprzeda\u017cy do zlece\u0144 produkcyjnych, identyfikuje ograniczenia materia\u0142owe i narz\u0119dziowe oraz w\u0105skie gard\u0142a.","og_url":"https:\/\/deveho.com\/products\/sage-x3-marketplace-isv\/web-scheduling\/","og_site_name":"Deveho","article_publisher":"https:\/\/www.facebook.com\/deveho","article_modified_time":"2023-09-28T12:48:04+00:00","twitter_card":"summary_large_image","twitter_site":"@Deveho1","twitter_misc":{"Szacowany czas czytania":"1 minuta"},"schema":{"@context":"https:\/\/schema.org","@graph":[{"@type":"WebPage","@id":"https:\/\/deveho.com\/products\/sage-x3-marketplace-isv\/web-scheduling\/","url":"https:\/\/deveho.com\/products\/sage-x3-marketplace-isv\/web-scheduling\/","name":"Sage Web Scheduling - Deveho","isPartOf":{"@id":"https:\/\/deveho.com\/#website"},"datePublished":"2022-08-10T08:54:55+00:00","dateModified":"2023-09-28T12:48:04+00:00","breadcrumb":{"@id":"https:\/\/deveho.com\/products\/sage-x3-marketplace-isv\/web-scheduling\/#breadcrumb"},"inLanguage":"pl-PL","potentialAction":[{"@type":"ReadAction","target":["https:\/\/deveho.com\/products\/sage-x3-marketplace-isv\/web-scheduling\/"]}]},{"@type":"BreadcrumbList","@id":"https:\/\/deveho.com\/products\/sage-x3-marketplace-isv\/web-scheduling\/#breadcrumb","itemListElement":[{"@type":"ListItem","position":1,"name":"Home","item":"https:\/\/deveho.com\/pl\/"},{"@type":"ListItem","position":2,"name":"Produkty","item":"https:\/\/deveho.com\/pl\/produkty\/"},{"@type":"ListItem","position":3,"name":"Sage X3 Marketplace","item":"https:\/\/deveho.com\/pl\/produkty\/sage-x3-marketplace-isv\/"},{"@type":"ListItem","position":4,"name":"Sage Web Scheduling"}]},{"@type":"WebSite","@id":"https:\/\/deveho.com\/#website","url":"https:\/\/deveho.com\/","name":"Deveho Consulting Group","description":"Let\u2019s boost your growth","publisher":{"@id":"https:\/\/deveho.com\/#organization"},"potentialAction":[{"@type":"SearchAction","target":{"@type":"EntryPoint","urlTemplate":"https:\/\/deveho.com\/?s={search_term_string}"},"query-input":{"@type":"PropertyValueSpecification","valueRequired":true,"valueName":"search_term_string"}}],"inLanguage":"pl-PL"},{"@type":"Organization","@id":"https:\/\/deveho.com\/#organization","name":"Deveho Consulting Group","url":"https:\/\/deveho.com\/","logo":{"@type":"ImageObject","inLanguage":"pl-PL","@id":"https:\/\/deveho.com\/#\/schema\/logo\/image\/","url":"https:\/\/deveho.com\/wp-content\/uploads\/2023\/02\/DEVEHO-LOGO-Baseline-COLOR.png","contentUrl":"https:\/\/deveho.com\/wp-content\/uploads\/2023\/02\/DEVEHO-LOGO-Baseline-COLOR.png","width":2251,"height":585,"caption":"Deveho Consulting Group"},"image":{"@id":"https:\/\/deveho.com\/#\/schema\/logo\/image\/"},"sameAs":["https:\/\/www.facebook.com\/deveho","https:\/\/x.com\/Deveho1","https:\/\/www.linkedin.com\/company\/deveho-consulting\/"]}]}},"_links":{"self":[{"href":"https:\/\/deveho.com\/pl\/wp-json\/wp\/v2\/pages\/10991"}],"collection":[{"href":"https:\/\/deveho.com\/pl\/wp-json\/wp\/v2\/pages"}],"about":[{"href":"https:\/\/deveho.com\/pl\/wp-json\/wp\/v2\/types\/page"}],"author":[{"embeddable":true,"href":"https:\/\/deveho.com\/pl\/wp-json\/wp\/v2\/users\/3"}],"replies":[{"embeddable":true,"href":"https:\/\/deveho.com\/pl\/wp-json\/wp\/v2\/comments?post=10991"}],"version-history":[{"count":0,"href":"https:\/\/deveho.com\/pl\/wp-json\/wp\/v2\/pages\/10991\/revisions"}],"up":[{"embeddable":true,"href":"https:\/\/deveho.com\/pl\/wp-json\/wp\/v2\/pages\/10985"}],"wp:attachment":[{"href":"https:\/\/deveho.com\/pl\/wp-json\/wp\/v2\/media?parent=10991"}],"curies":[{"name":"wp","href":"https:\/\/api.w.org\/{rel}","templated":true}]}}