{"id":10996,"date":"2022-08-10T09:03:54","date_gmt":"2022-08-10T09:03:54","guid":{"rendered":"https:\/\/deveho2.sfdbeta.be\/cloud-hosting\/"},"modified":"2023-09-11T14:16:44","modified_gmt":"2023-09-11T12:16:44","slug":"chmura-i-hosting","status":"publish","type":"page","link":"https:\/\/deveho.com\/pl\/uslugi\/chmura-i-hosting\/","title":{"rendered":"Chmura i Hosting"},"content":{"rendered":"<br \/>\n<h2><\/h2>\n<h3>Og\u00f3lne informacje o Cloud x3<\/h3>\n<h3><\/h3>\n<p><p><span data-sheets-value=\"{&quot;1&quot;:2,&quot;2&quot;:&quot;Sage X3 mo\u017ce by\u0107 wdro\u017cony w trybie &quot;on premise&quot; (na miejscu) lub w trybie hostowanym (chmura prywatna lub publiczna). Sage X3 wprowadza szereg nowych komponent\u00f3w technologicznych, kt\u00f3re s\u0105 uznawane za najlepsze i najbardziej przysz\u0142o\u015bciowe wybory w bran\u017cy w zakresie obs\u0142ugi wielu przegl\u0105darek i urz\u0105dze\u0144 mobilnych, szybko\u015bci wyszukiwania, rozwoju us\u0142ug internetowych, integracji baz danych w chmurze i zarz\u0105dzania dokumentami.&quot;}\" data-sheets-userformat=\"{&quot;2&quot;:899,&quot;3&quot;:{&quot;1&quot;:0},&quot;4&quot;:{&quot;1&quot;:2,&quot;2&quot;:15987699},&quot;10&quot;:1,&quot;11&quot;:4,&quot;12&quot;:0}\">Sage X3 mo\u017ce by\u0107 wdro\u017cony w trybie &#8220;on premise&#8221; (na miejscu) lub w trybie hostowanym (chmura prywatna lub publiczna). Sage X3 wprowadza szereg nowych komponent\u00f3w technologicznych, kt\u00f3re s\u0105 uznawane za najlepsze i najbardziej przysz\u0142o\u015bciowe wybory w bran\u017cy w zakresie obs\u0142ugi wielu przegl\u0105darek i urz\u0105dze\u0144 mobilnych, szybko\u015bci wyszukiwania, rozwoju us\u0142ug internetowych, integracji baz danych w chmurze i zarz\u0105dzania dokumentami.<\/span><\/p>\n<ul>\n<li><a href=\"https:\/\/deveho.com\/pl\/uslugi\/chmura-i-hosting\/aws\/\">AWS \u203a<\/a><\/li>\n<li><a href=\"https:\/\/deveho.com\/pl\/uslugi\/chmura-i-hosting\/ovh\/\">OVH \u203a<\/a><\/li>\n<\/ul>\n<h2><red><b>Korzy\u015bci<\/b><\/red>      <\/h2>\n<h3>DOSKONA\u0141Y ZAKRES FUNKCJONALNY I INTEGRACJA<\/h3>\n<p><p><span data-sheets-value=\"{&quot;1&quot;:2,&quot;2&quot;:&quot;Nie rezygnuj z funkcjonalno\u015bci biznesowej na rzecz technologii chmury. Sage X3 zarz\u0105dza wszystkimi Twoimi procesami, od finans\u00f3w po dystrybucj\u0119 i produkcj\u0119, poprzez unikalne zintegrowane rozwi\u0105zanie w chmurze. Rezultatem s\u0105 usprawnione operacje, informacje w czasie rzeczywistym o Twoich dzia\u0142aniach i zwi\u0119kszona wydajno\u015b\u0107.&quot;}\" data-sheets-userformat=\"{&quot;2&quot;:899,&quot;3&quot;:{&quot;1&quot;:0},&quot;4&quot;:{&quot;1&quot;:2,&quot;2&quot;:15987699},&quot;10&quot;:1,&quot;11&quot;:4,&quot;12&quot;:0}\">Nie rezygnuj z funkcjonalno\u015bci biznesowej na rzecz technologii chmury. Sage X3 zarz\u0105dza wszystkimi Twoimi procesami, od finans\u00f3w po dystrybucj\u0119 i produkcj\u0119, poprzez unikalne zintegrowane rozwi\u0105zanie w chmurze. Rezultatem s\u0105 usprawnione operacje, informacje w czasie rzeczywistym o Twoich dzia\u0142aniach i zwi\u0119kszona wydajno\u015b\u0107.<\/span><\/p>\n<\/p>\n<h3>DOSKONA\u0141E WSPARCIE DLA ORGANIZACJI GLOBALNYCH<\/h3>\n<p><p><span data-sheets-value=\"{&quot;1&quot;:2,&quot;2&quot;:&quot;Nie pozw\u00f3l, aby rozwi\u0105zania w chmurze ogranicza\u0142y Twoje ambicje rozwoju. Sage X3 wspiera zarz\u0105dzanie rozproszonymi i mi\u0119dzynarodowymi operacjami, zarz\u0105dzanie z\u0142o\u017conymi strukturami organizacyjnymi i sprawozdawczymi (wiele firm, wiele oddzia\u0142\u00f3w, wiele zak\u0142ad\u00f3w produkcyjnych, wiele ksi\u0105g finansowych i wiele legislacji).&quot;}\" data-sheets-userformat=\"{&quot;2&quot;:899,&quot;3&quot;:{&quot;1&quot;:0},&quot;4&quot;:{&quot;1&quot;:2,&quot;2&quot;:15987699},&quot;10&quot;:1,&quot;11&quot;:4,&quot;12&quot;:0}\">Nie pozw\u00f3l, aby rozwi\u0105zania w chmurze ogranicza\u0142y Twoje ambicje rozwoju. Sage X3 wspiera zarz\u0105dzanie rozproszonymi i mi\u0119dzynarodowymi operacjami, zarz\u0105dzanie z\u0142o\u017conymi strukturami organizacyjnymi i sprawozdawczymi (wiele firm, wiele oddzia\u0142\u00f3w, wiele zak\u0142ad\u00f3w produkcyjnych, wiele ksi\u0105g finansowych i wiele legislacji).<\/span><\/p>\n<\/p>\n<h3>ZBUDOWANY DLA OPERACJI SPECYFICZNYCH DLA DANEJ BRAN\u017bY<\/h3>\n<p><p><span data-sheets-value=\"{&quot;1&quot;:2,&quot;2&quot;:&quot;Nie daj si\u0119 ograniczy\u0107 przez uniweralne rozwi\u0105zania w chmurze. Sage X3 jest dostosowany do bran\u017cy produkcyjnej, dystrybucyjnej i us\u0142ugowej, zapewniaj\u0105c rozbudowan\u0105 i gotow\u0105 do u\u017cycia funkcjonalno\u015b\u0107, kt\u00f3ra umo\u017cliwi Ci szybsze zarz\u0105dzanie operacjami i popraw\u0119 wydajno\u015bci.&quot;}\" data-sheets-userformat=\"{&quot;2&quot;:899,&quot;3&quot;:{&quot;1&quot;:0},&quot;4&quot;:{&quot;1&quot;:2,&quot;2&quot;:15987699},&quot;10&quot;:1,&quot;11&quot;:4,&quot;12&quot;:0}\">Nie daj si\u0119 ograniczy\u0107 przez uniweralne rozwi\u0105zania w chmurze. Sage X3 jest dostosowany do bran\u017cy produkcyjnej, dystrybucyjnej i us\u0142ugowej, zapewniaj\u0105c rozbudowan\u0105 i gotow\u0105 do u\u017cycia funkcjonalno\u015b\u0107, kt\u00f3ra umo\u017cliwi Ci szybsze zarz\u0105dzanie operacjami i popraw\u0119 wydajno\u015bci.<\/span><\/p>\n<\/p>\n<h3>NAJWY\u017bSZA ELASTYCZNO\u015a\u0106 I MO\u017bLIWO\u015a\u0106 DOSTOSOWANIA DO POTRZEB KLIENTA<\/h3>\n<p><p><span data-sheets-value=\"{&quot;1&quot;:2,&quot;2&quot;:&quot;Nie pozw\u00f3l, aby technologia ogranicza\u0142a Twoje wymagania biznesowe. Sage X3 jest niezwykle elastyczny i mo\u017ce by\u0107 dostosowany do proces\u00f3w i procedur specyficznych dla Twojej firmy. Mo\u017cesz r\u00f3wnie\u017c korzysta\u0107 z rozwi\u0105zania w ramach swojej prywatnej infrastruktury (na miejscu lub hostowanej przez partnera) bez utraty danych lub funkcjonalno\u015bci.&quot;}\" data-sheets-userformat=\"{&quot;2&quot;:899,&quot;3&quot;:{&quot;1&quot;:0},&quot;4&quot;:{&quot;1&quot;:2,&quot;2&quot;:15987699},&quot;10&quot;:1,&quot;11&quot;:4,&quot;12&quot;:0}\">Nie pozw\u00f3l, aby technologia ogranicza\u0142a Twoje wymagania biznesowe. Sage X3 jest niezwykle elastyczny i mo\u017ce by\u0107 dostosowany do proces\u00f3w i procedur specyficznych dla Twojej firmy. Mo\u017cesz r\u00f3wnie\u017c korzysta\u0107 z rozwi\u0105zania w ramach swojej prywatnej infrastruktury (na miejscu lub hostowanej przez partnera) bez utraty danych lub funkcjonalno\u015bci.<\/span><\/p>\n<\/p>\n<h3>NAJWY\u017bSZE BEZPIECZE\u0143STWO, WYDAJNO\u015a\u0106 I SKALOWALNO\u015a\u0106<\/h3>\n<p><p><span data-sheets-value=\"{&quot;1&quot;:2,&quot;2&quot;:&quot;Nie wszystkie rozwi\u0105zania w chmurze s\u0105 jednakowe. Sage X3 opiera si\u0119 na wiod\u0105cej na \u015bwiecie infrastrukturze chmury, aby zapewni\u0107 najbardziej skalowaln\u0105, niezawodn\u0105 i bezpieczn\u0105 platform\u0119 chmury, co potwierdzaj\u0105 liczne certyfikaty, kt\u00f3re otrzyma\u0142a i jej \u015bcis\u0142a zgodno\u015b\u0107 z r\u00f3\u017cnego typu wytycznymi i przepisami regionalnymi dotycz\u0105cymi poufno\u015bci.&quot;}\" data-sheets-userformat=\"{&quot;2&quot;:899,&quot;3&quot;:{&quot;1&quot;:0},&quot;4&quot;:{&quot;1&quot;:2,&quot;2&quot;:15987699},&quot;10&quot;:1,&quot;11&quot;:4,&quot;12&quot;:0}\">Nie wszystkie rozwi\u0105zania w chmurze s\u0105 jednakowe. Sage X3 opiera si\u0119 na wiod\u0105cej na \u015bwiecie infrastrukturze chmury, aby zapewni\u0107 najbardziej skalowaln\u0105, niezawodn\u0105 i bezpieczn\u0105 platform\u0119 chmury, co potwierdzaj\u0105 liczne certyfikaty, kt\u00f3re otrzyma\u0142a i jej \u015bcis\u0142a zgodno\u015b\u0107 z r\u00f3\u017cnego typu wytycznymi i przepisami regionalnymi dotycz\u0105cymi poufno\u015bci.<\/span><\/p>\n<\/p>\n<h3>UNIWERSALNY DOST\u0118P INTERNETOWY I MOBILNY<\/h3>\n<p><p><span data-sheets-value=\"{&quot;1&quot;:2,&quot;2&quot;:&quot;Mobilno\u015b\u0107 nie jest zarezerwowana wy\u0142\u0105cznie dla mened\u017cer\u00f3w wy\u017cszego szczebla. Dzi\u0119ki Sage X3 wszyscy u\u017cytkownicy korzystaj\u0105 z bezpiecznego dost\u0119pu, z dowolnej przegl\u0105darki lub urz\u0105dzenia mobilnego, do wszystkich danych i funkcji systemu, niezale\u017cnie od ich lokalizacji i na wielu powszechnie u\u017cywanych terminalach. Interfejs HTML5 zapewnia intuicyjne przegl\u0105danie i pozwala na \u0142atw\u0105 personalizacj\u0119 przez u\u017cytkownik\u00f3w.&quot;}\" data-sheets-userformat=\"{&quot;2&quot;:829,&quot;3&quot;:{&quot;1&quot;:0},&quot;5&quot;:{&quot;1&quot;:[{&quot;1&quot;:2,&quot;2&quot;:0,&quot;5&quot;:{&quot;1&quot;:2,&quot;2&quot;:0}},{&quot;1&quot;:0,&quot;2&quot;:0,&quot;3&quot;:3},{&quot;1&quot;:1,&quot;2&quot;:0,&quot;4&quot;:1}]},&quot;6&quot;:{&quot;1&quot;:[{&quot;1&quot;:2,&quot;2&quot;:0,&quot;5&quot;:{&quot;1&quot;:2,&quot;2&quot;:0}},{&quot;1&quot;:0,&quot;2&quot;:0,&quot;3&quot;:3},{&quot;1&quot;:1,&quot;2&quot;:0,&quot;4&quot;:1}]},&quot;7&quot;:{&quot;1&quot;:[{&quot;1&quot;:2,&quot;2&quot;:0,&quot;5&quot;:{&quot;1&quot;:2,&quot;2&quot;:0}},{&quot;1&quot;:0,&quot;2&quot;:0,&quot;3&quot;:3},{&quot;1&quot;:1,&quot;2&quot;:0,&quot;4&quot;:1}]},&quot;8&quot;:{&quot;1&quot;:[{&quot;1&quot;:2,&quot;2&quot;:0,&quot;5&quot;:{&quot;1&quot;:2,&quot;2&quot;:0}},{&quot;1&quot;:0,&quot;2&quot;:0,&quot;3&quot;:3},{&quot;1&quot;:1,&quot;2&quot;:0,&quot;4&quot;:1}]},&quot;11&quot;:4,&quot;12&quot;:0}\">Mobilno\u015b\u0107 nie jest zarezerwowana wy\u0142\u0105cznie dla mened\u017cer\u00f3w wy\u017cszego szczebla. Dzi\u0119ki Sage X3 wszyscy u\u017cytkownicy korzystaj\u0105 z bezpiecznego dost\u0119pu, z dowolnej przegl\u0105darki lub urz\u0105dzenia mobilnego, do wszystkich danych i funkcji systemu, niezale\u017cnie od ich lokalizacji i na wielu powszechnie u\u017cywanych terminalach. Interfejs HTML5 zapewnia intuicyjne przegl\u0105danie i pozwala na \u0142atw\u0105 personalizacj\u0119 przez u\u017cytkownik\u00f3w.<\/span><\/p>\n<\/p>\n<h2><\/h2>\n<h3>Powi\u0105zane strony<\/h3>\n<\/p>\n<h3><\/h3>\n<\/p>\n<h3><\/h3><\/p>\n","protected":false},"excerpt":{"rendered":"<p>Deveho consulting group oferuje us\u0142ugi Chmura i Hosting, kt\u00f3re s\u0105 dostosowane do potrzeb Pa\u0144stwa organizacji, jak r\u00f3wnie\u017c uwzgl\u0119dniaj\u0105 Pa\u0144stwa przysz\u0142e ambicje rozwoju.<\/p>\n","protected":false},"author":3,"featured_media":0,"parent":21902,"menu_order":0,"comment_status":"closed","ping_status":"closed","template":"templates\/template-prod_serv.php","meta":{"_acf_changed":false,"footnotes":""},"class_list":["post-10996","page","type-page","status-publish","hentry"],"acf":[],"yoast_head":"<!-- This site is optimized with the Yoast SEO plugin v23.5 - https:\/\/yoast.com\/wordpress\/plugins\/seo\/ -->\n<title>Chmura i Hosting - Deveho<\/title>\n<meta name=\"robots\" content=\"index, follow, max-snippet:-1, max-image-preview:large, max-video-preview:-1\" \/>\n<link rel=\"canonical\" href=\"https:\/\/deveho.com\/pl\/uslugi\/chmura-i-hosting\/\" \/>\n<meta property=\"og:locale\" content=\"pl_PL\" \/>\n<meta property=\"og:type\" content=\"article\" \/>\n<meta property=\"og:title\" content=\"Chmura i Hosting - Deveho\" \/>\n<meta property=\"og:description\" content=\"Deveho consulting group oferuje us\u0142ugi Chmura i Hosting, kt\u00f3re s\u0105 dostosowane do potrzeb Pa\u0144stwa organizacji, jak r\u00f3wnie\u017c uwzgl\u0119dniaj\u0105 Pa\u0144stwa przysz\u0142e ambicje rozwoju.\" \/>\n<meta property=\"og:url\" content=\"https:\/\/deveho.com\/pl\/uslugi\/chmura-i-hosting\/\" \/>\n<meta property=\"og:site_name\" content=\"Deveho\" \/>\n<meta property=\"article:publisher\" content=\"https:\/\/www.facebook.com\/deveho\" \/>\n<meta property=\"article:modified_time\" content=\"2023-09-11T12:16:44+00:00\" \/>\n<meta name=\"twitter:card\" content=\"summary_large_image\" \/>\n<meta name=\"twitter:site\" content=\"@Deveho1\" \/>\n<meta name=\"twitter:label1\" content=\"Szacowany czas czytania\" \/>\n\t<meta name=\"twitter:data1\" content=\"2 minuty\" \/>\n<script type=\"application\/ld+json\" class=\"yoast-schema-graph\">{\"@context\":\"https:\/\/schema.org\",\"@graph\":[{\"@type\":\"WebPage\",\"@id\":\"https:\/\/deveho.com\/pl\/uslugi\/chmura-i-hosting\/\",\"url\":\"https:\/\/deveho.com\/pl\/uslugi\/chmura-i-hosting\/\",\"name\":\"Chmura i Hosting - Deveho\",\"isPartOf\":{\"@id\":\"https:\/\/deveho.com\/#website\"},\"datePublished\":\"2022-08-10T09:03:54+00:00\",\"dateModified\":\"2023-09-11T12:16:44+00:00\",\"breadcrumb\":{\"@id\":\"https:\/\/deveho.com\/pl\/uslugi\/chmura-i-hosting\/#breadcrumb\"},\"inLanguage\":\"pl-PL\",\"potentialAction\":[{\"@type\":\"ReadAction\",\"target\":[\"https:\/\/deveho.com\/pl\/uslugi\/chmura-i-hosting\/\"]}]},{\"@type\":\"BreadcrumbList\",\"@id\":\"https:\/\/deveho.com\/pl\/uslugi\/chmura-i-hosting\/#breadcrumb\",\"itemListElement\":[{\"@type\":\"ListItem\",\"position\":1,\"name\":\"Home\",\"item\":\"https:\/\/deveho.com\/pl\/\"},{\"@type\":\"ListItem\",\"position\":2,\"name\":\"Us\u0142ugi\",\"item\":\"https:\/\/deveho.com\/pl\/uslugi\/\"},{\"@type\":\"ListItem\",\"position\":3,\"name\":\"Chmura i Hosting\"}]},{\"@type\":\"WebSite\",\"@id\":\"https:\/\/deveho.com\/#website\",\"url\":\"https:\/\/deveho.com\/\",\"name\":\"Deveho Consulting Group\",\"description\":\"Let\u2019s boost your growth\",\"publisher\":{\"@id\":\"https:\/\/deveho.com\/#organization\"},\"potentialAction\":[{\"@type\":\"SearchAction\",\"target\":{\"@type\":\"EntryPoint\",\"urlTemplate\":\"https:\/\/deveho.com\/?s={search_term_string}\"},\"query-input\":{\"@type\":\"PropertyValueSpecification\",\"valueRequired\":true,\"valueName\":\"search_term_string\"}}],\"inLanguage\":\"pl-PL\"},{\"@type\":\"Organization\",\"@id\":\"https:\/\/deveho.com\/#organization\",\"name\":\"Deveho Consulting Group\",\"url\":\"https:\/\/deveho.com\/\",\"logo\":{\"@type\":\"ImageObject\",\"inLanguage\":\"pl-PL\",\"@id\":\"https:\/\/deveho.com\/#\/schema\/logo\/image\/\",\"url\":\"https:\/\/deveho.com\/wp-content\/uploads\/2023\/02\/DEVEHO-LOGO-Baseline-COLOR.png\",\"contentUrl\":\"https:\/\/deveho.com\/wp-content\/uploads\/2023\/02\/DEVEHO-LOGO-Baseline-COLOR.png\",\"width\":2251,\"height\":585,\"caption\":\"Deveho Consulting Group\"},\"image\":{\"@id\":\"https:\/\/deveho.com\/#\/schema\/logo\/image\/\"},\"sameAs\":[\"https:\/\/www.facebook.com\/deveho\",\"https:\/\/x.com\/Deveho1\",\"https:\/\/www.linkedin.com\/company\/deveho-consulting\/\"]}]}<\/script>\n<!-- \/ Yoast SEO plugin. -->","yoast_head_json":{"title":"Chmura i Hosting - Deveho","robots":{"index":"index","follow":"follow","max-snippet":"max-snippet:-1","max-image-preview":"max-image-preview:large","max-video-preview":"max-video-preview:-1"},"canonical":"https:\/\/deveho.com\/pl\/uslugi\/chmura-i-hosting\/","og_locale":"pl_PL","og_type":"article","og_title":"Chmura i Hosting - Deveho","og_description":"Deveho consulting group oferuje us\u0142ugi Chmura i Hosting, kt\u00f3re s\u0105 dostosowane do potrzeb Pa\u0144stwa organizacji, jak r\u00f3wnie\u017c uwzgl\u0119dniaj\u0105 Pa\u0144stwa przysz\u0142e ambicje rozwoju.","og_url":"https:\/\/deveho.com\/pl\/uslugi\/chmura-i-hosting\/","og_site_name":"Deveho","article_publisher":"https:\/\/www.facebook.com\/deveho","article_modified_time":"2023-09-11T12:16:44+00:00","twitter_card":"summary_large_image","twitter_site":"@Deveho1","twitter_misc":{"Szacowany czas czytania":"2 minuty"},"schema":{"@context":"https:\/\/schema.org","@graph":[{"@type":"WebPage","@id":"https:\/\/deveho.com\/pl\/uslugi\/chmura-i-hosting\/","url":"https:\/\/deveho.com\/pl\/uslugi\/chmura-i-hosting\/","name":"Chmura i Hosting - Deveho","isPartOf":{"@id":"https:\/\/deveho.com\/#website"},"datePublished":"2022-08-10T09:03:54+00:00","dateModified":"2023-09-11T12:16:44+00:00","breadcrumb":{"@id":"https:\/\/deveho.com\/pl\/uslugi\/chmura-i-hosting\/#breadcrumb"},"inLanguage":"pl-PL","potentialAction":[{"@type":"ReadAction","target":["https:\/\/deveho.com\/pl\/uslugi\/chmura-i-hosting\/"]}]},{"@type":"BreadcrumbList","@id":"https:\/\/deveho.com\/pl\/uslugi\/chmura-i-hosting\/#breadcrumb","itemListElement":[{"@type":"ListItem","position":1,"name":"Home","item":"https:\/\/deveho.com\/pl\/"},{"@type":"ListItem","position":2,"name":"Us\u0142ugi","item":"https:\/\/deveho.com\/pl\/uslugi\/"},{"@type":"ListItem","position":3,"name":"Chmura i Hosting"}]},{"@type":"WebSite","@id":"https:\/\/deveho.com\/#website","url":"https:\/\/deveho.com\/","name":"Deveho Consulting Group","description":"Let\u2019s boost your growth","publisher":{"@id":"https:\/\/deveho.com\/#organization"},"potentialAction":[{"@type":"SearchAction","target":{"@type":"EntryPoint","urlTemplate":"https:\/\/deveho.com\/?s={search_term_string}"},"query-input":{"@type":"PropertyValueSpecification","valueRequired":true,"valueName":"search_term_string"}}],"inLanguage":"pl-PL"},{"@type":"Organization","@id":"https:\/\/deveho.com\/#organization","name":"Deveho Consulting Group","url":"https:\/\/deveho.com\/","logo":{"@type":"ImageObject","inLanguage":"pl-PL","@id":"https:\/\/deveho.com\/#\/schema\/logo\/image\/","url":"https:\/\/deveho.com\/wp-content\/uploads\/2023\/02\/DEVEHO-LOGO-Baseline-COLOR.png","contentUrl":"https:\/\/deveho.com\/wp-content\/uploads\/2023\/02\/DEVEHO-LOGO-Baseline-COLOR.png","width":2251,"height":585,"caption":"Deveho Consulting Group"},"image":{"@id":"https:\/\/deveho.com\/#\/schema\/logo\/image\/"},"sameAs":["https:\/\/www.facebook.com\/deveho","https:\/\/x.com\/Deveho1","https:\/\/www.linkedin.com\/company\/deveho-consulting\/"]}]}},"_links":{"self":[{"href":"https:\/\/deveho.com\/pl\/wp-json\/wp\/v2\/pages\/10996"}],"collection":[{"href":"https:\/\/deveho.com\/pl\/wp-json\/wp\/v2\/pages"}],"about":[{"href":"https:\/\/deveho.com\/pl\/wp-json\/wp\/v2\/types\/page"}],"author":[{"embeddable":true,"href":"https:\/\/deveho.com\/pl\/wp-json\/wp\/v2\/users\/3"}],"replies":[{"embeddable":true,"href":"https:\/\/deveho.com\/pl\/wp-json\/wp\/v2\/comments?post=10996"}],"version-history":[{"count":0,"href":"https:\/\/deveho.com\/pl\/wp-json\/wp\/v2\/pages\/10996\/revisions"}],"up":[{"embeddable":true,"href":"https:\/\/deveho.com\/pl\/wp-json\/wp\/v2\/pages\/21902"}],"wp:attachment":[{"href":"https:\/\/deveho.com\/pl\/wp-json\/wp\/v2\/media?parent=10996"}],"curies":[{"name":"wp","href":"https:\/\/api.w.org\/{rel}","templated":true}]}}