{"id":10999,"date":"2022-08-10T09:07:04","date_gmt":"2022-08-10T09:07:04","guid":{"rendered":"https:\/\/deveho2.sfdbeta.be\/cloud-hosting\/ovh\/"},"modified":"2023-12-08T23:17:12","modified_gmt":"2023-12-08T21:17:12","slug":"ovh","status":"publish","type":"page","link":"https:\/\/deveho.com\/pl\/uslugi\/chmura-i-hosting\/ovh\/","title":{"rendered":"OVH"},"content":{"rendered":"<br \/>\n<h2>Informacje og\u00f3lne o OVH<\/h2>\n<\/p>\n<p><p><span data-sheets-value=\"{&quot;1&quot;:2,&quot;2&quot;:&quot;OVHcloud zapewnia inteligentniejsz\u0105 alternatyw\u0119 dla hostingu stron internetowych, poczty elektronicznej, serwer\u00f3w, hostowanych rozwi\u0105za\u0144 chmury prywatnej, hybrydowej i publicznej. Grupa zarz\u0105dza 30 centrami danych w 12 lokalizacjach na 4 kontynentach, produkuj\u0105c w\u0142asne serwery, buduj\u0105c w\u0142asne centra danych i wdra\u017caj\u0105c w\u0142asn\u0105 \u015bwiat\u0142owodow\u0105 sie\u0107 globaln\u0105 w celu osi\u0105gni\u0119cia maksymalnej wydajno\u015bci.&quot;}\" data-sheets-userformat=\"{&quot;2&quot;:899,&quot;3&quot;:{&quot;1&quot;:0},&quot;4&quot;:{&quot;1&quot;:2,&quot;2&quot;:14281427},&quot;10&quot;:1,&quot;11&quot;:4,&quot;12&quot;:0}\">OVHcloud zapewnia inteligentniejsz\u0105 alternatyw\u0119 dla hostingu stron internetowych, poczty elektronicznej, serwer\u00f3w, hostowanych rozwi\u0105za\u0144 chmury prywatnej, hybrydowej i publicznej. Grupa zarz\u0105dza 30 centrami danych w 12 lokalizacjach na 4 kontynentach, produkuj\u0105c w\u0142asne serwery, buduj\u0105c w\u0142asne centra danych i wdra\u017caj\u0105c w\u0142asn\u0105 \u015bwiat\u0142owodow\u0105 sie\u0107 globaln\u0105 w celu osi\u0105gni\u0119cia maksymalnej wydajno\u015bci.<\/span><\/p>\n<\/p>\n<p><p><span data-sheets-value=\"{&quot;1&quot;:2,&quot;2&quot;:&quot;Poprzez ducha OVHcloud kwestionuj\u0105cego status quo, firma przynosi wolno\u015b\u0107, bezpiecze\u0144stwo i innowacje, aby rozwi\u0105za\u0107 wyzwania zwi\u0105zane z danymi - dzi\u015b i jutro. Z 20-letnim dziedzictwem i solidnymi europejskimi fundamentami, OVHcloud jest zaanga\u017cowany w rozw\u00f3j odpowiedzialnych technologii, grupa stara si\u0119 by\u0107 si\u0142\u0105 nap\u0119dow\u0105 nast\u0119pnej ewolucji chmury.&quot;}\" data-sheets-userformat=\"{&quot;2&quot;:899,&quot;3&quot;:{&quot;1&quot;:0},&quot;4&quot;:{&quot;1&quot;:2,&quot;2&quot;:14281427},&quot;10&quot;:1,&quot;11&quot;:4,&quot;12&quot;:0}\">Dzi\u0119ki nowatorskiej koncepcji firma OVHcloud zapewnia niezale\u017cno\u015b\u0107, bezpiecze\u0144stwo i innowacje, aby rozwi\u0105za\u0107 wyzwania zwi\u0105zane z danymi &#8211; dzi\u015b i jutro. Z 20-letnim dziedzictwem i solidnymi europejskimi fundamentami, OVHcloud jest zaanga\u017cowany w rozw\u00f3j odpowiedzialnych technologii, grupa stara si\u0119 by\u0107 si\u0142\u0105 nap\u0119dow\u0105 nast\u0119pnej ewolucji chmury.<\/span><\/p>\n<\/p>\n<h2><red>Korzy\u015bci <\/red>OVH<\/h2>\n<h3>US\u0141UGI<\/h3>\n<p><p><span data-sheets-value=\"{&quot;1&quot;:2,&quot;2&quot;:&quot;OVH oferuje szeroki zakres us\u0142ug IT dla firm: od hostingu internetowego po wirtualne centra danych, serwery dedykowane, rozwi\u0105zania pami\u0119ci masowej oraz po\u0142\u0105czenia xDSL i VoIP, wszystkie us\u0142ugi korzystaj\u0105 z ci\u0105g\u0142ych innowacji i s\u0105 regularnie wzbogacane o nowe funkcje.&quot;}\" data-sheets-userformat=\"{&quot;2&quot;:899,&quot;3&quot;:{&quot;1&quot;:0},&quot;4&quot;:{&quot;1&quot;:2,&quot;2&quot;:14281427},&quot;10&quot;:1,&quot;11&quot;:4,&quot;12&quot;:0}\">OVH oferuje szeroki zakres us\u0142ug IT dla firm: od hostingu internetowego po wirtualne centra danych, serwery dedykowane, rozwi\u0105zania pami\u0119ci masowej oraz po\u0142\u0105czenia xDSL i VoIP, wszystkie us\u0142ugi korzystaj\u0105 z ci\u0105g\u0142ych innowacji i s\u0105 regularnie wzbogacane o nowe funkcje.<\/span><\/p>\n<\/p>\n<h3>ZASTRZE\u017bONA SIE\u0106 OG\u00d3LNO\u015aWIATOWA<\/h3>\n<p><p><span data-sheets-value=\"{&quot;1&quot;:2,&quot;2&quot;:&quot;Mi\u0119dzynarodowy zasi\u0119g OVH opiera si\u0119 przede wszystkim na jej w\u0142asnej sieci, dzi\u0119ki kt\u00f3rej zapewniamy najwy\u017csz\u0105 jako\u015b\u0107 us\u0142ug. Ta ultra bezpieczna sie\u0107, z gwarantowan\u0105 przepustowo\u015bci\u0105, oferuje wyj\u0105tkow\u0105 przewag\u0119 na dzisiejszym rynku hostingowym.&quot;}\" data-sheets-userformat=\"{&quot;2&quot;:899,&quot;3&quot;:{&quot;1&quot;:0},&quot;4&quot;:{&quot;1&quot;:2,&quot;2&quot;:14281427},&quot;10&quot;:1,&quot;11&quot;:4,&quot;12&quot;:0}\">Mi\u0119dzynarodowy zasi\u0119g OVH opiera si\u0119 przede wszystkim na jej w\u0142asnej sieci, dzi\u0119ki kt\u00f3rej zapewniamy najwy\u017csz\u0105 jako\u015b\u0107 us\u0142ug. Ta ultra bezpieczna sie\u0107, z gwarantowan\u0105 przepustowo\u015bci\u0105, oferuje wyj\u0105tkow\u0105 przewag\u0119 na dzisiejszym rynku hostingowym.<\/span><\/p>\n<\/p>\n<h3>PASJONACI OBS\u0141UGI KLIENTA<\/h3>\n<p><p><span data-sheets-value=\"{&quot;1&quot;:2,&quot;2&quot;:&quot;W OVH has\u0142o &quot;zawsze do us\u0142ug&quot; jest podstaw\u0105 prawdziwego zaanga\u017cowania. Ju\u017c od pierwszej rozmowy z zespo\u0142em wsparcia technicznego b\u0119dziesz mia\u0142 do czynienia z zaawansowanymi u\u017cytkownikami, kt\u00f3rzy wykorzystaj\u0105 swoj\u0105 wiedz\u0119 techniczn\u0105, aby pom\u00f3c Ci w wyborze odpowiedniego rozwi\u0105zania.&quot;}\" data-sheets-userformat=\"{&quot;2&quot;:899,&quot;3&quot;:{&quot;1&quot;:0},&quot;4&quot;:{&quot;1&quot;:2,&quot;2&quot;:14281427},&quot;10&quot;:1,&quot;11&quot;:4,&quot;12&quot;:0}\">W OVH has\u0142o &#8220;zawsze do us\u0142ug&#8221; jest podstaw\u0105 prawdziwego zaanga\u017cowania. Ju\u017c od pierwszej rozmowy z zespo\u0142em wsparcia technicznego b\u0119dziesz mia\u0142 do czynienia ze specjalistami, kt\u00f3rzy wykorzystaj\u0105 swoj\u0105 wiedz\u0119 techniczn\u0105, aby pom\u00f3c Ci w wyborze odpowiedniego rozwi\u0105zania.<\/span><\/p>\n<\/p>\n<h3>OPTYMALIZACJA WYDATK\u00d3W<\/h3>\n<p><p><span data-sheets-value=\"{&quot;1&quot;:2,&quot;2&quot;:&quot;Wi\u0119kszo\u015b\u0107 konkurent\u00f3w zarz\u0105dza jedynie sam\u0105 us\u0142ug\u0105 hostingu. Produkcja serwer\u00f3w jest wi\u0119c zlecana na zewn\u0105trz, centra danych s\u0105 wynajmowane od os\u00f3b trzecich, podobnie jak sie\u0107, kt\u00f3ra jest dostarczana pod klucz przez podwykonawc\u00f3w. W zwi\u0105zku z tym trudno jest zagwarantowa\u0107 stawki za us\u0142ugi i utrzyma\u0107 je na konkurencyjnym poziomie. W OVH.com struktura koszt\u00f3w zosta\u0142a maksymalnie zracjonalizowana.&quot;}\" data-sheets-userformat=\"{&quot;2&quot;:899,&quot;3&quot;:{&quot;1&quot;:0},&quot;4&quot;:{&quot;1&quot;:2,&quot;2&quot;:14281427},&quot;10&quot;:1,&quot;11&quot;:4,&quot;12&quot;:0}\">Wi\u0119kszo\u015b\u0107 konkurent\u00f3w zarz\u0105dza jedynie sam\u0105 us\u0142ug\u0105 hostingu. Produkcja serwer\u00f3w jest wi\u0119c zlecana na zewn\u0105trz, centra danych s\u0105 wynajmowane od podmiot\u00f3w zewn\u0119trznych, podobnie jak sie\u0107, kt\u00f3ra jest dostarczana pod klucz przez podwykonawc\u00f3w. W zwi\u0105zku z tym trudno jest zagwarantowa\u0107 stawki za us\u0142ugi i utrzyma\u0107 je na konkurencyjnym poziomie. W OVH.com struktura koszt\u00f3w zosta\u0142a maksymalnie zracjonalizowana.<\/span><\/p>\n<\/p>\n<h3>ZDECYDOWANIE NIEZALE\u017bNY<\/h3>\n<p><p><span data-sheets-value=\"{&quot;1&quot;:2,&quot;2&quot;:&quot;OVH jest rodzinn\u0105, niezale\u017cn\u0105 finansowo firm\u0105, kt\u00f3ra postanowi\u0142a reinwestowa\u0107 wszystkie swoje zyski w sw\u00f3j rozw\u00f3j.&quot;}\" data-sheets-userformat=\"{&quot;2&quot;:899,&quot;3&quot;:{&quot;1&quot;:0},&quot;4&quot;:{&quot;1&quot;:2,&quot;2&quot;:14281427},&quot;10&quot;:1,&quot;11&quot;:4,&quot;12&quot;:0}\">OVH jest rodzinn\u0105, niezale\u017cn\u0105 finansowo firm\u0105, kt\u00f3ra postanowi\u0142a reinwestowa\u0107 wszystkie zyski w sw\u00f3j rozw\u00f3j.<\/span><\/p>\n<\/p>\n<h2>Serwer dedykowany: Podzia\u0142 odpowiedzialno\u015bci<\/h2>\n<h3>ZAKRES US\u0141UG DEVEHO<\/h3>\n<p><p>Wdro\u017cenie, administracja i utrzymanie system\u00f3w operacyjnych oraz aplikacji Sage X3.<\/p>\n<p>Projektowanie, implementacja, ewentualne utrzymanie rozwi\u0105za\u0144 sieciowych wdro\u017conych w ramach rozwi\u0105zania sieci prywatnej OVH.<\/p>\n<\/p>\n<h3>ZAKRES US\u0141UG OVH<\/h3>\n<p><p>Produkcja, routing, dostawa, utrzymanie sprz\u0119towe serwer\u00f3w i centr\u00f3w danych.<\/p>\n<p>Architektura, wdro\u017cenie i utrzymanie sprz\u0119towe infrastruktury sieci publicznej i prywatnej.<\/p>\n<\/p>\n<h3><red>Chmura Deveho hostowana przez OVH <\/red>       <\/h3>\n<\/p>\n<p>Infrastruktura dedykowana\n<\/p>\n<p>Szeroka gama serwer\u00f3w do r\u00f3\u017cnych zastosowa\u0144:<br \/>\nWirtualizacja,<br \/>\nSk\u0142adowanie danych,<br \/>\nBig Data,<br \/>\nAdministracja,<br \/>\nitp.<\/p>\n<p>Mo\u017cliwo\u015b\u0107 dostosowania konfiguracji: RAM \/ CPU \/ Disk \/ Raid<\/p>\n<p>Najnowsze osi\u0105gni\u0119cia technologiczne<\/p>\n<p>Zasoby w podziale na miesi\u0105ce<\/p>\n<p>Wielostanowiskowa sie\u0107 prywatna OVH: vRack\n<\/p>\n<h2><\/h2>\n<h3>Powi\u0105zane strony<\/h3>\n<\/p>\n<h3><\/h3>\n<\/p>\n<h3><\/h3><\/p>\n","protected":false},"excerpt":{"rendered":"<p>OVH jest globalnym dostawc\u0105 hiperskalowalnej chmury obliczeniowej w Europie. OVH oferuje szeroki zakres us\u0142ug IT dla firm: od hostingu internetowego po wirtualne centra danych, serwery dedykowane, rozwi\u0105zania pami\u0119ci masowej oraz po\u0142\u0105czenia xDSL i VoIP, wszystkie us\u0142ugi korzystaj\u0105 z ci\u0105g\u0142ych innowacji i s\u0105 regularnie wzbogacane o nowe funkcje.<\/p>\n","protected":false},"author":8,"featured_media":0,"parent":10996,"menu_order":0,"comment_status":"closed","ping_status":"closed","template":"templates\/template-prod_serv.php","meta":{"_acf_changed":false,"footnotes":""},"class_list":["post-10999","page","type-page","status-publish","hentry"],"acf":[],"yoast_head":"<!-- This site is optimized with the Yoast SEO plugin v23.5 - https:\/\/yoast.com\/wordpress\/plugins\/seo\/ -->\n<title>OVH - Deveho<\/title>\n<meta name=\"robots\" content=\"index, follow, max-snippet:-1, max-image-preview:large, max-video-preview:-1\" \/>\n<link rel=\"canonical\" href=\"https:\/\/deveho.com\/services\/cloud-hosting\/ovh-cloud\/\" \/>\n<meta property=\"og:locale\" content=\"pl_PL\" \/>\n<meta property=\"og:type\" content=\"article\" \/>\n<meta property=\"og:title\" content=\"OVH - Deveho\" \/>\n<meta property=\"og:description\" content=\"OVH jest globalnym dostawc\u0105 hiperskalowalnej chmury obliczeniowej w Europie. OVH oferuje szeroki zakres us\u0142ug IT dla firm: od hostingu internetowego po wirtualne centra danych, serwery dedykowane, rozwi\u0105zania pami\u0119ci masowej oraz po\u0142\u0105czenia xDSL i VoIP, wszystkie us\u0142ugi korzystaj\u0105 z ci\u0105g\u0142ych innowacji i s\u0105 regularnie wzbogacane o nowe funkcje.\" \/>\n<meta property=\"og:url\" content=\"https:\/\/deveho.com\/services\/cloud-hosting\/ovh-cloud\/\" \/>\n<meta property=\"og:site_name\" content=\"Deveho\" \/>\n<meta property=\"article:publisher\" content=\"https:\/\/www.facebook.com\/deveho\" \/>\n<meta property=\"article:modified_time\" content=\"2023-12-08T21:17:12+00:00\" \/>\n<meta name=\"twitter:card\" content=\"summary_large_image\" \/>\n<meta name=\"twitter:site\" content=\"@Deveho1\" \/>\n<meta name=\"twitter:label1\" content=\"Szacowany czas czytania\" \/>\n\t<meta name=\"twitter:data1\" content=\"2 minuty\" \/>\n<script type=\"application\/ld+json\" class=\"yoast-schema-graph\">{\"@context\":\"https:\/\/schema.org\",\"@graph\":[{\"@type\":\"WebPage\",\"@id\":\"https:\/\/deveho.com\/services\/cloud-hosting\/ovh-cloud\/\",\"url\":\"https:\/\/deveho.com\/services\/cloud-hosting\/ovh-cloud\/\",\"name\":\"OVH - Deveho\",\"isPartOf\":{\"@id\":\"https:\/\/deveho.com\/#website\"},\"datePublished\":\"2022-08-10T09:07:04+00:00\",\"dateModified\":\"2023-12-08T21:17:12+00:00\",\"breadcrumb\":{\"@id\":\"https:\/\/deveho.com\/services\/cloud-hosting\/ovh-cloud\/#breadcrumb\"},\"inLanguage\":\"pl-PL\",\"potentialAction\":[{\"@type\":\"ReadAction\",\"target\":[\"https:\/\/deveho.com\/services\/cloud-hosting\/ovh-cloud\/\"]}]},{\"@type\":\"BreadcrumbList\",\"@id\":\"https:\/\/deveho.com\/services\/cloud-hosting\/ovh-cloud\/#breadcrumb\",\"itemListElement\":[{\"@type\":\"ListItem\",\"position\":1,\"name\":\"Home\",\"item\":\"https:\/\/deveho.com\/pl\/\"},{\"@type\":\"ListItem\",\"position\":2,\"name\":\"Us\u0142ugi\",\"item\":\"https:\/\/deveho.com\/pl\/uslugi\/\"},{\"@type\":\"ListItem\",\"position\":3,\"name\":\"Chmura i Hosting\",\"item\":\"https:\/\/deveho.com\/pl\/uslugi\/chmura-i-hosting\/\"},{\"@type\":\"ListItem\",\"position\":4,\"name\":\"OVH\"}]},{\"@type\":\"WebSite\",\"@id\":\"https:\/\/deveho.com\/#website\",\"url\":\"https:\/\/deveho.com\/\",\"name\":\"Deveho Consulting Group\",\"description\":\"Let\u2019s boost your growth\",\"publisher\":{\"@id\":\"https:\/\/deveho.com\/#organization\"},\"potentialAction\":[{\"@type\":\"SearchAction\",\"target\":{\"@type\":\"EntryPoint\",\"urlTemplate\":\"https:\/\/deveho.com\/?s={search_term_string}\"},\"query-input\":{\"@type\":\"PropertyValueSpecification\",\"valueRequired\":true,\"valueName\":\"search_term_string\"}}],\"inLanguage\":\"pl-PL\"},{\"@type\":\"Organization\",\"@id\":\"https:\/\/deveho.com\/#organization\",\"name\":\"Deveho Consulting Group\",\"url\":\"https:\/\/deveho.com\/\",\"logo\":{\"@type\":\"ImageObject\",\"inLanguage\":\"pl-PL\",\"@id\":\"https:\/\/deveho.com\/#\/schema\/logo\/image\/\",\"url\":\"https:\/\/deveho.com\/wp-content\/uploads\/2023\/02\/DEVEHO-LOGO-Baseline-COLOR.png\",\"contentUrl\":\"https:\/\/deveho.com\/wp-content\/uploads\/2023\/02\/DEVEHO-LOGO-Baseline-COLOR.png\",\"width\":2251,\"height\":585,\"caption\":\"Deveho Consulting Group\"},\"image\":{\"@id\":\"https:\/\/deveho.com\/#\/schema\/logo\/image\/\"},\"sameAs\":[\"https:\/\/www.facebook.com\/deveho\",\"https:\/\/x.com\/Deveho1\",\"https:\/\/www.linkedin.com\/company\/deveho-consulting\/\"]}]}<\/script>\n<!-- \/ Yoast SEO plugin. -->","yoast_head_json":{"title":"OVH - Deveho","robots":{"index":"index","follow":"follow","max-snippet":"max-snippet:-1","max-image-preview":"max-image-preview:large","max-video-preview":"max-video-preview:-1"},"canonical":"https:\/\/deveho.com\/services\/cloud-hosting\/ovh-cloud\/","og_locale":"pl_PL","og_type":"article","og_title":"OVH - Deveho","og_description":"OVH jest globalnym dostawc\u0105 hiperskalowalnej chmury obliczeniowej w Europie. OVH oferuje szeroki zakres us\u0142ug IT dla firm: od hostingu internetowego po wirtualne centra danych, serwery dedykowane, rozwi\u0105zania pami\u0119ci masowej oraz po\u0142\u0105czenia xDSL i VoIP, wszystkie us\u0142ugi korzystaj\u0105 z ci\u0105g\u0142ych innowacji i s\u0105 regularnie wzbogacane o nowe funkcje.","og_url":"https:\/\/deveho.com\/services\/cloud-hosting\/ovh-cloud\/","og_site_name":"Deveho","article_publisher":"https:\/\/www.facebook.com\/deveho","article_modified_time":"2023-12-08T21:17:12+00:00","twitter_card":"summary_large_image","twitter_site":"@Deveho1","twitter_misc":{"Szacowany czas czytania":"2 minuty"},"schema":{"@context":"https:\/\/schema.org","@graph":[{"@type":"WebPage","@id":"https:\/\/deveho.com\/services\/cloud-hosting\/ovh-cloud\/","url":"https:\/\/deveho.com\/services\/cloud-hosting\/ovh-cloud\/","name":"OVH - Deveho","isPartOf":{"@id":"https:\/\/deveho.com\/#website"},"datePublished":"2022-08-10T09:07:04+00:00","dateModified":"2023-12-08T21:17:12+00:00","breadcrumb":{"@id":"https:\/\/deveho.com\/services\/cloud-hosting\/ovh-cloud\/#breadcrumb"},"inLanguage":"pl-PL","potentialAction":[{"@type":"ReadAction","target":["https:\/\/deveho.com\/services\/cloud-hosting\/ovh-cloud\/"]}]},{"@type":"BreadcrumbList","@id":"https:\/\/deveho.com\/services\/cloud-hosting\/ovh-cloud\/#breadcrumb","itemListElement":[{"@type":"ListItem","position":1,"name":"Home","item":"https:\/\/deveho.com\/pl\/"},{"@type":"ListItem","position":2,"name":"Us\u0142ugi","item":"https:\/\/deveho.com\/pl\/uslugi\/"},{"@type":"ListItem","position":3,"name":"Chmura i Hosting","item":"https:\/\/deveho.com\/pl\/uslugi\/chmura-i-hosting\/"},{"@type":"ListItem","position":4,"name":"OVH"}]},{"@type":"WebSite","@id":"https:\/\/deveho.com\/#website","url":"https:\/\/deveho.com\/","name":"Deveho Consulting Group","description":"Let\u2019s boost your growth","publisher":{"@id":"https:\/\/deveho.com\/#organization"},"potentialAction":[{"@type":"SearchAction","target":{"@type":"EntryPoint","urlTemplate":"https:\/\/deveho.com\/?s={search_term_string}"},"query-input":{"@type":"PropertyValueSpecification","valueRequired":true,"valueName":"search_term_string"}}],"inLanguage":"pl-PL"},{"@type":"Organization","@id":"https:\/\/deveho.com\/#organization","name":"Deveho Consulting Group","url":"https:\/\/deveho.com\/","logo":{"@type":"ImageObject","inLanguage":"pl-PL","@id":"https:\/\/deveho.com\/#\/schema\/logo\/image\/","url":"https:\/\/deveho.com\/wp-content\/uploads\/2023\/02\/DEVEHO-LOGO-Baseline-COLOR.png","contentUrl":"https:\/\/deveho.com\/wp-content\/uploads\/2023\/02\/DEVEHO-LOGO-Baseline-COLOR.png","width":2251,"height":585,"caption":"Deveho Consulting Group"},"image":{"@id":"https:\/\/deveho.com\/#\/schema\/logo\/image\/"},"sameAs":["https:\/\/www.facebook.com\/deveho","https:\/\/x.com\/Deveho1","https:\/\/www.linkedin.com\/company\/deveho-consulting\/"]}]}},"_links":{"self":[{"href":"https:\/\/deveho.com\/pl\/wp-json\/wp\/v2\/pages\/10999"}],"collection":[{"href":"https:\/\/deveho.com\/pl\/wp-json\/wp\/v2\/pages"}],"about":[{"href":"https:\/\/deveho.com\/pl\/wp-json\/wp\/v2\/types\/page"}],"author":[{"embeddable":true,"href":"https:\/\/deveho.com\/pl\/wp-json\/wp\/v2\/users\/8"}],"replies":[{"embeddable":true,"href":"https:\/\/deveho.com\/pl\/wp-json\/wp\/v2\/comments?post=10999"}],"version-history":[{"count":0,"href":"https:\/\/deveho.com\/pl\/wp-json\/wp\/v2\/pages\/10999\/revisions"}],"up":[{"embeddable":true,"href":"https:\/\/deveho.com\/pl\/wp-json\/wp\/v2\/pages\/10996"}],"wp:attachment":[{"href":"https:\/\/deveho.com\/pl\/wp-json\/wp\/v2\/media?parent=10999"}],"curies":[{"name":"wp","href":"https:\/\/api.w.org\/{rel}","templated":true}]}}