{"id":11001,"date":"2022-08-10T09:09:23","date_gmt":"2022-08-10T09:09:23","guid":{"rendered":"https:\/\/deveho2.sfdbeta.be\/interoperability-system\/"},"modified":"2023-12-14T12:40:25","modified_gmt":"2023-12-14T10:40:25","slug":"system-interoperacyjny","status":"publish","type":"page","link":"https:\/\/deveho.com\/pl\/uslugi\/system-interoperacyjny\/","title":{"rendered":"System interoperacyjny"},"content":{"rendered":"<br \/>\n<h2><\/h2>\n<h3><\/h3>\n<h3>Sage X3 ERP jest platform\u0105 otwart\u0105, z kt\u00f3r\u0105 aplikacje biznesowe mog\u0105 \u0142\u0105czy\u0107 si\u0119 poprzez API.<\/h3>\n<\/p>\n<h2><\/h2>\n<h3>Powi\u0105zane strony<\/h3>\n<\/p>\n<h3><\/h3>\n<\/p>\n<h3><\/h3><\/p>\n","protected":false},"excerpt":{"rendered":"<p>Interoperacyjno\u015b\u0107 to wymiana danych w czasie rzeczywistym pomi\u0119dzy r\u00f3\u017cnymi systemami, kt\u00f3re rozmawiaj\u0105 ze sob\u0105 bezpo\u015brednio w tym samym j\u0119zyku, natychmiast interpretuj\u0105c przychodz\u0105ce dane i prezentuj\u0105c je w takiej formie, w jakiej zosta\u0142y otrzymane, zachowuj\u0105c ich oryginalny kontekst.<\/p>\n","protected":false},"author":3,"featured_media":0,"parent":21902,"menu_order":0,"comment_status":"closed","ping_status":"closed","template":"templates\/template-prod_serv.php","meta":{"_acf_changed":false,"footnotes":""},"class_list":["post-11001","page","type-page","status-publish","hentry"],"acf":[],"yoast_head":"<!-- This site is optimized with the Yoast SEO plugin v23.5 - https:\/\/yoast.com\/wordpress\/plugins\/seo\/ -->\n<title>System interoperacyjny - Deveho<\/title>\n<meta name=\"robots\" content=\"index, follow, max-snippet:-1, max-image-preview:large, max-video-preview:-1\" \/>\n<link rel=\"canonical\" href=\"https:\/\/deveho.com\/services\/interoperability-system\/\" \/>\n<meta property=\"og:locale\" content=\"pl_PL\" \/>\n<meta property=\"og:type\" content=\"article\" \/>\n<meta property=\"og:title\" content=\"System interoperacyjny - Deveho\" \/>\n<meta property=\"og:description\" content=\"Interoperacyjno\u015b\u0107 to wymiana danych w czasie rzeczywistym pomi\u0119dzy r\u00f3\u017cnymi systemami, kt\u00f3re rozmawiaj\u0105 ze sob\u0105 bezpo\u015brednio w tym samym j\u0119zyku, natychmiast interpretuj\u0105c przychodz\u0105ce dane i prezentuj\u0105c je w takiej formie, w jakiej zosta\u0142y otrzymane, zachowuj\u0105c ich oryginalny kontekst.\" \/>\n<meta property=\"og:url\" content=\"https:\/\/deveho.com\/services\/interoperability-system\/\" \/>\n<meta property=\"og:site_name\" content=\"Deveho\" \/>\n<meta property=\"article:publisher\" content=\"https:\/\/www.facebook.com\/deveho\" \/>\n<meta property=\"article:modified_time\" content=\"2023-12-14T10:40:25+00:00\" \/>\n<meta name=\"twitter:card\" content=\"summary_large_image\" \/>\n<meta name=\"twitter:site\" content=\"@Deveho1\" \/>\n<meta name=\"twitter:label1\" content=\"Szacowany czas czytania\" \/>\n\t<meta name=\"twitter:data1\" content=\"1 minuta\" \/>\n<script type=\"application\/ld+json\" class=\"yoast-schema-graph\">{\"@context\":\"https:\/\/schema.org\",\"@graph\":[{\"@type\":\"WebPage\",\"@id\":\"https:\/\/deveho.com\/services\/interoperability-system\/\",\"url\":\"https:\/\/deveho.com\/services\/interoperability-system\/\",\"name\":\"System interoperacyjny - Deveho\",\"isPartOf\":{\"@id\":\"https:\/\/deveho.com\/#website\"},\"datePublished\":\"2022-08-10T09:09:23+00:00\",\"dateModified\":\"2023-12-14T10:40:25+00:00\",\"breadcrumb\":{\"@id\":\"https:\/\/deveho.com\/services\/interoperability-system\/#breadcrumb\"},\"inLanguage\":\"pl-PL\",\"potentialAction\":[{\"@type\":\"ReadAction\",\"target\":[\"https:\/\/deveho.com\/services\/interoperability-system\/\"]}]},{\"@type\":\"BreadcrumbList\",\"@id\":\"https:\/\/deveho.com\/services\/interoperability-system\/#breadcrumb\",\"itemListElement\":[{\"@type\":\"ListItem\",\"position\":1,\"name\":\"Home\",\"item\":\"https:\/\/deveho.com\/pl\/\"},{\"@type\":\"ListItem\",\"position\":2,\"name\":\"Us\u0142ugi\",\"item\":\"https:\/\/deveho.com\/pl\/uslugi\/\"},{\"@type\":\"ListItem\",\"position\":3,\"name\":\"System interoperacyjny\"}]},{\"@type\":\"WebSite\",\"@id\":\"https:\/\/deveho.com\/#website\",\"url\":\"https:\/\/deveho.com\/\",\"name\":\"Deveho Consulting Group\",\"description\":\"Let\u2019s boost your growth\",\"publisher\":{\"@id\":\"https:\/\/deveho.com\/#organization\"},\"potentialAction\":[{\"@type\":\"SearchAction\",\"target\":{\"@type\":\"EntryPoint\",\"urlTemplate\":\"https:\/\/deveho.com\/?s={search_term_string}\"},\"query-input\":{\"@type\":\"PropertyValueSpecification\",\"valueRequired\":true,\"valueName\":\"search_term_string\"}}],\"inLanguage\":\"pl-PL\"},{\"@type\":\"Organization\",\"@id\":\"https:\/\/deveho.com\/#organization\",\"name\":\"Deveho Consulting Group\",\"url\":\"https:\/\/deveho.com\/\",\"logo\":{\"@type\":\"ImageObject\",\"inLanguage\":\"pl-PL\",\"@id\":\"https:\/\/deveho.com\/#\/schema\/logo\/image\/\",\"url\":\"https:\/\/deveho.com\/wp-content\/uploads\/2023\/02\/DEVEHO-LOGO-Baseline-COLOR.png\",\"contentUrl\":\"https:\/\/deveho.com\/wp-content\/uploads\/2023\/02\/DEVEHO-LOGO-Baseline-COLOR.png\",\"width\":2251,\"height\":585,\"caption\":\"Deveho Consulting Group\"},\"image\":{\"@id\":\"https:\/\/deveho.com\/#\/schema\/logo\/image\/\"},\"sameAs\":[\"https:\/\/www.facebook.com\/deveho\",\"https:\/\/x.com\/Deveho1\",\"https:\/\/www.linkedin.com\/company\/deveho-consulting\/\"]}]}<\/script>\n<!-- \/ Yoast SEO plugin. -->","yoast_head_json":{"title":"System interoperacyjny - Deveho","robots":{"index":"index","follow":"follow","max-snippet":"max-snippet:-1","max-image-preview":"max-image-preview:large","max-video-preview":"max-video-preview:-1"},"canonical":"https:\/\/deveho.com\/services\/interoperability-system\/","og_locale":"pl_PL","og_type":"article","og_title":"System interoperacyjny - Deveho","og_description":"Interoperacyjno\u015b\u0107 to wymiana danych w czasie rzeczywistym pomi\u0119dzy r\u00f3\u017cnymi systemami, kt\u00f3re rozmawiaj\u0105 ze sob\u0105 bezpo\u015brednio w tym samym j\u0119zyku, natychmiast interpretuj\u0105c przychodz\u0105ce dane i prezentuj\u0105c je w takiej formie, w jakiej zosta\u0142y otrzymane, zachowuj\u0105c ich oryginalny kontekst.","og_url":"https:\/\/deveho.com\/services\/interoperability-system\/","og_site_name":"Deveho","article_publisher":"https:\/\/www.facebook.com\/deveho","article_modified_time":"2023-12-14T10:40:25+00:00","twitter_card":"summary_large_image","twitter_site":"@Deveho1","twitter_misc":{"Szacowany czas czytania":"1 minuta"},"schema":{"@context":"https:\/\/schema.org","@graph":[{"@type":"WebPage","@id":"https:\/\/deveho.com\/services\/interoperability-system\/","url":"https:\/\/deveho.com\/services\/interoperability-system\/","name":"System interoperacyjny - Deveho","isPartOf":{"@id":"https:\/\/deveho.com\/#website"},"datePublished":"2022-08-10T09:09:23+00:00","dateModified":"2023-12-14T10:40:25+00:00","breadcrumb":{"@id":"https:\/\/deveho.com\/services\/interoperability-system\/#breadcrumb"},"inLanguage":"pl-PL","potentialAction":[{"@type":"ReadAction","target":["https:\/\/deveho.com\/services\/interoperability-system\/"]}]},{"@type":"BreadcrumbList","@id":"https:\/\/deveho.com\/services\/interoperability-system\/#breadcrumb","itemListElement":[{"@type":"ListItem","position":1,"name":"Home","item":"https:\/\/deveho.com\/pl\/"},{"@type":"ListItem","position":2,"name":"Us\u0142ugi","item":"https:\/\/deveho.com\/pl\/uslugi\/"},{"@type":"ListItem","position":3,"name":"System interoperacyjny"}]},{"@type":"WebSite","@id":"https:\/\/deveho.com\/#website","url":"https:\/\/deveho.com\/","name":"Deveho Consulting Group","description":"Let\u2019s boost your growth","publisher":{"@id":"https:\/\/deveho.com\/#organization"},"potentialAction":[{"@type":"SearchAction","target":{"@type":"EntryPoint","urlTemplate":"https:\/\/deveho.com\/?s={search_term_string}"},"query-input":{"@type":"PropertyValueSpecification","valueRequired":true,"valueName":"search_term_string"}}],"inLanguage":"pl-PL"},{"@type":"Organization","@id":"https:\/\/deveho.com\/#organization","name":"Deveho Consulting Group","url":"https:\/\/deveho.com\/","logo":{"@type":"ImageObject","inLanguage":"pl-PL","@id":"https:\/\/deveho.com\/#\/schema\/logo\/image\/","url":"https:\/\/deveho.com\/wp-content\/uploads\/2023\/02\/DEVEHO-LOGO-Baseline-COLOR.png","contentUrl":"https:\/\/deveho.com\/wp-content\/uploads\/2023\/02\/DEVEHO-LOGO-Baseline-COLOR.png","width":2251,"height":585,"caption":"Deveho Consulting Group"},"image":{"@id":"https:\/\/deveho.com\/#\/schema\/logo\/image\/"},"sameAs":["https:\/\/www.facebook.com\/deveho","https:\/\/x.com\/Deveho1","https:\/\/www.linkedin.com\/company\/deveho-consulting\/"]}]}},"_links":{"self":[{"href":"https:\/\/deveho.com\/pl\/wp-json\/wp\/v2\/pages\/11001"}],"collection":[{"href":"https:\/\/deveho.com\/pl\/wp-json\/wp\/v2\/pages"}],"about":[{"href":"https:\/\/deveho.com\/pl\/wp-json\/wp\/v2\/types\/page"}],"author":[{"embeddable":true,"href":"https:\/\/deveho.com\/pl\/wp-json\/wp\/v2\/users\/3"}],"replies":[{"embeddable":true,"href":"https:\/\/deveho.com\/pl\/wp-json\/wp\/v2\/comments?post=11001"}],"version-history":[{"count":0,"href":"https:\/\/deveho.com\/pl\/wp-json\/wp\/v2\/pages\/11001\/revisions"}],"up":[{"embeddable":true,"href":"https:\/\/deveho.com\/pl\/wp-json\/wp\/v2\/pages\/21902"}],"wp:attachment":[{"href":"https:\/\/deveho.com\/pl\/wp-json\/wp\/v2\/media?parent=11001"}],"curies":[{"name":"wp","href":"https:\/\/api.w.org\/{rel}","templated":true}]}}