{"id":11004,"date":"2022-08-10T09:12:57","date_gmt":"2022-08-10T09:12:57","guid":{"rendered":"https:\/\/deveho2.sfdbeta.be\/support-for-the-sage-solution\/"},"modified":"2023-12-08T23:22:07","modified_gmt":"2023-12-08T21:22:07","slug":"wsparcie-dla-rozwiazania-sage","status":"publish","type":"page","link":"https:\/\/deveho.com\/pl\/uslugi\/wsparcie-dla-rozwiazania-sage\/","title":{"rendered":"Wsparcie dla rozwi\u0105zania Sage"},"content":{"rendered":"<br \/>\n<h3>Dostarczanie \u015brodowiska informatycznego i zarz\u0105dzanie nim<\/h3>\n<\/p>\n<p>Dzi\u0119ki silnemu partnerstwu z OVH i AWS mo\u017cemy dostarczy\u0107 i zarz\u0105dza\u0107 \u015brodowiskiem technicznym Sage X3 klienta, gwarantuj\u0105c najlepsze standardy wydajno\u015bci i bezpiecze\u0144stwa.<\/p>\n<h3>Aktualizacje<\/h3>\n<\/p>\n<p>W ramach naszych us\u0142ug serwisowych zapewniamy uaktualnianie komponent\u00f3w Sage X3 tak, aby najlepiej wykorzysta\u0107 usprawnienia systemu.<\/p>\n<h3>Wsparcie<\/h3>\n<\/p>\n<p>W oparciu o nasze do\u015bwiadczenie zapewniamy wsparcie i pomoc po uruchomieniu Sage X3: wsparcie operacyjne, problemy operacyjne, wnioski o ulepszenia, szkolenia.<\/p>\n<p>Wysokiej jako\u015bci wsparcie i outsourcing utrzymania aplikacji (AMO).<\/p>\n<p>Zesp\u00f3\u0142 dedykowany do obs\u0142ugi AMO na Sage X3.<\/p>\n<p>Zesp\u00f3\u0142 techniczny dedykowany dla Sage X3.<\/p>\n<h2><\/h2>\n<h3>Powi\u0105zane strony<\/h3>\n<\/p>\n<h3><\/h3>\n<\/p>\n<h3><\/h3><\/p>\n","protected":false},"excerpt":{"rendered":"<p>Deveho posiada wyspecjalizowany zesp\u00f3\u0142 konsultant\u00f3w funkcjonalnych i technicznych z du\u017cym do\u015bwiadczeniem w zakresie Sage X3, zapewniaj\u0105cy wsparcie wszystkich naszych pakiet\u00f3w i modu\u0142\u00f3w oprogramowania (finanse, dystrybucja, zarz\u0105dzanie produkcj\u0105, \u015brodki trwa\u0142e, kadry, p\u0142ace, raportowanie, rozw\u00f3j, itp.) Dostarczamy wysokiej jako\u015bci us\u0142ugi i wsparcie w ramach bud\u017cetu i zaplanowanego czasu, w ka\u017cdym przypadku!<\/p>\n","protected":false},"author":3,"featured_media":0,"parent":21902,"menu_order":0,"comment_status":"closed","ping_status":"closed","template":"templates\/template-prod_serv.php","meta":{"_acf_changed":false,"footnotes":""},"class_list":["post-11004","page","type-page","status-publish","hentry"],"acf":[],"yoast_head":"<!-- This site is optimized with the Yoast SEO plugin v23.5 - https:\/\/yoast.com\/wordpress\/plugins\/seo\/ -->\n<title>Wsparcie dla rozwi\u0105zania Sage - Deveho<\/title>\n<meta name=\"robots\" content=\"index, follow, max-snippet:-1, max-image-preview:large, max-video-preview:-1\" \/>\n<link rel=\"canonical\" href=\"https:\/\/deveho.com\/services\/sage-solution-support\/\" \/>\n<meta property=\"og:locale\" content=\"pl_PL\" \/>\n<meta property=\"og:type\" content=\"article\" \/>\n<meta property=\"og:title\" content=\"Wsparcie dla rozwi\u0105zania Sage - Deveho\" \/>\n<meta property=\"og:description\" content=\"Deveho posiada wyspecjalizowany zesp\u00f3\u0142 konsultant\u00f3w funkcjonalnych i technicznych z du\u017cym do\u015bwiadczeniem w zakresie Sage X3, zapewniaj\u0105cy wsparcie wszystkich naszych pakiet\u00f3w i modu\u0142\u00f3w oprogramowania (finanse, dystrybucja, zarz\u0105dzanie produkcj\u0105, \u015brodki trwa\u0142e, kadry, p\u0142ace, raportowanie, rozw\u00f3j, itp.) Dostarczamy wysokiej jako\u015bci us\u0142ugi i wsparcie w ramach bud\u017cetu i zaplanowanego czasu, w ka\u017cdym przypadku!\" \/>\n<meta property=\"og:url\" content=\"https:\/\/deveho.com\/services\/sage-solution-support\/\" \/>\n<meta property=\"og:site_name\" content=\"Deveho\" \/>\n<meta property=\"article:publisher\" content=\"https:\/\/www.facebook.com\/deveho\" \/>\n<meta property=\"article:modified_time\" content=\"2023-12-08T21:22:07+00:00\" \/>\n<meta name=\"twitter:card\" content=\"summary_large_image\" \/>\n<meta name=\"twitter:site\" content=\"@Deveho1\" \/>\n<meta name=\"twitter:label1\" content=\"Szacowany czas czytania\" \/>\n\t<meta name=\"twitter:data1\" content=\"1 minuta\" \/>\n<script type=\"application\/ld+json\" class=\"yoast-schema-graph\">{\"@context\":\"https:\/\/schema.org\",\"@graph\":[{\"@type\":\"WebPage\",\"@id\":\"https:\/\/deveho.com\/services\/sage-solution-support\/\",\"url\":\"https:\/\/deveho.com\/services\/sage-solution-support\/\",\"name\":\"Wsparcie dla rozwi\u0105zania Sage - Deveho\",\"isPartOf\":{\"@id\":\"https:\/\/deveho.com\/#website\"},\"datePublished\":\"2022-08-10T09:12:57+00:00\",\"dateModified\":\"2023-12-08T21:22:07+00:00\",\"breadcrumb\":{\"@id\":\"https:\/\/deveho.com\/services\/sage-solution-support\/#breadcrumb\"},\"inLanguage\":\"pl-PL\",\"potentialAction\":[{\"@type\":\"ReadAction\",\"target\":[\"https:\/\/deveho.com\/services\/sage-solution-support\/\"]}]},{\"@type\":\"BreadcrumbList\",\"@id\":\"https:\/\/deveho.com\/services\/sage-solution-support\/#breadcrumb\",\"itemListElement\":[{\"@type\":\"ListItem\",\"position\":1,\"name\":\"Home\",\"item\":\"https:\/\/deveho.com\/pl\/\"},{\"@type\":\"ListItem\",\"position\":2,\"name\":\"Us\u0142ugi\",\"item\":\"https:\/\/deveho.com\/pl\/uslugi\/\"},{\"@type\":\"ListItem\",\"position\":3,\"name\":\"Wsparcie dla rozwi\u0105zania Sage\"}]},{\"@type\":\"WebSite\",\"@id\":\"https:\/\/deveho.com\/#website\",\"url\":\"https:\/\/deveho.com\/\",\"name\":\"Deveho Consulting Group\",\"description\":\"Let\u2019s boost your growth\",\"publisher\":{\"@id\":\"https:\/\/deveho.com\/#organization\"},\"potentialAction\":[{\"@type\":\"SearchAction\",\"target\":{\"@type\":\"EntryPoint\",\"urlTemplate\":\"https:\/\/deveho.com\/?s={search_term_string}\"},\"query-input\":{\"@type\":\"PropertyValueSpecification\",\"valueRequired\":true,\"valueName\":\"search_term_string\"}}],\"inLanguage\":\"pl-PL\"},{\"@type\":\"Organization\",\"@id\":\"https:\/\/deveho.com\/#organization\",\"name\":\"Deveho Consulting Group\",\"url\":\"https:\/\/deveho.com\/\",\"logo\":{\"@type\":\"ImageObject\",\"inLanguage\":\"pl-PL\",\"@id\":\"https:\/\/deveho.com\/#\/schema\/logo\/image\/\",\"url\":\"https:\/\/deveho.com\/wp-content\/uploads\/2023\/02\/DEVEHO-LOGO-Baseline-COLOR.png\",\"contentUrl\":\"https:\/\/deveho.com\/wp-content\/uploads\/2023\/02\/DEVEHO-LOGO-Baseline-COLOR.png\",\"width\":2251,\"height\":585,\"caption\":\"Deveho Consulting Group\"},\"image\":{\"@id\":\"https:\/\/deveho.com\/#\/schema\/logo\/image\/\"},\"sameAs\":[\"https:\/\/www.facebook.com\/deveho\",\"https:\/\/x.com\/Deveho1\",\"https:\/\/www.linkedin.com\/company\/deveho-consulting\/\"]}]}<\/script>\n<!-- \/ Yoast SEO plugin. -->","yoast_head_json":{"title":"Wsparcie dla rozwi\u0105zania Sage - Deveho","robots":{"index":"index","follow":"follow","max-snippet":"max-snippet:-1","max-image-preview":"max-image-preview:large","max-video-preview":"max-video-preview:-1"},"canonical":"https:\/\/deveho.com\/services\/sage-solution-support\/","og_locale":"pl_PL","og_type":"article","og_title":"Wsparcie dla rozwi\u0105zania Sage - Deveho","og_description":"Deveho posiada wyspecjalizowany zesp\u00f3\u0142 konsultant\u00f3w funkcjonalnych i technicznych z du\u017cym do\u015bwiadczeniem w zakresie Sage X3, zapewniaj\u0105cy wsparcie wszystkich naszych pakiet\u00f3w i modu\u0142\u00f3w oprogramowania (finanse, dystrybucja, zarz\u0105dzanie produkcj\u0105, \u015brodki trwa\u0142e, kadry, p\u0142ace, raportowanie, rozw\u00f3j, itp.) Dostarczamy wysokiej jako\u015bci us\u0142ugi i wsparcie w ramach bud\u017cetu i zaplanowanego czasu, w ka\u017cdym przypadku!","og_url":"https:\/\/deveho.com\/services\/sage-solution-support\/","og_site_name":"Deveho","article_publisher":"https:\/\/www.facebook.com\/deveho","article_modified_time":"2023-12-08T21:22:07+00:00","twitter_card":"summary_large_image","twitter_site":"@Deveho1","twitter_misc":{"Szacowany czas czytania":"1 minuta"},"schema":{"@context":"https:\/\/schema.org","@graph":[{"@type":"WebPage","@id":"https:\/\/deveho.com\/services\/sage-solution-support\/","url":"https:\/\/deveho.com\/services\/sage-solution-support\/","name":"Wsparcie dla rozwi\u0105zania Sage - Deveho","isPartOf":{"@id":"https:\/\/deveho.com\/#website"},"datePublished":"2022-08-10T09:12:57+00:00","dateModified":"2023-12-08T21:22:07+00:00","breadcrumb":{"@id":"https:\/\/deveho.com\/services\/sage-solution-support\/#breadcrumb"},"inLanguage":"pl-PL","potentialAction":[{"@type":"ReadAction","target":["https:\/\/deveho.com\/services\/sage-solution-support\/"]}]},{"@type":"BreadcrumbList","@id":"https:\/\/deveho.com\/services\/sage-solution-support\/#breadcrumb","itemListElement":[{"@type":"ListItem","position":1,"name":"Home","item":"https:\/\/deveho.com\/pl\/"},{"@type":"ListItem","position":2,"name":"Us\u0142ugi","item":"https:\/\/deveho.com\/pl\/uslugi\/"},{"@type":"ListItem","position":3,"name":"Wsparcie dla rozwi\u0105zania Sage"}]},{"@type":"WebSite","@id":"https:\/\/deveho.com\/#website","url":"https:\/\/deveho.com\/","name":"Deveho Consulting Group","description":"Let\u2019s boost your growth","publisher":{"@id":"https:\/\/deveho.com\/#organization"},"potentialAction":[{"@type":"SearchAction","target":{"@type":"EntryPoint","urlTemplate":"https:\/\/deveho.com\/?s={search_term_string}"},"query-input":{"@type":"PropertyValueSpecification","valueRequired":true,"valueName":"search_term_string"}}],"inLanguage":"pl-PL"},{"@type":"Organization","@id":"https:\/\/deveho.com\/#organization","name":"Deveho Consulting Group","url":"https:\/\/deveho.com\/","logo":{"@type":"ImageObject","inLanguage":"pl-PL","@id":"https:\/\/deveho.com\/#\/schema\/logo\/image\/","url":"https:\/\/deveho.com\/wp-content\/uploads\/2023\/02\/DEVEHO-LOGO-Baseline-COLOR.png","contentUrl":"https:\/\/deveho.com\/wp-content\/uploads\/2023\/02\/DEVEHO-LOGO-Baseline-COLOR.png","width":2251,"height":585,"caption":"Deveho Consulting Group"},"image":{"@id":"https:\/\/deveho.com\/#\/schema\/logo\/image\/"},"sameAs":["https:\/\/www.facebook.com\/deveho","https:\/\/x.com\/Deveho1","https:\/\/www.linkedin.com\/company\/deveho-consulting\/"]}]}},"_links":{"self":[{"href":"https:\/\/deveho.com\/pl\/wp-json\/wp\/v2\/pages\/11004"}],"collection":[{"href":"https:\/\/deveho.com\/pl\/wp-json\/wp\/v2\/pages"}],"about":[{"href":"https:\/\/deveho.com\/pl\/wp-json\/wp\/v2\/types\/page"}],"author":[{"embeddable":true,"href":"https:\/\/deveho.com\/pl\/wp-json\/wp\/v2\/users\/3"}],"replies":[{"embeddable":true,"href":"https:\/\/deveho.com\/pl\/wp-json\/wp\/v2\/comments?post=11004"}],"version-history":[{"count":0,"href":"https:\/\/deveho.com\/pl\/wp-json\/wp\/v2\/pages\/11004\/revisions"}],"up":[{"embeddable":true,"href":"https:\/\/deveho.com\/pl\/wp-json\/wp\/v2\/pages\/21902"}],"wp:attachment":[{"href":"https:\/\/deveho.com\/pl\/wp-json\/wp\/v2\/media?parent=11004"}],"curies":[{"name":"wp","href":"https:\/\/api.w.org\/{rel}","templated":true}]}}