{"id":21889,"date":"2021-08-12T15:39:52","date_gmt":"2021-08-12T15:39:52","guid":{"rendered":"https:\/\/deveho.com\/sage-x3-implementation-services\/"},"modified":"2024-01-26T11:28:16","modified_gmt":"2024-01-26T09:28:16","slug":"uslugi-w-zakresie-wdrazania-sage-x3","status":"publish","type":"page","link":"https:\/\/deveho.com\/pl\/uslugi\/uslugi-w-zakresie-wdrazania-sage-x3\/","title":{"rendered":"Us\u0142ugi w zakresie wdra\u017cania Sage X3"},"content":{"rendered":"<br \/>\n<h2><\/h2>\n<h3><b>Do\u015bwiadczenie Deveho w zakresie wdra\u017cania <\/b><\/h3>\n<h3><\/h3>\n<p><p><span data-sheets-value=\"{&quot;1&quot;:2,&quot;2&quot;:&quot;Wdro\u017cenie oprogramowania ERP niesie za sob\u0105 wiele korzy\u015bci. Mo\u017ce poprawi\u0107 efektywno\u015b\u0107 biznesow\u0105, integralno\u015b\u0107 danych, sp\u00f3jno\u015b\u0107 organizacyjn\u0105 i wsp\u00f3\u0142dzia\u0142anie mi\u0119dzy Twoimi projektami, zespo\u0142ami i oddzia\u0142ami.&quot;}\" data-sheets-userformat=\"{&quot;2&quot;:6979,&quot;3&quot;:{&quot;1&quot;:0},&quot;4&quot;:{&quot;1&quot;:2,&quot;2&quot;:16777215},&quot;9&quot;:0,&quot;11&quot;:4,&quot;12&quot;:0,&quot;14&quot;:{&quot;1&quot;:2,&quot;2&quot;:0},&quot;15&quot;:&quot;Arial&quot;}\">Wdro\u017cenie oprogramowania ERP niesie za sob\u0105 wiele korzy\u015bci. Mo\u017ce poprawi\u0107 efektywno\u015b\u0107 biznesow\u0105, integralno\u015b\u0107 danych, sp\u00f3jno\u015b\u0107 organizacyjn\u0105 i wsp\u00f3\u0142dzia\u0142anie mi\u0119dzy Twoimi projektami, zespo\u0142ami i oddzia\u0142ami.<\/span><\/p>\n<p><span data-sheets-value=\"{&quot;1&quot;:2,&quot;2&quot;:&quot;Nasz zesp\u00f3\u0142 posiada szerokie kompetencje prawne, podatkowe i j\u0119zykowe oraz bogate do\u015bwiadczenie w realizacji projekt\u00f3w mi\u0119dzynarodowych.&quot;}\" data-sheets-userformat=\"{&quot;2&quot;:957,&quot;3&quot;:{&quot;1&quot;:0},&quot;5&quot;:{&quot;1&quot;:[{&quot;1&quot;:2,&quot;2&quot;:0,&quot;5&quot;:{&quot;1&quot;:2,&quot;2&quot;:0}},{&quot;1&quot;:0,&quot;2&quot;:0,&quot;3&quot;:3},{&quot;1&quot;:1,&quot;2&quot;:0,&quot;4&quot;:1}]},&quot;6&quot;:{&quot;1&quot;:[{&quot;1&quot;:2,&quot;2&quot;:0,&quot;5&quot;:{&quot;1&quot;:2,&quot;2&quot;:0}},{&quot;1&quot;:0,&quot;2&quot;:0,&quot;3&quot;:3},{&quot;1&quot;:1,&quot;2&quot;:0,&quot;4&quot;:1}]},&quot;7&quot;:{&quot;1&quot;:[{&quot;1&quot;:2,&quot;2&quot;:0,&quot;5&quot;:{&quot;1&quot;:2,&quot;2&quot;:0}},{&quot;1&quot;:0,&quot;2&quot;:0,&quot;3&quot;:3},{&quot;1&quot;:1,&quot;2&quot;:0,&quot;4&quot;:1}]},&quot;8&quot;:{&quot;1&quot;:[{&quot;1&quot;:2,&quot;2&quot;:0,&quot;5&quot;:{&quot;1&quot;:2,&quot;2&quot;:0}},{&quot;1&quot;:0,&quot;2&quot;:0,&quot;3&quot;:3},{&quot;1&quot;:1,&quot;2&quot;:0,&quot;4&quot;:1}]},&quot;10&quot;:1,&quot;11&quot;:4,&quot;12&quot;:0}\">Nasz zesp\u00f3\u0142 posiada szerokie kompetencje prawne, podatkowe i j\u0119zykowe oraz bogate do\u015bwiadczenie w realizacji projekt\u00f3w mi\u0119dzynarodowych.<\/span><\/p>\n<p><span data-sheets-value=\"{&quot;1&quot;:2,&quot;2&quot;:&quot;Z ponad 15-letnim do\u015bwiadczeniem w Sage X3, nasze obszary kompetencyjne obejmuj\u0105 wszystkie aspekty wdro\u017cenia.&quot;}\" data-sheets-userformat=\"{&quot;2&quot;:957,&quot;3&quot;:{&quot;1&quot;:0},&quot;5&quot;:{&quot;1&quot;:[{&quot;1&quot;:2,&quot;2&quot;:0,&quot;5&quot;:{&quot;1&quot;:2,&quot;2&quot;:0}},{&quot;1&quot;:0,&quot;2&quot;:0,&quot;3&quot;:3},{&quot;1&quot;:1,&quot;2&quot;:0,&quot;4&quot;:1}]},&quot;6&quot;:{&quot;1&quot;:[{&quot;1&quot;:2,&quot;2&quot;:0,&quot;5&quot;:{&quot;1&quot;:2,&quot;2&quot;:0}},{&quot;1&quot;:0,&quot;2&quot;:0,&quot;3&quot;:3},{&quot;1&quot;:1,&quot;2&quot;:0,&quot;4&quot;:1}]},&quot;7&quot;:{&quot;1&quot;:[{&quot;1&quot;:2,&quot;2&quot;:0,&quot;5&quot;:{&quot;1&quot;:2,&quot;2&quot;:0}},{&quot;1&quot;:0,&quot;2&quot;:0,&quot;3&quot;:3},{&quot;1&quot;:1,&quot;2&quot;:0,&quot;4&quot;:1}]},&quot;8&quot;:{&quot;1&quot;:[{&quot;1&quot;:2,&quot;2&quot;:0,&quot;5&quot;:{&quot;1&quot;:2,&quot;2&quot;:0}},{&quot;1&quot;:0,&quot;2&quot;:0,&quot;3&quot;:3},{&quot;1&quot;:1,&quot;2&quot;:0,&quot;4&quot;:1}]},&quot;10&quot;:1,&quot;11&quot;:4,&quot;12&quot;:0}\">Z ponad 15-letnim do\u015bwiadczeniem w Sage X3, nasze obszary kompetencyjne obejmuj\u0105 wszystkie aspekty wdro\u017cenia.<\/span><\/p>\n<p>&nbsp;<\/p>\n<\/p>\n<h2><\/h2>\n<h3>Wdro\u017cenie Sage X3<\/h3>\n<h3>Aby zapewni\u0107 udane wdro\u017cenie w przewidywanym czasie realizacji, nasze metodologie bazuj\u0105 na nast\u0119puj\u0105cych zasadach:<\/h3>\n<\/p>\n<h2><\/h2>\n<h3>Powi\u0105zane strony<\/h3>\n<\/p>\n<h3><\/h3>\n<\/p>\n<h3><\/h3><\/p>\n","protected":false},"excerpt":{"rendered":"<p>DEVEHO Consulting Group zapewnia najwy\u017cszy poziom strategicznego wdro\u017cenia Sage, jednocze\u015bnie upraszczaj\u0105c procesy biznesowe i zapewniaj\u0105c p\u0142ynn\u0105 integracj\u0119 aplikacji w celu stworzenia jednego, sp\u00f3jnego rozwi\u0105zania.<\/p>\n","protected":false},"author":3,"featured_media":0,"parent":21902,"menu_order":0,"comment_status":"closed","ping_status":"closed","template":"templates\/template-prod_serv.php","meta":{"_acf_changed":false,"footnotes":""},"class_list":["post-21889","page","type-page","status-publish","hentry"],"acf":[],"yoast_head":"<!-- This site is optimized with the Yoast SEO plugin v23.5 - https:\/\/yoast.com\/wordpress\/plugins\/seo\/ -->\n<title>Us\u0142ugi w zakresie wdra\u017cania Sage X3 - Deveho<\/title>\n<meta name=\"description\" content=\"DEVEHO delivers the highest level of strategic Sage X3 Implementation services. ERP software implementation has many benefits.\" \/>\n<meta name=\"robots\" content=\"index, follow, max-snippet:-1, max-image-preview:large, max-video-preview:-1\" \/>\n<link rel=\"canonical\" href=\"https:\/\/deveho.com\/pl\/uslugi\/uslugi-w-zakresie-wdrazania-sage-x3\/\" \/>\n<meta property=\"og:locale\" content=\"pl_PL\" \/>\n<meta property=\"og:type\" content=\"article\" \/>\n<meta property=\"og:title\" content=\"Us\u0142ugi w zakresie wdra\u017cania Sage X3 - Deveho\" \/>\n<meta property=\"og:description\" content=\"DEVEHO delivers the highest level of strategic Sage X3 Implementation services. ERP software implementation has many benefits.\" \/>\n<meta property=\"og:url\" content=\"https:\/\/deveho.com\/pl\/uslugi\/uslugi-w-zakresie-wdrazania-sage-x3\/\" \/>\n<meta property=\"og:site_name\" content=\"Deveho\" \/>\n<meta property=\"article:publisher\" content=\"https:\/\/www.facebook.com\/deveho\" \/>\n<meta property=\"article:modified_time\" content=\"2024-01-26T09:28:16+00:00\" \/>\n<meta name=\"twitter:card\" content=\"summary_large_image\" \/>\n<meta name=\"twitter:site\" content=\"@Deveho1\" \/>\n<meta name=\"twitter:label1\" content=\"Szacowany czas czytania\" \/>\n\t<meta name=\"twitter:data1\" content=\"1 minuta\" \/>\n<script type=\"application\/ld+json\" class=\"yoast-schema-graph\">{\"@context\":\"https:\/\/schema.org\",\"@graph\":[{\"@type\":\"WebPage\",\"@id\":\"https:\/\/deveho.com\/pl\/uslugi\/uslugi-w-zakresie-wdrazania-sage-x3\/\",\"url\":\"https:\/\/deveho.com\/pl\/uslugi\/uslugi-w-zakresie-wdrazania-sage-x3\/\",\"name\":\"Us\u0142ugi w zakresie wdra\u017cania Sage X3 - Deveho\",\"isPartOf\":{\"@id\":\"https:\/\/deveho.com\/#website\"},\"datePublished\":\"2021-08-12T15:39:52+00:00\",\"dateModified\":\"2024-01-26T09:28:16+00:00\",\"description\":\"DEVEHO delivers the highest level of strategic Sage X3 Implementation services. ERP software implementation has many benefits.\",\"breadcrumb\":{\"@id\":\"https:\/\/deveho.com\/pl\/uslugi\/uslugi-w-zakresie-wdrazania-sage-x3\/#breadcrumb\"},\"inLanguage\":\"pl-PL\",\"potentialAction\":[{\"@type\":\"ReadAction\",\"target\":[\"https:\/\/deveho.com\/pl\/uslugi\/uslugi-w-zakresie-wdrazania-sage-x3\/\"]}]},{\"@type\":\"BreadcrumbList\",\"@id\":\"https:\/\/deveho.com\/pl\/uslugi\/uslugi-w-zakresie-wdrazania-sage-x3\/#breadcrumb\",\"itemListElement\":[{\"@type\":\"ListItem\",\"position\":1,\"name\":\"Home\",\"item\":\"https:\/\/deveho.com\/pl\/\"},{\"@type\":\"ListItem\",\"position\":2,\"name\":\"Us\u0142ugi\",\"item\":\"https:\/\/deveho.com\/pl\/uslugi\/\"},{\"@type\":\"ListItem\",\"position\":3,\"name\":\"Us\u0142ugi w zakresie wdra\u017cania Sage X3\"}]},{\"@type\":\"WebSite\",\"@id\":\"https:\/\/deveho.com\/#website\",\"url\":\"https:\/\/deveho.com\/\",\"name\":\"Deveho Consulting Group\",\"description\":\"Let\u2019s boost your growth\",\"publisher\":{\"@id\":\"https:\/\/deveho.com\/#organization\"},\"potentialAction\":[{\"@type\":\"SearchAction\",\"target\":{\"@type\":\"EntryPoint\",\"urlTemplate\":\"https:\/\/deveho.com\/?s={search_term_string}\"},\"query-input\":{\"@type\":\"PropertyValueSpecification\",\"valueRequired\":true,\"valueName\":\"search_term_string\"}}],\"inLanguage\":\"pl-PL\"},{\"@type\":\"Organization\",\"@id\":\"https:\/\/deveho.com\/#organization\",\"name\":\"Deveho Consulting Group\",\"url\":\"https:\/\/deveho.com\/\",\"logo\":{\"@type\":\"ImageObject\",\"inLanguage\":\"pl-PL\",\"@id\":\"https:\/\/deveho.com\/#\/schema\/logo\/image\/\",\"url\":\"https:\/\/deveho.com\/wp-content\/uploads\/2023\/02\/DEVEHO-LOGO-Baseline-COLOR.png\",\"contentUrl\":\"https:\/\/deveho.com\/wp-content\/uploads\/2023\/02\/DEVEHO-LOGO-Baseline-COLOR.png\",\"width\":2251,\"height\":585,\"caption\":\"Deveho Consulting Group\"},\"image\":{\"@id\":\"https:\/\/deveho.com\/#\/schema\/logo\/image\/\"},\"sameAs\":[\"https:\/\/www.facebook.com\/deveho\",\"https:\/\/x.com\/Deveho1\",\"https:\/\/www.linkedin.com\/company\/deveho-consulting\/\"]}]}<\/script>\n<!-- \/ Yoast SEO plugin. -->","yoast_head_json":{"title":"Us\u0142ugi w zakresie wdra\u017cania Sage X3 - Deveho","description":"DEVEHO delivers the highest level of strategic Sage X3 Implementation services. ERP software implementation has many benefits.","robots":{"index":"index","follow":"follow","max-snippet":"max-snippet:-1","max-image-preview":"max-image-preview:large","max-video-preview":"max-video-preview:-1"},"canonical":"https:\/\/deveho.com\/pl\/uslugi\/uslugi-w-zakresie-wdrazania-sage-x3\/","og_locale":"pl_PL","og_type":"article","og_title":"Us\u0142ugi w zakresie wdra\u017cania Sage X3 - Deveho","og_description":"DEVEHO delivers the highest level of strategic Sage X3 Implementation services. ERP software implementation has many benefits.","og_url":"https:\/\/deveho.com\/pl\/uslugi\/uslugi-w-zakresie-wdrazania-sage-x3\/","og_site_name":"Deveho","article_publisher":"https:\/\/www.facebook.com\/deveho","article_modified_time":"2024-01-26T09:28:16+00:00","twitter_card":"summary_large_image","twitter_site":"@Deveho1","twitter_misc":{"Szacowany czas czytania":"1 minuta"},"schema":{"@context":"https:\/\/schema.org","@graph":[{"@type":"WebPage","@id":"https:\/\/deveho.com\/pl\/uslugi\/uslugi-w-zakresie-wdrazania-sage-x3\/","url":"https:\/\/deveho.com\/pl\/uslugi\/uslugi-w-zakresie-wdrazania-sage-x3\/","name":"Us\u0142ugi w zakresie wdra\u017cania Sage X3 - Deveho","isPartOf":{"@id":"https:\/\/deveho.com\/#website"},"datePublished":"2021-08-12T15:39:52+00:00","dateModified":"2024-01-26T09:28:16+00:00","description":"DEVEHO delivers the highest level of strategic Sage X3 Implementation services. ERP software implementation has many benefits.","breadcrumb":{"@id":"https:\/\/deveho.com\/pl\/uslugi\/uslugi-w-zakresie-wdrazania-sage-x3\/#breadcrumb"},"inLanguage":"pl-PL","potentialAction":[{"@type":"ReadAction","target":["https:\/\/deveho.com\/pl\/uslugi\/uslugi-w-zakresie-wdrazania-sage-x3\/"]}]},{"@type":"BreadcrumbList","@id":"https:\/\/deveho.com\/pl\/uslugi\/uslugi-w-zakresie-wdrazania-sage-x3\/#breadcrumb","itemListElement":[{"@type":"ListItem","position":1,"name":"Home","item":"https:\/\/deveho.com\/pl\/"},{"@type":"ListItem","position":2,"name":"Us\u0142ugi","item":"https:\/\/deveho.com\/pl\/uslugi\/"},{"@type":"ListItem","position":3,"name":"Us\u0142ugi w zakresie wdra\u017cania Sage X3"}]},{"@type":"WebSite","@id":"https:\/\/deveho.com\/#website","url":"https:\/\/deveho.com\/","name":"Deveho Consulting Group","description":"Let\u2019s boost your growth","publisher":{"@id":"https:\/\/deveho.com\/#organization"},"potentialAction":[{"@type":"SearchAction","target":{"@type":"EntryPoint","urlTemplate":"https:\/\/deveho.com\/?s={search_term_string}"},"query-input":{"@type":"PropertyValueSpecification","valueRequired":true,"valueName":"search_term_string"}}],"inLanguage":"pl-PL"},{"@type":"Organization","@id":"https:\/\/deveho.com\/#organization","name":"Deveho Consulting Group","url":"https:\/\/deveho.com\/","logo":{"@type":"ImageObject","inLanguage":"pl-PL","@id":"https:\/\/deveho.com\/#\/schema\/logo\/image\/","url":"https:\/\/deveho.com\/wp-content\/uploads\/2023\/02\/DEVEHO-LOGO-Baseline-COLOR.png","contentUrl":"https:\/\/deveho.com\/wp-content\/uploads\/2023\/02\/DEVEHO-LOGO-Baseline-COLOR.png","width":2251,"height":585,"caption":"Deveho Consulting Group"},"image":{"@id":"https:\/\/deveho.com\/#\/schema\/logo\/image\/"},"sameAs":["https:\/\/www.facebook.com\/deveho","https:\/\/x.com\/Deveho1","https:\/\/www.linkedin.com\/company\/deveho-consulting\/"]}]}},"_links":{"self":[{"href":"https:\/\/deveho.com\/pl\/wp-json\/wp\/v2\/pages\/21889"}],"collection":[{"href":"https:\/\/deveho.com\/pl\/wp-json\/wp\/v2\/pages"}],"about":[{"href":"https:\/\/deveho.com\/pl\/wp-json\/wp\/v2\/types\/page"}],"author":[{"embeddable":true,"href":"https:\/\/deveho.com\/pl\/wp-json\/wp\/v2\/users\/3"}],"replies":[{"embeddable":true,"href":"https:\/\/deveho.com\/pl\/wp-json\/wp\/v2\/comments?post=21889"}],"version-history":[{"count":0,"href":"https:\/\/deveho.com\/pl\/wp-json\/wp\/v2\/pages\/21889\/revisions"}],"up":[{"embeddable":true,"href":"https:\/\/deveho.com\/pl\/wp-json\/wp\/v2\/pages\/21902"}],"wp:attachment":[{"href":"https:\/\/deveho.com\/pl\/wp-json\/wp\/v2\/media?parent=21889"}],"curies":[{"name":"wp","href":"https:\/\/api.w.org\/{rel}","templated":true}]}}