{"id":9562,"date":"2022-03-25T12:24:19","date_gmt":"2022-03-25T12:24:19","guid":{"rendered":"https:\/\/deveho2.sfdbeta.be\/kierownicy-ds-magazynow-i-logistyki\/"},"modified":"2023-10-06T11:31:15","modified_gmt":"2023-10-06T09:31:15","slug":"dyrektor-magazynu-i-logistyki","status":"publish","type":"page","link":"https:\/\/deveho.com\/pl\/profili\/dyrektor-magazynu-i-logistyki\/","title":{"rendered":"Dyrektor Magazynu i Logistyki"},"content":{"rendered":"<br \/>\n<h3><red><b>Korzy\u015bci dla <\/red> <\/b>Dyrektor\u00f3w Magazynu i Logistyki<\/h3>\n<p><p>Warehouse Manager to bezprzewodowe rozwi\u0105zanie do zarz\u0105dzania magazynem, wsp\u00f3\u0142pracuj\u0105ce z wytrzyma\u0142ymi skanerami r\u0119cznymi i dedykowanymi ekranami, kt\u00f3re daj\u0105 personelowi magazynowemu szerokie mo\u017cliwo\u015bci w zakresie wszystkich podstawowych operacji magazynowych; od zapyta\u0144 o stan zapas\u00f3w, przez kompletacj\u0119 zam\u00f3wie\u0144, przyjmowanie, rezerwacje, inwentaryzacje, przesuni\u0119cia, wydania do zlece\u0144 produkcyjnych i wiele innych.<\/p>\n<\/p>\n<p>Zwi\u0119kszenie dok\u0142adno\u015bci lokalizacji zapas\u00f3w o 25% poprzez automatyczne rejestrowanie ilo\u015bci i lokalizacji w wielu miejscach.<\/p>\n<p>Zwi\u0119kszenie dok\u0142adno\u015bci ewidencji zapas\u00f3w magazynowych do 99% poprzez popraw\u0119 dok\u0142adno\u015bci przyjmowania, sk\u0142adowania i kompletacji.<\/p>\n<p>Zwi\u0119kszenie szybko\u015bci kompletacji o 25% przy jednoczesnej minimalizacji b\u0142\u0119d\u00f3w i zwi\u0119kszeniu wydajno\u015bci poszczeg\u00f3lnych operator\u00f3w.<\/p>\n<p>Osi\u0105gni\u0119cie 75-procentowego wzrostu wydajno\u015bci inwentaryzacji, poniewa\u017c terminale radiowe kieruj\u0105 u\u017cytkownik\u00f3w do odpowiednich miejsc i prosz\u0105 o podanie szczeg\u00f3\u0142\u00f3w, dotycz\u0105cych liczonych produkt\u00f3w wraz z rzeczywist\u0105 ilo\u015bci\u0105.<\/p>\n<p>Umo\u017cliwienie personelowi magazynowemu skutecznego dzia\u0142ania przy zachowaniu kontroli Sage X3.<\/p>\n<p>Zwi\u0119kszenie wydajno\u015bci poprzez wyeliminowanie wielokrotnego i r\u0119cznego wprowadzania danych.<\/p>\n<p>Poprawa obs\u0142ugi klienta dzi\u0119ki zwi\u0119kszonej dok\u0142adno\u015bci realizacji zam\u00f3wie\u0144 i dost\u0119pno\u015bci zapas\u00f3w w czasie rzeczywistym.<\/p>\n<h2><\/h2>\n<h3>Powi\u0105zane strony<\/h3>\n<\/p>\n<h3><\/h3>\n<\/p>\n<h3><\/h3><\/p>\n","protected":false},"excerpt":{"rendered":"<p>Korzy\u015bci dla Dyrektor\u00f3w Magazynu i Logistyki Warehouse Manager to bezprzewodowe rozwi\u0105zanie do zarz\u0105dzania magazynem, wsp\u00f3\u0142pracuj\u0105ce z wytrzyma\u0142ymi skanerami r\u0119cznymi i dedykowanymi ekranami, kt\u00f3re daj\u0105 personelowi magazynowemu szerokie mo\u017cliwo\u015bci w zakresie wszystkich podstawowych operacji magazynowych; od zapyta\u0144 o stan zapas\u00f3w, przez kompletacj\u0119 zam\u00f3wie\u0144, przyjmowanie, rezerwacje, inwentaryzacje, przesuni\u0119cia, wydania do zlece\u0144 produkcyjnych i wiele innych. Zwi\u0119kszenie dok\u0142adno\u015bci [&hellip;]<\/p>\n","protected":false},"author":6,"featured_media":0,"parent":21860,"menu_order":0,"comment_status":"closed","ping_status":"closed","template":"templates\/template-inner.php","meta":{"_acf_changed":false,"footnotes":""},"class_list":["post-9562","page","type-page","status-publish","hentry"],"acf":[],"yoast_head":"<!-- This site is optimized with the Yoast SEO plugin v23.5 - https:\/\/yoast.com\/wordpress\/plugins\/seo\/ -->\n<title>Dyrektor Magazynu i Logistyki - Deveho<\/title>\n<meta name=\"robots\" content=\"index, follow, max-snippet:-1, max-image-preview:large, max-video-preview:-1\" \/>\n<link rel=\"canonical\" href=\"https:\/\/deveho.com\/pl\/profili\/dyrektor-magazynu-i-logistyki\/\" \/>\n<meta property=\"og:locale\" content=\"pl_PL\" \/>\n<meta property=\"og:type\" content=\"article\" \/>\n<meta property=\"og:title\" content=\"Dyrektor Magazynu i Logistyki - Deveho\" \/>\n<meta property=\"og:description\" content=\"Korzy\u015bci dla Dyrektor\u00f3w Magazynu i Logistyki Warehouse Manager to bezprzewodowe rozwi\u0105zanie do zarz\u0105dzania magazynem, wsp\u00f3\u0142pracuj\u0105ce z wytrzyma\u0142ymi skanerami r\u0119cznymi i dedykowanymi ekranami, kt\u00f3re daj\u0105 personelowi magazynowemu szerokie mo\u017cliwo\u015bci w zakresie wszystkich podstawowych operacji magazynowych; od zapyta\u0144 o stan zapas\u00f3w, przez kompletacj\u0119 zam\u00f3wie\u0144, przyjmowanie, rezerwacje, inwentaryzacje, przesuni\u0119cia, wydania do zlece\u0144 produkcyjnych i wiele innych. Zwi\u0119kszenie dok\u0142adno\u015bci [&hellip;]\" \/>\n<meta property=\"og:url\" content=\"https:\/\/deveho.com\/pl\/profili\/dyrektor-magazynu-i-logistyki\/\" \/>\n<meta property=\"og:site_name\" content=\"Deveho\" \/>\n<meta property=\"article:publisher\" content=\"https:\/\/www.facebook.com\/deveho\" \/>\n<meta property=\"article:modified_time\" content=\"2023-10-06T09:31:15+00:00\" \/>\n<meta name=\"twitter:card\" content=\"summary_large_image\" \/>\n<meta name=\"twitter:site\" content=\"@Deveho1\" \/>\n<meta name=\"twitter:label1\" content=\"Szacowany czas czytania\" \/>\n\t<meta name=\"twitter:data1\" content=\"1 minuta\" \/>\n<script type=\"application\/ld+json\" class=\"yoast-schema-graph\">{\"@context\":\"https:\/\/schema.org\",\"@graph\":[{\"@type\":\"WebPage\",\"@id\":\"https:\/\/deveho.com\/pl\/profili\/dyrektor-magazynu-i-logistyki\/\",\"url\":\"https:\/\/deveho.com\/pl\/profili\/dyrektor-magazynu-i-logistyki\/\",\"name\":\"Dyrektor Magazynu i Logistyki - Deveho\",\"isPartOf\":{\"@id\":\"https:\/\/deveho.com\/#website\"},\"datePublished\":\"2022-03-25T12:24:19+00:00\",\"dateModified\":\"2023-10-06T09:31:15+00:00\",\"breadcrumb\":{\"@id\":\"https:\/\/deveho.com\/pl\/profili\/dyrektor-magazynu-i-logistyki\/#breadcrumb\"},\"inLanguage\":\"pl-PL\",\"potentialAction\":[{\"@type\":\"ReadAction\",\"target\":[\"https:\/\/deveho.com\/pl\/profili\/dyrektor-magazynu-i-logistyki\/\"]}]},{\"@type\":\"BreadcrumbList\",\"@id\":\"https:\/\/deveho.com\/pl\/profili\/dyrektor-magazynu-i-logistyki\/#breadcrumb\",\"itemListElement\":[{\"@type\":\"ListItem\",\"position\":1,\"name\":\"Home\",\"item\":\"https:\/\/deveho.com\/pl\/\"},{\"@type\":\"ListItem\",\"position\":2,\"name\":\"Profile\",\"item\":\"https:\/\/deveho.com\/profiles\/\"},{\"@type\":\"ListItem\",\"position\":3,\"name\":\"Dyrektor Magazynu i Logistyki\"}]},{\"@type\":\"WebSite\",\"@id\":\"https:\/\/deveho.com\/#website\",\"url\":\"https:\/\/deveho.com\/\",\"name\":\"Deveho Consulting Group\",\"description\":\"Let\u2019s boost your growth\",\"publisher\":{\"@id\":\"https:\/\/deveho.com\/#organization\"},\"potentialAction\":[{\"@type\":\"SearchAction\",\"target\":{\"@type\":\"EntryPoint\",\"urlTemplate\":\"https:\/\/deveho.com\/?s={search_term_string}\"},\"query-input\":{\"@type\":\"PropertyValueSpecification\",\"valueRequired\":true,\"valueName\":\"search_term_string\"}}],\"inLanguage\":\"pl-PL\"},{\"@type\":\"Organization\",\"@id\":\"https:\/\/deveho.com\/#organization\",\"name\":\"Deveho Consulting Group\",\"url\":\"https:\/\/deveho.com\/\",\"logo\":{\"@type\":\"ImageObject\",\"inLanguage\":\"pl-PL\",\"@id\":\"https:\/\/deveho.com\/#\/schema\/logo\/image\/\",\"url\":\"https:\/\/deveho.com\/wp-content\/uploads\/2023\/02\/DEVEHO-LOGO-Baseline-COLOR.png\",\"contentUrl\":\"https:\/\/deveho.com\/wp-content\/uploads\/2023\/02\/DEVEHO-LOGO-Baseline-COLOR.png\",\"width\":2251,\"height\":585,\"caption\":\"Deveho Consulting Group\"},\"image\":{\"@id\":\"https:\/\/deveho.com\/#\/schema\/logo\/image\/\"},\"sameAs\":[\"https:\/\/www.facebook.com\/deveho\",\"https:\/\/x.com\/Deveho1\",\"https:\/\/www.linkedin.com\/company\/deveho-consulting\/\"]}]}<\/script>\n<!-- \/ Yoast SEO plugin. -->","yoast_head_json":{"title":"Dyrektor Magazynu i Logistyki - Deveho","robots":{"index":"index","follow":"follow","max-snippet":"max-snippet:-1","max-image-preview":"max-image-preview:large","max-video-preview":"max-video-preview:-1"},"canonical":"https:\/\/deveho.com\/pl\/profili\/dyrektor-magazynu-i-logistyki\/","og_locale":"pl_PL","og_type":"article","og_title":"Dyrektor Magazynu i Logistyki - Deveho","og_description":"Korzy\u015bci dla Dyrektor\u00f3w Magazynu i Logistyki Warehouse Manager to bezprzewodowe rozwi\u0105zanie do zarz\u0105dzania magazynem, wsp\u00f3\u0142pracuj\u0105ce z wytrzyma\u0142ymi skanerami r\u0119cznymi i dedykowanymi ekranami, kt\u00f3re daj\u0105 personelowi magazynowemu szerokie mo\u017cliwo\u015bci w zakresie wszystkich podstawowych operacji magazynowych; od zapyta\u0144 o stan zapas\u00f3w, przez kompletacj\u0119 zam\u00f3wie\u0144, przyjmowanie, rezerwacje, inwentaryzacje, przesuni\u0119cia, wydania do zlece\u0144 produkcyjnych i wiele innych. Zwi\u0119kszenie dok\u0142adno\u015bci [&hellip;]","og_url":"https:\/\/deveho.com\/pl\/profili\/dyrektor-magazynu-i-logistyki\/","og_site_name":"Deveho","article_publisher":"https:\/\/www.facebook.com\/deveho","article_modified_time":"2023-10-06T09:31:15+00:00","twitter_card":"summary_large_image","twitter_site":"@Deveho1","twitter_misc":{"Szacowany czas czytania":"1 minuta"},"schema":{"@context":"https:\/\/schema.org","@graph":[{"@type":"WebPage","@id":"https:\/\/deveho.com\/pl\/profili\/dyrektor-magazynu-i-logistyki\/","url":"https:\/\/deveho.com\/pl\/profili\/dyrektor-magazynu-i-logistyki\/","name":"Dyrektor Magazynu i Logistyki - Deveho","isPartOf":{"@id":"https:\/\/deveho.com\/#website"},"datePublished":"2022-03-25T12:24:19+00:00","dateModified":"2023-10-06T09:31:15+00:00","breadcrumb":{"@id":"https:\/\/deveho.com\/pl\/profili\/dyrektor-magazynu-i-logistyki\/#breadcrumb"},"inLanguage":"pl-PL","potentialAction":[{"@type":"ReadAction","target":["https:\/\/deveho.com\/pl\/profili\/dyrektor-magazynu-i-logistyki\/"]}]},{"@type":"BreadcrumbList","@id":"https:\/\/deveho.com\/pl\/profili\/dyrektor-magazynu-i-logistyki\/#breadcrumb","itemListElement":[{"@type":"ListItem","position":1,"name":"Home","item":"https:\/\/deveho.com\/pl\/"},{"@type":"ListItem","position":2,"name":"Profile","item":"https:\/\/deveho.com\/profiles\/"},{"@type":"ListItem","position":3,"name":"Dyrektor Magazynu i Logistyki"}]},{"@type":"WebSite","@id":"https:\/\/deveho.com\/#website","url":"https:\/\/deveho.com\/","name":"Deveho Consulting Group","description":"Let\u2019s boost your growth","publisher":{"@id":"https:\/\/deveho.com\/#organization"},"potentialAction":[{"@type":"SearchAction","target":{"@type":"EntryPoint","urlTemplate":"https:\/\/deveho.com\/?s={search_term_string}"},"query-input":{"@type":"PropertyValueSpecification","valueRequired":true,"valueName":"search_term_string"}}],"inLanguage":"pl-PL"},{"@type":"Organization","@id":"https:\/\/deveho.com\/#organization","name":"Deveho Consulting Group","url":"https:\/\/deveho.com\/","logo":{"@type":"ImageObject","inLanguage":"pl-PL","@id":"https:\/\/deveho.com\/#\/schema\/logo\/image\/","url":"https:\/\/deveho.com\/wp-content\/uploads\/2023\/02\/DEVEHO-LOGO-Baseline-COLOR.png","contentUrl":"https:\/\/deveho.com\/wp-content\/uploads\/2023\/02\/DEVEHO-LOGO-Baseline-COLOR.png","width":2251,"height":585,"caption":"Deveho Consulting Group"},"image":{"@id":"https:\/\/deveho.com\/#\/schema\/logo\/image\/"},"sameAs":["https:\/\/www.facebook.com\/deveho","https:\/\/x.com\/Deveho1","https:\/\/www.linkedin.com\/company\/deveho-consulting\/"]}]}},"_links":{"self":[{"href":"https:\/\/deveho.com\/pl\/wp-json\/wp\/v2\/pages\/9562"}],"collection":[{"href":"https:\/\/deveho.com\/pl\/wp-json\/wp\/v2\/pages"}],"about":[{"href":"https:\/\/deveho.com\/pl\/wp-json\/wp\/v2\/types\/page"}],"author":[{"embeddable":true,"href":"https:\/\/deveho.com\/pl\/wp-json\/wp\/v2\/users\/6"}],"replies":[{"embeddable":true,"href":"https:\/\/deveho.com\/pl\/wp-json\/wp\/v2\/comments?post=9562"}],"version-history":[{"count":0,"href":"https:\/\/deveho.com\/pl\/wp-json\/wp\/v2\/pages\/9562\/revisions"}],"up":[{"embeddable":true,"href":"https:\/\/deveho.com\/pl\/wp-json\/wp\/v2\/pages\/21860"}],"wp:attachment":[{"href":"https:\/\/deveho.com\/pl\/wp-json\/wp\/v2\/media?parent=9562"}],"curies":[{"name":"wp","href":"https:\/\/api.w.org\/{rel}","templated":true}]}}