{"id":9596,"date":"2022-03-30T11:08:11","date_gmt":"2022-03-30T11:08:11","guid":{"rendered":"https:\/\/deveho2.sfdbeta.be\/chemia-i-farmaceutyka\/"},"modified":"2023-11-24T17:22:47","modified_gmt":"2023-11-24T15:22:47","slug":"przemysl-chemiczny-i-farmaceutyczny","status":"publish","type":"page","link":"https:\/\/deveho.com\/pl\/sektory\/przemysl-chemiczny-i-farmaceutyczny\/","title":{"rendered":"Przemys\u0142 chemiczny i farmaceutyczny"},"content":{"rendered":"<br \/>\n<h2>Sage X3 dla przemys\u0142u chemicznego<\/h2>\n<p>Sage X3 dostarcza wbudowane funkcje, takie jak kontrola jako\u015bci, zgodno\u015b\u0107 z przepisami i \u015bledzenie partii, aby pom\u00f3c firmom z bran\u017cy chemicznej w zapewnieniu zysk\u00f3w i dostosowaniu si\u0119 do niepewnej przysz\u0142o\u015bci.<\/p>\n<\/p>\n<h3>Twoje <b><red>Korzy\u015bci<\/b><\/red>   <\/h3>\n<p><p>Sage X3 to rozwi\u0105zanie nowej generacji do zarz\u0105dzania przedsi\u0119biorstwem, zaprojektowane specjalnie dla potrzeb producent\u00f3w chemicznych. \u0141\u0105czy wszystkie krytyczne dane, zmniejszaj\u0105c nieefektywno\u015b\u0107 odr\u0119bnego zarz\u0105dzania laboratorium, \u0142a\u0144cuchem dostaw, produkcj\u0105 i finansami.<br \/>\nSage X3 dostarcza wbudowane funkcje, takie jak kontrola jako\u015bci, zgodno\u015b\u0107 z przepisami i \u015bledzenie partii, aby pom\u00f3c firmom z bran\u017cy chemicznej w zapewnieniu zysk\u00f3w i dostosowaniu si\u0119 do niepewnej przysz\u0142o\u015bci.<\/p>\n<p>&#8211; Optymalizacja dostaw<br \/>\n&#8211; Niezawodna kontrola zgodno\u015bci na wszystkich poziomach<br \/>\n&#8211; Dost\u0119p do danych w dowolnym miejscu i czasie<br \/>\n&#8211; Sp\u00f3jno\u015b\u0107 produkt\u00f3w i proces\u00f3w<\/p>\n<\/p>\n<p>Optymalizacja dostaw<\/p>\n<p>Sp\u00f3jno\u015b\u0107 produkt\u00f3w i proces\u00f3w<\/p>\n<p>Pe\u0142na zgodno\u015b\u0107 z przepisami na rynku globalnym<\/p>\n<p>Zwi\u0119kszona zdolno\u015b\u0107 reagowania<\/p>\n<p>Ograniczenie ryzyka<\/p>\n<p>Ograniczenie koszt\u00f3w i odpad\u00f3w<\/p>\n<p>Dost\u0119p w dowolnym miejscu i czasie      <\/p>\n<h2><b><red>Cechy<\/b><\/red> <b>Sage X3<\/b><\/h2>\n<h3><\/h3>\n<p><p><span data-sheets-value=\"{&quot;1&quot;:2,&quot;2&quot;:&quot;Optymalizacja dostaw&quot;}\" data-sheets-userformat=\"{&quot;2&quot;:957,&quot;3&quot;:{&quot;1&quot;:0},&quot;5&quot;:{&quot;1&quot;:[{&quot;1&quot;:2,&quot;2&quot;:0,&quot;5&quot;:{&quot;1&quot;:2,&quot;2&quot;:0}},{&quot;1&quot;:0,&quot;2&quot;:0,&quot;3&quot;:3},{&quot;1&quot;:1,&quot;2&quot;:0,&quot;4&quot;:1}]},&quot;6&quot;:{&quot;1&quot;:[{&quot;1&quot;:2,&quot;2&quot;:0,&quot;5&quot;:{&quot;1&quot;:2,&quot;2&quot;:0}},{&quot;1&quot;:0,&quot;2&quot;:0,&quot;3&quot;:3},{&quot;1&quot;:1,&quot;2&quot;:0,&quot;4&quot;:1}]},&quot;7&quot;:{&quot;1&quot;:[{&quot;1&quot;:2,&quot;2&quot;:0,&quot;5&quot;:{&quot;1&quot;:2,&quot;2&quot;:0}},{&quot;1&quot;:0,&quot;2&quot;:0,&quot;3&quot;:3},{&quot;1&quot;:1,&quot;2&quot;:0,&quot;4&quot;:1}]},&quot;8&quot;:{&quot;1&quot;:[{&quot;1&quot;:2,&quot;2&quot;:0,&quot;5&quot;:{&quot;1&quot;:2,&quot;2&quot;:0}},{&quot;1&quot;:0,&quot;2&quot;:0,&quot;3&quot;:3},{&quot;1&quot;:1,&quot;2&quot;:0,&quot;4&quot;:1}]},&quot;10&quot;:1,&quot;11&quot;:4,&quot;12&quot;:0}\">Optymalizacja dostaw<\/span><\/p>\n<p><span data-sheets-value=\"{&quot;1&quot;:2,&quot;2&quot;:&quot;Szybciej reaguj na zr\u00f3\u017cnicowane wymagania klient\u00f3w i lepiej zarz\u0105dzaj nieprzewidzianymi zdarzeniami w zakresie zakup\u00f3w, produkcji i wysy\u0142ki.&quot;}\" data-sheets-userformat=\"{&quot;2&quot;:957,&quot;3&quot;:{&quot;1&quot;:0},&quot;5&quot;:{&quot;1&quot;:[{&quot;1&quot;:2,&quot;2&quot;:0,&quot;5&quot;:{&quot;1&quot;:2,&quot;2&quot;:0}},{&quot;1&quot;:0,&quot;2&quot;:0,&quot;3&quot;:3},{&quot;1&quot;:1,&quot;2&quot;:0,&quot;4&quot;:1}]},&quot;6&quot;:{&quot;1&quot;:[{&quot;1&quot;:2,&quot;2&quot;:0,&quot;5&quot;:{&quot;1&quot;:2,&quot;2&quot;:0}},{&quot;1&quot;:0,&quot;2&quot;:0,&quot;3&quot;:3},{&quot;1&quot;:1,&quot;2&quot;:0,&quot;4&quot;:1}]},&quot;7&quot;:{&quot;1&quot;:[{&quot;1&quot;:2,&quot;2&quot;:0,&quot;5&quot;:{&quot;1&quot;:2,&quot;2&quot;:0}},{&quot;1&quot;:0,&quot;2&quot;:0,&quot;3&quot;:3},{&quot;1&quot;:1,&quot;2&quot;:0,&quot;4&quot;:1}]},&quot;8&quot;:{&quot;1&quot;:[{&quot;1&quot;:2,&quot;2&quot;:0,&quot;5&quot;:{&quot;1&quot;:2,&quot;2&quot;:0}},{&quot;1&quot;:0,&quot;2&quot;:0,&quot;3&quot;:3},{&quot;1&quot;:1,&quot;2&quot;:0,&quot;4&quot;:1}]},&quot;10&quot;:1,&quot;11&quot;:4,&quot;12&quot;:0}\">Szybciej reaguj na zr\u00f3\u017cnicowane wymagania klient\u00f3w i lepiej zarz\u0105dzaj nieprzewidzianymi zdarzeniami w zakresie zakup\u00f3w, produkcji i wysy\u0142ki.<\/span><\/p>\n<\/p>\n<h3><\/h3>\n<p><p><span data-sheets-value=\"{&quot;1&quot;:2,&quot;2&quot;:&quot;Zgodno\u015b\u0107 produkt\u00f3w i proces\u00f3w&quot;}\" data-sheets-userformat=\"{&quot;2&quot;:957,&quot;3&quot;:{&quot;1&quot;:0},&quot;5&quot;:{&quot;1&quot;:[{&quot;1&quot;:2,&quot;2&quot;:0,&quot;5&quot;:{&quot;1&quot;:2,&quot;2&quot;:0}},{&quot;1&quot;:0,&quot;2&quot;:0,&quot;3&quot;:3},{&quot;1&quot;:1,&quot;2&quot;:0,&quot;4&quot;:1}]},&quot;6&quot;:{&quot;1&quot;:[{&quot;1&quot;:2,&quot;2&quot;:0,&quot;5&quot;:{&quot;1&quot;:2,&quot;2&quot;:0}},{&quot;1&quot;:0,&quot;2&quot;:0,&quot;3&quot;:3},{&quot;1&quot;:1,&quot;2&quot;:0,&quot;4&quot;:1}]},&quot;7&quot;:{&quot;1&quot;:[{&quot;1&quot;:2,&quot;2&quot;:0,&quot;5&quot;:{&quot;1&quot;:2,&quot;2&quot;:0}},{&quot;1&quot;:0,&quot;2&quot;:0,&quot;3&quot;:3},{&quot;1&quot;:1,&quot;2&quot;:0,&quot;4&quot;:1}]},&quot;8&quot;:{&quot;1&quot;:[{&quot;1&quot;:2,&quot;2&quot;:0,&quot;5&quot;:{&quot;1&quot;:2,&quot;2&quot;:0}},{&quot;1&quot;:0,&quot;2&quot;:0,&quot;3&quot;:3},{&quot;1&quot;:1,&quot;2&quot;:0,&quot;4&quot;:1}]},&quot;10&quot;:1,&quot;11&quot;:4,&quot;12&quot;:0}\">Zgodno\u015b\u0107 produkt\u00f3w i proces\u00f3w<\/span><\/p>\n<p><span data-sheets-value=\"{&quot;1&quot;:2,&quot;2&quot;:&quot;Upewnij si\u0119, \u017ce technologia s\u0142u\u017cy jako\u015bci, bezpiecze\u0144stwu i funkcjonalno\u015bci Twoich produkt\u00f3w bezustannie, zapewniaj\u0105c jednocze\u015bnie elastyczno\u015b\u0107, kt\u00f3ra pozwoli wykorzysta\u0107 ka\u017cd\u0105 szans\u0119.&quot;}\" data-sheets-userformat=\"{&quot;2&quot;:957,&quot;3&quot;:{&quot;1&quot;:0},&quot;5&quot;:{&quot;1&quot;:[{&quot;1&quot;:2,&quot;2&quot;:0,&quot;5&quot;:{&quot;1&quot;:2,&quot;2&quot;:0}},{&quot;1&quot;:0,&quot;2&quot;:0,&quot;3&quot;:3},{&quot;1&quot;:1,&quot;2&quot;:0,&quot;4&quot;:1}]},&quot;6&quot;:{&quot;1&quot;:[{&quot;1&quot;:2,&quot;2&quot;:0,&quot;5&quot;:{&quot;1&quot;:2,&quot;2&quot;:0}},{&quot;1&quot;:0,&quot;2&quot;:0,&quot;3&quot;:3},{&quot;1&quot;:1,&quot;2&quot;:0,&quot;4&quot;:1}]},&quot;7&quot;:{&quot;1&quot;:[{&quot;1&quot;:2,&quot;2&quot;:0,&quot;5&quot;:{&quot;1&quot;:2,&quot;2&quot;:0}},{&quot;1&quot;:0,&quot;2&quot;:0,&quot;3&quot;:3},{&quot;1&quot;:1,&quot;2&quot;:0,&quot;4&quot;:1}]},&quot;8&quot;:{&quot;1&quot;:[{&quot;1&quot;:2,&quot;2&quot;:0,&quot;5&quot;:{&quot;1&quot;:2,&quot;2&quot;:0}},{&quot;1&quot;:0,&quot;2&quot;:0,&quot;3&quot;:3},{&quot;1&quot;:1,&quot;2&quot;:0,&quot;4&quot;:1}]},&quot;10&quot;:1,&quot;11&quot;:4,&quot;12&quot;:0}\">Upewnij si\u0119, \u017ce technologia s\u0142u\u017cy jako\u015bci, bezpiecze\u0144stwu i funkcjonalno\u015bci Twoich produkt\u00f3w bezustannie, zapewniaj\u0105c jednocze\u015bnie elastyczno\u015b\u0107, kt\u00f3ra pozwoli wykorzysta\u0107 ka\u017cd\u0105 szans\u0119.<\/span><\/p>\n<\/p>\n<h3><\/h3>\n<p><p><span data-sheets-value=\"{&quot;1&quot;:2,&quot;2&quot;:&quot;Niezawodna wsp\u00f3\u0142praca na wszystkich poziomach&quot;}\" data-sheets-userformat=\"{&quot;2&quot;:957,&quot;3&quot;:{&quot;1&quot;:0},&quot;5&quot;:{&quot;1&quot;:[{&quot;1&quot;:2,&quot;2&quot;:0,&quot;5&quot;:{&quot;1&quot;:2,&quot;2&quot;:0}},{&quot;1&quot;:0,&quot;2&quot;:0,&quot;3&quot;:3},{&quot;1&quot;:1,&quot;2&quot;:0,&quot;4&quot;:1}]},&quot;6&quot;:{&quot;1&quot;:[{&quot;1&quot;:2,&quot;2&quot;:0,&quot;5&quot;:{&quot;1&quot;:2,&quot;2&quot;:0}},{&quot;1&quot;:0,&quot;2&quot;:0,&quot;3&quot;:3},{&quot;1&quot;:1,&quot;2&quot;:0,&quot;4&quot;:1}]},&quot;7&quot;:{&quot;1&quot;:[{&quot;1&quot;:2,&quot;2&quot;:0,&quot;5&quot;:{&quot;1&quot;:2,&quot;2&quot;:0}},{&quot;1&quot;:0,&quot;2&quot;:0,&quot;3&quot;:3},{&quot;1&quot;:1,&quot;2&quot;:0,&quot;4&quot;:1}]},&quot;8&quot;:{&quot;1&quot;:[{&quot;1&quot;:2,&quot;2&quot;:0,&quot;5&quot;:{&quot;1&quot;:2,&quot;2&quot;:0}},{&quot;1&quot;:0,&quot;2&quot;:0,&quot;3&quot;:3},{&quot;1&quot;:1,&quot;2&quot;:0,&quot;4&quot;:1}]},&quot;10&quot;:1,&quot;11&quot;:4,&quot;12&quot;:0}\">Niezawodna wsp\u00f3\u0142praca na wszystkich poziomach<\/span><\/p>\n<p><span data-sheets-value=\"{&quot;1&quot;:2,&quot;2&quot;:&quot;Zweryfikuj, czy system skutecznie uwzgl\u0119dnia liczne mi\u0119dzynarodowe przepisy i regulacje oraz zapewnia uproszczenie kontroli zgodno\u015bci z przepisami, niezale\u017cnie od walut, region\u00f3w i standard\u00f3w.&quot;}\" data-sheets-userformat=\"{&quot;2&quot;:957,&quot;3&quot;:{&quot;1&quot;:0},&quot;5&quot;:{&quot;1&quot;:[{&quot;1&quot;:2,&quot;2&quot;:0,&quot;5&quot;:{&quot;1&quot;:2,&quot;2&quot;:0}},{&quot;1&quot;:0,&quot;2&quot;:0,&quot;3&quot;:3},{&quot;1&quot;:1,&quot;2&quot;:0,&quot;4&quot;:1}]},&quot;6&quot;:{&quot;1&quot;:[{&quot;1&quot;:2,&quot;2&quot;:0,&quot;5&quot;:{&quot;1&quot;:2,&quot;2&quot;:0}},{&quot;1&quot;:0,&quot;2&quot;:0,&quot;3&quot;:3},{&quot;1&quot;:1,&quot;2&quot;:0,&quot;4&quot;:1}]},&quot;7&quot;:{&quot;1&quot;:[{&quot;1&quot;:2,&quot;2&quot;:0,&quot;5&quot;:{&quot;1&quot;:2,&quot;2&quot;:0}},{&quot;1&quot;:0,&quot;2&quot;:0,&quot;3&quot;:3},{&quot;1&quot;:1,&quot;2&quot;:0,&quot;4&quot;:1}]},&quot;8&quot;:{&quot;1&quot;:[{&quot;1&quot;:2,&quot;2&quot;:0,&quot;5&quot;:{&quot;1&quot;:2,&quot;2&quot;:0}},{&quot;1&quot;:0,&quot;2&quot;:0,&quot;3&quot;:3},{&quot;1&quot;:1,&quot;2&quot;:0,&quot;4&quot;:1}]},&quot;10&quot;:1,&quot;11&quot;:4,&quot;12&quot;:0}\">Zweryfikuj, czy system skutecznie uwzgl\u0119dnia liczne mi\u0119dzynarodowe przepisy i regulacje oraz zapewnia uproszczenie kontroli zgodno\u015bci z przepisami, niezale\u017cnie od walut, region\u00f3w i standard\u00f3w.<\/span><\/p>\n<\/p>\n<h3><\/h3>\n<p><p><span data-sheets-value=\"{&quot;1&quot;:2,&quot;2&quot;:&quot;Dost\u0119p do danych w dowolnym czasie i miejscu&quot;}\" data-sheets-userformat=\"{&quot;2&quot;:957,&quot;3&quot;:{&quot;1&quot;:0},&quot;5&quot;:{&quot;1&quot;:[{&quot;1&quot;:2,&quot;2&quot;:0,&quot;5&quot;:{&quot;1&quot;:2,&quot;2&quot;:0}},{&quot;1&quot;:0,&quot;2&quot;:0,&quot;3&quot;:3},{&quot;1&quot;:1,&quot;2&quot;:0,&quot;4&quot;:1}]},&quot;6&quot;:{&quot;1&quot;:[{&quot;1&quot;:2,&quot;2&quot;:0,&quot;5&quot;:{&quot;1&quot;:2,&quot;2&quot;:0}},{&quot;1&quot;:0,&quot;2&quot;:0,&quot;3&quot;:3},{&quot;1&quot;:1,&quot;2&quot;:0,&quot;4&quot;:1}]},&quot;7&quot;:{&quot;1&quot;:[{&quot;1&quot;:2,&quot;2&quot;:0,&quot;5&quot;:{&quot;1&quot;:2,&quot;2&quot;:0}},{&quot;1&quot;:0,&quot;2&quot;:0,&quot;3&quot;:3},{&quot;1&quot;:1,&quot;2&quot;:0,&quot;4&quot;:1}]},&quot;8&quot;:{&quot;1&quot;:[{&quot;1&quot;:2,&quot;2&quot;:0,&quot;5&quot;:{&quot;1&quot;:2,&quot;2&quot;:0}},{&quot;1&quot;:0,&quot;2&quot;:0,&quot;3&quot;:3},{&quot;1&quot;:1,&quot;2&quot;:0,&quot;4&quot;:1}]},&quot;10&quot;:1,&quot;11&quot;:4,&quot;12&quot;:0}\">Dost\u0119p do danych w dowolnym czasie i miejscu<\/span><\/p>\n<p><span data-sheets-value=\"{&quot;1&quot;:2,&quot;2&quot;:&quot;Wybierz rozwi\u0105zanie szybkie do wdro\u017cenia i \u0142atwe do zarz\u0105dzania, kt\u00f3re u\u0142atwi Ci dzia\u0142ania zarz\u0105dcze dzi\u0119ki interfejsowi webowemu dost\u0119pnemu z ka\u017cdego pod\u0142\u0105czonego urz\u0105dzenia.&quot;}\" data-sheets-userformat=\"{&quot;2&quot;:957,&quot;3&quot;:{&quot;1&quot;:0},&quot;5&quot;:{&quot;1&quot;:[{&quot;1&quot;:2,&quot;2&quot;:0,&quot;5&quot;:{&quot;1&quot;:2,&quot;2&quot;:0}},{&quot;1&quot;:0,&quot;2&quot;:0,&quot;3&quot;:3},{&quot;1&quot;:1,&quot;2&quot;:0,&quot;4&quot;:1}]},&quot;6&quot;:{&quot;1&quot;:[{&quot;1&quot;:2,&quot;2&quot;:0,&quot;5&quot;:{&quot;1&quot;:2,&quot;2&quot;:0}},{&quot;1&quot;:0,&quot;2&quot;:0,&quot;3&quot;:3},{&quot;1&quot;:1,&quot;2&quot;:0,&quot;4&quot;:1}]},&quot;7&quot;:{&quot;1&quot;:[{&quot;1&quot;:2,&quot;2&quot;:0,&quot;5&quot;:{&quot;1&quot;:2,&quot;2&quot;:0}},{&quot;1&quot;:0,&quot;2&quot;:0,&quot;3&quot;:3},{&quot;1&quot;:1,&quot;2&quot;:0,&quot;4&quot;:1}]},&quot;8&quot;:{&quot;1&quot;:[{&quot;1&quot;:2,&quot;2&quot;:0,&quot;5&quot;:{&quot;1&quot;:2,&quot;2&quot;:0}},{&quot;1&quot;:0,&quot;2&quot;:0,&quot;3&quot;:3},{&quot;1&quot;:1,&quot;2&quot;:0,&quot;4&quot;:1}]},&quot;10&quot;:1,&quot;11&quot;:4,&quot;12&quot;:0}\">Wybierz rozwi\u0105zanie szybkie do wdro\u017cenia i \u0142atwe do zarz\u0105dzania, kt\u00f3re u\u0142atwi Ci dzia\u0142ania zarz\u0105dcze dzi\u0119ki interfejsowi webowemu dost\u0119pnemu z ka\u017cdego pod\u0142\u0105czonego urz\u0105dzenia.<\/span><\/p>\n<\/p>\n<h2><\/h2>\n<h3>Powi\u0105zane strony<\/h3>\n<\/p>\n<h3><\/h3>\n<\/p>\n<h3><\/h3><\/p>\n","protected":false},"excerpt":{"rendered":"<p>Prowadzenie biznesu chemicznego mo\u017ce by\u0107 skomplikowane. Globalnie Ujednolicony System Klasyfikacji i Oznakowania (GHS), kwestie zwi\u0105zane z wysy\u0142k\u0105 i transportem, bezpiecze\u0144stwo w miejscu pracy i inne aspekty to wyzwania, kt\u00f3rym trzeba stawia\u0107 czo\u0142a na co dzie\u0144. Aby sprosta\u0107 presji konkurencji i optymalnie wykorzysta\u0107 najcenniejsze zasoby, potrzebujesz rozwi\u0105zania, kt\u00f3re pozwoli znacznie upro\u015bci\u0107 Twoje operacje, zamiast wprowadza\u0107 bardziej z\u0142o\u017cone systemy i sztywne procesy.<\/p>\n","protected":false},"author":3,"featured_media":0,"parent":11005,"menu_order":0,"comment_status":"closed","ping_status":"closed","template":"templates\/template-inner.php","meta":{"_acf_changed":false,"footnotes":""},"class_list":["post-9596","page","type-page","status-publish","hentry"],"acf":[],"yoast_head":"<!-- This site is optimized with the Yoast SEO plugin v23.5 - https:\/\/yoast.com\/wordpress\/plugins\/seo\/ -->\n<title>Przemys\u0142 chemiczny i farmaceutyczny - Deveho<\/title>\n<meta name=\"robots\" content=\"index, follow, max-snippet:-1, max-image-preview:large, max-video-preview:-1\" \/>\n<link rel=\"canonical\" href=\"https:\/\/deveho.com\/sectors\/chemicals-pharmacy\/\" \/>\n<meta property=\"og:locale\" content=\"pl_PL\" \/>\n<meta property=\"og:type\" content=\"article\" \/>\n<meta property=\"og:title\" content=\"Przemys\u0142 chemiczny i farmaceutyczny - Deveho\" \/>\n<meta property=\"og:description\" content=\"Prowadzenie biznesu chemicznego mo\u017ce by\u0107 skomplikowane. Globalnie Ujednolicony System Klasyfikacji i Oznakowania (GHS), kwestie zwi\u0105zane z wysy\u0142k\u0105 i transportem, bezpiecze\u0144stwo w miejscu pracy i inne aspekty to wyzwania, kt\u00f3rym trzeba stawia\u0107 czo\u0142a na co dzie\u0144. Aby sprosta\u0107 presji konkurencji i optymalnie wykorzysta\u0107 najcenniejsze zasoby, potrzebujesz rozwi\u0105zania, kt\u00f3re pozwoli znacznie upro\u015bci\u0107 Twoje operacje, zamiast wprowadza\u0107 bardziej z\u0142o\u017cone systemy i sztywne procesy.\" \/>\n<meta property=\"og:url\" content=\"https:\/\/deveho.com\/sectors\/chemicals-pharmacy\/\" \/>\n<meta property=\"og:site_name\" content=\"Deveho\" \/>\n<meta property=\"article:publisher\" content=\"https:\/\/www.facebook.com\/deveho\" \/>\n<meta property=\"article:modified_time\" content=\"2023-11-24T15:22:47+00:00\" \/>\n<meta name=\"twitter:card\" content=\"summary_large_image\" \/>\n<meta name=\"twitter:site\" content=\"@Deveho1\" \/>\n<meta name=\"twitter:label1\" content=\"Szacowany czas czytania\" \/>\n\t<meta name=\"twitter:data1\" content=\"2 minuty\" \/>\n<script type=\"application\/ld+json\" class=\"yoast-schema-graph\">{\"@context\":\"https:\/\/schema.org\",\"@graph\":[{\"@type\":\"WebPage\",\"@id\":\"https:\/\/deveho.com\/sectors\/chemicals-pharmacy\/\",\"url\":\"https:\/\/deveho.com\/sectors\/chemicals-pharmacy\/\",\"name\":\"Przemys\u0142 chemiczny i farmaceutyczny - Deveho\",\"isPartOf\":{\"@id\":\"https:\/\/deveho.com\/#website\"},\"datePublished\":\"2022-03-30T11:08:11+00:00\",\"dateModified\":\"2023-11-24T15:22:47+00:00\",\"breadcrumb\":{\"@id\":\"https:\/\/deveho.com\/sectors\/chemicals-pharmacy\/#breadcrumb\"},\"inLanguage\":\"pl-PL\",\"potentialAction\":[{\"@type\":\"ReadAction\",\"target\":[\"https:\/\/deveho.com\/sectors\/chemicals-pharmacy\/\"]}]},{\"@type\":\"BreadcrumbList\",\"@id\":\"https:\/\/deveho.com\/sectors\/chemicals-pharmacy\/#breadcrumb\",\"itemListElement\":[{\"@type\":\"ListItem\",\"position\":1,\"name\":\"Home\",\"item\":\"https:\/\/deveho.com\/pl\/\"},{\"@type\":\"ListItem\",\"position\":2,\"name\":\"Sektory\",\"item\":\"https:\/\/deveho.com\/pl\/sektory\/\"},{\"@type\":\"ListItem\",\"position\":3,\"name\":\"Przemys\u0142 chemiczny i farmaceutyczny\"}]},{\"@type\":\"WebSite\",\"@id\":\"https:\/\/deveho.com\/#website\",\"url\":\"https:\/\/deveho.com\/\",\"name\":\"Deveho Consulting Group\",\"description\":\"Let\u2019s boost your growth\",\"publisher\":{\"@id\":\"https:\/\/deveho.com\/#organization\"},\"potentialAction\":[{\"@type\":\"SearchAction\",\"target\":{\"@type\":\"EntryPoint\",\"urlTemplate\":\"https:\/\/deveho.com\/?s={search_term_string}\"},\"query-input\":{\"@type\":\"PropertyValueSpecification\",\"valueRequired\":true,\"valueName\":\"search_term_string\"}}],\"inLanguage\":\"pl-PL\"},{\"@type\":\"Organization\",\"@id\":\"https:\/\/deveho.com\/#organization\",\"name\":\"Deveho Consulting Group\",\"url\":\"https:\/\/deveho.com\/\",\"logo\":{\"@type\":\"ImageObject\",\"inLanguage\":\"pl-PL\",\"@id\":\"https:\/\/deveho.com\/#\/schema\/logo\/image\/\",\"url\":\"https:\/\/deveho.com\/wp-content\/uploads\/2023\/02\/DEVEHO-LOGO-Baseline-COLOR.png\",\"contentUrl\":\"https:\/\/deveho.com\/wp-content\/uploads\/2023\/02\/DEVEHO-LOGO-Baseline-COLOR.png\",\"width\":2251,\"height\":585,\"caption\":\"Deveho Consulting Group\"},\"image\":{\"@id\":\"https:\/\/deveho.com\/#\/schema\/logo\/image\/\"},\"sameAs\":[\"https:\/\/www.facebook.com\/deveho\",\"https:\/\/x.com\/Deveho1\",\"https:\/\/www.linkedin.com\/company\/deveho-consulting\/\"]}]}<\/script>\n<!-- \/ Yoast SEO plugin. -->","yoast_head_json":{"title":"Przemys\u0142 chemiczny i farmaceutyczny - Deveho","robots":{"index":"index","follow":"follow","max-snippet":"max-snippet:-1","max-image-preview":"max-image-preview:large","max-video-preview":"max-video-preview:-1"},"canonical":"https:\/\/deveho.com\/sectors\/chemicals-pharmacy\/","og_locale":"pl_PL","og_type":"article","og_title":"Przemys\u0142 chemiczny i farmaceutyczny - Deveho","og_description":"Prowadzenie biznesu chemicznego mo\u017ce by\u0107 skomplikowane. Globalnie Ujednolicony System Klasyfikacji i Oznakowania (GHS), kwestie zwi\u0105zane z wysy\u0142k\u0105 i transportem, bezpiecze\u0144stwo w miejscu pracy i inne aspekty to wyzwania, kt\u00f3rym trzeba stawia\u0107 czo\u0142a na co dzie\u0144. Aby sprosta\u0107 presji konkurencji i optymalnie wykorzysta\u0107 najcenniejsze zasoby, potrzebujesz rozwi\u0105zania, kt\u00f3re pozwoli znacznie upro\u015bci\u0107 Twoje operacje, zamiast wprowadza\u0107 bardziej z\u0142o\u017cone systemy i sztywne procesy.","og_url":"https:\/\/deveho.com\/sectors\/chemicals-pharmacy\/","og_site_name":"Deveho","article_publisher":"https:\/\/www.facebook.com\/deveho","article_modified_time":"2023-11-24T15:22:47+00:00","twitter_card":"summary_large_image","twitter_site":"@Deveho1","twitter_misc":{"Szacowany czas czytania":"2 minuty"},"schema":{"@context":"https:\/\/schema.org","@graph":[{"@type":"WebPage","@id":"https:\/\/deveho.com\/sectors\/chemicals-pharmacy\/","url":"https:\/\/deveho.com\/sectors\/chemicals-pharmacy\/","name":"Przemys\u0142 chemiczny i farmaceutyczny - Deveho","isPartOf":{"@id":"https:\/\/deveho.com\/#website"},"datePublished":"2022-03-30T11:08:11+00:00","dateModified":"2023-11-24T15:22:47+00:00","breadcrumb":{"@id":"https:\/\/deveho.com\/sectors\/chemicals-pharmacy\/#breadcrumb"},"inLanguage":"pl-PL","potentialAction":[{"@type":"ReadAction","target":["https:\/\/deveho.com\/sectors\/chemicals-pharmacy\/"]}]},{"@type":"BreadcrumbList","@id":"https:\/\/deveho.com\/sectors\/chemicals-pharmacy\/#breadcrumb","itemListElement":[{"@type":"ListItem","position":1,"name":"Home","item":"https:\/\/deveho.com\/pl\/"},{"@type":"ListItem","position":2,"name":"Sektory","item":"https:\/\/deveho.com\/pl\/sektory\/"},{"@type":"ListItem","position":3,"name":"Przemys\u0142 chemiczny i farmaceutyczny"}]},{"@type":"WebSite","@id":"https:\/\/deveho.com\/#website","url":"https:\/\/deveho.com\/","name":"Deveho Consulting Group","description":"Let\u2019s boost your growth","publisher":{"@id":"https:\/\/deveho.com\/#organization"},"potentialAction":[{"@type":"SearchAction","target":{"@type":"EntryPoint","urlTemplate":"https:\/\/deveho.com\/?s={search_term_string}"},"query-input":{"@type":"PropertyValueSpecification","valueRequired":true,"valueName":"search_term_string"}}],"inLanguage":"pl-PL"},{"@type":"Organization","@id":"https:\/\/deveho.com\/#organization","name":"Deveho Consulting Group","url":"https:\/\/deveho.com\/","logo":{"@type":"ImageObject","inLanguage":"pl-PL","@id":"https:\/\/deveho.com\/#\/schema\/logo\/image\/","url":"https:\/\/deveho.com\/wp-content\/uploads\/2023\/02\/DEVEHO-LOGO-Baseline-COLOR.png","contentUrl":"https:\/\/deveho.com\/wp-content\/uploads\/2023\/02\/DEVEHO-LOGO-Baseline-COLOR.png","width":2251,"height":585,"caption":"Deveho Consulting Group"},"image":{"@id":"https:\/\/deveho.com\/#\/schema\/logo\/image\/"},"sameAs":["https:\/\/www.facebook.com\/deveho","https:\/\/x.com\/Deveho1","https:\/\/www.linkedin.com\/company\/deveho-consulting\/"]}]}},"_links":{"self":[{"href":"https:\/\/deveho.com\/pl\/wp-json\/wp\/v2\/pages\/9596"}],"collection":[{"href":"https:\/\/deveho.com\/pl\/wp-json\/wp\/v2\/pages"}],"about":[{"href":"https:\/\/deveho.com\/pl\/wp-json\/wp\/v2\/types\/page"}],"author":[{"embeddable":true,"href":"https:\/\/deveho.com\/pl\/wp-json\/wp\/v2\/users\/3"}],"replies":[{"embeddable":true,"href":"https:\/\/deveho.com\/pl\/wp-json\/wp\/v2\/comments?post=9596"}],"version-history":[{"count":0,"href":"https:\/\/deveho.com\/pl\/wp-json\/wp\/v2\/pages\/9596\/revisions"}],"up":[{"embeddable":true,"href":"https:\/\/deveho.com\/pl\/wp-json\/wp\/v2\/pages\/11005"}],"wp:attachment":[{"href":"https:\/\/deveho.com\/pl\/wp-json\/wp\/v2\/media?parent=9596"}],"curies":[{"name":"wp","href":"https:\/\/api.w.org\/{rel}","templated":true}]}}