{"id":9678,"date":"2022-04-07T10:15:40","date_gmt":"2022-04-07T10:15:40","guid":{"rendered":"https:\/\/deveho2.sfdbeta.be\/uslugi-profesjonalne\/"},"modified":"2023-10-06T11:23:15","modified_gmt":"2023-10-06T09:23:15","slug":"uslugi-profesjonalne","status":"publish","type":"page","link":"https:\/\/deveho.com\/pl\/sektory\/uslugi-profesjonalne\/","title":{"rendered":"Us\u0142ugi profesjonalne"},"content":{"rendered":"<br \/>\n<h3>Twoje <b><red>Korzy\u015bci<\/b><\/red>   <\/h3>\n<p><p>Sage X3 pozwala upro\u015bci\u0107 zarz\u0105dzanie dzia\u0142alno\u015bci\u0105 us\u0142ugow\u0105 i \u015bci\u015ble monitorowa\u0107 operacyjne, handlowe i finansowe aspekty projekt\u00f3w. Bardziej og\u00f3lnie, Sage X3 mo\u017cna wykorzysta\u0107 do zarz\u0105dzania ca\u0142ym cyklem \u017cycia projektu (ofertowanie, uruchomienie, rozplanowanie, monitorowanie, regularne analizy, fakturowanie i ksi\u0119gowanie) oraz do szybkiego reagowania na zmiany na rynku, co pozwala skupi\u0107 si\u0119 na jako\u015bci obs\u0142ugi klienta.<\/p>\n<\/p>\n<p>Szybsze reagowanie na zapytania klient\u00f3w dzi\u0119ki dok\u0142adnemu kosztorysowi projektu i informacji o kosztach<\/p>\n<p>\u015aledzenie czasu pracy i poniesionych wydatk\u00f3w za pomoc\u0105 urz\u0105dze\u0144 mobilnych w celu uzyskania bie\u017c\u0105cego przegl\u0105du wykonanych zada\u0144<\/p>\n<p>Usprawnienie proces\u00f3w ksi\u0119gowych dzi\u0119ki automatycznemu tworzeniu faktur dla klient\u00f3w, wpis\u00f3w dotycz\u0105cych rozpoznawania przychod\u00f3w i korekt bud\u017cetowych<\/p>\n<p>Zwi\u0119kszenie wydajno\u015bci i elastyczno\u015bci przedsi\u0119biorstwa<\/p>\n<p>Zabezpieczenie przysz\u0142o\u015bci biznesu us\u0142ugowego<\/p>\n<p>Usprawnienie przep\u0142ywu got\u00f3wki w Twoim biznesie us\u0142ugowym<\/p>\n<h2><b><red>Cechy<\/b><\/red> <b>Sage X3<\/b><\/h2>\n<h3><\/h3>\n<p><p><span data-sheets-value=\"{&quot;1&quot;:2,&quot;2&quot;:&quot;Wiele szablon\u00f3w projektu&quot;}\" data-sheets-userformat=\"{&quot;2&quot;:957,&quot;3&quot;:{&quot;1&quot;:0},&quot;5&quot;:{&quot;1&quot;:[{&quot;1&quot;:2,&quot;2&quot;:0,&quot;5&quot;:{&quot;1&quot;:2,&quot;2&quot;:0}},{&quot;1&quot;:0,&quot;2&quot;:0,&quot;3&quot;:3},{&quot;1&quot;:1,&quot;2&quot;:0,&quot;4&quot;:1}]},&quot;6&quot;:{&quot;1&quot;:[{&quot;1&quot;:2,&quot;2&quot;:0,&quot;5&quot;:{&quot;1&quot;:2,&quot;2&quot;:0}},{&quot;1&quot;:0,&quot;2&quot;:0,&quot;3&quot;:3},{&quot;1&quot;:1,&quot;2&quot;:0,&quot;4&quot;:1}]},&quot;7&quot;:{&quot;1&quot;:[{&quot;1&quot;:2,&quot;2&quot;:0,&quot;5&quot;:{&quot;1&quot;:2,&quot;2&quot;:0}},{&quot;1&quot;:0,&quot;2&quot;:0,&quot;3&quot;:3},{&quot;1&quot;:1,&quot;2&quot;:0,&quot;4&quot;:1}]},&quot;8&quot;:{&quot;1&quot;:[{&quot;1&quot;:2,&quot;2&quot;:0,&quot;5&quot;:{&quot;1&quot;:2,&quot;2&quot;:0}},{&quot;1&quot;:0,&quot;2&quot;:0,&quot;3&quot;:3},{&quot;1&quot;:1,&quot;2&quot;:0,&quot;4&quot;:1}]},&quot;10&quot;:1,&quot;11&quot;:4,&quot;12&quot;:0}\">Wiele szablon\u00f3w projektu.<\/span><\/p>\n<\/p>\n<h3><\/h3>\n<p><p><span data-sheets-value=\"{&quot;1&quot;:2,&quot;2&quot;:&quot;Zarz\u0105dzanie pe\u0142nym cyklem \u017cycia projektu&quot;}\" data-sheets-userformat=\"{&quot;2&quot;:957,&quot;3&quot;:{&quot;1&quot;:0},&quot;5&quot;:{&quot;1&quot;:[{&quot;1&quot;:2,&quot;2&quot;:0,&quot;5&quot;:{&quot;1&quot;:2,&quot;2&quot;:0}},{&quot;1&quot;:0,&quot;2&quot;:0,&quot;3&quot;:3},{&quot;1&quot;:1,&quot;2&quot;:0,&quot;4&quot;:1}]},&quot;6&quot;:{&quot;1&quot;:[{&quot;1&quot;:2,&quot;2&quot;:0,&quot;5&quot;:{&quot;1&quot;:2,&quot;2&quot;:0}},{&quot;1&quot;:0,&quot;2&quot;:0,&quot;3&quot;:3},{&quot;1&quot;:1,&quot;2&quot;:0,&quot;4&quot;:1}]},&quot;7&quot;:{&quot;1&quot;:[{&quot;1&quot;:2,&quot;2&quot;:0,&quot;5&quot;:{&quot;1&quot;:2,&quot;2&quot;:0}},{&quot;1&quot;:0,&quot;2&quot;:0,&quot;3&quot;:3},{&quot;1&quot;:1,&quot;2&quot;:0,&quot;4&quot;:1}]},&quot;8&quot;:{&quot;1&quot;:[{&quot;1&quot;:2,&quot;2&quot;:0,&quot;5&quot;:{&quot;1&quot;:2,&quot;2&quot;:0}},{&quot;1&quot;:0,&quot;2&quot;:0,&quot;3&quot;:3},{&quot;1&quot;:1,&quot;2&quot;:0,&quot;4&quot;:1}]},&quot;10&quot;:1,&quot;11&quot;:4,&quot;12&quot;:0}\">Zarz\u0105dzanie pe\u0142nym cyklem \u017cycia projektu.<\/span><\/p>\n<\/p>\n<h3><\/h3>\n<p><p><span data-sheets-value=\"{&quot;1&quot;:2,&quot;2&quot;:&quot;Automatyczna kalkulacja rekomendowanej ceny&quot;}\" data-sheets-userformat=\"{&quot;2&quot;:957,&quot;3&quot;:{&quot;1&quot;:0},&quot;5&quot;:{&quot;1&quot;:[{&quot;1&quot;:2,&quot;2&quot;:0,&quot;5&quot;:{&quot;1&quot;:2,&quot;2&quot;:0}},{&quot;1&quot;:0,&quot;2&quot;:0,&quot;3&quot;:3},{&quot;1&quot;:1,&quot;2&quot;:0,&quot;4&quot;:1}]},&quot;6&quot;:{&quot;1&quot;:[{&quot;1&quot;:2,&quot;2&quot;:0,&quot;5&quot;:{&quot;1&quot;:2,&quot;2&quot;:0}},{&quot;1&quot;:0,&quot;2&quot;:0,&quot;3&quot;:3},{&quot;1&quot;:1,&quot;2&quot;:0,&quot;4&quot;:1}]},&quot;7&quot;:{&quot;1&quot;:[{&quot;1&quot;:2,&quot;2&quot;:0,&quot;5&quot;:{&quot;1&quot;:2,&quot;2&quot;:0}},{&quot;1&quot;:0,&quot;2&quot;:0,&quot;3&quot;:3},{&quot;1&quot;:1,&quot;2&quot;:0,&quot;4&quot;:1}]},&quot;8&quot;:{&quot;1&quot;:[{&quot;1&quot;:2,&quot;2&quot;:0,&quot;5&quot;:{&quot;1&quot;:2,&quot;2&quot;:0}},{&quot;1&quot;:0,&quot;2&quot;:0,&quot;3&quot;:3},{&quot;1&quot;:1,&quot;2&quot;:0,&quot;4&quot;:1}]},&quot;10&quot;:1,&quot;11&quot;:4,&quot;12&quot;:0}\">Automatyczna kalkulacja rekomendowanej ceny.<\/span><\/p>\n<\/p>\n<h3><\/h3>\n<p><p><span data-sheets-value=\"{&quot;1&quot;:2,&quot;2&quot;:&quot;Prognoza bud\u017cetu na poszczeg\u00f3lne zadania i projekty&quot;}\" data-sheets-userformat=\"{&quot;2&quot;:957,&quot;3&quot;:{&quot;1&quot;:0},&quot;5&quot;:{&quot;1&quot;:[{&quot;1&quot;:2,&quot;2&quot;:0,&quot;5&quot;:{&quot;1&quot;:2,&quot;2&quot;:0}},{&quot;1&quot;:0,&quot;2&quot;:0,&quot;3&quot;:3},{&quot;1&quot;:1,&quot;2&quot;:0,&quot;4&quot;:1}]},&quot;6&quot;:{&quot;1&quot;:[{&quot;1&quot;:2,&quot;2&quot;:0,&quot;5&quot;:{&quot;1&quot;:2,&quot;2&quot;:0}},{&quot;1&quot;:0,&quot;2&quot;:0,&quot;3&quot;:3},{&quot;1&quot;:1,&quot;2&quot;:0,&quot;4&quot;:1}]},&quot;7&quot;:{&quot;1&quot;:[{&quot;1&quot;:2,&quot;2&quot;:0,&quot;5&quot;:{&quot;1&quot;:2,&quot;2&quot;:0}},{&quot;1&quot;:0,&quot;2&quot;:0,&quot;3&quot;:3},{&quot;1&quot;:1,&quot;2&quot;:0,&quot;4&quot;:1}]},&quot;8&quot;:{&quot;1&quot;:[{&quot;1&quot;:2,&quot;2&quot;:0,&quot;5&quot;:{&quot;1&quot;:2,&quot;2&quot;:0}},{&quot;1&quot;:0,&quot;2&quot;:0,&quot;3&quot;:3},{&quot;1&quot;:1,&quot;2&quot;:0,&quot;4&quot;:1}]},&quot;10&quot;:1,&quot;11&quot;:4,&quot;12&quot;:0}\">Prognoza bud\u017cetu na poszczeg\u00f3lne zadania i projekty.<\/span><\/p>\n<\/p>\n<h3><\/h3>\n<p><p><span data-sheets-value=\"{&quot;1&quot;:2,&quot;2&quot;:&quot;Zapis wszystkich przegl\u0105d\u00f3w projektu i korekt&quot;}\" data-sheets-userformat=\"{&quot;2&quot;:957,&quot;3&quot;:{&quot;1&quot;:0},&quot;5&quot;:{&quot;1&quot;:[{&quot;1&quot;:2,&quot;2&quot;:0,&quot;5&quot;:{&quot;1&quot;:2,&quot;2&quot;:0}},{&quot;1&quot;:0,&quot;2&quot;:0,&quot;3&quot;:3},{&quot;1&quot;:1,&quot;2&quot;:0,&quot;4&quot;:1}]},&quot;6&quot;:{&quot;1&quot;:[{&quot;1&quot;:2,&quot;2&quot;:0,&quot;5&quot;:{&quot;1&quot;:2,&quot;2&quot;:0}},{&quot;1&quot;:0,&quot;2&quot;:0,&quot;3&quot;:3},{&quot;1&quot;:1,&quot;2&quot;:0,&quot;4&quot;:1}]},&quot;7&quot;:{&quot;1&quot;:[{&quot;1&quot;:2,&quot;2&quot;:0,&quot;5&quot;:{&quot;1&quot;:2,&quot;2&quot;:0}},{&quot;1&quot;:0,&quot;2&quot;:0,&quot;3&quot;:3},{&quot;1&quot;:1,&quot;2&quot;:0,&quot;4&quot;:1}]},&quot;8&quot;:{&quot;1&quot;:[{&quot;1&quot;:2,&quot;2&quot;:0,&quot;5&quot;:{&quot;1&quot;:2,&quot;2&quot;:0}},{&quot;1&quot;:0,&quot;2&quot;:0,&quot;3&quot;:3},{&quot;1&quot;:1,&quot;2&quot;:0,&quot;4&quot;:1}]},&quot;10&quot;:1,&quot;11&quot;:4,&quot;12&quot;:0}\">Zapis wszystkich przegl\u0105d\u00f3w projektu i korekt.<\/span><\/p>\n<\/p>\n<h3><\/h3>\n<p><p><span data-sheets-value=\"{&quot;1&quot;:2,&quot;2&quot;:&quot;R\u00f3\u017cne metody fakturowania&quot;}\" data-sheets-userformat=\"{&quot;2&quot;:957,&quot;3&quot;:{&quot;1&quot;:0},&quot;5&quot;:{&quot;1&quot;:[{&quot;1&quot;:2,&quot;2&quot;:0,&quot;5&quot;:{&quot;1&quot;:2,&quot;2&quot;:0}},{&quot;1&quot;:0,&quot;2&quot;:0,&quot;3&quot;:3},{&quot;1&quot;:1,&quot;2&quot;:0,&quot;4&quot;:1}]},&quot;6&quot;:{&quot;1&quot;:[{&quot;1&quot;:2,&quot;2&quot;:0,&quot;5&quot;:{&quot;1&quot;:2,&quot;2&quot;:0}},{&quot;1&quot;:0,&quot;2&quot;:0,&quot;3&quot;:3},{&quot;1&quot;:1,&quot;2&quot;:0,&quot;4&quot;:1}]},&quot;7&quot;:{&quot;1&quot;:[{&quot;1&quot;:2,&quot;2&quot;:0,&quot;5&quot;:{&quot;1&quot;:2,&quot;2&quot;:0}},{&quot;1&quot;:0,&quot;2&quot;:0,&quot;3&quot;:3},{&quot;1&quot;:1,&quot;2&quot;:0,&quot;4&quot;:1}]},&quot;8&quot;:{&quot;1&quot;:[{&quot;1&quot;:2,&quot;2&quot;:0,&quot;5&quot;:{&quot;1&quot;:2,&quot;2&quot;:0}},{&quot;1&quot;:0,&quot;2&quot;:0,&quot;3&quot;:3},{&quot;1&quot;:1,&quot;2&quot;:0,&quot;4&quot;:1}]},&quot;10&quot;:1,&quot;11&quot;:4,&quot;12&quot;:0}\">R\u00f3\u017cne metody fakturowania.<\/span><\/p>\n<\/p>\n<h2><\/h2>\n<h3>Powi\u0105zane strony<\/h3>\n<\/p>\n<h3><\/h3>\n<\/p>\n<h3><\/h3><\/p>\n","protected":false},"excerpt":{"rendered":"<p>W obecnej sytuacji gospodarczej firmy odczuwaj\u0105 potrzeb\u0119 ponownego skupienia si\u0119 na swojej podstawowej dzia\u0142alno\u015bci i know-how. W zwi\u0105zku z tym coraz wi\u0119cej zada\u0144 zlecaj\u0105 na zewn\u0105trz, co t\u0142umaczy rozkwit rynku us\u0142ug B2B w ostatnich latach. Sektor ten obejmuje szereg dzia\u0142a\u0144; przedsi\u0119biorstwa, o kt\u00f3rych mowa, do\u015bwiadczaj\u0105 na og\u00f3\u0142 wysokiego poziomu wzrostu i staraj\u0105 si\u0119 sprawowa\u0107 szczeg\u00f3\u0142ow\u0105 kontrol\u0119 nad swoj\u0105 dzia\u0142alno\u015bci\u0105, utrzymuj\u0105c jednocze\u015bnie bliskie relacje ze swoimi klientami.<\/p>\n","protected":false},"author":3,"featured_media":0,"parent":11005,"menu_order":0,"comment_status":"closed","ping_status":"closed","template":"templates\/template-inner.php","meta":{"_acf_changed":false,"footnotes":""},"class_list":["post-9678","page","type-page","status-publish","hentry"],"acf":[],"yoast_head":"<!-- This site is optimized with the Yoast SEO plugin v23.5 - https:\/\/yoast.com\/wordpress\/plugins\/seo\/ -->\n<title>Us\u0142ugi profesjonalne - Deveho<\/title>\n<meta name=\"robots\" content=\"index, follow, max-snippet:-1, max-image-preview:large, max-video-preview:-1\" \/>\n<link rel=\"canonical\" href=\"https:\/\/deveho.com\/pl\/sektory\/uslugi-profesjonalne\/\" \/>\n<meta property=\"og:locale\" content=\"pl_PL\" \/>\n<meta property=\"og:type\" content=\"article\" \/>\n<meta property=\"og:title\" content=\"Us\u0142ugi profesjonalne - Deveho\" \/>\n<meta property=\"og:description\" content=\"W obecnej sytuacji gospodarczej firmy odczuwaj\u0105 potrzeb\u0119 ponownego skupienia si\u0119 na swojej podstawowej dzia\u0142alno\u015bci i know-how. W zwi\u0105zku z tym coraz wi\u0119cej zada\u0144 zlecaj\u0105 na zewn\u0105trz, co t\u0142umaczy rozkwit rynku us\u0142ug B2B w ostatnich latach. Sektor ten obejmuje szereg dzia\u0142a\u0144; przedsi\u0119biorstwa, o kt\u00f3rych mowa, do\u015bwiadczaj\u0105 na og\u00f3\u0142 wysokiego poziomu wzrostu i staraj\u0105 si\u0119 sprawowa\u0107 szczeg\u00f3\u0142ow\u0105 kontrol\u0119 nad swoj\u0105 dzia\u0142alno\u015bci\u0105, utrzymuj\u0105c jednocze\u015bnie bliskie relacje ze swoimi klientami.\" \/>\n<meta property=\"og:url\" content=\"https:\/\/deveho.com\/pl\/sektory\/uslugi-profesjonalne\/\" \/>\n<meta property=\"og:site_name\" content=\"Deveho\" \/>\n<meta property=\"article:publisher\" content=\"https:\/\/www.facebook.com\/deveho\" \/>\n<meta property=\"article:modified_time\" content=\"2023-10-06T09:23:15+00:00\" \/>\n<meta name=\"twitter:card\" content=\"summary_large_image\" \/>\n<meta name=\"twitter:site\" content=\"@Deveho1\" \/>\n<meta name=\"twitter:label1\" content=\"Szacowany czas czytania\" \/>\n\t<meta name=\"twitter:data1\" content=\"1 minuta\" \/>\n<script type=\"application\/ld+json\" class=\"yoast-schema-graph\">{\"@context\":\"https:\/\/schema.org\",\"@graph\":[{\"@type\":\"WebPage\",\"@id\":\"https:\/\/deveho.com\/pl\/sektory\/uslugi-profesjonalne\/\",\"url\":\"https:\/\/deveho.com\/pl\/sektory\/uslugi-profesjonalne\/\",\"name\":\"Us\u0142ugi profesjonalne - Deveho\",\"isPartOf\":{\"@id\":\"https:\/\/deveho.com\/#website\"},\"datePublished\":\"2022-04-07T10:15:40+00:00\",\"dateModified\":\"2023-10-06T09:23:15+00:00\",\"breadcrumb\":{\"@id\":\"https:\/\/deveho.com\/pl\/sektory\/uslugi-profesjonalne\/#breadcrumb\"},\"inLanguage\":\"pl-PL\",\"potentialAction\":[{\"@type\":\"ReadAction\",\"target\":[\"https:\/\/deveho.com\/pl\/sektory\/uslugi-profesjonalne\/\"]}]},{\"@type\":\"BreadcrumbList\",\"@id\":\"https:\/\/deveho.com\/pl\/sektory\/uslugi-profesjonalne\/#breadcrumb\",\"itemListElement\":[{\"@type\":\"ListItem\",\"position\":1,\"name\":\"Home\",\"item\":\"https:\/\/deveho.com\/pl\/\"},{\"@type\":\"ListItem\",\"position\":2,\"name\":\"Sektory\",\"item\":\"https:\/\/deveho.com\/pl\/sektory\/\"},{\"@type\":\"ListItem\",\"position\":3,\"name\":\"Us\u0142ugi profesjonalne\"}]},{\"@type\":\"WebSite\",\"@id\":\"https:\/\/deveho.com\/#website\",\"url\":\"https:\/\/deveho.com\/\",\"name\":\"Deveho Consulting Group\",\"description\":\"Let\u2019s boost your growth\",\"publisher\":{\"@id\":\"https:\/\/deveho.com\/#organization\"},\"potentialAction\":[{\"@type\":\"SearchAction\",\"target\":{\"@type\":\"EntryPoint\",\"urlTemplate\":\"https:\/\/deveho.com\/?s={search_term_string}\"},\"query-input\":{\"@type\":\"PropertyValueSpecification\",\"valueRequired\":true,\"valueName\":\"search_term_string\"}}],\"inLanguage\":\"pl-PL\"},{\"@type\":\"Organization\",\"@id\":\"https:\/\/deveho.com\/#organization\",\"name\":\"Deveho Consulting Group\",\"url\":\"https:\/\/deveho.com\/\",\"logo\":{\"@type\":\"ImageObject\",\"inLanguage\":\"pl-PL\",\"@id\":\"https:\/\/deveho.com\/#\/schema\/logo\/image\/\",\"url\":\"https:\/\/deveho.com\/wp-content\/uploads\/2023\/02\/DEVEHO-LOGO-Baseline-COLOR.png\",\"contentUrl\":\"https:\/\/deveho.com\/wp-content\/uploads\/2023\/02\/DEVEHO-LOGO-Baseline-COLOR.png\",\"width\":2251,\"height\":585,\"caption\":\"Deveho Consulting Group\"},\"image\":{\"@id\":\"https:\/\/deveho.com\/#\/schema\/logo\/image\/\"},\"sameAs\":[\"https:\/\/www.facebook.com\/deveho\",\"https:\/\/x.com\/Deveho1\",\"https:\/\/www.linkedin.com\/company\/deveho-consulting\/\"]}]}<\/script>\n<!-- \/ Yoast SEO plugin. -->","yoast_head_json":{"title":"Us\u0142ugi profesjonalne - Deveho","robots":{"index":"index","follow":"follow","max-snippet":"max-snippet:-1","max-image-preview":"max-image-preview:large","max-video-preview":"max-video-preview:-1"},"canonical":"https:\/\/deveho.com\/pl\/sektory\/uslugi-profesjonalne\/","og_locale":"pl_PL","og_type":"article","og_title":"Us\u0142ugi profesjonalne - Deveho","og_description":"W obecnej sytuacji gospodarczej firmy odczuwaj\u0105 potrzeb\u0119 ponownego skupienia si\u0119 na swojej podstawowej dzia\u0142alno\u015bci i know-how. W zwi\u0105zku z tym coraz wi\u0119cej zada\u0144 zlecaj\u0105 na zewn\u0105trz, co t\u0142umaczy rozkwit rynku us\u0142ug B2B w ostatnich latach. Sektor ten obejmuje szereg dzia\u0142a\u0144; przedsi\u0119biorstwa, o kt\u00f3rych mowa, do\u015bwiadczaj\u0105 na og\u00f3\u0142 wysokiego poziomu wzrostu i staraj\u0105 si\u0119 sprawowa\u0107 szczeg\u00f3\u0142ow\u0105 kontrol\u0119 nad swoj\u0105 dzia\u0142alno\u015bci\u0105, utrzymuj\u0105c jednocze\u015bnie bliskie relacje ze swoimi klientami.","og_url":"https:\/\/deveho.com\/pl\/sektory\/uslugi-profesjonalne\/","og_site_name":"Deveho","article_publisher":"https:\/\/www.facebook.com\/deveho","article_modified_time":"2023-10-06T09:23:15+00:00","twitter_card":"summary_large_image","twitter_site":"@Deveho1","twitter_misc":{"Szacowany czas czytania":"1 minuta"},"schema":{"@context":"https:\/\/schema.org","@graph":[{"@type":"WebPage","@id":"https:\/\/deveho.com\/pl\/sektory\/uslugi-profesjonalne\/","url":"https:\/\/deveho.com\/pl\/sektory\/uslugi-profesjonalne\/","name":"Us\u0142ugi profesjonalne - Deveho","isPartOf":{"@id":"https:\/\/deveho.com\/#website"},"datePublished":"2022-04-07T10:15:40+00:00","dateModified":"2023-10-06T09:23:15+00:00","breadcrumb":{"@id":"https:\/\/deveho.com\/pl\/sektory\/uslugi-profesjonalne\/#breadcrumb"},"inLanguage":"pl-PL","potentialAction":[{"@type":"ReadAction","target":["https:\/\/deveho.com\/pl\/sektory\/uslugi-profesjonalne\/"]}]},{"@type":"BreadcrumbList","@id":"https:\/\/deveho.com\/pl\/sektory\/uslugi-profesjonalne\/#breadcrumb","itemListElement":[{"@type":"ListItem","position":1,"name":"Home","item":"https:\/\/deveho.com\/pl\/"},{"@type":"ListItem","position":2,"name":"Sektory","item":"https:\/\/deveho.com\/pl\/sektory\/"},{"@type":"ListItem","position":3,"name":"Us\u0142ugi profesjonalne"}]},{"@type":"WebSite","@id":"https:\/\/deveho.com\/#website","url":"https:\/\/deveho.com\/","name":"Deveho Consulting Group","description":"Let\u2019s boost your growth","publisher":{"@id":"https:\/\/deveho.com\/#organization"},"potentialAction":[{"@type":"SearchAction","target":{"@type":"EntryPoint","urlTemplate":"https:\/\/deveho.com\/?s={search_term_string}"},"query-input":{"@type":"PropertyValueSpecification","valueRequired":true,"valueName":"search_term_string"}}],"inLanguage":"pl-PL"},{"@type":"Organization","@id":"https:\/\/deveho.com\/#organization","name":"Deveho Consulting Group","url":"https:\/\/deveho.com\/","logo":{"@type":"ImageObject","inLanguage":"pl-PL","@id":"https:\/\/deveho.com\/#\/schema\/logo\/image\/","url":"https:\/\/deveho.com\/wp-content\/uploads\/2023\/02\/DEVEHO-LOGO-Baseline-COLOR.png","contentUrl":"https:\/\/deveho.com\/wp-content\/uploads\/2023\/02\/DEVEHO-LOGO-Baseline-COLOR.png","width":2251,"height":585,"caption":"Deveho Consulting Group"},"image":{"@id":"https:\/\/deveho.com\/#\/schema\/logo\/image\/"},"sameAs":["https:\/\/www.facebook.com\/deveho","https:\/\/x.com\/Deveho1","https:\/\/www.linkedin.com\/company\/deveho-consulting\/"]}]}},"_links":{"self":[{"href":"https:\/\/deveho.com\/pl\/wp-json\/wp\/v2\/pages\/9678"}],"collection":[{"href":"https:\/\/deveho.com\/pl\/wp-json\/wp\/v2\/pages"}],"about":[{"href":"https:\/\/deveho.com\/pl\/wp-json\/wp\/v2\/types\/page"}],"author":[{"embeddable":true,"href":"https:\/\/deveho.com\/pl\/wp-json\/wp\/v2\/users\/3"}],"replies":[{"embeddable":true,"href":"https:\/\/deveho.com\/pl\/wp-json\/wp\/v2\/comments?post=9678"}],"version-history":[{"count":0,"href":"https:\/\/deveho.com\/pl\/wp-json\/wp\/v2\/pages\/9678\/revisions"}],"up":[{"embeddable":true,"href":"https:\/\/deveho.com\/pl\/wp-json\/wp\/v2\/pages\/11005"}],"wp:attachment":[{"href":"https:\/\/deveho.com\/pl\/wp-json\/wp\/v2\/media?parent=9678"}],"curies":[{"name":"wp","href":"https:\/\/api.w.org\/{rel}","templated":true}]}}