{"id":9993,"date":"2022-04-28T11:34:59","date_gmt":"2022-04-28T11:34:59","guid":{"rendered":"https:\/\/deveho2.sfdbeta.be\/budowa\/"},"modified":"2023-10-15T00:07:56","modified_gmt":"2023-10-14T22:07:56","slug":"budownictwo","status":"publish","type":"page","link":"https:\/\/deveho.com\/pl\/sektory\/budownictwo\/","title":{"rendered":"Budownictwo"},"content":{"rendered":"<br \/>\n<h3>Twoje<b> <red>Korzy\u015bci<\/b><\/red>   <\/h3>\n<p><p>Kompletne, intuicyjne i wydajne oprogramowanie do zarz\u0105dzania budow\u0105 wspiera Ci\u0119 we wszystkich codziennych zadaniach. Wykorzystaj oprogramowanie budowlane do tworzenia ofert, wystawiania i wysy\u0142ania faktur oraz zapewnij zarz\u0105dzanie i monitorowanie swoich bud\u00f3w.<\/p>\n<\/p>\n<p>Zapewnij kierownikom projekt\u00f3w mo\u017cliwo\u015b\u0107 podejmowania lepszych decyzji dzi\u0119ki aktualnemu wgl\u0105dowi we wszystkie czynniki ryzyka i koszty projektu<\/p>\n<p>Udost\u0119pniaj i rejestruj dane z terenu na dowolnym urz\u0105dzeniu mobilnym, aby usprawni\u0107 komunikacj\u0119 i wsp\u00f3\u0142prac\u0119<\/p>\n<p>Zredukuj ryzyko projektowe i chro\u0144 rentowno\u015b\u0107 projektu poprzez szybsze rozpoznawanie problem\u00f3w zwi\u0105zanych z projektem<\/p>\n<p>Analizuj rozbie\u017cno\u015bci mi\u0119dzy kosztami planowanymi, a rzeczywistymi na dowolnym poziomie ka\u017cdego z punkt\u00f3w w\u0119z\u0142owych, korzystaj\u0105c z najlepszych praktyk bran\u017cowych EVM (Earned Value Method) i wizualizacji WBS (Work Breakdown Structure)<\/p>\n<p>Zredukuj koszty zapas\u00f3w i kontroluj zaopatrzenie poprzez limitowanie produkt\u00f3w, kt\u00f3re mog\u0105 by\u0107 zam\u00f3wione dla projektu budowlanego<\/p>\n<p>Zarz\u0105dzaj i prognozuj przep\u0142ywy pieni\u0119\u017cne dla wielu mi\u0119dzynarodowych projekt\u00f3w, tak aby zmniejszy\u0107 ryzyko finansowe i z wi\u0119kszym stopniem bezpiecze\u0144stwa bra\u0107 udzia\u0142 w nowych przedsi\u0119wzi\u0119ciach<\/p>\n<p>U\u017cywaj jednego systemu dla wszystkich lokalizacji projektu i dla wielu podmiot\u00f3w gospodarczych, w tym dla projekt\u00f3w realizowanych w wielu krajach i walutach<\/p>\n<p>Rozwijaj si\u0119 z zaufaniem do zintegrowanego systemu zarz\u0105dzania budow\u0105, kt\u00f3ry mo\u017ce by\u0107 skalowany nawet do najbardziej z\u0142o\u017conych megaprojekt\u00f3w<\/p>\n<h2><b><red>Cechy<\/b><\/red> <b>Sage X3<\/b><\/h2>\n<h3><\/h3>\n<p><p><span data-sheets-value=\"{&quot;1&quot;:2,&quot;2&quot;:&quot;Analityka projektu i bran\u017cowe wska\u017aniki wydajno\u015bci (KPI)&quot;}\" data-sheets-userformat=\"{&quot;2&quot;:957,&quot;3&quot;:{&quot;1&quot;:0},&quot;5&quot;:{&quot;1&quot;:[{&quot;1&quot;:2,&quot;2&quot;:0,&quot;5&quot;:{&quot;1&quot;:2,&quot;2&quot;:0}},{&quot;1&quot;:0,&quot;2&quot;:0,&quot;3&quot;:3},{&quot;1&quot;:1,&quot;2&quot;:0,&quot;4&quot;:1}]},&quot;6&quot;:{&quot;1&quot;:[{&quot;1&quot;:2,&quot;2&quot;:0,&quot;5&quot;:{&quot;1&quot;:2,&quot;2&quot;:0}},{&quot;1&quot;:0,&quot;2&quot;:0,&quot;3&quot;:3},{&quot;1&quot;:1,&quot;2&quot;:0,&quot;4&quot;:1}]},&quot;7&quot;:{&quot;1&quot;:[{&quot;1&quot;:2,&quot;2&quot;:0,&quot;5&quot;:{&quot;1&quot;:2,&quot;2&quot;:0}},{&quot;1&quot;:0,&quot;2&quot;:0,&quot;3&quot;:3},{&quot;1&quot;:1,&quot;2&quot;:0,&quot;4&quot;:1}]},&quot;8&quot;:{&quot;1&quot;:[{&quot;1&quot;:2,&quot;2&quot;:0,&quot;5&quot;:{&quot;1&quot;:2,&quot;2&quot;:0}},{&quot;1&quot;:0,&quot;2&quot;:0,&quot;3&quot;:3},{&quot;1&quot;:1,&quot;2&quot;:0,&quot;4&quot;:1}]},&quot;10&quot;:1,&quot;11&quot;:4,&quot;12&quot;:0}\">Analityka projektu i bran\u017cowe wska\u017aniki wydajno\u015bci (KPI)<\/span><\/p>\n<\/p>\n<h3><\/h3>\n<p><p><span data-sheets-value=\"{&quot;1&quot;:2,&quot;2&quot;:&quot;Zarz\u0105dzanie finansami i przep\u0142ywem \u015brodk\u00f3w pieni\u0119\u017cnych&quot;}\" data-sheets-userformat=\"{&quot;2&quot;:957,&quot;3&quot;:{&quot;1&quot;:0},&quot;5&quot;:{&quot;1&quot;:[{&quot;1&quot;:2,&quot;2&quot;:0,&quot;5&quot;:{&quot;1&quot;:2,&quot;2&quot;:0}},{&quot;1&quot;:0,&quot;2&quot;:0,&quot;3&quot;:3},{&quot;1&quot;:1,&quot;2&quot;:0,&quot;4&quot;:1}]},&quot;6&quot;:{&quot;1&quot;:[{&quot;1&quot;:2,&quot;2&quot;:0,&quot;5&quot;:{&quot;1&quot;:2,&quot;2&quot;:0}},{&quot;1&quot;:0,&quot;2&quot;:0,&quot;3&quot;:3},{&quot;1&quot;:1,&quot;2&quot;:0,&quot;4&quot;:1}]},&quot;7&quot;:{&quot;1&quot;:[{&quot;1&quot;:2,&quot;2&quot;:0,&quot;5&quot;:{&quot;1&quot;:2,&quot;2&quot;:0}},{&quot;1&quot;:0,&quot;2&quot;:0,&quot;3&quot;:3},{&quot;1&quot;:1,&quot;2&quot;:0,&quot;4&quot;:1}]},&quot;8&quot;:{&quot;1&quot;:[{&quot;1&quot;:2,&quot;2&quot;:0,&quot;5&quot;:{&quot;1&quot;:2,&quot;2&quot;:0}},{&quot;1&quot;:0,&quot;2&quot;:0,&quot;3&quot;:3},{&quot;1&quot;:1,&quot;2&quot;:0,&quot;4&quot;:1}]},&quot;10&quot;:1,&quot;11&quot;:4,&quot;12&quot;:0}\">Zarz\u0105dzanie finansami i przep\u0142ywem \u015brodk\u00f3w pieni\u0119\u017cnych<\/span><\/p>\n<\/p>\n<h3><\/h3>\n<p><p><span data-sheets-value=\"{&quot;1&quot;:2,&quot;2&quot;:&quot;Kontrola czasu pracy&quot;}\" data-sheets-userformat=\"{&quot;2&quot;:957,&quot;3&quot;:{&quot;1&quot;:0},&quot;5&quot;:{&quot;1&quot;:[{&quot;1&quot;:2,&quot;2&quot;:0,&quot;5&quot;:{&quot;1&quot;:2,&quot;2&quot;:0}},{&quot;1&quot;:0,&quot;2&quot;:0,&quot;3&quot;:3},{&quot;1&quot;:1,&quot;2&quot;:0,&quot;4&quot;:1}]},&quot;6&quot;:{&quot;1&quot;:[{&quot;1&quot;:2,&quot;2&quot;:0,&quot;5&quot;:{&quot;1&quot;:2,&quot;2&quot;:0}},{&quot;1&quot;:0,&quot;2&quot;:0,&quot;3&quot;:3},{&quot;1&quot;:1,&quot;2&quot;:0,&quot;4&quot;:1}]},&quot;7&quot;:{&quot;1&quot;:[{&quot;1&quot;:2,&quot;2&quot;:0,&quot;5&quot;:{&quot;1&quot;:2,&quot;2&quot;:0}},{&quot;1&quot;:0,&quot;2&quot;:0,&quot;3&quot;:3},{&quot;1&quot;:1,&quot;2&quot;:0,&quot;4&quot;:1}]},&quot;8&quot;:{&quot;1&quot;:[{&quot;1&quot;:2,&quot;2&quot;:0,&quot;5&quot;:{&quot;1&quot;:2,&quot;2&quot;:0}},{&quot;1&quot;:0,&quot;2&quot;:0,&quot;3&quot;:3},{&quot;1&quot;:1,&quot;2&quot;:0,&quot;4&quot;:1}]},&quot;10&quot;:1,&quot;11&quot;:4,&quot;12&quot;:0}\">Kontrola czasu pracy<\/span><\/p>\n<\/p>\n<h3><\/h3>\n<p><p><span data-sheets-value=\"{&quot;1&quot;:2,&quot;2&quot;:&quot;Zarz\u0105dzanie dokumentami&quot;}\" data-sheets-userformat=\"{&quot;2&quot;:957,&quot;3&quot;:{&quot;1&quot;:0},&quot;5&quot;:{&quot;1&quot;:[{&quot;1&quot;:2,&quot;2&quot;:0,&quot;5&quot;:{&quot;1&quot;:2,&quot;2&quot;:0}},{&quot;1&quot;:0,&quot;2&quot;:0,&quot;3&quot;:3},{&quot;1&quot;:1,&quot;2&quot;:0,&quot;4&quot;:1}]},&quot;6&quot;:{&quot;1&quot;:[{&quot;1&quot;:2,&quot;2&quot;:0,&quot;5&quot;:{&quot;1&quot;:2,&quot;2&quot;:0}},{&quot;1&quot;:0,&quot;2&quot;:0,&quot;3&quot;:3},{&quot;1&quot;:1,&quot;2&quot;:0,&quot;4&quot;:1}]},&quot;7&quot;:{&quot;1&quot;:[{&quot;1&quot;:2,&quot;2&quot;:0,&quot;5&quot;:{&quot;1&quot;:2,&quot;2&quot;:0}},{&quot;1&quot;:0,&quot;2&quot;:0,&quot;3&quot;:3},{&quot;1&quot;:1,&quot;2&quot;:0,&quot;4&quot;:1}]},&quot;8&quot;:{&quot;1&quot;:[{&quot;1&quot;:2,&quot;2&quot;:0,&quot;5&quot;:{&quot;1&quot;:2,&quot;2&quot;:0}},{&quot;1&quot;:0,&quot;2&quot;:0,&quot;3&quot;:3},{&quot;1&quot;:1,&quot;2&quot;:0,&quot;4&quot;:1}]},&quot;10&quot;:1,&quot;11&quot;:4,&quot;12&quot;:0}\">Zarz\u0105dzanie dokumentami<\/span><\/p>\n<\/p>\n<h3><\/h3>\n<p><p><span data-sheets-value=\"{&quot;1&quot;:2,&quot;2&quot;:&quot;Zarz\u0105dzanie kontraktami i podwykonawcami&quot;}\" data-sheets-userformat=\"{&quot;2&quot;:957,&quot;3&quot;:{&quot;1&quot;:0},&quot;5&quot;:{&quot;1&quot;:[{&quot;1&quot;:2,&quot;2&quot;:0,&quot;5&quot;:{&quot;1&quot;:2,&quot;2&quot;:0}},{&quot;1&quot;:0,&quot;2&quot;:0,&quot;3&quot;:3},{&quot;1&quot;:1,&quot;2&quot;:0,&quot;4&quot;:1}]},&quot;6&quot;:{&quot;1&quot;:[{&quot;1&quot;:2,&quot;2&quot;:0,&quot;5&quot;:{&quot;1&quot;:2,&quot;2&quot;:0}},{&quot;1&quot;:0,&quot;2&quot;:0,&quot;3&quot;:3},{&quot;1&quot;:1,&quot;2&quot;:0,&quot;4&quot;:1}]},&quot;7&quot;:{&quot;1&quot;:[{&quot;1&quot;:2,&quot;2&quot;:0,&quot;5&quot;:{&quot;1&quot;:2,&quot;2&quot;:0}},{&quot;1&quot;:0,&quot;2&quot;:0,&quot;3&quot;:3},{&quot;1&quot;:1,&quot;2&quot;:0,&quot;4&quot;:1}]},&quot;8&quot;:{&quot;1&quot;:[{&quot;1&quot;:2,&quot;2&quot;:0,&quot;5&quot;:{&quot;1&quot;:2,&quot;2&quot;:0}},{&quot;1&quot;:0,&quot;2&quot;:0,&quot;3&quot;:3},{&quot;1&quot;:1,&quot;2&quot;:0,&quot;4&quot;:1}]},&quot;10&quot;:1,&quot;11&quot;:4,&quot;12&quot;:0}\">Zarz\u0105dzanie kontraktami i podwykonawcami<\/span><\/p>\n<\/p>\n<h3><\/h3>\n<p><p><span data-sheets-value=\"{&quot;1&quot;:2,&quot;2&quot;:&quot;Zarz\u0105dzanie zapasami i zakupami&quot;}\" data-sheets-userformat=\"{&quot;2&quot;:957,&quot;3&quot;:{&quot;1&quot;:0},&quot;5&quot;:{&quot;1&quot;:[{&quot;1&quot;:2,&quot;2&quot;:0,&quot;5&quot;:{&quot;1&quot;:2,&quot;2&quot;:0}},{&quot;1&quot;:0,&quot;2&quot;:0,&quot;3&quot;:3},{&quot;1&quot;:1,&quot;2&quot;:0,&quot;4&quot;:1}]},&quot;6&quot;:{&quot;1&quot;:[{&quot;1&quot;:2,&quot;2&quot;:0,&quot;5&quot;:{&quot;1&quot;:2,&quot;2&quot;:0}},{&quot;1&quot;:0,&quot;2&quot;:0,&quot;3&quot;:3},{&quot;1&quot;:1,&quot;2&quot;:0,&quot;4&quot;:1}]},&quot;7&quot;:{&quot;1&quot;:[{&quot;1&quot;:2,&quot;2&quot;:0,&quot;5&quot;:{&quot;1&quot;:2,&quot;2&quot;:0}},{&quot;1&quot;:0,&quot;2&quot;:0,&quot;3&quot;:3},{&quot;1&quot;:1,&quot;2&quot;:0,&quot;4&quot;:1}]},&quot;8&quot;:{&quot;1&quot;:[{&quot;1&quot;:2,&quot;2&quot;:0,&quot;5&quot;:{&quot;1&quot;:2,&quot;2&quot;:0}},{&quot;1&quot;:0,&quot;2&quot;:0,&quot;3&quot;:3},{&quot;1&quot;:1,&quot;2&quot;:0,&quot;4&quot;:1}]},&quot;10&quot;:1,&quot;11&quot;:4,&quot;12&quot;:0}\">Zarz\u0105dzanie zapasami i zakupami<\/span><\/p>\n<\/p>\n<h3><\/h3>\n<p><p><span data-sheets-value=\"{&quot;1&quot;:2,&quot;2&quot;:&quot;Rachunek koszt\u00f3w projektu i zarz\u0105dzanie finansami&quot;}\" data-sheets-userformat=\"{&quot;2&quot;:957,&quot;3&quot;:{&quot;1&quot;:0},&quot;5&quot;:{&quot;1&quot;:[{&quot;1&quot;:2,&quot;2&quot;:0,&quot;5&quot;:{&quot;1&quot;:2,&quot;2&quot;:0}},{&quot;1&quot;:0,&quot;2&quot;:0,&quot;3&quot;:3},{&quot;1&quot;:1,&quot;2&quot;:0,&quot;4&quot;:1}]},&quot;6&quot;:{&quot;1&quot;:[{&quot;1&quot;:2,&quot;2&quot;:0,&quot;5&quot;:{&quot;1&quot;:2,&quot;2&quot;:0}},{&quot;1&quot;:0,&quot;2&quot;:0,&quot;3&quot;:3},{&quot;1&quot;:1,&quot;2&quot;:0,&quot;4&quot;:1}]},&quot;7&quot;:{&quot;1&quot;:[{&quot;1&quot;:2,&quot;2&quot;:0,&quot;5&quot;:{&quot;1&quot;:2,&quot;2&quot;:0}},{&quot;1&quot;:0,&quot;2&quot;:0,&quot;3&quot;:3},{&quot;1&quot;:1,&quot;2&quot;:0,&quot;4&quot;:1}]},&quot;8&quot;:{&quot;1&quot;:[{&quot;1&quot;:2,&quot;2&quot;:0,&quot;5&quot;:{&quot;1&quot;:2,&quot;2&quot;:0}},{&quot;1&quot;:0,&quot;2&quot;:0,&quot;3&quot;:3},{&quot;1&quot;:1,&quot;2&quot;:0,&quot;4&quot;:1}]},&quot;10&quot;:1,&quot;11&quot;:4,&quot;12&quot;:0}\">Rachunek koszt\u00f3w projektu i zarz\u0105dzanie finansami<\/span><\/p>\n<\/p>\n<h3><\/h3>\n<p><p><span data-sheets-value=\"{&quot;1&quot;:2,&quot;2&quot;:&quot;Wizualizacja WBS projektu z funkcj\u0105 drill down&quot;}\" data-sheets-userformat=\"{&quot;2&quot;:957,&quot;3&quot;:{&quot;1&quot;:0},&quot;5&quot;:{&quot;1&quot;:[{&quot;1&quot;:2,&quot;2&quot;:0,&quot;5&quot;:{&quot;1&quot;:2,&quot;2&quot;:0}},{&quot;1&quot;:0,&quot;2&quot;:0,&quot;3&quot;:3},{&quot;1&quot;:1,&quot;2&quot;:0,&quot;4&quot;:1}]},&quot;6&quot;:{&quot;1&quot;:[{&quot;1&quot;:2,&quot;2&quot;:0,&quot;5&quot;:{&quot;1&quot;:2,&quot;2&quot;:0}},{&quot;1&quot;:0,&quot;2&quot;:0,&quot;3&quot;:3},{&quot;1&quot;:1,&quot;2&quot;:0,&quot;4&quot;:1}]},&quot;7&quot;:{&quot;1&quot;:[{&quot;1&quot;:2,&quot;2&quot;:0,&quot;5&quot;:{&quot;1&quot;:2,&quot;2&quot;:0}},{&quot;1&quot;:0,&quot;2&quot;:0,&quot;3&quot;:3},{&quot;1&quot;:1,&quot;2&quot;:0,&quot;4&quot;:1}]},&quot;8&quot;:{&quot;1&quot;:[{&quot;1&quot;:2,&quot;2&quot;:0,&quot;5&quot;:{&quot;1&quot;:2,&quot;2&quot;:0}},{&quot;1&quot;:0,&quot;2&quot;:0,&quot;3&quot;:3},{&quot;1&quot;:1,&quot;2&quot;:0,&quot;4&quot;:1}]},&quot;10&quot;:1,&quot;11&quot;:4,&quot;12&quot;:0}\">Wizualizacja WBS projektu z funkcj\u0105 drill down<\/span><\/p>\n<\/p>\n<h3><\/h3>\n<p><p><span data-sheets-value=\"{&quot;1&quot;:2,&quot;2&quot;:&quot;Zarz\u0105dzanie projektem budowlanym&quot;}\" data-sheets-userformat=\"{&quot;2&quot;:957,&quot;3&quot;:{&quot;1&quot;:0},&quot;5&quot;:{&quot;1&quot;:[{&quot;1&quot;:2,&quot;2&quot;:0,&quot;5&quot;:{&quot;1&quot;:2,&quot;2&quot;:0}},{&quot;1&quot;:0,&quot;2&quot;:0,&quot;3&quot;:3},{&quot;1&quot;:1,&quot;2&quot;:0,&quot;4&quot;:1}]},&quot;6&quot;:{&quot;1&quot;:[{&quot;1&quot;:2,&quot;2&quot;:0,&quot;5&quot;:{&quot;1&quot;:2,&quot;2&quot;:0}},{&quot;1&quot;:0,&quot;2&quot;:0,&quot;3&quot;:3},{&quot;1&quot;:1,&quot;2&quot;:0,&quot;4&quot;:1}]},&quot;7&quot;:{&quot;1&quot;:[{&quot;1&quot;:2,&quot;2&quot;:0,&quot;5&quot;:{&quot;1&quot;:2,&quot;2&quot;:0}},{&quot;1&quot;:0,&quot;2&quot;:0,&quot;3&quot;:3},{&quot;1&quot;:1,&quot;2&quot;:0,&quot;4&quot;:1}]},&quot;8&quot;:{&quot;1&quot;:[{&quot;1&quot;:2,&quot;2&quot;:0,&quot;5&quot;:{&quot;1&quot;:2,&quot;2&quot;:0}},{&quot;1&quot;:0,&quot;2&quot;:0,&quot;3&quot;:3},{&quot;1&quot;:1,&quot;2&quot;:0,&quot;4&quot;:1}]},&quot;10&quot;:1,&quot;11&quot;:4,&quot;12&quot;:0}\">Zarz\u0105dzanie projektem budowlanym<\/span><\/p>\n<\/p>\n<h3><\/h3>\n<p><p><span data-sheets-value=\"{&quot;1&quot;:2,&quot;2&quot;:&quot;Zintegrowane szacowanie i zarz\u0105dzanie ofertami&quot;}\" data-sheets-userformat=\"{&quot;2&quot;:957,&quot;3&quot;:{&quot;1&quot;:0},&quot;5&quot;:{&quot;1&quot;:[{&quot;1&quot;:2,&quot;2&quot;:0,&quot;5&quot;:{&quot;1&quot;:2,&quot;2&quot;:0}},{&quot;1&quot;:0,&quot;2&quot;:0,&quot;3&quot;:3},{&quot;1&quot;:1,&quot;2&quot;:0,&quot;4&quot;:1}]},&quot;6&quot;:{&quot;1&quot;:[{&quot;1&quot;:2,&quot;2&quot;:0,&quot;5&quot;:{&quot;1&quot;:2,&quot;2&quot;:0}},{&quot;1&quot;:0,&quot;2&quot;:0,&quot;3&quot;:3},{&quot;1&quot;:1,&quot;2&quot;:0,&quot;4&quot;:1}]},&quot;7&quot;:{&quot;1&quot;:[{&quot;1&quot;:2,&quot;2&quot;:0,&quot;5&quot;:{&quot;1&quot;:2,&quot;2&quot;:0}},{&quot;1&quot;:0,&quot;2&quot;:0,&quot;3&quot;:3},{&quot;1&quot;:1,&quot;2&quot;:0,&quot;4&quot;:1}]},&quot;8&quot;:{&quot;1&quot;:[{&quot;1&quot;:2,&quot;2&quot;:0,&quot;5&quot;:{&quot;1&quot;:2,&quot;2&quot;:0}},{&quot;1&quot;:0,&quot;2&quot;:0,&quot;3&quot;:3},{&quot;1&quot;:1,&quot;2&quot;:0,&quot;4&quot;:1}]},&quot;10&quot;:1,&quot;11&quot;:4,&quot;12&quot;:0}\">Zintegrowane szacowanie i zarz\u0105dzanie ofertami<\/span><\/p>\n<\/p>\n<h2><\/h2>\n<h3>Powi\u0105zane strony<\/h3>\n<\/p>\n<h3><\/h3>\n<\/p>\n<h3><\/h3><\/p>\n","protected":false},"excerpt":{"rendered":"<p>Sage X3 Construction to bardzo nowoczesna, oparta na urz\u0105dzeniach mobilnych i bazuj\u0105ca na danych platforma do zarz\u0105dzania biznesem, zbudowana od podstaw przez profesjonalist\u00f3w budowlanych dla profesjonalist\u00f3w budowlanych. Przejmij kontrol\u0119 nad nawet najbardziej z\u0142o\u017conymi projektami budowlanymi, zminimalizuj ryzyko przekroczenia koszt\u00f3w i chro\u0144 rentowno\u015b\u0107 projektu, korzystaj\u0105c z aktualnych danych dotycz\u0105cych stanu zaawansowania prac (WIP) gromadzonych bezpo\u015brednio w terenie.<\/p>\n","protected":false},"author":3,"featured_media":0,"parent":11005,"menu_order":0,"comment_status":"closed","ping_status":"closed","template":"templates\/template-inner.php","meta":{"_acf_changed":false,"footnotes":""},"class_list":["post-9993","page","type-page","status-publish","hentry"],"acf":[],"yoast_head":"<!-- This site is optimized with the Yoast SEO plugin v23.5 - https:\/\/yoast.com\/wordpress\/plugins\/seo\/ -->\n<title>Budownictwo - Deveho<\/title>\n<meta name=\"robots\" content=\"index, follow, max-snippet:-1, max-image-preview:large, max-video-preview:-1\" \/>\n<link rel=\"canonical\" href=\"https:\/\/deveho.com\/sectors\/construction\/\" \/>\n<meta property=\"og:locale\" content=\"pl_PL\" \/>\n<meta property=\"og:type\" content=\"article\" \/>\n<meta property=\"og:title\" content=\"Budownictwo - Deveho\" \/>\n<meta property=\"og:description\" content=\"Sage X3 Construction to bardzo nowoczesna, oparta na urz\u0105dzeniach mobilnych i bazuj\u0105ca na danych platforma do zarz\u0105dzania biznesem, zbudowana od podstaw przez profesjonalist\u00f3w budowlanych dla profesjonalist\u00f3w budowlanych. Przejmij kontrol\u0119 nad nawet najbardziej z\u0142o\u017conymi projektami budowlanymi, zminimalizuj ryzyko przekroczenia koszt\u00f3w i chro\u0144 rentowno\u015b\u0107 projektu, korzystaj\u0105c z aktualnych danych dotycz\u0105cych stanu zaawansowania prac (WIP) gromadzonych bezpo\u015brednio w terenie.\" \/>\n<meta property=\"og:url\" content=\"https:\/\/deveho.com\/sectors\/construction\/\" \/>\n<meta property=\"og:site_name\" content=\"Deveho\" \/>\n<meta property=\"article:publisher\" content=\"https:\/\/www.facebook.com\/deveho\" \/>\n<meta property=\"article:modified_time\" content=\"2023-10-14T22:07:56+00:00\" \/>\n<meta name=\"twitter:card\" content=\"summary_large_image\" \/>\n<meta name=\"twitter:site\" content=\"@Deveho1\" \/>\n<meta name=\"twitter:label1\" content=\"Szacowany czas czytania\" \/>\n\t<meta name=\"twitter:data1\" content=\"2 minuty\" \/>\n<script type=\"application\/ld+json\" class=\"yoast-schema-graph\">{\"@context\":\"https:\/\/schema.org\",\"@graph\":[{\"@type\":\"WebPage\",\"@id\":\"https:\/\/deveho.com\/sectors\/construction\/\",\"url\":\"https:\/\/deveho.com\/sectors\/construction\/\",\"name\":\"Budownictwo - Deveho\",\"isPartOf\":{\"@id\":\"https:\/\/deveho.com\/#website\"},\"datePublished\":\"2022-04-28T11:34:59+00:00\",\"dateModified\":\"2023-10-14T22:07:56+00:00\",\"breadcrumb\":{\"@id\":\"https:\/\/deveho.com\/sectors\/construction\/#breadcrumb\"},\"inLanguage\":\"pl-PL\",\"potentialAction\":[{\"@type\":\"ReadAction\",\"target\":[\"https:\/\/deveho.com\/sectors\/construction\/\"]}]},{\"@type\":\"BreadcrumbList\",\"@id\":\"https:\/\/deveho.com\/sectors\/construction\/#breadcrumb\",\"itemListElement\":[{\"@type\":\"ListItem\",\"position\":1,\"name\":\"Home\",\"item\":\"https:\/\/deveho.com\/pl\/\"},{\"@type\":\"ListItem\",\"position\":2,\"name\":\"Sektory\",\"item\":\"https:\/\/deveho.com\/pl\/sektory\/\"},{\"@type\":\"ListItem\",\"position\":3,\"name\":\"Budownictwo\"}]},{\"@type\":\"WebSite\",\"@id\":\"https:\/\/deveho.com\/#website\",\"url\":\"https:\/\/deveho.com\/\",\"name\":\"Deveho Consulting Group\",\"description\":\"Let\u2019s boost your growth\",\"publisher\":{\"@id\":\"https:\/\/deveho.com\/#organization\"},\"potentialAction\":[{\"@type\":\"SearchAction\",\"target\":{\"@type\":\"EntryPoint\",\"urlTemplate\":\"https:\/\/deveho.com\/?s={search_term_string}\"},\"query-input\":{\"@type\":\"PropertyValueSpecification\",\"valueRequired\":true,\"valueName\":\"search_term_string\"}}],\"inLanguage\":\"pl-PL\"},{\"@type\":\"Organization\",\"@id\":\"https:\/\/deveho.com\/#organization\",\"name\":\"Deveho Consulting Group\",\"url\":\"https:\/\/deveho.com\/\",\"logo\":{\"@type\":\"ImageObject\",\"inLanguage\":\"pl-PL\",\"@id\":\"https:\/\/deveho.com\/#\/schema\/logo\/image\/\",\"url\":\"https:\/\/deveho.com\/wp-content\/uploads\/2023\/02\/DEVEHO-LOGO-Baseline-COLOR.png\",\"contentUrl\":\"https:\/\/deveho.com\/wp-content\/uploads\/2023\/02\/DEVEHO-LOGO-Baseline-COLOR.png\",\"width\":2251,\"height\":585,\"caption\":\"Deveho Consulting Group\"},\"image\":{\"@id\":\"https:\/\/deveho.com\/#\/schema\/logo\/image\/\"},\"sameAs\":[\"https:\/\/www.facebook.com\/deveho\",\"https:\/\/x.com\/Deveho1\",\"https:\/\/www.linkedin.com\/company\/deveho-consulting\/\"]}]}<\/script>\n<!-- \/ Yoast SEO plugin. -->","yoast_head_json":{"title":"Budownictwo - Deveho","robots":{"index":"index","follow":"follow","max-snippet":"max-snippet:-1","max-image-preview":"max-image-preview:large","max-video-preview":"max-video-preview:-1"},"canonical":"https:\/\/deveho.com\/sectors\/construction\/","og_locale":"pl_PL","og_type":"article","og_title":"Budownictwo - Deveho","og_description":"Sage X3 Construction to bardzo nowoczesna, oparta na urz\u0105dzeniach mobilnych i bazuj\u0105ca na danych platforma do zarz\u0105dzania biznesem, zbudowana od podstaw przez profesjonalist\u00f3w budowlanych dla profesjonalist\u00f3w budowlanych. Przejmij kontrol\u0119 nad nawet najbardziej z\u0142o\u017conymi projektami budowlanymi, zminimalizuj ryzyko przekroczenia koszt\u00f3w i chro\u0144 rentowno\u015b\u0107 projektu, korzystaj\u0105c z aktualnych danych dotycz\u0105cych stanu zaawansowania prac (WIP) gromadzonych bezpo\u015brednio w terenie.","og_url":"https:\/\/deveho.com\/sectors\/construction\/","og_site_name":"Deveho","article_publisher":"https:\/\/www.facebook.com\/deveho","article_modified_time":"2023-10-14T22:07:56+00:00","twitter_card":"summary_large_image","twitter_site":"@Deveho1","twitter_misc":{"Szacowany czas czytania":"2 minuty"},"schema":{"@context":"https:\/\/schema.org","@graph":[{"@type":"WebPage","@id":"https:\/\/deveho.com\/sectors\/construction\/","url":"https:\/\/deveho.com\/sectors\/construction\/","name":"Budownictwo - Deveho","isPartOf":{"@id":"https:\/\/deveho.com\/#website"},"datePublished":"2022-04-28T11:34:59+00:00","dateModified":"2023-10-14T22:07:56+00:00","breadcrumb":{"@id":"https:\/\/deveho.com\/sectors\/construction\/#breadcrumb"},"inLanguage":"pl-PL","potentialAction":[{"@type":"ReadAction","target":["https:\/\/deveho.com\/sectors\/construction\/"]}]},{"@type":"BreadcrumbList","@id":"https:\/\/deveho.com\/sectors\/construction\/#breadcrumb","itemListElement":[{"@type":"ListItem","position":1,"name":"Home","item":"https:\/\/deveho.com\/pl\/"},{"@type":"ListItem","position":2,"name":"Sektory","item":"https:\/\/deveho.com\/pl\/sektory\/"},{"@type":"ListItem","position":3,"name":"Budownictwo"}]},{"@type":"WebSite","@id":"https:\/\/deveho.com\/#website","url":"https:\/\/deveho.com\/","name":"Deveho Consulting Group","description":"Let\u2019s boost your growth","publisher":{"@id":"https:\/\/deveho.com\/#organization"},"potentialAction":[{"@type":"SearchAction","target":{"@type":"EntryPoint","urlTemplate":"https:\/\/deveho.com\/?s={search_term_string}"},"query-input":{"@type":"PropertyValueSpecification","valueRequired":true,"valueName":"search_term_string"}}],"inLanguage":"pl-PL"},{"@type":"Organization","@id":"https:\/\/deveho.com\/#organization","name":"Deveho Consulting Group","url":"https:\/\/deveho.com\/","logo":{"@type":"ImageObject","inLanguage":"pl-PL","@id":"https:\/\/deveho.com\/#\/schema\/logo\/image\/","url":"https:\/\/deveho.com\/wp-content\/uploads\/2023\/02\/DEVEHO-LOGO-Baseline-COLOR.png","contentUrl":"https:\/\/deveho.com\/wp-content\/uploads\/2023\/02\/DEVEHO-LOGO-Baseline-COLOR.png","width":2251,"height":585,"caption":"Deveho Consulting Group"},"image":{"@id":"https:\/\/deveho.com\/#\/schema\/logo\/image\/"},"sameAs":["https:\/\/www.facebook.com\/deveho","https:\/\/x.com\/Deveho1","https:\/\/www.linkedin.com\/company\/deveho-consulting\/"]}]}},"_links":{"self":[{"href":"https:\/\/deveho.com\/pl\/wp-json\/wp\/v2\/pages\/9993"}],"collection":[{"href":"https:\/\/deveho.com\/pl\/wp-json\/wp\/v2\/pages"}],"about":[{"href":"https:\/\/deveho.com\/pl\/wp-json\/wp\/v2\/types\/page"}],"author":[{"embeddable":true,"href":"https:\/\/deveho.com\/pl\/wp-json\/wp\/v2\/users\/3"}],"replies":[{"embeddable":true,"href":"https:\/\/deveho.com\/pl\/wp-json\/wp\/v2\/comments?post=9993"}],"version-history":[{"count":0,"href":"https:\/\/deveho.com\/pl\/wp-json\/wp\/v2\/pages\/9993\/revisions"}],"up":[{"embeddable":true,"href":"https:\/\/deveho.com\/pl\/wp-json\/wp\/v2\/pages\/11005"}],"wp:attachment":[{"href":"https:\/\/deveho.com\/pl\/wp-json\/wp\/v2\/media?parent=9993"}],"curies":[{"name":"wp","href":"https:\/\/api.w.org\/{rel}","templated":true}]}}