{"id":9994,"date":"2022-04-28T12:15:18","date_gmt":"2022-04-28T12:15:18","guid":{"rendered":"https:\/\/deveho2.sfdbeta.be\/systemy-komputerowe-datalinx\/"},"modified":"2024-01-26T12:39:58","modified_gmt":"2024-01-26T10:39:58","slug":"systemy-komputerowe-datalinx","status":"publish","type":"page","link":"https:\/\/deveho.com\/pl\/produkty\/sage-x3-marketplace-isv\/systemy-komputerowe-datalinx\/","title":{"rendered":"DATALINX Warehouse Manager"},"content":{"rendered":"<br \/>\n<h2>ZAPROJEKTOWANE DLA WIELU BRAN\u017b, TAKICH JAK PRODUKCJA, HANDEL DETALICZNY, DYSTRYBUCJA I FARMACEUTYKA, NASZE SYSTEMY S\u0104 WDRA\u017bANE LOKALNIE I S\u0104 OSADZONE W SYSTEMIE KSI\u0118GOWYM SAGE, A PRACOWNICY W MAGAZYNIE MAJ\u0104 BEZPRZEWODOWE PO\u0141\u0104CZENIE Z CENTRALNYM SYSTEMEM SAGE, WYKORZYSTUJ\u0104C NAJNOWSZY SPRZ\u0118T BEZPRZEWODOWY I DEDYKOWANE EKRANY MENED\u017bERA MAGAZYNU.<\/h2>\n<h3>Datalinx Warehouse Manager X3<\/h3>\n<h3>Integracja z Sage:<br \/>\n<br \/>Po zainstalowaniu aplikacji<br \/>\n<br \/>Datalinx Warehouse Manager, zgodnie z wytycznymi dla Sage ISV Developer, pojawia si\u0119 szereg dodatkowych p\u00f3l z danymi zwi\u0105zanymi z produktami, na przyk\u0142ad lokalizacje oraz dodatkowa logika biznesowa, kt\u00f3ra pozwala systemowi Datalinx Warehouse Manager zapewni\u0107 funkcjonalno\u015b\u0107 wymagan\u0105 przez u\u017cytkownik\u00f3w magazynu w ramach podstawowego pakietu.<\/h3>\n<p><p><span data-sheets-value=\"{&quot;1&quot;:2,&quot;2&quot;:&quot;Datalinx jest jedynym globalnym deweloperem SAGE specjalizuj\u0105cym si\u0119 wy\u0142\u0105cznie w kodach kreskowych i zarz\u0105dzaniu magazynem, z rozwi\u0105zaniami certyfikowanymi i akredytowanymi przez SAGE. Oznacza to, \u017ce rozumiemy, jak dzia\u0142a system SAGE, w\u0142\u0105czaj\u0105c w to jego konfiguracj\u0119 i modyfikacj\u0119, i wykorzystujemy t\u0119 wiedz\u0119, aby zagwarantowa\u0107, \u017ce nasze rozwi\u0105zania SAGE do kod\u00f3w kreskowych i kontroli zapas\u00f3w s\u0105 w pe\u0142ni zintegrowane i dzia\u0142aj\u0105 w harmonii z oprogramowaniem SAGE.&quot;}\" data-sheets-userformat=\"{&quot;2&quot;:829,&quot;3&quot;:{&quot;1&quot;:0},&quot;5&quot;:{&quot;1&quot;:[{&quot;1&quot;:2,&quot;2&quot;:0,&quot;5&quot;:{&quot;1&quot;:2,&quot;2&quot;:0}},{&quot;1&quot;:0,&quot;2&quot;:0,&quot;3&quot;:3},{&quot;1&quot;:1,&quot;2&quot;:0,&quot;4&quot;:1}]},&quot;6&quot;:{&quot;1&quot;:[{&quot;1&quot;:2,&quot;2&quot;:0,&quot;5&quot;:{&quot;1&quot;:2,&quot;2&quot;:0}},{&quot;1&quot;:0,&quot;2&quot;:0,&quot;3&quot;:3},{&quot;1&quot;:1,&quot;2&quot;:0,&quot;4&quot;:1}]},&quot;7&quot;:{&quot;1&quot;:[{&quot;1&quot;:2,&quot;2&quot;:0,&quot;5&quot;:{&quot;1&quot;:2,&quot;2&quot;:0}},{&quot;1&quot;:0,&quot;2&quot;:0,&quot;3&quot;:3},{&quot;1&quot;:1,&quot;2&quot;:0,&quot;4&quot;:1}]},&quot;8&quot;:{&quot;1&quot;:[{&quot;1&quot;:2,&quot;2&quot;:0,&quot;5&quot;:{&quot;1&quot;:2,&quot;2&quot;:0}},{&quot;1&quot;:0,&quot;2&quot;:0,&quot;3&quot;:3},{&quot;1&quot;:1,&quot;2&quot;:0,&quot;4&quot;:1}]},&quot;11&quot;:4,&quot;12&quot;:0}\">Datalinx jest jedynym globalnym deweloperem Sage specjalizuj\u0105cym si\u0119 wy\u0142\u0105cznie w kodach kreskowych i zarz\u0105dzaniu magazynem, z rozwi\u0105zaniami certyfikowanymi i akredytowanymi przez Sage. Oznacza to, \u017ce rozumiemy, jak dzia\u0142a system Sage, w\u0142\u0105czaj\u0105c w to jego konfiguracj\u0119 i modyfikacj\u0119, i wykorzystujemy t\u0119 wiedz\u0119, aby zagwarantowa\u0107, \u017ce nasze rozwi\u0105zania Sage do kod\u00f3w kreskowych i kontroli zapas\u00f3w s\u0105 w pe\u0142ni zintegrowane i dzia\u0142aj\u0105 w harmonii z oprogramowaniem Sage.<\/span><\/p>\n<\/p>\n<h2><\/h2>\n<h3>Powi\u0105zane strony<\/h3>\n<\/p>\n<h3><\/h3>\n<\/p>\n<h3><\/h3><\/p>\n","protected":false},"excerpt":{"rendered":"<p>Datalinx Warehouse Manager dostarcza kompletne rozwi\u0105zanie zintegrowane z systemem ksi\u0119gowym SAGE, z rozbudowan\u0105 funkcjonalno\u015bci\u0105 do zarz\u0105dzania procesem biznesowym od momentu przybycia produktu, poprzez wszystkie ruchy transakcyjne, a\u017c po pakowanie i wysy\u0142k\u0119.<\/p>\n","protected":false},"author":6,"featured_media":0,"parent":10985,"menu_order":0,"comment_status":"closed","ping_status":"closed","template":"templates\/template-prod_serv.php","meta":{"_acf_changed":false,"footnotes":""},"class_list":["post-9994","page","type-page","status-publish","hentry"],"acf":[],"yoast_head":"<!-- This site is optimized with the Yoast SEO plugin v23.5 - https:\/\/yoast.com\/wordpress\/plugins\/seo\/ -->\n<title>DATALINX Warehouse Manager - Deveho<\/title>\n<meta name=\"robots\" content=\"index, follow, max-snippet:-1, max-image-preview:large, max-video-preview:-1\" \/>\n<link rel=\"canonical\" href=\"https:\/\/deveho.com\/products\/sage-x3-marketplace-isv\/datalinx-warehouse-manager\/\" \/>\n<meta property=\"og:locale\" content=\"pl_PL\" \/>\n<meta property=\"og:type\" content=\"article\" \/>\n<meta property=\"og:title\" content=\"DATALINX Warehouse Manager - Deveho\" \/>\n<meta property=\"og:description\" content=\"Datalinx Warehouse Manager dostarcza kompletne rozwi\u0105zanie zintegrowane z systemem ksi\u0119gowym SAGE, z rozbudowan\u0105 funkcjonalno\u015bci\u0105 do zarz\u0105dzania procesem biznesowym od momentu przybycia produktu, poprzez wszystkie ruchy transakcyjne, a\u017c po pakowanie i wysy\u0142k\u0119.\" \/>\n<meta property=\"og:url\" content=\"https:\/\/deveho.com\/products\/sage-x3-marketplace-isv\/datalinx-warehouse-manager\/\" \/>\n<meta property=\"og:site_name\" content=\"Deveho\" \/>\n<meta property=\"article:publisher\" content=\"https:\/\/www.facebook.com\/deveho\" \/>\n<meta property=\"article:modified_time\" content=\"2024-01-26T10:39:58+00:00\" \/>\n<meta name=\"twitter:card\" content=\"summary_large_image\" \/>\n<meta name=\"twitter:site\" content=\"@Deveho1\" \/>\n<meta name=\"twitter:label1\" content=\"Szacowany czas czytania\" \/>\n\t<meta name=\"twitter:data1\" content=\"1 minuta\" \/>\n<script type=\"application\/ld+json\" class=\"yoast-schema-graph\">{\"@context\":\"https:\/\/schema.org\",\"@graph\":[{\"@type\":\"WebPage\",\"@id\":\"https:\/\/deveho.com\/products\/sage-x3-marketplace-isv\/datalinx-warehouse-manager\/\",\"url\":\"https:\/\/deveho.com\/products\/sage-x3-marketplace-isv\/datalinx-warehouse-manager\/\",\"name\":\"DATALINX Warehouse Manager - Deveho\",\"isPartOf\":{\"@id\":\"https:\/\/deveho.com\/#website\"},\"datePublished\":\"2022-04-28T12:15:18+00:00\",\"dateModified\":\"2024-01-26T10:39:58+00:00\",\"breadcrumb\":{\"@id\":\"https:\/\/deveho.com\/products\/sage-x3-marketplace-isv\/datalinx-warehouse-manager\/#breadcrumb\"},\"inLanguage\":\"pl-PL\",\"potentialAction\":[{\"@type\":\"ReadAction\",\"target\":[\"https:\/\/deveho.com\/products\/sage-x3-marketplace-isv\/datalinx-warehouse-manager\/\"]}]},{\"@type\":\"BreadcrumbList\",\"@id\":\"https:\/\/deveho.com\/products\/sage-x3-marketplace-isv\/datalinx-warehouse-manager\/#breadcrumb\",\"itemListElement\":[{\"@type\":\"ListItem\",\"position\":1,\"name\":\"Home\",\"item\":\"https:\/\/deveho.com\/pl\/\"},{\"@type\":\"ListItem\",\"position\":2,\"name\":\"Produkty\",\"item\":\"https:\/\/deveho.com\/pl\/produkty\/\"},{\"@type\":\"ListItem\",\"position\":3,\"name\":\"Sage X3 Marketplace\",\"item\":\"https:\/\/deveho.com\/pl\/produkty\/sage-x3-marketplace-isv\/\"},{\"@type\":\"ListItem\",\"position\":4,\"name\":\"DATALINX Warehouse Manager\"}]},{\"@type\":\"WebSite\",\"@id\":\"https:\/\/deveho.com\/#website\",\"url\":\"https:\/\/deveho.com\/\",\"name\":\"Deveho Consulting Group\",\"description\":\"Let\u2019s boost your growth\",\"publisher\":{\"@id\":\"https:\/\/deveho.com\/#organization\"},\"potentialAction\":[{\"@type\":\"SearchAction\",\"target\":{\"@type\":\"EntryPoint\",\"urlTemplate\":\"https:\/\/deveho.com\/?s={search_term_string}\"},\"query-input\":{\"@type\":\"PropertyValueSpecification\",\"valueRequired\":true,\"valueName\":\"search_term_string\"}}],\"inLanguage\":\"pl-PL\"},{\"@type\":\"Organization\",\"@id\":\"https:\/\/deveho.com\/#organization\",\"name\":\"Deveho Consulting Group\",\"url\":\"https:\/\/deveho.com\/\",\"logo\":{\"@type\":\"ImageObject\",\"inLanguage\":\"pl-PL\",\"@id\":\"https:\/\/deveho.com\/#\/schema\/logo\/image\/\",\"url\":\"https:\/\/deveho.com\/wp-content\/uploads\/2023\/02\/DEVEHO-LOGO-Baseline-COLOR.png\",\"contentUrl\":\"https:\/\/deveho.com\/wp-content\/uploads\/2023\/02\/DEVEHO-LOGO-Baseline-COLOR.png\",\"width\":2251,\"height\":585,\"caption\":\"Deveho Consulting Group\"},\"image\":{\"@id\":\"https:\/\/deveho.com\/#\/schema\/logo\/image\/\"},\"sameAs\":[\"https:\/\/www.facebook.com\/deveho\",\"https:\/\/x.com\/Deveho1\",\"https:\/\/www.linkedin.com\/company\/deveho-consulting\/\"]}]}<\/script>\n<!-- \/ Yoast SEO plugin. -->","yoast_head_json":{"title":"DATALINX Warehouse Manager - Deveho","robots":{"index":"index","follow":"follow","max-snippet":"max-snippet:-1","max-image-preview":"max-image-preview:large","max-video-preview":"max-video-preview:-1"},"canonical":"https:\/\/deveho.com\/products\/sage-x3-marketplace-isv\/datalinx-warehouse-manager\/","og_locale":"pl_PL","og_type":"article","og_title":"DATALINX Warehouse Manager - Deveho","og_description":"Datalinx Warehouse Manager dostarcza kompletne rozwi\u0105zanie zintegrowane z systemem ksi\u0119gowym SAGE, z rozbudowan\u0105 funkcjonalno\u015bci\u0105 do zarz\u0105dzania procesem biznesowym od momentu przybycia produktu, poprzez wszystkie ruchy transakcyjne, a\u017c po pakowanie i wysy\u0142k\u0119.","og_url":"https:\/\/deveho.com\/products\/sage-x3-marketplace-isv\/datalinx-warehouse-manager\/","og_site_name":"Deveho","article_publisher":"https:\/\/www.facebook.com\/deveho","article_modified_time":"2024-01-26T10:39:58+00:00","twitter_card":"summary_large_image","twitter_site":"@Deveho1","twitter_misc":{"Szacowany czas czytania":"1 minuta"},"schema":{"@context":"https:\/\/schema.org","@graph":[{"@type":"WebPage","@id":"https:\/\/deveho.com\/products\/sage-x3-marketplace-isv\/datalinx-warehouse-manager\/","url":"https:\/\/deveho.com\/products\/sage-x3-marketplace-isv\/datalinx-warehouse-manager\/","name":"DATALINX Warehouse Manager - Deveho","isPartOf":{"@id":"https:\/\/deveho.com\/#website"},"datePublished":"2022-04-28T12:15:18+00:00","dateModified":"2024-01-26T10:39:58+00:00","breadcrumb":{"@id":"https:\/\/deveho.com\/products\/sage-x3-marketplace-isv\/datalinx-warehouse-manager\/#breadcrumb"},"inLanguage":"pl-PL","potentialAction":[{"@type":"ReadAction","target":["https:\/\/deveho.com\/products\/sage-x3-marketplace-isv\/datalinx-warehouse-manager\/"]}]},{"@type":"BreadcrumbList","@id":"https:\/\/deveho.com\/products\/sage-x3-marketplace-isv\/datalinx-warehouse-manager\/#breadcrumb","itemListElement":[{"@type":"ListItem","position":1,"name":"Home","item":"https:\/\/deveho.com\/pl\/"},{"@type":"ListItem","position":2,"name":"Produkty","item":"https:\/\/deveho.com\/pl\/produkty\/"},{"@type":"ListItem","position":3,"name":"Sage X3 Marketplace","item":"https:\/\/deveho.com\/pl\/produkty\/sage-x3-marketplace-isv\/"},{"@type":"ListItem","position":4,"name":"DATALINX Warehouse Manager"}]},{"@type":"WebSite","@id":"https:\/\/deveho.com\/#website","url":"https:\/\/deveho.com\/","name":"Deveho Consulting Group","description":"Let\u2019s boost your growth","publisher":{"@id":"https:\/\/deveho.com\/#organization"},"potentialAction":[{"@type":"SearchAction","target":{"@type":"EntryPoint","urlTemplate":"https:\/\/deveho.com\/?s={search_term_string}"},"query-input":{"@type":"PropertyValueSpecification","valueRequired":true,"valueName":"search_term_string"}}],"inLanguage":"pl-PL"},{"@type":"Organization","@id":"https:\/\/deveho.com\/#organization","name":"Deveho Consulting Group","url":"https:\/\/deveho.com\/","logo":{"@type":"ImageObject","inLanguage":"pl-PL","@id":"https:\/\/deveho.com\/#\/schema\/logo\/image\/","url":"https:\/\/deveho.com\/wp-content\/uploads\/2023\/02\/DEVEHO-LOGO-Baseline-COLOR.png","contentUrl":"https:\/\/deveho.com\/wp-content\/uploads\/2023\/02\/DEVEHO-LOGO-Baseline-COLOR.png","width":2251,"height":585,"caption":"Deveho Consulting Group"},"image":{"@id":"https:\/\/deveho.com\/#\/schema\/logo\/image\/"},"sameAs":["https:\/\/www.facebook.com\/deveho","https:\/\/x.com\/Deveho1","https:\/\/www.linkedin.com\/company\/deveho-consulting\/"]}]}},"_links":{"self":[{"href":"https:\/\/deveho.com\/pl\/wp-json\/wp\/v2\/pages\/9994"}],"collection":[{"href":"https:\/\/deveho.com\/pl\/wp-json\/wp\/v2\/pages"}],"about":[{"href":"https:\/\/deveho.com\/pl\/wp-json\/wp\/v2\/types\/page"}],"author":[{"embeddable":true,"href":"https:\/\/deveho.com\/pl\/wp-json\/wp\/v2\/users\/6"}],"replies":[{"embeddable":true,"href":"https:\/\/deveho.com\/pl\/wp-json\/wp\/v2\/comments?post=9994"}],"version-history":[{"count":0,"href":"https:\/\/deveho.com\/pl\/wp-json\/wp\/v2\/pages\/9994\/revisions"}],"up":[{"embeddable":true,"href":"https:\/\/deveho.com\/pl\/wp-json\/wp\/v2\/pages\/10985"}],"wp:attachment":[{"href":"https:\/\/deveho.com\/pl\/wp-json\/wp\/v2\/media?parent=9994"}],"curies":[{"name":"wp","href":"https:\/\/api.w.org\/{rel}","templated":true}]}}