{"id":10808,"date":"2022-07-27T13:11:57","date_gmt":"2022-07-27T13:11:57","guid":{"rendered":"https:\/\/deveho2.sfdbeta.be\/servicii\/business-intelligence\/"},"modified":"2022-10-27T11:56:30","modified_gmt":"2022-10-27T09:56:30","slug":"business-intelligence","status":"publish","type":"page","link":"https:\/\/deveho.com\/ro\/servicii\/business-intelligence\/","title":{"rendered":"Business Intelligence"},"content":{"rendered":"<br \/>\n<h2><red>Provoc\u0103ri de Business Intelligence <\/red><\/h2>\n<h3>Volumul datelor cre\u0219te cu o rat\u0103 medie de 56% pe an.<\/h3>\n<p><p>A devenit esen\u021bial pentru liderii de afaceri s\u0103 aib\u0103 acces la date \u0219i informa\u021bii precise necesare pentru a lua decizii inteligente \u0219i \u00een timp util.<\/p>\n<\/p>\n<h3>Dep\u0103\u0219i\u021bi incertitudinea \u00een afaceri cu rapoarte relevante, personalizate<\/h3>\n<p><p>Provoc\u0103rile legate de vizibilitatea performan\u021bei, silozurile opera\u021bionale, complexitatea financiar\u0103 \u0219i pierderile de productivitate duc toate la incertitudinea afacerii.<\/p>\n<\/p>\n<h3>Afacerile progresiste v\u0103d o valoare mai mare \u00een schimbul de informa\u021bii<\/h3>\n<p><p>Extinderea accesului colegilor la date poate promova responsabilitatea, inova\u021bia \u0219i performan\u021ba ridicat\u0103.<\/p>\n<\/p>\n<h3>Furniza\u021bi informa\u021bii relevante <\/h3>\n<p><p>C\u0103tre utilizatorul care ia cele mai bune decizii \u00een a ghida strategia companiei sau activitatea acesteia.<\/p>\n<\/p>\n<h2><\/h2>\n<h3>Business intelligence v\u0103 permite:<\/h3>\n<h3><\/h3>\n<ul>\n<li>Analizarea afacerii dvs., bazat\u0103 pe un set de indicatori cheie de performan\u021b\u0103 \u0219i pe instrumente de m\u0103sur\u0103,<\/li>\n<li>Luarea deciziilor mai rapid,<\/li>\n<li>Simplificarea reprezent\u0103rii grafice a indicatorilor<\/li>\n<li>Prezentarea informa\u021biilor utile \u00eentr-o manier\u0103 eficient\u0103<\/li>\n<li>Accelerarea procesului de colectare \u0219i de distribuire a informa\u021biilor, prin automatizare.<\/li>\n<\/ul>\n<h2>Sage X3 ofer\u0103 o solu\u021bie de Business Intelligence numit\u0103 Sage Enterprise Intelligence (SEI).<\/h2>\n<p>Solu\u021bia integrat\u0103 de BI a lui Sage Enterprise Intelligence ajut\u0103 utilizatorii s\u0103 ia cele mai bune decizii mai rapid, cu toate datele relevante de care au nevoie.<\/p>\n<p>Cu SEI, datele sunt extrase, transformate, consolidate, migrate \u0219i prezentate \u00eentr-o form\u0103 simpl\u0103, accesibile \u00een timp real, \u00een modul self-service \u0219i cu doar c\u00e2teva clicuri.<\/p>\n<p>Ergonomic\u0103, solu\u021bia SEI promoveaz\u0103 autonomia utilizatorului, f\u0103r\u0103 a fi nevoie de anumite aptitudini.<\/p>\n<h2><\/h2>\n<h3>Pagini Conexe<\/h3>\n<\/p>\n<h3><\/h3>\n<\/p>\n<h3><\/h3><\/p>\n","protected":false},"excerpt":{"rendered":"<p>Business Intelligence se bazeaz\u0103 pe principiul fiabilit\u0103\u021bii datelor utilizate. Prelucrarea lor, precum \u0219i formularea lor \u00een rapoarte lizibile de c\u0103tre angaja\u021bi ofer\u0103 posibilitatea de a lua deciziile corecte la momentul potrivit.<\/p>\n","protected":false},"author":3,"featured_media":0,"parent":10806,"menu_order":0,"comment_status":"closed","ping_status":"closed","template":"templates\/template-prod_serv.php","meta":{"_acf_changed":false,"footnotes":""},"class_list":["post-10808","page","type-page","status-publish","hentry"],"acf":[],"yoast_head":"<!-- This site is optimized with the Yoast SEO plugin v23.5 - https:\/\/yoast.com\/wordpress\/plugins\/seo\/ -->\n<title>Business Intelligence - Deveho<\/title>\n<meta name=\"robots\" content=\"index, follow, max-snippet:-1, max-image-preview:large, max-video-preview:-1\" \/>\n<link rel=\"canonical\" href=\"https:\/\/deveho.com\/ro\/servicii\/business-intelligence\/\" \/>\n<meta property=\"og:locale\" content=\"ro_RO\" \/>\n<meta property=\"og:type\" content=\"article\" \/>\n<meta property=\"og:title\" content=\"Business Intelligence - Deveho\" \/>\n<meta property=\"og:description\" content=\"Business Intelligence se bazeaz\u0103 pe principiul fiabilit\u0103\u021bii datelor utilizate. Prelucrarea lor, precum \u0219i formularea lor \u00een rapoarte lizibile de c\u0103tre angaja\u021bi ofer\u0103 posibilitatea de a lua deciziile corecte la momentul potrivit.\" \/>\n<meta property=\"og:url\" content=\"https:\/\/deveho.com\/ro\/servicii\/business-intelligence\/\" \/>\n<meta property=\"og:site_name\" content=\"Deveho\" \/>\n<meta property=\"article:publisher\" content=\"https:\/\/www.facebook.com\/deveho\" \/>\n<meta property=\"article:modified_time\" content=\"2022-10-27T09:56:30+00:00\" \/>\n<meta name=\"twitter:card\" content=\"summary_large_image\" \/>\n<meta name=\"twitter:site\" content=\"@Deveho1\" \/>\n<meta name=\"twitter:label1\" content=\"Timp estimat pentru citire\" \/>\n\t<meta name=\"twitter:data1\" content=\"1 minut\" \/>\n<script type=\"application\/ld+json\" class=\"yoast-schema-graph\">{\"@context\":\"https:\/\/schema.org\",\"@graph\":[{\"@type\":\"WebPage\",\"@id\":\"https:\/\/deveho.com\/ro\/servicii\/business-intelligence\/\",\"url\":\"https:\/\/deveho.com\/ro\/servicii\/business-intelligence\/\",\"name\":\"Business Intelligence - Deveho\",\"isPartOf\":{\"@id\":\"https:\/\/deveho.com\/#website\"},\"datePublished\":\"2022-07-27T13:11:57+00:00\",\"dateModified\":\"2022-10-27T09:56:30+00:00\",\"breadcrumb\":{\"@id\":\"https:\/\/deveho.com\/ro\/servicii\/business-intelligence\/#breadcrumb\"},\"inLanguage\":\"ro-RO\",\"potentialAction\":[{\"@type\":\"ReadAction\",\"target\":[\"https:\/\/deveho.com\/ro\/servicii\/business-intelligence\/\"]}]},{\"@type\":\"BreadcrumbList\",\"@id\":\"https:\/\/deveho.com\/ro\/servicii\/business-intelligence\/#breadcrumb\",\"itemListElement\":[{\"@type\":\"ListItem\",\"position\":1,\"name\":\"Home\",\"item\":\"https:\/\/deveho.com\/ro\/\"},{\"@type\":\"ListItem\",\"position\":2,\"name\":\"Servicii\",\"item\":\"https:\/\/deveho.com\/ro\/servicii\/\"},{\"@type\":\"ListItem\",\"position\":3,\"name\":\"Business Intelligence\"}]},{\"@type\":\"WebSite\",\"@id\":\"https:\/\/deveho.com\/#website\",\"url\":\"https:\/\/deveho.com\/\",\"name\":\"Deveho Consulting Group\",\"description\":\"Let\u2019s boost your growth\",\"publisher\":{\"@id\":\"https:\/\/deveho.com\/#organization\"},\"potentialAction\":[{\"@type\":\"SearchAction\",\"target\":{\"@type\":\"EntryPoint\",\"urlTemplate\":\"https:\/\/deveho.com\/?s={search_term_string}\"},\"query-input\":{\"@type\":\"PropertyValueSpecification\",\"valueRequired\":true,\"valueName\":\"search_term_string\"}}],\"inLanguage\":\"ro-RO\"},{\"@type\":\"Organization\",\"@id\":\"https:\/\/deveho.com\/#organization\",\"name\":\"Deveho Consulting Group\",\"url\":\"https:\/\/deveho.com\/\",\"logo\":{\"@type\":\"ImageObject\",\"inLanguage\":\"ro-RO\",\"@id\":\"https:\/\/deveho.com\/#\/schema\/logo\/image\/\",\"url\":\"https:\/\/deveho.com\/wp-content\/uploads\/2023\/02\/DEVEHO-LOGO-Baseline-COLOR.png\",\"contentUrl\":\"https:\/\/deveho.com\/wp-content\/uploads\/2023\/02\/DEVEHO-LOGO-Baseline-COLOR.png\",\"width\":2251,\"height\":585,\"caption\":\"Deveho Consulting Group\"},\"image\":{\"@id\":\"https:\/\/deveho.com\/#\/schema\/logo\/image\/\"},\"sameAs\":[\"https:\/\/www.facebook.com\/deveho\",\"https:\/\/x.com\/Deveho1\",\"https:\/\/www.linkedin.com\/company\/deveho-consulting\/\"]}]}<\/script>\n<!-- \/ Yoast SEO plugin. -->","yoast_head_json":{"title":"Business Intelligence - Deveho","robots":{"index":"index","follow":"follow","max-snippet":"max-snippet:-1","max-image-preview":"max-image-preview:large","max-video-preview":"max-video-preview:-1"},"canonical":"https:\/\/deveho.com\/ro\/servicii\/business-intelligence\/","og_locale":"ro_RO","og_type":"article","og_title":"Business Intelligence - Deveho","og_description":"Business Intelligence se bazeaz\u0103 pe principiul fiabilit\u0103\u021bii datelor utilizate. Prelucrarea lor, precum \u0219i formularea lor \u00een rapoarte lizibile de c\u0103tre angaja\u021bi ofer\u0103 posibilitatea de a lua deciziile corecte la momentul potrivit.","og_url":"https:\/\/deveho.com\/ro\/servicii\/business-intelligence\/","og_site_name":"Deveho","article_publisher":"https:\/\/www.facebook.com\/deveho","article_modified_time":"2022-10-27T09:56:30+00:00","twitter_card":"summary_large_image","twitter_site":"@Deveho1","twitter_misc":{"Timp estimat pentru citire":"1 minut"},"schema":{"@context":"https:\/\/schema.org","@graph":[{"@type":"WebPage","@id":"https:\/\/deveho.com\/ro\/servicii\/business-intelligence\/","url":"https:\/\/deveho.com\/ro\/servicii\/business-intelligence\/","name":"Business Intelligence - Deveho","isPartOf":{"@id":"https:\/\/deveho.com\/#website"},"datePublished":"2022-07-27T13:11:57+00:00","dateModified":"2022-10-27T09:56:30+00:00","breadcrumb":{"@id":"https:\/\/deveho.com\/ro\/servicii\/business-intelligence\/#breadcrumb"},"inLanguage":"ro-RO","potentialAction":[{"@type":"ReadAction","target":["https:\/\/deveho.com\/ro\/servicii\/business-intelligence\/"]}]},{"@type":"BreadcrumbList","@id":"https:\/\/deveho.com\/ro\/servicii\/business-intelligence\/#breadcrumb","itemListElement":[{"@type":"ListItem","position":1,"name":"Home","item":"https:\/\/deveho.com\/ro\/"},{"@type":"ListItem","position":2,"name":"Servicii","item":"https:\/\/deveho.com\/ro\/servicii\/"},{"@type":"ListItem","position":3,"name":"Business Intelligence"}]},{"@type":"WebSite","@id":"https:\/\/deveho.com\/#website","url":"https:\/\/deveho.com\/","name":"Deveho Consulting Group","description":"Let\u2019s boost your growth","publisher":{"@id":"https:\/\/deveho.com\/#organization"},"potentialAction":[{"@type":"SearchAction","target":{"@type":"EntryPoint","urlTemplate":"https:\/\/deveho.com\/?s={search_term_string}"},"query-input":{"@type":"PropertyValueSpecification","valueRequired":true,"valueName":"search_term_string"}}],"inLanguage":"ro-RO"},{"@type":"Organization","@id":"https:\/\/deveho.com\/#organization","name":"Deveho Consulting Group","url":"https:\/\/deveho.com\/","logo":{"@type":"ImageObject","inLanguage":"ro-RO","@id":"https:\/\/deveho.com\/#\/schema\/logo\/image\/","url":"https:\/\/deveho.com\/wp-content\/uploads\/2023\/02\/DEVEHO-LOGO-Baseline-COLOR.png","contentUrl":"https:\/\/deveho.com\/wp-content\/uploads\/2023\/02\/DEVEHO-LOGO-Baseline-COLOR.png","width":2251,"height":585,"caption":"Deveho Consulting Group"},"image":{"@id":"https:\/\/deveho.com\/#\/schema\/logo\/image\/"},"sameAs":["https:\/\/www.facebook.com\/deveho","https:\/\/x.com\/Deveho1","https:\/\/www.linkedin.com\/company\/deveho-consulting\/"]}]}},"_links":{"self":[{"href":"https:\/\/deveho.com\/ro\/wp-json\/wp\/v2\/pages\/10808"}],"collection":[{"href":"https:\/\/deveho.com\/ro\/wp-json\/wp\/v2\/pages"}],"about":[{"href":"https:\/\/deveho.com\/ro\/wp-json\/wp\/v2\/types\/page"}],"author":[{"embeddable":true,"href":"https:\/\/deveho.com\/ro\/wp-json\/wp\/v2\/users\/3"}],"replies":[{"embeddable":true,"href":"https:\/\/deveho.com\/ro\/wp-json\/wp\/v2\/comments?post=10808"}],"version-history":[{"count":0,"href":"https:\/\/deveho.com\/ro\/wp-json\/wp\/v2\/pages\/10808\/revisions"}],"up":[{"embeddable":true,"href":"https:\/\/deveho.com\/ro\/wp-json\/wp\/v2\/pages\/10806"}],"wp:attachment":[{"href":"https:\/\/deveho.com\/ro\/wp-json\/wp\/v2\/media?parent=10808"}],"curies":[{"name":"wp","href":"https:\/\/api.w.org\/{rel}","templated":true}]}}