{"id":10874,"date":"2022-07-29T13:48:42","date_gmt":"2022-07-29T13:48:42","guid":{"rendered":"https:\/\/deveho2.sfdbeta.be\/produse\/sistem-digital\/"},"modified":"2022-10-26T15:02:23","modified_gmt":"2022-10-26T13:02:23","slug":"sistem-digital","status":"publish","type":"page","link":"https:\/\/deveho.com\/ro\/produse\/sistem-digital\/","title":{"rendered":"Sistem Digital"},"content":{"rendered":"<br \/>\n<h2>Sistemul digital reprezint\u0103 un efort de a reduce timpul \u0219i cheltuielile asociate sistemelor de gestionare a \u00eenregistr\u0103rilor pe h\u00e2rtie. <\/h2>\n<h3><\/h3>\n<h3>Pe l\u00e2ng\u0103 simpla creare a documentelor electronice, utilizarea sistemelor informatizate ofer\u0103 acum posibilitatea de a optimiza schimbul de date \u0219i procese, \u00eentr-o lume \u00een care mijloacele digitale sunt vectorul principal pentru informare \u0219i comunicare. Astfel, comenzile, cota\u021biile, facturile \u0219i alte documente sunt produse pe cale electronic\u0103, ceea ce face mai u\u0219or partajarea, vizualizarea \u0219i stocarea lor.<\/h3>\n<p><p>Utiliz\u00e2nd conexiuni standard pentru principalele solu\u021bii de pe pia\u021b\u0103, Sage X3 ofer\u0103 optiunea unei solu\u021bii integrate, eficiente \u0219i sigure pentru managementul electronic al documentelor (EDMS).<\/p>\n<p>Toate documentele dvs. sunt legate prin func\u021biile corespunz\u0103toare ale Sage X3, elimin\u00e2nd astfel problemele legate de duplicate \u0219i versiuni diferite, optimiz\u00e2nd \u00een acela\u0219i timp procesele interdisciplinare \u00eentre diferitele departamente din cadrul companiei.<\/p>\n<\/p>\n<h2><\/h2>\n<h3>Pagini conexe<\/h3>\n<\/p>\n<h3><\/h3>\n<\/p>\n<h3><\/h3><\/p>\n","protected":false},"excerpt":{"rendered":"<p>Optimiza\u021bi \u0219i securiza\u021bi partajarea documentelor \u0219i a datelor cu partenerii, pentru a \u00eembun\u0103t\u0103\u021bi eficien\u021ba \u0219i a ob\u021bine astfel economii. Confrunt\u00e2ndu-ne cu volume tot mai mari de date, trecerea la metode digitale este o preocupare major\u0103 pentru companii.<\/p>\n","protected":false},"author":3,"featured_media":0,"parent":10805,"menu_order":0,"comment_status":"closed","ping_status":"closed","template":"templates\/template-prod_serv.php","meta":{"_acf_changed":false,"footnotes":""},"class_list":["post-10874","page","type-page","status-publish","hentry"],"acf":[],"yoast_head":"<!-- This site is optimized with the Yoast SEO plugin v23.5 - https:\/\/yoast.com\/wordpress\/plugins\/seo\/ -->\n<title>Sistem Digital - Deveho<\/title>\n<meta name=\"robots\" content=\"index, follow, max-snippet:-1, max-image-preview:large, max-video-preview:-1\" \/>\n<link rel=\"canonical\" href=\"https:\/\/deveho.com\/ro\/produse\/sistem-digital\/\" \/>\n<meta property=\"og:locale\" content=\"ro_RO\" \/>\n<meta property=\"og:type\" content=\"article\" \/>\n<meta property=\"og:title\" content=\"Sistem Digital - Deveho\" \/>\n<meta property=\"og:description\" content=\"Optimiza\u021bi \u0219i securiza\u021bi partajarea documentelor \u0219i a datelor cu partenerii, pentru a \u00eembun\u0103t\u0103\u021bi eficien\u021ba \u0219i a ob\u021bine astfel economii. Confrunt\u00e2ndu-ne cu volume tot mai mari de date, trecerea la metode digitale este o preocupare major\u0103 pentru companii.\" \/>\n<meta property=\"og:url\" content=\"https:\/\/deveho.com\/ro\/produse\/sistem-digital\/\" \/>\n<meta property=\"og:site_name\" content=\"Deveho\" \/>\n<meta property=\"article:publisher\" content=\"https:\/\/www.facebook.com\/deveho\" \/>\n<meta property=\"article:modified_time\" content=\"2022-10-26T13:02:23+00:00\" \/>\n<meta name=\"twitter:card\" content=\"summary_large_image\" \/>\n<meta name=\"twitter:site\" content=\"@Deveho1\" \/>\n<meta name=\"twitter:label1\" content=\"Timp estimat pentru citire\" \/>\n\t<meta name=\"twitter:data1\" content=\"1 minut\" \/>\n<script type=\"application\/ld+json\" class=\"yoast-schema-graph\">{\"@context\":\"https:\/\/schema.org\",\"@graph\":[{\"@type\":\"WebPage\",\"@id\":\"https:\/\/deveho.com\/ro\/produse\/sistem-digital\/\",\"url\":\"https:\/\/deveho.com\/ro\/produse\/sistem-digital\/\",\"name\":\"Sistem Digital - Deveho\",\"isPartOf\":{\"@id\":\"https:\/\/deveho.com\/#website\"},\"datePublished\":\"2022-07-29T13:48:42+00:00\",\"dateModified\":\"2022-10-26T13:02:23+00:00\",\"breadcrumb\":{\"@id\":\"https:\/\/deveho.com\/ro\/produse\/sistem-digital\/#breadcrumb\"},\"inLanguage\":\"ro-RO\",\"potentialAction\":[{\"@type\":\"ReadAction\",\"target\":[\"https:\/\/deveho.com\/ro\/produse\/sistem-digital\/\"]}]},{\"@type\":\"BreadcrumbList\",\"@id\":\"https:\/\/deveho.com\/ro\/produse\/sistem-digital\/#breadcrumb\",\"itemListElement\":[{\"@type\":\"ListItem\",\"position\":1,\"name\":\"Home\",\"item\":\"https:\/\/deveho.com\/ro\/\"},{\"@type\":\"ListItem\",\"position\":2,\"name\":\"Produse\",\"item\":\"https:\/\/deveho.com\/ro\/produse\/\"},{\"@type\":\"ListItem\",\"position\":3,\"name\":\"Sistem Digital\"}]},{\"@type\":\"WebSite\",\"@id\":\"https:\/\/deveho.com\/#website\",\"url\":\"https:\/\/deveho.com\/\",\"name\":\"Deveho Consulting Group\",\"description\":\"Let\u2019s boost your growth\",\"publisher\":{\"@id\":\"https:\/\/deveho.com\/#organization\"},\"potentialAction\":[{\"@type\":\"SearchAction\",\"target\":{\"@type\":\"EntryPoint\",\"urlTemplate\":\"https:\/\/deveho.com\/?s={search_term_string}\"},\"query-input\":{\"@type\":\"PropertyValueSpecification\",\"valueRequired\":true,\"valueName\":\"search_term_string\"}}],\"inLanguage\":\"ro-RO\"},{\"@type\":\"Organization\",\"@id\":\"https:\/\/deveho.com\/#organization\",\"name\":\"Deveho Consulting Group\",\"url\":\"https:\/\/deveho.com\/\",\"logo\":{\"@type\":\"ImageObject\",\"inLanguage\":\"ro-RO\",\"@id\":\"https:\/\/deveho.com\/#\/schema\/logo\/image\/\",\"url\":\"https:\/\/deveho.com\/wp-content\/uploads\/2023\/02\/DEVEHO-LOGO-Baseline-COLOR.png\",\"contentUrl\":\"https:\/\/deveho.com\/wp-content\/uploads\/2023\/02\/DEVEHO-LOGO-Baseline-COLOR.png\",\"width\":2251,\"height\":585,\"caption\":\"Deveho Consulting Group\"},\"image\":{\"@id\":\"https:\/\/deveho.com\/#\/schema\/logo\/image\/\"},\"sameAs\":[\"https:\/\/www.facebook.com\/deveho\",\"https:\/\/x.com\/Deveho1\",\"https:\/\/www.linkedin.com\/company\/deveho-consulting\/\"]}]}<\/script>\n<!-- \/ Yoast SEO plugin. -->","yoast_head_json":{"title":"Sistem Digital - Deveho","robots":{"index":"index","follow":"follow","max-snippet":"max-snippet:-1","max-image-preview":"max-image-preview:large","max-video-preview":"max-video-preview:-1"},"canonical":"https:\/\/deveho.com\/ro\/produse\/sistem-digital\/","og_locale":"ro_RO","og_type":"article","og_title":"Sistem Digital - Deveho","og_description":"Optimiza\u021bi \u0219i securiza\u021bi partajarea documentelor \u0219i a datelor cu partenerii, pentru a \u00eembun\u0103t\u0103\u021bi eficien\u021ba \u0219i a ob\u021bine astfel economii. Confrunt\u00e2ndu-ne cu volume tot mai mari de date, trecerea la metode digitale este o preocupare major\u0103 pentru companii.","og_url":"https:\/\/deveho.com\/ro\/produse\/sistem-digital\/","og_site_name":"Deveho","article_publisher":"https:\/\/www.facebook.com\/deveho","article_modified_time":"2022-10-26T13:02:23+00:00","twitter_card":"summary_large_image","twitter_site":"@Deveho1","twitter_misc":{"Timp estimat pentru citire":"1 minut"},"schema":{"@context":"https:\/\/schema.org","@graph":[{"@type":"WebPage","@id":"https:\/\/deveho.com\/ro\/produse\/sistem-digital\/","url":"https:\/\/deveho.com\/ro\/produse\/sistem-digital\/","name":"Sistem Digital - Deveho","isPartOf":{"@id":"https:\/\/deveho.com\/#website"},"datePublished":"2022-07-29T13:48:42+00:00","dateModified":"2022-10-26T13:02:23+00:00","breadcrumb":{"@id":"https:\/\/deveho.com\/ro\/produse\/sistem-digital\/#breadcrumb"},"inLanguage":"ro-RO","potentialAction":[{"@type":"ReadAction","target":["https:\/\/deveho.com\/ro\/produse\/sistem-digital\/"]}]},{"@type":"BreadcrumbList","@id":"https:\/\/deveho.com\/ro\/produse\/sistem-digital\/#breadcrumb","itemListElement":[{"@type":"ListItem","position":1,"name":"Home","item":"https:\/\/deveho.com\/ro\/"},{"@type":"ListItem","position":2,"name":"Produse","item":"https:\/\/deveho.com\/ro\/produse\/"},{"@type":"ListItem","position":3,"name":"Sistem Digital"}]},{"@type":"WebSite","@id":"https:\/\/deveho.com\/#website","url":"https:\/\/deveho.com\/","name":"Deveho Consulting Group","description":"Let\u2019s boost your growth","publisher":{"@id":"https:\/\/deveho.com\/#organization"},"potentialAction":[{"@type":"SearchAction","target":{"@type":"EntryPoint","urlTemplate":"https:\/\/deveho.com\/?s={search_term_string}"},"query-input":{"@type":"PropertyValueSpecification","valueRequired":true,"valueName":"search_term_string"}}],"inLanguage":"ro-RO"},{"@type":"Organization","@id":"https:\/\/deveho.com\/#organization","name":"Deveho Consulting Group","url":"https:\/\/deveho.com\/","logo":{"@type":"ImageObject","inLanguage":"ro-RO","@id":"https:\/\/deveho.com\/#\/schema\/logo\/image\/","url":"https:\/\/deveho.com\/wp-content\/uploads\/2023\/02\/DEVEHO-LOGO-Baseline-COLOR.png","contentUrl":"https:\/\/deveho.com\/wp-content\/uploads\/2023\/02\/DEVEHO-LOGO-Baseline-COLOR.png","width":2251,"height":585,"caption":"Deveho Consulting Group"},"image":{"@id":"https:\/\/deveho.com\/#\/schema\/logo\/image\/"},"sameAs":["https:\/\/www.facebook.com\/deveho","https:\/\/x.com\/Deveho1","https:\/\/www.linkedin.com\/company\/deveho-consulting\/"]}]}},"_links":{"self":[{"href":"https:\/\/deveho.com\/ro\/wp-json\/wp\/v2\/pages\/10874"}],"collection":[{"href":"https:\/\/deveho.com\/ro\/wp-json\/wp\/v2\/pages"}],"about":[{"href":"https:\/\/deveho.com\/ro\/wp-json\/wp\/v2\/types\/page"}],"author":[{"embeddable":true,"href":"https:\/\/deveho.com\/ro\/wp-json\/wp\/v2\/users\/3"}],"replies":[{"embeddable":true,"href":"https:\/\/deveho.com\/ro\/wp-json\/wp\/v2\/comments?post=10874"}],"version-history":[{"count":0,"href":"https:\/\/deveho.com\/ro\/wp-json\/wp\/v2\/pages\/10874\/revisions"}],"up":[{"embeddable":true,"href":"https:\/\/deveho.com\/ro\/wp-json\/wp\/v2\/pages\/10805"}],"wp:attachment":[{"href":"https:\/\/deveho.com\/ro\/wp-json\/wp\/v2\/media?parent=10874"}],"curies":[{"name":"wp","href":"https:\/\/api.w.org\/{rel}","templated":true}]}}