{"id":10875,"date":"2022-08-01T08:57:06","date_gmt":"2022-08-01T08:57:06","guid":{"rendered":"https:\/\/deveho2.sfdbeta.be\/produse\/solutii-sage-xrt\/"},"modified":"2022-10-26T16:06:27","modified_gmt":"2022-10-26T14:06:27","slug":"solutii-sage-xrt","status":"publish","type":"page","link":"https:\/\/deveho.com\/ro\/produse\/solutii-sage-xrt\/","title":{"rendered":"Sage XRT"},"content":{"rendered":"<br \/>\n<h2>De ce s\u0103 alege\u021bi solu\u021biile Sage XRT?<\/h2>\n<h3>Securitate<\/h3>\n<p><p>Certificare ISO 27001\/27018 \u0219i ISAE 3402, Certificat SWIFTReady for Corporates &#8211; Cash Management<\/p>\n<\/p>\n<h3>Vitez\u0103 \u0219i agilitate<\/h3>\n<p><p>Integrarea solu\u021biei \u00een 20 de zile<\/p>\n<\/p>\n<h3>Performan\u021b\u0103<\/h3>\n<div id=\"flexitem-c2c160bab3ef4eeea3840d1427b61c05-1\" class=\"flex-item\">\n<div id=\"stylebox-158b6b18ec2b406ca846335f248bd090-0\" class=\"score-style-box\" data-ux-module=\"score_bootstrap\/Components\/StyleBox\" data-ux-state=\"loaded\">\n<div id=\"highlight-e8e038f240c3433d8ae0a7c178d633bd-0\" class=\"score-highlight highlight--horizontal\">\n<div class=\"caption\">\n<div class=\"score-highlight-body\">100.000 de linii contabile \u00een 20 de secunde<\/div>\n<\/div>\n<\/div>\n<\/div>\n<\/div>\n<div id=\"flexitem-4ac2555df4cb4237a831f91ef63b4536-1\" class=\"flex-item\">\n<div id=\"stylebox-53bb1a7cced64bffa7db982351240792-0\" class=\"score-style-box\" data-ux-module=\"score_bootstrap\/Components\/StyleBox\" data-ux-state=\"loaded\">\n<div id=\"highlight-72ccb4d4c3a7403686f86acbae58adf1-0\" class=\"score-highlight highlight--horizontal\"><\/div>\n<\/div>\n<\/div>\n<h3>Fiabilitate<\/h3>\n<p><p>Solu\u021bie utilizat\u0103 de cele mai mari b\u0103nci franceze<\/p>\n<\/p>\n<h3>Satisfac\u0163ie<\/h3>\n<p><p>Peste 2.300 de clien\u021bi folosesc solu\u021biile XRT<\/p>\n<\/p>\n<h2>Optimiza\u021bi managementul resurselor opera\u021bionale \u0219i al lichidit\u0103\u021bilor, gestiona\u021bi o strategie eficient\u0103 \u0219i ob\u021bine\u021bi un avantaj competitiv.<\/h2>\n<h3>Controlul fluxului de numerar<\/h3>\n<p><p>O vizualizare \u00een timp real a lichidit\u0103\u021bilor dvs. v\u0103 permite s\u0103 face\u021bi alegeri riguroase, s\u0103 monitoriza\u021bi activitatea companiei \u0219i a tuturor filialelor sale \u0219i s\u0103 optimiza\u021bi rela\u021biile cu partenerii bancari.<\/p>\n<\/p>\n<h3>Reconcilierea fluxurilor dumneavoastr\u0103 financiare<\/h3>\n<p><p>Un instrument puternic de reconciliere automat\u0103 (p\u00e2n\u0103 la 90%), optimizeaz\u0103 timpii de procesare pentru volume mari de date. Criteriile de reconciliere sunt nelimitate, bine puse la punct \u0219i foarte avansate. Reconcilierea manual\u0103 este mult facilitat\u0103, datorit\u0103 unui ecran care poate fi personalizat de c\u0103tre utilizator.<\/p>\n<\/p>\n<h3>Gestionarea competen\u021belor bancare<\/h3>\n<p><p>Prerogativele bancare sunt un element esen\u021bial \u00een lan\u021bul de securitate financiar\u0103 al companiei. Acestea definesc cine poate face ce \u00een conturile bancare ale companiei.<\/p>\n<\/p>\n<h3>Raportarea<\/h3>\n<p><p>Tablourile de bord, cu indicatori cheie, sunt personalizate \u00een func\u021bie de activitatea companiei \u0219i de profilul fiec\u0103rui utilizator. Este integrat un generator de rapoarte, care ofer\u0103 numeroase posibilit\u0103\u021bi de analiz\u0103 a datelor, fie printr-o gril\u0103 de date, un tabel pivot sau un grafic, fie pentru exportul de date \u00een diferite formate (Excel\u00ae, PDF, alte formate configurabile).<\/p>\n<\/p>\n<h3>O platform\u0103 de lucru colaborativ\u0103 \u0219i deschis\u0103<\/h3>\n<p><p>Acesta faciliteaz\u0103 schimburile cu juct\u0103orii financiari ai companiei dumneavoastr\u0103 (trezorier, director financiar, b\u0103nci etc.) \u0219i se integreaz\u0103 cu solu\u021biile Sage, precum \u0219i cu toate sistemele ERP de pe pia\u021b\u0103. Schimburile de date sunt facilitate datorit\u0103 unei interfe\u021be configurabile, \u00eembog\u0103\u021bit\u0103 cu convertoare.<\/p>\n<\/p>\n<h3>Optimizarea rela\u021biei filial\u0103-holding<\/h3>\n<p><p>Organigrama intragrup \u0219i rela\u021bia dintre societatea-mam\u0103 \u0219i filialele sale ar trebui s\u0103 fie definite \u00een func\u021bie de organizarea intern\u0103 a societ\u0103\u021bii. Sunt posibile diferite tipuri de rela\u021bii, cum ar fi transferul de fonduri sau \u00eemprumuturi.<\/p>\n<\/p>\n<h3>Productivitate crescut\u0103<\/h3>\n<p><p>Accesibil\u0103 prin intermediul unui simplu browser de internet \u0219i de pe diferite dispozitive (computere, tablete, smartphone-uri), platforma, care ofer\u0103 o navigare simpl\u0103, intuitiv\u0103 \u0219i u\u0219or de utilizat, permite accesul securizat oriunde \u0219i \u00een orice moment la schimbul de informa\u021bii financiare.<\/p>\n<\/p>\n<h3><red>Beneficia\u021bi de o vizibilitate de la un cap\u0103t la altul \u0219i \u00een timp real a lichidit\u0103\u021bilor dumneavoastr\u0103 \u0219i optimiza\u021bi-v\u0103 resursele financiare.<\/red><\/h3>\n<\/p>\n<p>Tehnologie accesibil\u0103<\/p>\n<p>O imagine global\u0103 a lichidit\u0103\u021bii<\/p>\n<p>Compatibilitate complet\u0103<\/p>\n<p>Decizii mai inteligente<\/p>\n<p>Securitate consolidat\u0103<\/p>\n<p>Riscuri reduse<\/p>\n<p>Costuri reduse<\/p>\n<p>Eficien\u021b\u0103 mai bun\u0103<\/p>\n<p>Integrare perfect\u0103<\/p>\n<p>Gestionarea complet\u0103 a fluxului de numerar<\/p>\n<p>\u00cen conformitatea cu normele in viguare<\/p>\n<h2><\/h2>\n<h3>Pagini conexe<\/h3>\n<\/p>\n<h3><\/h3>\n<\/p>\n<h3><\/h3><\/p>\n","protected":false},"excerpt":{"rendered":"<p>Solu\u021biile Sage XRT (Treasury, Business Exchange, Online Banking) permit companiilor din \u00eentreaga lume s\u0103 centralizeze informa\u021biile privind fluxul de numerar, s\u0103 eficientizeze procesele strategice de afaceri \u0219i s\u0103 automatizeze comunica\u021biile financiare cu partenerii de afaceri \u0219i bancari. . Cu func\u021biile sale puternice, solu\u021biile Sage XRT Solutions ajut\u0103 companiile s\u0103 \u00ee\u0219i \u00eendeplineasc\u0103 sarcinile de trezorerie, de gestionare a numerarului \u0219i de servicii bancare online. Esen\u021biale pentru durabilitatea companiilor, aceste trei dimensiuni reprezint\u0103, de asemenea, pilonul unor strategii solide de sus\u021binere a cre\u0219terii acestora.<\/p>\n","protected":false},"author":3,"featured_media":0,"parent":10805,"menu_order":0,"comment_status":"closed","ping_status":"closed","template":"templates\/template-prod_serv.php","meta":{"_acf_changed":false,"footnotes":""},"class_list":["post-10875","page","type-page","status-publish","hentry"],"acf":[],"yoast_head":"<!-- This site is optimized with the Yoast SEO plugin v23.5 - https:\/\/yoast.com\/wordpress\/plugins\/seo\/ -->\n<title>Sage XRT - Deveho<\/title>\n<meta name=\"robots\" content=\"index, follow, max-snippet:-1, max-image-preview:large, max-video-preview:-1\" \/>\n<link rel=\"canonical\" href=\"https:\/\/deveho.com\/ro\/produse\/solutii-sage-xrt\/\" \/>\n<meta property=\"og:locale\" content=\"ro_RO\" \/>\n<meta property=\"og:type\" content=\"article\" \/>\n<meta property=\"og:title\" content=\"Sage XRT - Deveho\" \/>\n<meta property=\"og:description\" content=\"Solu\u021biile Sage XRT (Treasury, Business Exchange, Online Banking) permit companiilor din \u00eentreaga lume s\u0103 centralizeze informa\u021biile privind fluxul de numerar, s\u0103 eficientizeze procesele strategice de afaceri \u0219i s\u0103 automatizeze comunica\u021biile financiare cu partenerii de afaceri \u0219i bancari. . Cu func\u021biile sale puternice, solu\u021biile Sage XRT Solutions ajut\u0103 companiile s\u0103 \u00ee\u0219i \u00eendeplineasc\u0103 sarcinile de trezorerie, de gestionare a numerarului \u0219i de servicii bancare online. Esen\u021biale pentru durabilitatea companiilor, aceste trei dimensiuni reprezint\u0103, de asemenea, pilonul unor strategii solide de sus\u021binere a cre\u0219terii acestora.\" \/>\n<meta property=\"og:url\" content=\"https:\/\/deveho.com\/ro\/produse\/solutii-sage-xrt\/\" \/>\n<meta property=\"og:site_name\" content=\"Deveho\" \/>\n<meta property=\"article:publisher\" content=\"https:\/\/www.facebook.com\/deveho\" \/>\n<meta property=\"article:modified_time\" content=\"2022-10-26T14:06:27+00:00\" \/>\n<meta name=\"twitter:card\" content=\"summary_large_image\" \/>\n<meta name=\"twitter:site\" content=\"@Deveho1\" \/>\n<meta name=\"twitter:label1\" content=\"Timp estimat pentru citire\" \/>\n\t<meta name=\"twitter:data1\" content=\"2 minute\" \/>\n<script type=\"application\/ld+json\" class=\"yoast-schema-graph\">{\"@context\":\"https:\/\/schema.org\",\"@graph\":[{\"@type\":\"WebPage\",\"@id\":\"https:\/\/deveho.com\/ro\/produse\/solutii-sage-xrt\/\",\"url\":\"https:\/\/deveho.com\/ro\/produse\/solutii-sage-xrt\/\",\"name\":\"Sage XRT - Deveho\",\"isPartOf\":{\"@id\":\"https:\/\/deveho.com\/#website\"},\"datePublished\":\"2022-08-01T08:57:06+00:00\",\"dateModified\":\"2022-10-26T14:06:27+00:00\",\"breadcrumb\":{\"@id\":\"https:\/\/deveho.com\/ro\/produse\/solutii-sage-xrt\/#breadcrumb\"},\"inLanguage\":\"ro-RO\",\"potentialAction\":[{\"@type\":\"ReadAction\",\"target\":[\"https:\/\/deveho.com\/ro\/produse\/solutii-sage-xrt\/\"]}]},{\"@type\":\"BreadcrumbList\",\"@id\":\"https:\/\/deveho.com\/ro\/produse\/solutii-sage-xrt\/#breadcrumb\",\"itemListElement\":[{\"@type\":\"ListItem\",\"position\":1,\"name\":\"Home\",\"item\":\"https:\/\/deveho.com\/ro\/\"},{\"@type\":\"ListItem\",\"position\":2,\"name\":\"Produse\",\"item\":\"https:\/\/deveho.com\/ro\/produse\/\"},{\"@type\":\"ListItem\",\"position\":3,\"name\":\"Sage XRT\"}]},{\"@type\":\"WebSite\",\"@id\":\"https:\/\/deveho.com\/#website\",\"url\":\"https:\/\/deveho.com\/\",\"name\":\"Deveho Consulting Group\",\"description\":\"Let\u2019s boost your growth\",\"publisher\":{\"@id\":\"https:\/\/deveho.com\/#organization\"},\"potentialAction\":[{\"@type\":\"SearchAction\",\"target\":{\"@type\":\"EntryPoint\",\"urlTemplate\":\"https:\/\/deveho.com\/?s={search_term_string}\"},\"query-input\":{\"@type\":\"PropertyValueSpecification\",\"valueRequired\":true,\"valueName\":\"search_term_string\"}}],\"inLanguage\":\"ro-RO\"},{\"@type\":\"Organization\",\"@id\":\"https:\/\/deveho.com\/#organization\",\"name\":\"Deveho Consulting Group\",\"url\":\"https:\/\/deveho.com\/\",\"logo\":{\"@type\":\"ImageObject\",\"inLanguage\":\"ro-RO\",\"@id\":\"https:\/\/deveho.com\/#\/schema\/logo\/image\/\",\"url\":\"https:\/\/deveho.com\/wp-content\/uploads\/2023\/02\/DEVEHO-LOGO-Baseline-COLOR.png\",\"contentUrl\":\"https:\/\/deveho.com\/wp-content\/uploads\/2023\/02\/DEVEHO-LOGO-Baseline-COLOR.png\",\"width\":2251,\"height\":585,\"caption\":\"Deveho Consulting Group\"},\"image\":{\"@id\":\"https:\/\/deveho.com\/#\/schema\/logo\/image\/\"},\"sameAs\":[\"https:\/\/www.facebook.com\/deveho\",\"https:\/\/x.com\/Deveho1\",\"https:\/\/www.linkedin.com\/company\/deveho-consulting\/\"]}]}<\/script>\n<!-- \/ Yoast SEO plugin. -->","yoast_head_json":{"title":"Sage XRT - Deveho","robots":{"index":"index","follow":"follow","max-snippet":"max-snippet:-1","max-image-preview":"max-image-preview:large","max-video-preview":"max-video-preview:-1"},"canonical":"https:\/\/deveho.com\/ro\/produse\/solutii-sage-xrt\/","og_locale":"ro_RO","og_type":"article","og_title":"Sage XRT - Deveho","og_description":"Solu\u021biile Sage XRT (Treasury, Business Exchange, Online Banking) permit companiilor din \u00eentreaga lume s\u0103 centralizeze informa\u021biile privind fluxul de numerar, s\u0103 eficientizeze procesele strategice de afaceri \u0219i s\u0103 automatizeze comunica\u021biile financiare cu partenerii de afaceri \u0219i bancari. . Cu func\u021biile sale puternice, solu\u021biile Sage XRT Solutions ajut\u0103 companiile s\u0103 \u00ee\u0219i \u00eendeplineasc\u0103 sarcinile de trezorerie, de gestionare a numerarului \u0219i de servicii bancare online. Esen\u021biale pentru durabilitatea companiilor, aceste trei dimensiuni reprezint\u0103, de asemenea, pilonul unor strategii solide de sus\u021binere a cre\u0219terii acestora.","og_url":"https:\/\/deveho.com\/ro\/produse\/solutii-sage-xrt\/","og_site_name":"Deveho","article_publisher":"https:\/\/www.facebook.com\/deveho","article_modified_time":"2022-10-26T14:06:27+00:00","twitter_card":"summary_large_image","twitter_site":"@Deveho1","twitter_misc":{"Timp estimat pentru citire":"2 minute"},"schema":{"@context":"https:\/\/schema.org","@graph":[{"@type":"WebPage","@id":"https:\/\/deveho.com\/ro\/produse\/solutii-sage-xrt\/","url":"https:\/\/deveho.com\/ro\/produse\/solutii-sage-xrt\/","name":"Sage XRT - Deveho","isPartOf":{"@id":"https:\/\/deveho.com\/#website"},"datePublished":"2022-08-01T08:57:06+00:00","dateModified":"2022-10-26T14:06:27+00:00","breadcrumb":{"@id":"https:\/\/deveho.com\/ro\/produse\/solutii-sage-xrt\/#breadcrumb"},"inLanguage":"ro-RO","potentialAction":[{"@type":"ReadAction","target":["https:\/\/deveho.com\/ro\/produse\/solutii-sage-xrt\/"]}]},{"@type":"BreadcrumbList","@id":"https:\/\/deveho.com\/ro\/produse\/solutii-sage-xrt\/#breadcrumb","itemListElement":[{"@type":"ListItem","position":1,"name":"Home","item":"https:\/\/deveho.com\/ro\/"},{"@type":"ListItem","position":2,"name":"Produse","item":"https:\/\/deveho.com\/ro\/produse\/"},{"@type":"ListItem","position":3,"name":"Sage XRT"}]},{"@type":"WebSite","@id":"https:\/\/deveho.com\/#website","url":"https:\/\/deveho.com\/","name":"Deveho Consulting Group","description":"Let\u2019s boost your growth","publisher":{"@id":"https:\/\/deveho.com\/#organization"},"potentialAction":[{"@type":"SearchAction","target":{"@type":"EntryPoint","urlTemplate":"https:\/\/deveho.com\/?s={search_term_string}"},"query-input":{"@type":"PropertyValueSpecification","valueRequired":true,"valueName":"search_term_string"}}],"inLanguage":"ro-RO"},{"@type":"Organization","@id":"https:\/\/deveho.com\/#organization","name":"Deveho Consulting Group","url":"https:\/\/deveho.com\/","logo":{"@type":"ImageObject","inLanguage":"ro-RO","@id":"https:\/\/deveho.com\/#\/schema\/logo\/image\/","url":"https:\/\/deveho.com\/wp-content\/uploads\/2023\/02\/DEVEHO-LOGO-Baseline-COLOR.png","contentUrl":"https:\/\/deveho.com\/wp-content\/uploads\/2023\/02\/DEVEHO-LOGO-Baseline-COLOR.png","width":2251,"height":585,"caption":"Deveho Consulting Group"},"image":{"@id":"https:\/\/deveho.com\/#\/schema\/logo\/image\/"},"sameAs":["https:\/\/www.facebook.com\/deveho","https:\/\/x.com\/Deveho1","https:\/\/www.linkedin.com\/company\/deveho-consulting\/"]}]}},"_links":{"self":[{"href":"https:\/\/deveho.com\/ro\/wp-json\/wp\/v2\/pages\/10875"}],"collection":[{"href":"https:\/\/deveho.com\/ro\/wp-json\/wp\/v2\/pages"}],"about":[{"href":"https:\/\/deveho.com\/ro\/wp-json\/wp\/v2\/types\/page"}],"author":[{"embeddable":true,"href":"https:\/\/deveho.com\/ro\/wp-json\/wp\/v2\/users\/3"}],"replies":[{"embeddable":true,"href":"https:\/\/deveho.com\/ro\/wp-json\/wp\/v2\/comments?post=10875"}],"version-history":[{"count":0,"href":"https:\/\/deveho.com\/ro\/wp-json\/wp\/v2\/pages\/10875\/revisions"}],"up":[{"embeddable":true,"href":"https:\/\/deveho.com\/ro\/wp-json\/wp\/v2\/pages\/10805"}],"wp:attachment":[{"href":"https:\/\/deveho.com\/ro\/wp-json\/wp\/v2\/media?parent=10875"}],"curies":[{"name":"wp","href":"https:\/\/api.w.org\/{rel}","templated":true}]}}