{"id":10877,"date":"2022-08-02T07:41:39","date_gmt":"2022-08-02T07:41:39","guid":{"rendered":"https:\/\/deveho2.sfdbeta.be\/servicii\/suport-pentru-solutia-sage\/"},"modified":"2022-10-27T11:15:58","modified_gmt":"2022-10-27T09:15:58","slug":"suport-pentru-solutia-sage","status":"publish","type":"page","link":"https:\/\/deveho.com\/ro\/servicii\/suport-pentru-solutia-sage\/","title":{"rendered":"Suport pentru solu\u021bia Sage"},"content":{"rendered":"<br \/>\n<h3>Furnizarea \u0219i gestionarea mediului de lucru<\/h3>\n<\/p>\n<p>\u00cen conformitate cu parteneriatele noastre puternice cu OVH \u0219i AWS, putem furniza \u0219i gestiona mediul tehnic Sage X3 al clientului, garant\u00e2nd cele mai bune standarde de performan\u021b\u0103 \u0219i securitate.<\/p>\n<h3>Actualiz\u0103ri<\/h3>\n<\/p>\n<p>Ca parte a serviciilor noastre de mentenan\u021b\u0103, putem s\u0103 actualiz\u0103m componentele Sage X3 pentru a profita la maximum de \u00eembun\u0103t\u0103\u021birile software-ului.<\/p>\n<h3>Asisten\u021b\u0103<\/h3>\n<\/p>\n<p>\u00cen baza expertizei noastre, oferim suport \u0219i asisten\u021b\u0103 odat\u0103 ce Sage X3 este opera\u021bional: suport opera\u021bional, probleme de operare, cereri de \u00eembun\u0103t\u0103\u021bire, instruire.<\/p>\n<p>Asisten\u021b\u0103 de \u00eenalt\u0103 calitate \u0219i externalizarea \u00eentre\u021binerii aplica\u021biilor (AMO)<\/p>\n<p>O echip\u0103 dedicat\u0103 la AMO pe Sage X3<\/p>\n<p>O echip\u0103 tehnic\u0103 dedicat\u0103 Sage X3<\/p>\n<h2><\/h2>\n<h3>Pagini Conexe<\/h3>\n<\/p>\n<h3><\/h3>\n<\/p>\n<h3><\/h3><\/p>\n","protected":false},"excerpt":{"rendered":"<p>Deveho dispune de o echip\u0103 experimentat\u0103 de consultan\u021bi func\u021bionali \u0219i tehnici cu o vast\u0103 experien\u021b\u0103 pe Sage X3, care ofer\u0103 asisten\u021b\u0103 pentru toate pachetele \u0219i modulele noastre software (finan\u021be, distribu\u021bie, managementul produc\u021biei, active fixe, salarizare HR, raportare, dezvoltare etc.).<br \/>\nOferim servicii \u0219i asisten\u021b\u0103 de \u00eenalt\u0103 calitate, cu respectarea bugetului \u0219i a termenelor, de fiecare dat\u0103! <\/p>\n","protected":false},"author":3,"featured_media":0,"parent":10806,"menu_order":0,"comment_status":"closed","ping_status":"closed","template":"templates\/template-prod_serv.php","meta":{"_acf_changed":false,"footnotes":""},"class_list":["post-10877","page","type-page","status-publish","hentry"],"acf":[],"yoast_head":"<!-- This site is optimized with the Yoast SEO plugin v23.5 - https:\/\/yoast.com\/wordpress\/plugins\/seo\/ -->\n<title>Suport pentru solu\u021bia Sage - Deveho<\/title>\n<meta name=\"robots\" content=\"index, follow, max-snippet:-1, max-image-preview:large, max-video-preview:-1\" \/>\n<link rel=\"canonical\" href=\"https:\/\/deveho.com\/ro\/servicii\/suport-pentru-solutia-sage\/\" \/>\n<meta property=\"og:locale\" content=\"ro_RO\" \/>\n<meta property=\"og:type\" content=\"article\" \/>\n<meta property=\"og:title\" content=\"Suport pentru solu\u021bia Sage - Deveho\" \/>\n<meta property=\"og:description\" content=\"Deveho dispune de o echip\u0103 experimentat\u0103 de consultan\u021bi func\u021bionali \u0219i tehnici cu o vast\u0103 experien\u021b\u0103 pe Sage X3, care ofer\u0103 asisten\u021b\u0103 pentru toate pachetele \u0219i modulele noastre software (finan\u021be, distribu\u021bie, managementul produc\u021biei, active fixe, salarizare HR, raportare, dezvoltare etc.). Oferim servicii \u0219i asisten\u021b\u0103 de \u00eenalt\u0103 calitate, cu respectarea bugetului \u0219i a termenelor, de fiecare dat\u0103!\" \/>\n<meta property=\"og:url\" content=\"https:\/\/deveho.com\/ro\/servicii\/suport-pentru-solutia-sage\/\" \/>\n<meta property=\"og:site_name\" content=\"Deveho\" \/>\n<meta property=\"article:publisher\" content=\"https:\/\/www.facebook.com\/deveho\" \/>\n<meta property=\"article:modified_time\" content=\"2022-10-27T09:15:58+00:00\" \/>\n<meta name=\"twitter:card\" content=\"summary_large_image\" \/>\n<meta name=\"twitter:site\" content=\"@Deveho1\" \/>\n<meta name=\"twitter:label1\" content=\"Timp estimat pentru citire\" \/>\n\t<meta name=\"twitter:data1\" content=\"1 minut\" \/>\n<script type=\"application\/ld+json\" class=\"yoast-schema-graph\">{\"@context\":\"https:\/\/schema.org\",\"@graph\":[{\"@type\":\"WebPage\",\"@id\":\"https:\/\/deveho.com\/ro\/servicii\/suport-pentru-solutia-sage\/\",\"url\":\"https:\/\/deveho.com\/ro\/servicii\/suport-pentru-solutia-sage\/\",\"name\":\"Suport pentru solu\u021bia Sage - Deveho\",\"isPartOf\":{\"@id\":\"https:\/\/deveho.com\/#website\"},\"datePublished\":\"2022-08-02T07:41:39+00:00\",\"dateModified\":\"2022-10-27T09:15:58+00:00\",\"breadcrumb\":{\"@id\":\"https:\/\/deveho.com\/ro\/servicii\/suport-pentru-solutia-sage\/#breadcrumb\"},\"inLanguage\":\"ro-RO\",\"potentialAction\":[{\"@type\":\"ReadAction\",\"target\":[\"https:\/\/deveho.com\/ro\/servicii\/suport-pentru-solutia-sage\/\"]}]},{\"@type\":\"BreadcrumbList\",\"@id\":\"https:\/\/deveho.com\/ro\/servicii\/suport-pentru-solutia-sage\/#breadcrumb\",\"itemListElement\":[{\"@type\":\"ListItem\",\"position\":1,\"name\":\"Home\",\"item\":\"https:\/\/deveho.com\/ro\/\"},{\"@type\":\"ListItem\",\"position\":2,\"name\":\"Servicii\",\"item\":\"https:\/\/deveho.com\/ro\/servicii\/\"},{\"@type\":\"ListItem\",\"position\":3,\"name\":\"Suport pentru solu\u021bia Sage\"}]},{\"@type\":\"WebSite\",\"@id\":\"https:\/\/deveho.com\/#website\",\"url\":\"https:\/\/deveho.com\/\",\"name\":\"Deveho Consulting Group\",\"description\":\"Let\u2019s boost your growth\",\"publisher\":{\"@id\":\"https:\/\/deveho.com\/#organization\"},\"potentialAction\":[{\"@type\":\"SearchAction\",\"target\":{\"@type\":\"EntryPoint\",\"urlTemplate\":\"https:\/\/deveho.com\/?s={search_term_string}\"},\"query-input\":{\"@type\":\"PropertyValueSpecification\",\"valueRequired\":true,\"valueName\":\"search_term_string\"}}],\"inLanguage\":\"ro-RO\"},{\"@type\":\"Organization\",\"@id\":\"https:\/\/deveho.com\/#organization\",\"name\":\"Deveho Consulting Group\",\"url\":\"https:\/\/deveho.com\/\",\"logo\":{\"@type\":\"ImageObject\",\"inLanguage\":\"ro-RO\",\"@id\":\"https:\/\/deveho.com\/#\/schema\/logo\/image\/\",\"url\":\"https:\/\/deveho.com\/wp-content\/uploads\/2023\/02\/DEVEHO-LOGO-Baseline-COLOR.png\",\"contentUrl\":\"https:\/\/deveho.com\/wp-content\/uploads\/2023\/02\/DEVEHO-LOGO-Baseline-COLOR.png\",\"width\":2251,\"height\":585,\"caption\":\"Deveho Consulting Group\"},\"image\":{\"@id\":\"https:\/\/deveho.com\/#\/schema\/logo\/image\/\"},\"sameAs\":[\"https:\/\/www.facebook.com\/deveho\",\"https:\/\/x.com\/Deveho1\",\"https:\/\/www.linkedin.com\/company\/deveho-consulting\/\"]}]}<\/script>\n<!-- \/ Yoast SEO plugin. -->","yoast_head_json":{"title":"Suport pentru solu\u021bia Sage - Deveho","robots":{"index":"index","follow":"follow","max-snippet":"max-snippet:-1","max-image-preview":"max-image-preview:large","max-video-preview":"max-video-preview:-1"},"canonical":"https:\/\/deveho.com\/ro\/servicii\/suport-pentru-solutia-sage\/","og_locale":"ro_RO","og_type":"article","og_title":"Suport pentru solu\u021bia Sage - Deveho","og_description":"Deveho dispune de o echip\u0103 experimentat\u0103 de consultan\u021bi func\u021bionali \u0219i tehnici cu o vast\u0103 experien\u021b\u0103 pe Sage X3, care ofer\u0103 asisten\u021b\u0103 pentru toate pachetele \u0219i modulele noastre software (finan\u021be, distribu\u021bie, managementul produc\u021biei, active fixe, salarizare HR, raportare, dezvoltare etc.). Oferim servicii \u0219i asisten\u021b\u0103 de \u00eenalt\u0103 calitate, cu respectarea bugetului \u0219i a termenelor, de fiecare dat\u0103!","og_url":"https:\/\/deveho.com\/ro\/servicii\/suport-pentru-solutia-sage\/","og_site_name":"Deveho","article_publisher":"https:\/\/www.facebook.com\/deveho","article_modified_time":"2022-10-27T09:15:58+00:00","twitter_card":"summary_large_image","twitter_site":"@Deveho1","twitter_misc":{"Timp estimat pentru citire":"1 minut"},"schema":{"@context":"https:\/\/schema.org","@graph":[{"@type":"WebPage","@id":"https:\/\/deveho.com\/ro\/servicii\/suport-pentru-solutia-sage\/","url":"https:\/\/deveho.com\/ro\/servicii\/suport-pentru-solutia-sage\/","name":"Suport pentru solu\u021bia Sage - Deveho","isPartOf":{"@id":"https:\/\/deveho.com\/#website"},"datePublished":"2022-08-02T07:41:39+00:00","dateModified":"2022-10-27T09:15:58+00:00","breadcrumb":{"@id":"https:\/\/deveho.com\/ro\/servicii\/suport-pentru-solutia-sage\/#breadcrumb"},"inLanguage":"ro-RO","potentialAction":[{"@type":"ReadAction","target":["https:\/\/deveho.com\/ro\/servicii\/suport-pentru-solutia-sage\/"]}]},{"@type":"BreadcrumbList","@id":"https:\/\/deveho.com\/ro\/servicii\/suport-pentru-solutia-sage\/#breadcrumb","itemListElement":[{"@type":"ListItem","position":1,"name":"Home","item":"https:\/\/deveho.com\/ro\/"},{"@type":"ListItem","position":2,"name":"Servicii","item":"https:\/\/deveho.com\/ro\/servicii\/"},{"@type":"ListItem","position":3,"name":"Suport pentru solu\u021bia Sage"}]},{"@type":"WebSite","@id":"https:\/\/deveho.com\/#website","url":"https:\/\/deveho.com\/","name":"Deveho Consulting Group","description":"Let\u2019s boost your growth","publisher":{"@id":"https:\/\/deveho.com\/#organization"},"potentialAction":[{"@type":"SearchAction","target":{"@type":"EntryPoint","urlTemplate":"https:\/\/deveho.com\/?s={search_term_string}"},"query-input":{"@type":"PropertyValueSpecification","valueRequired":true,"valueName":"search_term_string"}}],"inLanguage":"ro-RO"},{"@type":"Organization","@id":"https:\/\/deveho.com\/#organization","name":"Deveho Consulting Group","url":"https:\/\/deveho.com\/","logo":{"@type":"ImageObject","inLanguage":"ro-RO","@id":"https:\/\/deveho.com\/#\/schema\/logo\/image\/","url":"https:\/\/deveho.com\/wp-content\/uploads\/2023\/02\/DEVEHO-LOGO-Baseline-COLOR.png","contentUrl":"https:\/\/deveho.com\/wp-content\/uploads\/2023\/02\/DEVEHO-LOGO-Baseline-COLOR.png","width":2251,"height":585,"caption":"Deveho Consulting Group"},"image":{"@id":"https:\/\/deveho.com\/#\/schema\/logo\/image\/"},"sameAs":["https:\/\/www.facebook.com\/deveho","https:\/\/x.com\/Deveho1","https:\/\/www.linkedin.com\/company\/deveho-consulting\/"]}]}},"_links":{"self":[{"href":"https:\/\/deveho.com\/ro\/wp-json\/wp\/v2\/pages\/10877"}],"collection":[{"href":"https:\/\/deveho.com\/ro\/wp-json\/wp\/v2\/pages"}],"about":[{"href":"https:\/\/deveho.com\/ro\/wp-json\/wp\/v2\/types\/page"}],"author":[{"embeddable":true,"href":"https:\/\/deveho.com\/ro\/wp-json\/wp\/v2\/users\/3"}],"replies":[{"embeddable":true,"href":"https:\/\/deveho.com\/ro\/wp-json\/wp\/v2\/comments?post=10877"}],"version-history":[{"count":0,"href":"https:\/\/deveho.com\/ro\/wp-json\/wp\/v2\/pages\/10877\/revisions"}],"up":[{"embeddable":true,"href":"https:\/\/deveho.com\/ro\/wp-json\/wp\/v2\/pages\/10806"}],"wp:attachment":[{"href":"https:\/\/deveho.com\/ro\/wp-json\/wp\/v2\/media?parent=10877"}],"curies":[{"name":"wp","href":"https:\/\/api.w.org\/{rel}","templated":true}]}}