{"id":10885,"date":"2022-08-04T08:39:30","date_gmt":"2022-08-04T08:39:30","guid":{"rendered":"https:\/\/deveho2.sfdbeta.be\/servicii\/cloud-hosting\/"},"modified":"2022-12-05T13:13:42","modified_gmt":"2022-12-05T11:13:42","slug":"cloud-hosting","status":"publish","type":"page","link":"https:\/\/deveho.com\/ro\/servicii\/cloud-hosting\/","title":{"rendered":"Cloud &#038; Hosting"},"content":{"rendered":"<br \/>\n<h2><\/h2>\n<h3>Informa\u021bii generale despre Cloud x3<\/h3>\n<h3><\/h3>\n<p><p>Sage X3 poate fi implementat at\u00e2t local pe server-ul clientului sau g\u0103zduit (cloud privat sau cloud public). Sage X3 introduce o serie de noi componente tehnologice care sunt recunoscute ca fiind cele mai bune \u0219i cele mai inovatoare alegeri \u00een industrie \u00een ceea ce prive\u0219te utilizarea multi-browser \u0219i utilizarea dispozitivelor mobile, vitez\u0103 de c\u0103utare, dezvoltarea serviciilor web, integrarea bazelor de date \u00een cloud \u0219i managementul documentelor.<\/p>\n<ul>\n<li><a href=\"https:\/\/deveho.com\/ro\/servicii\/cloud-hosting\/aws\/\">AWS \u203a<\/a><\/li>\n<li><a href=\"https:\/\/deveho.com\/ro\/servicii\/cloud-hosting\/ovh\/\">OVH \u203a<\/a><\/li>\n<\/ul>\n<h2><red><b>Beneficii<\/b><\/red>      <\/h2>\n<h3>DOMENIU DE APLICARE FUNC\u021aIONAL SUPERIOR \u0218I DE INTEGRARE<\/h3>\n<p><p>Nu face\u021bi compromisuri \u00een ceea ce prive\u0219te func\u021bionalitatea afacerii utiliz\u00e2nd tehnologia cloud. Sage X3 v\u0103 gestioneaz\u0103 toate procesele, de la financiar la distribu\u021bie \u0219i produc\u021bie, prin intermediul unei solu\u021bii unice integrate \u00een cloud. Rezultatul este o eficientizare a opera\u021biunilor, informa\u021bii \u00een timp real cu privire la activit\u0103\u021bile dvs. \u0219i o performan\u021b\u0103 \u00eembun\u0103t\u0103\u021bit\u0103.<\/p>\n<\/p>\n<h3>SUPORT DE CALITATE SUPERIOAR\u0102 PENTRU ORGANIZA\u021aIILE GLOBALE<\/h3>\n<p><p>Nu l\u0103sa\u021bi solu\u021biile cloud s\u0103 v\u0103 limiteze ambi\u021biile de extindere. Sage X3 sprijin\u0103 gestionarea opera\u021biunilor distribuite \u0219i interna\u021bionale, gestion\u00e2nd structuri organiza\u021bionale \u0219i de raportare complexe (multi-societate, multi-site, multi-modalitate de produc\u021bie, multi-ledger \u0219i multi-legisla\u021bie).<\/p>\n<\/p>\n<h3>CONCEPUT PENTRU OPERA\u021aIUNI SPECIFICE INDUSTRIEI<\/h3>\n<p><p>Nu v\u0103 l\u0103sa\u021bi restric\u021biona\u021bi de solu\u021biile cloud de tip &#8220;one-size-fits-all&#8221;. Sage X3 este adaptat pentru industriile de produc\u021bie, distribu\u021bie \u0219i servicii, oferind o func\u021bionalitate extins\u0103 \u0219i gata de utilizare care v\u0103 va permite s\u0103 v\u0103 gestiona\u021bi mai rapid opera\u021biunile \u0219i s\u0103 v\u0103 \u00eembun\u0103t\u0103\u021bi\u021bi performan\u021ba.<\/p>\n<\/p>\n<h3>FUNC\u021aIONALIT\u0102\u021aI SUPERIOARE PRIVIND FLEXIBILITATEA \u0218I CUSTOMIZAREA<\/h3>\n<p><p>Nu l\u0103sa\u021bi tehnologia s\u0103 influen\u021beze cerin\u021bele afacerii dvs.. Sage X3 este extrem de flexibil \u0219i poate fi adaptat la procesele \u0219i fluxurile de lucru specifice afacerii dvs.. De asemenea, pute\u021bi utiliza solu\u021bia \u00een cadrul propriei infrastructuri private (pe server-ul dvs. sau g\u0103zduit\u0103 de un partener) f\u0103r\u0103 nici o pierdere de date sau func\u021bionalitate.<\/p>\n<\/p>\n<h3>SECURITATE, PERFORMAN\u021a\u0102 \u0218I SCALABILITATE SUPERIOARE<\/h3>\n<p><p>Nu toate solu\u021biile cloud sunt create \u00een acela\u0219i fel. Sage X3 se bazeaz\u0103 pe o infrastructur\u0103 cloud de top la nivel mondial pentru a oferi cea mai scalabil\u0103, fiabil\u0103 \u0219i sigur\u0103 platform\u0103 \u00een cloud, a\u015fa cum a fost confirmat\u0103 prin numeroasele certific\u0103ri primite \u0219i prin conformitatea strict\u0103 a acestuia cu diferite principii orientative \u0219i legi regionale cu privire la confiden\u021bialitate.<\/p>\n<\/p>\n<h3>ACCES UNIVERSAL PE WEB \u0218I MOBIL<\/h3>\n<p><p>Mobilitatea nu este apanajul managerilor seniori. Cu Sage X3, to\u021bi utilizatorii beneficiaz\u0103 de acces securizat, de pe orice browser sau dispozitiv mobil, la toate datele \u0219i func\u021biile din sistem, indiferent de localizarea lor \u0219i pe o serie de terminale utilizate pe scar\u0103 larg\u0103. Interfa\u021ba HTML5 asigur\u0103 o experien\u021b\u0103 de navigare intuitiv\u0103 \u0219i permite o personalizare u\u0219oar\u0103 de c\u0103tre utilizatori.<\/p>\n<\/p>\n<h2><\/h2>\n<h3>Pagini Conexe <\/h3>\n<\/p>\n<h3><\/h3>\n<\/p>\n<h3><\/h3><\/p>\n","protected":false},"excerpt":{"rendered":"<p>DEVEHO consulting group ofer\u0103 servicii de cloud \u0219i g\u0103zduire, care sunt personalizate pentru a se potrivi punctelor forte existente ale organiza\u021biei dvs., precum \u0219i pentru a lua \u00een considerare ambi\u021biile dvs. de cre\u0219tere viitoare. <\/p>\n","protected":false},"author":3,"featured_media":0,"parent":10806,"menu_order":0,"comment_status":"closed","ping_status":"closed","template":"templates\/template-prod_serv.php","meta":{"_acf_changed":false,"footnotes":""},"class_list":["post-10885","page","type-page","status-publish","hentry"],"acf":[],"yoast_head":"<!-- This site is optimized with the Yoast SEO plugin v23.5 - https:\/\/yoast.com\/wordpress\/plugins\/seo\/ -->\n<title>Cloud &amp; Hosting - Deveho<\/title>\n<meta name=\"robots\" content=\"index, follow, max-snippet:-1, max-image-preview:large, max-video-preview:-1\" \/>\n<link rel=\"canonical\" href=\"https:\/\/deveho.com\/ro\/servicii\/cloud-hosting\/\" \/>\n<meta property=\"og:locale\" content=\"ro_RO\" \/>\n<meta property=\"og:type\" content=\"article\" \/>\n<meta property=\"og:title\" content=\"Cloud &amp; Hosting - Deveho\" \/>\n<meta property=\"og:description\" content=\"DEVEHO consulting group ofer\u0103 servicii de cloud \u0219i g\u0103zduire, care sunt personalizate pentru a se potrivi punctelor forte existente ale organiza\u021biei dvs., precum \u0219i pentru a lua \u00een considerare ambi\u021biile dvs. de cre\u0219tere viitoare.\" \/>\n<meta property=\"og:url\" content=\"https:\/\/deveho.com\/ro\/servicii\/cloud-hosting\/\" \/>\n<meta property=\"og:site_name\" content=\"Deveho\" \/>\n<meta property=\"article:publisher\" content=\"https:\/\/www.facebook.com\/deveho\" \/>\n<meta property=\"article:modified_time\" content=\"2022-12-05T11:13:42+00:00\" \/>\n<meta name=\"twitter:card\" content=\"summary_large_image\" \/>\n<meta name=\"twitter:site\" content=\"@Deveho1\" \/>\n<meta name=\"twitter:label1\" content=\"Timp estimat pentru citire\" \/>\n\t<meta name=\"twitter:data1\" content=\"2 minute\" \/>\n<script type=\"application\/ld+json\" class=\"yoast-schema-graph\">{\"@context\":\"https:\/\/schema.org\",\"@graph\":[{\"@type\":\"WebPage\",\"@id\":\"https:\/\/deveho.com\/ro\/servicii\/cloud-hosting\/\",\"url\":\"https:\/\/deveho.com\/ro\/servicii\/cloud-hosting\/\",\"name\":\"Cloud & Hosting - Deveho\",\"isPartOf\":{\"@id\":\"https:\/\/deveho.com\/#website\"},\"datePublished\":\"2022-08-04T08:39:30+00:00\",\"dateModified\":\"2022-12-05T11:13:42+00:00\",\"breadcrumb\":{\"@id\":\"https:\/\/deveho.com\/ro\/servicii\/cloud-hosting\/#breadcrumb\"},\"inLanguage\":\"ro-RO\",\"potentialAction\":[{\"@type\":\"ReadAction\",\"target\":[\"https:\/\/deveho.com\/ro\/servicii\/cloud-hosting\/\"]}]},{\"@type\":\"BreadcrumbList\",\"@id\":\"https:\/\/deveho.com\/ro\/servicii\/cloud-hosting\/#breadcrumb\",\"itemListElement\":[{\"@type\":\"ListItem\",\"position\":1,\"name\":\"Home\",\"item\":\"https:\/\/deveho.com\/ro\/\"},{\"@type\":\"ListItem\",\"position\":2,\"name\":\"Servicii\",\"item\":\"https:\/\/deveho.com\/ro\/servicii\/\"},{\"@type\":\"ListItem\",\"position\":3,\"name\":\"Cloud &#038; Hosting\"}]},{\"@type\":\"WebSite\",\"@id\":\"https:\/\/deveho.com\/#website\",\"url\":\"https:\/\/deveho.com\/\",\"name\":\"Deveho Consulting Group\",\"description\":\"Let\u2019s boost your growth\",\"publisher\":{\"@id\":\"https:\/\/deveho.com\/#organization\"},\"potentialAction\":[{\"@type\":\"SearchAction\",\"target\":{\"@type\":\"EntryPoint\",\"urlTemplate\":\"https:\/\/deveho.com\/?s={search_term_string}\"},\"query-input\":{\"@type\":\"PropertyValueSpecification\",\"valueRequired\":true,\"valueName\":\"search_term_string\"}}],\"inLanguage\":\"ro-RO\"},{\"@type\":\"Organization\",\"@id\":\"https:\/\/deveho.com\/#organization\",\"name\":\"Deveho Consulting Group\",\"url\":\"https:\/\/deveho.com\/\",\"logo\":{\"@type\":\"ImageObject\",\"inLanguage\":\"ro-RO\",\"@id\":\"https:\/\/deveho.com\/#\/schema\/logo\/image\/\",\"url\":\"https:\/\/deveho.com\/wp-content\/uploads\/2023\/02\/DEVEHO-LOGO-Baseline-COLOR.png\",\"contentUrl\":\"https:\/\/deveho.com\/wp-content\/uploads\/2023\/02\/DEVEHO-LOGO-Baseline-COLOR.png\",\"width\":2251,\"height\":585,\"caption\":\"Deveho Consulting Group\"},\"image\":{\"@id\":\"https:\/\/deveho.com\/#\/schema\/logo\/image\/\"},\"sameAs\":[\"https:\/\/www.facebook.com\/deveho\",\"https:\/\/x.com\/Deveho1\",\"https:\/\/www.linkedin.com\/company\/deveho-consulting\/\"]}]}<\/script>\n<!-- \/ Yoast SEO plugin. -->","yoast_head_json":{"title":"Cloud & Hosting - Deveho","robots":{"index":"index","follow":"follow","max-snippet":"max-snippet:-1","max-image-preview":"max-image-preview:large","max-video-preview":"max-video-preview:-1"},"canonical":"https:\/\/deveho.com\/ro\/servicii\/cloud-hosting\/","og_locale":"ro_RO","og_type":"article","og_title":"Cloud & Hosting - Deveho","og_description":"DEVEHO consulting group ofer\u0103 servicii de cloud \u0219i g\u0103zduire, care sunt personalizate pentru a se potrivi punctelor forte existente ale organiza\u021biei dvs., precum \u0219i pentru a lua \u00een considerare ambi\u021biile dvs. de cre\u0219tere viitoare.","og_url":"https:\/\/deveho.com\/ro\/servicii\/cloud-hosting\/","og_site_name":"Deveho","article_publisher":"https:\/\/www.facebook.com\/deveho","article_modified_time":"2022-12-05T11:13:42+00:00","twitter_card":"summary_large_image","twitter_site":"@Deveho1","twitter_misc":{"Timp estimat pentru citire":"2 minute"},"schema":{"@context":"https:\/\/schema.org","@graph":[{"@type":"WebPage","@id":"https:\/\/deveho.com\/ro\/servicii\/cloud-hosting\/","url":"https:\/\/deveho.com\/ro\/servicii\/cloud-hosting\/","name":"Cloud & Hosting - Deveho","isPartOf":{"@id":"https:\/\/deveho.com\/#website"},"datePublished":"2022-08-04T08:39:30+00:00","dateModified":"2022-12-05T11:13:42+00:00","breadcrumb":{"@id":"https:\/\/deveho.com\/ro\/servicii\/cloud-hosting\/#breadcrumb"},"inLanguage":"ro-RO","potentialAction":[{"@type":"ReadAction","target":["https:\/\/deveho.com\/ro\/servicii\/cloud-hosting\/"]}]},{"@type":"BreadcrumbList","@id":"https:\/\/deveho.com\/ro\/servicii\/cloud-hosting\/#breadcrumb","itemListElement":[{"@type":"ListItem","position":1,"name":"Home","item":"https:\/\/deveho.com\/ro\/"},{"@type":"ListItem","position":2,"name":"Servicii","item":"https:\/\/deveho.com\/ro\/servicii\/"},{"@type":"ListItem","position":3,"name":"Cloud &#038; Hosting"}]},{"@type":"WebSite","@id":"https:\/\/deveho.com\/#website","url":"https:\/\/deveho.com\/","name":"Deveho Consulting Group","description":"Let\u2019s boost your growth","publisher":{"@id":"https:\/\/deveho.com\/#organization"},"potentialAction":[{"@type":"SearchAction","target":{"@type":"EntryPoint","urlTemplate":"https:\/\/deveho.com\/?s={search_term_string}"},"query-input":{"@type":"PropertyValueSpecification","valueRequired":true,"valueName":"search_term_string"}}],"inLanguage":"ro-RO"},{"@type":"Organization","@id":"https:\/\/deveho.com\/#organization","name":"Deveho Consulting Group","url":"https:\/\/deveho.com\/","logo":{"@type":"ImageObject","inLanguage":"ro-RO","@id":"https:\/\/deveho.com\/#\/schema\/logo\/image\/","url":"https:\/\/deveho.com\/wp-content\/uploads\/2023\/02\/DEVEHO-LOGO-Baseline-COLOR.png","contentUrl":"https:\/\/deveho.com\/wp-content\/uploads\/2023\/02\/DEVEHO-LOGO-Baseline-COLOR.png","width":2251,"height":585,"caption":"Deveho Consulting Group"},"image":{"@id":"https:\/\/deveho.com\/#\/schema\/logo\/image\/"},"sameAs":["https:\/\/www.facebook.com\/deveho","https:\/\/x.com\/Deveho1","https:\/\/www.linkedin.com\/company\/deveho-consulting\/"]}]}},"_links":{"self":[{"href":"https:\/\/deveho.com\/ro\/wp-json\/wp\/v2\/pages\/10885"}],"collection":[{"href":"https:\/\/deveho.com\/ro\/wp-json\/wp\/v2\/pages"}],"about":[{"href":"https:\/\/deveho.com\/ro\/wp-json\/wp\/v2\/types\/page"}],"author":[{"embeddable":true,"href":"https:\/\/deveho.com\/ro\/wp-json\/wp\/v2\/users\/3"}],"replies":[{"embeddable":true,"href":"https:\/\/deveho.com\/ro\/wp-json\/wp\/v2\/comments?post=10885"}],"version-history":[{"count":0,"href":"https:\/\/deveho.com\/ro\/wp-json\/wp\/v2\/pages\/10885\/revisions"}],"up":[{"embeddable":true,"href":"https:\/\/deveho.com\/ro\/wp-json\/wp\/v2\/pages\/10806"}],"wp:attachment":[{"href":"https:\/\/deveho.com\/ro\/wp-json\/wp\/v2\/media?parent=10885"}],"curies":[{"name":"wp","href":"https:\/\/api.w.org\/{rel}","templated":true}]}}