{"id":10969,"date":"2022-08-10T07:04:30","date_gmt":"2022-08-10T07:04:30","guid":{"rendered":"https:\/\/deveho2.sfdbeta.be\/produse\/sage-frp-1000\/"},"modified":"2025-01-08T11:56:04","modified_gmt":"2025-01-08T09:56:04","slug":"sage-frp-1000","status":"publish","type":"page","link":"https:\/\/deveho.com\/ro\/produse\/sage-frp-1000\/","title":{"rendered":"Sage FRP 1000"},"content":{"rendered":"<br \/>\n<h2>Alege\u021bi instrumentul de gestionare financiar\u0103 care se potrive\u0219te nevoilor dvs.<\/h2>\n<h3>O solu\u021bie unic\u0103 pentru un management complex<\/h3>\n<p><p>Toate nevoile CFO-ului sunt grupate \u00eentr-un singur tool: contabilitate, proces opera\u021bional, gestiune bugetar\u0103 etc. In addition, Sage FRP 1000 is modular, you take only what you need and evolve your solution with the needs of your business.<\/p>\n<\/p>\n<h3>Adaptat pentru managementul multi-companie<\/h3>\n<p><p><span data-sheets-value=\"{&quot;1&quot;:2,&quot;2&quot;:&quot;Datorit\u0103 bazei sale de date specifice, Sage FRP 1000 v\u0103 permite: centralizarea u\u0219oar\u0103 \u0219i rapid\u0103 a datelor dvs., armonizarea \u0219i securizarea arhivei, precum \u0219i gestionarea nativ\u0103 intra-grup.&quot;}\" data-sheets-userformat=\"{&quot;2&quot;:15293,&quot;3&quot;:{&quot;1&quot;:0},&quot;5&quot;:{&quot;1&quot;:[{&quot;1&quot;:2,&quot;2&quot;:0,&quot;5&quot;:{&quot;1&quot;:2,&quot;2&quot;:0}},{&quot;1&quot;:0,&quot;2&quot;:0,&quot;3&quot;:3},{&quot;1&quot;:1,&quot;2&quot;:0,&quot;4&quot;:1}]},&quot;6&quot;:{&quot;1&quot;:[{&quot;1&quot;:2,&quot;2&quot;:0,&quot;5&quot;:{&quot;1&quot;:2,&quot;2&quot;:0}},{&quot;1&quot;:0,&quot;2&quot;:0,&quot;3&quot;:3},{&quot;1&quot;:1,&quot;2&quot;:0,&quot;4&quot;:1}]},&quot;7&quot;:{&quot;1&quot;:[{&quot;1&quot;:2,&quot;2&quot;:0,&quot;5&quot;:{&quot;1&quot;:2,&quot;2&quot;:0}},{&quot;1&quot;:0,&quot;2&quot;:0,&quot;3&quot;:3},{&quot;1&quot;:1,&quot;2&quot;:0,&quot;4&quot;:1}]},&quot;8&quot;:{&quot;1&quot;:[{&quot;1&quot;:2,&quot;2&quot;:0,&quot;5&quot;:{&quot;1&quot;:2,&quot;2&quot;:0}},{&quot;1&quot;:0,&quot;2&quot;:0,&quot;3&quot;:3},{&quot;1&quot;:1,&quot;2&quot;:0,&quot;4&quot;:1}]},&quot;10&quot;:2,&quot;11&quot;:4,&quot;12&quot;:0,&quot;14&quot;:{&quot;1&quot;:2,&quot;2&quot;:0},&quot;15&quot;:&quot;Calibri, sans-serif&quot;,&quot;16&quot;:11}\">Datorit\u0103 bazei sale de date specifice, Sage FRP 1000 v\u0103 permite: centralizarea u\u0219oar\u0103 \u0219i rapid\u0103 a datelor dvs., armonizarea \u0219i securizarea arhivei, precum \u0219i gestionarea nativ\u0103 intra-grup.<\/span><\/p>\n<\/p>\n<h3>O platform\u0103 tehnologic\u0103 accesibil\u0103<\/h3>\n<p><p><span data-sheets-value=\"{&quot;1&quot;:2,&quot;2&quot;:&quot;Interconectarea cu toate tipurile de aplica\u021bii, disponibile \u00een cloud sau on premise. Sage FRP 1000 este o solu\u021bie gata de utilizare, care se implementeaz\u0103 rapid \u0219i se adapteaz\u0103 perfect la afacerea dvs.&quot;}\" data-sheets-userformat=\"{&quot;2&quot;:829,&quot;3&quot;:{&quot;1&quot;:0},&quot;5&quot;:{&quot;1&quot;:[{&quot;1&quot;:2,&quot;2&quot;:0,&quot;5&quot;:{&quot;1&quot;:2,&quot;2&quot;:0}},{&quot;1&quot;:0,&quot;2&quot;:0,&quot;3&quot;:3},{&quot;1&quot;:1,&quot;2&quot;:0,&quot;4&quot;:1}]},&quot;6&quot;:{&quot;1&quot;:[{&quot;1&quot;:2,&quot;2&quot;:0,&quot;5&quot;:{&quot;1&quot;:2,&quot;2&quot;:0}},{&quot;1&quot;:0,&quot;2&quot;:0,&quot;3&quot;:3},{&quot;1&quot;:1,&quot;2&quot;:0,&quot;4&quot;:1}]},&quot;7&quot;:{&quot;1&quot;:[{&quot;1&quot;:2,&quot;2&quot;:0,&quot;5&quot;:{&quot;1&quot;:2,&quot;2&quot;:0}},{&quot;1&quot;:0,&quot;2&quot;:0,&quot;3&quot;:3},{&quot;1&quot;:1,&quot;2&quot;:0,&quot;4&quot;:1}]},&quot;8&quot;:{&quot;1&quot;:[{&quot;1&quot;:2,&quot;2&quot;:0,&quot;5&quot;:{&quot;1&quot;:2,&quot;2&quot;:0}},{&quot;1&quot;:0,&quot;2&quot;:0,&quot;3&quot;:3},{&quot;1&quot;:1,&quot;2&quot;:0,&quot;4&quot;:1}]},&quot;11&quot;:4,&quot;12&quot;:0}\">Interconectarea cu toate tipurile de aplica\u021bii, disponibile \u00een cloud sau on premise. Sage FRP 1000 este o solu\u021bie gata de utilizare, care se implementeaz\u0103 rapid \u0219i se adapteaz\u0103 perfect la afacerea dvs.<\/span><\/p>\n<\/p>\n<h3>Gestiona\u021bi-v\u0103 opera\u021biunile comerciale: achizi\u021bii, v\u00e2nz\u0103ri, stocuri <\/h3>\n<p><p><span data-sheets-value=\"{&quot;1&quot;:2,&quot;2&quot;:&quot;Solu\u021bia are o acoperire func\u021bional\u0103 larg\u0103 care satisface toate nevoile de contabilitate general\u0103, analitic\u0103, bugetar\u0103 \u0219i auxiliar\u0103, de la introducerea de \u00eenregistr\u0103ri contabile p\u00e2n\u0103 la gestionarea automat\u0103 a pl\u0103\u021bilor.&quot;}\" data-sheets-userformat=\"{&quot;2&quot;:829,&quot;3&quot;:{&quot;1&quot;:0},&quot;5&quot;:{&quot;1&quot;:[{&quot;1&quot;:2,&quot;2&quot;:0,&quot;5&quot;:{&quot;1&quot;:2,&quot;2&quot;:0}},{&quot;1&quot;:0,&quot;2&quot;:0,&quot;3&quot;:3},{&quot;1&quot;:1,&quot;2&quot;:0,&quot;4&quot;:1}]},&quot;6&quot;:{&quot;1&quot;:[{&quot;1&quot;:2,&quot;2&quot;:0,&quot;5&quot;:{&quot;1&quot;:2,&quot;2&quot;:0}},{&quot;1&quot;:0,&quot;2&quot;:0,&quot;3&quot;:3},{&quot;1&quot;:1,&quot;2&quot;:0,&quot;4&quot;:1}]},&quot;7&quot;:{&quot;1&quot;:[{&quot;1&quot;:2,&quot;2&quot;:0,&quot;5&quot;:{&quot;1&quot;:2,&quot;2&quot;:0}},{&quot;1&quot;:0,&quot;2&quot;:0,&quot;3&quot;:3},{&quot;1&quot;:1,&quot;2&quot;:0,&quot;4&quot;:1}]},&quot;8&quot;:{&quot;1&quot;:[{&quot;1&quot;:2,&quot;2&quot;:0,&quot;5&quot;:{&quot;1&quot;:2,&quot;2&quot;:0}},{&quot;1&quot;:0,&quot;2&quot;:0,&quot;3&quot;:3},{&quot;1&quot;:1,&quot;2&quot;:0,&quot;4&quot;:1}]},&quot;11&quot;:4,&quot;12&quot;:0}\">Solu\u021bia are o acoperire func\u021bional\u0103 larg\u0103 care satisface toate nevoile de contabilitate general\u0103, analitic\u0103, bugetar\u0103 \u0219i auxiliar\u0103, de la introducerea de \u00eenregistr\u0103ri contabile p\u00e2n\u0103 la gestionarea automat\u0103 a pl\u0103\u021bilor.<\/span><\/p>\n<\/p>\n<h2>Sage FRP 1000<\/h2>\n<h3><\/h3>\n<h3>Managementul contabilit\u0103\u021bii<\/h3>\n<\/p>\n<h2>Sage FRP 1000 <\/h2>\n<h3><\/h3>\n<h3>Fluxuri financiare<\/h3>\n<\/p>\n<h2>Sage FRP 1000 <\/h2>\n<h3><\/h3>\n<h3>Procese opera\u021bionale<\/h3>\n<\/p>\n<h2><\/h2>\n<h3>Pagini conexe<\/h3>\n<\/p>\n<h3><\/h3>\n<\/p>\n<h3><\/h3><\/p>\n","protected":false},"excerpt":{"rendered":"<p>Un software dedicat departamentelor financiare pentru a putea avea o imagine de ansamblu a activit\u0103\u021bii lor. Cu Sage FRP 1000, beneficia\u021bi de un software de gestiune financiar\u0103 performant \u0219i modular care v\u0103 ofer\u0103 o viziune de 360 de grade asupra activit\u0103\u021bii dvs. financiare: gestionarea numerarului, a mijloacelor fixe, a mijloacelor de plat\u0103, efectuarea reconcilierii bancare, etc. Sage 1000 este solu\u021bia de gestiune ideal\u0103 pentru a v\u0103 gestiona eviden\u021ba contabil\u0103 \u0219i situa\u021bia financiar\u0103.<\/p>\n","protected":false},"author":8,"featured_media":0,"parent":10805,"menu_order":0,"comment_status":"closed","ping_status":"closed","template":"templates\/template-prod_serv.php","meta":{"_acf_changed":false,"footnotes":""},"class_list":["post-10969","page","type-page","status-publish","hentry"],"acf":[],"yoast_head":"<!-- This site is optimized with the Yoast SEO plugin v23.5 - https:\/\/yoast.com\/wordpress\/plugins\/seo\/ -->\n<title>Sage FRP 1000 - Deveho<\/title>\n<meta name=\"robots\" content=\"index, follow, max-snippet:-1, max-image-preview:large, max-video-preview:-1\" \/>\n<link rel=\"canonical\" href=\"https:\/\/deveho.com\/ro\/produse\/sage-frp-1000\/\" \/>\n<meta property=\"og:locale\" content=\"ro_RO\" \/>\n<meta property=\"og:type\" content=\"article\" \/>\n<meta property=\"og:title\" content=\"Sage FRP 1000 - Deveho\" \/>\n<meta property=\"og:description\" content=\"Un software dedicat departamentelor financiare pentru a putea avea o imagine de ansamblu a activit\u0103\u021bii lor. Cu Sage FRP 1000, beneficia\u021bi de un software de gestiune financiar\u0103 performant \u0219i modular care v\u0103 ofer\u0103 o viziune de 360 de grade asupra activit\u0103\u021bii dvs. financiare: gestionarea numerarului, a mijloacelor fixe, a mijloacelor de plat\u0103, efectuarea reconcilierii bancare, etc. Sage 1000 este solu\u021bia de gestiune ideal\u0103 pentru a v\u0103 gestiona eviden\u021ba contabil\u0103 \u0219i situa\u021bia financiar\u0103.\" \/>\n<meta property=\"og:url\" content=\"https:\/\/deveho.com\/ro\/produse\/sage-frp-1000\/\" \/>\n<meta property=\"og:site_name\" content=\"Deveho\" \/>\n<meta property=\"article:publisher\" content=\"https:\/\/www.facebook.com\/deveho\" \/>\n<meta property=\"article:modified_time\" content=\"2025-01-08T09:56:04+00:00\" \/>\n<meta name=\"twitter:card\" content=\"summary_large_image\" \/>\n<meta name=\"twitter:site\" content=\"@Deveho1\" \/>\n<meta name=\"twitter:label1\" content=\"Timp estimat pentru citire\" \/>\n\t<meta name=\"twitter:data1\" content=\"1 minut\" \/>\n<script type=\"application\/ld+json\" class=\"yoast-schema-graph\">{\"@context\":\"https:\/\/schema.org\",\"@graph\":[{\"@type\":\"WebPage\",\"@id\":\"https:\/\/deveho.com\/ro\/produse\/sage-frp-1000\/\",\"url\":\"https:\/\/deveho.com\/ro\/produse\/sage-frp-1000\/\",\"name\":\"Sage FRP 1000 - Deveho\",\"isPartOf\":{\"@id\":\"https:\/\/deveho.com\/#website\"},\"datePublished\":\"2022-08-10T07:04:30+00:00\",\"dateModified\":\"2025-01-08T09:56:04+00:00\",\"breadcrumb\":{\"@id\":\"https:\/\/deveho.com\/ro\/produse\/sage-frp-1000\/#breadcrumb\"},\"inLanguage\":\"ro-RO\",\"potentialAction\":[{\"@type\":\"ReadAction\",\"target\":[\"https:\/\/deveho.com\/ro\/produse\/sage-frp-1000\/\"]}]},{\"@type\":\"BreadcrumbList\",\"@id\":\"https:\/\/deveho.com\/ro\/produse\/sage-frp-1000\/#breadcrumb\",\"itemListElement\":[{\"@type\":\"ListItem\",\"position\":1,\"name\":\"Home\",\"item\":\"https:\/\/deveho.com\/ro\/\"},{\"@type\":\"ListItem\",\"position\":2,\"name\":\"Produse\",\"item\":\"https:\/\/deveho.com\/ro\/produse\/\"},{\"@type\":\"ListItem\",\"position\":3,\"name\":\"Sage FRP 1000\"}]},{\"@type\":\"WebSite\",\"@id\":\"https:\/\/deveho.com\/#website\",\"url\":\"https:\/\/deveho.com\/\",\"name\":\"Deveho Consulting Group\",\"description\":\"Let\u2019s boost your growth\",\"publisher\":{\"@id\":\"https:\/\/deveho.com\/#organization\"},\"potentialAction\":[{\"@type\":\"SearchAction\",\"target\":{\"@type\":\"EntryPoint\",\"urlTemplate\":\"https:\/\/deveho.com\/?s={search_term_string}\"},\"query-input\":{\"@type\":\"PropertyValueSpecification\",\"valueRequired\":true,\"valueName\":\"search_term_string\"}}],\"inLanguage\":\"ro-RO\"},{\"@type\":\"Organization\",\"@id\":\"https:\/\/deveho.com\/#organization\",\"name\":\"Deveho Consulting Group\",\"url\":\"https:\/\/deveho.com\/\",\"logo\":{\"@type\":\"ImageObject\",\"inLanguage\":\"ro-RO\",\"@id\":\"https:\/\/deveho.com\/#\/schema\/logo\/image\/\",\"url\":\"https:\/\/deveho.com\/wp-content\/uploads\/2023\/02\/DEVEHO-LOGO-Baseline-COLOR.png\",\"contentUrl\":\"https:\/\/deveho.com\/wp-content\/uploads\/2023\/02\/DEVEHO-LOGO-Baseline-COLOR.png\",\"width\":2251,\"height\":585,\"caption\":\"Deveho Consulting Group\"},\"image\":{\"@id\":\"https:\/\/deveho.com\/#\/schema\/logo\/image\/\"},\"sameAs\":[\"https:\/\/www.facebook.com\/deveho\",\"https:\/\/x.com\/Deveho1\",\"https:\/\/www.linkedin.com\/company\/deveho-consulting\/\"]}]}<\/script>\n<!-- \/ Yoast SEO plugin. -->","yoast_head_json":{"title":"Sage FRP 1000 - Deveho","robots":{"index":"index","follow":"follow","max-snippet":"max-snippet:-1","max-image-preview":"max-image-preview:large","max-video-preview":"max-video-preview:-1"},"canonical":"https:\/\/deveho.com\/ro\/produse\/sage-frp-1000\/","og_locale":"ro_RO","og_type":"article","og_title":"Sage FRP 1000 - Deveho","og_description":"Un software dedicat departamentelor financiare pentru a putea avea o imagine de ansamblu a activit\u0103\u021bii lor. Cu Sage FRP 1000, beneficia\u021bi de un software de gestiune financiar\u0103 performant \u0219i modular care v\u0103 ofer\u0103 o viziune de 360 de grade asupra activit\u0103\u021bii dvs. financiare: gestionarea numerarului, a mijloacelor fixe, a mijloacelor de plat\u0103, efectuarea reconcilierii bancare, etc. Sage 1000 este solu\u021bia de gestiune ideal\u0103 pentru a v\u0103 gestiona eviden\u021ba contabil\u0103 \u0219i situa\u021bia financiar\u0103.","og_url":"https:\/\/deveho.com\/ro\/produse\/sage-frp-1000\/","og_site_name":"Deveho","article_publisher":"https:\/\/www.facebook.com\/deveho","article_modified_time":"2025-01-08T09:56:04+00:00","twitter_card":"summary_large_image","twitter_site":"@Deveho1","twitter_misc":{"Timp estimat pentru citire":"1 minut"},"schema":{"@context":"https:\/\/schema.org","@graph":[{"@type":"WebPage","@id":"https:\/\/deveho.com\/ro\/produse\/sage-frp-1000\/","url":"https:\/\/deveho.com\/ro\/produse\/sage-frp-1000\/","name":"Sage FRP 1000 - Deveho","isPartOf":{"@id":"https:\/\/deveho.com\/#website"},"datePublished":"2022-08-10T07:04:30+00:00","dateModified":"2025-01-08T09:56:04+00:00","breadcrumb":{"@id":"https:\/\/deveho.com\/ro\/produse\/sage-frp-1000\/#breadcrumb"},"inLanguage":"ro-RO","potentialAction":[{"@type":"ReadAction","target":["https:\/\/deveho.com\/ro\/produse\/sage-frp-1000\/"]}]},{"@type":"BreadcrumbList","@id":"https:\/\/deveho.com\/ro\/produse\/sage-frp-1000\/#breadcrumb","itemListElement":[{"@type":"ListItem","position":1,"name":"Home","item":"https:\/\/deveho.com\/ro\/"},{"@type":"ListItem","position":2,"name":"Produse","item":"https:\/\/deveho.com\/ro\/produse\/"},{"@type":"ListItem","position":3,"name":"Sage FRP 1000"}]},{"@type":"WebSite","@id":"https:\/\/deveho.com\/#website","url":"https:\/\/deveho.com\/","name":"Deveho Consulting Group","description":"Let\u2019s boost your growth","publisher":{"@id":"https:\/\/deveho.com\/#organization"},"potentialAction":[{"@type":"SearchAction","target":{"@type":"EntryPoint","urlTemplate":"https:\/\/deveho.com\/?s={search_term_string}"},"query-input":{"@type":"PropertyValueSpecification","valueRequired":true,"valueName":"search_term_string"}}],"inLanguage":"ro-RO"},{"@type":"Organization","@id":"https:\/\/deveho.com\/#organization","name":"Deveho Consulting Group","url":"https:\/\/deveho.com\/","logo":{"@type":"ImageObject","inLanguage":"ro-RO","@id":"https:\/\/deveho.com\/#\/schema\/logo\/image\/","url":"https:\/\/deveho.com\/wp-content\/uploads\/2023\/02\/DEVEHO-LOGO-Baseline-COLOR.png","contentUrl":"https:\/\/deveho.com\/wp-content\/uploads\/2023\/02\/DEVEHO-LOGO-Baseline-COLOR.png","width":2251,"height":585,"caption":"Deveho Consulting Group"},"image":{"@id":"https:\/\/deveho.com\/#\/schema\/logo\/image\/"},"sameAs":["https:\/\/www.facebook.com\/deveho","https:\/\/x.com\/Deveho1","https:\/\/www.linkedin.com\/company\/deveho-consulting\/"]}]}},"_links":{"self":[{"href":"https:\/\/deveho.com\/ro\/wp-json\/wp\/v2\/pages\/10969"}],"collection":[{"href":"https:\/\/deveho.com\/ro\/wp-json\/wp\/v2\/pages"}],"about":[{"href":"https:\/\/deveho.com\/ro\/wp-json\/wp\/v2\/types\/page"}],"author":[{"embeddable":true,"href":"https:\/\/deveho.com\/ro\/wp-json\/wp\/v2\/users\/8"}],"replies":[{"embeddable":true,"href":"https:\/\/deveho.com\/ro\/wp-json\/wp\/v2\/comments?post=10969"}],"version-history":[{"count":2,"href":"https:\/\/deveho.com\/ro\/wp-json\/wp\/v2\/pages\/10969\/revisions"}],"predecessor-version":[{"id":36733,"href":"https:\/\/deveho.com\/ro\/wp-json\/wp\/v2\/pages\/10969\/revisions\/36733"}],"up":[{"embeddable":true,"href":"https:\/\/deveho.com\/ro\/wp-json\/wp\/v2\/pages\/10805"}],"wp:attachment":[{"href":"https:\/\/deveho.com\/ro\/wp-json\/wp\/v2\/media?parent=10969"}],"curies":[{"name":"wp","href":"https:\/\/api.w.org\/{rel}","templated":true}]}}