{"id":10971,"date":"2022-08-10T07:14:23","date_gmt":"2022-08-10T07:14:23","guid":{"rendered":"https:\/\/deveho2.sfdbeta.be\/profiluri\/warehouse-logistic-managers\/"},"modified":"2023-02-13T18:24:29","modified_gmt":"2023-02-13T16:24:29","slug":"warehouse-logistic-managers","status":"publish","type":"page","link":"https:\/\/deveho.com\/ro\/profiluri\/warehouse-logistic-managers\/","title":{"rendered":"Warehouse &#038; Logistic Managers"},"content":{"rendered":"<br \/>\n<h3><red><b>Beneficiile<\/red> <\/b> managerului de depozit \u0219i logistic\u0103<\/h3>\n<p><p>Warehouse Manager este o solu\u021bie wireless de gestionare a depozitelor, care se interfa\u021beaz\u0103 cu scanere portabile robuste \u0219i instrumente dedicate, care permit personalului depozitului s\u0103 beneficieze de capacit\u0103\u021bi extinse \u00een ceea ce prive\u0219te toate opera\u021biunile de baz\u0103 ale depozitului, de la solicit\u0103ri de informa\u021bii despre stocuri la preluarea comenzilor, recep\u021bie, aloc\u0103ri, num\u0103r\u0103tori de produse, transferuri, probleme legate de ordinele de lucru \u0219i multe altele.<\/p>\n<\/p>\n<p>Cre\u0219te\u021bi acurate\u021bea localiz\u0103rii stocurilor cu 25% prin \u00eenregistrarea automat\u0103 a cantit\u0103\u021bilor \u0219i a loca\u021biei \u00een mai multe containere.<\/p>\n<p>Cre\u0219te\u021bi acurate\u021bea inventarului la 99% prin \u00eembun\u0103t\u0103\u021birea acurate\u021bei recep\u021biei, stoc\u0103rii \u0219i prelev\u0103rii.<\/p>\n<p>Cre\u0219te\u021bi viteza de prelevare cu 25%, minimiz\u00e2nd \u00een acela\u0219i timp erorile \u0219i sporind randamentul operatorilor individuali de prelevare.<\/p>\n<p>Realiza\u021bi c\u00e2\u0219tiguri de p\u00e2n\u0103 la 75% \u00een ceea ce prive\u0219te eficien\u021ba inventarierii stocurilor, deoarece dispozitivele portabile ghideaz\u0103 utilizatorii c\u0103tre loca\u021biile relevante \u0219i solicit\u0103 detalii despre produsele care sunt inventariate, \u00eempreun\u0103 cu num\u0103rarea efectiv\u0103 a articolelor.<\/p>\n<p>Responsabilizarea eficient\u0103 a personalului depozitului, p\u0103str\u00e2nd \u00een acela\u0219i timp sistemele de control Sage X3.<\/p>\n<p>Cre\u0219terea productivit\u0103\u021bii prin eliminarea introducerii duplicate \u0219i manuale a datelor.<\/p>\n<p>\u00cembun\u0103t\u0103\u021birea serviciilor pentru clien\u021bi prin cre\u0219terea acurate\u021bei comenzilor \u0219i disponibilitatea stocurilor \u00een timp real.<\/p>\n<h2><\/h2>\n<h3>Pagini conexe<\/h3>\n<\/p>\n<h3><\/h3>\n<\/p>\n<h3><\/h3><\/p>\n","protected":false},"excerpt":{"rendered":"<p>Beneficiile managerului de depozit \u0219i logistic\u0103 Warehouse Manager este o solu\u021bie wireless de gestionare a depozitelor, care se interfa\u021beaz\u0103 cu scanere portabile robuste \u0219i instrumente dedicate, care permit personalului depozitului s\u0103 beneficieze de capacit\u0103\u021bi extinse \u00een ceea ce prive\u0219te toate opera\u021biunile de baz\u0103 ale depozitului, de la solicit\u0103ri de informa\u021bii despre stocuri la preluarea comenzilor, [&hellip;]<\/p>\n","protected":false},"author":6,"featured_media":0,"parent":10865,"menu_order":0,"comment_status":"closed","ping_status":"closed","template":"templates\/template-inner.php","meta":{"_acf_changed":false,"footnotes":""},"class_list":["post-10971","page","type-page","status-publish","hentry"],"acf":[],"yoast_head":"<!-- This site is optimized with the Yoast SEO plugin v23.5 - https:\/\/yoast.com\/wordpress\/plugins\/seo\/ -->\n<title>Warehouse &amp; Logistic Managers - Deveho<\/title>\n<meta name=\"robots\" content=\"index, follow, max-snippet:-1, max-image-preview:large, max-video-preview:-1\" \/>\n<link rel=\"canonical\" href=\"https:\/\/deveho.com\/ro\/profiluri\/warehouse-logistic-managers\/\" \/>\n<meta property=\"og:locale\" content=\"ro_RO\" \/>\n<meta property=\"og:type\" content=\"article\" \/>\n<meta property=\"og:title\" content=\"Warehouse &amp; Logistic Managers - Deveho\" \/>\n<meta property=\"og:description\" content=\"Beneficiile managerului de depozit \u0219i logistic\u0103 Warehouse Manager este o solu\u021bie wireless de gestionare a depozitelor, care se interfa\u021beaz\u0103 cu scanere portabile robuste \u0219i instrumente dedicate, care permit personalului depozitului s\u0103 beneficieze de capacit\u0103\u021bi extinse \u00een ceea ce prive\u0219te toate opera\u021biunile de baz\u0103 ale depozitului, de la solicit\u0103ri de informa\u021bii despre stocuri la preluarea comenzilor, [&hellip;]\" \/>\n<meta property=\"og:url\" content=\"https:\/\/deveho.com\/ro\/profiluri\/warehouse-logistic-managers\/\" \/>\n<meta property=\"og:site_name\" content=\"Deveho\" \/>\n<meta property=\"article:publisher\" content=\"https:\/\/www.facebook.com\/deveho\" \/>\n<meta property=\"article:modified_time\" content=\"2023-02-13T16:24:29+00:00\" \/>\n<meta name=\"twitter:card\" content=\"summary_large_image\" \/>\n<meta name=\"twitter:site\" content=\"@Deveho1\" \/>\n<meta name=\"twitter:label1\" content=\"Timp estimat pentru citire\" \/>\n\t<meta name=\"twitter:data1\" content=\"1 minut\" \/>\n<script type=\"application\/ld+json\" class=\"yoast-schema-graph\">{\"@context\":\"https:\/\/schema.org\",\"@graph\":[{\"@type\":\"WebPage\",\"@id\":\"https:\/\/deveho.com\/ro\/profiluri\/warehouse-logistic-managers\/\",\"url\":\"https:\/\/deveho.com\/ro\/profiluri\/warehouse-logistic-managers\/\",\"name\":\"Warehouse & Logistic Managers - Deveho\",\"isPartOf\":{\"@id\":\"https:\/\/deveho.com\/#website\"},\"datePublished\":\"2022-08-10T07:14:23+00:00\",\"dateModified\":\"2023-02-13T16:24:29+00:00\",\"breadcrumb\":{\"@id\":\"https:\/\/deveho.com\/ro\/profiluri\/warehouse-logistic-managers\/#breadcrumb\"},\"inLanguage\":\"ro-RO\",\"potentialAction\":[{\"@type\":\"ReadAction\",\"target\":[\"https:\/\/deveho.com\/ro\/profiluri\/warehouse-logistic-managers\/\"]}]},{\"@type\":\"BreadcrumbList\",\"@id\":\"https:\/\/deveho.com\/ro\/profiluri\/warehouse-logistic-managers\/#breadcrumb\",\"itemListElement\":[{\"@type\":\"ListItem\",\"position\":1,\"name\":\"Home\",\"item\":\"https:\/\/deveho.com\/ro\/\"},{\"@type\":\"ListItem\",\"position\":2,\"name\":\"Profiluri\",\"item\":\"https:\/\/deveho.com\/ro\/profiluri\/\"},{\"@type\":\"ListItem\",\"position\":3,\"name\":\"Warehouse &#038; Logistic Managers\"}]},{\"@type\":\"WebSite\",\"@id\":\"https:\/\/deveho.com\/#website\",\"url\":\"https:\/\/deveho.com\/\",\"name\":\"Deveho Consulting Group\",\"description\":\"Let\u2019s boost your growth\",\"publisher\":{\"@id\":\"https:\/\/deveho.com\/#organization\"},\"potentialAction\":[{\"@type\":\"SearchAction\",\"target\":{\"@type\":\"EntryPoint\",\"urlTemplate\":\"https:\/\/deveho.com\/?s={search_term_string}\"},\"query-input\":{\"@type\":\"PropertyValueSpecification\",\"valueRequired\":true,\"valueName\":\"search_term_string\"}}],\"inLanguage\":\"ro-RO\"},{\"@type\":\"Organization\",\"@id\":\"https:\/\/deveho.com\/#organization\",\"name\":\"Deveho Consulting Group\",\"url\":\"https:\/\/deveho.com\/\",\"logo\":{\"@type\":\"ImageObject\",\"inLanguage\":\"ro-RO\",\"@id\":\"https:\/\/deveho.com\/#\/schema\/logo\/image\/\",\"url\":\"https:\/\/deveho.com\/wp-content\/uploads\/2023\/02\/DEVEHO-LOGO-Baseline-COLOR.png\",\"contentUrl\":\"https:\/\/deveho.com\/wp-content\/uploads\/2023\/02\/DEVEHO-LOGO-Baseline-COLOR.png\",\"width\":2251,\"height\":585,\"caption\":\"Deveho Consulting Group\"},\"image\":{\"@id\":\"https:\/\/deveho.com\/#\/schema\/logo\/image\/\"},\"sameAs\":[\"https:\/\/www.facebook.com\/deveho\",\"https:\/\/x.com\/Deveho1\",\"https:\/\/www.linkedin.com\/company\/deveho-consulting\/\"]}]}<\/script>\n<!-- \/ Yoast SEO plugin. -->","yoast_head_json":{"title":"Warehouse & Logistic Managers - Deveho","robots":{"index":"index","follow":"follow","max-snippet":"max-snippet:-1","max-image-preview":"max-image-preview:large","max-video-preview":"max-video-preview:-1"},"canonical":"https:\/\/deveho.com\/ro\/profiluri\/warehouse-logistic-managers\/","og_locale":"ro_RO","og_type":"article","og_title":"Warehouse & Logistic Managers - Deveho","og_description":"Beneficiile managerului de depozit \u0219i logistic\u0103 Warehouse Manager este o solu\u021bie wireless de gestionare a depozitelor, care se interfa\u021beaz\u0103 cu scanere portabile robuste \u0219i instrumente dedicate, care permit personalului depozitului s\u0103 beneficieze de capacit\u0103\u021bi extinse \u00een ceea ce prive\u0219te toate opera\u021biunile de baz\u0103 ale depozitului, de la solicit\u0103ri de informa\u021bii despre stocuri la preluarea comenzilor, [&hellip;]","og_url":"https:\/\/deveho.com\/ro\/profiluri\/warehouse-logistic-managers\/","og_site_name":"Deveho","article_publisher":"https:\/\/www.facebook.com\/deveho","article_modified_time":"2023-02-13T16:24:29+00:00","twitter_card":"summary_large_image","twitter_site":"@Deveho1","twitter_misc":{"Timp estimat pentru citire":"1 minut"},"schema":{"@context":"https:\/\/schema.org","@graph":[{"@type":"WebPage","@id":"https:\/\/deveho.com\/ro\/profiluri\/warehouse-logistic-managers\/","url":"https:\/\/deveho.com\/ro\/profiluri\/warehouse-logistic-managers\/","name":"Warehouse & Logistic Managers - Deveho","isPartOf":{"@id":"https:\/\/deveho.com\/#website"},"datePublished":"2022-08-10T07:14:23+00:00","dateModified":"2023-02-13T16:24:29+00:00","breadcrumb":{"@id":"https:\/\/deveho.com\/ro\/profiluri\/warehouse-logistic-managers\/#breadcrumb"},"inLanguage":"ro-RO","potentialAction":[{"@type":"ReadAction","target":["https:\/\/deveho.com\/ro\/profiluri\/warehouse-logistic-managers\/"]}]},{"@type":"BreadcrumbList","@id":"https:\/\/deveho.com\/ro\/profiluri\/warehouse-logistic-managers\/#breadcrumb","itemListElement":[{"@type":"ListItem","position":1,"name":"Home","item":"https:\/\/deveho.com\/ro\/"},{"@type":"ListItem","position":2,"name":"Profiluri","item":"https:\/\/deveho.com\/ro\/profiluri\/"},{"@type":"ListItem","position":3,"name":"Warehouse &#038; Logistic Managers"}]},{"@type":"WebSite","@id":"https:\/\/deveho.com\/#website","url":"https:\/\/deveho.com\/","name":"Deveho Consulting Group","description":"Let\u2019s boost your growth","publisher":{"@id":"https:\/\/deveho.com\/#organization"},"potentialAction":[{"@type":"SearchAction","target":{"@type":"EntryPoint","urlTemplate":"https:\/\/deveho.com\/?s={search_term_string}"},"query-input":{"@type":"PropertyValueSpecification","valueRequired":true,"valueName":"search_term_string"}}],"inLanguage":"ro-RO"},{"@type":"Organization","@id":"https:\/\/deveho.com\/#organization","name":"Deveho Consulting Group","url":"https:\/\/deveho.com\/","logo":{"@type":"ImageObject","inLanguage":"ro-RO","@id":"https:\/\/deveho.com\/#\/schema\/logo\/image\/","url":"https:\/\/deveho.com\/wp-content\/uploads\/2023\/02\/DEVEHO-LOGO-Baseline-COLOR.png","contentUrl":"https:\/\/deveho.com\/wp-content\/uploads\/2023\/02\/DEVEHO-LOGO-Baseline-COLOR.png","width":2251,"height":585,"caption":"Deveho Consulting Group"},"image":{"@id":"https:\/\/deveho.com\/#\/schema\/logo\/image\/"},"sameAs":["https:\/\/www.facebook.com\/deveho","https:\/\/x.com\/Deveho1","https:\/\/www.linkedin.com\/company\/deveho-consulting\/"]}]}},"_links":{"self":[{"href":"https:\/\/deveho.com\/ro\/wp-json\/wp\/v2\/pages\/10971"}],"collection":[{"href":"https:\/\/deveho.com\/ro\/wp-json\/wp\/v2\/pages"}],"about":[{"href":"https:\/\/deveho.com\/ro\/wp-json\/wp\/v2\/types\/page"}],"author":[{"embeddable":true,"href":"https:\/\/deveho.com\/ro\/wp-json\/wp\/v2\/users\/6"}],"replies":[{"embeddable":true,"href":"https:\/\/deveho.com\/ro\/wp-json\/wp\/v2\/comments?post=10971"}],"version-history":[{"count":0,"href":"https:\/\/deveho.com\/ro\/wp-json\/wp\/v2\/pages\/10971\/revisions"}],"up":[{"embeddable":true,"href":"https:\/\/deveho.com\/ro\/wp-json\/wp\/v2\/pages\/10865"}],"wp:attachment":[{"href":"https:\/\/deveho.com\/ro\/wp-json\/wp\/v2\/media?parent=10971"}],"curies":[{"name":"wp","href":"https:\/\/api.w.org\/{rel}","templated":true}]}}