{"id":10990,"date":"2022-08-10T08:53:51","date_gmt":"2022-08-10T08:53:51","guid":{"rendered":"https:\/\/deveho2.sfdbeta.be\/produse\/sage-x3-marketplace-isv\/sage-enterprise-intelligence\/"},"modified":"2025-03-28T14:53:42","modified_gmt":"2025-03-28T12:53:42","slug":"sage-enterprise-intelligence","status":"publish","type":"page","link":"https:\/\/deveho.com\/ro\/produse\/sage-x3-marketplace\/sage-enterprise-intelligence\/","title":{"rendered":"Sage Enterprise Intelligence"},"content":{"rendered":"<br \/>\n<h2><\/h2>\n<h3>Sage Enterprise Intelligence v\u0103 poate ajuta<\/h3>\n<h3>Care sunt avantajele modulului ERP Business Intelligence?<\/h3>\n<\/p>\n<h3><red><b>Beneficiile <\/b> <\/red>Sage Enterprise Intelligence<\/h3>\n<\/p>\n<p><b>Simplu<\/b>: Permite\u021bi utilizatorilor s\u0103 analizeze \u0219i s\u0103 raporteze informa\u021bii \u00een regim de self-service, oferindu-le o solu\u021bie de Business Intelligence intuitiv\u0103 \u0219i u\u0219or de utilizat.<\/p>\n<p><b>Rapid<\/b>: Reduce\u021bi timpul alocat analizei \u0219i raport\u0103rii \u0219i permite\u021bi un proces decizional mai rapid \u0219i mai bine informat \u00een cadrul organiza\u021biei dvs., oferind utilizatorilor acces rapid la informa\u021bii.<\/p>\n<p><b>Complet<\/b>: Ob\u021bine\u021bi o imagine clar\u0103 a \u00eentregii dvs. afaceri \u0219i dezvolta\u021bi colaborarea \u00eentre departamente. Integrarea str\u00e2ns\u0103 \u0219i securizat\u0103 cu Sage Business Cloud X3 asigur\u0103 fiabilitatea informa\u021biilor critice de afaceri, ofer\u0103 utilizatorilor de afaceri o perspectiv\u0103 coerent\u0103 asupra datelor \u00eentreprinderii \u00een timp real, sprijin\u0103 procesul decizional \u00een mod coerent \u0219i \u00eencurajeaz\u0103 \u00eembun\u0103t\u0103\u021birea continu\u0103 interfunc\u021bional\u0103.<\/p>\n<h3><red><b>Caracteristicile <\/b><\/red> Sage Enterprise Intelligence<\/h3>\n<\/p>\n<p>Interfa\u021b\u0103 intuitiv\u0103<\/p>\n<p>Capacit\u0103\u021bi multi-browser<\/p>\n<p>Date \u00een timp real, complet integrate cu Sage X3<\/p>\n<p>Procesarea rapid\u0103 a unui volum mare de date<\/p>\n<p>KPI-uri \u0219i template-uri gata de utilizat<\/p>\n<p>Vizualizare extins\u0103 a datelor (indicatori, h\u0103r\u021bi, diagrame)<\/p>\n<p>Capacit\u0103\u021bi de c\u0103utare extinse <\/p>\n<p>Capacit\u0103\u021bi de mobilitate<\/p>\n<p>Microsoft\u00ae Excel\u00ae Add-In<\/p>\n<p>Integrare cu solu\u021bia dvs. de gestionare a afacerii \u0219i cu alte surse<\/p>\n<p>Analize ready-to-share<\/p>\n<h3>Sage Enterprise Intelligence este conform cu:<\/h3>\n<p><p>Sage Enterprise Intelligence (SEI) este o solu\u021bie complet integrat\u0103 de business intelligence \u0219i de gestionare a datelor care ajut\u0103 organiza\u021biile s\u0103 ia decizii informate pe baza datelor \u00een timp real. Aceasta le permite tuturor utilizatorilor s\u0103 acceseze \u0219i s\u0103 analizeze datele \u00eentr-o manier\u0103 independent\u0103 prin intermediul unei interfe\u021be simple \u0219i elimin\u0103 nevoia de instrumente diferite \u0219i de competen\u021be specializate.<\/p>\n<\/p>\n<p>Sage X3<\/p>\n<p>Sage 100<\/p>\n<p>Sage 200<\/p>\n<p>Sage 500<\/p>\n<p>Sage 300<\/p>\n<p>Sage CRM<\/p>\n<p>Sage XRT<\/p>\n<h2><\/h2>\n<h3>Pagini conexe<\/h3>\n<\/p>\n<h3><\/h3>\n<\/p>\n<h3><\/h3><\/p>\n","protected":false},"excerpt":{"rendered":"<p>Solu\u021bia integrat\u0103 de BI a lui Sage Enterprise Intelligence ajut\u0103 utilizatorii s\u0103 ia cele mai bune decizii mai rapid, cu toate datele relevante de care au nevoie.<br \/>\nWith SEI, data is extracted, transformed, consolidated, migrated and presented in a simple form, accessible in real time, in self-service mode and with a few clicks.<br \/>\nErgonomic\u0103, solu\u021bia SEI promoveaz\u0103 autonomia utilizatorului, f\u0103r\u0103 a fi nevoie de anumite aptitudini.<\/p>\n","protected":false},"author":3,"featured_media":0,"parent":10986,"menu_order":0,"comment_status":"closed","ping_status":"closed","template":"templates\/template-prod_serv.php","meta":{"_acf_changed":false,"footnotes":""},"class_list":["post-10990","page","type-page","status-publish","hentry"],"acf":[],"yoast_head":"<!-- This site is optimized with the Yoast SEO plugin v23.5 - https:\/\/yoast.com\/wordpress\/plugins\/seo\/ -->\n<title>Sage Enterprise Intelligence - Deveho<\/title>\n<meta name=\"robots\" content=\"index, follow, max-snippet:-1, max-image-preview:large, max-video-preview:-1\" \/>\n<link rel=\"canonical\" href=\"https:\/\/deveho.com\/ro\/produse\/sage-x3-marketplace\/sage-enterprise-intelligence\/\" \/>\n<meta property=\"og:locale\" content=\"ro_RO\" \/>\n<meta property=\"og:type\" content=\"article\" \/>\n<meta property=\"og:title\" content=\"Sage Enterprise Intelligence - Deveho\" \/>\n<meta property=\"og:description\" content=\"Solu\u021bia integrat\u0103 de BI a lui Sage Enterprise Intelligence ajut\u0103 utilizatorii s\u0103 ia cele mai bune decizii mai rapid, cu toate datele relevante de care au nevoie. With SEI, data is extracted, transformed, consolidated, migrated and presented in a simple form, accessible in real time, in self-service mode and with a few clicks. Ergonomic\u0103, solu\u021bia SEI promoveaz\u0103 autonomia utilizatorului, f\u0103r\u0103 a fi nevoie de anumite aptitudini.\" \/>\n<meta property=\"og:url\" content=\"https:\/\/deveho.com\/ro\/produse\/sage-x3-marketplace\/sage-enterprise-intelligence\/\" \/>\n<meta property=\"og:site_name\" content=\"Deveho\" \/>\n<meta property=\"article:publisher\" content=\"https:\/\/www.facebook.com\/deveho\" \/>\n<meta property=\"article:modified_time\" content=\"2025-03-28T12:53:42+00:00\" \/>\n<meta name=\"twitter:card\" content=\"summary_large_image\" \/>\n<meta name=\"twitter:site\" content=\"@Deveho1\" \/>\n<meta name=\"twitter:label1\" content=\"Timp estimat pentru citire\" \/>\n\t<meta name=\"twitter:data1\" content=\"2 minute\" \/>\n<script type=\"application\/ld+json\" class=\"yoast-schema-graph\">{\"@context\":\"https:\/\/schema.org\",\"@graph\":[{\"@type\":\"WebPage\",\"@id\":\"https:\/\/deveho.com\/ro\/produse\/sage-x3-marketplace\/sage-enterprise-intelligence\/\",\"url\":\"https:\/\/deveho.com\/ro\/produse\/sage-x3-marketplace\/sage-enterprise-intelligence\/\",\"name\":\"Sage Enterprise Intelligence - Deveho\",\"isPartOf\":{\"@id\":\"https:\/\/deveho.com\/#website\"},\"datePublished\":\"2022-08-10T08:53:51+00:00\",\"dateModified\":\"2025-03-28T12:53:42+00:00\",\"breadcrumb\":{\"@id\":\"https:\/\/deveho.com\/ro\/produse\/sage-x3-marketplace\/sage-enterprise-intelligence\/#breadcrumb\"},\"inLanguage\":\"ro-RO\",\"potentialAction\":[{\"@type\":\"ReadAction\",\"target\":[\"https:\/\/deveho.com\/ro\/produse\/sage-x3-marketplace\/sage-enterprise-intelligence\/\"]}]},{\"@type\":\"BreadcrumbList\",\"@id\":\"https:\/\/deveho.com\/ro\/produse\/sage-x3-marketplace\/sage-enterprise-intelligence\/#breadcrumb\",\"itemListElement\":[{\"@type\":\"ListItem\",\"position\":1,\"name\":\"Home\",\"item\":\"https:\/\/deveho.com\/ro\/\"},{\"@type\":\"ListItem\",\"position\":2,\"name\":\"Produse\",\"item\":\"https:\/\/deveho.com\/ro\/produse\/\"},{\"@type\":\"ListItem\",\"position\":3,\"name\":\"Sage X3 Marketplace\",\"item\":\"https:\/\/deveho.com\/ro\/produse\/sage-x3-marketplace\/\"},{\"@type\":\"ListItem\",\"position\":4,\"name\":\"Sage Enterprise Intelligence\"}]},{\"@type\":\"WebSite\",\"@id\":\"https:\/\/deveho.com\/#website\",\"url\":\"https:\/\/deveho.com\/\",\"name\":\"Deveho Consulting Group\",\"description\":\"Let\u2019s boost your growth\",\"publisher\":{\"@id\":\"https:\/\/deveho.com\/#organization\"},\"potentialAction\":[{\"@type\":\"SearchAction\",\"target\":{\"@type\":\"EntryPoint\",\"urlTemplate\":\"https:\/\/deveho.com\/?s={search_term_string}\"},\"query-input\":{\"@type\":\"PropertyValueSpecification\",\"valueRequired\":true,\"valueName\":\"search_term_string\"}}],\"inLanguage\":\"ro-RO\"},{\"@type\":\"Organization\",\"@id\":\"https:\/\/deveho.com\/#organization\",\"name\":\"Deveho Consulting Group\",\"url\":\"https:\/\/deveho.com\/\",\"logo\":{\"@type\":\"ImageObject\",\"inLanguage\":\"ro-RO\",\"@id\":\"https:\/\/deveho.com\/#\/schema\/logo\/image\/\",\"url\":\"https:\/\/deveho.com\/wp-content\/uploads\/2023\/02\/DEVEHO-LOGO-Baseline-COLOR.png\",\"contentUrl\":\"https:\/\/deveho.com\/wp-content\/uploads\/2023\/02\/DEVEHO-LOGO-Baseline-COLOR.png\",\"width\":2251,\"height\":585,\"caption\":\"Deveho Consulting Group\"},\"image\":{\"@id\":\"https:\/\/deveho.com\/#\/schema\/logo\/image\/\"},\"sameAs\":[\"https:\/\/www.facebook.com\/deveho\",\"https:\/\/x.com\/Deveho1\",\"https:\/\/www.linkedin.com\/company\/deveho-consulting\/\"]}]}<\/script>\n<!-- \/ Yoast SEO plugin. -->","yoast_head_json":{"title":"Sage Enterprise Intelligence - Deveho","robots":{"index":"index","follow":"follow","max-snippet":"max-snippet:-1","max-image-preview":"max-image-preview:large","max-video-preview":"max-video-preview:-1"},"canonical":"https:\/\/deveho.com\/ro\/produse\/sage-x3-marketplace\/sage-enterprise-intelligence\/","og_locale":"ro_RO","og_type":"article","og_title":"Sage Enterprise Intelligence - Deveho","og_description":"Solu\u021bia integrat\u0103 de BI a lui Sage Enterprise Intelligence ajut\u0103 utilizatorii s\u0103 ia cele mai bune decizii mai rapid, cu toate datele relevante de care au nevoie. With SEI, data is extracted, transformed, consolidated, migrated and presented in a simple form, accessible in real time, in self-service mode and with a few clicks. Ergonomic\u0103, solu\u021bia SEI promoveaz\u0103 autonomia utilizatorului, f\u0103r\u0103 a fi nevoie de anumite aptitudini.","og_url":"https:\/\/deveho.com\/ro\/produse\/sage-x3-marketplace\/sage-enterprise-intelligence\/","og_site_name":"Deveho","article_publisher":"https:\/\/www.facebook.com\/deveho","article_modified_time":"2025-03-28T12:53:42+00:00","twitter_card":"summary_large_image","twitter_site":"@Deveho1","twitter_misc":{"Timp estimat pentru citire":"2 minute"},"schema":{"@context":"https:\/\/schema.org","@graph":[{"@type":"WebPage","@id":"https:\/\/deveho.com\/ro\/produse\/sage-x3-marketplace\/sage-enterprise-intelligence\/","url":"https:\/\/deveho.com\/ro\/produse\/sage-x3-marketplace\/sage-enterprise-intelligence\/","name":"Sage Enterprise Intelligence - Deveho","isPartOf":{"@id":"https:\/\/deveho.com\/#website"},"datePublished":"2022-08-10T08:53:51+00:00","dateModified":"2025-03-28T12:53:42+00:00","breadcrumb":{"@id":"https:\/\/deveho.com\/ro\/produse\/sage-x3-marketplace\/sage-enterprise-intelligence\/#breadcrumb"},"inLanguage":"ro-RO","potentialAction":[{"@type":"ReadAction","target":["https:\/\/deveho.com\/ro\/produse\/sage-x3-marketplace\/sage-enterprise-intelligence\/"]}]},{"@type":"BreadcrumbList","@id":"https:\/\/deveho.com\/ro\/produse\/sage-x3-marketplace\/sage-enterprise-intelligence\/#breadcrumb","itemListElement":[{"@type":"ListItem","position":1,"name":"Home","item":"https:\/\/deveho.com\/ro\/"},{"@type":"ListItem","position":2,"name":"Produse","item":"https:\/\/deveho.com\/ro\/produse\/"},{"@type":"ListItem","position":3,"name":"Sage X3 Marketplace","item":"https:\/\/deveho.com\/ro\/produse\/sage-x3-marketplace\/"},{"@type":"ListItem","position":4,"name":"Sage Enterprise Intelligence"}]},{"@type":"WebSite","@id":"https:\/\/deveho.com\/#website","url":"https:\/\/deveho.com\/","name":"Deveho Consulting Group","description":"Let\u2019s boost your growth","publisher":{"@id":"https:\/\/deveho.com\/#organization"},"potentialAction":[{"@type":"SearchAction","target":{"@type":"EntryPoint","urlTemplate":"https:\/\/deveho.com\/?s={search_term_string}"},"query-input":{"@type":"PropertyValueSpecification","valueRequired":true,"valueName":"search_term_string"}}],"inLanguage":"ro-RO"},{"@type":"Organization","@id":"https:\/\/deveho.com\/#organization","name":"Deveho Consulting Group","url":"https:\/\/deveho.com\/","logo":{"@type":"ImageObject","inLanguage":"ro-RO","@id":"https:\/\/deveho.com\/#\/schema\/logo\/image\/","url":"https:\/\/deveho.com\/wp-content\/uploads\/2023\/02\/DEVEHO-LOGO-Baseline-COLOR.png","contentUrl":"https:\/\/deveho.com\/wp-content\/uploads\/2023\/02\/DEVEHO-LOGO-Baseline-COLOR.png","width":2251,"height":585,"caption":"Deveho Consulting Group"},"image":{"@id":"https:\/\/deveho.com\/#\/schema\/logo\/image\/"},"sameAs":["https:\/\/www.facebook.com\/deveho","https:\/\/x.com\/Deveho1","https:\/\/www.linkedin.com\/company\/deveho-consulting\/"]}]}},"_links":{"self":[{"href":"https:\/\/deveho.com\/ro\/wp-json\/wp\/v2\/pages\/10990"}],"collection":[{"href":"https:\/\/deveho.com\/ro\/wp-json\/wp\/v2\/pages"}],"about":[{"href":"https:\/\/deveho.com\/ro\/wp-json\/wp\/v2\/types\/page"}],"author":[{"embeddable":true,"href":"https:\/\/deveho.com\/ro\/wp-json\/wp\/v2\/users\/3"}],"replies":[{"embeddable":true,"href":"https:\/\/deveho.com\/ro\/wp-json\/wp\/v2\/comments?post=10990"}],"version-history":[{"count":6,"href":"https:\/\/deveho.com\/ro\/wp-json\/wp\/v2\/pages\/10990\/revisions"}],"predecessor-version":[{"id":39024,"href":"https:\/\/deveho.com\/ro\/wp-json\/wp\/v2\/pages\/10990\/revisions\/39024"}],"up":[{"embeddable":true,"href":"https:\/\/deveho.com\/ro\/wp-json\/wp\/v2\/pages\/10986"}],"wp:attachment":[{"href":"https:\/\/deveho.com\/ro\/wp-json\/wp\/v2\/media?parent=10990"}],"curies":[{"name":"wp","href":"https:\/\/api.w.org\/{rel}","templated":true}]}}