{"id":11000,"date":"2022-08-10T09:08:05","date_gmt":"2022-08-10T09:08:05","guid":{"rendered":"https:\/\/deveho2.sfdbeta.be\/servicii\/cloud-hosting\/ovh\/"},"modified":"2023-02-14T16:55:51","modified_gmt":"2023-02-14T14:55:51","slug":"ovh","status":"publish","type":"page","link":"https:\/\/deveho.com\/ro\/servicii\/cloud-hosting\/ovh\/","title":{"rendered":"OVH"},"content":{"rendered":"<br \/>\n<h2>Informa\u021bii generale despre OVH<\/h2>\n<\/p>\n<p><p><span data-sheets-value=\"{&quot;1&quot;:2,&quot;2&quot;:&quot;OVHcloud ofer\u0103 o alternativ\u0103 mai inteligent\u0103 pentru g\u0103zduire web, e-mailuri, servere Bare Metal, cloud privat g\u0103zduit, solu\u021bii de cloud public \u0219i hibrid. Grupul gestioneaz\u0103 30 de centre de date \u00een 12 loca\u021bii de pe 4 continente, fabric\u00e2ndu-\u0219i propriile servere, construindu-\u0219i propriile centre de date \u0219i desf\u0103\u0219ur\u00e2ndu-\u0219i propria re\u021bea global\u0103 de fibr\u0103 optic\u0103 pentru a ob\u021bine o eficien\u021b\u0103 maxim\u0103.&quot;}\" data-sheets-userformat=\"{&quot;2&quot;:829,&quot;3&quot;:{&quot;1&quot;:0},&quot;5&quot;:{&quot;1&quot;:[{&quot;1&quot;:2,&quot;2&quot;:0,&quot;5&quot;:{&quot;1&quot;:2,&quot;2&quot;:0}},{&quot;1&quot;:0,&quot;2&quot;:0,&quot;3&quot;:3},{&quot;1&quot;:1,&quot;2&quot;:0,&quot;4&quot;:1}]},&quot;6&quot;:{&quot;1&quot;:[{&quot;1&quot;:2,&quot;2&quot;:0,&quot;5&quot;:{&quot;1&quot;:2,&quot;2&quot;:0}},{&quot;1&quot;:0,&quot;2&quot;:0,&quot;3&quot;:3},{&quot;1&quot;:1,&quot;2&quot;:0,&quot;4&quot;:1}]},&quot;7&quot;:{&quot;1&quot;:[{&quot;1&quot;:2,&quot;2&quot;:0,&quot;5&quot;:{&quot;1&quot;:2,&quot;2&quot;:0}},{&quot;1&quot;:0,&quot;2&quot;:0,&quot;3&quot;:3},{&quot;1&quot;:1,&quot;2&quot;:0,&quot;4&quot;:1}]},&quot;8&quot;:{&quot;1&quot;:[{&quot;1&quot;:2,&quot;2&quot;:0,&quot;5&quot;:{&quot;1&quot;:2,&quot;2&quot;:0}},{&quot;1&quot;:0,&quot;2&quot;:0,&quot;3&quot;:3},{&quot;1&quot;:1,&quot;2&quot;:0,&quot;4&quot;:1}]},&quot;11&quot;:4,&quot;12&quot;:0}\">OVHcloud ofer\u0103 o alternativ\u0103 mai inteligent\u0103 pentru g\u0103zduire web, e-mailuri, servere Bare Metal, cloud privat g\u0103zduit, solu\u021bii de cloud public \u0219i hibrid. Grupul gestioneaz\u0103 30 de centre de date \u00een 12 loca\u021bii de pe 4 continente, fabric\u00e2ndu-\u0219i propriile servere, construindu-\u0219i propriile centre de date \u0219i desf\u0103\u0219ur\u00e2ndu-\u0219i propria re\u021bea global\u0103 de fibr\u0103 optic\u0103 pentru a ob\u021bine o eficien\u021b\u0103 maxim\u0103.<\/span><\/p>\n<\/p>\n<p><p><span data-sheets-value=\"{&quot;1&quot;:2,&quot;2&quot;:&quot;Prin spiritul OVHcloud de provocare a status quo-ului, compania asigur\u0103 libertate, securitate \u0219i inova\u021bie pentru a rezolva provoc\u0103rile \u00een materie de date - ast\u0103zi \u0219i m\u00e2ine. Cu o mo\u0219tenire de 20 de ani \u0219i o funda\u021bie european\u0103 solid\u0103, OVHcloud se concentreaz\u0103 pe dezvoltarea de tehnologii responsabile, \u00een timp ce grupul se str\u0103duie\u0219te s\u0103 fie for\u021ba conduc\u0103toare din spatele urm\u0103toarei evolu\u021bii a cloud-ului.&quot;}\" data-sheets-userformat=\"{&quot;2&quot;:829,&quot;3&quot;:{&quot;1&quot;:0},&quot;5&quot;:{&quot;1&quot;:[{&quot;1&quot;:2,&quot;2&quot;:0,&quot;5&quot;:{&quot;1&quot;:2,&quot;2&quot;:0}},{&quot;1&quot;:0,&quot;2&quot;:0,&quot;3&quot;:3},{&quot;1&quot;:1,&quot;2&quot;:0,&quot;4&quot;:1}]},&quot;6&quot;:{&quot;1&quot;:[{&quot;1&quot;:2,&quot;2&quot;:0,&quot;5&quot;:{&quot;1&quot;:2,&quot;2&quot;:0}},{&quot;1&quot;:0,&quot;2&quot;:0,&quot;3&quot;:3},{&quot;1&quot;:1,&quot;2&quot;:0,&quot;4&quot;:1}]},&quot;7&quot;:{&quot;1&quot;:[{&quot;1&quot;:2,&quot;2&quot;:0,&quot;5&quot;:{&quot;1&quot;:2,&quot;2&quot;:0}},{&quot;1&quot;:0,&quot;2&quot;:0,&quot;3&quot;:3},{&quot;1&quot;:1,&quot;2&quot;:0,&quot;4&quot;:1}]},&quot;8&quot;:{&quot;1&quot;:[{&quot;1&quot;:2,&quot;2&quot;:0,&quot;5&quot;:{&quot;1&quot;:2,&quot;2&quot;:0}},{&quot;1&quot;:0,&quot;2&quot;:0,&quot;3&quot;:3},{&quot;1&quot;:1,&quot;2&quot;:0,&quot;4&quot;:1}]},&quot;11&quot;:4,&quot;12&quot;:0}\">Prin spiritul OVHcloud de provocare a status quo-ului, compania asigur\u0103 libertate, securitate \u0219i inova\u021bie pentru a rezolva provoc\u0103rile \u00een materie de date &#8211; ast\u0103zi \u0219i m\u00e2ine. Cu o mo\u0219tenire de 20 de ani \u0219i o funda\u021bie european\u0103 solid\u0103, OVHcloud se concentreaz\u0103 pe dezvoltarea de tehnologii responsabile, \u00een timp ce grupul se str\u0103duie\u0219te s\u0103 fie for\u021ba conduc\u0103toare din spatele urm\u0103toarei evolu\u021bii a cloud-ului.<\/span><\/p>\n<\/p>\n<h2><red>Beneficiile<\/red> oferite de OVH<\/h2>\n<h3>SERVICII<\/h3>\n<p><p><span data-sheets-value=\"{&quot;1&quot;:2,&quot;2&quot;:&quot;OVH ofer\u0103 o gam\u0103 larg\u0103 de servicii IT pentru companii: de la g\u0103zduire web la centre de date virtuale, servere dedicate, solu\u021bii de stocare \u0219i conexiuni xDSL \u0219i VoIP, toate serviciile beneficiind de o inova\u021bie continu\u0103 \u0219i fiind actualizate permanent cu noi caracteristici.&quot;}\" data-sheets-userformat=\"{&quot;2&quot;:829,&quot;3&quot;:{&quot;1&quot;:0},&quot;5&quot;:{&quot;1&quot;:[{&quot;1&quot;:2,&quot;2&quot;:0,&quot;5&quot;:{&quot;1&quot;:2,&quot;2&quot;:0}},{&quot;1&quot;:0,&quot;2&quot;:0,&quot;3&quot;:3},{&quot;1&quot;:1,&quot;2&quot;:0,&quot;4&quot;:1}]},&quot;6&quot;:{&quot;1&quot;:[{&quot;1&quot;:2,&quot;2&quot;:0,&quot;5&quot;:{&quot;1&quot;:2,&quot;2&quot;:0}},{&quot;1&quot;:0,&quot;2&quot;:0,&quot;3&quot;:3},{&quot;1&quot;:1,&quot;2&quot;:0,&quot;4&quot;:1}]},&quot;7&quot;:{&quot;1&quot;:[{&quot;1&quot;:2,&quot;2&quot;:0,&quot;5&quot;:{&quot;1&quot;:2,&quot;2&quot;:0}},{&quot;1&quot;:0,&quot;2&quot;:0,&quot;3&quot;:3},{&quot;1&quot;:1,&quot;2&quot;:0,&quot;4&quot;:1}]},&quot;8&quot;:{&quot;1&quot;:[{&quot;1&quot;:2,&quot;2&quot;:0,&quot;5&quot;:{&quot;1&quot;:2,&quot;2&quot;:0}},{&quot;1&quot;:0,&quot;2&quot;:0,&quot;3&quot;:3},{&quot;1&quot;:1,&quot;2&quot;:0,&quot;4&quot;:1}]},&quot;11&quot;:4,&quot;12&quot;:0}\">OVH ofer\u0103 o gam\u0103 larg\u0103 de servicii IT pentru companii: de la g\u0103zduire web la centre de date virtuale, servere dedicate, solu\u021bii de stocare \u0219i conexiuni xDSL \u0219i VoIP, toate serviciile beneficiind de o inova\u021bie continu\u0103 \u0219i fiind actualizate permanent cu noi caracteristici.<\/span><\/p>\n<\/p>\n<h3>O RE\u021aEA PROPRIE LA NIVEL MONDIAL<\/h3>\n<p><p><span data-sheets-value=\"{&quot;1&quot;:2,&quot;2&quot;:&quot;Prezen\u021ba interna\u021bional\u0103 a companiei OVH se bazeaz\u0103 \u00een principal pe re\u021beaua sa proprie, prin intermediul c\u0103reia ofer\u0103 servicii de o calitate irepro\u0219abil\u0103. Aceast\u0103 re\u021bea ultrasecurizat\u0103, cu l\u0103\u021bime de band\u0103 garantat\u0103, ofer\u0103 un avantaj unic pe pia\u021ba actual\u0103 a serviciilor de g\u0103zduire.&quot;}\" data-sheets-userformat=\"{&quot;2&quot;:829,&quot;3&quot;:{&quot;1&quot;:0},&quot;5&quot;:{&quot;1&quot;:[{&quot;1&quot;:2,&quot;2&quot;:0,&quot;5&quot;:{&quot;1&quot;:2,&quot;2&quot;:0}},{&quot;1&quot;:0,&quot;2&quot;:0,&quot;3&quot;:3},{&quot;1&quot;:1,&quot;2&quot;:0,&quot;4&quot;:1}]},&quot;6&quot;:{&quot;1&quot;:[{&quot;1&quot;:2,&quot;2&quot;:0,&quot;5&quot;:{&quot;1&quot;:2,&quot;2&quot;:0}},{&quot;1&quot;:0,&quot;2&quot;:0,&quot;3&quot;:3},{&quot;1&quot;:1,&quot;2&quot;:0,&quot;4&quot;:1}]},&quot;7&quot;:{&quot;1&quot;:[{&quot;1&quot;:2,&quot;2&quot;:0,&quot;5&quot;:{&quot;1&quot;:2,&quot;2&quot;:0}},{&quot;1&quot;:0,&quot;2&quot;:0,&quot;3&quot;:3},{&quot;1&quot;:1,&quot;2&quot;:0,&quot;4&quot;:1}]},&quot;8&quot;:{&quot;1&quot;:[{&quot;1&quot;:2,&quot;2&quot;:0,&quot;5&quot;:{&quot;1&quot;:2,&quot;2&quot;:0}},{&quot;1&quot;:0,&quot;2&quot;:0,&quot;3&quot;:3},{&quot;1&quot;:1,&quot;2&quot;:0,&quot;4&quot;:1}]},&quot;11&quot;:4,&quot;12&quot;:0}\">Prezen\u021ba interna\u021bional\u0103 a companiei OVH se bazeaz\u0103 \u00een principal pe re\u021beaua sa proprie, prin intermediul c\u0103reia ofer\u0103 servicii de o calitate irepro\u0219abil\u0103. Aceast\u0103 re\u021bea ultrasecurizat\u0103, cu l\u0103\u021bime de band\u0103 garantat\u0103, ofer\u0103 un avantaj unic pe pia\u021ba actual\u0103 a serviciilor de g\u0103zduire.<\/span><\/p>\n<\/p>\n<h3>ADEP\u021aI AI SERVICIILOR PENTRU CLIEN\u021aI<\/h3>\n<p><p><span data-sheets-value=\"{&quot;1&quot;:2,&quot;2&quot;:&quot;La OVH, sintagma &quot;mereu la dispozi\u021bia dumneavoastr\u0103&quot; este baza unui angajament adev\u0103rat. \u00cenc\u0103 de la prima conversa\u021bie cu echipa de asisten\u021b\u0103, ve\u021bi interac\u021biona cu utilizatori avansa\u021bi, care \u00ee\u0219i vor pune la dispozi\u021bie expertiza tehnic\u0103 pentru a v\u0103 ajuta s\u0103 alege\u021bi solu\u021bia potrivit\u0103.&quot;}\" data-sheets-userformat=\"{&quot;2&quot;:829,&quot;3&quot;:{&quot;1&quot;:0},&quot;5&quot;:{&quot;1&quot;:[{&quot;1&quot;:2,&quot;2&quot;:0,&quot;5&quot;:{&quot;1&quot;:2,&quot;2&quot;:0}},{&quot;1&quot;:0,&quot;2&quot;:0,&quot;3&quot;:3},{&quot;1&quot;:1,&quot;2&quot;:0,&quot;4&quot;:1}]},&quot;6&quot;:{&quot;1&quot;:[{&quot;1&quot;:2,&quot;2&quot;:0,&quot;5&quot;:{&quot;1&quot;:2,&quot;2&quot;:0}},{&quot;1&quot;:0,&quot;2&quot;:0,&quot;3&quot;:3},{&quot;1&quot;:1,&quot;2&quot;:0,&quot;4&quot;:1}]},&quot;7&quot;:{&quot;1&quot;:[{&quot;1&quot;:2,&quot;2&quot;:0,&quot;5&quot;:{&quot;1&quot;:2,&quot;2&quot;:0}},{&quot;1&quot;:0,&quot;2&quot;:0,&quot;3&quot;:3},{&quot;1&quot;:1,&quot;2&quot;:0,&quot;4&quot;:1}]},&quot;8&quot;:{&quot;1&quot;:[{&quot;1&quot;:2,&quot;2&quot;:0,&quot;5&quot;:{&quot;1&quot;:2,&quot;2&quot;:0}},{&quot;1&quot;:0,&quot;2&quot;:0,&quot;3&quot;:3},{&quot;1&quot;:1,&quot;2&quot;:0,&quot;4&quot;:1}]},&quot;11&quot;:4,&quot;12&quot;:0}\">La OVH, sintagma &#8220;mereu la dispozi\u021bia dumneavoastr\u0103&#8221; este baza unui angajament adev\u0103rat. \u00cenc\u0103 de la prima conversa\u021bie cu echipa de asisten\u021b\u0103, ve\u021bi interac\u021biona cu utilizatori avansa\u021bi, care \u00ee\u0219i vor pune la dispozi\u021bie expertiza tehnic\u0103 pentru a v\u0103 ajuta s\u0103 alege\u021bi solu\u021bia potrivit\u0103.<\/span><\/p>\n<\/p>\n<h3>OPTIMIZAREA CHELTUIELILOR DVS.<\/h3>\n<p><p><span data-sheets-value=\"{&quot;1&quot;:2,&quot;2&quot;:&quot;Majoritatea competitorilor gestioneaz\u0103 doar serviciul de g\u0103zduire propriu-zis. Prin urmare, fabricarea serverelor este externalizat\u0103; centrele de date sunt \u00eenchiriate de la ter\u021bi, la fel ca \u0219i re\u021beaua, furnizat\u0103 la cheie de subcontractori. Prin urmare, este dificil de a garanta tarifele pentru servicii \u0219i de a le men\u021bine la un nivel competitiv. La OVH.com, structura costurilor a fost ra\u021bionalizat\u0103 la maximum.&quot;}\" data-sheets-userformat=\"{&quot;2&quot;:829,&quot;3&quot;:{&quot;1&quot;:0},&quot;5&quot;:{&quot;1&quot;:[{&quot;1&quot;:2,&quot;2&quot;:0,&quot;5&quot;:{&quot;1&quot;:2,&quot;2&quot;:0}},{&quot;1&quot;:0,&quot;2&quot;:0,&quot;3&quot;:3},{&quot;1&quot;:1,&quot;2&quot;:0,&quot;4&quot;:1}]},&quot;6&quot;:{&quot;1&quot;:[{&quot;1&quot;:2,&quot;2&quot;:0,&quot;5&quot;:{&quot;1&quot;:2,&quot;2&quot;:0}},{&quot;1&quot;:0,&quot;2&quot;:0,&quot;3&quot;:3},{&quot;1&quot;:1,&quot;2&quot;:0,&quot;4&quot;:1}]},&quot;7&quot;:{&quot;1&quot;:[{&quot;1&quot;:2,&quot;2&quot;:0,&quot;5&quot;:{&quot;1&quot;:2,&quot;2&quot;:0}},{&quot;1&quot;:0,&quot;2&quot;:0,&quot;3&quot;:3},{&quot;1&quot;:1,&quot;2&quot;:0,&quot;4&quot;:1}]},&quot;8&quot;:{&quot;1&quot;:[{&quot;1&quot;:2,&quot;2&quot;:0,&quot;5&quot;:{&quot;1&quot;:2,&quot;2&quot;:0}},{&quot;1&quot;:0,&quot;2&quot;:0,&quot;3&quot;:3},{&quot;1&quot;:1,&quot;2&quot;:0,&quot;4&quot;:1}]},&quot;11&quot;:4,&quot;12&quot;:0}\">Majoritatea competitorilor gestioneaz\u0103 doar serviciul de g\u0103zduire propriu-zis. Prin urmare, fabricarea serverelor este externalizat\u0103; centrele de date sunt \u00eenchiriate de la ter\u021bi, la fel ca \u0219i re\u021beaua, furnizat\u0103 la cheie de subcontractori. Prin urmare, este dificil de a garanta tarifele pentru servicii \u0219i de a le men\u021bine la un nivel competitiv. La OVH.com, structura costurilor a fost ra\u021bionalizat\u0103 la maximum.<\/span><\/p>\n<\/p>\n<h3>INDEPENDENT \u00ceN MOD HOT\u0102R\u00c2T <\/h3>\n<p><p><span data-sheets-value=\"{&quot;1&quot;:2,&quot;2&quot;:&quot;OVH este o companie de familie, independent\u0103 din punct de vedere financiar, care a ales s\u0103 \u00ee\u0219i reinvesteasc\u0103 toate profiturile \u00een dezvoltarea sa.&quot;}\" data-sheets-userformat=\"{&quot;2&quot;:829,&quot;3&quot;:{&quot;1&quot;:0},&quot;5&quot;:{&quot;1&quot;:[{&quot;1&quot;:2,&quot;2&quot;:0,&quot;5&quot;:{&quot;1&quot;:2,&quot;2&quot;:0}},{&quot;1&quot;:0,&quot;2&quot;:0,&quot;3&quot;:3},{&quot;1&quot;:1,&quot;2&quot;:0,&quot;4&quot;:1}]},&quot;6&quot;:{&quot;1&quot;:[{&quot;1&quot;:2,&quot;2&quot;:0,&quot;5&quot;:{&quot;1&quot;:2,&quot;2&quot;:0}},{&quot;1&quot;:0,&quot;2&quot;:0,&quot;3&quot;:3},{&quot;1&quot;:1,&quot;2&quot;:0,&quot;4&quot;:1}]},&quot;7&quot;:{&quot;1&quot;:[{&quot;1&quot;:2,&quot;2&quot;:0,&quot;5&quot;:{&quot;1&quot;:2,&quot;2&quot;:0}},{&quot;1&quot;:0,&quot;2&quot;:0,&quot;3&quot;:3},{&quot;1&quot;:1,&quot;2&quot;:0,&quot;4&quot;:1}]},&quot;8&quot;:{&quot;1&quot;:[{&quot;1&quot;:2,&quot;2&quot;:0,&quot;5&quot;:{&quot;1&quot;:2,&quot;2&quot;:0}},{&quot;1&quot;:0,&quot;2&quot;:0,&quot;3&quot;:3},{&quot;1&quot;:1,&quot;2&quot;:0,&quot;4&quot;:1}]},&quot;11&quot;:4,&quot;12&quot;:0}\">OVH este o companie de familie, independent\u0103 din punct de vedere financiar, care a ales s\u0103 \u00ee\u0219i reinvesteasc\u0103 toate profiturile \u00een dezvoltarea sa.<\/span><\/p>\n<\/p>\n<h2>Server dedicat: Repartizarea responsabilit\u0103\u021bilor <\/h2>\n<h3>SCOPUL DEVEHO<\/h3>\n<p><p>Implementarea, administrarea \u0219i \u00eentre\u021binerea sistemelor de operare \u0219i a aplica\u021biilor Sage X3.<\/p>\n<p>T<span data-sheets-value=\"{&quot;1&quot;:2,&quot;2&quot;:&quot;Designul, implementarea \u0219i eventuala \u00eentre\u021binere a solu\u021biilor de re\u021bea implementate \u00een cadrul solu\u021biei de re\u021bea privat\u0103 OVH.&quot;}\" data-sheets-userformat=\"{&quot;2&quot;:829,&quot;3&quot;:{&quot;1&quot;:0},&quot;5&quot;:{&quot;1&quot;:[{&quot;1&quot;:2,&quot;2&quot;:0,&quot;5&quot;:{&quot;1&quot;:2,&quot;2&quot;:0}},{&quot;1&quot;:0,&quot;2&quot;:0,&quot;3&quot;:3},{&quot;1&quot;:1,&quot;2&quot;:0,&quot;4&quot;:1}]},&quot;6&quot;:{&quot;1&quot;:[{&quot;1&quot;:2,&quot;2&quot;:0,&quot;5&quot;:{&quot;1&quot;:2,&quot;2&quot;:0}},{&quot;1&quot;:0,&quot;2&quot;:0,&quot;3&quot;:3},{&quot;1&quot;:1,&quot;2&quot;:0,&quot;4&quot;:1}]},&quot;7&quot;:{&quot;1&quot;:[{&quot;1&quot;:2,&quot;2&quot;:0,&quot;5&quot;:{&quot;1&quot;:2,&quot;2&quot;:0}},{&quot;1&quot;:0,&quot;2&quot;:0,&quot;3&quot;:3},{&quot;1&quot;:1,&quot;2&quot;:0,&quot;4&quot;:1}]},&quot;8&quot;:{&quot;1&quot;:[{&quot;1&quot;:2,&quot;2&quot;:0,&quot;5&quot;:{&quot;1&quot;:2,&quot;2&quot;:0}},{&quot;1&quot;:0,&quot;2&quot;:0,&quot;3&quot;:3},{&quot;1&quot;:1,&quot;2&quot;:0,&quot;4&quot;:1}]},&quot;11&quot;:4,&quot;12&quot;:0}\">Designul, implementarea \u0219i eventuala \u00eentre\u021binere a solu\u021biilor de re\u021bea implementate \u00een cadrul solu\u021biei de re\u021bea privat\u0103 OVH.<\/span><\/p>\n<\/p>\n<h3>SCOPUL OVH<\/h3>\n<p><p><span data-sheets-value=\"{&quot;1&quot;:2,&quot;2&quot;:&quot;Produc\u021bia, rutarea, livrarea, \u00eentre\u021binerea hardware a serverelor \u0219i a centrelor de date.&quot;}\" data-sheets-userformat=\"{&quot;2&quot;:829,&quot;3&quot;:{&quot;1&quot;:0},&quot;5&quot;:{&quot;1&quot;:[{&quot;1&quot;:2,&quot;2&quot;:0,&quot;5&quot;:{&quot;1&quot;:2,&quot;2&quot;:0}},{&quot;1&quot;:0,&quot;2&quot;:0,&quot;3&quot;:3},{&quot;1&quot;:1,&quot;2&quot;:0,&quot;4&quot;:1}]},&quot;6&quot;:{&quot;1&quot;:[{&quot;1&quot;:2,&quot;2&quot;:0,&quot;5&quot;:{&quot;1&quot;:2,&quot;2&quot;:0}},{&quot;1&quot;:0,&quot;2&quot;:0,&quot;3&quot;:3},{&quot;1&quot;:1,&quot;2&quot;:0,&quot;4&quot;:1}]},&quot;7&quot;:{&quot;1&quot;:[{&quot;1&quot;:2,&quot;2&quot;:0,&quot;5&quot;:{&quot;1&quot;:2,&quot;2&quot;:0}},{&quot;1&quot;:0,&quot;2&quot;:0,&quot;3&quot;:3},{&quot;1&quot;:1,&quot;2&quot;:0,&quot;4&quot;:1}]},&quot;8&quot;:{&quot;1&quot;:[{&quot;1&quot;:2,&quot;2&quot;:0,&quot;5&quot;:{&quot;1&quot;:2,&quot;2&quot;:0}},{&quot;1&quot;:0,&quot;2&quot;:0,&quot;3&quot;:3},{&quot;1&quot;:1,&quot;2&quot;:0,&quot;4&quot;:1}]},&quot;11&quot;:4,&quot;12&quot;:0}\">Produc\u021bia, rutarea, livrarea, \u00eentre\u021binerea hardware a serverelor \u0219i a centrelor de date.<\/span><\/p>\n<p><span data-sheets-value=\"{&quot;1&quot;:2,&quot;2&quot;:&quot;Arhitectura, implementarea \u0219i \u00eentre\u021binerea hardware a infrastructurii de re\u021bea public\u0103 \u0219i privat\u0103.&quot;}\" data-sheets-userformat=\"{&quot;2&quot;:829,&quot;3&quot;:{&quot;1&quot;:0},&quot;5&quot;:{&quot;1&quot;:[{&quot;1&quot;:2,&quot;2&quot;:0,&quot;5&quot;:{&quot;1&quot;:2,&quot;2&quot;:0}},{&quot;1&quot;:0,&quot;2&quot;:0,&quot;3&quot;:3},{&quot;1&quot;:1,&quot;2&quot;:0,&quot;4&quot;:1}]},&quot;6&quot;:{&quot;1&quot;:[{&quot;1&quot;:2,&quot;2&quot;:0,&quot;5&quot;:{&quot;1&quot;:2,&quot;2&quot;:0}},{&quot;1&quot;:0,&quot;2&quot;:0,&quot;3&quot;:3},{&quot;1&quot;:1,&quot;2&quot;:0,&quot;4&quot;:1}]},&quot;7&quot;:{&quot;1&quot;:[{&quot;1&quot;:2,&quot;2&quot;:0,&quot;5&quot;:{&quot;1&quot;:2,&quot;2&quot;:0}},{&quot;1&quot;:0,&quot;2&quot;:0,&quot;3&quot;:3},{&quot;1&quot;:1,&quot;2&quot;:0,&quot;4&quot;:1}]},&quot;8&quot;:{&quot;1&quot;:[{&quot;1&quot;:2,&quot;2&quot;:0,&quot;5&quot;:{&quot;1&quot;:2,&quot;2&quot;:0}},{&quot;1&quot;:0,&quot;2&quot;:0,&quot;3&quot;:3},{&quot;1&quot;:1,&quot;2&quot;:0,&quot;4&quot;:1}]},&quot;11&quot;:4,&quot;12&quot;:0}\">Arhitectura, implementarea \u0219i \u00eentre\u021binerea hardware a infrastructurii de re\u021bea public\u0103 \u0219i privat\u0103.<\/span><\/p>\n<\/p>\n<h3><red>DEVEHO Cloud g\u0103zduit de OVH <\/red>      <\/h3>\n<\/p>\n<p>Infrastructur\u0103 dedicat\u0103.\n<\/p>\n<p>Gam\u0103 larg\u0103 de servere pentru diferite utiliz\u0103ri: Virtualizare, stocare, Big Data, administrare etc.<\/p>\n<p>Configura\u021bii personalizabile: RAM \/ CPU \/ Disk \/ Raid.\n<\/p>\n<p>Cele mai avansate tehnologii.<\/p>\n<p>Resurse \u00een decursul lunii.<\/p>\n<p>Re\u021bea privat\u0103 multi-site realizat\u0103 de OVH: vRack.\n<\/p>\n<h2><\/h2>\n<h3>Pagini conexe<\/h3>\n<\/p>\n<h3><\/h3>\n<\/p>\n<h3><\/h3><\/p>\n","protected":false},"excerpt":{"rendered":"<p>OVH is a global hyper-scale cloud provider in Europe. OVH ofer\u0103 o gam\u0103 larg\u0103 de servicii IT pentru companii: de la g\u0103zduire web la centre de date virtuale, servere dedicate, solu\u021bii de stocare \u0219i conexiuni xDSL \u0219i VoIP, toate serviciile beneficiind de o inova\u021bie continu\u0103 \u0219i fiind actualizate permanent cu noi caracteristici.<\/p>\n","protected":false},"author":8,"featured_media":0,"parent":10885,"menu_order":0,"comment_status":"closed","ping_status":"closed","template":"templates\/template-prod_serv.php","meta":{"_acf_changed":false,"footnotes":""},"class_list":["post-11000","page","type-page","status-publish","hentry"],"acf":[],"yoast_head":"<!-- This site is optimized with the Yoast SEO plugin v23.5 - https:\/\/yoast.com\/wordpress\/plugins\/seo\/ -->\n<title>OVH - Deveho<\/title>\n<meta name=\"robots\" content=\"index, follow, max-snippet:-1, max-image-preview:large, max-video-preview:-1\" \/>\n<link rel=\"canonical\" href=\"https:\/\/deveho.com\/ro\/servicii\/cloud-hosting\/ovh\/\" \/>\n<meta property=\"og:locale\" content=\"ro_RO\" \/>\n<meta property=\"og:type\" content=\"article\" \/>\n<meta property=\"og:title\" content=\"OVH - Deveho\" \/>\n<meta property=\"og:description\" content=\"OVH is a global hyper-scale cloud provider in Europe. OVH ofer\u0103 o gam\u0103 larg\u0103 de servicii IT pentru companii: de la g\u0103zduire web la centre de date virtuale, servere dedicate, solu\u021bii de stocare \u0219i conexiuni xDSL \u0219i VoIP, toate serviciile beneficiind de o inova\u021bie continu\u0103 \u0219i fiind actualizate permanent cu noi caracteristici.\" \/>\n<meta property=\"og:url\" content=\"https:\/\/deveho.com\/ro\/servicii\/cloud-hosting\/ovh\/\" \/>\n<meta property=\"og:site_name\" content=\"Deveho\" \/>\n<meta property=\"article:publisher\" content=\"https:\/\/www.facebook.com\/deveho\" \/>\n<meta property=\"article:modified_time\" content=\"2023-02-14T14:55:51+00:00\" \/>\n<meta name=\"twitter:card\" content=\"summary_large_image\" \/>\n<meta name=\"twitter:site\" content=\"@Deveho1\" \/>\n<meta name=\"twitter:label1\" content=\"Timp estimat pentru citire\" \/>\n\t<meta name=\"twitter:data1\" content=\"3 minute\" \/>\n<script type=\"application\/ld+json\" class=\"yoast-schema-graph\">{\"@context\":\"https:\/\/schema.org\",\"@graph\":[{\"@type\":\"WebPage\",\"@id\":\"https:\/\/deveho.com\/ro\/servicii\/cloud-hosting\/ovh\/\",\"url\":\"https:\/\/deveho.com\/ro\/servicii\/cloud-hosting\/ovh\/\",\"name\":\"OVH - Deveho\",\"isPartOf\":{\"@id\":\"https:\/\/deveho.com\/#website\"},\"datePublished\":\"2022-08-10T09:08:05+00:00\",\"dateModified\":\"2023-02-14T14:55:51+00:00\",\"breadcrumb\":{\"@id\":\"https:\/\/deveho.com\/ro\/servicii\/cloud-hosting\/ovh\/#breadcrumb\"},\"inLanguage\":\"ro-RO\",\"potentialAction\":[{\"@type\":\"ReadAction\",\"target\":[\"https:\/\/deveho.com\/ro\/servicii\/cloud-hosting\/ovh\/\"]}]},{\"@type\":\"BreadcrumbList\",\"@id\":\"https:\/\/deveho.com\/ro\/servicii\/cloud-hosting\/ovh\/#breadcrumb\",\"itemListElement\":[{\"@type\":\"ListItem\",\"position\":1,\"name\":\"Home\",\"item\":\"https:\/\/deveho.com\/ro\/\"},{\"@type\":\"ListItem\",\"position\":2,\"name\":\"Servicii\",\"item\":\"https:\/\/deveho.com\/ro\/servicii\/\"},{\"@type\":\"ListItem\",\"position\":3,\"name\":\"Cloud &#038; Hosting\",\"item\":\"https:\/\/deveho.com\/ro\/servicii\/cloud-hosting\/\"},{\"@type\":\"ListItem\",\"position\":4,\"name\":\"OVH\"}]},{\"@type\":\"WebSite\",\"@id\":\"https:\/\/deveho.com\/#website\",\"url\":\"https:\/\/deveho.com\/\",\"name\":\"Deveho Consulting Group\",\"description\":\"Let\u2019s boost your growth\",\"publisher\":{\"@id\":\"https:\/\/deveho.com\/#organization\"},\"potentialAction\":[{\"@type\":\"SearchAction\",\"target\":{\"@type\":\"EntryPoint\",\"urlTemplate\":\"https:\/\/deveho.com\/?s={search_term_string}\"},\"query-input\":{\"@type\":\"PropertyValueSpecification\",\"valueRequired\":true,\"valueName\":\"search_term_string\"}}],\"inLanguage\":\"ro-RO\"},{\"@type\":\"Organization\",\"@id\":\"https:\/\/deveho.com\/#organization\",\"name\":\"Deveho Consulting Group\",\"url\":\"https:\/\/deveho.com\/\",\"logo\":{\"@type\":\"ImageObject\",\"inLanguage\":\"ro-RO\",\"@id\":\"https:\/\/deveho.com\/#\/schema\/logo\/image\/\",\"url\":\"https:\/\/deveho.com\/wp-content\/uploads\/2023\/02\/DEVEHO-LOGO-Baseline-COLOR.png\",\"contentUrl\":\"https:\/\/deveho.com\/wp-content\/uploads\/2023\/02\/DEVEHO-LOGO-Baseline-COLOR.png\",\"width\":2251,\"height\":585,\"caption\":\"Deveho Consulting Group\"},\"image\":{\"@id\":\"https:\/\/deveho.com\/#\/schema\/logo\/image\/\"},\"sameAs\":[\"https:\/\/www.facebook.com\/deveho\",\"https:\/\/x.com\/Deveho1\",\"https:\/\/www.linkedin.com\/company\/deveho-consulting\/\"]}]}<\/script>\n<!-- \/ Yoast SEO plugin. -->","yoast_head_json":{"title":"OVH - Deveho","robots":{"index":"index","follow":"follow","max-snippet":"max-snippet:-1","max-image-preview":"max-image-preview:large","max-video-preview":"max-video-preview:-1"},"canonical":"https:\/\/deveho.com\/ro\/servicii\/cloud-hosting\/ovh\/","og_locale":"ro_RO","og_type":"article","og_title":"OVH - Deveho","og_description":"OVH is a global hyper-scale cloud provider in Europe. OVH ofer\u0103 o gam\u0103 larg\u0103 de servicii IT pentru companii: de la g\u0103zduire web la centre de date virtuale, servere dedicate, solu\u021bii de stocare \u0219i conexiuni xDSL \u0219i VoIP, toate serviciile beneficiind de o inova\u021bie continu\u0103 \u0219i fiind actualizate permanent cu noi caracteristici.","og_url":"https:\/\/deveho.com\/ro\/servicii\/cloud-hosting\/ovh\/","og_site_name":"Deveho","article_publisher":"https:\/\/www.facebook.com\/deveho","article_modified_time":"2023-02-14T14:55:51+00:00","twitter_card":"summary_large_image","twitter_site":"@Deveho1","twitter_misc":{"Timp estimat pentru citire":"3 minute"},"schema":{"@context":"https:\/\/schema.org","@graph":[{"@type":"WebPage","@id":"https:\/\/deveho.com\/ro\/servicii\/cloud-hosting\/ovh\/","url":"https:\/\/deveho.com\/ro\/servicii\/cloud-hosting\/ovh\/","name":"OVH - Deveho","isPartOf":{"@id":"https:\/\/deveho.com\/#website"},"datePublished":"2022-08-10T09:08:05+00:00","dateModified":"2023-02-14T14:55:51+00:00","breadcrumb":{"@id":"https:\/\/deveho.com\/ro\/servicii\/cloud-hosting\/ovh\/#breadcrumb"},"inLanguage":"ro-RO","potentialAction":[{"@type":"ReadAction","target":["https:\/\/deveho.com\/ro\/servicii\/cloud-hosting\/ovh\/"]}]},{"@type":"BreadcrumbList","@id":"https:\/\/deveho.com\/ro\/servicii\/cloud-hosting\/ovh\/#breadcrumb","itemListElement":[{"@type":"ListItem","position":1,"name":"Home","item":"https:\/\/deveho.com\/ro\/"},{"@type":"ListItem","position":2,"name":"Servicii","item":"https:\/\/deveho.com\/ro\/servicii\/"},{"@type":"ListItem","position":3,"name":"Cloud &#038; Hosting","item":"https:\/\/deveho.com\/ro\/servicii\/cloud-hosting\/"},{"@type":"ListItem","position":4,"name":"OVH"}]},{"@type":"WebSite","@id":"https:\/\/deveho.com\/#website","url":"https:\/\/deveho.com\/","name":"Deveho Consulting Group","description":"Let\u2019s boost your growth","publisher":{"@id":"https:\/\/deveho.com\/#organization"},"potentialAction":[{"@type":"SearchAction","target":{"@type":"EntryPoint","urlTemplate":"https:\/\/deveho.com\/?s={search_term_string}"},"query-input":{"@type":"PropertyValueSpecification","valueRequired":true,"valueName":"search_term_string"}}],"inLanguage":"ro-RO"},{"@type":"Organization","@id":"https:\/\/deveho.com\/#organization","name":"Deveho Consulting Group","url":"https:\/\/deveho.com\/","logo":{"@type":"ImageObject","inLanguage":"ro-RO","@id":"https:\/\/deveho.com\/#\/schema\/logo\/image\/","url":"https:\/\/deveho.com\/wp-content\/uploads\/2023\/02\/DEVEHO-LOGO-Baseline-COLOR.png","contentUrl":"https:\/\/deveho.com\/wp-content\/uploads\/2023\/02\/DEVEHO-LOGO-Baseline-COLOR.png","width":2251,"height":585,"caption":"Deveho Consulting Group"},"image":{"@id":"https:\/\/deveho.com\/#\/schema\/logo\/image\/"},"sameAs":["https:\/\/www.facebook.com\/deveho","https:\/\/x.com\/Deveho1","https:\/\/www.linkedin.com\/company\/deveho-consulting\/"]}]}},"_links":{"self":[{"href":"https:\/\/deveho.com\/ro\/wp-json\/wp\/v2\/pages\/11000"}],"collection":[{"href":"https:\/\/deveho.com\/ro\/wp-json\/wp\/v2\/pages"}],"about":[{"href":"https:\/\/deveho.com\/ro\/wp-json\/wp\/v2\/types\/page"}],"author":[{"embeddable":true,"href":"https:\/\/deveho.com\/ro\/wp-json\/wp\/v2\/users\/8"}],"replies":[{"embeddable":true,"href":"https:\/\/deveho.com\/ro\/wp-json\/wp\/v2\/comments?post=11000"}],"version-history":[{"count":0,"href":"https:\/\/deveho.com\/ro\/wp-json\/wp\/v2\/pages\/11000\/revisions"}],"up":[{"embeddable":true,"href":"https:\/\/deveho.com\/ro\/wp-json\/wp\/v2\/pages\/10885"}],"wp:attachment":[{"href":"https:\/\/deveho.com\/ro\/wp-json\/wp\/v2\/media?parent=11000"}],"curies":[{"name":"wp","href":"https:\/\/api.w.org\/{rel}","templated":true}]}}