{"id":28331,"date":"2024-02-27T15:55:51","date_gmt":"2024-02-27T13:55:51","guid":{"rendered":"https:\/\/deveho.com\/servicii\/e-invoicing\/"},"modified":"2025-12-18T18:19:41","modified_gmt":"2025-12-18T16:19:41","slug":"facturare-electronica","status":"publish","type":"page","link":"https:\/\/deveho.com\/ro\/servicii\/facturare-electronica\/","title":{"rendered":"Implementare facturare electronic\u0103"},"content":{"rendered":"<br \/>\n<h2><\/h2>\n<h3><red>Graficul de <br \/>implementare<\/red><br \/> facturare electronic\u0103 \u00een Europa<\/h3>\n<h3>Cu echipe locale \u00een Fran\u021ba, \u021a\u0103rile de Jos, Elve\u021bia, Spania, Maroc, Letonia, Lituania, Polonia, Republica Ceh\u0103, Slovacia, Ungaria \u0219i Rom\u00e2nia, Deveho Consulting Group v\u0103 poate ajuta s\u0103 v\u0103 gestiona\u021bi contabilitatea f\u0103r\u0103 h\u00e2rtie \u0219i s\u0103 o adapta\u021bi la cerin\u021bele de facturare electronic\u0103 ale pie\u0163ei dumneavoastr\u0103.<br \/>\n<\/h3>\n<p><p>Implementarea facturare electronic\u0103 se poate modifica de la o \u021bar\u0103 la alta, deoarece exist\u0103 adesea standarde \u0219i cerin\u021be specifice stabilite de autorit\u0103\u021bile fiscale locale.<br \/>\nAfla\u021bi despre cerin\u021bele locale pentru facturarea electronic\u0103.<br \/>\nV\u0103 rug\u0103m s\u0103 g\u0103si\u021bi mai multe informa\u021bii:<\/p><\/p>\n","protected":false},"excerpt":{"rendered":"<p>Simplifica\u021bi gestionarea facturilor \u0219i maximiza\u021bi productivitatea cu ajutorul e-Factura. Ave\u021bi \u00eencredere \u00een Deveho Consulting Group pentru a v\u0103 dematerializa documentele contabile.<\/p>\n","protected":false},"author":34,"featured_media":0,"parent":10806,"menu_order":0,"comment_status":"closed","ping_status":"closed","template":"templates\/template-prod_serv.php","meta":{"_acf_changed":false,"footnotes":""},"class_list":["post-28331","page","type-page","status-publish","hentry"],"acf":[],"yoast_head":"<!-- This site is optimized with the Yoast SEO plugin v23.5 - https:\/\/yoast.com\/wordpress\/plugins\/seo\/ -->\n<title>Facturare Electronic\u0103 - Deveho<\/title>\n<meta name=\"description\" content=\"Simplifica\u021bi gestionarea facturilor \u0219i maximiza\u021bi productivitatea cu facturare electronic\u0103. Afla\u021bi despre cerin\u021bele locale pentru e factura.\" \/>\n<meta name=\"robots\" content=\"index, follow, max-snippet:-1, max-image-preview:large, max-video-preview:-1\" \/>\n<link rel=\"canonical\" href=\"https:\/\/deveho.com\/ro\/servicii\/facturare-electronica\/\" \/>\n<meta property=\"og:locale\" content=\"ro_RO\" \/>\n<meta property=\"og:type\" content=\"article\" \/>\n<meta property=\"og:title\" content=\"Facturare Electronic\u0103 - Deveho\" \/>\n<meta property=\"og:description\" content=\"Simplifica\u021bi gestionarea facturilor \u0219i maximiza\u021bi productivitatea cu facturare electronic\u0103. Afla\u021bi despre cerin\u021bele locale pentru e factura.\" \/>\n<meta property=\"og:url\" content=\"https:\/\/deveho.com\/ro\/servicii\/facturare-electronica\/\" \/>\n<meta property=\"og:site_name\" content=\"Deveho\" \/>\n<meta property=\"article:publisher\" content=\"https:\/\/www.facebook.com\/deveho\" \/>\n<meta property=\"article:modified_time\" content=\"2025-12-18T16:19:41+00:00\" \/>\n<meta name=\"twitter:card\" content=\"summary_large_image\" \/>\n<meta name=\"twitter:site\" content=\"@Deveho1\" \/>\n<meta name=\"twitter:label1\" content=\"Timp estimat pentru citire\" \/>\n\t<meta name=\"twitter:data1\" content=\"1 minut\" \/>\n<script type=\"application\/ld+json\" class=\"yoast-schema-graph\">{\"@context\":\"https:\/\/schema.org\",\"@graph\":[{\"@type\":\"WebPage\",\"@id\":\"https:\/\/deveho.com\/ro\/servicii\/facturare-electronica\/\",\"url\":\"https:\/\/deveho.com\/ro\/servicii\/facturare-electronica\/\",\"name\":\"Facturare Electronic\u0103 - Deveho\",\"isPartOf\":{\"@id\":\"https:\/\/deveho.com\/#website\"},\"datePublished\":\"2024-02-27T13:55:51+00:00\",\"dateModified\":\"2025-12-18T16:19:41+00:00\",\"description\":\"Simplifica\u021bi gestionarea facturilor \u0219i maximiza\u021bi productivitatea cu facturare electronic\u0103. Afla\u021bi despre cerin\u021bele locale pentru e factura.\",\"breadcrumb\":{\"@id\":\"https:\/\/deveho.com\/ro\/servicii\/facturare-electronica\/#breadcrumb\"},\"inLanguage\":\"ro-RO\",\"potentialAction\":[{\"@type\":\"ReadAction\",\"target\":[\"https:\/\/deveho.com\/ro\/servicii\/facturare-electronica\/\"]}]},{\"@type\":\"BreadcrumbList\",\"@id\":\"https:\/\/deveho.com\/ro\/servicii\/facturare-electronica\/#breadcrumb\",\"itemListElement\":[{\"@type\":\"ListItem\",\"position\":1,\"name\":\"Home\",\"item\":\"https:\/\/deveho.com\/ro\/\"},{\"@type\":\"ListItem\",\"position\":2,\"name\":\"Servicii\",\"item\":\"https:\/\/deveho.com\/ro\/servicii\/\"},{\"@type\":\"ListItem\",\"position\":3,\"name\":\"Implementare facturare electronic\u0103\"}]},{\"@type\":\"WebSite\",\"@id\":\"https:\/\/deveho.com\/#website\",\"url\":\"https:\/\/deveho.com\/\",\"name\":\"Deveho Consulting Group\",\"description\":\"Let\u2019s boost your growth\",\"publisher\":{\"@id\":\"https:\/\/deveho.com\/#organization\"},\"potentialAction\":[{\"@type\":\"SearchAction\",\"target\":{\"@type\":\"EntryPoint\",\"urlTemplate\":\"https:\/\/deveho.com\/?s={search_term_string}\"},\"query-input\":{\"@type\":\"PropertyValueSpecification\",\"valueRequired\":true,\"valueName\":\"search_term_string\"}}],\"inLanguage\":\"ro-RO\"},{\"@type\":\"Organization\",\"@id\":\"https:\/\/deveho.com\/#organization\",\"name\":\"Deveho Consulting Group\",\"url\":\"https:\/\/deveho.com\/\",\"logo\":{\"@type\":\"ImageObject\",\"inLanguage\":\"ro-RO\",\"@id\":\"https:\/\/deveho.com\/#\/schema\/logo\/image\/\",\"url\":\"https:\/\/deveho.com\/wp-content\/uploads\/2023\/02\/DEVEHO-LOGO-Baseline-COLOR.png\",\"contentUrl\":\"https:\/\/deveho.com\/wp-content\/uploads\/2023\/02\/DEVEHO-LOGO-Baseline-COLOR.png\",\"width\":2251,\"height\":585,\"caption\":\"Deveho Consulting Group\"},\"image\":{\"@id\":\"https:\/\/deveho.com\/#\/schema\/logo\/image\/\"},\"sameAs\":[\"https:\/\/www.facebook.com\/deveho\",\"https:\/\/x.com\/Deveho1\",\"https:\/\/www.linkedin.com\/company\/deveho-consulting\/\"]}]}<\/script>\n<!-- \/ Yoast SEO plugin. -->","yoast_head_json":{"title":"Facturare Electronic\u0103 - Deveho","description":"Simplifica\u021bi gestionarea facturilor \u0219i maximiza\u021bi productivitatea cu facturare electronic\u0103. Afla\u021bi despre cerin\u021bele locale pentru e factura.","robots":{"index":"index","follow":"follow","max-snippet":"max-snippet:-1","max-image-preview":"max-image-preview:large","max-video-preview":"max-video-preview:-1"},"canonical":"https:\/\/deveho.com\/ro\/servicii\/facturare-electronica\/","og_locale":"ro_RO","og_type":"article","og_title":"Facturare Electronic\u0103 - Deveho","og_description":"Simplifica\u021bi gestionarea facturilor \u0219i maximiza\u021bi productivitatea cu facturare electronic\u0103. Afla\u021bi despre cerin\u021bele locale pentru e factura.","og_url":"https:\/\/deveho.com\/ro\/servicii\/facturare-electronica\/","og_site_name":"Deveho","article_publisher":"https:\/\/www.facebook.com\/deveho","article_modified_time":"2025-12-18T16:19:41+00:00","twitter_card":"summary_large_image","twitter_site":"@Deveho1","twitter_misc":{"Timp estimat pentru citire":"1 minut"},"schema":{"@context":"https:\/\/schema.org","@graph":[{"@type":"WebPage","@id":"https:\/\/deveho.com\/ro\/servicii\/facturare-electronica\/","url":"https:\/\/deveho.com\/ro\/servicii\/facturare-electronica\/","name":"Facturare Electronic\u0103 - Deveho","isPartOf":{"@id":"https:\/\/deveho.com\/#website"},"datePublished":"2024-02-27T13:55:51+00:00","dateModified":"2025-12-18T16:19:41+00:00","description":"Simplifica\u021bi gestionarea facturilor \u0219i maximiza\u021bi productivitatea cu facturare electronic\u0103. Afla\u021bi despre cerin\u021bele locale pentru e factura.","breadcrumb":{"@id":"https:\/\/deveho.com\/ro\/servicii\/facturare-electronica\/#breadcrumb"},"inLanguage":"ro-RO","potentialAction":[{"@type":"ReadAction","target":["https:\/\/deveho.com\/ro\/servicii\/facturare-electronica\/"]}]},{"@type":"BreadcrumbList","@id":"https:\/\/deveho.com\/ro\/servicii\/facturare-electronica\/#breadcrumb","itemListElement":[{"@type":"ListItem","position":1,"name":"Home","item":"https:\/\/deveho.com\/ro\/"},{"@type":"ListItem","position":2,"name":"Servicii","item":"https:\/\/deveho.com\/ro\/servicii\/"},{"@type":"ListItem","position":3,"name":"Implementare facturare electronic\u0103"}]},{"@type":"WebSite","@id":"https:\/\/deveho.com\/#website","url":"https:\/\/deveho.com\/","name":"Deveho Consulting Group","description":"Let\u2019s boost your growth","publisher":{"@id":"https:\/\/deveho.com\/#organization"},"potentialAction":[{"@type":"SearchAction","target":{"@type":"EntryPoint","urlTemplate":"https:\/\/deveho.com\/?s={search_term_string}"},"query-input":{"@type":"PropertyValueSpecification","valueRequired":true,"valueName":"search_term_string"}}],"inLanguage":"ro-RO"},{"@type":"Organization","@id":"https:\/\/deveho.com\/#organization","name":"Deveho Consulting Group","url":"https:\/\/deveho.com\/","logo":{"@type":"ImageObject","inLanguage":"ro-RO","@id":"https:\/\/deveho.com\/#\/schema\/logo\/image\/","url":"https:\/\/deveho.com\/wp-content\/uploads\/2023\/02\/DEVEHO-LOGO-Baseline-COLOR.png","contentUrl":"https:\/\/deveho.com\/wp-content\/uploads\/2023\/02\/DEVEHO-LOGO-Baseline-COLOR.png","width":2251,"height":585,"caption":"Deveho Consulting Group"},"image":{"@id":"https:\/\/deveho.com\/#\/schema\/logo\/image\/"},"sameAs":["https:\/\/www.facebook.com\/deveho","https:\/\/x.com\/Deveho1","https:\/\/www.linkedin.com\/company\/deveho-consulting\/"]}]}},"_links":{"self":[{"href":"https:\/\/deveho.com\/ro\/wp-json\/wp\/v2\/pages\/28331"}],"collection":[{"href":"https:\/\/deveho.com\/ro\/wp-json\/wp\/v2\/pages"}],"about":[{"href":"https:\/\/deveho.com\/ro\/wp-json\/wp\/v2\/types\/page"}],"author":[{"embeddable":true,"href":"https:\/\/deveho.com\/ro\/wp-json\/wp\/v2\/users\/34"}],"replies":[{"embeddable":true,"href":"https:\/\/deveho.com\/ro\/wp-json\/wp\/v2\/comments?post=28331"}],"version-history":[{"count":5,"href":"https:\/\/deveho.com\/ro\/wp-json\/wp\/v2\/pages\/28331\/revisions"}],"predecessor-version":[{"id":44785,"href":"https:\/\/deveho.com\/ro\/wp-json\/wp\/v2\/pages\/28331\/revisions\/44785"}],"up":[{"embeddable":true,"href":"https:\/\/deveho.com\/ro\/wp-json\/wp\/v2\/pages\/10806"}],"wp:attachment":[{"href":"https:\/\/deveho.com\/ro\/wp-json\/wp\/v2\/media?parent=28331"}],"curies":[{"name":"wp","href":"https:\/\/api.w.org\/{rel}","templated":true}]}}