{"id":28350,"date":"2024-02-27T16:01:48","date_gmt":"2024-02-27T14:01:48","guid":{"rendered":"https:\/\/deveho.com\/?page_id=28350"},"modified":"2024-12-16T11:13:10","modified_gmt":"2024-12-16T09:13:10","slug":"e-factura-in-franta","status":"publish","type":"page","link":"https:\/\/deveho.com\/ro\/servicii\/facturare-electronica\/e-factura-in-franta\/","title":{"rendered":"Sistemul e-Factura \u00een Fran\u0163a"},"content":{"rendered":"<br \/>\n<h2>Totul despre facturarea electronic\u0103<\/h2>\n<h3><red>Noua agend\u0103\u00a0<\/red>pentru implementarea e-Factura \u00een Fran\u021ba!<\/h3>\n<h3>DGFIP a anun\u021bat noile termene limit\u0103 pentru introducerea e-Factura \u00een Fran\u021ba \u00eencep\u00e2nd cu <br \/><b>1 septembrie 2026. <\/b><br \/>\n<br \/><red>Preg\u0103ti\u021bi-v\u0103 \u00eenc\u0103 de acum.<\/red><br \/>\n<br \/>Echipele noastre sunt aici pentru a v\u0103 ajuta \u00een ceea ce prive\u015fte implementarea e-Factura<\/h3>\n<p><p>e-Factura \u00een Fran\u021ba se \u00eenscrie \u00eentr-un cadru de dematerializare a tranzac\u0163iilor. Din septembrie 2026, toate companiile din Fran\u021ba, indiferent de dimensiune, trebuie s\u0103 fie preg\u0103tite s\u0103 primeasc\u0103 facturile \u00een format electronic.<br \/>\nAcest proiect este implementat de guvernul francez cu scopul de a simplifica lan\u021bul de facturare \u0219i pl\u0103\u021bi \u0219i de a optimiza colectarea TVA. Impactul va fi major. Prin urmare, este important s\u0103 \u00een\u021belege\u021bi cum va afecta e-Factura afacerile.<br \/>\nPutem vorbi despre o cre\u0219tere masiv\u0103 a schimburilor dematerializate.<br \/>\nCalendarul de implementare a reformei permite companiilor \u0219i partenerilor lor (editori de software-uri de facturare, platforme de flux de date etc.) s\u0103 se organizeze rapid.<\/p>\n<p><img loading=\"lazy\" decoding=\"async\" class=\"aligncenter wp-image-28306\" src=\"https:\/\/deveho.com\/wp-content\/uploads\/2024\/02\/3-2-e1709025340587.jpg\" alt=\"calendar FR e-invoice system\" width=\"495\" height=\"316\" srcset=\"https:\/\/deveho.com\/wp-content\/uploads\/2024\/02\/3-2-e1709025340587.jpg 1200w, https:\/\/deveho.com\/wp-content\/uploads\/2024\/02\/3-2-e1709025340587-300x192.jpg 300w, https:\/\/deveho.com\/wp-content\/uploads\/2024\/02\/3-2-e1709025340587-1024x654.jpg 1024w, https:\/\/deveho.com\/wp-content\/uploads\/2024\/02\/3-2-e1709025340587-150x96.jpg 150w, https:\/\/deveho.com\/wp-content\/uploads\/2024\/02\/3-2-e1709025340587-768x490.jpg 768w\" sizes=\"(max-width: 495px) 100vw, 495px\" \/><\/p>\n<p>Afla\u021bi despre cerin\u021bele locale pentru e-Factura \u00een Fran\u021ba.<\/p>\n<\/p>\n<h2>Anticipare, \u00een\u021belegere, comunicare<\/h2>\n<p>Pentru o conformare mai u\u0219oar\u0103 a companiilor, solu\u021biile de management se \u00eendreapt\u0103 c\u0103tre o mai mare automatizare a introducerii datelor, importul datelor bancare \u0219i facturarea dematerializat\u0103.<\/p>\n<p><p><strong>Ce se schimb\u0103 odat\u0103 cu implementarea e-Factura?<\/strong><\/p>\n<p>Facturarea electronic\u0103 B2B obligatorie simplific\u0103 procesarea facturilor primite \u015fi emise, precum \u0219i depunerea declara\u021biilor de TVA.<\/p>\n<p>&nbsp;<\/p>\n<\/p>\n<p><p>Integrare mai u\u0219oar\u0103 a tuturor facturilor primite \u00een sistemele de contabilitate ale companiilor.<br \/>\nControlul prealabil al conformit\u0103\u021bii facturilor emise \u0219i respingerea la surs\u0103 a facturilor neconforme.<br \/>\nTransparen\u021b\u0103 pentru clien\u021bi cu privire la statusul proces\u0103rii facturilor.<br \/>\nDescoperi\u021bi specifica\u021biile privind<a href=\"https:\/\/deveho.com\/ro\/servicii\/facturare-electronica\/\"> e-Factura \u00een diferite \u021b\u0103ri.<\/a><\/p>\n<\/p>\n<h2><\/h2>\n<h3>Noile\u00a0<red>cerin\u021be<\/red><\/h3>\n<h3>De la 1 septembrie 2026, va trebui s\u0103 fi\u0163i preg\u0103ti\u0163i s\u0103 primi\u0163i o factur\u0103 electronic\u0103, noi obliga\u021bii vor fi ad\u0103ugate progresiv p\u00e2n\u0103 \u00een 2027.<br \/>\n<\/h3>\n<\/p>\n<h2><\/h2>\n<h3><red>Func\u021biile<\/red> e-Factura<\/h3>\n<h3><\/h3>\n<\/p>\n<h2><\/h2>\n<h3><red>Beneficiile <\/red>e-Factura<\/h3>\n<h3><\/h3><\/p>\n","protected":false},"excerpt":{"rendered":"<p>Anticipa\u021bi reglement\u0103rile \u0219i preg\u0103ti\u021bi-v\u0103 pentru e-Factura \u00een Fran\u0163a. Cu e-Factura, spunem la revedere h\u00e2rtiei \u0219i salut\u0103m simplitatea.<\/p>\n","protected":false},"author":34,"featured_media":0,"parent":28331,"menu_order":0,"comment_status":"closed","ping_status":"closed","template":"templates\/template-prod_serv.php","meta":{"_acf_changed":false,"footnotes":""},"class_list":["post-28350","page","type-page","status-publish","hentry"],"acf":[],"yoast_head":"<!-- This site is optimized with the Yoast SEO plugin v23.5 - https:\/\/yoast.com\/wordpress\/plugins\/seo\/ -->\n<title>e-Factura \u00een Fran\u0163a - Deveho<\/title>\n<meta name=\"description\" content=\"Anticipa\u021bi reglement\u0103rile \u0219i preg\u0103ti\u021bi-v\u0103 pentru e-Factura \u00een Fran\u0163a. Cu e-Factura, spunem la revedere h\u00e2rtiei \u0219i salut\u0103m simplitatea.\" \/>\n<meta name=\"robots\" content=\"index, follow, max-snippet:-1, max-image-preview:large, max-video-preview:-1\" \/>\n<link rel=\"canonical\" href=\"https:\/\/deveho.com\/ro\/servicii\/facturare-electronica\/e-factura-in-franta\/\" \/>\n<meta property=\"og:locale\" content=\"ro_RO\" \/>\n<meta property=\"og:type\" content=\"article\" \/>\n<meta property=\"og:title\" content=\"e-Factura \u00een Fran\u0163a - Deveho\" \/>\n<meta property=\"og:description\" content=\"Anticipa\u021bi reglement\u0103rile \u0219i preg\u0103ti\u021bi-v\u0103 pentru e-Factura \u00een Fran\u0163a. Cu e-Factura, spunem la revedere h\u00e2rtiei \u0219i salut\u0103m simplitatea.\" \/>\n<meta property=\"og:url\" content=\"https:\/\/deveho.com\/ro\/servicii\/facturare-electronica\/e-factura-in-franta\/\" \/>\n<meta property=\"og:site_name\" content=\"Deveho\" \/>\n<meta property=\"article:publisher\" content=\"https:\/\/www.facebook.com\/deveho\" \/>\n<meta property=\"article:modified_time\" content=\"2024-12-16T09:13:10+00:00\" \/>\n<meta property=\"og:image\" content=\"https:\/\/deveho.com\/wp-content\/uploads\/2024\/02\/3-2-e1709025340587.jpg\" \/>\n<meta name=\"twitter:card\" content=\"summary_large_image\" \/>\n<meta name=\"twitter:site\" content=\"@Deveho1\" \/>\n<meta name=\"twitter:label1\" content=\"Timp estimat pentru citire\" \/>\n\t<meta name=\"twitter:data1\" content=\"2 minute\" \/>\n<script type=\"application\/ld+json\" class=\"yoast-schema-graph\">{\"@context\":\"https:\/\/schema.org\",\"@graph\":[{\"@type\":\"WebPage\",\"@id\":\"https:\/\/deveho.com\/ro\/servicii\/facturare-electronica\/e-factura-in-franta\/\",\"url\":\"https:\/\/deveho.com\/ro\/servicii\/facturare-electronica\/e-factura-in-franta\/\",\"name\":\"e-Factura \u00een Fran\u0163a - Deveho\",\"isPartOf\":{\"@id\":\"https:\/\/deveho.com\/#website\"},\"primaryImageOfPage\":{\"@id\":\"https:\/\/deveho.com\/ro\/servicii\/facturare-electronica\/e-factura-in-franta\/#primaryimage\"},\"image\":{\"@id\":\"https:\/\/deveho.com\/ro\/servicii\/facturare-electronica\/e-factura-in-franta\/#primaryimage\"},\"thumbnailUrl\":\"https:\/\/deveho.com\/wp-content\/uploads\/2024\/02\/3-2-e1709025340587.jpg\",\"datePublished\":\"2024-02-27T14:01:48+00:00\",\"dateModified\":\"2024-12-16T09:13:10+00:00\",\"description\":\"Anticipa\u021bi reglement\u0103rile \u0219i preg\u0103ti\u021bi-v\u0103 pentru e-Factura \u00een Fran\u0163a. Cu e-Factura, spunem la revedere h\u00e2rtiei \u0219i salut\u0103m simplitatea.\",\"breadcrumb\":{\"@id\":\"https:\/\/deveho.com\/ro\/servicii\/facturare-electronica\/e-factura-in-franta\/#breadcrumb\"},\"inLanguage\":\"ro-RO\",\"potentialAction\":[{\"@type\":\"ReadAction\",\"target\":[\"https:\/\/deveho.com\/ro\/servicii\/facturare-electronica\/e-factura-in-franta\/\"]}]},{\"@type\":\"ImageObject\",\"inLanguage\":\"ro-RO\",\"@id\":\"https:\/\/deveho.com\/ro\/servicii\/facturare-electronica\/e-factura-in-franta\/#primaryimage\",\"url\":\"https:\/\/deveho.com\/wp-content\/uploads\/2024\/02\/3-2-e1709025340587.jpg\",\"contentUrl\":\"https:\/\/deveho.com\/wp-content\/uploads\/2024\/02\/3-2-e1709025340587.jpg\"},{\"@type\":\"BreadcrumbList\",\"@id\":\"https:\/\/deveho.com\/ro\/servicii\/facturare-electronica\/e-factura-in-franta\/#breadcrumb\",\"itemListElement\":[{\"@type\":\"ListItem\",\"position\":1,\"name\":\"Home\",\"item\":\"https:\/\/deveho.com\/ro\/\"},{\"@type\":\"ListItem\",\"position\":2,\"name\":\"Servicii\",\"item\":\"https:\/\/deveho.com\/ro\/servicii\/\"},{\"@type\":\"ListItem\",\"position\":3,\"name\":\"Implementare facturare electronic\u0103\",\"item\":\"https:\/\/deveho.com\/ro\/servicii\/facturare-electronica\/\"},{\"@type\":\"ListItem\",\"position\":4,\"name\":\"Sistemul e-Factura \u00een Fran\u0163a\"}]},{\"@type\":\"WebSite\",\"@id\":\"https:\/\/deveho.com\/#website\",\"url\":\"https:\/\/deveho.com\/\",\"name\":\"Deveho Consulting Group\",\"description\":\"Let\u2019s boost your growth\",\"publisher\":{\"@id\":\"https:\/\/deveho.com\/#organization\"},\"potentialAction\":[{\"@type\":\"SearchAction\",\"target\":{\"@type\":\"EntryPoint\",\"urlTemplate\":\"https:\/\/deveho.com\/?s={search_term_string}\"},\"query-input\":{\"@type\":\"PropertyValueSpecification\",\"valueRequired\":true,\"valueName\":\"search_term_string\"}}],\"inLanguage\":\"ro-RO\"},{\"@type\":\"Organization\",\"@id\":\"https:\/\/deveho.com\/#organization\",\"name\":\"Deveho Consulting Group\",\"url\":\"https:\/\/deveho.com\/\",\"logo\":{\"@type\":\"ImageObject\",\"inLanguage\":\"ro-RO\",\"@id\":\"https:\/\/deveho.com\/#\/schema\/logo\/image\/\",\"url\":\"https:\/\/deveho.com\/wp-content\/uploads\/2023\/02\/DEVEHO-LOGO-Baseline-COLOR.png\",\"contentUrl\":\"https:\/\/deveho.com\/wp-content\/uploads\/2023\/02\/DEVEHO-LOGO-Baseline-COLOR.png\",\"width\":2251,\"height\":585,\"caption\":\"Deveho Consulting Group\"},\"image\":{\"@id\":\"https:\/\/deveho.com\/#\/schema\/logo\/image\/\"},\"sameAs\":[\"https:\/\/www.facebook.com\/deveho\",\"https:\/\/x.com\/Deveho1\",\"https:\/\/www.linkedin.com\/company\/deveho-consulting\/\"]}]}<\/script>\n<!-- \/ Yoast SEO plugin. -->","yoast_head_json":{"title":"e-Factura \u00een Fran\u0163a - Deveho","description":"Anticipa\u021bi reglement\u0103rile \u0219i preg\u0103ti\u021bi-v\u0103 pentru e-Factura \u00een Fran\u0163a. Cu e-Factura, spunem la revedere h\u00e2rtiei \u0219i salut\u0103m simplitatea.","robots":{"index":"index","follow":"follow","max-snippet":"max-snippet:-1","max-image-preview":"max-image-preview:large","max-video-preview":"max-video-preview:-1"},"canonical":"https:\/\/deveho.com\/ro\/servicii\/facturare-electronica\/e-factura-in-franta\/","og_locale":"ro_RO","og_type":"article","og_title":"e-Factura \u00een Fran\u0163a - Deveho","og_description":"Anticipa\u021bi reglement\u0103rile \u0219i preg\u0103ti\u021bi-v\u0103 pentru e-Factura \u00een Fran\u0163a. Cu e-Factura, spunem la revedere h\u00e2rtiei \u0219i salut\u0103m simplitatea.","og_url":"https:\/\/deveho.com\/ro\/servicii\/facturare-electronica\/e-factura-in-franta\/","og_site_name":"Deveho","article_publisher":"https:\/\/www.facebook.com\/deveho","article_modified_time":"2024-12-16T09:13:10+00:00","og_image":[{"url":"https:\/\/deveho.com\/wp-content\/uploads\/2024\/02\/3-2-e1709025340587.jpg"}],"twitter_card":"summary_large_image","twitter_site":"@Deveho1","twitter_misc":{"Timp estimat pentru citire":"2 minute"},"schema":{"@context":"https:\/\/schema.org","@graph":[{"@type":"WebPage","@id":"https:\/\/deveho.com\/ro\/servicii\/facturare-electronica\/e-factura-in-franta\/","url":"https:\/\/deveho.com\/ro\/servicii\/facturare-electronica\/e-factura-in-franta\/","name":"e-Factura \u00een Fran\u0163a - Deveho","isPartOf":{"@id":"https:\/\/deveho.com\/#website"},"primaryImageOfPage":{"@id":"https:\/\/deveho.com\/ro\/servicii\/facturare-electronica\/e-factura-in-franta\/#primaryimage"},"image":{"@id":"https:\/\/deveho.com\/ro\/servicii\/facturare-electronica\/e-factura-in-franta\/#primaryimage"},"thumbnailUrl":"https:\/\/deveho.com\/wp-content\/uploads\/2024\/02\/3-2-e1709025340587.jpg","datePublished":"2024-02-27T14:01:48+00:00","dateModified":"2024-12-16T09:13:10+00:00","description":"Anticipa\u021bi reglement\u0103rile \u0219i preg\u0103ti\u021bi-v\u0103 pentru e-Factura \u00een Fran\u0163a. Cu e-Factura, spunem la revedere h\u00e2rtiei \u0219i salut\u0103m simplitatea.","breadcrumb":{"@id":"https:\/\/deveho.com\/ro\/servicii\/facturare-electronica\/e-factura-in-franta\/#breadcrumb"},"inLanguage":"ro-RO","potentialAction":[{"@type":"ReadAction","target":["https:\/\/deveho.com\/ro\/servicii\/facturare-electronica\/e-factura-in-franta\/"]}]},{"@type":"ImageObject","inLanguage":"ro-RO","@id":"https:\/\/deveho.com\/ro\/servicii\/facturare-electronica\/e-factura-in-franta\/#primaryimage","url":"https:\/\/deveho.com\/wp-content\/uploads\/2024\/02\/3-2-e1709025340587.jpg","contentUrl":"https:\/\/deveho.com\/wp-content\/uploads\/2024\/02\/3-2-e1709025340587.jpg"},{"@type":"BreadcrumbList","@id":"https:\/\/deveho.com\/ro\/servicii\/facturare-electronica\/e-factura-in-franta\/#breadcrumb","itemListElement":[{"@type":"ListItem","position":1,"name":"Home","item":"https:\/\/deveho.com\/ro\/"},{"@type":"ListItem","position":2,"name":"Servicii","item":"https:\/\/deveho.com\/ro\/servicii\/"},{"@type":"ListItem","position":3,"name":"Implementare facturare electronic\u0103","item":"https:\/\/deveho.com\/ro\/servicii\/facturare-electronica\/"},{"@type":"ListItem","position":4,"name":"Sistemul e-Factura \u00een Fran\u0163a"}]},{"@type":"WebSite","@id":"https:\/\/deveho.com\/#website","url":"https:\/\/deveho.com\/","name":"Deveho Consulting Group","description":"Let\u2019s boost your growth","publisher":{"@id":"https:\/\/deveho.com\/#organization"},"potentialAction":[{"@type":"SearchAction","target":{"@type":"EntryPoint","urlTemplate":"https:\/\/deveho.com\/?s={search_term_string}"},"query-input":{"@type":"PropertyValueSpecification","valueRequired":true,"valueName":"search_term_string"}}],"inLanguage":"ro-RO"},{"@type":"Organization","@id":"https:\/\/deveho.com\/#organization","name":"Deveho Consulting Group","url":"https:\/\/deveho.com\/","logo":{"@type":"ImageObject","inLanguage":"ro-RO","@id":"https:\/\/deveho.com\/#\/schema\/logo\/image\/","url":"https:\/\/deveho.com\/wp-content\/uploads\/2023\/02\/DEVEHO-LOGO-Baseline-COLOR.png","contentUrl":"https:\/\/deveho.com\/wp-content\/uploads\/2023\/02\/DEVEHO-LOGO-Baseline-COLOR.png","width":2251,"height":585,"caption":"Deveho Consulting Group"},"image":{"@id":"https:\/\/deveho.com\/#\/schema\/logo\/image\/"},"sameAs":["https:\/\/www.facebook.com\/deveho","https:\/\/x.com\/Deveho1","https:\/\/www.linkedin.com\/company\/deveho-consulting\/"]}]}},"_links":{"self":[{"href":"https:\/\/deveho.com\/ro\/wp-json\/wp\/v2\/pages\/28350"}],"collection":[{"href":"https:\/\/deveho.com\/ro\/wp-json\/wp\/v2\/pages"}],"about":[{"href":"https:\/\/deveho.com\/ro\/wp-json\/wp\/v2\/types\/page"}],"author":[{"embeddable":true,"href":"https:\/\/deveho.com\/ro\/wp-json\/wp\/v2\/users\/34"}],"replies":[{"embeddable":true,"href":"https:\/\/deveho.com\/ro\/wp-json\/wp\/v2\/comments?post=28350"}],"version-history":[{"count":3,"href":"https:\/\/deveho.com\/ro\/wp-json\/wp\/v2\/pages\/28350\/revisions"}],"predecessor-version":[{"id":36330,"href":"https:\/\/deveho.com\/ro\/wp-json\/wp\/v2\/pages\/28350\/revisions\/36330"}],"up":[{"embeddable":true,"href":"https:\/\/deveho.com\/ro\/wp-json\/wp\/v2\/pages\/28331"}],"wp:attachment":[{"href":"https:\/\/deveho.com\/ro\/wp-json\/wp\/v2\/media?parent=28350"}],"curies":[{"name":"wp","href":"https:\/\/api.w.org\/{rel}","templated":true}]}}