{"id":28370,"date":"2024-02-27T16:05:54","date_gmt":"2024-02-27T14:05:54","guid":{"rendered":"https:\/\/deveho.com\/?page_id=28370"},"modified":"2024-12-16T11:15:53","modified_gmt":"2024-12-16T09:15:53","slug":"e-factura-in-romania","status":"publish","type":"page","link":"https:\/\/deveho.com\/ro\/servicii\/facturare-electronica\/e-factura-in-romania\/","title":{"rendered":"Sistemul e-Factura \u00een Rom\u00e2nia"},"content":{"rendered":"<br \/>\n<h2><\/h2>\n<h3>Cerin\u021be de sistem pentru RO e-Factura<\/h3>\n<h3><\/h3>\n<p><p>Facturarea electronic\u0103 a ap\u0103rut ca o solu\u021bie modern\u0103 \u0219i eficient\u0103 pentru gestionarea tranzac\u021biilor comerciale la scar\u0103 global\u0103. \u00cen Rom\u00e2nia, reglement\u0103rile de facturare electronic\u0103 au evoluat pentru a reflecta aceast\u0103 tendin\u021b\u0103 \u0219i a \u00eencuraja adoptarea unor metode mai eficiente.<\/p>\n<p>Rom\u00e2nia a dezvoltat mai multe solu\u021bii pentru a gestiona utilizarea factur\u0103rii electronice:<\/p>\n<ul>\n<li><a href=\"https:\/\/deveho.com\/ro\/servicii\/facturare-electronica\/e-factura-in-romania\/e-factura\/\"><strong>E-FACTURA<\/strong><\/a><\/li>\n<li>E-TRANSPORT<\/li>\n<\/ul>\n<p>La 15 decembrie 2023 a intrat \u00een vigoare un set de modific\u0103ri aduse Sistemului RO e-Transport. \u00cenainte de publicarea OUG nr. 115\/2023, sistemul RO e-Transport se aplica numai \u00een cazul transporturilor rutiere de m\u0103rfuri cu risc fiscal ridicat efectuate pe teritoriul Rom\u00e2niei. Acestea includeau diverse obliga\u021bii de raportare pentru entit\u0103\u021bile implicate \u00een astfel de tranzac\u021bii \u0219i\/sau transportul rutier al unor astfel de m\u0103rfuri.<\/p>\n<p>Cu toate acestea, odat\u0103 cu noile reglement\u0103ri, aria de aplicare a sistemului RO e-Transport a fost extins\u0103 pentru a include \u0219i obliga\u021bia de raportare pentru transportul rutier interna\u021bional de m\u0103rfuri. Aceste transporturi vor fi raportate indiferent de natura m\u0103rfurilor (adic\u0103 nu numai pentru m\u0103rfuri cu risc fiscal ridicat).<\/p>\n<p>De\u0219i m\u0103surile privind raportarea transportului rutier interna\u021bional de m\u0103rfuri au intrat deja \u00een vigoare la 15 decembrie 2023, sanc\u021biunile pentru nerespectarea noilor obliga\u021bii privind transportul rutier interna\u021bional de m\u0103rfuri au intrat \u00een vigoare de la 1 iulie 2024.<\/p>\n<p>Obliga\u021bia de a declara \u00een Sistemul RO e-Transport datele referitoare la transportul interna\u021bional de m\u0103rfuri revine urm\u0103torilor utilizatori:<\/p>\n<p>-destinatarul \u00eenscris \u00een declara\u021bia vamal\u0103 de import sau expeditorul men\u021bionat \u00een declara\u021bia vamal\u0103 de export, dup\u0103 caz, pentru m\u0103rfurile supuse opera\u021biunilor de import sau export;<br \/>\n-beneficiarul din Rom\u00e2nia \u00een cazul achizi\u021biilor intracomunitare de bunuri;<br \/>\n-furnizorul din Rom\u00e2nia, in cazul livrarilor intracomunitare de bunuri;<br \/>\n-depozitarul, in cazul bunurilor supuse tranzac\u0163iilor intracomunitare \u00een tranzit.<\/p>\n<\/p>\n<h2><\/h2>\n<h3><red>Reglement\u0103rile e-Factura \u00een Rom\u00e2nia<\/red><\/h3>\n<h3><\/h3>\n<\/p>\n<h2><\/h2>\n<h3>Beneficiile <br \/>e-Factura \u00een Rom\u00e2nia<\/h3>\n<h3><\/h3><\/p>\n","protected":false},"excerpt":{"rendered":"<p>Portalul RO e-Factura va fi folosit pentru schimbul de facturi \u00eentre autorit\u0103\u021bile publice (B2G) \u0219i, \u00een mod voluntar, \u00eentre companii private (B2B). Facturarea electronic\u0103 \u00eentre companii nu va fi introdus\u0103 treptat, ci va fi obligatorie pentru toate companiile \u00eencep\u00e2nd cu 1 ianuarie 2024.<\/p>\n","protected":false},"author":34,"featured_media":0,"parent":28331,"menu_order":0,"comment_status":"closed","ping_status":"closed","template":"templates\/template-prod_serv.php","meta":{"_acf_changed":false,"footnotes":""},"class_list":["post-28370","page","type-page","status-publish","hentry"],"acf":[],"yoast_head":"<!-- This site is optimized with the Yoast SEO plugin v23.5 - https:\/\/yoast.com\/wordpress\/plugins\/seo\/ -->\n<title>e-Factura \u00een Rom\u00e2nia - Deveho<\/title>\n<meta name=\"description\" content=\"Find out about the romanian government&#039;s new e-invoicing regulations. Anticipate the regulations and get ready for E-invoicing in Romania.\" \/>\n<meta name=\"robots\" content=\"index, follow, max-snippet:-1, max-image-preview:large, max-video-preview:-1\" \/>\n<link rel=\"canonical\" href=\"https:\/\/deveho.com\/ro\/servicii\/facturare-electronica\/e-factura-in-romania\/\" \/>\n<meta property=\"og:locale\" content=\"ro_RO\" \/>\n<meta property=\"og:type\" content=\"article\" \/>\n<meta property=\"og:title\" content=\"e-Factura \u00een Rom\u00e2nia - Deveho\" \/>\n<meta property=\"og:description\" content=\"Find out about the romanian government&#039;s new e-invoicing regulations. Anticipate the regulations and get ready for E-invoicing in Romania.\" \/>\n<meta property=\"og:url\" content=\"https:\/\/deveho.com\/ro\/servicii\/facturare-electronica\/e-factura-in-romania\/\" \/>\n<meta property=\"og:site_name\" content=\"Deveho\" \/>\n<meta property=\"article:publisher\" content=\"https:\/\/www.facebook.com\/deveho\" \/>\n<meta property=\"article:modified_time\" content=\"2024-12-16T09:15:53+00:00\" \/>\n<meta name=\"twitter:card\" content=\"summary_large_image\" \/>\n<meta name=\"twitter:site\" content=\"@Deveho1\" \/>\n<meta name=\"twitter:label1\" content=\"Timp estimat pentru citire\" \/>\n\t<meta name=\"twitter:data1\" content=\"2 minute\" \/>\n<script type=\"application\/ld+json\" class=\"yoast-schema-graph\">{\"@context\":\"https:\/\/schema.org\",\"@graph\":[{\"@type\":\"WebPage\",\"@id\":\"https:\/\/deveho.com\/ro\/servicii\/facturare-electronica\/e-factura-in-romania\/\",\"url\":\"https:\/\/deveho.com\/ro\/servicii\/facturare-electronica\/e-factura-in-romania\/\",\"name\":\"e-Factura \u00een Rom\u00e2nia - Deveho\",\"isPartOf\":{\"@id\":\"https:\/\/deveho.com\/#website\"},\"datePublished\":\"2024-02-27T14:05:54+00:00\",\"dateModified\":\"2024-12-16T09:15:53+00:00\",\"description\":\"Find out about the romanian government's new e-invoicing regulations. Anticipate the regulations and get ready for E-invoicing in Romania.\",\"breadcrumb\":{\"@id\":\"https:\/\/deveho.com\/ro\/servicii\/facturare-electronica\/e-factura-in-romania\/#breadcrumb\"},\"inLanguage\":\"ro-RO\",\"potentialAction\":[{\"@type\":\"ReadAction\",\"target\":[\"https:\/\/deveho.com\/ro\/servicii\/facturare-electronica\/e-factura-in-romania\/\"]}]},{\"@type\":\"BreadcrumbList\",\"@id\":\"https:\/\/deveho.com\/ro\/servicii\/facturare-electronica\/e-factura-in-romania\/#breadcrumb\",\"itemListElement\":[{\"@type\":\"ListItem\",\"position\":1,\"name\":\"Home\",\"item\":\"https:\/\/deveho.com\/ro\/\"},{\"@type\":\"ListItem\",\"position\":2,\"name\":\"Servicii\",\"item\":\"https:\/\/deveho.com\/ro\/servicii\/\"},{\"@type\":\"ListItem\",\"position\":3,\"name\":\"Implementare facturare electronic\u0103\",\"item\":\"https:\/\/deveho.com\/ro\/servicii\/facturare-electronica\/\"},{\"@type\":\"ListItem\",\"position\":4,\"name\":\"Sistemul e-Factura \u00een Rom\u00e2nia\"}]},{\"@type\":\"WebSite\",\"@id\":\"https:\/\/deveho.com\/#website\",\"url\":\"https:\/\/deveho.com\/\",\"name\":\"Deveho Consulting Group\",\"description\":\"Let\u2019s boost your growth\",\"publisher\":{\"@id\":\"https:\/\/deveho.com\/#organization\"},\"potentialAction\":[{\"@type\":\"SearchAction\",\"target\":{\"@type\":\"EntryPoint\",\"urlTemplate\":\"https:\/\/deveho.com\/?s={search_term_string}\"},\"query-input\":{\"@type\":\"PropertyValueSpecification\",\"valueRequired\":true,\"valueName\":\"search_term_string\"}}],\"inLanguage\":\"ro-RO\"},{\"@type\":\"Organization\",\"@id\":\"https:\/\/deveho.com\/#organization\",\"name\":\"Deveho Consulting Group\",\"url\":\"https:\/\/deveho.com\/\",\"logo\":{\"@type\":\"ImageObject\",\"inLanguage\":\"ro-RO\",\"@id\":\"https:\/\/deveho.com\/#\/schema\/logo\/image\/\",\"url\":\"https:\/\/deveho.com\/wp-content\/uploads\/2023\/02\/DEVEHO-LOGO-Baseline-COLOR.png\",\"contentUrl\":\"https:\/\/deveho.com\/wp-content\/uploads\/2023\/02\/DEVEHO-LOGO-Baseline-COLOR.png\",\"width\":2251,\"height\":585,\"caption\":\"Deveho Consulting Group\"},\"image\":{\"@id\":\"https:\/\/deveho.com\/#\/schema\/logo\/image\/\"},\"sameAs\":[\"https:\/\/www.facebook.com\/deveho\",\"https:\/\/x.com\/Deveho1\",\"https:\/\/www.linkedin.com\/company\/deveho-consulting\/\"]}]}<\/script>\n<!-- \/ Yoast SEO plugin. -->","yoast_head_json":{"title":"e-Factura \u00een Rom\u00e2nia - Deveho","description":"Find out about the romanian government's new e-invoicing regulations. Anticipate the regulations and get ready for E-invoicing in Romania.","robots":{"index":"index","follow":"follow","max-snippet":"max-snippet:-1","max-image-preview":"max-image-preview:large","max-video-preview":"max-video-preview:-1"},"canonical":"https:\/\/deveho.com\/ro\/servicii\/facturare-electronica\/e-factura-in-romania\/","og_locale":"ro_RO","og_type":"article","og_title":"e-Factura \u00een Rom\u00e2nia - Deveho","og_description":"Find out about the romanian government's new e-invoicing regulations. Anticipate the regulations and get ready for E-invoicing in Romania.","og_url":"https:\/\/deveho.com\/ro\/servicii\/facturare-electronica\/e-factura-in-romania\/","og_site_name":"Deveho","article_publisher":"https:\/\/www.facebook.com\/deveho","article_modified_time":"2024-12-16T09:15:53+00:00","twitter_card":"summary_large_image","twitter_site":"@Deveho1","twitter_misc":{"Timp estimat pentru citire":"2 minute"},"schema":{"@context":"https:\/\/schema.org","@graph":[{"@type":"WebPage","@id":"https:\/\/deveho.com\/ro\/servicii\/facturare-electronica\/e-factura-in-romania\/","url":"https:\/\/deveho.com\/ro\/servicii\/facturare-electronica\/e-factura-in-romania\/","name":"e-Factura \u00een Rom\u00e2nia - Deveho","isPartOf":{"@id":"https:\/\/deveho.com\/#website"},"datePublished":"2024-02-27T14:05:54+00:00","dateModified":"2024-12-16T09:15:53+00:00","description":"Find out about the romanian government's new e-invoicing regulations. Anticipate the regulations and get ready for E-invoicing in Romania.","breadcrumb":{"@id":"https:\/\/deveho.com\/ro\/servicii\/facturare-electronica\/e-factura-in-romania\/#breadcrumb"},"inLanguage":"ro-RO","potentialAction":[{"@type":"ReadAction","target":["https:\/\/deveho.com\/ro\/servicii\/facturare-electronica\/e-factura-in-romania\/"]}]},{"@type":"BreadcrumbList","@id":"https:\/\/deveho.com\/ro\/servicii\/facturare-electronica\/e-factura-in-romania\/#breadcrumb","itemListElement":[{"@type":"ListItem","position":1,"name":"Home","item":"https:\/\/deveho.com\/ro\/"},{"@type":"ListItem","position":2,"name":"Servicii","item":"https:\/\/deveho.com\/ro\/servicii\/"},{"@type":"ListItem","position":3,"name":"Implementare facturare electronic\u0103","item":"https:\/\/deveho.com\/ro\/servicii\/facturare-electronica\/"},{"@type":"ListItem","position":4,"name":"Sistemul e-Factura \u00een Rom\u00e2nia"}]},{"@type":"WebSite","@id":"https:\/\/deveho.com\/#website","url":"https:\/\/deveho.com\/","name":"Deveho Consulting Group","description":"Let\u2019s boost your growth","publisher":{"@id":"https:\/\/deveho.com\/#organization"},"potentialAction":[{"@type":"SearchAction","target":{"@type":"EntryPoint","urlTemplate":"https:\/\/deveho.com\/?s={search_term_string}"},"query-input":{"@type":"PropertyValueSpecification","valueRequired":true,"valueName":"search_term_string"}}],"inLanguage":"ro-RO"},{"@type":"Organization","@id":"https:\/\/deveho.com\/#organization","name":"Deveho Consulting Group","url":"https:\/\/deveho.com\/","logo":{"@type":"ImageObject","inLanguage":"ro-RO","@id":"https:\/\/deveho.com\/#\/schema\/logo\/image\/","url":"https:\/\/deveho.com\/wp-content\/uploads\/2023\/02\/DEVEHO-LOGO-Baseline-COLOR.png","contentUrl":"https:\/\/deveho.com\/wp-content\/uploads\/2023\/02\/DEVEHO-LOGO-Baseline-COLOR.png","width":2251,"height":585,"caption":"Deveho Consulting Group"},"image":{"@id":"https:\/\/deveho.com\/#\/schema\/logo\/image\/"},"sameAs":["https:\/\/www.facebook.com\/deveho","https:\/\/x.com\/Deveho1","https:\/\/www.linkedin.com\/company\/deveho-consulting\/"]}]}},"_links":{"self":[{"href":"https:\/\/deveho.com\/ro\/wp-json\/wp\/v2\/pages\/28370"}],"collection":[{"href":"https:\/\/deveho.com\/ro\/wp-json\/wp\/v2\/pages"}],"about":[{"href":"https:\/\/deveho.com\/ro\/wp-json\/wp\/v2\/types\/page"}],"author":[{"embeddable":true,"href":"https:\/\/deveho.com\/ro\/wp-json\/wp\/v2\/users\/34"}],"replies":[{"embeddable":true,"href":"https:\/\/deveho.com\/ro\/wp-json\/wp\/v2\/comments?post=28370"}],"version-history":[{"count":3,"href":"https:\/\/deveho.com\/ro\/wp-json\/wp\/v2\/pages\/28370\/revisions"}],"predecessor-version":[{"id":36334,"href":"https:\/\/deveho.com\/ro\/wp-json\/wp\/v2\/pages\/28370\/revisions\/36334"}],"up":[{"embeddable":true,"href":"https:\/\/deveho.com\/ro\/wp-json\/wp\/v2\/pages\/28331"}],"wp:attachment":[{"href":"https:\/\/deveho.com\/ro\/wp-json\/wp\/v2\/media?parent=28370"}],"curies":[{"name":"wp","href":"https:\/\/api.w.org\/{rel}","templated":true}]}}