{"id":28389,"date":"2024-02-27T16:07:54","date_gmt":"2024-02-27T14:07:54","guid":{"rendered":"https:\/\/deveho.com\/?page_id=28389"},"modified":"2024-12-13T17:43:39","modified_gmt":"2024-12-13T15:43:39","slug":"e-factura","status":"publish","type":"page","link":"https:\/\/deveho.com\/ro\/servicii\/facturare-electronica\/e-factura-in-romania\/e-factura\/","title":{"rendered":"E-FACTURA"},"content":{"rendered":"<br \/>\n<h2>Sistemul RO e-Factura va fi disponibil pentru cea mai recent\u0103 versiune de Sage X3 \u0219i V12.<\/h2>\n<h3><red>Sistemul rom\u00e2nesc de <br \/>e-Factura \u0219i Sage X3<\/red><\/h3>\n<h3>Deveho Software Consulting, partenerul dumneavoastr\u0103 pentru Sage X3 pe pia\u021ba din Rom\u00e2nia, dore\u0219te s\u0103 v\u0103 informeze c\u0103 e-Factura va fi disponibil \u00een Sage X3.<br \/>\n<\/h3>\n<p><p>Ave\u0163i \u00eencredere \u00een noi \u00een privin\u0163a dematerializ\u0103rii documentelor contabile \u00een sistemul facturare electronic\u0103. Echipa noastr\u0103 din Rom\u00e2nia, <strong>Deveho Software Consulting,<\/strong> v\u0103 poate ajuta s\u0103 v\u0103 optimiza\u021bi contabilitatea.<\/p>\n<p><img loading=\"lazy\" decoding=\"async\" class=\"alignleft wp-image-26779 size-full\" src=\"https:\/\/deveho.com\/wp-content\/uploads\/2024\/01\/Deveho-consulting-group-nectari.jpg\" alt=\"e-Factura system\" width=\"1050\" height=\"350\" srcset=\"https:\/\/deveho.com\/wp-content\/uploads\/2024\/01\/Deveho-consulting-group-nectari.jpg 1050w, https:\/\/deveho.com\/wp-content\/uploads\/2024\/01\/Deveho-consulting-group-nectari-300x100.jpg 300w, https:\/\/deveho.com\/wp-content\/uploads\/2024\/01\/Deveho-consulting-group-nectari-1024x341.jpg 1024w, https:\/\/deveho.com\/wp-content\/uploads\/2024\/01\/Deveho-consulting-group-nectari-150x50.jpg 150w, https:\/\/deveho.com\/wp-content\/uploads\/2024\/01\/Deveho-consulting-group-nectari-768x256.jpg 768w\" sizes=\"(max-width: 1050px) 100vw, 1050px\" \/><\/p>\n<p>&nbsp;<\/p>\n<p>Pentru mai multe informa\u021bii, v\u0103 rug\u0103m s\u0103 ne <a href=\"https:\/\/deveho.com\/ro\/contact\/\">contacta\u021bi!<\/a><\/p>\n<\/p>\n<h2><b><red>RO E-Factura<\/red><\/b> <br \/>Sistemul de Facturare electronic\u0103 \u00een Rom\u00e2nia<\/h2>\n<p>Livr\u0103rile de bunuri prev\u0103zute la art. 294 alin. (1) (a) \u0219i (b) \u0219i (2) din Legea nr. 227\/2015 sunt exceptate de la obligativitatea transmiterii facturilor emise \u00een sistemul na\u021bional RO Facturare electronic\u0103 (livr\u0103ri intracomunitare \u015fi exporturi).<\/p>\n<p><p><strong>Factura electronic\u0103 este o factur\u0103 care este emis\u0103, trimis\u0103 \u0219i primit\u0103 \u00eentr-un format XML structurat. Aceast\u0103 structur\u0103 permite s\u0103 fie procesat\u0103 electronic \u015fi automat de c\u0103tre sistemul RO e-Factura.<\/strong><\/p>\n<p>C\u00e2nd validarea este finalizat\u0103, sistemul genereaz\u0103 automat un r\u0103spuns \u0219i, dac\u0103 validarea este \u00eencheiat\u0103 cu succes, se va aplica semn\u0103tura Ministerului Finan\u021belor. Acest lucru certific\u0103 faptul c\u0103 nu a fost modificat con\u021binutul facturii.<\/p>\n<p>Facturarea pe suport de h\u00e2rtie va fi permis\u0103 p\u00e2n\u0103 la 30 iunie 2024, cu excep\u021bia cazului \u00een care at\u00e2t furnizorul\/prestatorul, c\u00e2t \u0219i destinatarul sunt \u00eenscri\u0219i \u00een Registrul RO e-Factura.<\/p>\n<p>De la 1 iulie 2024, \u00een baza modific\u0103rii articolului 319 din Legea nr. 227\/2015, numai facturile emise electronic \u00een format XML \u0219i transmise prin sistemul na\u021bional RO e-Factura vor fi acceptate pentru \u00eenregistrare de c\u0103tre destinatar \u2013 persoan\u0103 impozabil\u0103 stabilit\u0103 \u00een Rom\u00e2nia, \u00een rela\u021biile B2B.<\/p>\n<\/p>\n<p><p>Termenul limit\u0103 de transmitere a facturilor \u00een sistemul na\u021bional RO e-Factura este de 5 zile lucr\u0103toare de la data emiterii facturii, dar nu mai t\u00e2rziu de 5 zile lucr\u0103toare de la data limit\u0103 de emitere a facturii prev\u0103zut\u0103 la art. 319 alin. (16) din Legea nr. 227\/2015. Nerespectarea prevederilor constituie contraven\u021bie \u0219i se pedepse\u0219te cu amend\u0103. Prin excep\u021bie, nu se aplic\u0103 sanc\u0163iuni \u00een perioada 1 ianuarie &#8211; 31 martie 2024.<br \/>\nAstfel, entit\u0103\u021bile care nu se conformeaz\u0103 risc\u0103 amenzi \u0219i respingerea deducerii TVA.<\/p>\n<p>Contribuabilii ar trebui s\u0103 se preg\u0103teasc\u0103 din timp pentru a \u00eendeplini aceste obliga\u021bii.<\/p>\n<p>Deveho \u0219i Sage X3 sunt gata s\u0103 r\u0103spund\u0103 provoc\u0103rilor noului sistem de raportare Factura electronic\u0103.<\/p>\n<\/p>\n<h2><\/h2>\n<h3><red>Con\u021binutul <br \/>E-Factura<\/red><\/h3>\n<h3>Raportarea facturare electronic\u0103 va con\u021bine informa\u021bii detaliate referitoare la furnizor, client, mijloace de plat\u0103, termene de plat\u0103, diverse cheltuieli \u0219i detalii despre produsele sau serviciile raportate.<\/h3><\/p>\n","protected":false},"excerpt":{"rendered":"<p>Sistemul RO e-Factura va fi disponibil pentru cea mai recent\u0103 versiune de Sage X3 \u0219i V12.<\/p>\n","protected":false},"author":34,"featured_media":0,"parent":28370,"menu_order":0,"comment_status":"closed","ping_status":"closed","template":"templates\/template-prod_serv.php","meta":{"_acf_changed":false,"footnotes":""},"class_list":["post-28389","page","type-page","status-publish","hentry"],"acf":[],"yoast_head":"<!-- This site is optimized with the Yoast SEO plugin v23.5 - https:\/\/yoast.com\/wordpress\/plugins\/seo\/ -->\n<title>E-Factura - Deveho<\/title>\n<meta name=\"description\" content=\"\u00cencep\u00e2nd cu\u00a01 septembrie 2026, va trebui s\u0103 pute\u021bi primi o e-Factura. Descoperi\u021bi sistemul e-Factura \u0219i reglement\u0103rile sale.\" \/>\n<meta name=\"robots\" content=\"index, follow, max-snippet:-1, max-image-preview:large, max-video-preview:-1\" \/>\n<link rel=\"canonical\" href=\"https:\/\/deveho.com\/ro\/servicii\/facturare-electronica\/e-factura-in-romania\/e-factura\/\" \/>\n<meta property=\"og:locale\" content=\"ro_RO\" \/>\n<meta property=\"og:type\" content=\"article\" \/>\n<meta property=\"og:title\" content=\"E-Factura - Deveho\" \/>\n<meta property=\"og:description\" content=\"\u00cencep\u00e2nd cu\u00a01 septembrie 2026, va trebui s\u0103 pute\u021bi primi o e-Factura. Descoperi\u021bi sistemul e-Factura \u0219i reglement\u0103rile sale.\" \/>\n<meta property=\"og:url\" content=\"https:\/\/deveho.com\/ro\/servicii\/facturare-electronica\/e-factura-in-romania\/e-factura\/\" \/>\n<meta property=\"og:site_name\" content=\"Deveho\" \/>\n<meta property=\"article:publisher\" content=\"https:\/\/www.facebook.com\/deveho\" \/>\n<meta property=\"article:modified_time\" content=\"2024-12-13T15:43:39+00:00\" \/>\n<meta property=\"og:image\" content=\"https:\/\/deveho.com\/wp-content\/uploads\/2024\/01\/Deveho-consulting-group-nectari.jpg\" \/>\n<meta name=\"twitter:card\" content=\"summary_large_image\" \/>\n<meta name=\"twitter:site\" content=\"@Deveho1\" \/>\n<meta name=\"twitter:label1\" content=\"Timp estimat pentru citire\" \/>\n\t<meta name=\"twitter:data1\" content=\"2 minute\" \/>\n<script type=\"application\/ld+json\" class=\"yoast-schema-graph\">{\"@context\":\"https:\/\/schema.org\",\"@graph\":[{\"@type\":\"WebPage\",\"@id\":\"https:\/\/deveho.com\/ro\/servicii\/facturare-electronica\/e-factura-in-romania\/e-factura\/\",\"url\":\"https:\/\/deveho.com\/ro\/servicii\/facturare-electronica\/e-factura-in-romania\/e-factura\/\",\"name\":\"E-Factura - Deveho\",\"isPartOf\":{\"@id\":\"https:\/\/deveho.com\/#website\"},\"primaryImageOfPage\":{\"@id\":\"https:\/\/deveho.com\/ro\/servicii\/facturare-electronica\/e-factura-in-romania\/e-factura\/#primaryimage\"},\"image\":{\"@id\":\"https:\/\/deveho.com\/ro\/servicii\/facturare-electronica\/e-factura-in-romania\/e-factura\/#primaryimage\"},\"thumbnailUrl\":\"https:\/\/deveho.com\/wp-content\/uploads\/2024\/01\/Deveho-consulting-group-nectari.jpg\",\"datePublished\":\"2024-02-27T14:07:54+00:00\",\"dateModified\":\"2024-12-13T15:43:39+00:00\",\"description\":\"\u00cencep\u00e2nd cu\u00a01 septembrie 2026, va trebui s\u0103 pute\u021bi primi o e-Factura. Descoperi\u021bi sistemul e-Factura \u0219i reglement\u0103rile sale.\",\"breadcrumb\":{\"@id\":\"https:\/\/deveho.com\/ro\/servicii\/facturare-electronica\/e-factura-in-romania\/e-factura\/#breadcrumb\"},\"inLanguage\":\"ro-RO\",\"potentialAction\":[{\"@type\":\"ReadAction\",\"target\":[\"https:\/\/deveho.com\/ro\/servicii\/facturare-electronica\/e-factura-in-romania\/e-factura\/\"]}]},{\"@type\":\"ImageObject\",\"inLanguage\":\"ro-RO\",\"@id\":\"https:\/\/deveho.com\/ro\/servicii\/facturare-electronica\/e-factura-in-romania\/e-factura\/#primaryimage\",\"url\":\"https:\/\/deveho.com\/wp-content\/uploads\/2024\/01\/Deveho-consulting-group-nectari.jpg\",\"contentUrl\":\"https:\/\/deveho.com\/wp-content\/uploads\/2024\/01\/Deveho-consulting-group-nectari.jpg\"},{\"@type\":\"BreadcrumbList\",\"@id\":\"https:\/\/deveho.com\/ro\/servicii\/facturare-electronica\/e-factura-in-romania\/e-factura\/#breadcrumb\",\"itemListElement\":[{\"@type\":\"ListItem\",\"position\":1,\"name\":\"Home\",\"item\":\"https:\/\/deveho.com\/ro\/\"},{\"@type\":\"ListItem\",\"position\":2,\"name\":\"Servicii\",\"item\":\"https:\/\/deveho.com\/ro\/servicii\/\"},{\"@type\":\"ListItem\",\"position\":3,\"name\":\"Implementare facturare electronic\u0103\",\"item\":\"https:\/\/deveho.com\/ro\/servicii\/facturare-electronica\/\"},{\"@type\":\"ListItem\",\"position\":4,\"name\":\"Sistemul e-Factura \u00een Rom\u00e2nia\",\"item\":\"https:\/\/deveho.com\/ro\/servicii\/facturare-electronica\/e-factura-in-romania\/\"},{\"@type\":\"ListItem\",\"position\":5,\"name\":\"E-FACTURA\"}]},{\"@type\":\"WebSite\",\"@id\":\"https:\/\/deveho.com\/#website\",\"url\":\"https:\/\/deveho.com\/\",\"name\":\"Deveho Consulting Group\",\"description\":\"Let\u2019s boost your growth\",\"publisher\":{\"@id\":\"https:\/\/deveho.com\/#organization\"},\"potentialAction\":[{\"@type\":\"SearchAction\",\"target\":{\"@type\":\"EntryPoint\",\"urlTemplate\":\"https:\/\/deveho.com\/?s={search_term_string}\"},\"query-input\":{\"@type\":\"PropertyValueSpecification\",\"valueRequired\":true,\"valueName\":\"search_term_string\"}}],\"inLanguage\":\"ro-RO\"},{\"@type\":\"Organization\",\"@id\":\"https:\/\/deveho.com\/#organization\",\"name\":\"Deveho Consulting Group\",\"url\":\"https:\/\/deveho.com\/\",\"logo\":{\"@type\":\"ImageObject\",\"inLanguage\":\"ro-RO\",\"@id\":\"https:\/\/deveho.com\/#\/schema\/logo\/image\/\",\"url\":\"https:\/\/deveho.com\/wp-content\/uploads\/2023\/02\/DEVEHO-LOGO-Baseline-COLOR.png\",\"contentUrl\":\"https:\/\/deveho.com\/wp-content\/uploads\/2023\/02\/DEVEHO-LOGO-Baseline-COLOR.png\",\"width\":2251,\"height\":585,\"caption\":\"Deveho Consulting Group\"},\"image\":{\"@id\":\"https:\/\/deveho.com\/#\/schema\/logo\/image\/\"},\"sameAs\":[\"https:\/\/www.facebook.com\/deveho\",\"https:\/\/x.com\/Deveho1\",\"https:\/\/www.linkedin.com\/company\/deveho-consulting\/\"]}]}<\/script>\n<!-- \/ Yoast SEO plugin. -->","yoast_head_json":{"title":"E-Factura - Deveho","description":"\u00cencep\u00e2nd cu\u00a01 septembrie 2026, va trebui s\u0103 pute\u021bi primi o e-Factura. Descoperi\u021bi sistemul e-Factura \u0219i reglement\u0103rile sale.","robots":{"index":"index","follow":"follow","max-snippet":"max-snippet:-1","max-image-preview":"max-image-preview:large","max-video-preview":"max-video-preview:-1"},"canonical":"https:\/\/deveho.com\/ro\/servicii\/facturare-electronica\/e-factura-in-romania\/e-factura\/","og_locale":"ro_RO","og_type":"article","og_title":"E-Factura - Deveho","og_description":"\u00cencep\u00e2nd cu\u00a01 septembrie 2026, va trebui s\u0103 pute\u021bi primi o e-Factura. Descoperi\u021bi sistemul e-Factura \u0219i reglement\u0103rile sale.","og_url":"https:\/\/deveho.com\/ro\/servicii\/facturare-electronica\/e-factura-in-romania\/e-factura\/","og_site_name":"Deveho","article_publisher":"https:\/\/www.facebook.com\/deveho","article_modified_time":"2024-12-13T15:43:39+00:00","og_image":[{"url":"https:\/\/deveho.com\/wp-content\/uploads\/2024\/01\/Deveho-consulting-group-nectari.jpg"}],"twitter_card":"summary_large_image","twitter_site":"@Deveho1","twitter_misc":{"Timp estimat pentru citire":"2 minute"},"schema":{"@context":"https:\/\/schema.org","@graph":[{"@type":"WebPage","@id":"https:\/\/deveho.com\/ro\/servicii\/facturare-electronica\/e-factura-in-romania\/e-factura\/","url":"https:\/\/deveho.com\/ro\/servicii\/facturare-electronica\/e-factura-in-romania\/e-factura\/","name":"E-Factura - Deveho","isPartOf":{"@id":"https:\/\/deveho.com\/#website"},"primaryImageOfPage":{"@id":"https:\/\/deveho.com\/ro\/servicii\/facturare-electronica\/e-factura-in-romania\/e-factura\/#primaryimage"},"image":{"@id":"https:\/\/deveho.com\/ro\/servicii\/facturare-electronica\/e-factura-in-romania\/e-factura\/#primaryimage"},"thumbnailUrl":"https:\/\/deveho.com\/wp-content\/uploads\/2024\/01\/Deveho-consulting-group-nectari.jpg","datePublished":"2024-02-27T14:07:54+00:00","dateModified":"2024-12-13T15:43:39+00:00","description":"\u00cencep\u00e2nd cu\u00a01 septembrie 2026, va trebui s\u0103 pute\u021bi primi o e-Factura. Descoperi\u021bi sistemul e-Factura \u0219i reglement\u0103rile sale.","breadcrumb":{"@id":"https:\/\/deveho.com\/ro\/servicii\/facturare-electronica\/e-factura-in-romania\/e-factura\/#breadcrumb"},"inLanguage":"ro-RO","potentialAction":[{"@type":"ReadAction","target":["https:\/\/deveho.com\/ro\/servicii\/facturare-electronica\/e-factura-in-romania\/e-factura\/"]}]},{"@type":"ImageObject","inLanguage":"ro-RO","@id":"https:\/\/deveho.com\/ro\/servicii\/facturare-electronica\/e-factura-in-romania\/e-factura\/#primaryimage","url":"https:\/\/deveho.com\/wp-content\/uploads\/2024\/01\/Deveho-consulting-group-nectari.jpg","contentUrl":"https:\/\/deveho.com\/wp-content\/uploads\/2024\/01\/Deveho-consulting-group-nectari.jpg"},{"@type":"BreadcrumbList","@id":"https:\/\/deveho.com\/ro\/servicii\/facturare-electronica\/e-factura-in-romania\/e-factura\/#breadcrumb","itemListElement":[{"@type":"ListItem","position":1,"name":"Home","item":"https:\/\/deveho.com\/ro\/"},{"@type":"ListItem","position":2,"name":"Servicii","item":"https:\/\/deveho.com\/ro\/servicii\/"},{"@type":"ListItem","position":3,"name":"Implementare facturare electronic\u0103","item":"https:\/\/deveho.com\/ro\/servicii\/facturare-electronica\/"},{"@type":"ListItem","position":4,"name":"Sistemul e-Factura \u00een Rom\u00e2nia","item":"https:\/\/deveho.com\/ro\/servicii\/facturare-electronica\/e-factura-in-romania\/"},{"@type":"ListItem","position":5,"name":"E-FACTURA"}]},{"@type":"WebSite","@id":"https:\/\/deveho.com\/#website","url":"https:\/\/deveho.com\/","name":"Deveho Consulting Group","description":"Let\u2019s boost your growth","publisher":{"@id":"https:\/\/deveho.com\/#organization"},"potentialAction":[{"@type":"SearchAction","target":{"@type":"EntryPoint","urlTemplate":"https:\/\/deveho.com\/?s={search_term_string}"},"query-input":{"@type":"PropertyValueSpecification","valueRequired":true,"valueName":"search_term_string"}}],"inLanguage":"ro-RO"},{"@type":"Organization","@id":"https:\/\/deveho.com\/#organization","name":"Deveho Consulting Group","url":"https:\/\/deveho.com\/","logo":{"@type":"ImageObject","inLanguage":"ro-RO","@id":"https:\/\/deveho.com\/#\/schema\/logo\/image\/","url":"https:\/\/deveho.com\/wp-content\/uploads\/2023\/02\/DEVEHO-LOGO-Baseline-COLOR.png","contentUrl":"https:\/\/deveho.com\/wp-content\/uploads\/2023\/02\/DEVEHO-LOGO-Baseline-COLOR.png","width":2251,"height":585,"caption":"Deveho Consulting Group"},"image":{"@id":"https:\/\/deveho.com\/#\/schema\/logo\/image\/"},"sameAs":["https:\/\/www.facebook.com\/deveho","https:\/\/x.com\/Deveho1","https:\/\/www.linkedin.com\/company\/deveho-consulting\/"]}]}},"_links":{"self":[{"href":"https:\/\/deveho.com\/ro\/wp-json\/wp\/v2\/pages\/28389"}],"collection":[{"href":"https:\/\/deveho.com\/ro\/wp-json\/wp\/v2\/pages"}],"about":[{"href":"https:\/\/deveho.com\/ro\/wp-json\/wp\/v2\/types\/page"}],"author":[{"embeddable":true,"href":"https:\/\/deveho.com\/ro\/wp-json\/wp\/v2\/users\/34"}],"replies":[{"embeddable":true,"href":"https:\/\/deveho.com\/ro\/wp-json\/wp\/v2\/comments?post=28389"}],"version-history":[{"count":3,"href":"https:\/\/deveho.com\/ro\/wp-json\/wp\/v2\/pages\/28389\/revisions"}],"predecessor-version":[{"id":36317,"href":"https:\/\/deveho.com\/ro\/wp-json\/wp\/v2\/pages\/28389\/revisions\/36317"}],"up":[{"embeddable":true,"href":"https:\/\/deveho.com\/ro\/wp-json\/wp\/v2\/pages\/28370"}],"wp:attachment":[{"href":"https:\/\/deveho.com\/ro\/wp-json\/wp\/v2\/media?parent=28389"}],"curies":[{"name":"wp","href":"https:\/\/api.w.org\/{rel}","templated":true}]}}