{"id":32078,"date":"2024-07-17T15:41:28","date_gmt":"2024-07-17T13:41:28","guid":{"rendered":"https:\/\/deveho.com\/?page_id=32078"},"modified":"2024-12-13T17:08:27","modified_gmt":"2024-12-13T15:08:27","slug":"solutia-yooz","status":"publish","type":"page","link":"https:\/\/deveho.com\/ro\/produse\/sage-x3-marketplace\/solutia-yooz\/","title":{"rendered":"Solu\u021bia Yooz"},"content":{"rendered":"<br \/>\n<h2><\/h2>\n<h3>Ce este Yooz?<\/h3>\n<h3><\/h3>\n<p><p>Solu\u021bia Yooz este o solu\u021bie SaaS (Software as a Service) eficient\u0103 pentru procesarea \u0219i dematerializarea facturilor furnizorilor.<br \/>\nDe la comenzile de cump\u0103rare p\u00e2n\u0103 la primirea facturii, automatizeaz\u0103 \u00eentregul proces de achizi\u0163ie P2P (Purchase-to-Pay). Aceast lucru include integrarea ERP, procedurile de aprobare \u0219i procesarea pl\u0103\u021bilor, toate gestionate de un singur sistem unitar.<\/p>\n<\/p>\n<h2><\/h2>\n<h3>Deveho integreaz\u0103 solu\u021bia Yooz cu Sage X3<\/h3>\n<h3>Platforma noastr\u0103 de automatizare a conturilor de datorii combin\u0103 tehnologia cu simplitatea \u0219i accesibilitatea. Economisi\u021bi timp \u0219i bani \u0219i automatiza\u021bi fluxurile de lucru privind gestiunea conturilor de datorii cu Yooz.<br \/>\n<\/h3>\n<p><div style=\"width: 640px;\" class=\"wp-video\"><video class=\"wp-video-shortcode\" id=\"video-32078-2\" width=\"640\" height=\"360\" poster=\"https:\/\/deveho.com\/wp-content\/uploads\/2024\/07\/yooz-video.png\" preload=\"metadata\" controls=\"controls\"><source type=\"video\/mp4\" src=\"https:\/\/deveho.com\/wp-content\/uploads\/2024\/07\/We-Are-Yooz-EN.mp4?_=2\" \/><a href=\"https:\/\/deveho.com\/wp-content\/uploads\/2024\/07\/We-Are-Yooz-EN.mp4\">https:\/\/deveho.com\/wp-content\/uploads\/2024\/07\/We-Are-Yooz-EN.mp4<\/a><\/video><\/div>\n<\/p>\n<h3><red><b>Descoperi\u021bi de ce clien\u021bii no\u0219tri aleg Yooz!<\/red><\/b><\/h3>\n<p><p><strong>Solu\u021bia Yooz<\/strong> de automatizare a facturilor rezolv\u0103 provoc\u0103rile dumneavoastr\u0103 legate de productivitate, eficien\u021b\u0103 \u0219i conformitate.<br \/>\nAutomatiza\u021bi-v\u0103 procesele de achizi\u021bie \u0219i de facturare a clien\u021bilor cu o singur\u0103 solu\u021bie.<\/p>\n<\/p>\n<p>U\u0219or de configurat.<\/p>\n<p>Reducerea costurilor cu 80%.<\/p>\n<p>Timp de validare mai scurt.<\/p>\n<p>Vizibilitate sporit\u0103 a procesului.<\/p>\n<p>Detectarea fraudelor \u0219i securitatea documentelor.<\/p>\n<p>Risc zero la dematerializarea facturilor.<\/p>\n<h2><\/h2>\n<h3>Beneficiile Yooz<\/h3>\n<h3><\/h3>\n<\/p>\n<h2><red>EU Business School<\/red> trece la urm\u0103torul nivel de management financiar cu Sage X3 prin Deveho<\/h2>\n<\/p>\n<p>Am interfa\u021bat Yooz, o platform\u0103 de automatizare a conturilor de datorii, cu software-ul nostru academic. _ Anne-Claire Aubert, Group Finance Director la EU Business School.<\/p>\n<h2><\/h2>\n<h3>Pagini conexe<\/h3>\n<\/p>\n<h3><\/h3>\n<\/p>\n<h3><\/h3><\/p>\n","protected":false},"excerpt":{"rendered":"<p>Solu\u021bia Yooz ofer\u0103 cea mai inteligent\u0103, mai puternic\u0103 \u0219i mai u\u0219or de utilizat solu\u021bie de automatizare a factur\u0103rii electronice \u0219i a procesului de achizi\u0163ie P2P (Purchase-to-Pay) bazat\u0103 pe cloud. Ea aduce economii, vitez\u0103 \u0219i securitate de neegalat, cu abonamente la pre\u021buri rezonabile \u015fi lipsite de riscuri pentru mai mult de 5.000 de clien\u021bi \u0219i 300.000 de utilizatori din \u00eentreaga lume.<\/p>\n","protected":false},"author":34,"featured_media":0,"parent":10986,"menu_order":0,"comment_status":"closed","ping_status":"closed","template":"templates\/template-prod_serv.php","meta":{"_acf_changed":false,"footnotes":""},"class_list":["post-32078","page","type-page","status-publish","hentry"],"acf":[],"yoast_head":"<!-- This site is optimized with the Yoast SEO plugin v23.5 - https:\/\/yoast.com\/wordpress\/plugins\/seo\/ -->\n<title>Yooz solution, dematerialising suppliers invoices - Deveho<\/title>\n<meta name=\"description\" content=\"Deveho integreaz\u0103 solu\u021bia Yooz cu Sage X3. Yooz, o solu\u021bie SaaS eficient\u0103 pentru procesarea \u0219i dematerializarea facturilor furnizorilor.\" \/>\n<meta name=\"robots\" content=\"index, follow, max-snippet:-1, max-image-preview:large, max-video-preview:-1\" \/>\n<link rel=\"canonical\" href=\"https:\/\/deveho.com\/ro\/produse\/sage-x3-marketplace\/solutia-yooz\/\" \/>\n<meta property=\"og:locale\" content=\"ro_RO\" \/>\n<meta property=\"og:type\" content=\"article\" \/>\n<meta property=\"og:title\" content=\"Yooz solution, dematerialising suppliers invoices - Deveho\" \/>\n<meta property=\"og:description\" content=\"Deveho integreaz\u0103 solu\u021bia Yooz cu Sage X3. Yooz, o solu\u021bie SaaS eficient\u0103 pentru procesarea \u0219i dematerializarea facturilor furnizorilor.\" \/>\n<meta property=\"og:url\" content=\"https:\/\/deveho.com\/ro\/produse\/sage-x3-marketplace\/solutia-yooz\/\" \/>\n<meta property=\"og:site_name\" content=\"Deveho\" \/>\n<meta property=\"article:publisher\" content=\"https:\/\/www.facebook.com\/deveho\" \/>\n<meta property=\"article:modified_time\" content=\"2024-12-13T15:08:27+00:00\" \/>\n<meta name=\"twitter:card\" content=\"summary_large_image\" \/>\n<meta name=\"twitter:site\" content=\"@Deveho1\" \/>\n<meta name=\"twitter:label1\" content=\"Timp estimat pentru citire\" \/>\n\t<meta name=\"twitter:data1\" content=\"1 minut\" \/>\n<script type=\"application\/ld+json\" class=\"yoast-schema-graph\">{\"@context\":\"https:\/\/schema.org\",\"@graph\":[{\"@type\":\"WebPage\",\"@id\":\"https:\/\/deveho.com\/ro\/produse\/sage-x3-marketplace\/solutia-yooz\/\",\"url\":\"https:\/\/deveho.com\/ro\/produse\/sage-x3-marketplace\/solutia-yooz\/\",\"name\":\"Yooz solution, dematerialising suppliers invoices - Deveho\",\"isPartOf\":{\"@id\":\"https:\/\/deveho.com\/#website\"},\"datePublished\":\"2024-07-17T13:41:28+00:00\",\"dateModified\":\"2024-12-13T15:08:27+00:00\",\"description\":\"Deveho integreaz\u0103 solu\u021bia Yooz cu Sage X3. Yooz, o solu\u021bie SaaS eficient\u0103 pentru procesarea \u0219i dematerializarea facturilor furnizorilor.\",\"breadcrumb\":{\"@id\":\"https:\/\/deveho.com\/ro\/produse\/sage-x3-marketplace\/solutia-yooz\/#breadcrumb\"},\"inLanguage\":\"ro-RO\",\"potentialAction\":[{\"@type\":\"ReadAction\",\"target\":[\"https:\/\/deveho.com\/ro\/produse\/sage-x3-marketplace\/solutia-yooz\/\"]}]},{\"@type\":\"BreadcrumbList\",\"@id\":\"https:\/\/deveho.com\/ro\/produse\/sage-x3-marketplace\/solutia-yooz\/#breadcrumb\",\"itemListElement\":[{\"@type\":\"ListItem\",\"position\":1,\"name\":\"Home\",\"item\":\"https:\/\/deveho.com\/ro\/\"},{\"@type\":\"ListItem\",\"position\":2,\"name\":\"Produse\",\"item\":\"https:\/\/deveho.com\/ro\/produse\/\"},{\"@type\":\"ListItem\",\"position\":3,\"name\":\"Sage X3 Marketplace\",\"item\":\"https:\/\/deveho.com\/ro\/produse\/sage-x3-marketplace\/\"},{\"@type\":\"ListItem\",\"position\":4,\"name\":\"Solu\u021bia Yooz\"}]},{\"@type\":\"WebSite\",\"@id\":\"https:\/\/deveho.com\/#website\",\"url\":\"https:\/\/deveho.com\/\",\"name\":\"Deveho Consulting Group\",\"description\":\"Let\u2019s boost your growth\",\"publisher\":{\"@id\":\"https:\/\/deveho.com\/#organization\"},\"potentialAction\":[{\"@type\":\"SearchAction\",\"target\":{\"@type\":\"EntryPoint\",\"urlTemplate\":\"https:\/\/deveho.com\/?s={search_term_string}\"},\"query-input\":{\"@type\":\"PropertyValueSpecification\",\"valueRequired\":true,\"valueName\":\"search_term_string\"}}],\"inLanguage\":\"ro-RO\"},{\"@type\":\"Organization\",\"@id\":\"https:\/\/deveho.com\/#organization\",\"name\":\"Deveho Consulting Group\",\"url\":\"https:\/\/deveho.com\/\",\"logo\":{\"@type\":\"ImageObject\",\"inLanguage\":\"ro-RO\",\"@id\":\"https:\/\/deveho.com\/#\/schema\/logo\/image\/\",\"url\":\"https:\/\/deveho.com\/wp-content\/uploads\/2023\/02\/DEVEHO-LOGO-Baseline-COLOR.png\",\"contentUrl\":\"https:\/\/deveho.com\/wp-content\/uploads\/2023\/02\/DEVEHO-LOGO-Baseline-COLOR.png\",\"width\":2251,\"height\":585,\"caption\":\"Deveho Consulting Group\"},\"image\":{\"@id\":\"https:\/\/deveho.com\/#\/schema\/logo\/image\/\"},\"sameAs\":[\"https:\/\/www.facebook.com\/deveho\",\"https:\/\/x.com\/Deveho1\",\"https:\/\/www.linkedin.com\/company\/deveho-consulting\/\"]}]}<\/script>\n<!-- \/ Yoast SEO plugin. -->","yoast_head_json":{"title":"Yooz solution, dematerialising suppliers invoices - Deveho","description":"Deveho integreaz\u0103 solu\u021bia Yooz cu Sage X3. Yooz, o solu\u021bie SaaS eficient\u0103 pentru procesarea \u0219i dematerializarea facturilor furnizorilor.","robots":{"index":"index","follow":"follow","max-snippet":"max-snippet:-1","max-image-preview":"max-image-preview:large","max-video-preview":"max-video-preview:-1"},"canonical":"https:\/\/deveho.com\/ro\/produse\/sage-x3-marketplace\/solutia-yooz\/","og_locale":"ro_RO","og_type":"article","og_title":"Yooz solution, dematerialising suppliers invoices - Deveho","og_description":"Deveho integreaz\u0103 solu\u021bia Yooz cu Sage X3. Yooz, o solu\u021bie SaaS eficient\u0103 pentru procesarea \u0219i dematerializarea facturilor furnizorilor.","og_url":"https:\/\/deveho.com\/ro\/produse\/sage-x3-marketplace\/solutia-yooz\/","og_site_name":"Deveho","article_publisher":"https:\/\/www.facebook.com\/deveho","article_modified_time":"2024-12-13T15:08:27+00:00","twitter_card":"summary_large_image","twitter_site":"@Deveho1","twitter_misc":{"Timp estimat pentru citire":"1 minut"},"schema":{"@context":"https:\/\/schema.org","@graph":[{"@type":"WebPage","@id":"https:\/\/deveho.com\/ro\/produse\/sage-x3-marketplace\/solutia-yooz\/","url":"https:\/\/deveho.com\/ro\/produse\/sage-x3-marketplace\/solutia-yooz\/","name":"Yooz solution, dematerialising suppliers invoices - Deveho","isPartOf":{"@id":"https:\/\/deveho.com\/#website"},"datePublished":"2024-07-17T13:41:28+00:00","dateModified":"2024-12-13T15:08:27+00:00","description":"Deveho integreaz\u0103 solu\u021bia Yooz cu Sage X3. Yooz, o solu\u021bie SaaS eficient\u0103 pentru procesarea \u0219i dematerializarea facturilor furnizorilor.","breadcrumb":{"@id":"https:\/\/deveho.com\/ro\/produse\/sage-x3-marketplace\/solutia-yooz\/#breadcrumb"},"inLanguage":"ro-RO","potentialAction":[{"@type":"ReadAction","target":["https:\/\/deveho.com\/ro\/produse\/sage-x3-marketplace\/solutia-yooz\/"]}]},{"@type":"BreadcrumbList","@id":"https:\/\/deveho.com\/ro\/produse\/sage-x3-marketplace\/solutia-yooz\/#breadcrumb","itemListElement":[{"@type":"ListItem","position":1,"name":"Home","item":"https:\/\/deveho.com\/ro\/"},{"@type":"ListItem","position":2,"name":"Produse","item":"https:\/\/deveho.com\/ro\/produse\/"},{"@type":"ListItem","position":3,"name":"Sage X3 Marketplace","item":"https:\/\/deveho.com\/ro\/produse\/sage-x3-marketplace\/"},{"@type":"ListItem","position":4,"name":"Solu\u021bia Yooz"}]},{"@type":"WebSite","@id":"https:\/\/deveho.com\/#website","url":"https:\/\/deveho.com\/","name":"Deveho Consulting Group","description":"Let\u2019s boost your growth","publisher":{"@id":"https:\/\/deveho.com\/#organization"},"potentialAction":[{"@type":"SearchAction","target":{"@type":"EntryPoint","urlTemplate":"https:\/\/deveho.com\/?s={search_term_string}"},"query-input":{"@type":"PropertyValueSpecification","valueRequired":true,"valueName":"search_term_string"}}],"inLanguage":"ro-RO"},{"@type":"Organization","@id":"https:\/\/deveho.com\/#organization","name":"Deveho Consulting Group","url":"https:\/\/deveho.com\/","logo":{"@type":"ImageObject","inLanguage":"ro-RO","@id":"https:\/\/deveho.com\/#\/schema\/logo\/image\/","url":"https:\/\/deveho.com\/wp-content\/uploads\/2023\/02\/DEVEHO-LOGO-Baseline-COLOR.png","contentUrl":"https:\/\/deveho.com\/wp-content\/uploads\/2023\/02\/DEVEHO-LOGO-Baseline-COLOR.png","width":2251,"height":585,"caption":"Deveho Consulting Group"},"image":{"@id":"https:\/\/deveho.com\/#\/schema\/logo\/image\/"},"sameAs":["https:\/\/www.facebook.com\/deveho","https:\/\/x.com\/Deveho1","https:\/\/www.linkedin.com\/company\/deveho-consulting\/"]}]}},"_links":{"self":[{"href":"https:\/\/deveho.com\/ro\/wp-json\/wp\/v2\/pages\/32078"}],"collection":[{"href":"https:\/\/deveho.com\/ro\/wp-json\/wp\/v2\/pages"}],"about":[{"href":"https:\/\/deveho.com\/ro\/wp-json\/wp\/v2\/types\/page"}],"author":[{"embeddable":true,"href":"https:\/\/deveho.com\/ro\/wp-json\/wp\/v2\/users\/34"}],"replies":[{"embeddable":true,"href":"https:\/\/deveho.com\/ro\/wp-json\/wp\/v2\/comments?post=32078"}],"version-history":[{"count":3,"href":"https:\/\/deveho.com\/ro\/wp-json\/wp\/v2\/pages\/32078\/revisions"}],"predecessor-version":[{"id":36305,"href":"https:\/\/deveho.com\/ro\/wp-json\/wp\/v2\/pages\/32078\/revisions\/36305"}],"up":[{"embeddable":true,"href":"https:\/\/deveho.com\/ro\/wp-json\/wp\/v2\/pages\/10986"}],"wp:attachment":[{"href":"https:\/\/deveho.com\/ro\/wp-json\/wp\/v2\/media?parent=32078"}],"curies":[{"name":"wp","href":"https:\/\/api.w.org\/{rel}","templated":true}]}}