{"id":33002,"date":"2024-07-25T09:03:19","date_gmt":"2024-07-25T07:03:19","guid":{"rendered":"https:\/\/deveho.com\/?page_id=33002"},"modified":"2025-03-10T15:32:15","modified_gmt":"2025-03-10T13:32:15","slug":"sage-intacct-solution","status":"publish","type":"page","link":"https:\/\/deveho.com\/ro\/produse\/sage-intacct-solution\/","title":{"rendered":"Sage Intacct"},"content":{"rendered":"<br \/>\n<h2><\/h2>\n<h3><red>De ce s\u0103 alege\u021bi solu\u021bia Sage Intacct?<\/red><\/h3>\n<h3><\/h3>\n<ul>\n<li>Reduce\u021bi timpul lunar de \u00eenchidere cu p\u00e2n\u0103 la 66% prin automatizare.<\/li>\n<li>Ob\u021bine\u021bi rapoarte multidimensionale \u00een timp real. Pune\u021bi cap\u0103t prolifer\u0103rii fi\u0219ierelor Excel!<\/li>\n<li>Elibera\u021bi-v\u0103 departamentul financiar pentru a se concentra pe gestionarea cre\u0219terii afacerii.<\/li>\n<li>150 de ore de implementare rapid\u0103.<\/li>\n<li>1 miliard de apeluri API pe lun\u0103.<\/li>\n<li>100 de entit\u0103\u021bi consolidate \u00een c\u00e2teva secunde.<\/li>\n<\/ul>\n<h2>Management financiar bazat pe cloud pentru liderii financiari vizionari<\/h2>\n<\/p>\n<p>Sage Intacct este cel mai bine cotat software cloud de contabilitate \u0219i management financiar pentru satisfac\u021bia clien\u021bilor!<\/p>\n<p>Cu Sage Intacct, directorii economici \u0219i managerii financiari vizionari pot accesa rapoarte financiare \u0219i de management integrate din toate filialele \u00een c\u00e2teva minute, nu \u00een zile, astfel \u00eenc\u00e2t s\u0103 \u00ee\u0219i poat\u0103 cre\u0219te \u0219i conduce afacerile \u00een mod eficient.<\/p>\n<h2><\/h2>\n<h3><red><b>Software-ul dumneavoastr\u0103 de contabilitate pentru clien\u021bi<\/b><\/red><\/h3>\n<h3><\/h3>\n<p><p><strong>Solu\u021bia Sage Intacct<\/strong> ofer\u0103 o platform\u0103 deschis\u0103 \u015fi comunicativ\u0103 prin intermediul API-urilor sale, facilit\u00e2nd integrarea \u0219i interac\u021biunea cu o gam\u0103 larg\u0103 de solu\u021bii conexe.<br \/>\nDrept urmare, <strong>Sage Intacct<\/strong> se adapteaz\u0103 perfect nevoilor afacerii \u0219i industriei dumneavoastr\u0103.<\/p>\n<\/p>\n<h2><\/h2>\n<h3>Capabilit\u0103\u021bile Sage Intacct<\/h3>\n<h3><\/h3>\n<\/p>\n<h2><\/h2>\n<h3>Pagini conexe<\/h3>\n<\/p>\n<h3><\/h3>\n<\/p>\n<h3><\/h3><\/p>\n","protected":false},"excerpt":{"rendered":"<p>Colecta\u021bi pl\u0103\u021bile mai rapid \u0219i \u00eembun\u0103t\u0103\u021bi\u021bi-v\u0103 fluxul de numerar cu conturile de \u00eencas\u0103ri, parte din Sage Intacct.<\/p>\n","protected":false},"author":34,"featured_media":0,"parent":10805,"menu_order":0,"comment_status":"closed","ping_status":"closed","template":"templates\/template-prod_serv.php","meta":{"_acf_changed":false,"footnotes":""},"class_list":["post-33002","page","type-page","status-publish","hentry"],"acf":[],"yoast_head":"<!-- This site is optimized with the Yoast SEO plugin v23.5 - https:\/\/yoast.com\/wordpress\/plugins\/seo\/ -->\n<title>Sage Intacct solution - Customer accounting software - Deveho<\/title>\n<meta name=\"description\" content=\"With Accounts Receivable, part of Sage Intacct solution, you can collect payments faster and improve your cash flow.\" \/>\n<meta name=\"robots\" content=\"index, follow, max-snippet:-1, max-image-preview:large, max-video-preview:-1\" \/>\n<link rel=\"canonical\" href=\"https:\/\/deveho.com\/ro\/produse\/sage-intacct-solution\/\" \/>\n<meta property=\"og:locale\" content=\"ro_RO\" \/>\n<meta property=\"og:type\" content=\"article\" \/>\n<meta property=\"og:title\" content=\"Sage Intacct solution - Customer accounting software - Deveho\" \/>\n<meta property=\"og:description\" content=\"With Accounts Receivable, part of Sage Intacct solution, you can collect payments faster and improve your cash flow.\" \/>\n<meta property=\"og:url\" content=\"https:\/\/deveho.com\/ro\/produse\/sage-intacct-solution\/\" \/>\n<meta property=\"og:site_name\" content=\"Deveho\" \/>\n<meta property=\"article:publisher\" content=\"https:\/\/www.facebook.com\/deveho\" \/>\n<meta property=\"article:modified_time\" content=\"2025-03-10T13:32:15+00:00\" \/>\n<meta name=\"twitter:card\" content=\"summary_large_image\" \/>\n<meta name=\"twitter:site\" content=\"@Deveho1\" \/>\n<meta name=\"twitter:label1\" content=\"Timp estimat pentru citire\" \/>\n\t<meta name=\"twitter:data1\" content=\"1 minut\" \/>\n<script type=\"application\/ld+json\" class=\"yoast-schema-graph\">{\"@context\":\"https:\/\/schema.org\",\"@graph\":[{\"@type\":\"WebPage\",\"@id\":\"https:\/\/deveho.com\/ro\/produse\/sage-intacct-solution\/\",\"url\":\"https:\/\/deveho.com\/ro\/produse\/sage-intacct-solution\/\",\"name\":\"Sage Intacct solution - Customer accounting software - Deveho\",\"isPartOf\":{\"@id\":\"https:\/\/deveho.com\/#website\"},\"datePublished\":\"2024-07-25T07:03:19+00:00\",\"dateModified\":\"2025-03-10T13:32:15+00:00\",\"description\":\"With Accounts Receivable, part of Sage Intacct solution, you can collect payments faster and improve your cash flow.\",\"breadcrumb\":{\"@id\":\"https:\/\/deveho.com\/ro\/produse\/sage-intacct-solution\/#breadcrumb\"},\"inLanguage\":\"ro-RO\",\"potentialAction\":[{\"@type\":\"ReadAction\",\"target\":[\"https:\/\/deveho.com\/ro\/produse\/sage-intacct-solution\/\"]}]},{\"@type\":\"BreadcrumbList\",\"@id\":\"https:\/\/deveho.com\/ro\/produse\/sage-intacct-solution\/#breadcrumb\",\"itemListElement\":[{\"@type\":\"ListItem\",\"position\":1,\"name\":\"Home\",\"item\":\"https:\/\/deveho.com\/ro\/\"},{\"@type\":\"ListItem\",\"position\":2,\"name\":\"Produse\",\"item\":\"https:\/\/deveho.com\/ro\/produse\/\"},{\"@type\":\"ListItem\",\"position\":3,\"name\":\"Sage Intacct\"}]},{\"@type\":\"WebSite\",\"@id\":\"https:\/\/deveho.com\/#website\",\"url\":\"https:\/\/deveho.com\/\",\"name\":\"Deveho Consulting Group\",\"description\":\"Let\u2019s boost your growth\",\"publisher\":{\"@id\":\"https:\/\/deveho.com\/#organization\"},\"potentialAction\":[{\"@type\":\"SearchAction\",\"target\":{\"@type\":\"EntryPoint\",\"urlTemplate\":\"https:\/\/deveho.com\/?s={search_term_string}\"},\"query-input\":{\"@type\":\"PropertyValueSpecification\",\"valueRequired\":true,\"valueName\":\"search_term_string\"}}],\"inLanguage\":\"ro-RO\"},{\"@type\":\"Organization\",\"@id\":\"https:\/\/deveho.com\/#organization\",\"name\":\"Deveho Consulting Group\",\"url\":\"https:\/\/deveho.com\/\",\"logo\":{\"@type\":\"ImageObject\",\"inLanguage\":\"ro-RO\",\"@id\":\"https:\/\/deveho.com\/#\/schema\/logo\/image\/\",\"url\":\"https:\/\/deveho.com\/wp-content\/uploads\/2023\/02\/DEVEHO-LOGO-Baseline-COLOR.png\",\"contentUrl\":\"https:\/\/deveho.com\/wp-content\/uploads\/2023\/02\/DEVEHO-LOGO-Baseline-COLOR.png\",\"width\":2251,\"height\":585,\"caption\":\"Deveho Consulting Group\"},\"image\":{\"@id\":\"https:\/\/deveho.com\/#\/schema\/logo\/image\/\"},\"sameAs\":[\"https:\/\/www.facebook.com\/deveho\",\"https:\/\/x.com\/Deveho1\",\"https:\/\/www.linkedin.com\/company\/deveho-consulting\/\"]}]}<\/script>\n<!-- \/ Yoast SEO plugin. -->","yoast_head_json":{"title":"Sage Intacct solution - Customer accounting software - Deveho","description":"With Accounts Receivable, part of Sage Intacct solution, you can collect payments faster and improve your cash flow.","robots":{"index":"index","follow":"follow","max-snippet":"max-snippet:-1","max-image-preview":"max-image-preview:large","max-video-preview":"max-video-preview:-1"},"canonical":"https:\/\/deveho.com\/ro\/produse\/sage-intacct-solution\/","og_locale":"ro_RO","og_type":"article","og_title":"Sage Intacct solution - Customer accounting software - Deveho","og_description":"With Accounts Receivable, part of Sage Intacct solution, you can collect payments faster and improve your cash flow.","og_url":"https:\/\/deveho.com\/ro\/produse\/sage-intacct-solution\/","og_site_name":"Deveho","article_publisher":"https:\/\/www.facebook.com\/deveho","article_modified_time":"2025-03-10T13:32:15+00:00","twitter_card":"summary_large_image","twitter_site":"@Deveho1","twitter_misc":{"Timp estimat pentru citire":"1 minut"},"schema":{"@context":"https:\/\/schema.org","@graph":[{"@type":"WebPage","@id":"https:\/\/deveho.com\/ro\/produse\/sage-intacct-solution\/","url":"https:\/\/deveho.com\/ro\/produse\/sage-intacct-solution\/","name":"Sage Intacct solution - Customer accounting software - Deveho","isPartOf":{"@id":"https:\/\/deveho.com\/#website"},"datePublished":"2024-07-25T07:03:19+00:00","dateModified":"2025-03-10T13:32:15+00:00","description":"With Accounts Receivable, part of Sage Intacct solution, you can collect payments faster and improve your cash flow.","breadcrumb":{"@id":"https:\/\/deveho.com\/ro\/produse\/sage-intacct-solution\/#breadcrumb"},"inLanguage":"ro-RO","potentialAction":[{"@type":"ReadAction","target":["https:\/\/deveho.com\/ro\/produse\/sage-intacct-solution\/"]}]},{"@type":"BreadcrumbList","@id":"https:\/\/deveho.com\/ro\/produse\/sage-intacct-solution\/#breadcrumb","itemListElement":[{"@type":"ListItem","position":1,"name":"Home","item":"https:\/\/deveho.com\/ro\/"},{"@type":"ListItem","position":2,"name":"Produse","item":"https:\/\/deveho.com\/ro\/produse\/"},{"@type":"ListItem","position":3,"name":"Sage Intacct"}]},{"@type":"WebSite","@id":"https:\/\/deveho.com\/#website","url":"https:\/\/deveho.com\/","name":"Deveho Consulting Group","description":"Let\u2019s boost your growth","publisher":{"@id":"https:\/\/deveho.com\/#organization"},"potentialAction":[{"@type":"SearchAction","target":{"@type":"EntryPoint","urlTemplate":"https:\/\/deveho.com\/?s={search_term_string}"},"query-input":{"@type":"PropertyValueSpecification","valueRequired":true,"valueName":"search_term_string"}}],"inLanguage":"ro-RO"},{"@type":"Organization","@id":"https:\/\/deveho.com\/#organization","name":"Deveho Consulting Group","url":"https:\/\/deveho.com\/","logo":{"@type":"ImageObject","inLanguage":"ro-RO","@id":"https:\/\/deveho.com\/#\/schema\/logo\/image\/","url":"https:\/\/deveho.com\/wp-content\/uploads\/2023\/02\/DEVEHO-LOGO-Baseline-COLOR.png","contentUrl":"https:\/\/deveho.com\/wp-content\/uploads\/2023\/02\/DEVEHO-LOGO-Baseline-COLOR.png","width":2251,"height":585,"caption":"Deveho Consulting Group"},"image":{"@id":"https:\/\/deveho.com\/#\/schema\/logo\/image\/"},"sameAs":["https:\/\/www.facebook.com\/deveho","https:\/\/x.com\/Deveho1","https:\/\/www.linkedin.com\/company\/deveho-consulting\/"]}]}},"_links":{"self":[{"href":"https:\/\/deveho.com\/ro\/wp-json\/wp\/v2\/pages\/33002"}],"collection":[{"href":"https:\/\/deveho.com\/ro\/wp-json\/wp\/v2\/pages"}],"about":[{"href":"https:\/\/deveho.com\/ro\/wp-json\/wp\/v2\/types\/page"}],"author":[{"embeddable":true,"href":"https:\/\/deveho.com\/ro\/wp-json\/wp\/v2\/users\/34"}],"replies":[{"embeddable":true,"href":"https:\/\/deveho.com\/ro\/wp-json\/wp\/v2\/comments?post=33002"}],"version-history":[{"count":5,"href":"https:\/\/deveho.com\/ro\/wp-json\/wp\/v2\/pages\/33002\/revisions"}],"predecessor-version":[{"id":38766,"href":"https:\/\/deveho.com\/ro\/wp-json\/wp\/v2\/pages\/33002\/revisions\/38766"}],"up":[{"embeddable":true,"href":"https:\/\/deveho.com\/ro\/wp-json\/wp\/v2\/pages\/10805"}],"wp:attachment":[{"href":"https:\/\/deveho.com\/ro\/wp-json\/wp\/v2\/media?parent=33002"}],"curies":[{"name":"wp","href":"https:\/\/api.w.org\/{rel}","templated":true}]}}