{"id":46192,"date":"2026-01-23T17:16:36","date_gmt":"2026-01-23T15:16:36","guid":{"rendered":"https:\/\/deveho.com\/?page_id=46192"},"modified":"2026-03-09T17:00:55","modified_gmt":"2026-03-09T15:00:55","slug":"localizare","status":"publish","type":"page","link":"https:\/\/deveho.com\/ro\/acasa\/localizare\/","title":{"rendered":"Localizare"},"content":{"rendered":"<br \/>\n<h2><\/h2>\n<h3><red>Pachete de localizare<\/red> <br \/>Deveho<\/h3>\n<h3>Un pachet de localizare este o colec\u021bie de actualiz\u0103ri, module \u0219i extensii preconfigurate, concepute pentru a asigura conformitatea Sage X3 cu cerin\u021bele legale \u0219i de reglementare locale ale unei anumite \u021b\u0103ri sau regiuni.<\/h3>\n<p><p>Pachetul nostru de localizare faciliteaz\u0103 utilizarea eficient\u0103 \u0219i conform\u0103 a solu\u021biei de c\u0103tre utilizatorii locali din cadrul organiza\u021biilor multina\u021bionale. Pe l\u00e2ng\u0103 componentele de reglementare obligatorii din punct de vedere normativ, pachetul include func\u021bionalit\u0103\u021bi op\u021bionale care, de\u0219i nu sunt obligatorii din punct de vedere legal, sunt foarte apreciate de utilizatorii locali. Pachetul de localizare vizeaz\u0103 \u00een principal domeniul financiar \u0219i cel contabil, deoarece aceste arii sunt supuse celor mai mari varia\u021bii legislative. De asemenea, acesta acoper\u0103 cerin\u021bele de raportare obligatorii \u0219i pentru alte domenii func\u021bionale.<\/p>\n<p>Fiecare versiune include, de asemenea, suport lingvistic, oferind o limb\u0103 de conectare local\u0103 \u0219i con\u021binut tradus, cu anumite excep\u021bii, cum ar fi ajutorul online,extensiile externe (add-on-urile) \u0219i anumite rapoarte selectate<\/p>\n<p><img loading=\"lazy\" decoding=\"async\" class=\"aligncenter wp-image-45536 size-full\" src=\"https:\/\/deveho.com\/wp-content\/uploads\/2026\/01\/Map-legislations.png\" alt=\"\" width=\"1996\" height=\"1294\" srcset=\"https:\/\/deveho.com\/wp-content\/uploads\/2026\/01\/Map-legislations.png 1996w, https:\/\/deveho.com\/wp-content\/uploads\/2026\/01\/Map-legislations-300x194.png 300w, https:\/\/deveho.com\/wp-content\/uploads\/2026\/01\/Map-legislations-1024x664.png 1024w, https:\/\/deveho.com\/wp-content\/uploads\/2026\/01\/Map-legislations-150x97.png 150w, https:\/\/deveho.com\/wp-content\/uploads\/2026\/01\/Map-legislations-768x498.png 768w, https:\/\/deveho.com\/wp-content\/uploads\/2026\/01\/Map-legislations-1536x996.png 1536w, https:\/\/deveho.com\/wp-content\/uploads\/2026\/01\/Map-legislations-1920x1245.png 1920w\" sizes=\"(max-width: 1996px) 100vw, 1996px\" \/><\/p>\n<p>&nbsp;<\/p>\n<\/p>\n<h2>Localizare <red>Caracteristici principale<\/red><\/h2>\n<h3>Suport\u0103 mai multe limbi<\/h3>\n<p><p>Echipa noastr\u0103 diversificat\u0103 reune\u0219te peste 18 na\u021bionalit\u0103\u021bi \u0219i limbi vorbite, asigur\u00e2nd o comunicare fluid\u0103 peste grani\u021be \u0219i garant\u00e2nd un suport eficient pentru clien\u021bii din multiple regiuni<\/p>\n<\/p>\n<h3>Compatibil cu legisla\u021bii multiple<\/h3>\n<p><p>Deveho \u0219i-a dezvoltat propriile versiuni legislative prin intermediul a 8 extensii externe (add-on-uri) de localizare dedicate, acoperind \u021a\u0103rile de Jos, Rom\u00e2nia, Republica Ceh\u0103, Slovacia, Ungaria, Lituania, Letonia \u0219i Maroc.<\/p>\n<\/p>\n<h3>Activeaz\u0103 la nivel interna\u021bional \/ Acoperire geografic\u0103 extins\u0103<\/h3>\n<p><p>Deveho Consulting Group este al\u0103turi de proiectele dumneavoastr\u0103 de dezvoltare la nivel local \u0219i interna\u021bional. Obiectivul nostru este s\u0103 fim cu adev\u0103rat \u201e<strong>GLOCAL\u201d<\/strong>, ac\u021bion\u00e2nd ca un partener pe termen lung, oriunde v\u0103 desf\u0103\u0219ura\u021bi activitatea.<\/p>\n<\/p>\n<h3>\u00cen deplin\u0103 conformitate cu standardele interna\u021bionale<\/h3>\n<p><p>Proiect\u0103m solu\u021bii de localizare care se aliniaz\u0103 complet cadrelor legale na\u021bionale, p\u0103str\u00e2nd \u00een acela\u0219i timp coeren\u021ba cu standardele globale ale Sage X3.<\/p>\n<\/p>\n<h2><\/h2>\n<h3>Prezentare general\u0103 a<red> localiz\u0103rii <\/red>Deveho<\/h3>\n<h3><red><b>Conformitate legislativ\u0103 \u0219i reglementar\u0103<\/red><\/b> <br \/>Pe pia\u021ba global\u0103 actual\u0103, asigurarea conformit\u0103\u021bii cu reglement\u0103rile este esen\u021bial\u0103 pentru a p\u0103trunde cu succes \u0219i a opera \u00een regiuni noi. La Deveho, suntem specializa\u021bi \u00een gestionarea peisajelor legislative complexe pentru a ne asigura c\u0103 afacerea dvs. \u00eendepline\u0219te toate cerin\u021bele legale \u0219i specifice industriei pe diverse pie\u021be. Abordarea noastr\u0103 de localizare integreaz\u0103 conformitatea \u00een fiecare etap\u0103, de la adaptarea con\u021binutului p\u00e2n\u0103 la integrarea sistemului.<\/h3>\n<p><p>&nbsp;<\/p>\n<table style=\"height: 721px;\" width=\"2079\">\n<tbody>\n<tr>\n<td style=\"text-align: center;\" width=\"85\"><strong>Caracteristic\u0103\/ \u021bar\u0103<\/strong><\/td>\n<td style=\"text-align: center;\" width=\"76\"><strong>Limba<\/strong><\/td>\n<td style=\"text-align: center;\" width=\"85\"><strong>Declaratia TVA<\/strong><\/td>\n<td style=\"text-align: center;\" width=\"85\"><strong>Declaratie UE<\/strong><\/td>\n<td style=\"text-align: center;\" width=\"66\"><strong>Intrastat<\/strong><\/td>\n<td style=\"text-align: center;\" width=\"57\"><strong>Mijloace fixe<\/strong><\/td>\n<td style=\"text-align: center;\" width=\"47\"><strong>Stoc<\/strong><\/td>\n<td style=\"text-align: center;\" width=\"76\"><strong>Import curs valutar<\/strong><\/td>\n<td style=\"text-align: center;\" width=\"57\"><strong>Partener colectiv<\/strong><\/td>\n<td style=\"text-align: center;\" width=\"76\"><strong>Factur\u0103 electronic\u0103<\/strong><\/td>\n<td style=\"text-align: center;\" width=\"47\"><strong>Saf-t<\/strong><\/td>\n<\/tr>\n<tr>\n<td width=\"85\"><strong>Republica Ceh\u0103<\/strong><\/td>\n<td width=\"76\">\u2713<\/td>\n<td width=\"85\">\u2713<\/td>\n<td width=\"85\">\u2713<\/td>\n<td width=\"66\">\u2713<\/td>\n<td width=\"57\">\u2713<\/td>\n<td width=\"47\">\u2713<\/td>\n<td width=\"76\">\u2713<\/td>\n<td width=\"57\">\u2713<\/td>\n<td width=\"76\"><\/td>\n<td width=\"47\"><\/td>\n<\/tr>\n<tr>\n<td width=\"85\"><strong>Ungaria<\/strong><\/td>\n<td width=\"76\">\u2713<\/td>\n<td width=\"85\">\u2713<\/td>\n<td width=\"85\">\u2713<\/td>\n<td width=\"66\">\u2713<\/td>\n<td width=\"57\">\u2713<\/td>\n<td width=\"47\">\u2713<\/td>\n<td width=\"76\">\u2713<\/td>\n<td width=\"57\">\u2713<\/td>\n<td width=\"76\">\u2713<\/td>\n<td width=\"47\"><\/td>\n<\/tr>\n<tr>\n<td width=\"85\"><strong>Letonia<\/strong><\/td>\n<td width=\"76\">\u2713<\/td>\n<td width=\"85\">\u2713<\/td>\n<td width=\"85\">\u2713<\/td>\n<td width=\"66\">\u2713<\/td>\n<td width=\"57\">\u2713<\/td>\n<td width=\"47\">\u2713<\/td>\n<td width=\"76\">\u2713<\/td>\n<td width=\"57\"><\/td>\n<td width=\"76\">1\/1\/2028<\/td>\n<td width=\"47\"><\/td>\n<\/tr>\n<tr>\n<td width=\"85\"><strong>Lituania<\/strong><\/td>\n<td width=\"76\">\u2713<\/td>\n<td width=\"85\">\u2713<\/td>\n<td width=\"85\">\u2713<\/td>\n<td width=\"66\">\u2713<\/td>\n<td width=\"57\">\u2713<\/td>\n<td width=\"47\">\u2713<\/td>\n<td width=\"76\">\u2713<\/td>\n<td width=\"57\"><\/td>\n<td width=\"76\">1\/1\/2028<\/td>\n<td width=\"47\">\u2713<\/td>\n<\/tr>\n<tr>\n<td width=\"85\"><strong>Rom\u00e2nia<\/strong><\/td>\n<td width=\"76\">\u2713<\/td>\n<td width=\"85\">\u2713<\/td>\n<td width=\"85\">\u2713<\/td>\n<td width=\"66\">\u2713<\/td>\n<td width=\"57\">\u2713<\/td>\n<td width=\"47\">\u2713<\/td>\n<td width=\"76\">\u2713<\/td>\n<td width=\"57\">\u2713<\/td>\n<td width=\"76\">\u2713<\/td>\n<td width=\"47\">\u2713<\/td>\n<\/tr>\n<tr>\n<td width=\"85\"><strong><br \/>\nSlovacia<br \/>\n<\/strong><\/td>\n<td width=\"76\">\u2713<\/td>\n<td width=\"85\">\u2713<\/td>\n<td width=\"85\">\u2713<\/td>\n<td width=\"66\">\u2713<\/td>\n<td width=\"57\">\u2713<\/td>\n<td width=\"47\">\u2713<\/td>\n<td width=\"76\"><\/td>\n<td width=\"57\"><\/td>\n<td width=\"76\">1\/1\/2027<\/td>\n<td width=\"47\"><\/td>\n<\/tr>\n<tr>\n<td width=\"85\"><strong>Olanda<\/strong><\/td>\n<td width=\"76\">\u2713<\/td>\n<td width=\"85\">\u2713<\/td>\n<td width=\"85\">\u2713<\/td>\n<td width=\"66\">\u2713<\/td>\n<td width=\"57\">\u2713<\/td>\n<td width=\"47\">\u2713<\/td>\n<td width=\"76\"><\/td>\n<td width=\"57\"><\/td>\n<td width=\"76\"><\/td>\n<td width=\"47\"><\/td>\n<\/tr>\n<\/tbody>\n<\/table>\n<h2><\/h2>\n<h3><red>Legislatia <\/red>noastra<\/h3>\n<h3>8 localiz\u0103ri standard<\/h3>\n<\/p>\n<h2><\/h2>\n<h3><b>Ghidul nostru privind <red>legisla\u021bia ter\u021bilor<\/red><\/b><\/h3>\n<h3>Acest ghid v\u0103 ajut\u0103 s\u0103 identifica\u021bi solu\u021bii diverse care \u00eendeplinesc cerin\u021bele normative locale, men\u021bin\u00e2nd \u00een acela\u0219i timp standarde ridicate de calitate \u0219i compatibilitate.<\/h3>\n<p><p><a href=\"https:\/\/www.sage.com\/en-gb\/\" target=\"_blank\" rel=\"noopener\"><img loading=\"lazy\" decoding=\"async\" class=\"aligncenter wp-image-44634\" src=\"https:\/\/deveho.com\/wp-content\/uploads\/2025\/12\/Sage_Partner-Badge_Black_RGB.png\" alt=\"Sage partner bagde for Localisations page\" width=\"387\" height=\"117\" srcset=\"https:\/\/deveho.com\/wp-content\/uploads\/2025\/12\/Sage_Partner-Badge_Black_RGB.png 1706w, https:\/\/deveho.com\/wp-content\/uploads\/2025\/12\/Sage_Partner-Badge_Black_RGB-300x91.png 300w, https:\/\/deveho.com\/wp-content\/uploads\/2025\/12\/Sage_Partner-Badge_Black_RGB-1024x310.png 1024w, https:\/\/deveho.com\/wp-content\/uploads\/2025\/12\/Sage_Partner-Badge_Black_RGB-150x45.png 150w, https:\/\/deveho.com\/wp-content\/uploads\/2025\/12\/Sage_Partner-Badge_Black_RGB-768x232.png 768w, https:\/\/deveho.com\/wp-content\/uploads\/2025\/12\/Sage_Partner-Badge_Black_RGB-1536x465.png 1536w\" sizes=\"(max-width: 387px) 100vw, 387px\" \/><\/a><\/p>\n<p>&nbsp;<\/p>\n<p>Pentru mai multe detalii, v\u0103 rug\u0103m s\u0103 contacta\u021bi echipa noastr\u0103 de v\u00e2nz\u0103ri.<\/p>\n<\/p>\n<h2><\/h2>\n<h3>Cum implement\u0103m localizarea?<\/h3>\n<h3><\/h3>\n<p><p>Implementarea localiz\u0103rii depinde at\u00e2t de \u021bara \u00een cauz\u0103, c\u00e2t \u0219i de complexitatea proceselor dvs. de afaceri. Prin urmare, fiecare proiect este abordat individual.<\/p>\n<p>Obiectivul nostru este s\u0103 conducem proiectul dvs. de localizare c\u0103tre un succes reciproc, <strong>asigur\u00e2nd controlul deplin asupra calit\u0103\u021bii, bugetului \u0219i termenelor.<\/strong> Colabor\u0103m \u00eendeaproape cu echipele dvs. pentru a analiza cerin\u021bele locale, a defini domeniul de aplicare adecvat \u0219i a oferi o solu\u021bie care s\u0103 fie pe deplin conform\u0103, r\u0103m\u00e2n\u00e2nd \u00een acela\u0219i timp aliniat\u0103 nevoilor dvs. opera\u021bionale.<\/p>\n<p>Pe parcursul \u00eentregului proiect, consultan\u021bii no\u0219tri experimenta\u021bi aplic\u0103 metodologii \u0219i bune practici dovedite pentru a garanta o implementare f\u0103r\u0103 probleme, fiabil\u0103 \u0219i eficient\u0103.<\/p>\n<\/p>\n<h2><\/h2>\n<h3><red>Odat\u0103 ce localizarea este implementat\u0103, ce urmeaz\u0103?<\/red><\/h3>\n<h3><\/h3>\n<p><p>Localizarea nu este o activitate punctual\u0103. Reglement\u0103rile evolueaz\u0103 constant, iar respectarea acestora este esen\u021bial\u0103.<\/p>\n<p>\u00cen parteneriat cu o firm\u0103 de audit renumit\u0103, oferim \u00eendrumare juridic\u0103 continu\u0103 \u0219i anticip\u0103m modific\u0103rile legislative prin actualiz\u0103ri periodice ale versiunilor localizate ale <strong>Sage X3<\/strong>. Astfel, sistemul dvs. r\u0103m\u00e2ne conform cu legisla\u021bia local\u0103 \u0219i aliniat la cele mai bune practici de pe pia\u021b\u0103.<\/p>\n<p>Abordarea noastr\u0103 de asisten\u021b\u0103 pe termen lung v\u0103 permite s\u0103 v\u0103 concentra\u021bi asupra activit\u0103\u021bii dvs. principale, \u00een timp ce noi ne ocup\u0103m de monitorizarea \u0219i integrarea evolu\u021biilor legislative \u0219i normative.<\/p>\n<\/p>\n<h2><\/h2>\n<h3>Actualiz\u0103ri \u0219i revizuiri<\/h3>\n<h3><\/h3>\n<p><p>Actualiz\u0103rile pachetelor de localizare sunt determinate \u00een principal de modific\u0103rile reglement\u0103rilor locale. \u00cen str\u00e2ns\u0103 colaborare cu consultan\u021bii \u0219i partenerii no\u0219tri juridici, monitoriz\u0103m continuu cerin\u021bele legale din fiecare pia\u021b\u0103 \u0219i oferim solu\u021bii \u00een timp util pentru a asigura conformitatea cu legisla\u021bia local\u0103.<\/p>\n<p>\u00cen paralel, urm\u0103m planul nostru intern de dezvoltare a produsului pentru a introduce \u00eembun\u0103t\u0103\u021biri \u0219i optimiz\u0103ri func\u021bionale. Ne angaj\u0103m s\u0103 inform\u0103m clien\u021bii no\u0219tri cu privire la sfera de aplicare \u0219i evolu\u021bia func\u021biilor de localizare.<\/p>\n<p>\u00cen paralel, urm\u0103m planul nostru intern de dezvoltare a produsului pentru a introduce \u00eembun\u0103t\u0103\u021biri \u0219i optimiz\u0103ri func\u021bionale. Ne angaj\u0103m s\u0103 inform\u0103m clien\u021bii no\u0219tri cu privire la sfera de aplicare \u0219i evolu\u021bia func\u021biilor de localizare.<\/p><\/p>\n","protected":false},"excerpt":{"rendered":"<p>\u00cen calitate de partener de afaceri Sage, Deveho Consulting Group public\u0103 versiuni standard localizare ale Sage X3. Oferim un catalog de versiuni localizate ale nucleului Sage X3. Versiunile noastre legislative acoper\u0103 cerin\u021bele fiscale \u0219i practicile locale. De asemenea, acestea ofer\u0103 parametri preconfigura\u021bi pentru a asigura conformitatea cu constr\u00e2ngerile legale \u0219i regulile contabile locale.<\/p>\n","protected":false},"author":34,"featured_media":0,"parent":9341,"menu_order":0,"comment_status":"closed","ping_status":"closed","template":"templates\/template-prod_serv.php","meta":{"_acf_changed":false,"footnotes":""},"class_list":["post-46192","page","type-page","status-publish","hentry"],"acf":[],"yoast_head":"<!-- This site is optimized with the Yoast SEO plugin v23.5 - https:\/\/yoast.com\/wordpress\/plugins\/seo\/ -->\n<title>Localizare<\/title>\n<meta name=\"description\" content=\"\u00cen calitate de partener Sage, Deveho public\u0103 versiuni standard localizare ale Sage X3, inclusiv propriile noastre pachete legislative care acoper\u0103 8 \u021b\u0103ri.\" \/>\n<meta name=\"robots\" content=\"index, follow, max-snippet:-1, max-image-preview:large, max-video-preview:-1\" \/>\n<link rel=\"canonical\" href=\"https:\/\/deveho.com\/ro\/acasa\/localizare\/\" \/>\n<meta property=\"og:locale\" content=\"ro_RO\" \/>\n<meta property=\"og:type\" content=\"article\" \/>\n<meta property=\"og:title\" content=\"Localizare\" \/>\n<meta property=\"og:description\" content=\"\u00cen calitate de partener Sage, Deveho public\u0103 versiuni standard localizare ale Sage X3, inclusiv propriile noastre pachete legislative care acoper\u0103 8 \u021b\u0103ri.\" \/>\n<meta property=\"og:url\" content=\"https:\/\/deveho.com\/ro\/acasa\/localizare\/\" \/>\n<meta property=\"og:site_name\" content=\"Deveho\" \/>\n<meta property=\"article:publisher\" content=\"https:\/\/www.facebook.com\/deveho\" \/>\n<meta property=\"article:modified_time\" content=\"2026-03-09T15:00:55+00:00\" \/>\n<meta property=\"og:image\" content=\"https:\/\/deveho.com\/wp-content\/uploads\/2026\/01\/Map-legislations.png\" \/>\n<meta name=\"twitter:card\" content=\"summary_large_image\" \/>\n<meta name=\"twitter:site\" content=\"@Deveho1\" \/>\n<meta name=\"twitter:label1\" content=\"Timp estimat pentru citire\" \/>\n\t<meta name=\"twitter:data1\" content=\"4 minute\" \/>\n<script type=\"application\/ld+json\" class=\"yoast-schema-graph\">{\"@context\":\"https:\/\/schema.org\",\"@graph\":[{\"@type\":\"WebPage\",\"@id\":\"https:\/\/deveho.com\/ro\/acasa\/localizare\/\",\"url\":\"https:\/\/deveho.com\/ro\/acasa\/localizare\/\",\"name\":\"Localizare\",\"isPartOf\":{\"@id\":\"https:\/\/deveho.com\/#website\"},\"primaryImageOfPage\":{\"@id\":\"https:\/\/deveho.com\/ro\/acasa\/localizare\/#primaryimage\"},\"image\":{\"@id\":\"https:\/\/deveho.com\/ro\/acasa\/localizare\/#primaryimage\"},\"thumbnailUrl\":\"https:\/\/deveho.com\/wp-content\/uploads\/2026\/01\/Map-legislations.png\",\"datePublished\":\"2026-01-23T15:16:36+00:00\",\"dateModified\":\"2026-03-09T15:00:55+00:00\",\"description\":\"\u00cen calitate de partener Sage, Deveho public\u0103 versiuni standard localizare ale Sage X3, inclusiv propriile noastre pachete legislative care acoper\u0103 8 \u021b\u0103ri.\",\"breadcrumb\":{\"@id\":\"https:\/\/deveho.com\/ro\/acasa\/localizare\/#breadcrumb\"},\"inLanguage\":\"ro-RO\",\"potentialAction\":[{\"@type\":\"ReadAction\",\"target\":[\"https:\/\/deveho.com\/ro\/acasa\/localizare\/\"]}]},{\"@type\":\"ImageObject\",\"inLanguage\":\"ro-RO\",\"@id\":\"https:\/\/deveho.com\/ro\/acasa\/localizare\/#primaryimage\",\"url\":\"https:\/\/deveho.com\/wp-content\/uploads\/2026\/01\/Map-legislations.png\",\"contentUrl\":\"https:\/\/deveho.com\/wp-content\/uploads\/2026\/01\/Map-legislations.png\"},{\"@type\":\"BreadcrumbList\",\"@id\":\"https:\/\/deveho.com\/ro\/acasa\/localizare\/#breadcrumb\",\"itemListElement\":[{\"@type\":\"ListItem\",\"position\":1,\"name\":\"Home\",\"item\":\"https:\/\/deveho.com\/ro\/\"},{\"@type\":\"ListItem\",\"position\":2,\"name\":\"Home\",\"item\":\"https:\/\/deveho.com\/ro\/\"},{\"@type\":\"ListItem\",\"position\":3,\"name\":\"Localizare\"}]},{\"@type\":\"WebSite\",\"@id\":\"https:\/\/deveho.com\/#website\",\"url\":\"https:\/\/deveho.com\/\",\"name\":\"Deveho Consulting Group\",\"description\":\"Let\u2019s boost your growth\",\"publisher\":{\"@id\":\"https:\/\/deveho.com\/#organization\"},\"potentialAction\":[{\"@type\":\"SearchAction\",\"target\":{\"@type\":\"EntryPoint\",\"urlTemplate\":\"https:\/\/deveho.com\/?s={search_term_string}\"},\"query-input\":{\"@type\":\"PropertyValueSpecification\",\"valueRequired\":true,\"valueName\":\"search_term_string\"}}],\"inLanguage\":\"ro-RO\"},{\"@type\":\"Organization\",\"@id\":\"https:\/\/deveho.com\/#organization\",\"name\":\"Deveho Consulting Group\",\"url\":\"https:\/\/deveho.com\/\",\"logo\":{\"@type\":\"ImageObject\",\"inLanguage\":\"ro-RO\",\"@id\":\"https:\/\/deveho.com\/#\/schema\/logo\/image\/\",\"url\":\"https:\/\/deveho.com\/wp-content\/uploads\/2023\/02\/DEVEHO-LOGO-Baseline-COLOR.png\",\"contentUrl\":\"https:\/\/deveho.com\/wp-content\/uploads\/2023\/02\/DEVEHO-LOGO-Baseline-COLOR.png\",\"width\":2251,\"height\":585,\"caption\":\"Deveho Consulting Group\"},\"image\":{\"@id\":\"https:\/\/deveho.com\/#\/schema\/logo\/image\/\"},\"sameAs\":[\"https:\/\/www.facebook.com\/deveho\",\"https:\/\/x.com\/Deveho1\",\"https:\/\/www.linkedin.com\/company\/deveho-consulting\/\"]}]}<\/script>\n<!-- \/ Yoast SEO plugin. -->","yoast_head_json":{"title":"Localizare","description":"\u00cen calitate de partener Sage, Deveho public\u0103 versiuni standard localizare ale Sage X3, inclusiv propriile noastre pachete legislative care acoper\u0103 8 \u021b\u0103ri.","robots":{"index":"index","follow":"follow","max-snippet":"max-snippet:-1","max-image-preview":"max-image-preview:large","max-video-preview":"max-video-preview:-1"},"canonical":"https:\/\/deveho.com\/ro\/acasa\/localizare\/","og_locale":"ro_RO","og_type":"article","og_title":"Localizare","og_description":"\u00cen calitate de partener Sage, Deveho public\u0103 versiuni standard localizare ale Sage X3, inclusiv propriile noastre pachete legislative care acoper\u0103 8 \u021b\u0103ri.","og_url":"https:\/\/deveho.com\/ro\/acasa\/localizare\/","og_site_name":"Deveho","article_publisher":"https:\/\/www.facebook.com\/deveho","article_modified_time":"2026-03-09T15:00:55+00:00","og_image":[{"url":"https:\/\/deveho.com\/wp-content\/uploads\/2026\/01\/Map-legislations.png"}],"twitter_card":"summary_large_image","twitter_site":"@Deveho1","twitter_misc":{"Timp estimat pentru citire":"4 minute"},"schema":{"@context":"https:\/\/schema.org","@graph":[{"@type":"WebPage","@id":"https:\/\/deveho.com\/ro\/acasa\/localizare\/","url":"https:\/\/deveho.com\/ro\/acasa\/localizare\/","name":"Localizare","isPartOf":{"@id":"https:\/\/deveho.com\/#website"},"primaryImageOfPage":{"@id":"https:\/\/deveho.com\/ro\/acasa\/localizare\/#primaryimage"},"image":{"@id":"https:\/\/deveho.com\/ro\/acasa\/localizare\/#primaryimage"},"thumbnailUrl":"https:\/\/deveho.com\/wp-content\/uploads\/2026\/01\/Map-legislations.png","datePublished":"2026-01-23T15:16:36+00:00","dateModified":"2026-03-09T15:00:55+00:00","description":"\u00cen calitate de partener Sage, Deveho public\u0103 versiuni standard localizare ale Sage X3, inclusiv propriile noastre pachete legislative care acoper\u0103 8 \u021b\u0103ri.","breadcrumb":{"@id":"https:\/\/deveho.com\/ro\/acasa\/localizare\/#breadcrumb"},"inLanguage":"ro-RO","potentialAction":[{"@type":"ReadAction","target":["https:\/\/deveho.com\/ro\/acasa\/localizare\/"]}]},{"@type":"ImageObject","inLanguage":"ro-RO","@id":"https:\/\/deveho.com\/ro\/acasa\/localizare\/#primaryimage","url":"https:\/\/deveho.com\/wp-content\/uploads\/2026\/01\/Map-legislations.png","contentUrl":"https:\/\/deveho.com\/wp-content\/uploads\/2026\/01\/Map-legislations.png"},{"@type":"BreadcrumbList","@id":"https:\/\/deveho.com\/ro\/acasa\/localizare\/#breadcrumb","itemListElement":[{"@type":"ListItem","position":1,"name":"Home","item":"https:\/\/deveho.com\/ro\/"},{"@type":"ListItem","position":2,"name":"Home","item":"https:\/\/deveho.com\/ro\/"},{"@type":"ListItem","position":3,"name":"Localizare"}]},{"@type":"WebSite","@id":"https:\/\/deveho.com\/#website","url":"https:\/\/deveho.com\/","name":"Deveho Consulting Group","description":"Let\u2019s boost your growth","publisher":{"@id":"https:\/\/deveho.com\/#organization"},"potentialAction":[{"@type":"SearchAction","target":{"@type":"EntryPoint","urlTemplate":"https:\/\/deveho.com\/?s={search_term_string}"},"query-input":{"@type":"PropertyValueSpecification","valueRequired":true,"valueName":"search_term_string"}}],"inLanguage":"ro-RO"},{"@type":"Organization","@id":"https:\/\/deveho.com\/#organization","name":"Deveho Consulting Group","url":"https:\/\/deveho.com\/","logo":{"@type":"ImageObject","inLanguage":"ro-RO","@id":"https:\/\/deveho.com\/#\/schema\/logo\/image\/","url":"https:\/\/deveho.com\/wp-content\/uploads\/2023\/02\/DEVEHO-LOGO-Baseline-COLOR.png","contentUrl":"https:\/\/deveho.com\/wp-content\/uploads\/2023\/02\/DEVEHO-LOGO-Baseline-COLOR.png","width":2251,"height":585,"caption":"Deveho Consulting Group"},"image":{"@id":"https:\/\/deveho.com\/#\/schema\/logo\/image\/"},"sameAs":["https:\/\/www.facebook.com\/deveho","https:\/\/x.com\/Deveho1","https:\/\/www.linkedin.com\/company\/deveho-consulting\/"]}]}},"_links":{"self":[{"href":"https:\/\/deveho.com\/ro\/wp-json\/wp\/v2\/pages\/46192"}],"collection":[{"href":"https:\/\/deveho.com\/ro\/wp-json\/wp\/v2\/pages"}],"about":[{"href":"https:\/\/deveho.com\/ro\/wp-json\/wp\/v2\/types\/page"}],"author":[{"embeddable":true,"href":"https:\/\/deveho.com\/ro\/wp-json\/wp\/v2\/users\/34"}],"replies":[{"embeddable":true,"href":"https:\/\/deveho.com\/ro\/wp-json\/wp\/v2\/comments?post=46192"}],"version-history":[{"count":23,"href":"https:\/\/deveho.com\/ro\/wp-json\/wp\/v2\/pages\/46192\/revisions"}],"predecessor-version":[{"id":47016,"href":"https:\/\/deveho.com\/ro\/wp-json\/wp\/v2\/pages\/46192\/revisions\/47016"}],"up":[{"embeddable":true,"href":"https:\/\/deveho.com\/ro\/wp-json\/wp\/v2\/pages\/9341"}],"wp:attachment":[{"href":"https:\/\/deveho.com\/ro\/wp-json\/wp\/v2\/media?parent=46192"}],"curies":[{"name":"wp","href":"https:\/\/api.w.org\/{rel}","templated":true}]}}