{"id":8969,"date":"2022-02-15T10:29:32","date_gmt":"2022-02-15T10:29:32","guid":{"rendered":"https:\/\/deveho2.sfdbeta.be\/manager-financiar\/"},"modified":"2022-10-28T11:07:53","modified_gmt":"2022-10-28T09:07:53","slug":"manager-financiar","status":"publish","type":"page","link":"https:\/\/deveho.com\/ro\/profiluri\/manager-financiar\/","title":{"rendered":"Manager financiar"},"content":{"rendered":"<br \/>\n<h2><b> <red>Este timpul s\u0103 schimba\u021bi modul \u00een care afacerea dumneavoastr\u0103 \u00ee\u0219i gestioneaz\u0103 procesele financiare? <\/red>   <\/b><\/h2>\n<h3>Obiectivele dumneavoastr\u0103 <\/h3>\n<ul>\n<li>Armonizarea proceselor<\/li>\n<li>Simplifica\u021bi facturarea \u0219i \u00eencas\u0103rile<\/li>\n<li>Eliminarea erorilor de contabilitate \u0219i a redundan\u021bei \u00een ceea ce prive\u0219te p\u0103strarea \u00eenregistr\u0103rilor<\/li>\n<li>Asigura\u021bi conformitatea cu reglement\u0103rile fiscale \u0219i contabile<\/li>\n<li>Oferi\u021bi flexibilitate \u0219i posibilit\u0103\u021bi de extindere<\/li>\n<\/ul>\n<h3>Beneficiile unui software ERP<\/h3>\n<ul>\n<li>Managementul transferului de date (inclusiv planificarea, organizarea, structurarea, prelucrarea, controlul, evaluarea \u0219i raportarea activit\u0103\u021bilor de informare).<\/li>\n<li>Controlul \u0219i gestionarea riscurilor<\/li>\n<li>Sprijin pentru dezvoltare \u0219i opera\u021biuni interna\u021bionale<\/li>\n<li>Date inteligente pentru analize \u0219i audit<\/li>\n<\/ul>\n<h2><\/h2>\n<h3>Pagini conexe<\/h3><\/p>\n","protected":false},"excerpt":{"rendered":"<p>Sistemele eficiente de management financiar \u00eembun\u0103t\u0103\u021besc performan\u021ba afacerii prin alegerea SAGE X3.<\/p>\n","protected":false},"author":6,"featured_media":0,"parent":10865,"menu_order":0,"comment_status":"closed","ping_status":"closed","template":"templates\/template-inner.php","meta":{"_acf_changed":false,"footnotes":""},"class_list":["post-8969","page","type-page","status-publish","hentry"],"acf":[],"yoast_head":"<!-- This site is optimized with the Yoast SEO plugin v23.5 - https:\/\/yoast.com\/wordpress\/plugins\/seo\/ -->\n<title>Manager financiar - Deveho<\/title>\n<meta name=\"robots\" content=\"index, follow, max-snippet:-1, max-image-preview:large, max-video-preview:-1\" \/>\n<link rel=\"canonical\" href=\"https:\/\/deveho.com\/profiles\/finance-manager\/\" \/>\n<meta property=\"og:locale\" content=\"ro_RO\" \/>\n<meta property=\"og:type\" content=\"article\" \/>\n<meta property=\"og:title\" content=\"Manager financiar - Deveho\" \/>\n<meta property=\"og:description\" content=\"Sistemele eficiente de management financiar \u00eembun\u0103t\u0103\u021besc performan\u021ba afacerii prin alegerea SAGE X3.\" \/>\n<meta property=\"og:url\" content=\"https:\/\/deveho.com\/profiles\/finance-manager\/\" \/>\n<meta property=\"og:site_name\" content=\"Deveho\" \/>\n<meta property=\"article:publisher\" content=\"https:\/\/www.facebook.com\/deveho\" \/>\n<meta property=\"article:modified_time\" content=\"2022-10-28T09:07:53+00:00\" \/>\n<meta name=\"twitter:card\" content=\"summary_large_image\" \/>\n<meta name=\"twitter:site\" content=\"@Deveho1\" \/>\n<script type=\"application\/ld+json\" class=\"yoast-schema-graph\">{\"@context\":\"https:\/\/schema.org\",\"@graph\":[{\"@type\":\"WebPage\",\"@id\":\"https:\/\/deveho.com\/profiles\/finance-manager\/\",\"url\":\"https:\/\/deveho.com\/profiles\/finance-manager\/\",\"name\":\"Manager financiar - Deveho\",\"isPartOf\":{\"@id\":\"https:\/\/deveho.com\/#website\"},\"datePublished\":\"2022-02-15T10:29:32+00:00\",\"dateModified\":\"2022-10-28T09:07:53+00:00\",\"breadcrumb\":{\"@id\":\"https:\/\/deveho.com\/profiles\/finance-manager\/#breadcrumb\"},\"inLanguage\":\"ro-RO\",\"potentialAction\":[{\"@type\":\"ReadAction\",\"target\":[\"https:\/\/deveho.com\/profiles\/finance-manager\/\"]}]},{\"@type\":\"BreadcrumbList\",\"@id\":\"https:\/\/deveho.com\/profiles\/finance-manager\/#breadcrumb\",\"itemListElement\":[{\"@type\":\"ListItem\",\"position\":1,\"name\":\"Home\",\"item\":\"https:\/\/deveho.com\/ro\/\"},{\"@type\":\"ListItem\",\"position\":2,\"name\":\"Profiluri\",\"item\":\"https:\/\/deveho.com\/ro\/profiluri\/\"},{\"@type\":\"ListItem\",\"position\":3,\"name\":\"Manager financiar\"}]},{\"@type\":\"WebSite\",\"@id\":\"https:\/\/deveho.com\/#website\",\"url\":\"https:\/\/deveho.com\/\",\"name\":\"Deveho Consulting Group\",\"description\":\"Let\u2019s boost your growth\",\"publisher\":{\"@id\":\"https:\/\/deveho.com\/#organization\"},\"potentialAction\":[{\"@type\":\"SearchAction\",\"target\":{\"@type\":\"EntryPoint\",\"urlTemplate\":\"https:\/\/deveho.com\/?s={search_term_string}\"},\"query-input\":{\"@type\":\"PropertyValueSpecification\",\"valueRequired\":true,\"valueName\":\"search_term_string\"}}],\"inLanguage\":\"ro-RO\"},{\"@type\":\"Organization\",\"@id\":\"https:\/\/deveho.com\/#organization\",\"name\":\"Deveho Consulting Group\",\"url\":\"https:\/\/deveho.com\/\",\"logo\":{\"@type\":\"ImageObject\",\"inLanguage\":\"ro-RO\",\"@id\":\"https:\/\/deveho.com\/#\/schema\/logo\/image\/\",\"url\":\"https:\/\/deveho.com\/wp-content\/uploads\/2023\/02\/DEVEHO-LOGO-Baseline-COLOR.png\",\"contentUrl\":\"https:\/\/deveho.com\/wp-content\/uploads\/2023\/02\/DEVEHO-LOGO-Baseline-COLOR.png\",\"width\":2251,\"height\":585,\"caption\":\"Deveho Consulting Group\"},\"image\":{\"@id\":\"https:\/\/deveho.com\/#\/schema\/logo\/image\/\"},\"sameAs\":[\"https:\/\/www.facebook.com\/deveho\",\"https:\/\/x.com\/Deveho1\",\"https:\/\/www.linkedin.com\/company\/deveho-consulting\/\"]}]}<\/script>\n<!-- \/ Yoast SEO plugin. -->","yoast_head_json":{"title":"Manager financiar - Deveho","robots":{"index":"index","follow":"follow","max-snippet":"max-snippet:-1","max-image-preview":"max-image-preview:large","max-video-preview":"max-video-preview:-1"},"canonical":"https:\/\/deveho.com\/profiles\/finance-manager\/","og_locale":"ro_RO","og_type":"article","og_title":"Manager financiar - Deveho","og_description":"Sistemele eficiente de management financiar \u00eembun\u0103t\u0103\u021besc performan\u021ba afacerii prin alegerea SAGE X3.","og_url":"https:\/\/deveho.com\/profiles\/finance-manager\/","og_site_name":"Deveho","article_publisher":"https:\/\/www.facebook.com\/deveho","article_modified_time":"2022-10-28T09:07:53+00:00","twitter_card":"summary_large_image","twitter_site":"@Deveho1","schema":{"@context":"https:\/\/schema.org","@graph":[{"@type":"WebPage","@id":"https:\/\/deveho.com\/profiles\/finance-manager\/","url":"https:\/\/deveho.com\/profiles\/finance-manager\/","name":"Manager financiar - Deveho","isPartOf":{"@id":"https:\/\/deveho.com\/#website"},"datePublished":"2022-02-15T10:29:32+00:00","dateModified":"2022-10-28T09:07:53+00:00","breadcrumb":{"@id":"https:\/\/deveho.com\/profiles\/finance-manager\/#breadcrumb"},"inLanguage":"ro-RO","potentialAction":[{"@type":"ReadAction","target":["https:\/\/deveho.com\/profiles\/finance-manager\/"]}]},{"@type":"BreadcrumbList","@id":"https:\/\/deveho.com\/profiles\/finance-manager\/#breadcrumb","itemListElement":[{"@type":"ListItem","position":1,"name":"Home","item":"https:\/\/deveho.com\/ro\/"},{"@type":"ListItem","position":2,"name":"Profiluri","item":"https:\/\/deveho.com\/ro\/profiluri\/"},{"@type":"ListItem","position":3,"name":"Manager financiar"}]},{"@type":"WebSite","@id":"https:\/\/deveho.com\/#website","url":"https:\/\/deveho.com\/","name":"Deveho Consulting Group","description":"Let\u2019s boost your growth","publisher":{"@id":"https:\/\/deveho.com\/#organization"},"potentialAction":[{"@type":"SearchAction","target":{"@type":"EntryPoint","urlTemplate":"https:\/\/deveho.com\/?s={search_term_string}"},"query-input":{"@type":"PropertyValueSpecification","valueRequired":true,"valueName":"search_term_string"}}],"inLanguage":"ro-RO"},{"@type":"Organization","@id":"https:\/\/deveho.com\/#organization","name":"Deveho Consulting Group","url":"https:\/\/deveho.com\/","logo":{"@type":"ImageObject","inLanguage":"ro-RO","@id":"https:\/\/deveho.com\/#\/schema\/logo\/image\/","url":"https:\/\/deveho.com\/wp-content\/uploads\/2023\/02\/DEVEHO-LOGO-Baseline-COLOR.png","contentUrl":"https:\/\/deveho.com\/wp-content\/uploads\/2023\/02\/DEVEHO-LOGO-Baseline-COLOR.png","width":2251,"height":585,"caption":"Deveho Consulting Group"},"image":{"@id":"https:\/\/deveho.com\/#\/schema\/logo\/image\/"},"sameAs":["https:\/\/www.facebook.com\/deveho","https:\/\/x.com\/Deveho1","https:\/\/www.linkedin.com\/company\/deveho-consulting\/"]}]}},"_links":{"self":[{"href":"https:\/\/deveho.com\/ro\/wp-json\/wp\/v2\/pages\/8969"}],"collection":[{"href":"https:\/\/deveho.com\/ro\/wp-json\/wp\/v2\/pages"}],"about":[{"href":"https:\/\/deveho.com\/ro\/wp-json\/wp\/v2\/types\/page"}],"author":[{"embeddable":true,"href":"https:\/\/deveho.com\/ro\/wp-json\/wp\/v2\/users\/6"}],"replies":[{"embeddable":true,"href":"https:\/\/deveho.com\/ro\/wp-json\/wp\/v2\/comments?post=8969"}],"version-history":[{"count":0,"href":"https:\/\/deveho.com\/ro\/wp-json\/wp\/v2\/pages\/8969\/revisions"}],"up":[{"embeddable":true,"href":"https:\/\/deveho.com\/ro\/wp-json\/wp\/v2\/pages\/10865"}],"wp:attachment":[{"href":"https:\/\/deveho.com\/ro\/wp-json\/wp\/v2\/media?parent=8969"}],"curies":[{"name":"wp","href":"https:\/\/api.w.org\/{rel}","templated":true}]}}