{"id":9086,"date":"2022-02-21T14:01:38","date_gmt":"2022-02-21T14:01:38","guid":{"rendered":"https:\/\/deveho2.sfdbeta.be\/financiar\/"},"modified":"2022-10-28T10:25:56","modified_gmt":"2022-10-28T08:25:56","slug":"financiar","status":"publish","type":"page","link":"https:\/\/deveho.com\/ro\/sectoare-de-activitate\/financiar\/","title":{"rendered":"Financiar"},"content":{"rendered":"<br \/>\n<h3>Beneficiile <red> Dumneavoastr\u0103<b><\/b><\/red>   <\/h3>\n<p><p>Acum ve\u021bi avea o mai bun\u0103 satisfac\u021bie a clien\u021bilor, asigur\u00e2ndu-v\u0103 c\u0103 toat\u0103 lumea are informa\u021biile de care are nevoie pentru a r\u0103spunde eficient \u0219i rapid la solicit\u0103ri \u0219i pentru a rezolva orice reclama\u021bii sau dispute. Cheie pentru industria serviciilor financiare, v\u0103 ve\u021bi cre\u0219te, de asemenea, veniturile, asigur\u00e2ndu-v\u0103 c\u0103 toate oportunit\u0103\u021bile de v\u00e2nzare sunt captate, urm\u0103rite \u0219i convertite, asigur\u00e2ndu-v\u0103 \u00een acela\u0219i timp c\u0103 sunt negociate cele mai bune pre\u021buri posibile cu furnizorii \u0219i c\u0103 rela\u021biile sunt gestionate \u00een mod optim.<\/p>\n<\/p>\n<p>Contabilitate pe centre de cost si bugete<\/p>\n<p>Func\u021bionalitate de import\/export<\/p>\n<p>Contabilitate pe conturi locale,de grup si IFRS<\/p>\n<p>Posibilit\u0103\u021bi multilegislative <\/p>\n<p>Controla\u021bi-v\u0103 rezultatele cu precizie<\/p>\n<p>Beneficia\u021bi de vizibilitate global\u0103 \u00een timp real.<\/p>\n<p>Respectarea cerin\u021belor locale.<\/p>\n<h2><b><red>Caracteristici<\/b><\/red> <b>Sage X3<\/b><\/h2>\n<h3><\/h3>\n<p><p>Registru general cu mai multe planuri de conturi<\/p>\n<\/p>\n<h3><\/h3>\n<p><p>Crean\u021be, datorii<\/p>\n<\/p>\n<h3><\/h3>\n<p><p>Gestionarea fluxurilor de numerar(Cash flow management)<\/p>\n<\/p>\n<h3><\/h3>\n<p><p>Managementul bancilor<\/p>\n<\/p>\n<h3><\/h3>\n<p><p>Contabilitatea analitic\u0103 \u0219i a costurilor<\/p>\n<\/p>\n<h3><\/h3>\n<p><p>Cheltuieli<\/p>\n<\/p>\n<h3><\/h3>\n<p><p>Bugetele \u0219i angajamentele<\/p>\n<\/p>\n<h2><\/h2>\n<h3>Pagini conexe<\/h3><\/p>\n","protected":false},"excerpt":{"rendered":"<p>Beneficiile Dumneavoastr\u0103 Acum ve\u021bi avea o mai bun\u0103 satisfac\u021bie a clien\u021bilor, asigur\u00e2ndu-v\u0103 c\u0103 toat\u0103 lumea are informa\u021biile de care are nevoie pentru a r\u0103spunde eficient \u0219i rapid la solicit\u0103ri \u0219i pentru a rezolva orice reclama\u021bii sau dispute. Cheie pentru industria serviciilor financiare, v\u0103 ve\u021bi cre\u0219te, de asemenea, veniturile, asigur\u00e2ndu-v\u0103 c\u0103 toate oportunit\u0103\u021bile de v\u00e2nzare sunt [&hellip;]<\/p>\n","protected":false},"author":3,"featured_media":0,"parent":10864,"menu_order":0,"comment_status":"closed","ping_status":"closed","template":"templates\/template-inner.php","meta":{"_acf_changed":false,"footnotes":""},"class_list":["post-9086","page","type-page","status-publish","hentry"],"acf":[],"yoast_head":"<!-- This site is optimized with the Yoast SEO plugin v23.5 - https:\/\/yoast.com\/wordpress\/plugins\/seo\/ -->\n<title>Financiar - Deveho<\/title>\n<meta name=\"robots\" content=\"index, follow, max-snippet:-1, max-image-preview:large, max-video-preview:-1\" \/>\n<link rel=\"canonical\" href=\"https:\/\/deveho.com\/sectors\/finance\/\" \/>\n<meta property=\"og:locale\" content=\"ro_RO\" \/>\n<meta property=\"og:type\" content=\"article\" \/>\n<meta property=\"og:title\" content=\"Financiar - Deveho\" \/>\n<meta property=\"og:description\" content=\"Beneficiile Dumneavoastr\u0103 Acum ve\u021bi avea o mai bun\u0103 satisfac\u021bie a clien\u021bilor, asigur\u00e2ndu-v\u0103 c\u0103 toat\u0103 lumea are informa\u021biile de care are nevoie pentru a r\u0103spunde eficient \u0219i rapid la solicit\u0103ri \u0219i pentru a rezolva orice reclama\u021bii sau dispute. Cheie pentru industria serviciilor financiare, v\u0103 ve\u021bi cre\u0219te, de asemenea, veniturile, asigur\u00e2ndu-v\u0103 c\u0103 toate oportunit\u0103\u021bile de v\u00e2nzare sunt [&hellip;]\" \/>\n<meta property=\"og:url\" content=\"https:\/\/deveho.com\/sectors\/finance\/\" \/>\n<meta property=\"og:site_name\" content=\"Deveho\" \/>\n<meta property=\"article:publisher\" content=\"https:\/\/www.facebook.com\/deveho\" \/>\n<meta property=\"article:modified_time\" content=\"2022-10-28T08:25:56+00:00\" \/>\n<meta name=\"twitter:card\" content=\"summary_large_image\" \/>\n<meta name=\"twitter:site\" content=\"@Deveho1\" \/>\n<meta name=\"twitter:label1\" content=\"Timp estimat pentru citire\" \/>\n\t<meta name=\"twitter:data1\" content=\"1 minut\" \/>\n<script type=\"application\/ld+json\" class=\"yoast-schema-graph\">{\"@context\":\"https:\/\/schema.org\",\"@graph\":[{\"@type\":\"WebPage\",\"@id\":\"https:\/\/deveho.com\/sectors\/finance\/\",\"url\":\"https:\/\/deveho.com\/sectors\/finance\/\",\"name\":\"Financiar - Deveho\",\"isPartOf\":{\"@id\":\"https:\/\/deveho.com\/#website\"},\"datePublished\":\"2022-02-21T14:01:38+00:00\",\"dateModified\":\"2022-10-28T08:25:56+00:00\",\"breadcrumb\":{\"@id\":\"https:\/\/deveho.com\/sectors\/finance\/#breadcrumb\"},\"inLanguage\":\"ro-RO\",\"potentialAction\":[{\"@type\":\"ReadAction\",\"target\":[\"https:\/\/deveho.com\/sectors\/finance\/\"]}]},{\"@type\":\"BreadcrumbList\",\"@id\":\"https:\/\/deveho.com\/sectors\/finance\/#breadcrumb\",\"itemListElement\":[{\"@type\":\"ListItem\",\"position\":1,\"name\":\"Home\",\"item\":\"https:\/\/deveho.com\/ro\/\"},{\"@type\":\"ListItem\",\"position\":2,\"name\":\"Sectoare\",\"item\":\"https:\/\/deveho.com\/sectors\/\"},{\"@type\":\"ListItem\",\"position\":3,\"name\":\"Financiar\"}]},{\"@type\":\"WebSite\",\"@id\":\"https:\/\/deveho.com\/#website\",\"url\":\"https:\/\/deveho.com\/\",\"name\":\"Deveho Consulting Group\",\"description\":\"Let\u2019s boost your growth\",\"publisher\":{\"@id\":\"https:\/\/deveho.com\/#organization\"},\"potentialAction\":[{\"@type\":\"SearchAction\",\"target\":{\"@type\":\"EntryPoint\",\"urlTemplate\":\"https:\/\/deveho.com\/?s={search_term_string}\"},\"query-input\":{\"@type\":\"PropertyValueSpecification\",\"valueRequired\":true,\"valueName\":\"search_term_string\"}}],\"inLanguage\":\"ro-RO\"},{\"@type\":\"Organization\",\"@id\":\"https:\/\/deveho.com\/#organization\",\"name\":\"Deveho Consulting Group\",\"url\":\"https:\/\/deveho.com\/\",\"logo\":{\"@type\":\"ImageObject\",\"inLanguage\":\"ro-RO\",\"@id\":\"https:\/\/deveho.com\/#\/schema\/logo\/image\/\",\"url\":\"https:\/\/deveho.com\/wp-content\/uploads\/2023\/02\/DEVEHO-LOGO-Baseline-COLOR.png\",\"contentUrl\":\"https:\/\/deveho.com\/wp-content\/uploads\/2023\/02\/DEVEHO-LOGO-Baseline-COLOR.png\",\"width\":2251,\"height\":585,\"caption\":\"Deveho Consulting Group\"},\"image\":{\"@id\":\"https:\/\/deveho.com\/#\/schema\/logo\/image\/\"},\"sameAs\":[\"https:\/\/www.facebook.com\/deveho\",\"https:\/\/x.com\/Deveho1\",\"https:\/\/www.linkedin.com\/company\/deveho-consulting\/\"]}]}<\/script>\n<!-- \/ Yoast SEO plugin. -->","yoast_head_json":{"title":"Financiar - Deveho","robots":{"index":"index","follow":"follow","max-snippet":"max-snippet:-1","max-image-preview":"max-image-preview:large","max-video-preview":"max-video-preview:-1"},"canonical":"https:\/\/deveho.com\/sectors\/finance\/","og_locale":"ro_RO","og_type":"article","og_title":"Financiar - Deveho","og_description":"Beneficiile Dumneavoastr\u0103 Acum ve\u021bi avea o mai bun\u0103 satisfac\u021bie a clien\u021bilor, asigur\u00e2ndu-v\u0103 c\u0103 toat\u0103 lumea are informa\u021biile de care are nevoie pentru a r\u0103spunde eficient \u0219i rapid la solicit\u0103ri \u0219i pentru a rezolva orice reclama\u021bii sau dispute. Cheie pentru industria serviciilor financiare, v\u0103 ve\u021bi cre\u0219te, de asemenea, veniturile, asigur\u00e2ndu-v\u0103 c\u0103 toate oportunit\u0103\u021bile de v\u00e2nzare sunt [&hellip;]","og_url":"https:\/\/deveho.com\/sectors\/finance\/","og_site_name":"Deveho","article_publisher":"https:\/\/www.facebook.com\/deveho","article_modified_time":"2022-10-28T08:25:56+00:00","twitter_card":"summary_large_image","twitter_site":"@Deveho1","twitter_misc":{"Timp estimat pentru citire":"1 minut"},"schema":{"@context":"https:\/\/schema.org","@graph":[{"@type":"WebPage","@id":"https:\/\/deveho.com\/sectors\/finance\/","url":"https:\/\/deveho.com\/sectors\/finance\/","name":"Financiar - Deveho","isPartOf":{"@id":"https:\/\/deveho.com\/#website"},"datePublished":"2022-02-21T14:01:38+00:00","dateModified":"2022-10-28T08:25:56+00:00","breadcrumb":{"@id":"https:\/\/deveho.com\/sectors\/finance\/#breadcrumb"},"inLanguage":"ro-RO","potentialAction":[{"@type":"ReadAction","target":["https:\/\/deveho.com\/sectors\/finance\/"]}]},{"@type":"BreadcrumbList","@id":"https:\/\/deveho.com\/sectors\/finance\/#breadcrumb","itemListElement":[{"@type":"ListItem","position":1,"name":"Home","item":"https:\/\/deveho.com\/ro\/"},{"@type":"ListItem","position":2,"name":"Sectoare","item":"https:\/\/deveho.com\/sectors\/"},{"@type":"ListItem","position":3,"name":"Financiar"}]},{"@type":"WebSite","@id":"https:\/\/deveho.com\/#website","url":"https:\/\/deveho.com\/","name":"Deveho Consulting Group","description":"Let\u2019s boost your growth","publisher":{"@id":"https:\/\/deveho.com\/#organization"},"potentialAction":[{"@type":"SearchAction","target":{"@type":"EntryPoint","urlTemplate":"https:\/\/deveho.com\/?s={search_term_string}"},"query-input":{"@type":"PropertyValueSpecification","valueRequired":true,"valueName":"search_term_string"}}],"inLanguage":"ro-RO"},{"@type":"Organization","@id":"https:\/\/deveho.com\/#organization","name":"Deveho Consulting Group","url":"https:\/\/deveho.com\/","logo":{"@type":"ImageObject","inLanguage":"ro-RO","@id":"https:\/\/deveho.com\/#\/schema\/logo\/image\/","url":"https:\/\/deveho.com\/wp-content\/uploads\/2023\/02\/DEVEHO-LOGO-Baseline-COLOR.png","contentUrl":"https:\/\/deveho.com\/wp-content\/uploads\/2023\/02\/DEVEHO-LOGO-Baseline-COLOR.png","width":2251,"height":585,"caption":"Deveho Consulting Group"},"image":{"@id":"https:\/\/deveho.com\/#\/schema\/logo\/image\/"},"sameAs":["https:\/\/www.facebook.com\/deveho","https:\/\/x.com\/Deveho1","https:\/\/www.linkedin.com\/company\/deveho-consulting\/"]}]}},"_links":{"self":[{"href":"https:\/\/deveho.com\/ro\/wp-json\/wp\/v2\/pages\/9086"}],"collection":[{"href":"https:\/\/deveho.com\/ro\/wp-json\/wp\/v2\/pages"}],"about":[{"href":"https:\/\/deveho.com\/ro\/wp-json\/wp\/v2\/types\/page"}],"author":[{"embeddable":true,"href":"https:\/\/deveho.com\/ro\/wp-json\/wp\/v2\/users\/3"}],"replies":[{"embeddable":true,"href":"https:\/\/deveho.com\/ro\/wp-json\/wp\/v2\/comments?post=9086"}],"version-history":[{"count":0,"href":"https:\/\/deveho.com\/ro\/wp-json\/wp\/v2\/pages\/9086\/revisions"}],"up":[{"embeddable":true,"href":"https:\/\/deveho.com\/ro\/wp-json\/wp\/v2\/pages\/10864"}],"wp:attachment":[{"href":"https:\/\/deveho.com\/ro\/wp-json\/wp\/v2\/media?parent=9086"}],"curies":[{"name":"wp","href":"https:\/\/api.w.org\/{rel}","templated":true}]}}