{"id":9299,"date":"2022-02-28T08:50:19","date_gmt":"2022-02-28T08:50:19","guid":{"rendered":"https:\/\/deveho2.sfdbeta.be\/industrie\/"},"modified":"2022-10-27T17:15:11","modified_gmt":"2022-10-27T15:15:11","slug":"industrie","status":"publish","type":"page","link":"https:\/\/deveho.com\/ro\/sectoare-de-activitate\/industrie\/","title":{"rendered":"Industrie"},"content":{"rendered":"<br \/>\n<h3>Beneficiile<b> Dumneavoastr\u0103<red><\/b><\/red>   <\/h3>\n<p><p>Sage X3 v\u0103 permite s\u0103 v\u0103 gestiona\u021bi toate activit\u0103\u021bile (achizi\u021bii, depozitare, v\u00e2nz\u0103ri \u0219i aspectele financiare) mai rapid \u0219i mai eficient \u0219i v\u0103 ofer\u0103 mai mult\u0103 claritate \u00een ceea ce prive\u0219te costurile \u0219i marjele. Rezultatul este o eficientizare a proceselor de v\u00e2nzare, o cre\u0219tere a veniturilor, o imagine de ansamblu mai precis\u0103 a stocurilor \u0219i o mai bun\u0103 planificare a cererii.<\/p>\n<p>&#8211; High-Tech<br \/>\n&#8211; Echipamente industriale<br \/>\n&#8211; Dispozitive medicale<br \/>\n&#8211; Fabricarea metalelor<\/p>\n<\/p>\n<p>R\u0103spunde\u021bi mai rapid la cerin\u021bele \u00een schimbare ale clien\u021bilor \u0219i gestiona\u021bi mai bine fluctua\u021biile.<\/p>\n<p>Adapta\u021bi-v\u0103 rapid la noile reglement\u0103ri \u0219i cerin\u021be de conformitate.<\/p>\n<p>Reduce\u021bi la minimum de\u0219eurile, riscurile de contaminare \u0219i costurile cauzate de devers\u0103ri.<\/p>\n<p>Reduce\u021bi riscul \u0219i volumul retururilor, asigur\u00e2nd calitatea \u0219i siguran\u021ba constant\u0103 a produselor dumneavoastr\u0103.<\/p>\n<h2><b><red>Caracteristici<\/b><\/red> <b>Sage X3<\/b><\/h2>\n<h3><\/h3>\n<p><p>Managementul proceselor de fabrica\u021bie (discontinuu\/continu)<\/p>\n<\/p>\n<h3><\/h3>\n<p><p>Planificarea necesarului de capacitate (CRP) \u0219i programul general de produc\u021bie (MPS)<\/p>\n<\/p>\n<h3><\/h3>\n<p><p>Planificarea proceselor de fabrica\u021bie \u00een mod mixt<\/p>\n<\/p>\n<h3><\/h3>\n<p><p>Gestionarea formulelor\/re\u021betelor \u0219i a gradului de eficien\u021b\u0103<\/p>\n<\/p>\n<h3><\/h3>\n<p><p>Control extins al calit\u0103\u021bii \u0219i trasabilitatea loturilor, subloturilor, ingredientelor \u0219i alergenilor.<\/p>\n<\/p>\n<h3><\/h3>\n<p><p>Programare forward\/backward \u00een func\u021bie de priorit\u0103\u021bile dvs.<\/p>\n<\/p>\n<h3><\/h3>\n<p><p>Situa\u021bia stocurilor, gestionarea duratei de valabilitate \u0219i urm\u0103rirea datei de expirare pentru a asigura calitatea pe tot parcursul lan\u021bului de aprovizionare<\/p>\n<\/p>\n<h3><\/h3>\n<p><p>Reaprovizionare \u0219i transferuri \u00eentre loca\u021bii<\/p>\n<\/p>\n<h2><\/h2>\n<h3>Pagini conexe<\/h3>\n<\/p>\n<h3><\/h3>\n<\/p>\n<h3><\/h3><\/p>\n","protected":false},"excerpt":{"rendered":"<p>Pe o pia\u021b\u0103 din ce \u00een ce mai global\u0103, c\u00e2\u0219tigarea de noi pie\u021be, satisfacerea clien\u021bilor, furnizarea de produse \u0219i servicii de \u00eenalt\u0103 calitate \u0219i orientarea afacerii \u00een direc\u021bia corect\u0103 sunt preocup\u0103ri majore pentru companiile de distribu\u021bie. <\/p>\n","protected":false},"author":3,"featured_media":0,"parent":10864,"menu_order":0,"comment_status":"closed","ping_status":"closed","template":"templates\/template-inner.php","meta":{"_acf_changed":false,"footnotes":""},"class_list":["post-9299","page","type-page","status-publish","hentry"],"acf":[],"yoast_head":"<!-- This site is optimized with the Yoast SEO plugin v23.5 - https:\/\/yoast.com\/wordpress\/plugins\/seo\/ -->\n<title>Industrie - Deveho<\/title>\n<meta name=\"robots\" content=\"index, follow, max-snippet:-1, max-image-preview:large, max-video-preview:-1\" \/>\n<link rel=\"canonical\" href=\"https:\/\/deveho.com\/sectors\/industry\/\" \/>\n<meta property=\"og:locale\" content=\"ro_RO\" \/>\n<meta property=\"og:type\" content=\"article\" \/>\n<meta property=\"og:title\" content=\"Industrie - Deveho\" \/>\n<meta property=\"og:description\" content=\"Pe o pia\u021b\u0103 din ce \u00een ce mai global\u0103, c\u00e2\u0219tigarea de noi pie\u021be, satisfacerea clien\u021bilor, furnizarea de produse \u0219i servicii de \u00eenalt\u0103 calitate \u0219i orientarea afacerii \u00een direc\u021bia corect\u0103 sunt preocup\u0103ri majore pentru companiile de distribu\u021bie.\" \/>\n<meta property=\"og:url\" content=\"https:\/\/deveho.com\/sectors\/industry\/\" \/>\n<meta property=\"og:site_name\" content=\"Deveho\" \/>\n<meta property=\"article:publisher\" content=\"https:\/\/www.facebook.com\/deveho\" \/>\n<meta property=\"article:modified_time\" content=\"2022-10-27T15:15:11+00:00\" \/>\n<meta name=\"twitter:card\" content=\"summary_large_image\" \/>\n<meta name=\"twitter:site\" content=\"@Deveho1\" \/>\n<meta name=\"twitter:label1\" content=\"Timp estimat pentru citire\" \/>\n\t<meta name=\"twitter:data1\" content=\"1 minut\" \/>\n<script type=\"application\/ld+json\" class=\"yoast-schema-graph\">{\"@context\":\"https:\/\/schema.org\",\"@graph\":[{\"@type\":\"WebPage\",\"@id\":\"https:\/\/deveho.com\/sectors\/industry\/\",\"url\":\"https:\/\/deveho.com\/sectors\/industry\/\",\"name\":\"Industrie - Deveho\",\"isPartOf\":{\"@id\":\"https:\/\/deveho.com\/#website\"},\"datePublished\":\"2022-02-28T08:50:19+00:00\",\"dateModified\":\"2022-10-27T15:15:11+00:00\",\"breadcrumb\":{\"@id\":\"https:\/\/deveho.com\/sectors\/industry\/#breadcrumb\"},\"inLanguage\":\"ro-RO\",\"potentialAction\":[{\"@type\":\"ReadAction\",\"target\":[\"https:\/\/deveho.com\/sectors\/industry\/\"]}]},{\"@type\":\"BreadcrumbList\",\"@id\":\"https:\/\/deveho.com\/sectors\/industry\/#breadcrumb\",\"itemListElement\":[{\"@type\":\"ListItem\",\"position\":1,\"name\":\"Home\",\"item\":\"https:\/\/deveho.com\/ro\/\"},{\"@type\":\"ListItem\",\"position\":2,\"name\":\"Sectoare\",\"item\":\"https:\/\/deveho.com\/sectors\/\"},{\"@type\":\"ListItem\",\"position\":3,\"name\":\"Industrie\"}]},{\"@type\":\"WebSite\",\"@id\":\"https:\/\/deveho.com\/#website\",\"url\":\"https:\/\/deveho.com\/\",\"name\":\"Deveho Consulting Group\",\"description\":\"Let\u2019s boost your growth\",\"publisher\":{\"@id\":\"https:\/\/deveho.com\/#organization\"},\"potentialAction\":[{\"@type\":\"SearchAction\",\"target\":{\"@type\":\"EntryPoint\",\"urlTemplate\":\"https:\/\/deveho.com\/?s={search_term_string}\"},\"query-input\":{\"@type\":\"PropertyValueSpecification\",\"valueRequired\":true,\"valueName\":\"search_term_string\"}}],\"inLanguage\":\"ro-RO\"},{\"@type\":\"Organization\",\"@id\":\"https:\/\/deveho.com\/#organization\",\"name\":\"Deveho Consulting Group\",\"url\":\"https:\/\/deveho.com\/\",\"logo\":{\"@type\":\"ImageObject\",\"inLanguage\":\"ro-RO\",\"@id\":\"https:\/\/deveho.com\/#\/schema\/logo\/image\/\",\"url\":\"https:\/\/deveho.com\/wp-content\/uploads\/2023\/02\/DEVEHO-LOGO-Baseline-COLOR.png\",\"contentUrl\":\"https:\/\/deveho.com\/wp-content\/uploads\/2023\/02\/DEVEHO-LOGO-Baseline-COLOR.png\",\"width\":2251,\"height\":585,\"caption\":\"Deveho Consulting Group\"},\"image\":{\"@id\":\"https:\/\/deveho.com\/#\/schema\/logo\/image\/\"},\"sameAs\":[\"https:\/\/www.facebook.com\/deveho\",\"https:\/\/x.com\/Deveho1\",\"https:\/\/www.linkedin.com\/company\/deveho-consulting\/\"]}]}<\/script>\n<!-- \/ Yoast SEO plugin. -->","yoast_head_json":{"title":"Industrie - Deveho","robots":{"index":"index","follow":"follow","max-snippet":"max-snippet:-1","max-image-preview":"max-image-preview:large","max-video-preview":"max-video-preview:-1"},"canonical":"https:\/\/deveho.com\/sectors\/industry\/","og_locale":"ro_RO","og_type":"article","og_title":"Industrie - Deveho","og_description":"Pe o pia\u021b\u0103 din ce \u00een ce mai global\u0103, c\u00e2\u0219tigarea de noi pie\u021be, satisfacerea clien\u021bilor, furnizarea de produse \u0219i servicii de \u00eenalt\u0103 calitate \u0219i orientarea afacerii \u00een direc\u021bia corect\u0103 sunt preocup\u0103ri majore pentru companiile de distribu\u021bie.","og_url":"https:\/\/deveho.com\/sectors\/industry\/","og_site_name":"Deveho","article_publisher":"https:\/\/www.facebook.com\/deveho","article_modified_time":"2022-10-27T15:15:11+00:00","twitter_card":"summary_large_image","twitter_site":"@Deveho1","twitter_misc":{"Timp estimat pentru citire":"1 minut"},"schema":{"@context":"https:\/\/schema.org","@graph":[{"@type":"WebPage","@id":"https:\/\/deveho.com\/sectors\/industry\/","url":"https:\/\/deveho.com\/sectors\/industry\/","name":"Industrie - Deveho","isPartOf":{"@id":"https:\/\/deveho.com\/#website"},"datePublished":"2022-02-28T08:50:19+00:00","dateModified":"2022-10-27T15:15:11+00:00","breadcrumb":{"@id":"https:\/\/deveho.com\/sectors\/industry\/#breadcrumb"},"inLanguage":"ro-RO","potentialAction":[{"@type":"ReadAction","target":["https:\/\/deveho.com\/sectors\/industry\/"]}]},{"@type":"BreadcrumbList","@id":"https:\/\/deveho.com\/sectors\/industry\/#breadcrumb","itemListElement":[{"@type":"ListItem","position":1,"name":"Home","item":"https:\/\/deveho.com\/ro\/"},{"@type":"ListItem","position":2,"name":"Sectoare","item":"https:\/\/deveho.com\/sectors\/"},{"@type":"ListItem","position":3,"name":"Industrie"}]},{"@type":"WebSite","@id":"https:\/\/deveho.com\/#website","url":"https:\/\/deveho.com\/","name":"Deveho Consulting Group","description":"Let\u2019s boost your growth","publisher":{"@id":"https:\/\/deveho.com\/#organization"},"potentialAction":[{"@type":"SearchAction","target":{"@type":"EntryPoint","urlTemplate":"https:\/\/deveho.com\/?s={search_term_string}"},"query-input":{"@type":"PropertyValueSpecification","valueRequired":true,"valueName":"search_term_string"}}],"inLanguage":"ro-RO"},{"@type":"Organization","@id":"https:\/\/deveho.com\/#organization","name":"Deveho Consulting Group","url":"https:\/\/deveho.com\/","logo":{"@type":"ImageObject","inLanguage":"ro-RO","@id":"https:\/\/deveho.com\/#\/schema\/logo\/image\/","url":"https:\/\/deveho.com\/wp-content\/uploads\/2023\/02\/DEVEHO-LOGO-Baseline-COLOR.png","contentUrl":"https:\/\/deveho.com\/wp-content\/uploads\/2023\/02\/DEVEHO-LOGO-Baseline-COLOR.png","width":2251,"height":585,"caption":"Deveho Consulting Group"},"image":{"@id":"https:\/\/deveho.com\/#\/schema\/logo\/image\/"},"sameAs":["https:\/\/www.facebook.com\/deveho","https:\/\/x.com\/Deveho1","https:\/\/www.linkedin.com\/company\/deveho-consulting\/"]}]}},"_links":{"self":[{"href":"https:\/\/deveho.com\/ro\/wp-json\/wp\/v2\/pages\/9299"}],"collection":[{"href":"https:\/\/deveho.com\/ro\/wp-json\/wp\/v2\/pages"}],"about":[{"href":"https:\/\/deveho.com\/ro\/wp-json\/wp\/v2\/types\/page"}],"author":[{"embeddable":true,"href":"https:\/\/deveho.com\/ro\/wp-json\/wp\/v2\/users\/3"}],"replies":[{"embeddable":true,"href":"https:\/\/deveho.com\/ro\/wp-json\/wp\/v2\/comments?post=9299"}],"version-history":[{"count":0,"href":"https:\/\/deveho.com\/ro\/wp-json\/wp\/v2\/pages\/9299\/revisions"}],"up":[{"embeddable":true,"href":"https:\/\/deveho.com\/ro\/wp-json\/wp\/v2\/pages\/10864"}],"wp:attachment":[{"href":"https:\/\/deveho.com\/ro\/wp-json\/wp\/v2\/media?parent=9299"}],"curies":[{"name":"wp","href":"https:\/\/api.w.org\/{rel}","templated":true}]}}