{"id":9303,"date":"2022-02-28T12:00:05","date_gmt":"2022-02-28T12:00:05","guid":{"rendered":"https:\/\/deveho2.sfdbeta.be\/company-manager\/"},"modified":"2022-10-28T13:51:49","modified_gmt":"2022-10-28T11:51:49","slug":"company-manager","status":"publish","type":"page","link":"https:\/\/deveho.com\/ro\/profiluri\/company-manager\/","title":{"rendered":"Manager de Companie"},"content":{"rendered":"<br \/>\n<h2>Gestionarea afacerilor cu Sage X3 pentru managerii de companii <\/h2>\n<h3><\/h3>\n<h3>Cu modul de Management al Sage X3, ave\u021bi o viziune de la un cap\u0103t la altul a ciclului de via\u021b\u0103 al \u00eentregii dvs. afaceri, de la crearea ofertei cu defalcarea costurilor, la facturare si monitorizarea bugetului, trec\u00e2nd prin procesele de comenzi de achizi\u021bie si alocarea resurselor subcontractate&#8230;<br \/>\nProduc\u021bie.<\/h3>\n<\/p>\n<h2><\/h2>\n<h3>Pagini conexe<\/h3><\/p>\n","protected":false},"excerpt":{"rendered":"<p>Sage X3 v\u0103 ajut\u0103 s\u0103 ac\u021biona\u021bi mai inteligent prin urm\u0103rirea cererilor de achizi\u021bie, a comenzilor create, a livr\u0103rilor, a comenzilor de subcontractare, a volumului de lucru al achizitorilor &#8211; \u0219i prin gestionarea procesului de aprobare de la comand\u0103 p\u00e2n\u0103 la recep\u021bie \u0219i facturare &#8211; acumul\u00e2nd \u00een acela\u0219i timp statistici \u0219i clasamente ale furnizorilor.<\/p>\n","protected":false},"author":6,"featured_media":0,"parent":10865,"menu_order":0,"comment_status":"closed","ping_status":"closed","template":"templates\/template-inner.php","meta":{"_acf_changed":false,"footnotes":""},"class_list":["post-9303","page","type-page","status-publish","hentry"],"acf":[],"yoast_head":"<!-- This site is optimized with the Yoast SEO plugin v23.5 - https:\/\/yoast.com\/wordpress\/plugins\/seo\/ -->\n<title>Manager de Companie - Deveho<\/title>\n<meta name=\"robots\" content=\"index, follow, max-snippet:-1, max-image-preview:large, max-video-preview:-1\" \/>\n<link rel=\"canonical\" href=\"https:\/\/deveho.com\/profiles\/company-managers\/\" \/>\n<meta property=\"og:locale\" content=\"ro_RO\" \/>\n<meta property=\"og:type\" content=\"article\" \/>\n<meta property=\"og:title\" content=\"Manager de Companie - Deveho\" \/>\n<meta property=\"og:description\" content=\"Sage X3 v\u0103 ajut\u0103 s\u0103 ac\u021biona\u021bi mai inteligent prin urm\u0103rirea cererilor de achizi\u021bie, a comenzilor create, a livr\u0103rilor, a comenzilor de subcontractare, a volumului de lucru al achizitorilor - \u0219i prin gestionarea procesului de aprobare de la comand\u0103 p\u00e2n\u0103 la recep\u021bie \u0219i facturare - acumul\u00e2nd \u00een acela\u0219i timp statistici \u0219i clasamente ale furnizorilor.\" \/>\n<meta property=\"og:url\" content=\"https:\/\/deveho.com\/profiles\/company-managers\/\" \/>\n<meta property=\"og:site_name\" content=\"Deveho\" \/>\n<meta property=\"article:publisher\" content=\"https:\/\/www.facebook.com\/deveho\" \/>\n<meta property=\"article:modified_time\" content=\"2022-10-28T11:51:49+00:00\" \/>\n<meta name=\"twitter:card\" content=\"summary_large_image\" \/>\n<meta name=\"twitter:site\" content=\"@Deveho1\" \/>\n<script type=\"application\/ld+json\" class=\"yoast-schema-graph\">{\"@context\":\"https:\/\/schema.org\",\"@graph\":[{\"@type\":\"WebPage\",\"@id\":\"https:\/\/deveho.com\/profiles\/company-managers\/\",\"url\":\"https:\/\/deveho.com\/profiles\/company-managers\/\",\"name\":\"Manager de Companie - Deveho\",\"isPartOf\":{\"@id\":\"https:\/\/deveho.com\/#website\"},\"datePublished\":\"2022-02-28T12:00:05+00:00\",\"dateModified\":\"2022-10-28T11:51:49+00:00\",\"breadcrumb\":{\"@id\":\"https:\/\/deveho.com\/profiles\/company-managers\/#breadcrumb\"},\"inLanguage\":\"ro-RO\",\"potentialAction\":[{\"@type\":\"ReadAction\",\"target\":[\"https:\/\/deveho.com\/profiles\/company-managers\/\"]}]},{\"@type\":\"BreadcrumbList\",\"@id\":\"https:\/\/deveho.com\/profiles\/company-managers\/#breadcrumb\",\"itemListElement\":[{\"@type\":\"ListItem\",\"position\":1,\"name\":\"Home\",\"item\":\"https:\/\/deveho.com\/ro\/\"},{\"@type\":\"ListItem\",\"position\":2,\"name\":\"Profiluri\",\"item\":\"https:\/\/deveho.com\/ro\/profiluri\/\"},{\"@type\":\"ListItem\",\"position\":3,\"name\":\"Manager de Companie\"}]},{\"@type\":\"WebSite\",\"@id\":\"https:\/\/deveho.com\/#website\",\"url\":\"https:\/\/deveho.com\/\",\"name\":\"Deveho Consulting Group\",\"description\":\"Let\u2019s boost your growth\",\"publisher\":{\"@id\":\"https:\/\/deveho.com\/#organization\"},\"potentialAction\":[{\"@type\":\"SearchAction\",\"target\":{\"@type\":\"EntryPoint\",\"urlTemplate\":\"https:\/\/deveho.com\/?s={search_term_string}\"},\"query-input\":{\"@type\":\"PropertyValueSpecification\",\"valueRequired\":true,\"valueName\":\"search_term_string\"}}],\"inLanguage\":\"ro-RO\"},{\"@type\":\"Organization\",\"@id\":\"https:\/\/deveho.com\/#organization\",\"name\":\"Deveho Consulting Group\",\"url\":\"https:\/\/deveho.com\/\",\"logo\":{\"@type\":\"ImageObject\",\"inLanguage\":\"ro-RO\",\"@id\":\"https:\/\/deveho.com\/#\/schema\/logo\/image\/\",\"url\":\"https:\/\/deveho.com\/wp-content\/uploads\/2023\/02\/DEVEHO-LOGO-Baseline-COLOR.png\",\"contentUrl\":\"https:\/\/deveho.com\/wp-content\/uploads\/2023\/02\/DEVEHO-LOGO-Baseline-COLOR.png\",\"width\":2251,\"height\":585,\"caption\":\"Deveho Consulting Group\"},\"image\":{\"@id\":\"https:\/\/deveho.com\/#\/schema\/logo\/image\/\"},\"sameAs\":[\"https:\/\/www.facebook.com\/deveho\",\"https:\/\/x.com\/Deveho1\",\"https:\/\/www.linkedin.com\/company\/deveho-consulting\/\"]}]}<\/script>\n<!-- \/ Yoast SEO plugin. -->","yoast_head_json":{"title":"Manager de Companie - Deveho","robots":{"index":"index","follow":"follow","max-snippet":"max-snippet:-1","max-image-preview":"max-image-preview:large","max-video-preview":"max-video-preview:-1"},"canonical":"https:\/\/deveho.com\/profiles\/company-managers\/","og_locale":"ro_RO","og_type":"article","og_title":"Manager de Companie - Deveho","og_description":"Sage X3 v\u0103 ajut\u0103 s\u0103 ac\u021biona\u021bi mai inteligent prin urm\u0103rirea cererilor de achizi\u021bie, a comenzilor create, a livr\u0103rilor, a comenzilor de subcontractare, a volumului de lucru al achizitorilor - \u0219i prin gestionarea procesului de aprobare de la comand\u0103 p\u00e2n\u0103 la recep\u021bie \u0219i facturare - acumul\u00e2nd \u00een acela\u0219i timp statistici \u0219i clasamente ale furnizorilor.","og_url":"https:\/\/deveho.com\/profiles\/company-managers\/","og_site_name":"Deveho","article_publisher":"https:\/\/www.facebook.com\/deveho","article_modified_time":"2022-10-28T11:51:49+00:00","twitter_card":"summary_large_image","twitter_site":"@Deveho1","schema":{"@context":"https:\/\/schema.org","@graph":[{"@type":"WebPage","@id":"https:\/\/deveho.com\/profiles\/company-managers\/","url":"https:\/\/deveho.com\/profiles\/company-managers\/","name":"Manager de Companie - Deveho","isPartOf":{"@id":"https:\/\/deveho.com\/#website"},"datePublished":"2022-02-28T12:00:05+00:00","dateModified":"2022-10-28T11:51:49+00:00","breadcrumb":{"@id":"https:\/\/deveho.com\/profiles\/company-managers\/#breadcrumb"},"inLanguage":"ro-RO","potentialAction":[{"@type":"ReadAction","target":["https:\/\/deveho.com\/profiles\/company-managers\/"]}]},{"@type":"BreadcrumbList","@id":"https:\/\/deveho.com\/profiles\/company-managers\/#breadcrumb","itemListElement":[{"@type":"ListItem","position":1,"name":"Home","item":"https:\/\/deveho.com\/ro\/"},{"@type":"ListItem","position":2,"name":"Profiluri","item":"https:\/\/deveho.com\/ro\/profiluri\/"},{"@type":"ListItem","position":3,"name":"Manager de Companie"}]},{"@type":"WebSite","@id":"https:\/\/deveho.com\/#website","url":"https:\/\/deveho.com\/","name":"Deveho Consulting Group","description":"Let\u2019s boost your growth","publisher":{"@id":"https:\/\/deveho.com\/#organization"},"potentialAction":[{"@type":"SearchAction","target":{"@type":"EntryPoint","urlTemplate":"https:\/\/deveho.com\/?s={search_term_string}"},"query-input":{"@type":"PropertyValueSpecification","valueRequired":true,"valueName":"search_term_string"}}],"inLanguage":"ro-RO"},{"@type":"Organization","@id":"https:\/\/deveho.com\/#organization","name":"Deveho Consulting Group","url":"https:\/\/deveho.com\/","logo":{"@type":"ImageObject","inLanguage":"ro-RO","@id":"https:\/\/deveho.com\/#\/schema\/logo\/image\/","url":"https:\/\/deveho.com\/wp-content\/uploads\/2023\/02\/DEVEHO-LOGO-Baseline-COLOR.png","contentUrl":"https:\/\/deveho.com\/wp-content\/uploads\/2023\/02\/DEVEHO-LOGO-Baseline-COLOR.png","width":2251,"height":585,"caption":"Deveho Consulting Group"},"image":{"@id":"https:\/\/deveho.com\/#\/schema\/logo\/image\/"},"sameAs":["https:\/\/www.facebook.com\/deveho","https:\/\/x.com\/Deveho1","https:\/\/www.linkedin.com\/company\/deveho-consulting\/"]}]}},"_links":{"self":[{"href":"https:\/\/deveho.com\/ro\/wp-json\/wp\/v2\/pages\/9303"}],"collection":[{"href":"https:\/\/deveho.com\/ro\/wp-json\/wp\/v2\/pages"}],"about":[{"href":"https:\/\/deveho.com\/ro\/wp-json\/wp\/v2\/types\/page"}],"author":[{"embeddable":true,"href":"https:\/\/deveho.com\/ro\/wp-json\/wp\/v2\/users\/6"}],"replies":[{"embeddable":true,"href":"https:\/\/deveho.com\/ro\/wp-json\/wp\/v2\/comments?post=9303"}],"version-history":[{"count":0,"href":"https:\/\/deveho.com\/ro\/wp-json\/wp\/v2\/pages\/9303\/revisions"}],"up":[{"embeddable":true,"href":"https:\/\/deveho.com\/ro\/wp-json\/wp\/v2\/pages\/10865"}],"wp:attachment":[{"href":"https:\/\/deveho.com\/ro\/wp-json\/wp\/v2\/media?parent=9303"}],"curies":[{"name":"wp","href":"https:\/\/api.w.org\/{rel}","templated":true}]}}