{"id":9311,"date":"2022-02-28T13:57:02","date_gmt":"2022-02-28T13:57:02","guid":{"rendered":"https:\/\/deveho2.sfdbeta.be\/distributie\/"},"modified":"2022-10-27T15:07:13","modified_gmt":"2022-10-27T13:07:13","slug":"distributie","status":"publish","type":"page","link":"https:\/\/deveho.com\/ro\/sectoare-de-activitate\/distributie\/","title":{"rendered":"Distribu\u021bie"},"content":{"rendered":"<br \/>\n<h2>Sage X3 pentru distribu\u021bie<\/h2>\n<p>Pentru afacerea dvs. din domeniul distribu\u021biei, un model unic nu va fii suficient. Afla\u021bi cum pute\u021bi s\u0103 v\u0103 transforma\u021bi sistemul de urm\u0103rire \u0219i livrare a opera\u021biunilor de distribu\u021bie cu Sage X3. <\/p>\n<\/p>\n<h2><\/h2>\n<h3><\/h3>\n<h3>De la achizi\u021bii \u0219i depozitare p\u00e2n\u0103 la v\u00e2nz\u0103ri \u0219i management financiar, Sage X3 v\u0103 ofer\u0103 vizibilitatea \u0219i controlul de care ave\u021bi nevoie pentru a v\u0103 gestiona mai rapid activitatea de distribu\u021bie, \u00een \u021bar\u0103 \u0219i \u00een str\u0103in\u0103tate. Estima\u021bi cu exactitate costurile \u0219i marjele, \u00eembun\u0103t\u0103\u021bind \u00een acela\u0219i timp mobilitatea echipei dumneavoastr\u0103 de v\u00e2nz\u0103ri.<\/h3>\n<\/p>\n<h2><b><red>Caracteristici<\/b><\/red> <b>Sage X3<\/b><\/h2>\n<h3><\/h3>\n<p><p>Func\u021bionalit\u0103\u021bi specifice distrubu\u021biei complet integrate<\/p>\n<\/p>\n<h3><\/h3>\n<p><p>Achizi\u021bii globale, import &amp; export \u0219i gestionarea stocurilor<\/p>\n<\/p>\n<h3><\/h3>\n<p><p>Monitorizarea rela\u021biilor cu furnizorii pentru a asigura calitatea \u0219i conformitatea.<\/p>\n<\/p>\n<h3><\/h3>\n<p><p>Monitorizarea \u0219i optimizarea stocurilor \u00een timp real<\/p>\n<\/p>\n<h3><\/h3>\n<p><p>Aplica\u021bii mobile native pentru v\u00e2nz\u0103ri \u0219i achizi\u021bii<\/p>\n<\/p>\n<h3>Beneficiile<b> Dumneavoastr\u0103<red><\/b><\/red>   <\/h3>\n<p><p>Acum pute\u021bi ob\u021bine o mai bun\u0103 perspectiv\u0103 asupra costurilor \u0219i marjelor, permi\u021b\u00e2nd \u00een acela\u0219i timp o for\u021b\u0103 de v\u00e2nz\u0103ri mobil\u0103. Este imposibil s\u0103 v\u0103 eficientiza\u021bi opera\u021biunile atunci c\u00e2nd procesele ERP, CRM \u0219i ale lan\u021bului de aprovizionare sunt separate. <\/p>\n<p>&#8211; Comer\u021bul cu am\u0103nuntul<br \/>\n&#8211; Transport \u0219i logistic\u0103<br \/>\n&#8211; Comer\u021b en-gros<br \/>\n&#8211; Produc\u021bia de componente<\/p>\n<\/p>\n<p>Optimiza\u021bi-v\u0103 procesele logistice<\/p>\n<p>Satisface\u021bi cerin\u021bele clien\u021bilor<\/p>\n<p>Reduce\u021bi costurile \u0219i termenele de execu\u021bie<\/p>\n<p>\u00cembun\u0103t\u0103\u021bi\u021bi profitabilitatea produselor<\/p>\n<p>Optimiza\u021bi lan\u021bul logistic<\/p>\n<p>\u00cembun\u0103t\u0103\u021bi\u021bi satisfac\u021bia clien\u021bilor<\/p>\n<p>Cre\u0219te\u021bi v\u00e2nz\u0103rile<\/p>\n<p>Cre\u0219te\u021bi loialitatea clien\u021bilor<\/p>\n<p>Ad\u0103uga\u021bi valoare prin intermediul colabor\u0103rii<\/p>\n<p>Simplifica\u021bi procesul decizional<\/p>\n<h2><\/h2>\n<h3>Pagini Conexe<\/h3>\n<\/p>\n<h3><\/h3>\n<\/p>\n<h3><\/h3><\/p>\n","protected":false},"excerpt":{"rendered":"<p>De la achizi\u021bii \u0219i depozitare p\u00e2n\u0103 la v\u00e2nz\u0103ri \u0219i management financiar, Sage X3 v\u0103 ofer\u0103 vizibilitatea \u0219i controlul de care ave\u021bi nevoie pentru a v\u0103 gestiona mai rapid activitatea de distribu\u021bie, \u00een \u021bar\u0103 \u0219i \u00een str\u0103in\u0103tate. <\/p>\n","protected":false},"author":6,"featured_media":0,"parent":10864,"menu_order":0,"comment_status":"closed","ping_status":"closed","template":"templates\/template-inner.php","meta":{"_acf_changed":false,"footnotes":""},"class_list":["post-9311","page","type-page","status-publish","hentry"],"acf":[],"yoast_head":"<!-- This site is optimized with the Yoast SEO plugin v23.5 - https:\/\/yoast.com\/wordpress\/plugins\/seo\/ -->\n<title>Distribu\u021bie - Deveho<\/title>\n<meta name=\"robots\" content=\"index, follow, max-snippet:-1, max-image-preview:large, max-video-preview:-1\" \/>\n<link rel=\"canonical\" href=\"https:\/\/deveho.com\/sectors\/distribution\/\" \/>\n<meta property=\"og:locale\" content=\"ro_RO\" \/>\n<meta property=\"og:type\" content=\"article\" \/>\n<meta property=\"og:title\" content=\"Distribu\u021bie - Deveho\" \/>\n<meta property=\"og:description\" content=\"De la achizi\u021bii \u0219i depozitare p\u00e2n\u0103 la v\u00e2nz\u0103ri \u0219i management financiar, Sage X3 v\u0103 ofer\u0103 vizibilitatea \u0219i controlul de care ave\u021bi nevoie pentru a v\u0103 gestiona mai rapid activitatea de distribu\u021bie, \u00een \u021bar\u0103 \u0219i \u00een str\u0103in\u0103tate.\" \/>\n<meta property=\"og:url\" content=\"https:\/\/deveho.com\/sectors\/distribution\/\" \/>\n<meta property=\"og:site_name\" content=\"Deveho\" \/>\n<meta property=\"article:publisher\" content=\"https:\/\/www.facebook.com\/deveho\" \/>\n<meta property=\"article:modified_time\" content=\"2022-10-27T13:07:13+00:00\" \/>\n<meta name=\"twitter:card\" content=\"summary_large_image\" \/>\n<meta name=\"twitter:site\" content=\"@Deveho1\" \/>\n<meta name=\"twitter:label1\" content=\"Timp estimat pentru citire\" \/>\n\t<meta name=\"twitter:data1\" content=\"1 minut\" \/>\n<script type=\"application\/ld+json\" class=\"yoast-schema-graph\">{\"@context\":\"https:\/\/schema.org\",\"@graph\":[{\"@type\":\"WebPage\",\"@id\":\"https:\/\/deveho.com\/sectors\/distribution\/\",\"url\":\"https:\/\/deveho.com\/sectors\/distribution\/\",\"name\":\"Distribu\u021bie - Deveho\",\"isPartOf\":{\"@id\":\"https:\/\/deveho.com\/#website\"},\"datePublished\":\"2022-02-28T13:57:02+00:00\",\"dateModified\":\"2022-10-27T13:07:13+00:00\",\"breadcrumb\":{\"@id\":\"https:\/\/deveho.com\/sectors\/distribution\/#breadcrumb\"},\"inLanguage\":\"ro-RO\",\"potentialAction\":[{\"@type\":\"ReadAction\",\"target\":[\"https:\/\/deveho.com\/sectors\/distribution\/\"]}]},{\"@type\":\"BreadcrumbList\",\"@id\":\"https:\/\/deveho.com\/sectors\/distribution\/#breadcrumb\",\"itemListElement\":[{\"@type\":\"ListItem\",\"position\":1,\"name\":\"Home\",\"item\":\"https:\/\/deveho.com\/ro\/\"},{\"@type\":\"ListItem\",\"position\":2,\"name\":\"Sectoare\",\"item\":\"https:\/\/deveho.com\/sectors\/\"},{\"@type\":\"ListItem\",\"position\":3,\"name\":\"Distribu\u021bie\"}]},{\"@type\":\"WebSite\",\"@id\":\"https:\/\/deveho.com\/#website\",\"url\":\"https:\/\/deveho.com\/\",\"name\":\"Deveho Consulting Group\",\"description\":\"Let\u2019s boost your growth\",\"publisher\":{\"@id\":\"https:\/\/deveho.com\/#organization\"},\"potentialAction\":[{\"@type\":\"SearchAction\",\"target\":{\"@type\":\"EntryPoint\",\"urlTemplate\":\"https:\/\/deveho.com\/?s={search_term_string}\"},\"query-input\":{\"@type\":\"PropertyValueSpecification\",\"valueRequired\":true,\"valueName\":\"search_term_string\"}}],\"inLanguage\":\"ro-RO\"},{\"@type\":\"Organization\",\"@id\":\"https:\/\/deveho.com\/#organization\",\"name\":\"Deveho Consulting Group\",\"url\":\"https:\/\/deveho.com\/\",\"logo\":{\"@type\":\"ImageObject\",\"inLanguage\":\"ro-RO\",\"@id\":\"https:\/\/deveho.com\/#\/schema\/logo\/image\/\",\"url\":\"https:\/\/deveho.com\/wp-content\/uploads\/2023\/02\/DEVEHO-LOGO-Baseline-COLOR.png\",\"contentUrl\":\"https:\/\/deveho.com\/wp-content\/uploads\/2023\/02\/DEVEHO-LOGO-Baseline-COLOR.png\",\"width\":2251,\"height\":585,\"caption\":\"Deveho Consulting Group\"},\"image\":{\"@id\":\"https:\/\/deveho.com\/#\/schema\/logo\/image\/\"},\"sameAs\":[\"https:\/\/www.facebook.com\/deveho\",\"https:\/\/x.com\/Deveho1\",\"https:\/\/www.linkedin.com\/company\/deveho-consulting\/\"]}]}<\/script>\n<!-- \/ Yoast SEO plugin. -->","yoast_head_json":{"title":"Distribu\u021bie - Deveho","robots":{"index":"index","follow":"follow","max-snippet":"max-snippet:-1","max-image-preview":"max-image-preview:large","max-video-preview":"max-video-preview:-1"},"canonical":"https:\/\/deveho.com\/sectors\/distribution\/","og_locale":"ro_RO","og_type":"article","og_title":"Distribu\u021bie - Deveho","og_description":"De la achizi\u021bii \u0219i depozitare p\u00e2n\u0103 la v\u00e2nz\u0103ri \u0219i management financiar, Sage X3 v\u0103 ofer\u0103 vizibilitatea \u0219i controlul de care ave\u021bi nevoie pentru a v\u0103 gestiona mai rapid activitatea de distribu\u021bie, \u00een \u021bar\u0103 \u0219i \u00een str\u0103in\u0103tate.","og_url":"https:\/\/deveho.com\/sectors\/distribution\/","og_site_name":"Deveho","article_publisher":"https:\/\/www.facebook.com\/deveho","article_modified_time":"2022-10-27T13:07:13+00:00","twitter_card":"summary_large_image","twitter_site":"@Deveho1","twitter_misc":{"Timp estimat pentru citire":"1 minut"},"schema":{"@context":"https:\/\/schema.org","@graph":[{"@type":"WebPage","@id":"https:\/\/deveho.com\/sectors\/distribution\/","url":"https:\/\/deveho.com\/sectors\/distribution\/","name":"Distribu\u021bie - Deveho","isPartOf":{"@id":"https:\/\/deveho.com\/#website"},"datePublished":"2022-02-28T13:57:02+00:00","dateModified":"2022-10-27T13:07:13+00:00","breadcrumb":{"@id":"https:\/\/deveho.com\/sectors\/distribution\/#breadcrumb"},"inLanguage":"ro-RO","potentialAction":[{"@type":"ReadAction","target":["https:\/\/deveho.com\/sectors\/distribution\/"]}]},{"@type":"BreadcrumbList","@id":"https:\/\/deveho.com\/sectors\/distribution\/#breadcrumb","itemListElement":[{"@type":"ListItem","position":1,"name":"Home","item":"https:\/\/deveho.com\/ro\/"},{"@type":"ListItem","position":2,"name":"Sectoare","item":"https:\/\/deveho.com\/sectors\/"},{"@type":"ListItem","position":3,"name":"Distribu\u021bie"}]},{"@type":"WebSite","@id":"https:\/\/deveho.com\/#website","url":"https:\/\/deveho.com\/","name":"Deveho Consulting Group","description":"Let\u2019s boost your growth","publisher":{"@id":"https:\/\/deveho.com\/#organization"},"potentialAction":[{"@type":"SearchAction","target":{"@type":"EntryPoint","urlTemplate":"https:\/\/deveho.com\/?s={search_term_string}"},"query-input":{"@type":"PropertyValueSpecification","valueRequired":true,"valueName":"search_term_string"}}],"inLanguage":"ro-RO"},{"@type":"Organization","@id":"https:\/\/deveho.com\/#organization","name":"Deveho Consulting Group","url":"https:\/\/deveho.com\/","logo":{"@type":"ImageObject","inLanguage":"ro-RO","@id":"https:\/\/deveho.com\/#\/schema\/logo\/image\/","url":"https:\/\/deveho.com\/wp-content\/uploads\/2023\/02\/DEVEHO-LOGO-Baseline-COLOR.png","contentUrl":"https:\/\/deveho.com\/wp-content\/uploads\/2023\/02\/DEVEHO-LOGO-Baseline-COLOR.png","width":2251,"height":585,"caption":"Deveho Consulting Group"},"image":{"@id":"https:\/\/deveho.com\/#\/schema\/logo\/image\/"},"sameAs":["https:\/\/www.facebook.com\/deveho","https:\/\/x.com\/Deveho1","https:\/\/www.linkedin.com\/company\/deveho-consulting\/"]}]}},"_links":{"self":[{"href":"https:\/\/deveho.com\/ro\/wp-json\/wp\/v2\/pages\/9311"}],"collection":[{"href":"https:\/\/deveho.com\/ro\/wp-json\/wp\/v2\/pages"}],"about":[{"href":"https:\/\/deveho.com\/ro\/wp-json\/wp\/v2\/types\/page"}],"author":[{"embeddable":true,"href":"https:\/\/deveho.com\/ro\/wp-json\/wp\/v2\/users\/6"}],"replies":[{"embeddable":true,"href":"https:\/\/deveho.com\/ro\/wp-json\/wp\/v2\/comments?post=9311"}],"version-history":[{"count":0,"href":"https:\/\/deveho.com\/ro\/wp-json\/wp\/v2\/pages\/9311\/revisions"}],"up":[{"embeddable":true,"href":"https:\/\/deveho.com\/ro\/wp-json\/wp\/v2\/pages\/10864"}],"wp:attachment":[{"href":"https:\/\/deveho.com\/ro\/wp-json\/wp\/v2\/media?parent=9311"}],"curies":[{"name":"wp","href":"https:\/\/api.w.org\/{rel}","templated":true}]}}