{"id":9314,"date":"2022-03-01T11:20:01","date_gmt":"2022-03-01T11:20:01","guid":{"rendered":"https:\/\/deveho2.sfdbeta.be\/constructii\/"},"modified":"2022-10-28T10:50:23","modified_gmt":"2022-10-28T08:50:23","slug":"constructii","status":"publish","type":"page","link":"https:\/\/deveho.com\/ro\/sectoare-de-activitate\/constructii\/","title":{"rendered":"Construc\u021bii"},"content":{"rendered":"<br \/>\n<h3>Beneficiile<b> Dumneavoastr\u0103<red><\/b><\/red>   <\/h3>\n<p><p>Complet, intuitiv \u0219i eficient, software-ul nostru de management al construc\u021biilor v\u0103 sprijin\u0103 \u00een toate misiunile zilnice. Beneficia\u021bi de un software de construc\u021bii pentru a v\u0103 crea cota\u021biile, pentru a edita \u0219i trimite facturile, pentru a asigura gestionarea \u0219i monitorizarea loca\u021biilor dumneavoastr\u0103.<\/p>\n<\/p>\n<p>Posibilitatea managerilor de proiect de a lua decizii mai bune av\u00e2nd informa\u021bii actualizate despre toate riscurile \u0219i costurile unui proiect.<\/p>\n<p>Partajarea \u0219i capturarea datelor din site pe orice dispozitiv mobil pentru a \u00eembun\u0103t\u0103\u021bi comunicarea \u0219i colaborarea<\/p>\n<p>Reducerea riscurilor proiectului \u0219i protejarea profitabilit\u0103\u021bii proiectului prin recunoa\u0219terea mai rapid\u0103 a problemelor legate de proiect<\/p>\n<p>Analizarea varia\u021biilor costurilor programate \u00een raport cu costurile reale la orice nivel de nod, utiliz\u00e2nd cele mai bune practici industriale EVM \u0219i vizualiz\u0103ri WBS<\/p>\n<p>Reducerea costurilor de inventariere \u0219i controlul achizi\u021biilor prin limitarea produselor care pot fi achizi\u021bionate pentru un proiect de construc\u021bie<\/p>\n<p>Gestionarea \u0219i prognozarea fluxurilor de numerar \u00een cadrul mai multor proiecte interna\u021bionale, pentru a reduce riscurile financiare \u0219i pentru a participa cu mai mult\u0103 \u00eencredere la licita\u021bii pentru noi oportunit\u0103\u021bi<\/p>\n<p>Utilizarea unui singur sistem pentru toate loca\u021biile de proiect \u0219i pentru mai multe entit\u0103\u021bi de afaceri, inclusiv proiecte care acoper\u0103 mai multe \u021b\u0103ri \u0219i valute<\/p>\n<p>Dezvoltarea afacerii cu \u00eencredere, folosind un sistem integrat de management al construc\u021biilor care se poate adapta chiar \u0219i celor mai complexe proiecte<\/p>\n<h2><b><red>Caracteristici<\/b><\/red> <b>Sage X3<\/b><\/h2>\n<h3><\/h3>\n<p><p>Analiza proiectelor \u0219i a KPI-urilor din industrie<\/p>\n<\/p>\n<h3><\/h3>\n<p><p>Gestionarea trezoreriei \u0219i a fluxului de numerar<\/p>\n<\/p>\n<h3><\/h3>\n<p><p>Urm\u0103rirea fi\u0219ei de pontaj<\/p>\n<\/p>\n<h3><\/h3>\n<p><p>Managementul documentelor<\/p>\n<\/p>\n<h3><\/h3>\n<p><p>Managementul contractelor si subcontractelor<\/p>\n<\/p>\n<h3><\/h3>\n<p><p>Gestionarea stocurilor si a achizi\u021biilor<\/p>\n<\/p>\n<h3><\/h3>\n<p><p>Evaluarea costurilor proiectului \u0219i managementul financiar<\/p>\n<\/p>\n<h3><\/h3>\n<p><p>Vizualizare WBS a proiectului cu drill down<\/p>\n<\/p>\n<h3><\/h3>\n<p><p>Management de proiect \u00een construc\u021bii<\/p>\n<\/p>\n<h3><\/h3>\n<p><p>Estim\u0103ri integrate \u0219i managementul ofertelor<\/p>\n<\/p>\n<h2><\/h2>\n<h3>Pagini conexe<\/h3>\n<\/p>\n<h3><\/h3>\n<\/p>\n<h3><\/h3><\/p>\n","protected":false},"excerpt":{"rendered":"<p>Sage X3 Construction este o platform\u0103 de gestionare a afacerii complet modern\u0103, bazat\u0103 pe mobil \u0219i pe date, construit\u0103 de la zero de c\u0103tre profesioni\u0219tii din domeniul construc\u021biilor, pentru profesioni\u0219tii din domeniul construc\u021biilor. Preia controlul chiar \u0219i asupra celor mai complexe proiecte de construc\u021bii, minimizeaz\u0103 dep\u0103\u0219irile de costuri \u0219i protejeaz\u0103 profitabilitatea proiectului folosind date actualizate privind WIP capturate direct de pe teren.<\/p>\n","protected":false},"author":3,"featured_media":0,"parent":10864,"menu_order":0,"comment_status":"closed","ping_status":"closed","template":"templates\/template-inner.php","meta":{"_acf_changed":false,"footnotes":""},"class_list":["post-9314","page","type-page","status-publish","hentry"],"acf":[],"yoast_head":"<!-- This site is optimized with the Yoast SEO plugin v23.5 - https:\/\/yoast.com\/wordpress\/plugins\/seo\/ -->\n<title>Construc\u021bii - Deveho<\/title>\n<meta name=\"robots\" content=\"index, follow, max-snippet:-1, max-image-preview:large, max-video-preview:-1\" \/>\n<link rel=\"canonical\" href=\"https:\/\/deveho.com\/sectors\/construction\/\" \/>\n<meta property=\"og:locale\" content=\"ro_RO\" \/>\n<meta property=\"og:type\" content=\"article\" \/>\n<meta property=\"og:title\" content=\"Construc\u021bii - Deveho\" \/>\n<meta property=\"og:description\" content=\"Sage X3 Construction este o platform\u0103 de gestionare a afacerii complet modern\u0103, bazat\u0103 pe mobil \u0219i pe date, construit\u0103 de la zero de c\u0103tre profesioni\u0219tii din domeniul construc\u021biilor, pentru profesioni\u0219tii din domeniul construc\u021biilor. Preia controlul chiar \u0219i asupra celor mai complexe proiecte de construc\u021bii, minimizeaz\u0103 dep\u0103\u0219irile de costuri \u0219i protejeaz\u0103 profitabilitatea proiectului folosind date actualizate privind WIP capturate direct de pe teren.\" \/>\n<meta property=\"og:url\" content=\"https:\/\/deveho.com\/sectors\/construction\/\" \/>\n<meta property=\"og:site_name\" content=\"Deveho\" \/>\n<meta property=\"article:publisher\" content=\"https:\/\/www.facebook.com\/deveho\" \/>\n<meta property=\"article:modified_time\" content=\"2022-10-28T08:50:23+00:00\" \/>\n<meta name=\"twitter:card\" content=\"summary_large_image\" \/>\n<meta name=\"twitter:site\" content=\"@Deveho1\" \/>\n<meta name=\"twitter:label1\" content=\"Timp estimat pentru citire\" \/>\n\t<meta name=\"twitter:data1\" content=\"1 minut\" \/>\n<script type=\"application\/ld+json\" class=\"yoast-schema-graph\">{\"@context\":\"https:\/\/schema.org\",\"@graph\":[{\"@type\":\"WebPage\",\"@id\":\"https:\/\/deveho.com\/sectors\/construction\/\",\"url\":\"https:\/\/deveho.com\/sectors\/construction\/\",\"name\":\"Construc\u021bii - Deveho\",\"isPartOf\":{\"@id\":\"https:\/\/deveho.com\/#website\"},\"datePublished\":\"2022-03-01T11:20:01+00:00\",\"dateModified\":\"2022-10-28T08:50:23+00:00\",\"breadcrumb\":{\"@id\":\"https:\/\/deveho.com\/sectors\/construction\/#breadcrumb\"},\"inLanguage\":\"ro-RO\",\"potentialAction\":[{\"@type\":\"ReadAction\",\"target\":[\"https:\/\/deveho.com\/sectors\/construction\/\"]}]},{\"@type\":\"BreadcrumbList\",\"@id\":\"https:\/\/deveho.com\/sectors\/construction\/#breadcrumb\",\"itemListElement\":[{\"@type\":\"ListItem\",\"position\":1,\"name\":\"Home\",\"item\":\"https:\/\/deveho.com\/ro\/\"},{\"@type\":\"ListItem\",\"position\":2,\"name\":\"Sectoare\",\"item\":\"https:\/\/deveho.com\/sectors\/\"},{\"@type\":\"ListItem\",\"position\":3,\"name\":\"Construc\u021bii\"}]},{\"@type\":\"WebSite\",\"@id\":\"https:\/\/deveho.com\/#website\",\"url\":\"https:\/\/deveho.com\/\",\"name\":\"Deveho Consulting Group\",\"description\":\"Let\u2019s boost your growth\",\"publisher\":{\"@id\":\"https:\/\/deveho.com\/#organization\"},\"potentialAction\":[{\"@type\":\"SearchAction\",\"target\":{\"@type\":\"EntryPoint\",\"urlTemplate\":\"https:\/\/deveho.com\/?s={search_term_string}\"},\"query-input\":{\"@type\":\"PropertyValueSpecification\",\"valueRequired\":true,\"valueName\":\"search_term_string\"}}],\"inLanguage\":\"ro-RO\"},{\"@type\":\"Organization\",\"@id\":\"https:\/\/deveho.com\/#organization\",\"name\":\"Deveho Consulting Group\",\"url\":\"https:\/\/deveho.com\/\",\"logo\":{\"@type\":\"ImageObject\",\"inLanguage\":\"ro-RO\",\"@id\":\"https:\/\/deveho.com\/#\/schema\/logo\/image\/\",\"url\":\"https:\/\/deveho.com\/wp-content\/uploads\/2023\/02\/DEVEHO-LOGO-Baseline-COLOR.png\",\"contentUrl\":\"https:\/\/deveho.com\/wp-content\/uploads\/2023\/02\/DEVEHO-LOGO-Baseline-COLOR.png\",\"width\":2251,\"height\":585,\"caption\":\"Deveho Consulting Group\"},\"image\":{\"@id\":\"https:\/\/deveho.com\/#\/schema\/logo\/image\/\"},\"sameAs\":[\"https:\/\/www.facebook.com\/deveho\",\"https:\/\/x.com\/Deveho1\",\"https:\/\/www.linkedin.com\/company\/deveho-consulting\/\"]}]}<\/script>\n<!-- \/ Yoast SEO plugin. -->","yoast_head_json":{"title":"Construc\u021bii - Deveho","robots":{"index":"index","follow":"follow","max-snippet":"max-snippet:-1","max-image-preview":"max-image-preview:large","max-video-preview":"max-video-preview:-1"},"canonical":"https:\/\/deveho.com\/sectors\/construction\/","og_locale":"ro_RO","og_type":"article","og_title":"Construc\u021bii - Deveho","og_description":"Sage X3 Construction este o platform\u0103 de gestionare a afacerii complet modern\u0103, bazat\u0103 pe mobil \u0219i pe date, construit\u0103 de la zero de c\u0103tre profesioni\u0219tii din domeniul construc\u021biilor, pentru profesioni\u0219tii din domeniul construc\u021biilor. Preia controlul chiar \u0219i asupra celor mai complexe proiecte de construc\u021bii, minimizeaz\u0103 dep\u0103\u0219irile de costuri \u0219i protejeaz\u0103 profitabilitatea proiectului folosind date actualizate privind WIP capturate direct de pe teren.","og_url":"https:\/\/deveho.com\/sectors\/construction\/","og_site_name":"Deveho","article_publisher":"https:\/\/www.facebook.com\/deveho","article_modified_time":"2022-10-28T08:50:23+00:00","twitter_card":"summary_large_image","twitter_site":"@Deveho1","twitter_misc":{"Timp estimat pentru citire":"1 minut"},"schema":{"@context":"https:\/\/schema.org","@graph":[{"@type":"WebPage","@id":"https:\/\/deveho.com\/sectors\/construction\/","url":"https:\/\/deveho.com\/sectors\/construction\/","name":"Construc\u021bii - Deveho","isPartOf":{"@id":"https:\/\/deveho.com\/#website"},"datePublished":"2022-03-01T11:20:01+00:00","dateModified":"2022-10-28T08:50:23+00:00","breadcrumb":{"@id":"https:\/\/deveho.com\/sectors\/construction\/#breadcrumb"},"inLanguage":"ro-RO","potentialAction":[{"@type":"ReadAction","target":["https:\/\/deveho.com\/sectors\/construction\/"]}]},{"@type":"BreadcrumbList","@id":"https:\/\/deveho.com\/sectors\/construction\/#breadcrumb","itemListElement":[{"@type":"ListItem","position":1,"name":"Home","item":"https:\/\/deveho.com\/ro\/"},{"@type":"ListItem","position":2,"name":"Sectoare","item":"https:\/\/deveho.com\/sectors\/"},{"@type":"ListItem","position":3,"name":"Construc\u021bii"}]},{"@type":"WebSite","@id":"https:\/\/deveho.com\/#website","url":"https:\/\/deveho.com\/","name":"Deveho Consulting Group","description":"Let\u2019s boost your growth","publisher":{"@id":"https:\/\/deveho.com\/#organization"},"potentialAction":[{"@type":"SearchAction","target":{"@type":"EntryPoint","urlTemplate":"https:\/\/deveho.com\/?s={search_term_string}"},"query-input":{"@type":"PropertyValueSpecification","valueRequired":true,"valueName":"search_term_string"}}],"inLanguage":"ro-RO"},{"@type":"Organization","@id":"https:\/\/deveho.com\/#organization","name":"Deveho Consulting Group","url":"https:\/\/deveho.com\/","logo":{"@type":"ImageObject","inLanguage":"ro-RO","@id":"https:\/\/deveho.com\/#\/schema\/logo\/image\/","url":"https:\/\/deveho.com\/wp-content\/uploads\/2023\/02\/DEVEHO-LOGO-Baseline-COLOR.png","contentUrl":"https:\/\/deveho.com\/wp-content\/uploads\/2023\/02\/DEVEHO-LOGO-Baseline-COLOR.png","width":2251,"height":585,"caption":"Deveho Consulting Group"},"image":{"@id":"https:\/\/deveho.com\/#\/schema\/logo\/image\/"},"sameAs":["https:\/\/www.facebook.com\/deveho","https:\/\/x.com\/Deveho1","https:\/\/www.linkedin.com\/company\/deveho-consulting\/"]}]}},"_links":{"self":[{"href":"https:\/\/deveho.com\/ro\/wp-json\/wp\/v2\/pages\/9314"}],"collection":[{"href":"https:\/\/deveho.com\/ro\/wp-json\/wp\/v2\/pages"}],"about":[{"href":"https:\/\/deveho.com\/ro\/wp-json\/wp\/v2\/types\/page"}],"author":[{"embeddable":true,"href":"https:\/\/deveho.com\/ro\/wp-json\/wp\/v2\/users\/3"}],"replies":[{"embeddable":true,"href":"https:\/\/deveho.com\/ro\/wp-json\/wp\/v2\/comments?post=9314"}],"version-history":[{"count":0,"href":"https:\/\/deveho.com\/ro\/wp-json\/wp\/v2\/pages\/9314\/revisions"}],"up":[{"embeddable":true,"href":"https:\/\/deveho.com\/ro\/wp-json\/wp\/v2\/pages\/10864"}],"wp:attachment":[{"href":"https:\/\/deveho.com\/ro\/wp-json\/wp\/v2\/media?parent=9314"}],"curies":[{"name":"wp","href":"https:\/\/api.w.org\/{rel}","templated":true}]}}