{"id":9327,"date":"2022-03-02T14:50:27","date_gmt":"2022-03-02T14:50:27","guid":{"rendered":"https:\/\/deveho2.sfdbeta.be\/produse-chimice-si-farmaceutice\/"},"modified":"2023-11-17T13:59:17","modified_gmt":"2023-11-17T11:59:17","slug":"produse-chimice-si-farmaceutice","status":"publish","type":"page","link":"https:\/\/deveho.com\/ro\/sectoare-de-activitate\/produse-chimice-si-farmaceutice\/","title":{"rendered":"Produse chimice \u0219i farmaceutice"},"content":{"rendered":"<br \/>\n<h2>Sage X3 pentru Industria Chimic\u0103<\/h2>\n<p>Sage X3 ofer\u0103 capabilit\u0103\u021bi integrate, cum ar fi controlul calit\u0103\u021bii, conformitatea cu reglement\u0103rile \u0219i urm\u0103rirea loturilor, pentru a ajuta companiile din industria chimic\u0103 s\u0103 men\u021bin\u0103 profiturile \u0219i s\u0103 se adapteze la un viitor incert.<\/p>\n<\/p>\n<h3>Beneficiile<b> Dumneavoastr\u0103<red><\/b><\/red>   <\/h3>\n<p><p>Sage X3 este o solu\u021bie de gestionare a afacerilor de ultim\u0103 genera\u021bie, conceput\u0103 special pentru a r\u0103spunde nevoilor produc\u0103torilor de produse chimice. Reune\u0219te toate datele dumneavoastr\u0103 esen\u021biale, reduc\u00e2nd ineficien\u021ba rul\u0103rii sistemelor de laborator, a lan\u021bului de aprovizionare, a produc\u021biei \u0219i a sistemelor financiare.<br \/>\nSage X3 ofer\u0103 capabilit\u0103\u021bi integrate, cum ar fi controlul calit\u0103\u021bii, conformitatea cu reglement\u0103rile \u0219i urm\u0103rirea loturilor, pentru a ajuta companiile din industria chimic\u0103 s\u0103 men\u021bin\u0103 profiturile \u0219i s\u0103 se adapteze la un viitor incert. <\/p>\n<p>&#8211; Optimizarea consumabilelor<br \/>\n&#8211; Conformitate global\u0103 la toate nivelurile<br \/>\n&#8211; Acces la datele dumneavoastr\u0103 oric\u00e2nd, oriunde<br \/>\n &#8211; Consecven\u021ba produselor \u0219i proceselor<\/p>\n<\/p>\n<p>Optimizarea aprovizion\u0103rii<\/p>\n<p>Consecven\u021ba produsului \u0219i a procesului<\/p>\n<p>Conformitate global\u0103 total\u0103<\/p>\n<p>Receptivitate sporit\u0103<\/p>\n<p>Risc sc\u0103zut<\/p>\n<p>Reducerea costurilor \u0219i a de\u0219eurilor<\/p>\n<p>Acces oriunde, oric\u00e2nd <\/p>\n<h2><b><red>Caracteristici<\/b><\/red> <b>Sage X3<\/b><\/h2>\n<h3><\/h3>\n<p><p>Optimizarea consumabilelor<\/p>\n<p>R\u0103spunde\u021bi mai rapid la cerin\u021bele variate ale clien\u021bilor dumneavoastr\u0103 \u0219i gestiona\u021bi mai bine situa\u021biile neprev\u0103zute \u00een ceea ce prive\u0219te achizi\u021bionarea, produc\u021bia \u0219i livrarea.<\/p>\n<\/p>\n<h3><\/h3>\n<p><p>Consecven\u021ba produselor \u0219i proceselor<\/p>\n<p>Asigura\u021bi-v\u0103 c\u0103 tehnologia este \u00een slujba calit\u0103\u021bii, siguran\u021bei \u0219i eficacit\u0103\u021bii produselor dumneavoastr\u0103 \u00een orice moment, oferindu-v\u0103 \u00een acela\u0219i timp flexibilitatea de a profita de fiecare oportunitate.<\/p>\n<\/p>\n<h3><\/h3>\n<p><p>Conformitate global\u0103 la toate nivelurile<\/p>\n<p>Verifica\u021bi dac\u0103 sistemul \u00eencorporeaz\u0103 \u00een mod eficient legile \u00een vigoare \u0219i reglement\u0103rile interna\u021bionale pentru a simplifica conformitatea, indiferent de valute, regiuni \u0219i standarde.<\/p>\n<\/p>\n<h3><\/h3>\n<p><p>Acces la datele dumneavoastr\u0103 oric\u00e2nd, oriunde<\/p>\n<p>Alege\u021bi o solu\u021bie rapid\u0103 de implementat \u0219i u\u0219or de gestionat, care v\u0103 va facilita activit\u0103\u021bile de gestionare datorit\u0103 unei interfe\u021be web accesibil\u0103 de pe orice dispozitiv conectat.<\/p>\n<\/p>\n<h2><\/h2>\n<h3>Pagini Conexe<\/h3>\n<\/p>\n<h3><\/h3>\n<\/p>\n<h3><\/h3><\/p>\n","protected":false},"excerpt":{"rendered":"<p>Administrarea unei afaceri de produse chimice poate fi complex\u0103. Sistemul Global Armonizat (GHS), problemele legate de livrarea \u0219i transportul produselor, siguran\u021ba la locul de munc\u0103 \u0219i alte aspecte, sunt provoc\u0103ri care trebuie \u00eendeplinite zilnic. Pentru a face fa\u021b\u0103 presiunii competitive \u0219i pentru a v\u0103 optimiza cele mai valoroase resurse, ave\u021bi nevoie de o solu\u021bie care v\u0103 va simplifica radical opera\u021biunile, \u00een schimbul utiliz\u0103rii sistemelor complexe \u0219i proceselor rigide.<\/p>\n","protected":false},"author":3,"featured_media":0,"parent":10864,"menu_order":0,"comment_status":"closed","ping_status":"closed","template":"templates\/template-inner.php","meta":{"_acf_changed":false,"footnotes":""},"class_list":["post-9327","page","type-page","status-publish","hentry"],"acf":[],"yoast_head":"<!-- This site is optimized with the Yoast SEO plugin v23.5 - https:\/\/yoast.com\/wordpress\/plugins\/seo\/ -->\n<title>Produse chimice \u0219i farmaceutice - Deveho<\/title>\n<meta name=\"robots\" content=\"index, follow, max-snippet:-1, max-image-preview:large, max-video-preview:-1\" \/>\n<link rel=\"canonical\" href=\"https:\/\/deveho.com\/sectors\/chemicals-pharmacy\/\" \/>\n<meta property=\"og:locale\" content=\"ro_RO\" \/>\n<meta property=\"og:type\" content=\"article\" \/>\n<meta property=\"og:title\" content=\"Produse chimice \u0219i farmaceutice - Deveho\" \/>\n<meta property=\"og:description\" content=\"Administrarea unei afaceri de produse chimice poate fi complex\u0103. Sistemul Global Armonizat (GHS), problemele legate de livrarea \u0219i transportul produselor, siguran\u021ba la locul de munc\u0103 \u0219i alte aspecte, sunt provoc\u0103ri care trebuie \u00eendeplinite zilnic. Pentru a face fa\u021b\u0103 presiunii competitive \u0219i pentru a v\u0103 optimiza cele mai valoroase resurse, ave\u021bi nevoie de o solu\u021bie care v\u0103 va simplifica radical opera\u021biunile, \u00een schimbul utiliz\u0103rii sistemelor complexe \u0219i proceselor rigide.\" \/>\n<meta property=\"og:url\" content=\"https:\/\/deveho.com\/sectors\/chemicals-pharmacy\/\" \/>\n<meta property=\"og:site_name\" content=\"Deveho\" \/>\n<meta property=\"article:publisher\" content=\"https:\/\/www.facebook.com\/deveho\" \/>\n<meta property=\"article:modified_time\" content=\"2023-11-17T11:59:17+00:00\" \/>\n<meta name=\"twitter:card\" content=\"summary_large_image\" \/>\n<meta name=\"twitter:site\" content=\"@Deveho1\" \/>\n<meta name=\"twitter:label1\" content=\"Timp estimat pentru citire\" \/>\n\t<meta name=\"twitter:data1\" content=\"2 minute\" \/>\n<script type=\"application\/ld+json\" class=\"yoast-schema-graph\">{\"@context\":\"https:\/\/schema.org\",\"@graph\":[{\"@type\":\"WebPage\",\"@id\":\"https:\/\/deveho.com\/sectors\/chemicals-pharmacy\/\",\"url\":\"https:\/\/deveho.com\/sectors\/chemicals-pharmacy\/\",\"name\":\"Produse chimice \u0219i farmaceutice - Deveho\",\"isPartOf\":{\"@id\":\"https:\/\/deveho.com\/#website\"},\"datePublished\":\"2022-03-02T14:50:27+00:00\",\"dateModified\":\"2023-11-17T11:59:17+00:00\",\"breadcrumb\":{\"@id\":\"https:\/\/deveho.com\/sectors\/chemicals-pharmacy\/#breadcrumb\"},\"inLanguage\":\"ro-RO\",\"potentialAction\":[{\"@type\":\"ReadAction\",\"target\":[\"https:\/\/deveho.com\/sectors\/chemicals-pharmacy\/\"]}]},{\"@type\":\"BreadcrumbList\",\"@id\":\"https:\/\/deveho.com\/sectors\/chemicals-pharmacy\/#breadcrumb\",\"itemListElement\":[{\"@type\":\"ListItem\",\"position\":1,\"name\":\"Home\",\"item\":\"https:\/\/deveho.com\/ro\/\"},{\"@type\":\"ListItem\",\"position\":2,\"name\":\"Sectoare\",\"item\":\"https:\/\/deveho.com\/sectors\/\"},{\"@type\":\"ListItem\",\"position\":3,\"name\":\"Produse chimice \u0219i farmaceutice\"}]},{\"@type\":\"WebSite\",\"@id\":\"https:\/\/deveho.com\/#website\",\"url\":\"https:\/\/deveho.com\/\",\"name\":\"Deveho Consulting Group\",\"description\":\"Let\u2019s boost your growth\",\"publisher\":{\"@id\":\"https:\/\/deveho.com\/#organization\"},\"potentialAction\":[{\"@type\":\"SearchAction\",\"target\":{\"@type\":\"EntryPoint\",\"urlTemplate\":\"https:\/\/deveho.com\/?s={search_term_string}\"},\"query-input\":{\"@type\":\"PropertyValueSpecification\",\"valueRequired\":true,\"valueName\":\"search_term_string\"}}],\"inLanguage\":\"ro-RO\"},{\"@type\":\"Organization\",\"@id\":\"https:\/\/deveho.com\/#organization\",\"name\":\"Deveho Consulting Group\",\"url\":\"https:\/\/deveho.com\/\",\"logo\":{\"@type\":\"ImageObject\",\"inLanguage\":\"ro-RO\",\"@id\":\"https:\/\/deveho.com\/#\/schema\/logo\/image\/\",\"url\":\"https:\/\/deveho.com\/wp-content\/uploads\/2023\/02\/DEVEHO-LOGO-Baseline-COLOR.png\",\"contentUrl\":\"https:\/\/deveho.com\/wp-content\/uploads\/2023\/02\/DEVEHO-LOGO-Baseline-COLOR.png\",\"width\":2251,\"height\":585,\"caption\":\"Deveho Consulting Group\"},\"image\":{\"@id\":\"https:\/\/deveho.com\/#\/schema\/logo\/image\/\"},\"sameAs\":[\"https:\/\/www.facebook.com\/deveho\",\"https:\/\/x.com\/Deveho1\",\"https:\/\/www.linkedin.com\/company\/deveho-consulting\/\"]}]}<\/script>\n<!-- \/ Yoast SEO plugin. -->","yoast_head_json":{"title":"Produse chimice \u0219i farmaceutice - Deveho","robots":{"index":"index","follow":"follow","max-snippet":"max-snippet:-1","max-image-preview":"max-image-preview:large","max-video-preview":"max-video-preview:-1"},"canonical":"https:\/\/deveho.com\/sectors\/chemicals-pharmacy\/","og_locale":"ro_RO","og_type":"article","og_title":"Produse chimice \u0219i farmaceutice - Deveho","og_description":"Administrarea unei afaceri de produse chimice poate fi complex\u0103. Sistemul Global Armonizat (GHS), problemele legate de livrarea \u0219i transportul produselor, siguran\u021ba la locul de munc\u0103 \u0219i alte aspecte, sunt provoc\u0103ri care trebuie \u00eendeplinite zilnic. Pentru a face fa\u021b\u0103 presiunii competitive \u0219i pentru a v\u0103 optimiza cele mai valoroase resurse, ave\u021bi nevoie de o solu\u021bie care v\u0103 va simplifica radical opera\u021biunile, \u00een schimbul utiliz\u0103rii sistemelor complexe \u0219i proceselor rigide.","og_url":"https:\/\/deveho.com\/sectors\/chemicals-pharmacy\/","og_site_name":"Deveho","article_publisher":"https:\/\/www.facebook.com\/deveho","article_modified_time":"2023-11-17T11:59:17+00:00","twitter_card":"summary_large_image","twitter_site":"@Deveho1","twitter_misc":{"Timp estimat pentru citire":"2 minute"},"schema":{"@context":"https:\/\/schema.org","@graph":[{"@type":"WebPage","@id":"https:\/\/deveho.com\/sectors\/chemicals-pharmacy\/","url":"https:\/\/deveho.com\/sectors\/chemicals-pharmacy\/","name":"Produse chimice \u0219i farmaceutice - Deveho","isPartOf":{"@id":"https:\/\/deveho.com\/#website"},"datePublished":"2022-03-02T14:50:27+00:00","dateModified":"2023-11-17T11:59:17+00:00","breadcrumb":{"@id":"https:\/\/deveho.com\/sectors\/chemicals-pharmacy\/#breadcrumb"},"inLanguage":"ro-RO","potentialAction":[{"@type":"ReadAction","target":["https:\/\/deveho.com\/sectors\/chemicals-pharmacy\/"]}]},{"@type":"BreadcrumbList","@id":"https:\/\/deveho.com\/sectors\/chemicals-pharmacy\/#breadcrumb","itemListElement":[{"@type":"ListItem","position":1,"name":"Home","item":"https:\/\/deveho.com\/ro\/"},{"@type":"ListItem","position":2,"name":"Sectoare","item":"https:\/\/deveho.com\/sectors\/"},{"@type":"ListItem","position":3,"name":"Produse chimice \u0219i farmaceutice"}]},{"@type":"WebSite","@id":"https:\/\/deveho.com\/#website","url":"https:\/\/deveho.com\/","name":"Deveho Consulting Group","description":"Let\u2019s boost your growth","publisher":{"@id":"https:\/\/deveho.com\/#organization"},"potentialAction":[{"@type":"SearchAction","target":{"@type":"EntryPoint","urlTemplate":"https:\/\/deveho.com\/?s={search_term_string}"},"query-input":{"@type":"PropertyValueSpecification","valueRequired":true,"valueName":"search_term_string"}}],"inLanguage":"ro-RO"},{"@type":"Organization","@id":"https:\/\/deveho.com\/#organization","name":"Deveho Consulting Group","url":"https:\/\/deveho.com\/","logo":{"@type":"ImageObject","inLanguage":"ro-RO","@id":"https:\/\/deveho.com\/#\/schema\/logo\/image\/","url":"https:\/\/deveho.com\/wp-content\/uploads\/2023\/02\/DEVEHO-LOGO-Baseline-COLOR.png","contentUrl":"https:\/\/deveho.com\/wp-content\/uploads\/2023\/02\/DEVEHO-LOGO-Baseline-COLOR.png","width":2251,"height":585,"caption":"Deveho Consulting Group"},"image":{"@id":"https:\/\/deveho.com\/#\/schema\/logo\/image\/"},"sameAs":["https:\/\/www.facebook.com\/deveho","https:\/\/x.com\/Deveho1","https:\/\/www.linkedin.com\/company\/deveho-consulting\/"]}]}},"_links":{"self":[{"href":"https:\/\/deveho.com\/ro\/wp-json\/wp\/v2\/pages\/9327"}],"collection":[{"href":"https:\/\/deveho.com\/ro\/wp-json\/wp\/v2\/pages"}],"about":[{"href":"https:\/\/deveho.com\/ro\/wp-json\/wp\/v2\/types\/page"}],"author":[{"embeddable":true,"href":"https:\/\/deveho.com\/ro\/wp-json\/wp\/v2\/users\/3"}],"replies":[{"embeddable":true,"href":"https:\/\/deveho.com\/ro\/wp-json\/wp\/v2\/comments?post=9327"}],"version-history":[{"count":0,"href":"https:\/\/deveho.com\/ro\/wp-json\/wp\/v2\/pages\/9327\/revisions"}],"up":[{"embeddable":true,"href":"https:\/\/deveho.com\/ro\/wp-json\/wp\/v2\/pages\/10864"}],"wp:attachment":[{"href":"https:\/\/deveho.com\/ro\/wp-json\/wp\/v2\/media?parent=9327"}],"curies":[{"name":"wp","href":"https:\/\/api.w.org\/{rel}","templated":true}]}}