{"id":9329,"date":"2022-03-02T16:09:54","date_gmt":"2022-03-02T16:09:54","guid":{"rendered":"https:\/\/deveho2.sfdbeta.be\/servicii-profesionale\/"},"modified":"2022-10-28T10:05:25","modified_gmt":"2022-10-28T08:05:25","slug":"servicii-profesionale","status":"publish","type":"page","link":"https:\/\/deveho.com\/ro\/sectoare-de-activitate\/servicii-profesionale\/","title":{"rendered":"Servicii profesionale"},"content":{"rendered":"<br \/>\n<h3>Beneficiile<b> Dumneavoastr\u0103<red><\/b><\/red>   <\/h3>\n<p><p>Sage X3 are rolul de a simplifica gestionarea activit\u0103\u021bilor de servicii \u0219i de a monitoriza \u00eendeaproape aspectele opera\u021bionale, comerciale \u0219i financiare ale proiectelor. \u00cen general, Sage X3 poate fi utilizat pentru a gestiona \u00eentregul ciclu de via\u021b\u0103 al proiectului (cota\u021bie, lansare, alocare, monitorizare, analiz\u0103 periodic\u0103, facturare \u0219i contabilitate) \u0219i de a reac\u021biona rapid la schimb\u0103rile de pe pia\u021b\u0103, permi\u021b\u00e2ndu-v\u0103 s\u0103 v\u0103 concentra\u021bi pe calitatea experien\u021bei clien\u021bilor. <\/p>\n<\/p>\n<p>R\u0103spuns mai rapid la solicit\u0103rile clien\u021bilor cu informa\u021bii precise privind costurile proiectului \u0219i stabilirea pre\u021burilor.<\/p>\n<p>Urm\u0103rirea timpului \u0219i a cheltuielilor suportate prin intermediul dispozitivelor mobile pentru a ob\u021bine o imagine de ansamblu \u00een timp real a sarcinilor efectuate.<\/p>\n<p>\u00cembun\u0103t\u0103\u021birea proceselor contabile prin crearea automat\u0103 a facturilor c\u0103tre clien\u021bi, a \u00eenregistr\u0103rilor contabile privind recunoa\u0219terea veniturilor \u0219i a ajust\u0103rilor bugetare.<\/p>\n<p>Sporirea agilit\u0103\u021bii \u0219i flexibilit\u0103\u021bii afacerii<\/p>\n<p>Preg\u0103tirea pentru viitor a afacerii dumneavoastr\u0103 de servicii<\/p>\n<p>\u00cembun\u0103t\u0103\u021birea fluxului de numerar \u00een afacerea dumneavoastr\u0103 de servicii<\/p>\n<h2><b><red>Caracteristici<\/b><\/red> <b>Sage X3<\/b><\/h2>\n<h3><\/h3>\n<p><p>Multiple template-uri de proiect<\/p>\n<\/p>\n<h3><\/h3>\n<p><p>Ciclul complet de via\u021b\u0103 al managementului de proiect<\/p>\n<\/p>\n<h3><\/h3>\n<p><p>Calculul automat al unui pre\u021b recomandat<\/p>\n<\/p>\n<h3><\/h3>\n<p><p>Previziune bugetar\u0103 pe atribu\u021bii \u0219i pe proiect<\/p>\n<\/p>\n<h3><\/h3>\n<p><p>\u00cenregistrarea tuturor revizuirilor \u0219i ajust\u0103rilor proiectului<\/p>\n<\/p>\n<h3><\/h3>\n<p><p>Multiple metode de facturare<\/p>\n<\/p>\n<h2><\/h2>\n<h3>Pagini conexe<\/h3>\n<\/p>\n<h3><\/h3>\n<\/p>\n<h3><\/h3><\/p>\n","protected":false},"excerpt":{"rendered":"<p>Beneficiile Dumneavoastr\u0103 Sage X3 are rolul de a simplifica gestionarea activit\u0103\u021bilor de servicii \u0219i de a monitoriza \u00eendeaproape aspectele opera\u021bionale, comerciale \u0219i financiare ale proiectelor. \u00cen general, Sage X3 poate fi utilizat pentru a gestiona \u00eentregul ciclu de via\u021b\u0103 al proiectului (cota\u021bie, lansare, alocare, monitorizare, analiz\u0103 periodic\u0103, facturare \u0219i contabilitate) \u0219i de a reac\u021biona rapid [&hellip;]<\/p>\n","protected":false},"author":3,"featured_media":0,"parent":10864,"menu_order":0,"comment_status":"closed","ping_status":"closed","template":"templates\/template-inner.php","meta":{"_acf_changed":false,"footnotes":""},"class_list":["post-9329","page","type-page","status-publish","hentry"],"acf":[],"yoast_head":"<!-- This site is optimized with the Yoast SEO plugin v23.5 - https:\/\/yoast.com\/wordpress\/plugins\/seo\/ -->\n<title>Servicii profesionale - Deveho<\/title>\n<meta name=\"robots\" content=\"index, follow, max-snippet:-1, max-image-preview:large, max-video-preview:-1\" \/>\n<link rel=\"canonical\" href=\"https:\/\/deveho.com\/sectors\/professional-services\/\" \/>\n<meta property=\"og:locale\" content=\"ro_RO\" \/>\n<meta property=\"og:type\" content=\"article\" \/>\n<meta property=\"og:title\" content=\"Servicii profesionale - Deveho\" \/>\n<meta property=\"og:description\" content=\"Beneficiile Dumneavoastr\u0103 Sage X3 are rolul de a simplifica gestionarea activit\u0103\u021bilor de servicii \u0219i de a monitoriza \u00eendeaproape aspectele opera\u021bionale, comerciale \u0219i financiare ale proiectelor. \u00cen general, Sage X3 poate fi utilizat pentru a gestiona \u00eentregul ciclu de via\u021b\u0103 al proiectului (cota\u021bie, lansare, alocare, monitorizare, analiz\u0103 periodic\u0103, facturare \u0219i contabilitate) \u0219i de a reac\u021biona rapid [&hellip;]\" \/>\n<meta property=\"og:url\" content=\"https:\/\/deveho.com\/sectors\/professional-services\/\" \/>\n<meta property=\"og:site_name\" content=\"Deveho\" \/>\n<meta property=\"article:publisher\" content=\"https:\/\/www.facebook.com\/deveho\" \/>\n<meta property=\"article:modified_time\" content=\"2022-10-28T08:05:25+00:00\" \/>\n<meta name=\"twitter:card\" content=\"summary_large_image\" \/>\n<meta name=\"twitter:site\" content=\"@Deveho1\" \/>\n<meta name=\"twitter:label1\" content=\"Timp estimat pentru citire\" \/>\n\t<meta name=\"twitter:data1\" content=\"1 minut\" \/>\n<script type=\"application\/ld+json\" class=\"yoast-schema-graph\">{\"@context\":\"https:\/\/schema.org\",\"@graph\":[{\"@type\":\"WebPage\",\"@id\":\"https:\/\/deveho.com\/sectors\/professional-services\/\",\"url\":\"https:\/\/deveho.com\/sectors\/professional-services\/\",\"name\":\"Servicii profesionale - Deveho\",\"isPartOf\":{\"@id\":\"https:\/\/deveho.com\/#website\"},\"datePublished\":\"2022-03-02T16:09:54+00:00\",\"dateModified\":\"2022-10-28T08:05:25+00:00\",\"breadcrumb\":{\"@id\":\"https:\/\/deveho.com\/sectors\/professional-services\/#breadcrumb\"},\"inLanguage\":\"ro-RO\",\"potentialAction\":[{\"@type\":\"ReadAction\",\"target\":[\"https:\/\/deveho.com\/sectors\/professional-services\/\"]}]},{\"@type\":\"BreadcrumbList\",\"@id\":\"https:\/\/deveho.com\/sectors\/professional-services\/#breadcrumb\",\"itemListElement\":[{\"@type\":\"ListItem\",\"position\":1,\"name\":\"Home\",\"item\":\"https:\/\/deveho.com\/ro\/\"},{\"@type\":\"ListItem\",\"position\":2,\"name\":\"Sectoare\",\"item\":\"https:\/\/deveho.com\/sectors\/\"},{\"@type\":\"ListItem\",\"position\":3,\"name\":\"Servicii profesionale\"}]},{\"@type\":\"WebSite\",\"@id\":\"https:\/\/deveho.com\/#website\",\"url\":\"https:\/\/deveho.com\/\",\"name\":\"Deveho Consulting Group\",\"description\":\"Let\u2019s boost your growth\",\"publisher\":{\"@id\":\"https:\/\/deveho.com\/#organization\"},\"potentialAction\":[{\"@type\":\"SearchAction\",\"target\":{\"@type\":\"EntryPoint\",\"urlTemplate\":\"https:\/\/deveho.com\/?s={search_term_string}\"},\"query-input\":{\"@type\":\"PropertyValueSpecification\",\"valueRequired\":true,\"valueName\":\"search_term_string\"}}],\"inLanguage\":\"ro-RO\"},{\"@type\":\"Organization\",\"@id\":\"https:\/\/deveho.com\/#organization\",\"name\":\"Deveho Consulting Group\",\"url\":\"https:\/\/deveho.com\/\",\"logo\":{\"@type\":\"ImageObject\",\"inLanguage\":\"ro-RO\",\"@id\":\"https:\/\/deveho.com\/#\/schema\/logo\/image\/\",\"url\":\"https:\/\/deveho.com\/wp-content\/uploads\/2023\/02\/DEVEHO-LOGO-Baseline-COLOR.png\",\"contentUrl\":\"https:\/\/deveho.com\/wp-content\/uploads\/2023\/02\/DEVEHO-LOGO-Baseline-COLOR.png\",\"width\":2251,\"height\":585,\"caption\":\"Deveho Consulting Group\"},\"image\":{\"@id\":\"https:\/\/deveho.com\/#\/schema\/logo\/image\/\"},\"sameAs\":[\"https:\/\/www.facebook.com\/deveho\",\"https:\/\/x.com\/Deveho1\",\"https:\/\/www.linkedin.com\/company\/deveho-consulting\/\"]}]}<\/script>\n<!-- \/ Yoast SEO plugin. -->","yoast_head_json":{"title":"Servicii profesionale - Deveho","robots":{"index":"index","follow":"follow","max-snippet":"max-snippet:-1","max-image-preview":"max-image-preview:large","max-video-preview":"max-video-preview:-1"},"canonical":"https:\/\/deveho.com\/sectors\/professional-services\/","og_locale":"ro_RO","og_type":"article","og_title":"Servicii profesionale - Deveho","og_description":"Beneficiile Dumneavoastr\u0103 Sage X3 are rolul de a simplifica gestionarea activit\u0103\u021bilor de servicii \u0219i de a monitoriza \u00eendeaproape aspectele opera\u021bionale, comerciale \u0219i financiare ale proiectelor. \u00cen general, Sage X3 poate fi utilizat pentru a gestiona \u00eentregul ciclu de via\u021b\u0103 al proiectului (cota\u021bie, lansare, alocare, monitorizare, analiz\u0103 periodic\u0103, facturare \u0219i contabilitate) \u0219i de a reac\u021biona rapid [&hellip;]","og_url":"https:\/\/deveho.com\/sectors\/professional-services\/","og_site_name":"Deveho","article_publisher":"https:\/\/www.facebook.com\/deveho","article_modified_time":"2022-10-28T08:05:25+00:00","twitter_card":"summary_large_image","twitter_site":"@Deveho1","twitter_misc":{"Timp estimat pentru citire":"1 minut"},"schema":{"@context":"https:\/\/schema.org","@graph":[{"@type":"WebPage","@id":"https:\/\/deveho.com\/sectors\/professional-services\/","url":"https:\/\/deveho.com\/sectors\/professional-services\/","name":"Servicii profesionale - Deveho","isPartOf":{"@id":"https:\/\/deveho.com\/#website"},"datePublished":"2022-03-02T16:09:54+00:00","dateModified":"2022-10-28T08:05:25+00:00","breadcrumb":{"@id":"https:\/\/deveho.com\/sectors\/professional-services\/#breadcrumb"},"inLanguage":"ro-RO","potentialAction":[{"@type":"ReadAction","target":["https:\/\/deveho.com\/sectors\/professional-services\/"]}]},{"@type":"BreadcrumbList","@id":"https:\/\/deveho.com\/sectors\/professional-services\/#breadcrumb","itemListElement":[{"@type":"ListItem","position":1,"name":"Home","item":"https:\/\/deveho.com\/ro\/"},{"@type":"ListItem","position":2,"name":"Sectoare","item":"https:\/\/deveho.com\/sectors\/"},{"@type":"ListItem","position":3,"name":"Servicii profesionale"}]},{"@type":"WebSite","@id":"https:\/\/deveho.com\/#website","url":"https:\/\/deveho.com\/","name":"Deveho Consulting Group","description":"Let\u2019s boost your growth","publisher":{"@id":"https:\/\/deveho.com\/#organization"},"potentialAction":[{"@type":"SearchAction","target":{"@type":"EntryPoint","urlTemplate":"https:\/\/deveho.com\/?s={search_term_string}"},"query-input":{"@type":"PropertyValueSpecification","valueRequired":true,"valueName":"search_term_string"}}],"inLanguage":"ro-RO"},{"@type":"Organization","@id":"https:\/\/deveho.com\/#organization","name":"Deveho Consulting Group","url":"https:\/\/deveho.com\/","logo":{"@type":"ImageObject","inLanguage":"ro-RO","@id":"https:\/\/deveho.com\/#\/schema\/logo\/image\/","url":"https:\/\/deveho.com\/wp-content\/uploads\/2023\/02\/DEVEHO-LOGO-Baseline-COLOR.png","contentUrl":"https:\/\/deveho.com\/wp-content\/uploads\/2023\/02\/DEVEHO-LOGO-Baseline-COLOR.png","width":2251,"height":585,"caption":"Deveho Consulting Group"},"image":{"@id":"https:\/\/deveho.com\/#\/schema\/logo\/image\/"},"sameAs":["https:\/\/www.facebook.com\/deveho","https:\/\/x.com\/Deveho1","https:\/\/www.linkedin.com\/company\/deveho-consulting\/"]}]}},"_links":{"self":[{"href":"https:\/\/deveho.com\/ro\/wp-json\/wp\/v2\/pages\/9329"}],"collection":[{"href":"https:\/\/deveho.com\/ro\/wp-json\/wp\/v2\/pages"}],"about":[{"href":"https:\/\/deveho.com\/ro\/wp-json\/wp\/v2\/types\/page"}],"author":[{"embeddable":true,"href":"https:\/\/deveho.com\/ro\/wp-json\/wp\/v2\/users\/3"}],"replies":[{"embeddable":true,"href":"https:\/\/deveho.com\/ro\/wp-json\/wp\/v2\/comments?post=9329"}],"version-history":[{"count":0,"href":"https:\/\/deveho.com\/ro\/wp-json\/wp\/v2\/pages\/9329\/revisions"}],"up":[{"embeddable":true,"href":"https:\/\/deveho.com\/ro\/wp-json\/wp\/v2\/pages\/10864"}],"wp:attachment":[{"href":"https:\/\/deveho.com\/ro\/wp-json\/wp\/v2\/media?parent=9329"}],"curies":[{"name":"wp","href":"https:\/\/api.w.org\/{rel}","templated":true}]}}