{"id":9346,"date":"2022-03-03T16:44:25","date_gmt":"2022-03-03T16:44:25","guid":{"rendered":"https:\/\/deveho2.sfdbeta.be\/produse-alimentare-bauturi\/"},"modified":"2025-01-27T14:48:49","modified_gmt":"2025-01-27T12:48:49","slug":"produse-alimentare-bauturi","status":"publish","type":"page","link":"https:\/\/deveho.com\/ro\/sectoare-de-activitate\/produse-alimentare-bauturi\/","title":{"rendered":"Produse Alimentare &amp; B\u0103uturi"},"content":{"rendered":"<br \/>\n<h2>Sage X3 pentru companiile de Produse Alimentare &#038; B\u0103uturi<\/h2>\n<p>Sage X3 este special construit pentru Industria Alimentar\u0103 \u0219i a B\u0103uturilor. Sage X3 se axeaz\u0103 pe minimizarea de\u0219eurilor \u0219i reducerea riscurilor, asigur\u00e2nd \u00een acela\u0219i timp calitatea, trasabilitatea \u0219i siguran\u021ba materialelor dumneavoastr\u0103.<\/p>\n<\/p>\n<h3><b><red>Beneficiile <\/red><\/b>Dumneavoastr\u0103 <\/h3>\n<p><p>Ajustat pentru a satisface cerin\u021bele specifice ale industriei dumneavoastr\u0103, Sage X3 ofer\u0103 func\u021bionalitatea avansat\u0103 de care ave\u021bi nevoie pentru a r\u0103m\u00e2ne competitivi \u00een fa\u021ba acestor provoc\u0103ri dificile.<\/p>\n<p>&#8211; Opera\u021biuni<br \/>\n&#8211; Lan\u021b de aprovizionare<br \/>\n&#8211; Depozit \u0219i stocuri<br \/>\n&#8211; Financiar \u0219i Contabilitate<br \/>\n&#8211; V\u00e2nz\u0103ri \u0219i Marketing<br \/>\n&#8211; Serviciu clien\u021bi<\/p>\n<\/p>\n<p>Asigurarea conformit\u0103\u021bii, gestion\u00e2nd \u00een acela\u0219i timp costurile<\/p>\n<p>Preg\u0103tirea pentru posibilele retururi<\/p>\n<p>Economisirea timpului (\u0219i a banilor!), r\u0103m\u00e2n\u00e2nd \u00een acela\u0219i timp \u00een conformitate<\/p>\n<p>Ob\u021bine\u021binerea unei vizibilit\u0103\u021bi mai bune asupra opera\u021biunilor din afacerea dumneavoastr\u0103 cu produse alimentare \u0219i b\u0103uturi<\/p>\n<p>Controlarea costurilor \u0219i reducerea de\u0219eurilor<\/p>\n<p>Inspirarea \u00eencrederii consumatorilor prin trasabilitate<\/p>\n<p>Minimizarea de\u0219eurilor pentru a reduce costurile \u0219i riscurile<\/p>\n<p>Accelerarea conformit\u0103\u021bii<\/p>\n<h2><b><red>Caracteristici<\/b><\/red> <b>Sage X3<\/b><\/h2>\n<h3><\/h3>\n<p><p>OPERA\u021aIUNI<\/p>\n<p>Profita\u021bi de solu\u021bii pentru siguran\u021ba alimentar\u0103, trasabilitate, managementul rechem\u0103rilor, raportarea alergenilor \u0219i multe altele.<\/p>\n<\/p>\n<h3><\/h3>\n<p><p>LAN\u021a DE APROVIZIONARE<\/p>\n<p>Gestiona\u021bi, colabora\u021bi \u0219i asigura\u021bi conformitatea \u00een munca dumneavoastr\u0103 cu furnizorii dumneavoastr\u0103 interna\u021bionali.<\/p>\n<\/p>\n<h3><\/h3>\n<p><p>DEPOZIT \u0218I STOCURI<\/p>\n<p>Gestiona\u021bi urm\u0103rirea inventarului de alimente \u0219i profitabilitatea produselor, reduce\u021bi pierderile de bunuri perisabile.<\/p>\n<\/p>\n<h3><\/h3>\n<p><p>CONTABILITATE \u0218I FINANCIAR<\/p>\n<p>Gestiona\u021bi fluxul de numerar, conformitatea, profitabilitatea, mijloacele fixe \u0219i procedurile contabile.<\/p>\n<\/p>\n<h3><\/h3>\n<p><p>V\u00c2NZ\u0102RI \u0218I MARKETING<\/p>\n<p>Combina\u021bi CRM-ul cu puterea aplica\u021biilor mobile, pentru a declan\u0219a poten\u021bialul activit\u0103\u021bilor dumneavoastr\u0103 de v\u00e2nz\u0103ri \u0219i marketing.<\/p>\n<\/p>\n<h3><\/h3>\n<p><p>SERVICIU CLIEN\u021aI<\/p>\n<p>Ob\u021bine\u021bi acces rapid la date \u0219i abilitatea de a gestiona solicit\u0103rile clien\u021bilor.<\/p>\n<\/p>\n<h2><\/h2>\n<h3>Pagini conexe<\/h3>\n<\/p>\n<h3><\/h3>\n<\/p>\n<h3><\/h3><\/p>\n","protected":false},"excerpt":{"rendered":"<p>Sage X3 pentru companiile de Produse Alimentare &#038; B\u0103uturi Sage X3 este special construit pentru Industria Alimentar\u0103 \u0219i a B\u0103uturilor. Sage X3 se axeaz\u0103 pe minimizarea de\u0219eurilor \u0219i reducerea riscurilor, asigur\u00e2nd \u00een acela\u0219i timp calitatea, trasabilitatea \u0219i siguran\u021ba materialelor dumneavoastr\u0103. Beneficiile Dumneavoastr\u0103 Ajustat pentru a satisface cerin\u021bele specifice ale industriei dumneavoastr\u0103, Sage X3 ofer\u0103 func\u021bionalitatea [&hellip;]<\/p>\n","protected":false},"author":3,"featured_media":0,"parent":10864,"menu_order":0,"comment_status":"closed","ping_status":"closed","template":"templates\/template-inner.php","meta":{"_acf_changed":false,"footnotes":""},"class_list":["post-9346","page","type-page","status-publish","hentry"],"acf":[],"yoast_head":"<!-- This site is optimized with the Yoast SEO plugin v23.5 - https:\/\/yoast.com\/wordpress\/plugins\/seo\/ -->\n<title>Produse Alimentare &amp; B\u0103uturi - Deveho<\/title>\n<meta name=\"robots\" content=\"index, follow, max-snippet:-1, max-image-preview:large, max-video-preview:-1\" \/>\n<link rel=\"canonical\" href=\"https:\/\/deveho.com\/ro\/sectoare-de-activitate\/produse-alimentare-bauturi\/\" \/>\n<meta property=\"og:locale\" content=\"ro_RO\" \/>\n<meta property=\"og:type\" content=\"article\" \/>\n<meta property=\"og:title\" content=\"Produse Alimentare &amp; B\u0103uturi - Deveho\" \/>\n<meta property=\"og:description\" content=\"Sage X3 pentru companiile de Produse Alimentare &#038; B\u0103uturi Sage X3 este special construit pentru Industria Alimentar\u0103 \u0219i a B\u0103uturilor. Sage X3 se axeaz\u0103 pe minimizarea de\u0219eurilor \u0219i reducerea riscurilor, asigur\u00e2nd \u00een acela\u0219i timp calitatea, trasabilitatea \u0219i siguran\u021ba materialelor dumneavoastr\u0103. Beneficiile Dumneavoastr\u0103 Ajustat pentru a satisface cerin\u021bele specifice ale industriei dumneavoastr\u0103, Sage X3 ofer\u0103 func\u021bionalitatea [&hellip;]\" \/>\n<meta property=\"og:url\" content=\"https:\/\/deveho.com\/ro\/sectoare-de-activitate\/produse-alimentare-bauturi\/\" \/>\n<meta property=\"og:site_name\" content=\"Deveho\" \/>\n<meta property=\"article:publisher\" content=\"https:\/\/www.facebook.com\/deveho\" \/>\n<meta property=\"article:modified_time\" content=\"2025-01-27T12:48:49+00:00\" \/>\n<meta name=\"twitter:card\" content=\"summary_large_image\" \/>\n<meta name=\"twitter:site\" content=\"@Deveho1\" \/>\n<meta name=\"twitter:label1\" content=\"Timp estimat pentru citire\" \/>\n\t<meta name=\"twitter:data1\" content=\"2 minute\" \/>\n<script type=\"application\/ld+json\" class=\"yoast-schema-graph\">{\"@context\":\"https:\/\/schema.org\",\"@graph\":[{\"@type\":\"WebPage\",\"@id\":\"https:\/\/deveho.com\/ro\/sectoare-de-activitate\/produse-alimentare-bauturi\/\",\"url\":\"https:\/\/deveho.com\/ro\/sectoare-de-activitate\/produse-alimentare-bauturi\/\",\"name\":\"Produse Alimentare &amp; B\u0103uturi - Deveho\",\"isPartOf\":{\"@id\":\"https:\/\/deveho.com\/#website\"},\"datePublished\":\"2022-03-03T16:44:25+00:00\",\"dateModified\":\"2025-01-27T12:48:49+00:00\",\"breadcrumb\":{\"@id\":\"https:\/\/deveho.com\/ro\/sectoare-de-activitate\/produse-alimentare-bauturi\/#breadcrumb\"},\"inLanguage\":\"ro-RO\",\"potentialAction\":[{\"@type\":\"ReadAction\",\"target\":[\"https:\/\/deveho.com\/ro\/sectoare-de-activitate\/produse-alimentare-bauturi\/\"]}]},{\"@type\":\"BreadcrumbList\",\"@id\":\"https:\/\/deveho.com\/ro\/sectoare-de-activitate\/produse-alimentare-bauturi\/#breadcrumb\",\"itemListElement\":[{\"@type\":\"ListItem\",\"position\":1,\"name\":\"Home\",\"item\":\"https:\/\/deveho.com\/ro\/\"},{\"@type\":\"ListItem\",\"position\":2,\"name\":\"Sectoare\",\"item\":\"https:\/\/deveho.com\/sectors\/\"},{\"@type\":\"ListItem\",\"position\":3,\"name\":\"Produse Alimentare &amp; B\u0103uturi\"}]},{\"@type\":\"WebSite\",\"@id\":\"https:\/\/deveho.com\/#website\",\"url\":\"https:\/\/deveho.com\/\",\"name\":\"Deveho Consulting Group\",\"description\":\"Let\u2019s boost your growth\",\"publisher\":{\"@id\":\"https:\/\/deveho.com\/#organization\"},\"potentialAction\":[{\"@type\":\"SearchAction\",\"target\":{\"@type\":\"EntryPoint\",\"urlTemplate\":\"https:\/\/deveho.com\/?s={search_term_string}\"},\"query-input\":{\"@type\":\"PropertyValueSpecification\",\"valueRequired\":true,\"valueName\":\"search_term_string\"}}],\"inLanguage\":\"ro-RO\"},{\"@type\":\"Organization\",\"@id\":\"https:\/\/deveho.com\/#organization\",\"name\":\"Deveho Consulting Group\",\"url\":\"https:\/\/deveho.com\/\",\"logo\":{\"@type\":\"ImageObject\",\"inLanguage\":\"ro-RO\",\"@id\":\"https:\/\/deveho.com\/#\/schema\/logo\/image\/\",\"url\":\"https:\/\/deveho.com\/wp-content\/uploads\/2023\/02\/DEVEHO-LOGO-Baseline-COLOR.png\",\"contentUrl\":\"https:\/\/deveho.com\/wp-content\/uploads\/2023\/02\/DEVEHO-LOGO-Baseline-COLOR.png\",\"width\":2251,\"height\":585,\"caption\":\"Deveho Consulting Group\"},\"image\":{\"@id\":\"https:\/\/deveho.com\/#\/schema\/logo\/image\/\"},\"sameAs\":[\"https:\/\/www.facebook.com\/deveho\",\"https:\/\/x.com\/Deveho1\",\"https:\/\/www.linkedin.com\/company\/deveho-consulting\/\"]}]}<\/script>\n<!-- \/ Yoast SEO plugin. -->","yoast_head_json":{"title":"Produse Alimentare &amp; B\u0103uturi - Deveho","robots":{"index":"index","follow":"follow","max-snippet":"max-snippet:-1","max-image-preview":"max-image-preview:large","max-video-preview":"max-video-preview:-1"},"canonical":"https:\/\/deveho.com\/ro\/sectoare-de-activitate\/produse-alimentare-bauturi\/","og_locale":"ro_RO","og_type":"article","og_title":"Produse Alimentare &amp; B\u0103uturi - Deveho","og_description":"Sage X3 pentru companiile de Produse Alimentare &#038; B\u0103uturi Sage X3 este special construit pentru Industria Alimentar\u0103 \u0219i a B\u0103uturilor. Sage X3 se axeaz\u0103 pe minimizarea de\u0219eurilor \u0219i reducerea riscurilor, asigur\u00e2nd \u00een acela\u0219i timp calitatea, trasabilitatea \u0219i siguran\u021ba materialelor dumneavoastr\u0103. Beneficiile Dumneavoastr\u0103 Ajustat pentru a satisface cerin\u021bele specifice ale industriei dumneavoastr\u0103, Sage X3 ofer\u0103 func\u021bionalitatea [&hellip;]","og_url":"https:\/\/deveho.com\/ro\/sectoare-de-activitate\/produse-alimentare-bauturi\/","og_site_name":"Deveho","article_publisher":"https:\/\/www.facebook.com\/deveho","article_modified_time":"2025-01-27T12:48:49+00:00","twitter_card":"summary_large_image","twitter_site":"@Deveho1","twitter_misc":{"Timp estimat pentru citire":"2 minute"},"schema":{"@context":"https:\/\/schema.org","@graph":[{"@type":"WebPage","@id":"https:\/\/deveho.com\/ro\/sectoare-de-activitate\/produse-alimentare-bauturi\/","url":"https:\/\/deveho.com\/ro\/sectoare-de-activitate\/produse-alimentare-bauturi\/","name":"Produse Alimentare &amp; B\u0103uturi - Deveho","isPartOf":{"@id":"https:\/\/deveho.com\/#website"},"datePublished":"2022-03-03T16:44:25+00:00","dateModified":"2025-01-27T12:48:49+00:00","breadcrumb":{"@id":"https:\/\/deveho.com\/ro\/sectoare-de-activitate\/produse-alimentare-bauturi\/#breadcrumb"},"inLanguage":"ro-RO","potentialAction":[{"@type":"ReadAction","target":["https:\/\/deveho.com\/ro\/sectoare-de-activitate\/produse-alimentare-bauturi\/"]}]},{"@type":"BreadcrumbList","@id":"https:\/\/deveho.com\/ro\/sectoare-de-activitate\/produse-alimentare-bauturi\/#breadcrumb","itemListElement":[{"@type":"ListItem","position":1,"name":"Home","item":"https:\/\/deveho.com\/ro\/"},{"@type":"ListItem","position":2,"name":"Sectoare","item":"https:\/\/deveho.com\/sectors\/"},{"@type":"ListItem","position":3,"name":"Produse Alimentare &amp; B\u0103uturi"}]},{"@type":"WebSite","@id":"https:\/\/deveho.com\/#website","url":"https:\/\/deveho.com\/","name":"Deveho Consulting Group","description":"Let\u2019s boost your growth","publisher":{"@id":"https:\/\/deveho.com\/#organization"},"potentialAction":[{"@type":"SearchAction","target":{"@type":"EntryPoint","urlTemplate":"https:\/\/deveho.com\/?s={search_term_string}"},"query-input":{"@type":"PropertyValueSpecification","valueRequired":true,"valueName":"search_term_string"}}],"inLanguage":"ro-RO"},{"@type":"Organization","@id":"https:\/\/deveho.com\/#organization","name":"Deveho Consulting Group","url":"https:\/\/deveho.com\/","logo":{"@type":"ImageObject","inLanguage":"ro-RO","@id":"https:\/\/deveho.com\/#\/schema\/logo\/image\/","url":"https:\/\/deveho.com\/wp-content\/uploads\/2023\/02\/DEVEHO-LOGO-Baseline-COLOR.png","contentUrl":"https:\/\/deveho.com\/wp-content\/uploads\/2023\/02\/DEVEHO-LOGO-Baseline-COLOR.png","width":2251,"height":585,"caption":"Deveho Consulting Group"},"image":{"@id":"https:\/\/deveho.com\/#\/schema\/logo\/image\/"},"sameAs":["https:\/\/www.facebook.com\/deveho","https:\/\/x.com\/Deveho1","https:\/\/www.linkedin.com\/company\/deveho-consulting\/"]}]}},"_links":{"self":[{"href":"https:\/\/deveho.com\/ro\/wp-json\/wp\/v2\/pages\/9346"}],"collection":[{"href":"https:\/\/deveho.com\/ro\/wp-json\/wp\/v2\/pages"}],"about":[{"href":"https:\/\/deveho.com\/ro\/wp-json\/wp\/v2\/types\/page"}],"author":[{"embeddable":true,"href":"https:\/\/deveho.com\/ro\/wp-json\/wp\/v2\/users\/3"}],"replies":[{"embeddable":true,"href":"https:\/\/deveho.com\/ro\/wp-json\/wp\/v2\/comments?post=9346"}],"version-history":[{"count":3,"href":"https:\/\/deveho.com\/ro\/wp-json\/wp\/v2\/pages\/9346\/revisions"}],"predecessor-version":[{"id":37112,"href":"https:\/\/deveho.com\/ro\/wp-json\/wp\/v2\/pages\/9346\/revisions\/37112"}],"up":[{"embeddable":true,"href":"https:\/\/deveho.com\/ro\/wp-json\/wp\/v2\/pages\/10864"}],"wp:attachment":[{"href":"https:\/\/deveho.com\/ro\/wp-json\/wp\/v2\/media?parent=9346"}],"curies":[{"name":"wp","href":"https:\/\/api.w.org\/{rel}","templated":true}]}}