{"id":9749,"date":"2022-04-13T13:35:46","date_gmt":"2022-04-13T13:35:46","guid":{"rendered":"https:\/\/deveho2.sfdbeta.be\/sage-x3\/"},"modified":"2025-12-08T12:58:21","modified_gmt":"2025-12-08T10:58:21","slug":"sage-x3","status":"publish","type":"page","link":"https:\/\/deveho.com\/ro\/produse\/sage-x3\/","title":{"rendered":"Sage X3"},"content":{"rendered":"<br \/>\n<h2>Cel mai rapid, mai simplu \u0219i mai <b>flexibil ERP<\/b><\/h2>\n<p>Sage X3 ERP v\u0103 permite s\u0103 v\u0103 controla\u021bi \u00eentregul business, de la lan\u021bul de aprovizionare, la v\u00e2nz\u0103ri, produc\u021bie, servicii \u0219i opera\u021biuni financiare. Aceast\u0103 solu\u021bie este destinat\u0103 companiilor care doresc s\u0103 \u00ee\u0219i sporeasc\u0103 eficien\u021ba, flexibilitatea \u0219i expertiza.<\/p>\n<p>Capacitatea sa de a se conforma unui num\u0103r mare de legi \u0219i de a integra o gam\u0103 larg\u0103 de verticale de business \u00eei permite s\u0103 ofere sus\u021binere organiza\u021biilor complexe la nivel interna\u021bional.<\/p>\n<p>Sage X3 permite companiilor s\u0103 \u00ee\u0219i gestioneze activitatea \u00een timp real, at\u00e2t \u00een ceea ce prive\u0219te aspectele opera\u021bionale, c\u00e2t \u0219i cele financiare.<\/p>\n<h2>CE ESTE INCLUS IN ULTIMUL UPGRADE SAGE X3 V12?<\/h2>\n<h3><red>Noua versiune<\/red><br \/>Sage X3 2025<\/h3>\n<h3>2025 R2 (12.0.38)<\/h3>\n<\/p>\n<h2>AVE\u021aI O VERSIUNE MAI VECHE DE SAGE X3?<\/h2>\n<h3><red>Migrarea la<\/red> <br \/>Sage X3 V12 <\/h3>\n<h3>Migrarea la cea mai recent\u0103 versiune a Sage X3 ERP este oportunitatea de a v\u0103 digitaliza procesele \u0219i de a beneficia de o gam\u0103 larg\u0103 de automatiz\u0103ri, teste de non-regresie pe perioada actualiz\u0103rii, dezvolt\u0103ri specifice, industrializarea add-on-urilor, precum \u0219i teste de non-regresie pentru configurarea unui nou model de baz\u0103 \u0219i implementarea acestuia.<\/h3>\n<p><p>&nbsp;<\/p>\n<p style=\"margin: 0in; font-family: Calibri; font-size: 11.0pt;\"><strong>Pentru a afla mai multe despre Sage X3,<a href=\"https:\/\/deveho.com\/ro\/contact\/\">\u00a0contacta\u021bi-ne<\/a>!<\/strong><\/p>\n<p>&nbsp;<\/p>\n<p><img loading=\"lazy\" decoding=\"async\" class=\"alignnone wp-image-33381\" src=\"https:\/\/deveho.com\/wp-content\/uploads\/2024\/09\/Posts-LinkedIn-e1726040958656.png\" alt=\"Migration Sage X3\" width=\"400\" height=\"297\" \/><\/p>\n<\/p>\n<h2>Mai mult dec\u00e2t un ERP<\/h2>\n<h3>Sage X3, <red>Capabilit\u0103\u021bi Produs<\/red>    <\/h3>\n<h3><\/h3>\n<\/p>\n<h2>Sage X3 v\u0103 permite s\u0103 v\u0103 dezvolta\u021bi businessul mai rapid<\/h2>\n<p>Sage X3 difer\u0103 de sistemele ERP conven\u021bionale, permi\u021b\u00e2ndu-v\u0103 s\u0103 v\u0103 eficientiza\u021bi managementul companiei prin simplificarea tuturor aspectelor legate de opera\u021biunile dumneavoastr\u0103.<\/p>\n<p><p>Sage X3 este o solu\u021bie unic\u0103 \u0219i interna\u021bional\u0103 destinat\u0103 companiilor de nivel mediu din \u00eentreaga lume. Sage X3 este solu\u021bia de top pentru companiile mijlocii \u0219i pentru filialele marilor grupuri. Sage X3 este disponibil \u00een aproximativ 100 de \u021b\u0103ri \u0219i este solu\u021bia preferat\u0103 de peste 5.200 de companii \u0219i 240.000 de utilizatori, datorit\u0103 u\u0219urin\u021bei de utilizare \u0219i implement\u0103rii rapide \u0219i eficiente din punct de vedere financiar.<\/p>\n<\/p>\n<p><p>Sage X3 se adreseaz\u0103 \u00een primul r\u00e2nd companiilor cu un num\u0103r de 100 p\u00e2n\u0103 la 500 de angaja\u021bi din industriile de distribu\u021bie, produc\u021bie \u0219i servicii. Sage X3 poate s\u0103 sprijine companiile care \u00ee\u0219i desf\u0103\u0219oar\u0103 activitatea la nivel local sau interna\u021bional, fie c\u0103 sunt independente sau fac parte dintr-un grup mai mare. Rezultate: opera\u021biuni simplificate, informa\u021bii \u00een timp real despre activitatea dumneavoastr\u0103 \u0219i performan\u021be \u00eembun\u0103t\u0103\u021bite. Rezultate: opera\u021biuni simplificate, informa\u021bii \u00een timp real despre activitatea dumneavoastr\u0103 \u0219i performan\u021be \u00eembun\u0103t\u0103\u021bite.<\/p>\n<\/p>\n<h2>Importan\u021ba alegerii ERP-ului dvs.<\/h2>\n<p>Companiile mijlocii se confrunt\u0103 \u00een mod repetat cu situa\u021bia de a trebui s\u0103 se mul\u021bumeasc\u0103 cu date interne de slab\u0103 calitate, greu de accesat \u0219i de interpretat, ceea ce le fr\u00e2neaz\u0103 cre\u0219terea \u0219i profitabilitatea.<\/p>\n<p>Din cauza sistemelor de management \u00eenvechite \u0219i a solu\u021biilor necorespunz\u0103toare, companiile se v\u0103d nevoite s\u0103 implementeze numeroase procese manuale care creeaz\u0103 ineficien\u021b\u0103 \u00een \u00eentreaga organiza\u021bie.<\/p>\n<h2><red>La ce v\u0103 a\u0219tepta\u021bi de la un ERP?<\/red>   <\/h2>\n<p>O companie are nevoie de un pachet software de management integrat pentru a optimiza \u0219i facilita toate procesele de management, productivitatea sau chiar resursele sale. Achizi\u021bionarea unui instrument ERP are multe avantaje pentru orice structur\u0103.<\/p>\n<h2><\/h2>\n<h3>Pagini conexe<\/h3>\n<\/p>\n<h3><\/h3>\n<\/p>\n<h3><\/h3>\n<\/p>\n<h2>Face\u021bi turul interactiv al produsului Sage X3<\/h2>\n<p>Urm\u0103ri\u021bi videoclipul \u0219i descoperi\u021bi modalitatea \u00een care Sage X3 sprijin\u0103 \u0219i consolideaz\u0103 industriile de distribu\u021bie, produc\u021bie \u0219i servicii.<\/p><\/p>\n","protected":false},"excerpt":{"rendered":"<p>Sage X3 ofer\u0103 solu\u021bii de gestionare a business-ului mai rapide, mai intuitive \u0219i mai adaptate dec\u00e2t ERP-urile conven\u021bionale, pentru companiile axate pe produse care doresc s\u0103 se dezvolte \u0219i s\u0103 r\u0103m\u00e2n\u0103 competitive \u00een fa\u021ba complexit\u0103\u021bii \u00een continu\u0103 cre\u0219tere. Sage X3 transform\u0103 administrarea resurselor umane, a proceselor \u0219i a opera\u021biunilor, permi\u021b\u00e2nd companiilor s\u0103 se adapteze rapid la schimbare.<\/p>\n","protected":false},"author":8,"featured_media":0,"parent":10805,"menu_order":0,"comment_status":"closed","ping_status":"closed","template":"templates\/template-prod_serv.php","meta":{"_acf_changed":false,"footnotes":""},"class_list":["post-9749","page","type-page","status-publish","hentry"],"acf":[],"yoast_head":"<!-- This site is optimized with the Yoast SEO plugin v23.5 - https:\/\/yoast.com\/wordpress\/plugins\/seo\/ -->\n<title>Sage X3 - Deveho<\/title>\n<meta name=\"robots\" content=\"index, follow, max-snippet:-1, max-image-preview:large, max-video-preview:-1\" \/>\n<link rel=\"canonical\" href=\"https:\/\/deveho.com\/ro\/produse\/sage-x3\/\" \/>\n<meta property=\"og:locale\" content=\"ro_RO\" \/>\n<meta property=\"og:type\" content=\"article\" \/>\n<meta property=\"og:title\" content=\"Sage X3 - Deveho\" \/>\n<meta property=\"og:description\" content=\"Sage X3 ofer\u0103 solu\u021bii de gestionare a business-ului mai rapide, mai intuitive \u0219i mai adaptate dec\u00e2t ERP-urile conven\u021bionale, pentru companiile axate pe produse care doresc s\u0103 se dezvolte \u0219i s\u0103 r\u0103m\u00e2n\u0103 competitive \u00een fa\u021ba complexit\u0103\u021bii \u00een continu\u0103 cre\u0219tere. Sage X3 transform\u0103 administrarea resurselor umane, a proceselor \u0219i a opera\u021biunilor, permi\u021b\u00e2nd companiilor s\u0103 se adapteze rapid la schimbare.\" \/>\n<meta property=\"og:url\" content=\"https:\/\/deveho.com\/ro\/produse\/sage-x3\/\" \/>\n<meta property=\"og:site_name\" content=\"Deveho\" \/>\n<meta property=\"article:publisher\" content=\"https:\/\/www.facebook.com\/deveho\" \/>\n<meta property=\"article:modified_time\" content=\"2025-12-08T10:58:21+00:00\" \/>\n<meta property=\"og:image\" content=\"https:\/\/deveho.com\/wp-content\/uploads\/2024\/09\/Posts-LinkedIn-e1726040958656.png\" \/>\n<meta name=\"twitter:card\" content=\"summary_large_image\" \/>\n<meta name=\"twitter:site\" content=\"@Deveho1\" \/>\n<meta name=\"twitter:label1\" content=\"Timp estimat pentru citire\" \/>\n\t<meta name=\"twitter:data1\" content=\"3 minute\" \/>\n<script type=\"application\/ld+json\" class=\"yoast-schema-graph\">{\"@context\":\"https:\/\/schema.org\",\"@graph\":[{\"@type\":\"WebPage\",\"@id\":\"https:\/\/deveho.com\/ro\/produse\/sage-x3\/\",\"url\":\"https:\/\/deveho.com\/ro\/produse\/sage-x3\/\",\"name\":\"Sage X3 - Deveho\",\"isPartOf\":{\"@id\":\"https:\/\/deveho.com\/#website\"},\"primaryImageOfPage\":{\"@id\":\"https:\/\/deveho.com\/ro\/produse\/sage-x3\/#primaryimage\"},\"image\":{\"@id\":\"https:\/\/deveho.com\/ro\/produse\/sage-x3\/#primaryimage\"},\"thumbnailUrl\":\"https:\/\/deveho.com\/wp-content\/uploads\/2024\/09\/Posts-LinkedIn-e1726040958656.png\",\"datePublished\":\"2022-04-13T13:35:46+00:00\",\"dateModified\":\"2025-12-08T10:58:21+00:00\",\"breadcrumb\":{\"@id\":\"https:\/\/deveho.com\/ro\/produse\/sage-x3\/#breadcrumb\"},\"inLanguage\":\"ro-RO\",\"potentialAction\":[{\"@type\":\"ReadAction\",\"target\":[\"https:\/\/deveho.com\/ro\/produse\/sage-x3\/\"]}]},{\"@type\":\"ImageObject\",\"inLanguage\":\"ro-RO\",\"@id\":\"https:\/\/deveho.com\/ro\/produse\/sage-x3\/#primaryimage\",\"url\":\"https:\/\/deveho.com\/wp-content\/uploads\/2024\/09\/Posts-LinkedIn-e1726040958656.png\",\"contentUrl\":\"https:\/\/deveho.com\/wp-content\/uploads\/2024\/09\/Posts-LinkedIn-e1726040958656.png\"},{\"@type\":\"BreadcrumbList\",\"@id\":\"https:\/\/deveho.com\/ro\/produse\/sage-x3\/#breadcrumb\",\"itemListElement\":[{\"@type\":\"ListItem\",\"position\":1,\"name\":\"Home\",\"item\":\"https:\/\/deveho.com\/ro\/\"},{\"@type\":\"ListItem\",\"position\":2,\"name\":\"Produse\",\"item\":\"https:\/\/deveho.com\/ro\/produse\/\"},{\"@type\":\"ListItem\",\"position\":3,\"name\":\"Sage X3\"}]},{\"@type\":\"WebSite\",\"@id\":\"https:\/\/deveho.com\/#website\",\"url\":\"https:\/\/deveho.com\/\",\"name\":\"Deveho Consulting Group\",\"description\":\"Let\u2019s boost your growth\",\"publisher\":{\"@id\":\"https:\/\/deveho.com\/#organization\"},\"potentialAction\":[{\"@type\":\"SearchAction\",\"target\":{\"@type\":\"EntryPoint\",\"urlTemplate\":\"https:\/\/deveho.com\/?s={search_term_string}\"},\"query-input\":{\"@type\":\"PropertyValueSpecification\",\"valueRequired\":true,\"valueName\":\"search_term_string\"}}],\"inLanguage\":\"ro-RO\"},{\"@type\":\"Organization\",\"@id\":\"https:\/\/deveho.com\/#organization\",\"name\":\"Deveho Consulting Group\",\"url\":\"https:\/\/deveho.com\/\",\"logo\":{\"@type\":\"ImageObject\",\"inLanguage\":\"ro-RO\",\"@id\":\"https:\/\/deveho.com\/#\/schema\/logo\/image\/\",\"url\":\"https:\/\/deveho.com\/wp-content\/uploads\/2023\/02\/DEVEHO-LOGO-Baseline-COLOR.png\",\"contentUrl\":\"https:\/\/deveho.com\/wp-content\/uploads\/2023\/02\/DEVEHO-LOGO-Baseline-COLOR.png\",\"width\":2251,\"height\":585,\"caption\":\"Deveho Consulting Group\"},\"image\":{\"@id\":\"https:\/\/deveho.com\/#\/schema\/logo\/image\/\"},\"sameAs\":[\"https:\/\/www.facebook.com\/deveho\",\"https:\/\/x.com\/Deveho1\",\"https:\/\/www.linkedin.com\/company\/deveho-consulting\/\"]}]}<\/script>\n<!-- \/ Yoast SEO plugin. -->","yoast_head_json":{"title":"Sage X3 - Deveho","robots":{"index":"index","follow":"follow","max-snippet":"max-snippet:-1","max-image-preview":"max-image-preview:large","max-video-preview":"max-video-preview:-1"},"canonical":"https:\/\/deveho.com\/ro\/produse\/sage-x3\/","og_locale":"ro_RO","og_type":"article","og_title":"Sage X3 - Deveho","og_description":"Sage X3 ofer\u0103 solu\u021bii de gestionare a business-ului mai rapide, mai intuitive \u0219i mai adaptate dec\u00e2t ERP-urile conven\u021bionale, pentru companiile axate pe produse care doresc s\u0103 se dezvolte \u0219i s\u0103 r\u0103m\u00e2n\u0103 competitive \u00een fa\u021ba complexit\u0103\u021bii \u00een continu\u0103 cre\u0219tere. Sage X3 transform\u0103 administrarea resurselor umane, a proceselor \u0219i a opera\u021biunilor, permi\u021b\u00e2nd companiilor s\u0103 se adapteze rapid la schimbare.","og_url":"https:\/\/deveho.com\/ro\/produse\/sage-x3\/","og_site_name":"Deveho","article_publisher":"https:\/\/www.facebook.com\/deveho","article_modified_time":"2025-12-08T10:58:21+00:00","og_image":[{"url":"https:\/\/deveho.com\/wp-content\/uploads\/2024\/09\/Posts-LinkedIn-e1726040958656.png"}],"twitter_card":"summary_large_image","twitter_site":"@Deveho1","twitter_misc":{"Timp estimat pentru citire":"3 minute"},"schema":{"@context":"https:\/\/schema.org","@graph":[{"@type":"WebPage","@id":"https:\/\/deveho.com\/ro\/produse\/sage-x3\/","url":"https:\/\/deveho.com\/ro\/produse\/sage-x3\/","name":"Sage X3 - Deveho","isPartOf":{"@id":"https:\/\/deveho.com\/#website"},"primaryImageOfPage":{"@id":"https:\/\/deveho.com\/ro\/produse\/sage-x3\/#primaryimage"},"image":{"@id":"https:\/\/deveho.com\/ro\/produse\/sage-x3\/#primaryimage"},"thumbnailUrl":"https:\/\/deveho.com\/wp-content\/uploads\/2024\/09\/Posts-LinkedIn-e1726040958656.png","datePublished":"2022-04-13T13:35:46+00:00","dateModified":"2025-12-08T10:58:21+00:00","breadcrumb":{"@id":"https:\/\/deveho.com\/ro\/produse\/sage-x3\/#breadcrumb"},"inLanguage":"ro-RO","potentialAction":[{"@type":"ReadAction","target":["https:\/\/deveho.com\/ro\/produse\/sage-x3\/"]}]},{"@type":"ImageObject","inLanguage":"ro-RO","@id":"https:\/\/deveho.com\/ro\/produse\/sage-x3\/#primaryimage","url":"https:\/\/deveho.com\/wp-content\/uploads\/2024\/09\/Posts-LinkedIn-e1726040958656.png","contentUrl":"https:\/\/deveho.com\/wp-content\/uploads\/2024\/09\/Posts-LinkedIn-e1726040958656.png"},{"@type":"BreadcrumbList","@id":"https:\/\/deveho.com\/ro\/produse\/sage-x3\/#breadcrumb","itemListElement":[{"@type":"ListItem","position":1,"name":"Home","item":"https:\/\/deveho.com\/ro\/"},{"@type":"ListItem","position":2,"name":"Produse","item":"https:\/\/deveho.com\/ro\/produse\/"},{"@type":"ListItem","position":3,"name":"Sage X3"}]},{"@type":"WebSite","@id":"https:\/\/deveho.com\/#website","url":"https:\/\/deveho.com\/","name":"Deveho Consulting Group","description":"Let\u2019s boost your growth","publisher":{"@id":"https:\/\/deveho.com\/#organization"},"potentialAction":[{"@type":"SearchAction","target":{"@type":"EntryPoint","urlTemplate":"https:\/\/deveho.com\/?s={search_term_string}"},"query-input":{"@type":"PropertyValueSpecification","valueRequired":true,"valueName":"search_term_string"}}],"inLanguage":"ro-RO"},{"@type":"Organization","@id":"https:\/\/deveho.com\/#organization","name":"Deveho Consulting Group","url":"https:\/\/deveho.com\/","logo":{"@type":"ImageObject","inLanguage":"ro-RO","@id":"https:\/\/deveho.com\/#\/schema\/logo\/image\/","url":"https:\/\/deveho.com\/wp-content\/uploads\/2023\/02\/DEVEHO-LOGO-Baseline-COLOR.png","contentUrl":"https:\/\/deveho.com\/wp-content\/uploads\/2023\/02\/DEVEHO-LOGO-Baseline-COLOR.png","width":2251,"height":585,"caption":"Deveho Consulting Group"},"image":{"@id":"https:\/\/deveho.com\/#\/schema\/logo\/image\/"},"sameAs":["https:\/\/www.facebook.com\/deveho","https:\/\/x.com\/Deveho1","https:\/\/www.linkedin.com\/company\/deveho-consulting\/"]}]}},"_links":{"self":[{"href":"https:\/\/deveho.com\/ro\/wp-json\/wp\/v2\/pages\/9749"}],"collection":[{"href":"https:\/\/deveho.com\/ro\/wp-json\/wp\/v2\/pages"}],"about":[{"href":"https:\/\/deveho.com\/ro\/wp-json\/wp\/v2\/types\/page"}],"author":[{"embeddable":true,"href":"https:\/\/deveho.com\/ro\/wp-json\/wp\/v2\/users\/8"}],"replies":[{"embeddable":true,"href":"https:\/\/deveho.com\/ro\/wp-json\/wp\/v2\/comments?post=9749"}],"version-history":[{"count":11,"href":"https:\/\/deveho.com\/ro\/wp-json\/wp\/v2\/pages\/9749\/revisions"}],"predecessor-version":[{"id":44528,"href":"https:\/\/deveho.com\/ro\/wp-json\/wp\/v2\/pages\/9749\/revisions\/44528"}],"up":[{"embeddable":true,"href":"https:\/\/deveho.com\/ro\/wp-json\/wp\/v2\/pages\/10805"}],"wp:attachment":[{"href":"https:\/\/deveho.com\/ro\/wp-json\/wp\/v2\/media?parent=9749"}],"curies":[{"name":"wp","href":"https:\/\/api.w.org\/{rel}","templated":true}]}}