{"id":9925,"date":"2022-04-19T07:54:17","date_gmt":"2022-04-19T07:54:17","guid":{"rendered":"https:\/\/deveho2.sfdbeta.be\/integrare-add-on-de-business\/"},"modified":"2026-04-07T09:45:48","modified_gmt":"2026-04-07T07:45:48","slug":"integrare-add-on-de-business","status":"publish","type":"page","link":"https:\/\/deveho.com\/ro\/produse\/integrare-add-on-de-business\/","title":{"rendered":"Integrare add-on de business"},"content":{"rendered":"<br \/>\n<h2><\/h2>\n<h3><red> Automatizarea contabilit\u0103\u021bii Furnizorilor<\/red>   <\/h3>\n<h3><\/h3>\n<p><p>Integrarea cu Sage X3 const\u0103 \u00een partajarea, pornind de la Sage X3, a datelor de baz\u0103 (furnizori, plan de conturi, metode de plat\u0103&#8230;), a comenzilor de achizi\u021bie \u0219i\/sau a recep\u021biilor. In return, the dematerialised supplier invoicing solution sends the invoices matching with the orders \/ receipts. \u00cen cele din urm\u0103, Sage X3 este capabil s\u0103 trimit\u0103 informa\u021biile de plat\u0103 c\u0103tre solu\u021bia de dematerializare.<\/p>\n<p>Pe baza cerin\u021belor clien\u021bilor, Deveho implementeaz\u0103 \u00een mod regulat proiecte de integrare cu urm\u0103toarele programe:<\/p>\n<\/p>\n<h2><\/h2>\n<h3>STRIPE<\/h3>\n<p><p>Infrastructur\u0103 de pl\u0103\u021bi pentru e-commerce. Utiliza\u021bi aplica\u021bia \u0219i API-urile Stripe pentru a accepta pl\u0103\u021bi, a efectua transferuri \u0219i a v\u0103 gestiona afacerile online.<\/p>\n<p><a href=\"https:\/\/stripe.com\/\">https:\/\/stripe.com\/<\/a><\/p>\n<\/p>\n<h3><red>DEVEHO, integr\u0103ri de tip add-on pentru Sage X3 <\/red>      <\/h3>\n<p><p>Deveho a dezvoltat o serie de add-on-uri pentru a extinde \u0219i mai mult solu\u021bia X3. Acestea sunt urm\u0103toarele:<\/p>\n<\/p>\n<p>Un singur stoc pentru mai mul\u021bi v\u00e2nz\u0103tori <\/p>\n<p>Integrarea automat\u0103 a cursurilor de schimb<\/p>\n<p>Trimiterea facturilor de v\u00e2nzare prin e-mail \u00een mod automat (batch)<\/p>\n<p>Gestiona\u021bi un furnizor pentru fiecare site de produs destinat POS<\/p>\n<p>Crearea de estim\u0103ri prin replicarea consumurilor de materiale (MRP)<\/p>\n<p>Denumirea fi\u0219ierelor de rapoarte<\/p>\n<p>Gestiona\u021bi un indicator Activ\/Inactiv privind condi\u021biile de plat\u0103<\/p>\n<p>Raport de stoc cu cantit\u0103\u021bile \u0219i valoarea ini\u021bial\u0103 \u0219i final\u0103<\/p>\n<p>Soldul stocurilor (ini\u021bial, perioad\u0103 +\/-, final) \u00een cantitate \u0219i sume<\/p>\n<p>EDI Edifact (mesaje INVRPT, DESADV, ANMOV, INVOIC, ORDER, IFTMIN)<\/p>\n<p>Addon Deveho sFTP (gestioneaz\u0103 transferul de fi\u0219iere prin sFTP)<\/p>\n<h3>Integrare cu solu\u021biile de trezorerie <\/h3>\n<p><p>Deveho realizeaz\u0103 \u00een mod regulat integrarea solu\u021biilor Sage X3 de trezorerie, precum Kyriba \u0219i Sage XRT, pentru urm\u0103toarele fluxuri:<\/p>\n<\/p>\n<p>Fi\u0219iere bancare<\/p>\n<p>Ratele de schimb valutar<\/p>\n<p>Master data (parteneri de afaceri)<\/p>\n<p>Pl\u0103\u021bi efectuate<\/p>\n<p>Extrase bancare<\/p>\n<h3><red>Integrarea cu solu\u021bii de salarizare \u0219i de management al cheltuielilor<\/red>   <\/h3>\n<\/p>\n<p>Deveho integreaz\u0103 fluxurile de salarizare ca intr\u0103ri contabile, pe baza unor modele de import standardizate.<\/p>\n<p>Folosind acela\u0219i tip de modele de import, Deveho integreaz\u0103 cheltuielile angaja\u021bilor ca intr\u0103ri contabile.<\/p>\n<h3>Aplica\u021bii de consolidare<\/h3>\n<\/p>\n<p>Utiliz\u00e2nd modele standardizate de export al soldurilor, Deveho implementeaz\u0103 frecvent integrarea cu solu\u021biile de consolidare.<\/p>\n<h2><\/h2>\n<h3>Pagini conexe<\/h3>\n<\/p>\n<h3><\/h3>\n<\/p>\n<h3><\/h3><\/p>\n","protected":false},"excerpt":{"rendered":"<p>\u00cen calitate de integrator Sage X3, Deveho implementeaz\u0103 \u00een mod curent o gam\u0103 larg\u0103 de interfe\u021be cu solu\u021bii ter\u021be. Deveho are o experien\u021b\u0103 solid\u0103 cu diferite software-uri de pe pia\u021b\u0103 sau cu aplica\u021bii interne.<\/p>\n","protected":false},"author":3,"featured_media":0,"parent":10805,"menu_order":0,"comment_status":"closed","ping_status":"closed","template":"templates\/template-prod_serv.php","meta":{"_acf_changed":false,"footnotes":""},"class_list":["post-9925","page","type-page","status-publish","hentry"],"acf":[],"yoast_head":"<!-- This site is optimized with the Yoast SEO plugin v23.5 - https:\/\/yoast.com\/wordpress\/plugins\/seo\/ -->\n<title>Integrare add-on de business - Deveho<\/title>\n<meta name=\"robots\" content=\"index, follow, max-snippet:-1, max-image-preview:large, max-video-preview:-1\" \/>\n<link rel=\"canonical\" href=\"https:\/\/deveho.com\/ro\/produse\/integrare-add-on-de-business\/\" \/>\n<meta property=\"og:locale\" content=\"ro_RO\" \/>\n<meta property=\"og:type\" content=\"article\" \/>\n<meta property=\"og:title\" content=\"Integrare add-on de business - Deveho\" \/>\n<meta property=\"og:description\" content=\"\u00cen calitate de integrator Sage X3, Deveho implementeaz\u0103 \u00een mod curent o gam\u0103 larg\u0103 de interfe\u021be cu solu\u021bii ter\u021be. Deveho are o experien\u021b\u0103 solid\u0103 cu diferite software-uri de pe pia\u021b\u0103 sau cu aplica\u021bii interne.\" \/>\n<meta property=\"og:url\" content=\"https:\/\/deveho.com\/ro\/produse\/integrare-add-on-de-business\/\" \/>\n<meta property=\"og:site_name\" content=\"Deveho\" \/>\n<meta property=\"article:publisher\" content=\"https:\/\/www.facebook.com\/deveho\" \/>\n<meta property=\"article:modified_time\" content=\"2026-04-07T07:45:48+00:00\" \/>\n<meta name=\"twitter:card\" content=\"summary_large_image\" \/>\n<meta name=\"twitter:site\" content=\"@Deveho1\" \/>\n<meta name=\"twitter:label1\" content=\"Timp estimat pentru citire\" \/>\n\t<meta name=\"twitter:data1\" content=\"2 minute\" \/>\n<script type=\"application\/ld+json\" class=\"yoast-schema-graph\">{\"@context\":\"https:\/\/schema.org\",\"@graph\":[{\"@type\":\"WebPage\",\"@id\":\"https:\/\/deveho.com\/ro\/produse\/integrare-add-on-de-business\/\",\"url\":\"https:\/\/deveho.com\/ro\/produse\/integrare-add-on-de-business\/\",\"name\":\"Integrare add-on de business - Deveho\",\"isPartOf\":{\"@id\":\"https:\/\/deveho.com\/#website\"},\"datePublished\":\"2022-04-19T07:54:17+00:00\",\"dateModified\":\"2026-04-07T07:45:48+00:00\",\"breadcrumb\":{\"@id\":\"https:\/\/deveho.com\/ro\/produse\/integrare-add-on-de-business\/#breadcrumb\"},\"inLanguage\":\"ro-RO\",\"potentialAction\":[{\"@type\":\"ReadAction\",\"target\":[\"https:\/\/deveho.com\/ro\/produse\/integrare-add-on-de-business\/\"]}]},{\"@type\":\"BreadcrumbList\",\"@id\":\"https:\/\/deveho.com\/ro\/produse\/integrare-add-on-de-business\/#breadcrumb\",\"itemListElement\":[{\"@type\":\"ListItem\",\"position\":1,\"name\":\"Home\",\"item\":\"https:\/\/deveho.com\/ro\/\"},{\"@type\":\"ListItem\",\"position\":2,\"name\":\"Produse\",\"item\":\"https:\/\/deveho.com\/ro\/produse\/\"},{\"@type\":\"ListItem\",\"position\":3,\"name\":\"Integrare add-on de business\"}]},{\"@type\":\"WebSite\",\"@id\":\"https:\/\/deveho.com\/#website\",\"url\":\"https:\/\/deveho.com\/\",\"name\":\"Deveho Consulting Group\",\"description\":\"Let\u2019s boost your growth\",\"publisher\":{\"@id\":\"https:\/\/deveho.com\/#organization\"},\"potentialAction\":[{\"@type\":\"SearchAction\",\"target\":{\"@type\":\"EntryPoint\",\"urlTemplate\":\"https:\/\/deveho.com\/?s={search_term_string}\"},\"query-input\":{\"@type\":\"PropertyValueSpecification\",\"valueRequired\":true,\"valueName\":\"search_term_string\"}}],\"inLanguage\":\"ro-RO\"},{\"@type\":\"Organization\",\"@id\":\"https:\/\/deveho.com\/#organization\",\"name\":\"Deveho Consulting Group\",\"url\":\"https:\/\/deveho.com\/\",\"logo\":{\"@type\":\"ImageObject\",\"inLanguage\":\"ro-RO\",\"@id\":\"https:\/\/deveho.com\/#\/schema\/logo\/image\/\",\"url\":\"https:\/\/deveho.com\/wp-content\/uploads\/2023\/02\/DEVEHO-LOGO-Baseline-COLOR.png\",\"contentUrl\":\"https:\/\/deveho.com\/wp-content\/uploads\/2023\/02\/DEVEHO-LOGO-Baseline-COLOR.png\",\"width\":2251,\"height\":585,\"caption\":\"Deveho Consulting Group\"},\"image\":{\"@id\":\"https:\/\/deveho.com\/#\/schema\/logo\/image\/\"},\"sameAs\":[\"https:\/\/www.facebook.com\/deveho\",\"https:\/\/x.com\/Deveho1\",\"https:\/\/www.linkedin.com\/company\/deveho-consulting\/\"]}]}<\/script>\n<!-- \/ Yoast SEO plugin. -->","yoast_head_json":{"title":"Integrare add-on de business - Deveho","robots":{"index":"index","follow":"follow","max-snippet":"max-snippet:-1","max-image-preview":"max-image-preview:large","max-video-preview":"max-video-preview:-1"},"canonical":"https:\/\/deveho.com\/ro\/produse\/integrare-add-on-de-business\/","og_locale":"ro_RO","og_type":"article","og_title":"Integrare add-on de business - Deveho","og_description":"\u00cen calitate de integrator Sage X3, Deveho implementeaz\u0103 \u00een mod curent o gam\u0103 larg\u0103 de interfe\u021be cu solu\u021bii ter\u021be. Deveho are o experien\u021b\u0103 solid\u0103 cu diferite software-uri de pe pia\u021b\u0103 sau cu aplica\u021bii interne.","og_url":"https:\/\/deveho.com\/ro\/produse\/integrare-add-on-de-business\/","og_site_name":"Deveho","article_publisher":"https:\/\/www.facebook.com\/deveho","article_modified_time":"2026-04-07T07:45:48+00:00","twitter_card":"summary_large_image","twitter_site":"@Deveho1","twitter_misc":{"Timp estimat pentru citire":"2 minute"},"schema":{"@context":"https:\/\/schema.org","@graph":[{"@type":"WebPage","@id":"https:\/\/deveho.com\/ro\/produse\/integrare-add-on-de-business\/","url":"https:\/\/deveho.com\/ro\/produse\/integrare-add-on-de-business\/","name":"Integrare add-on de business - Deveho","isPartOf":{"@id":"https:\/\/deveho.com\/#website"},"datePublished":"2022-04-19T07:54:17+00:00","dateModified":"2026-04-07T07:45:48+00:00","breadcrumb":{"@id":"https:\/\/deveho.com\/ro\/produse\/integrare-add-on-de-business\/#breadcrumb"},"inLanguage":"ro-RO","potentialAction":[{"@type":"ReadAction","target":["https:\/\/deveho.com\/ro\/produse\/integrare-add-on-de-business\/"]}]},{"@type":"BreadcrumbList","@id":"https:\/\/deveho.com\/ro\/produse\/integrare-add-on-de-business\/#breadcrumb","itemListElement":[{"@type":"ListItem","position":1,"name":"Home","item":"https:\/\/deveho.com\/ro\/"},{"@type":"ListItem","position":2,"name":"Produse","item":"https:\/\/deveho.com\/ro\/produse\/"},{"@type":"ListItem","position":3,"name":"Integrare add-on de business"}]},{"@type":"WebSite","@id":"https:\/\/deveho.com\/#website","url":"https:\/\/deveho.com\/","name":"Deveho Consulting Group","description":"Let\u2019s boost your growth","publisher":{"@id":"https:\/\/deveho.com\/#organization"},"potentialAction":[{"@type":"SearchAction","target":{"@type":"EntryPoint","urlTemplate":"https:\/\/deveho.com\/?s={search_term_string}"},"query-input":{"@type":"PropertyValueSpecification","valueRequired":true,"valueName":"search_term_string"}}],"inLanguage":"ro-RO"},{"@type":"Organization","@id":"https:\/\/deveho.com\/#organization","name":"Deveho Consulting Group","url":"https:\/\/deveho.com\/","logo":{"@type":"ImageObject","inLanguage":"ro-RO","@id":"https:\/\/deveho.com\/#\/schema\/logo\/image\/","url":"https:\/\/deveho.com\/wp-content\/uploads\/2023\/02\/DEVEHO-LOGO-Baseline-COLOR.png","contentUrl":"https:\/\/deveho.com\/wp-content\/uploads\/2023\/02\/DEVEHO-LOGO-Baseline-COLOR.png","width":2251,"height":585,"caption":"Deveho Consulting Group"},"image":{"@id":"https:\/\/deveho.com\/#\/schema\/logo\/image\/"},"sameAs":["https:\/\/www.facebook.com\/deveho","https:\/\/x.com\/Deveho1","https:\/\/www.linkedin.com\/company\/deveho-consulting\/"]}]}},"_links":{"self":[{"href":"https:\/\/deveho.com\/ro\/wp-json\/wp\/v2\/pages\/9925"}],"collection":[{"href":"https:\/\/deveho.com\/ro\/wp-json\/wp\/v2\/pages"}],"about":[{"href":"https:\/\/deveho.com\/ro\/wp-json\/wp\/v2\/types\/page"}],"author":[{"embeddable":true,"href":"https:\/\/deveho.com\/ro\/wp-json\/wp\/v2\/users\/3"}],"replies":[{"embeddable":true,"href":"https:\/\/deveho.com\/ro\/wp-json\/wp\/v2\/comments?post=9925"}],"version-history":[{"count":5,"href":"https:\/\/deveho.com\/ro\/wp-json\/wp\/v2\/pages\/9925\/revisions"}],"predecessor-version":[{"id":48078,"href":"https:\/\/deveho.com\/ro\/wp-json\/wp\/v2\/pages\/9925\/revisions\/48078"}],"up":[{"embeddable":true,"href":"https:\/\/deveho.com\/ro\/wp-json\/wp\/v2\/pages\/10805"}],"wp:attachment":[{"href":"https:\/\/deveho.com\/ro\/wp-json\/wp\/v2\/media?parent=9925"}],"curies":[{"name":"wp","href":"https:\/\/api.w.org\/{rel}","templated":true}]}}