{"id":9929,"date":"2022-04-19T12:39:24","date_gmt":"2022-04-19T12:39:24","guid":{"rendered":"https:\/\/deveho2.sfdbeta.be\/sage-eloficash\/"},"modified":"2023-09-28T16:17:10","modified_gmt":"2023-09-28T14:17:10","slug":"sage-eloficash","status":"publish","type":"page","link":"https:\/\/deveho.com\/ro\/produse\/sage-x3-marketplace\/sage-eloficash\/","title":{"rendered":"Sage Eloficash"},"content":{"rendered":"<br \/>\n<h2><\/h2>\n<h3>Optimiza\u021bi-v\u0103 conturile de \u00eencasat<\/h3>\n<h3>Ergonomic\u0103, sigur\u0103, colaborativ\u0103 \u0219i intuitiv\u0103, solu\u021bia Sage Eloficash v\u0103 automatizeaz\u0103 toate ac\u021biunile \u0219i faciliteaz\u0103 luarea deciziilor pentru a \u00eembun\u0103t\u0103\u021bi performan\u021ba \u0219i profitabilitatea. <\/h3>\n<p><p>Complet\u0103 cu o real\u0103 varietate func\u021bional\u0103, solu\u021bia Sage Eloficash este un adev\u0103rat CRM financiar, care acoper\u0103 toate procesele de gestionare a posturilor de lucru ale clien\u021bilor, de la centralizarea dosarelor clien\u021bilor, analiza \u00een timp real \u0219i tablouri de bord personalizate \u0219i consolidate, p\u00e2n\u0103 la facilitarea solu\u021bion\u0103rii litigiilor.<\/p>\n<p>Viziunea de la un cap\u0103t la altul a ciclului de gestionare a crean\u021belor face ca fluxul de informa\u021bii s\u0103 fie mai fluid, face ca toate procesele dumneavoastr\u0103 s\u0103 fie mai fiabile \u0219i scurteaz\u0103 ciclul de recuperare a numerarului.<\/p>\n<\/p>\n<h2><\/h2>\n<h3> <red> Beneficiile<\/red> Sage Eloficash<\/h3>\n<h3><\/h3>\n<ul>\n<li>Abordarea transversal\u0103 a companiei \u0219i o viziune de 360\u00b0 asupra managementului crean\u021belor<\/li>\n<li>Integrare nativ\u0103 cu SAGE X3, SAGE FRP 1000<\/li>\n<li>Reducerea semnificativ\u0103 a obliga\u021biilor de plat\u0103 \u00een avans<\/li>\n<li>Tablouri de bord de coordonare cu analize multidimensionale<\/li>\n<li>Scenarii optimizate de recuperare a crean\u021belor, adaptate la fiecare tip de client<\/li>\n<li>Respectarea standardelor de siguran\u021b\u0103 OWASP<\/li>\n<li>Scalabilitate func\u021bional\u0103 \u0219i structural\u0103, f\u0103r\u0103 constr\u00e2ngeri volumetrice<\/li>\n<li>Sistem de alert\u0103 pentru anticiparea \u0219i gestionarea riscului de credit<\/li>\n<li>Accesul pe profiluri de utilizator \u0219i personalizarea ecranului<\/li>\n<li>Utilizarea dispozitivelor mobile (smartphone, tablet\u0103)<\/li>\n<\/ul>\n<h2> <red> Principalele caracteristici<\/red> ale Sage Eloficash<\/h2>\n<h3><\/h3>\n<p><p>Solu\u021bie multilingv\u0103, cu mai multe baze de date, cu multiple entit\u0103\u021bi, cu multiple monede, cu mai mul\u021bi utilizatori \u0219i mai multe sesiuni.<\/p>\n<\/p>\n<h3><\/h3>\n<p><p>Tablouri de bord personalizabile \u00een func\u021bie de profilul utilizatorului.<\/p>\n<\/p>\n<h3><\/h3>\n<p><p>Analiza multidimensional\u0103.<\/p>\n<\/p>\n<h3><\/h3>\n<p><p>Analiz\u0103 cu scoruri \u0219i ratinguri.<\/p>\n<\/p>\n<h3><\/h3>\n<p><p>Integrarea datelor financiare externe.<\/p>\n<\/p>\n<h3><\/h3>\n<p><p>Editor intern de rapoarte (rapoarte dinamice, crearea, personalizarea \u0219i trimiterea programat\u0103 a rapoartelor).<\/p>\n<\/p>\n<h2><\/h2>\n<h3>Pagini conexe<\/h3>\n<\/p>\n<h3><\/h3>\n<\/p>\n<h3><\/h3><\/p>\n","protected":false},"excerpt":{"rendered":"<p>Aenean eu leo quam. Pellentesque ornare sem lacinia quam venenatis vestibulum. Morbi leo risus, porta ac.<\/p>\n","protected":false},"author":3,"featured_media":0,"parent":10986,"menu_order":0,"comment_status":"closed","ping_status":"closed","template":"templates\/template-prod_serv.php","meta":{"_acf_changed":false,"footnotes":""},"class_list":["post-9929","page","type-page","status-publish","hentry"],"acf":[],"yoast_head":"<!-- This site is optimized with the Yoast SEO plugin v23.5 - https:\/\/yoast.com\/wordpress\/plugins\/seo\/ -->\n<title>Sage Eloficash - Deveho<\/title>\n<meta name=\"robots\" content=\"index, follow, max-snippet:-1, max-image-preview:large, max-video-preview:-1\" \/>\n<link rel=\"canonical\" href=\"https:\/\/deveho.com\/ro\/produse\/sage-x3-marketplace\/sage-eloficash\/\" \/>\n<meta property=\"og:locale\" content=\"ro_RO\" \/>\n<meta property=\"og:type\" content=\"article\" \/>\n<meta property=\"og:title\" content=\"Sage Eloficash - Deveho\" \/>\n<meta property=\"og:description\" content=\"Aenean eu leo quam. Pellentesque ornare sem lacinia quam venenatis vestibulum. Morbi leo risus, porta ac.\" \/>\n<meta property=\"og:url\" content=\"https:\/\/deveho.com\/ro\/produse\/sage-x3-marketplace\/sage-eloficash\/\" \/>\n<meta property=\"og:site_name\" content=\"Deveho\" \/>\n<meta property=\"article:publisher\" content=\"https:\/\/www.facebook.com\/deveho\" \/>\n<meta property=\"article:modified_time\" content=\"2023-09-28T14:17:10+00:00\" \/>\n<meta name=\"twitter:card\" content=\"summary_large_image\" \/>\n<meta name=\"twitter:site\" content=\"@Deveho1\" \/>\n<meta name=\"twitter:label1\" content=\"Timp estimat pentru citire\" \/>\n\t<meta name=\"twitter:data1\" content=\"2 minute\" \/>\n<script type=\"application\/ld+json\" class=\"yoast-schema-graph\">{\"@context\":\"https:\/\/schema.org\",\"@graph\":[{\"@type\":\"WebPage\",\"@id\":\"https:\/\/deveho.com\/ro\/produse\/sage-x3-marketplace\/sage-eloficash\/\",\"url\":\"https:\/\/deveho.com\/ro\/produse\/sage-x3-marketplace\/sage-eloficash\/\",\"name\":\"Sage Eloficash - Deveho\",\"isPartOf\":{\"@id\":\"https:\/\/deveho.com\/#website\"},\"datePublished\":\"2022-04-19T12:39:24+00:00\",\"dateModified\":\"2023-09-28T14:17:10+00:00\",\"breadcrumb\":{\"@id\":\"https:\/\/deveho.com\/ro\/produse\/sage-x3-marketplace\/sage-eloficash\/#breadcrumb\"},\"inLanguage\":\"ro-RO\",\"potentialAction\":[{\"@type\":\"ReadAction\",\"target\":[\"https:\/\/deveho.com\/ro\/produse\/sage-x3-marketplace\/sage-eloficash\/\"]}]},{\"@type\":\"BreadcrumbList\",\"@id\":\"https:\/\/deveho.com\/ro\/produse\/sage-x3-marketplace\/sage-eloficash\/#breadcrumb\",\"itemListElement\":[{\"@type\":\"ListItem\",\"position\":1,\"name\":\"Home\",\"item\":\"https:\/\/deveho.com\/ro\/\"},{\"@type\":\"ListItem\",\"position\":2,\"name\":\"Produse\",\"item\":\"https:\/\/deveho.com\/ro\/produse\/\"},{\"@type\":\"ListItem\",\"position\":3,\"name\":\"Sage X3 Marketplace\",\"item\":\"https:\/\/deveho.com\/ro\/produse\/sage-x3-marketplace\/\"},{\"@type\":\"ListItem\",\"position\":4,\"name\":\"Sage Eloficash\"}]},{\"@type\":\"WebSite\",\"@id\":\"https:\/\/deveho.com\/#website\",\"url\":\"https:\/\/deveho.com\/\",\"name\":\"Deveho Consulting Group\",\"description\":\"Let\u2019s boost your growth\",\"publisher\":{\"@id\":\"https:\/\/deveho.com\/#organization\"},\"potentialAction\":[{\"@type\":\"SearchAction\",\"target\":{\"@type\":\"EntryPoint\",\"urlTemplate\":\"https:\/\/deveho.com\/?s={search_term_string}\"},\"query-input\":{\"@type\":\"PropertyValueSpecification\",\"valueRequired\":true,\"valueName\":\"search_term_string\"}}],\"inLanguage\":\"ro-RO\"},{\"@type\":\"Organization\",\"@id\":\"https:\/\/deveho.com\/#organization\",\"name\":\"Deveho Consulting Group\",\"url\":\"https:\/\/deveho.com\/\",\"logo\":{\"@type\":\"ImageObject\",\"inLanguage\":\"ro-RO\",\"@id\":\"https:\/\/deveho.com\/#\/schema\/logo\/image\/\",\"url\":\"https:\/\/deveho.com\/wp-content\/uploads\/2023\/02\/DEVEHO-LOGO-Baseline-COLOR.png\",\"contentUrl\":\"https:\/\/deveho.com\/wp-content\/uploads\/2023\/02\/DEVEHO-LOGO-Baseline-COLOR.png\",\"width\":2251,\"height\":585,\"caption\":\"Deveho Consulting Group\"},\"image\":{\"@id\":\"https:\/\/deveho.com\/#\/schema\/logo\/image\/\"},\"sameAs\":[\"https:\/\/www.facebook.com\/deveho\",\"https:\/\/x.com\/Deveho1\",\"https:\/\/www.linkedin.com\/company\/deveho-consulting\/\"]}]}<\/script>\n<!-- \/ Yoast SEO plugin. -->","yoast_head_json":{"title":"Sage Eloficash - Deveho","robots":{"index":"index","follow":"follow","max-snippet":"max-snippet:-1","max-image-preview":"max-image-preview:large","max-video-preview":"max-video-preview:-1"},"canonical":"https:\/\/deveho.com\/ro\/produse\/sage-x3-marketplace\/sage-eloficash\/","og_locale":"ro_RO","og_type":"article","og_title":"Sage Eloficash - Deveho","og_description":"Aenean eu leo quam. Pellentesque ornare sem lacinia quam venenatis vestibulum. Morbi leo risus, porta ac.","og_url":"https:\/\/deveho.com\/ro\/produse\/sage-x3-marketplace\/sage-eloficash\/","og_site_name":"Deveho","article_publisher":"https:\/\/www.facebook.com\/deveho","article_modified_time":"2023-09-28T14:17:10+00:00","twitter_card":"summary_large_image","twitter_site":"@Deveho1","twitter_misc":{"Timp estimat pentru citire":"2 minute"},"schema":{"@context":"https:\/\/schema.org","@graph":[{"@type":"WebPage","@id":"https:\/\/deveho.com\/ro\/produse\/sage-x3-marketplace\/sage-eloficash\/","url":"https:\/\/deveho.com\/ro\/produse\/sage-x3-marketplace\/sage-eloficash\/","name":"Sage Eloficash - Deveho","isPartOf":{"@id":"https:\/\/deveho.com\/#website"},"datePublished":"2022-04-19T12:39:24+00:00","dateModified":"2023-09-28T14:17:10+00:00","breadcrumb":{"@id":"https:\/\/deveho.com\/ro\/produse\/sage-x3-marketplace\/sage-eloficash\/#breadcrumb"},"inLanguage":"ro-RO","potentialAction":[{"@type":"ReadAction","target":["https:\/\/deveho.com\/ro\/produse\/sage-x3-marketplace\/sage-eloficash\/"]}]},{"@type":"BreadcrumbList","@id":"https:\/\/deveho.com\/ro\/produse\/sage-x3-marketplace\/sage-eloficash\/#breadcrumb","itemListElement":[{"@type":"ListItem","position":1,"name":"Home","item":"https:\/\/deveho.com\/ro\/"},{"@type":"ListItem","position":2,"name":"Produse","item":"https:\/\/deveho.com\/ro\/produse\/"},{"@type":"ListItem","position":3,"name":"Sage X3 Marketplace","item":"https:\/\/deveho.com\/ro\/produse\/sage-x3-marketplace\/"},{"@type":"ListItem","position":4,"name":"Sage Eloficash"}]},{"@type":"WebSite","@id":"https:\/\/deveho.com\/#website","url":"https:\/\/deveho.com\/","name":"Deveho Consulting Group","description":"Let\u2019s boost your growth","publisher":{"@id":"https:\/\/deveho.com\/#organization"},"potentialAction":[{"@type":"SearchAction","target":{"@type":"EntryPoint","urlTemplate":"https:\/\/deveho.com\/?s={search_term_string}"},"query-input":{"@type":"PropertyValueSpecification","valueRequired":true,"valueName":"search_term_string"}}],"inLanguage":"ro-RO"},{"@type":"Organization","@id":"https:\/\/deveho.com\/#organization","name":"Deveho Consulting Group","url":"https:\/\/deveho.com\/","logo":{"@type":"ImageObject","inLanguage":"ro-RO","@id":"https:\/\/deveho.com\/#\/schema\/logo\/image\/","url":"https:\/\/deveho.com\/wp-content\/uploads\/2023\/02\/DEVEHO-LOGO-Baseline-COLOR.png","contentUrl":"https:\/\/deveho.com\/wp-content\/uploads\/2023\/02\/DEVEHO-LOGO-Baseline-COLOR.png","width":2251,"height":585,"caption":"Deveho Consulting Group"},"image":{"@id":"https:\/\/deveho.com\/#\/schema\/logo\/image\/"},"sameAs":["https:\/\/www.facebook.com\/deveho","https:\/\/x.com\/Deveho1","https:\/\/www.linkedin.com\/company\/deveho-consulting\/"]}]}},"_links":{"self":[{"href":"https:\/\/deveho.com\/ro\/wp-json\/wp\/v2\/pages\/9929"}],"collection":[{"href":"https:\/\/deveho.com\/ro\/wp-json\/wp\/v2\/pages"}],"about":[{"href":"https:\/\/deveho.com\/ro\/wp-json\/wp\/v2\/types\/page"}],"author":[{"embeddable":true,"href":"https:\/\/deveho.com\/ro\/wp-json\/wp\/v2\/users\/3"}],"replies":[{"embeddable":true,"href":"https:\/\/deveho.com\/ro\/wp-json\/wp\/v2\/comments?post=9929"}],"version-history":[{"count":0,"href":"https:\/\/deveho.com\/ro\/wp-json\/wp\/v2\/pages\/9929\/revisions"}],"up":[{"embeddable":true,"href":"https:\/\/deveho.com\/ro\/wp-json\/wp\/v2\/pages\/10986"}],"wp:attachment":[{"href":"https:\/\/deveho.com\/ro\/wp-json\/wp\/v2\/media?parent=9929"}],"curies":[{"name":"wp","href":"https:\/\/api.w.org\/{rel}","templated":true}]}}