{"id":9930,"date":"2022-04-19T13:06:28","date_gmt":"2022-04-19T13:06:28","guid":{"rendered":"https:\/\/deveho2.sfdbeta.be\/sage-web-scheduling\/"},"modified":"2023-09-28T15:27:23","modified_gmt":"2023-09-28T13:27:23","slug":"sage-web-scheduling","status":"publish","type":"page","link":"https:\/\/deveho.com\/ro\/produse\/sage-x3-marketplace\/sage-web-scheduling\/","title":{"rendered":"Sage Web Scheduling"},"content":{"rendered":"<br \/>\n<h2><\/h2>\n<h3><red>Beneficiile<\/red> Sage Web Scheduling<\/h3>\n<h3>Sage X3 Web Scheduling sincronizeaz\u0103 \u00eentregul lan\u021b de produc\u021bie, \u00eencep\u00e2nd cu comenzile clien\u021bilor \u0219i comenzile de produc\u021bie, identific\u00e2nd constr\u00e2ngerile \u0219i blocajele legate de materiale \u0219i utilaje. Datorit\u0103 tablourilor de bord care faciliteaz\u0103 analiza \u0219i simul\u0103rile, pute\u021bi gestiona \u00een mod eficient schimb\u0103rile de priorit\u0103\u021bi prin dezvoltarea unor secven\u021be de produc\u021bie optimizate.<\/h3>\n<ul>\n<li>Planificator cu mai multe constr\u00e2ngeri \u0219i permite crearea de simul\u0103ri multiple<\/li>\n<li>Crea\u021bi planuri de produc\u021bie fezabile \u0219i optimizate \u00een Sage X3<\/li>\n<li>Respectarea termenelor de livrare, utiliz\u00e2nd \u00een acela\u0219i timp resursele de produc\u021bie c\u00e2t mai eficient \u0219i mai eficace posibil<\/li>\n<li>Reducerea timpului non-productiv<\/li>\n<li>Sincronizarea \u00eentregului lan\u021b de aprovizionare<\/li>\n<li>Identificarea \u0219i eliminarea blocajelor \u0219i a materialelor sau resurselor lips\u0103<\/li>\n<li>O mai bun\u0103 capacitate de reac\u021bie la evenimente neprev\u0103zute<\/li>\n<li>Interfa\u021b\u0103 web u\u0219or de utilizat \u0219i personalizabil\u0103 pentru elaborarea planurilor, monitorizarea \u0219i efectuarea de ajust\u0103ri<\/li>\n<li>Crearea de simul\u0103ri cu analize multiple \u00een func\u021bie de scenarii bazate pe diferite euristici<\/li>\n<li>Rapoarte detaliate configurabile pentru analiza simul\u0103rii<\/li>\n<\/ul>\n<h2><\/h2>\n<h3><red>Principalele caracteristici<\/red> ale Sage Web Scheduling <\/h3>\n<h3><\/h3>\n<\/p>\n<h2>Vizita\u021bi blogul nostru pentru a accesa articole \u0219i informa\u021bii care vizeaz\u0103 subiecte de interes pentru afacerea dumneavoastr\u0103.<\/h2>\n<h3><red>Resurse<\/red>      <\/h3><\/p>\n","protected":false},"excerpt":{"rendered":"<p>Sage X3 Web Scheduling este o solu\u021bie web de programare complet\u0103, care asigur\u0103 respectarea termenelor de livrare, utiliz\u00e2nd \u00een acela\u0219i timp resursele de produc\u021bie disponibile \u00een mod optim \u0219i c\u00e2t mai eficient posibil. Web Scheduling sincronizeaz\u0103 \u00eentregul lan\u021b de produc\u021bie, de la comenzile de v\u00e2nzare la comenzile de produc\u021bie, identific\u0103 constr\u00e2ngerile \u0219i blocajele legate de materiale \u0219i utilaje.<\/p>\n","protected":false},"author":3,"featured_media":0,"parent":10986,"menu_order":0,"comment_status":"closed","ping_status":"closed","template":"templates\/template-prod_serv.php","meta":{"_acf_changed":false,"footnotes":""},"class_list":["post-9930","page","type-page","status-publish","hentry"],"acf":[],"yoast_head":"<!-- This site is optimized with the Yoast SEO plugin v23.5 - https:\/\/yoast.com\/wordpress\/plugins\/seo\/ -->\n<title>Sage Web Scheduling - Deveho<\/title>\n<meta name=\"robots\" content=\"index, follow, max-snippet:-1, max-image-preview:large, max-video-preview:-1\" \/>\n<link rel=\"canonical\" href=\"https:\/\/deveho.com\/ro\/produse\/sage-x3-marketplace\/sage-web-scheduling\/\" \/>\n<meta property=\"og:locale\" content=\"ro_RO\" \/>\n<meta property=\"og:type\" content=\"article\" \/>\n<meta property=\"og:title\" content=\"Sage Web Scheduling - Deveho\" \/>\n<meta property=\"og:description\" content=\"Sage X3 Web Scheduling este o solu\u021bie web de programare complet\u0103, care asigur\u0103 respectarea termenelor de livrare, utiliz\u00e2nd \u00een acela\u0219i timp resursele de produc\u021bie disponibile \u00een mod optim \u0219i c\u00e2t mai eficient posibil. Web Scheduling sincronizeaz\u0103 \u00eentregul lan\u021b de produc\u021bie, de la comenzile de v\u00e2nzare la comenzile de produc\u021bie, identific\u0103 constr\u00e2ngerile \u0219i blocajele legate de materiale \u0219i utilaje.\" \/>\n<meta property=\"og:url\" content=\"https:\/\/deveho.com\/ro\/produse\/sage-x3-marketplace\/sage-web-scheduling\/\" \/>\n<meta property=\"og:site_name\" content=\"Deveho\" \/>\n<meta property=\"article:publisher\" content=\"https:\/\/www.facebook.com\/deveho\" \/>\n<meta property=\"article:modified_time\" content=\"2023-09-28T13:27:23+00:00\" \/>\n<meta name=\"twitter:card\" content=\"summary_large_image\" \/>\n<meta name=\"twitter:site\" content=\"@Deveho1\" \/>\n<meta name=\"twitter:label1\" content=\"Timp estimat pentru citire\" \/>\n\t<meta name=\"twitter:data1\" content=\"1 minut\" \/>\n<script type=\"application\/ld+json\" class=\"yoast-schema-graph\">{\"@context\":\"https:\/\/schema.org\",\"@graph\":[{\"@type\":\"WebPage\",\"@id\":\"https:\/\/deveho.com\/ro\/produse\/sage-x3-marketplace\/sage-web-scheduling\/\",\"url\":\"https:\/\/deveho.com\/ro\/produse\/sage-x3-marketplace\/sage-web-scheduling\/\",\"name\":\"Sage Web Scheduling - Deveho\",\"isPartOf\":{\"@id\":\"https:\/\/deveho.com\/#website\"},\"datePublished\":\"2022-04-19T13:06:28+00:00\",\"dateModified\":\"2023-09-28T13:27:23+00:00\",\"breadcrumb\":{\"@id\":\"https:\/\/deveho.com\/ro\/produse\/sage-x3-marketplace\/sage-web-scheduling\/#breadcrumb\"},\"inLanguage\":\"ro-RO\",\"potentialAction\":[{\"@type\":\"ReadAction\",\"target\":[\"https:\/\/deveho.com\/ro\/produse\/sage-x3-marketplace\/sage-web-scheduling\/\"]}]},{\"@type\":\"BreadcrumbList\",\"@id\":\"https:\/\/deveho.com\/ro\/produse\/sage-x3-marketplace\/sage-web-scheduling\/#breadcrumb\",\"itemListElement\":[{\"@type\":\"ListItem\",\"position\":1,\"name\":\"Home\",\"item\":\"https:\/\/deveho.com\/ro\/\"},{\"@type\":\"ListItem\",\"position\":2,\"name\":\"Produse\",\"item\":\"https:\/\/deveho.com\/ro\/produse\/\"},{\"@type\":\"ListItem\",\"position\":3,\"name\":\"Sage X3 Marketplace\",\"item\":\"https:\/\/deveho.com\/ro\/produse\/sage-x3-marketplace\/\"},{\"@type\":\"ListItem\",\"position\":4,\"name\":\"Sage Web Scheduling\"}]},{\"@type\":\"WebSite\",\"@id\":\"https:\/\/deveho.com\/#website\",\"url\":\"https:\/\/deveho.com\/\",\"name\":\"Deveho Consulting Group\",\"description\":\"Let\u2019s boost your growth\",\"publisher\":{\"@id\":\"https:\/\/deveho.com\/#organization\"},\"potentialAction\":[{\"@type\":\"SearchAction\",\"target\":{\"@type\":\"EntryPoint\",\"urlTemplate\":\"https:\/\/deveho.com\/?s={search_term_string}\"},\"query-input\":{\"@type\":\"PropertyValueSpecification\",\"valueRequired\":true,\"valueName\":\"search_term_string\"}}],\"inLanguage\":\"ro-RO\"},{\"@type\":\"Organization\",\"@id\":\"https:\/\/deveho.com\/#organization\",\"name\":\"Deveho Consulting Group\",\"url\":\"https:\/\/deveho.com\/\",\"logo\":{\"@type\":\"ImageObject\",\"inLanguage\":\"ro-RO\",\"@id\":\"https:\/\/deveho.com\/#\/schema\/logo\/image\/\",\"url\":\"https:\/\/deveho.com\/wp-content\/uploads\/2023\/02\/DEVEHO-LOGO-Baseline-COLOR.png\",\"contentUrl\":\"https:\/\/deveho.com\/wp-content\/uploads\/2023\/02\/DEVEHO-LOGO-Baseline-COLOR.png\",\"width\":2251,\"height\":585,\"caption\":\"Deveho Consulting Group\"},\"image\":{\"@id\":\"https:\/\/deveho.com\/#\/schema\/logo\/image\/\"},\"sameAs\":[\"https:\/\/www.facebook.com\/deveho\",\"https:\/\/x.com\/Deveho1\",\"https:\/\/www.linkedin.com\/company\/deveho-consulting\/\"]}]}<\/script>\n<!-- \/ Yoast SEO plugin. -->","yoast_head_json":{"title":"Sage Web Scheduling - Deveho","robots":{"index":"index","follow":"follow","max-snippet":"max-snippet:-1","max-image-preview":"max-image-preview:large","max-video-preview":"max-video-preview:-1"},"canonical":"https:\/\/deveho.com\/ro\/produse\/sage-x3-marketplace\/sage-web-scheduling\/","og_locale":"ro_RO","og_type":"article","og_title":"Sage Web Scheduling - Deveho","og_description":"Sage X3 Web Scheduling este o solu\u021bie web de programare complet\u0103, care asigur\u0103 respectarea termenelor de livrare, utiliz\u00e2nd \u00een acela\u0219i timp resursele de produc\u021bie disponibile \u00een mod optim \u0219i c\u00e2t mai eficient posibil. Web Scheduling sincronizeaz\u0103 \u00eentregul lan\u021b de produc\u021bie, de la comenzile de v\u00e2nzare la comenzile de produc\u021bie, identific\u0103 constr\u00e2ngerile \u0219i blocajele legate de materiale \u0219i utilaje.","og_url":"https:\/\/deveho.com\/ro\/produse\/sage-x3-marketplace\/sage-web-scheduling\/","og_site_name":"Deveho","article_publisher":"https:\/\/www.facebook.com\/deveho","article_modified_time":"2023-09-28T13:27:23+00:00","twitter_card":"summary_large_image","twitter_site":"@Deveho1","twitter_misc":{"Timp estimat pentru citire":"1 minut"},"schema":{"@context":"https:\/\/schema.org","@graph":[{"@type":"WebPage","@id":"https:\/\/deveho.com\/ro\/produse\/sage-x3-marketplace\/sage-web-scheduling\/","url":"https:\/\/deveho.com\/ro\/produse\/sage-x3-marketplace\/sage-web-scheduling\/","name":"Sage Web Scheduling - Deveho","isPartOf":{"@id":"https:\/\/deveho.com\/#website"},"datePublished":"2022-04-19T13:06:28+00:00","dateModified":"2023-09-28T13:27:23+00:00","breadcrumb":{"@id":"https:\/\/deveho.com\/ro\/produse\/sage-x3-marketplace\/sage-web-scheduling\/#breadcrumb"},"inLanguage":"ro-RO","potentialAction":[{"@type":"ReadAction","target":["https:\/\/deveho.com\/ro\/produse\/sage-x3-marketplace\/sage-web-scheduling\/"]}]},{"@type":"BreadcrumbList","@id":"https:\/\/deveho.com\/ro\/produse\/sage-x3-marketplace\/sage-web-scheduling\/#breadcrumb","itemListElement":[{"@type":"ListItem","position":1,"name":"Home","item":"https:\/\/deveho.com\/ro\/"},{"@type":"ListItem","position":2,"name":"Produse","item":"https:\/\/deveho.com\/ro\/produse\/"},{"@type":"ListItem","position":3,"name":"Sage X3 Marketplace","item":"https:\/\/deveho.com\/ro\/produse\/sage-x3-marketplace\/"},{"@type":"ListItem","position":4,"name":"Sage Web Scheduling"}]},{"@type":"WebSite","@id":"https:\/\/deveho.com\/#website","url":"https:\/\/deveho.com\/","name":"Deveho Consulting Group","description":"Let\u2019s boost your growth","publisher":{"@id":"https:\/\/deveho.com\/#organization"},"potentialAction":[{"@type":"SearchAction","target":{"@type":"EntryPoint","urlTemplate":"https:\/\/deveho.com\/?s={search_term_string}"},"query-input":{"@type":"PropertyValueSpecification","valueRequired":true,"valueName":"search_term_string"}}],"inLanguage":"ro-RO"},{"@type":"Organization","@id":"https:\/\/deveho.com\/#organization","name":"Deveho Consulting Group","url":"https:\/\/deveho.com\/","logo":{"@type":"ImageObject","inLanguage":"ro-RO","@id":"https:\/\/deveho.com\/#\/schema\/logo\/image\/","url":"https:\/\/deveho.com\/wp-content\/uploads\/2023\/02\/DEVEHO-LOGO-Baseline-COLOR.png","contentUrl":"https:\/\/deveho.com\/wp-content\/uploads\/2023\/02\/DEVEHO-LOGO-Baseline-COLOR.png","width":2251,"height":585,"caption":"Deveho Consulting Group"},"image":{"@id":"https:\/\/deveho.com\/#\/schema\/logo\/image\/"},"sameAs":["https:\/\/www.facebook.com\/deveho","https:\/\/x.com\/Deveho1","https:\/\/www.linkedin.com\/company\/deveho-consulting\/"]}]}},"_links":{"self":[{"href":"https:\/\/deveho.com\/ro\/wp-json\/wp\/v2\/pages\/9930"}],"collection":[{"href":"https:\/\/deveho.com\/ro\/wp-json\/wp\/v2\/pages"}],"about":[{"href":"https:\/\/deveho.com\/ro\/wp-json\/wp\/v2\/types\/page"}],"author":[{"embeddable":true,"href":"https:\/\/deveho.com\/ro\/wp-json\/wp\/v2\/users\/3"}],"replies":[{"embeddable":true,"href":"https:\/\/deveho.com\/ro\/wp-json\/wp\/v2\/comments?post=9930"}],"version-history":[{"count":0,"href":"https:\/\/deveho.com\/ro\/wp-json\/wp\/v2\/pages\/9930\/revisions"}],"up":[{"embeddable":true,"href":"https:\/\/deveho.com\/ro\/wp-json\/wp\/v2\/pages\/10986"}],"wp:attachment":[{"href":"https:\/\/deveho.com\/ro\/wp-json\/wp\/v2\/media?parent=9930"}],"curies":[{"name":"wp","href":"https:\/\/api.w.org\/{rel}","templated":true}]}}