{"id":9931,"date":"2022-04-19T13:07:39","date_gmt":"2022-04-19T13:07:39","guid":{"rendered":"https:\/\/deveho2.sfdbeta.be\/datalinx-computer-systems\/"},"modified":"2022-07-21T08:52:49","modified_gmt":"2022-07-21T08:52:49","slug":"datalinx-computer-systems","status":"publish","type":"page","link":"https:\/\/deveho.com\/ro\/produse\/sage-x3-marketplace\/datalinx-computer-systems\/","title":{"rendered":"DATALINX Computer Systems"},"content":{"rendered":"<br \/>\n<h2>Proiectate pentru mai multe verticale industriale, cum ar fi produc\u021bia, comer\u021bul cu am\u0103nuntul, distribu\u021bia \u0219i industria farmaceutic\u0103, sistemele noastre sunt implementate la fa\u021ba locului \u0219i sunt integrate \u00een sistemul dvs. de contabilitate Sage, iar operatorii din depozit sunt conecta\u021bi \u00een mod wireless la sistemul central Sage, utiliz\u00e2nd cel mai recent hardware wireless \u0219i ecrane dedicate Managerului de depozit.<\/h2>\n<h3>Datalinx Warehouse Manager X3<\/h3>\n<h3>Sage Integration: Atunci c\u00e2nd este instalat\u0103 aplica\u021bia Datalinx Warehouse Manager, \u00een conformitate cu orient\u0103rile Sage ISV Developer, se aplic\u0103 o serie de c\u00e2mpuri de date suplimentare asociate cu produsele \u0219i, de exemplu, cu loca\u021biile, \u00eempreun\u0103 cu o logic\u0103 de business suplimentar\u0103 care permite sistemului Datalinx Warehouse Manager s\u0103 ofere func\u021bionalitatea de care utilizatorii de depozite au nevoie \u00een cadrul pachetului standard. <\/h3>\n<\/p>\n<p>Datalinx este singurul dezvoltator SAGE la nivel interna\u021bional specializat exclusiv \u00een coduri de bare \u0219i gestionarea depozitelor, cu solu\u021bii certificate \u0219i acreditate SAGE. Acest lucru \u00eenseamn\u0103 c\u0103 \u00een\u021belegem modul \u00een care func\u021bioneaz\u0103 sistemul SAGE, inclusiv configurarea \u0219i modificarea acestuia \u0219i folosim aceste cuno\u0219tin\u021be pentru a ne asigura c\u0103 produsele noastre de coduri de bare \u0219i de control al stocurilor se integreaz\u0103 pe deplin \u0219i func\u021bioneaz\u0103 \u00een concordan\u021b\u0103 cu softul SAGE X3.<\/p>\n<h2>Vizita\u021bi blogul nostru pentru a accesa articole \u0219i informa\u021bii care vizeaz\u0103 temele esen\u021biale ale businessului dumneavoastr\u0103.<\/h2>\n<h3><\/h3>\n<\/p>\n<h3>Profile asociate<\/h3>\n<p>Descoperi\u021bi zonele de consiliere, concepute \u00een func\u021bie de profilul dvs., pentru a v\u0103 oferi asisten\u021b\u0103 \u0219i suport \u00een dezvoltarea business-ului dvs.<\/p>\n<h3>Servicii asociate<\/h3>\n<p>Afla\u021bi despre serviciile conexe, care v\u0103 pot ajuta \u0219i sprijini \u00een dezvoltarea business-ului dumneavoastr\u0103.<\/p>\n","protected":false},"excerpt":{"rendered":"<p>Datalinx Warehouse Manager ofer\u0103 o solu\u021bie complet\u0103 integrat\u0103 \u00een sistemul dvs. de contabilitate SAGE, cu o func\u021bionalitate extins\u0103 pentru a gestiona procesul de business din momentul sosirii produsului, prin toate mi\u0219c\u0103rile tranzac\u021bionale, p\u00e2n\u0103 la ambalare \u0219i livrare.<\/p>\n","protected":false},"author":6,"featured_media":0,"parent":10986,"menu_order":0,"comment_status":"closed","ping_status":"closed","template":"templates\/template-prod_serv.php","meta":{"_acf_changed":false,"footnotes":""},"class_list":["post-9931","page","type-page","status-publish","hentry"],"acf":[],"yoast_head":"<!-- This site is optimized with the Yoast SEO plugin v23.5 - https:\/\/yoast.com\/wordpress\/plugins\/seo\/ -->\n<title>DATALINX Computer Systems - Deveho<\/title>\n<meta name=\"robots\" content=\"index, follow, max-snippet:-1, max-image-preview:large, max-video-preview:-1\" \/>\n<link rel=\"canonical\" href=\"https:\/\/deveho.com\/ro\/produse\/sage-x3-marketplace\/datalinx-computer-systems\/\" \/>\n<meta property=\"og:locale\" content=\"ro_RO\" \/>\n<meta property=\"og:type\" content=\"article\" \/>\n<meta property=\"og:title\" content=\"DATALINX Computer Systems - Deveho\" \/>\n<meta property=\"og:description\" content=\"Datalinx Warehouse Manager ofer\u0103 o solu\u021bie complet\u0103 integrat\u0103 \u00een sistemul dvs. de contabilitate SAGE, cu o func\u021bionalitate extins\u0103 pentru a gestiona procesul de business din momentul sosirii produsului, prin toate mi\u0219c\u0103rile tranzac\u021bionale, p\u00e2n\u0103 la ambalare \u0219i livrare.\" \/>\n<meta property=\"og:url\" content=\"https:\/\/deveho.com\/ro\/produse\/sage-x3-marketplace\/datalinx-computer-systems\/\" \/>\n<meta property=\"og:site_name\" content=\"Deveho\" \/>\n<meta property=\"article:publisher\" content=\"https:\/\/www.facebook.com\/deveho\" \/>\n<meta property=\"article:modified_time\" content=\"2022-07-21T08:52:49+00:00\" \/>\n<meta name=\"twitter:card\" content=\"summary_large_image\" \/>\n<meta name=\"twitter:site\" content=\"@Deveho1\" \/>\n<meta name=\"twitter:label1\" content=\"Timp estimat pentru citire\" \/>\n\t<meta name=\"twitter:data1\" content=\"1 minut\" \/>\n<script type=\"application\/ld+json\" class=\"yoast-schema-graph\">{\"@context\":\"https:\/\/schema.org\",\"@graph\":[{\"@type\":\"WebPage\",\"@id\":\"https:\/\/deveho.com\/ro\/produse\/sage-x3-marketplace\/datalinx-computer-systems\/\",\"url\":\"https:\/\/deveho.com\/ro\/produse\/sage-x3-marketplace\/datalinx-computer-systems\/\",\"name\":\"DATALINX Computer Systems - Deveho\",\"isPartOf\":{\"@id\":\"https:\/\/deveho.com\/#website\"},\"datePublished\":\"2022-04-19T13:07:39+00:00\",\"dateModified\":\"2022-07-21T08:52:49+00:00\",\"breadcrumb\":{\"@id\":\"https:\/\/deveho.com\/ro\/produse\/sage-x3-marketplace\/datalinx-computer-systems\/#breadcrumb\"},\"inLanguage\":\"ro-RO\",\"potentialAction\":[{\"@type\":\"ReadAction\",\"target\":[\"https:\/\/deveho.com\/ro\/produse\/sage-x3-marketplace\/datalinx-computer-systems\/\"]}]},{\"@type\":\"BreadcrumbList\",\"@id\":\"https:\/\/deveho.com\/ro\/produse\/sage-x3-marketplace\/datalinx-computer-systems\/#breadcrumb\",\"itemListElement\":[{\"@type\":\"ListItem\",\"position\":1,\"name\":\"Home\",\"item\":\"https:\/\/deveho.com\/ro\/\"},{\"@type\":\"ListItem\",\"position\":2,\"name\":\"Produse\",\"item\":\"https:\/\/deveho.com\/ro\/produse\/\"},{\"@type\":\"ListItem\",\"position\":3,\"name\":\"Sage X3 Marketplace\",\"item\":\"https:\/\/deveho.com\/ro\/produse\/sage-x3-marketplace\/\"},{\"@type\":\"ListItem\",\"position\":4,\"name\":\"DATALINX Computer Systems\"}]},{\"@type\":\"WebSite\",\"@id\":\"https:\/\/deveho.com\/#website\",\"url\":\"https:\/\/deveho.com\/\",\"name\":\"Deveho Consulting Group\",\"description\":\"Let\u2019s boost your growth\",\"publisher\":{\"@id\":\"https:\/\/deveho.com\/#organization\"},\"potentialAction\":[{\"@type\":\"SearchAction\",\"target\":{\"@type\":\"EntryPoint\",\"urlTemplate\":\"https:\/\/deveho.com\/?s={search_term_string}\"},\"query-input\":{\"@type\":\"PropertyValueSpecification\",\"valueRequired\":true,\"valueName\":\"search_term_string\"}}],\"inLanguage\":\"ro-RO\"},{\"@type\":\"Organization\",\"@id\":\"https:\/\/deveho.com\/#organization\",\"name\":\"Deveho Consulting Group\",\"url\":\"https:\/\/deveho.com\/\",\"logo\":{\"@type\":\"ImageObject\",\"inLanguage\":\"ro-RO\",\"@id\":\"https:\/\/deveho.com\/#\/schema\/logo\/image\/\",\"url\":\"https:\/\/deveho.com\/wp-content\/uploads\/2023\/02\/DEVEHO-LOGO-Baseline-COLOR.png\",\"contentUrl\":\"https:\/\/deveho.com\/wp-content\/uploads\/2023\/02\/DEVEHO-LOGO-Baseline-COLOR.png\",\"width\":2251,\"height\":585,\"caption\":\"Deveho Consulting Group\"},\"image\":{\"@id\":\"https:\/\/deveho.com\/#\/schema\/logo\/image\/\"},\"sameAs\":[\"https:\/\/www.facebook.com\/deveho\",\"https:\/\/x.com\/Deveho1\",\"https:\/\/www.linkedin.com\/company\/deveho-consulting\/\"]}]}<\/script>\n<!-- \/ Yoast SEO plugin. -->","yoast_head_json":{"title":"DATALINX Computer Systems - Deveho","robots":{"index":"index","follow":"follow","max-snippet":"max-snippet:-1","max-image-preview":"max-image-preview:large","max-video-preview":"max-video-preview:-1"},"canonical":"https:\/\/deveho.com\/ro\/produse\/sage-x3-marketplace\/datalinx-computer-systems\/","og_locale":"ro_RO","og_type":"article","og_title":"DATALINX Computer Systems - Deveho","og_description":"Datalinx Warehouse Manager ofer\u0103 o solu\u021bie complet\u0103 integrat\u0103 \u00een sistemul dvs. de contabilitate SAGE, cu o func\u021bionalitate extins\u0103 pentru a gestiona procesul de business din momentul sosirii produsului, prin toate mi\u0219c\u0103rile tranzac\u021bionale, p\u00e2n\u0103 la ambalare \u0219i livrare.","og_url":"https:\/\/deveho.com\/ro\/produse\/sage-x3-marketplace\/datalinx-computer-systems\/","og_site_name":"Deveho","article_publisher":"https:\/\/www.facebook.com\/deveho","article_modified_time":"2022-07-21T08:52:49+00:00","twitter_card":"summary_large_image","twitter_site":"@Deveho1","twitter_misc":{"Timp estimat pentru citire":"1 minut"},"schema":{"@context":"https:\/\/schema.org","@graph":[{"@type":"WebPage","@id":"https:\/\/deveho.com\/ro\/produse\/sage-x3-marketplace\/datalinx-computer-systems\/","url":"https:\/\/deveho.com\/ro\/produse\/sage-x3-marketplace\/datalinx-computer-systems\/","name":"DATALINX Computer Systems - Deveho","isPartOf":{"@id":"https:\/\/deveho.com\/#website"},"datePublished":"2022-04-19T13:07:39+00:00","dateModified":"2022-07-21T08:52:49+00:00","breadcrumb":{"@id":"https:\/\/deveho.com\/ro\/produse\/sage-x3-marketplace\/datalinx-computer-systems\/#breadcrumb"},"inLanguage":"ro-RO","potentialAction":[{"@type":"ReadAction","target":["https:\/\/deveho.com\/ro\/produse\/sage-x3-marketplace\/datalinx-computer-systems\/"]}]},{"@type":"BreadcrumbList","@id":"https:\/\/deveho.com\/ro\/produse\/sage-x3-marketplace\/datalinx-computer-systems\/#breadcrumb","itemListElement":[{"@type":"ListItem","position":1,"name":"Home","item":"https:\/\/deveho.com\/ro\/"},{"@type":"ListItem","position":2,"name":"Produse","item":"https:\/\/deveho.com\/ro\/produse\/"},{"@type":"ListItem","position":3,"name":"Sage X3 Marketplace","item":"https:\/\/deveho.com\/ro\/produse\/sage-x3-marketplace\/"},{"@type":"ListItem","position":4,"name":"DATALINX Computer Systems"}]},{"@type":"WebSite","@id":"https:\/\/deveho.com\/#website","url":"https:\/\/deveho.com\/","name":"Deveho Consulting Group","description":"Let\u2019s boost your growth","publisher":{"@id":"https:\/\/deveho.com\/#organization"},"potentialAction":[{"@type":"SearchAction","target":{"@type":"EntryPoint","urlTemplate":"https:\/\/deveho.com\/?s={search_term_string}"},"query-input":{"@type":"PropertyValueSpecification","valueRequired":true,"valueName":"search_term_string"}}],"inLanguage":"ro-RO"},{"@type":"Organization","@id":"https:\/\/deveho.com\/#organization","name":"Deveho Consulting Group","url":"https:\/\/deveho.com\/","logo":{"@type":"ImageObject","inLanguage":"ro-RO","@id":"https:\/\/deveho.com\/#\/schema\/logo\/image\/","url":"https:\/\/deveho.com\/wp-content\/uploads\/2023\/02\/DEVEHO-LOGO-Baseline-COLOR.png","contentUrl":"https:\/\/deveho.com\/wp-content\/uploads\/2023\/02\/DEVEHO-LOGO-Baseline-COLOR.png","width":2251,"height":585,"caption":"Deveho Consulting Group"},"image":{"@id":"https:\/\/deveho.com\/#\/schema\/logo\/image\/"},"sameAs":["https:\/\/www.facebook.com\/deveho","https:\/\/x.com\/Deveho1","https:\/\/www.linkedin.com\/company\/deveho-consulting\/"]}]}},"_links":{"self":[{"href":"https:\/\/deveho.com\/ro\/wp-json\/wp\/v2\/pages\/9931"}],"collection":[{"href":"https:\/\/deveho.com\/ro\/wp-json\/wp\/v2\/pages"}],"about":[{"href":"https:\/\/deveho.com\/ro\/wp-json\/wp\/v2\/types\/page"}],"author":[{"embeddable":true,"href":"https:\/\/deveho.com\/ro\/wp-json\/wp\/v2\/users\/6"}],"replies":[{"embeddable":true,"href":"https:\/\/deveho.com\/ro\/wp-json\/wp\/v2\/comments?post=9931"}],"version-history":[{"count":0,"href":"https:\/\/deveho.com\/ro\/wp-json\/wp\/v2\/pages\/9931\/revisions"}],"up":[{"embeddable":true,"href":"https:\/\/deveho.com\/ro\/wp-json\/wp\/v2\/pages\/10986"}],"wp:attachment":[{"href":"https:\/\/deveho.com\/ro\/wp-json\/wp\/v2\/media?parent=9931"}],"curies":[{"name":"wp","href":"https:\/\/api.w.org\/{rel}","templated":true}]}}