{"id":10198,"date":"2022-05-10T12:30:48","date_gmt":"2022-05-10T12:30:48","guid":{"rendered":"https:\/\/deveho2.sfdbeta.be\/sage-frp-1000\/"},"modified":"2025-10-30T16:16:45","modified_gmt":"2025-10-30T14:16:45","slug":"sage-frp-1000","status":"publish","type":"page","link":"https:\/\/deveho.com\/sk\/produkty\/sage-frp-1000\/","title":{"rendered":"Sage FRP 1000"},"content":{"rendered":"<br \/>\n<h2>Vyberte si n\u00e1stroj na spr\u00e1vu financi\u00ed, ktor\u00fd vyhovuje va\u0161im potreb\u00e1m. <\/h2>\n<h3>Jednotn\u00e9 rie\u0161enie pre komplexn\u00fa spr\u00e1vu<\/h3>\n<p><p>V\u0161etky potreby finan\u010dn\u00e9ho riadite\u013ea s\u00fa zoskupen\u00e9 v jednom n\u00e1stroji: \u00fa\u010dtovn\u00edctvo, prev\u00e1dzkov\u00e9 procesy, riadenie rozpo\u010dtu at\u010f. Okrem toho je Sage FRP 1000 modul\u00e1rny, m\u00f4\u017eete si vzia\u0165 len to, \u010do potrebujete, a rozv\u00edja\u0165 svoje rie\u0161enie pod\u013ea potrieb va\u0161ej firmy.<\/p>\n<\/p>\n<h3>Prisp\u00f4sobenie pre riadenie viacer\u00fdch spolo\u010dnost\u00ed<\/h3>\n<p><p>V\u010faka svojej jedine\u010dnej datab\u00e1ze v\u00e1m Sage FRP 1000 umo\u017e\u0148uje: jednoduch\u00fa a r\u00fdchlu agreg\u00e1ciu va\u0161ich \u00fadajov, harmoniz\u00e1ciu a zabezpe\u010denie \u00falo\u017eiska, ako aj vlastn\u00fa spr\u00e1vu v r\u00e1mci skupiny.<\/p>\n<\/p>\n<h3>Otvoren\u00e1 technologick\u00e1 platforma<\/h3>\n<p><p>Prepojenie so v\u0161etk\u00fdmi typmi aplik\u00e1ci\u00ed, ktor\u00e9 s\u00fa k dispoz\u00edcii v cloude alebo na pracovisku. Sage FRP 1000 je hotov\u00e9 rie\u0161enie, ktor\u00e9 sa r\u00fdchlo nasad\u00ed a dokonale prisp\u00f4sob\u00ed va\u0161ej firme.<\/p>\n<\/p>\n<h3>Spravujte svoje obchodn\u00e9 oper\u00e1cie: n\u00e1kupy, predaj, z\u00e1soby <\/h3>\n<p><p>Rie\u0161enie m\u00e1 \u0161irok\u00fd funk\u010dn\u00fd z\u00e1ber, ktor\u00fd sp\u013a\u0148a v\u0161etky v\u0161eobecn\u00e9, analytick\u00e9, rozpo\u010dtov\u00e9 a pomocn\u00e9 \u00fa\u010dtovn\u00e9 potreby, od zad\u00e1vania \u00fa\u010dtovn\u00fdch z\u00e1pisov a\u017e po automatizovan\u00fa spr\u00e1vu platieb.<\/p>\n<\/p>\n<h2>Sage FRP 1000<\/h2>\n<h3><\/h3>\n<h3>Riadenie \u00fa\u010dtovn\u00edctva<\/h3>\n<\/p>\n<h2>Sage FRP 1000 <\/h2>\n<h3><\/h3>\n<h3>Finan\u010dn\u00e9 toky<\/h3>\n<\/p>\n<h2>Sage FRP 1000 <\/h2>\n<h3><\/h3>\n<h3>Prev\u00e1dzkov\u00e9 procesy<\/h3>\n<\/p>\n<h2><\/h2>\n<h3>Related Content<\/h3>\n<\/p>\n<h3><\/h3>\n<\/p>\n<h3><\/h3><\/p>\n","protected":false},"excerpt":{"rendered":"<p>Sage FRP 1000 cloud je integrovan\u00fd finan\u010dn\u00fd bal\u00edk zalo\u017een\u00fd na kolaborat\u00edvnej a produkt\u00edvnej platforme pre v\u00fdnosy \u0161it\u00e9 na mieru a odborn\u00e9 funk\u010dn\u00e9 pokrytie. S programom Sage FRP 1000 m\u00f4\u017eete vyu\u017e\u00edva\u0165 rie\u0161enie finan\u010dn\u00e9ho riadenia, ktor\u00e9 v\u00e1m umo\u017en\u00ed lep\u0161ie kontrolova\u0165 finan\u010dn\u00fa v\u00fdkonnos\u0165, s\u00favisiace n\u00e1klady a rizik\u00e1.<br \/>\nSoftv\u00e9r Sage FRPO 1000 m\u00e1 bohat\u00e9 funk\u010dn\u00e9 pokrytie s odborn\u00fdmi funkciami na pokro\u010dil\u00e9 finan\u010dn\u00e9 riadenie r\u00f4znych prev\u00e1dzok. <\/p>\n","protected":false},"author":8,"featured_media":0,"parent":10284,"menu_order":0,"comment_status":"closed","ping_status":"closed","template":"templates\/template-prod_serv.php","meta":{"_acf_changed":false,"footnotes":""},"class_list":["post-10198","page","type-page","status-publish","hentry"],"acf":[],"yoast_head":"<!-- This site is optimized with the Yoast SEO plugin v23.5 - https:\/\/yoast.com\/wordpress\/plugins\/seo\/ -->\n<title>Sage FRP 1000 - Deveho<\/title>\n<meta name=\"robots\" content=\"index, follow, max-snippet:-1, max-image-preview:large, max-video-preview:-1\" \/>\n<link rel=\"canonical\" href=\"https:\/\/deveho.com\/sk\/produkty\/sage-frp-1000\/\" \/>\n<meta property=\"og:locale\" content=\"sk_SK\" \/>\n<meta property=\"og:type\" content=\"article\" \/>\n<meta property=\"og:title\" content=\"Sage FRP 1000 - Deveho\" \/>\n<meta property=\"og:description\" content=\"Sage FRP 1000 cloud je integrovan\u00fd finan\u010dn\u00fd bal\u00edk zalo\u017een\u00fd na kolaborat\u00edvnej a produkt\u00edvnej platforme pre v\u00fdnosy \u0161it\u00e9 na mieru a odborn\u00e9 funk\u010dn\u00e9 pokrytie. S programom Sage FRP 1000 m\u00f4\u017eete vyu\u017e\u00edva\u0165 rie\u0161enie finan\u010dn\u00e9ho riadenia, ktor\u00e9 v\u00e1m umo\u017en\u00ed lep\u0161ie kontrolova\u0165 finan\u010dn\u00fa v\u00fdkonnos\u0165, s\u00favisiace n\u00e1klady a rizik\u00e1.  Softv\u00e9r Sage FRPO 1000 m\u00e1 bohat\u00e9 funk\u010dn\u00e9 pokrytie s odborn\u00fdmi funkciami na pokro\u010dil\u00e9 finan\u010dn\u00e9 riadenie r\u00f4znych prev\u00e1dzok.\" \/>\n<meta property=\"og:url\" content=\"https:\/\/deveho.com\/sk\/produkty\/sage-frp-1000\/\" \/>\n<meta property=\"og:site_name\" content=\"Deveho\" \/>\n<meta property=\"article:publisher\" content=\"https:\/\/www.facebook.com\/deveho\" \/>\n<meta property=\"article:modified_time\" content=\"2025-10-30T14:16:45+00:00\" \/>\n<meta name=\"twitter:card\" content=\"summary_large_image\" \/>\n<meta name=\"twitter:site\" content=\"@Deveho1\" \/>\n<meta name=\"twitter:label1\" content=\"Predpokladan\u00fd \u010das \u010d\u00edtania\" \/>\n\t<meta name=\"twitter:data1\" content=\"1 min\u00fata\" \/>\n<script type=\"application\/ld+json\" class=\"yoast-schema-graph\">{\"@context\":\"https:\/\/schema.org\",\"@graph\":[{\"@type\":\"WebPage\",\"@id\":\"https:\/\/deveho.com\/sk\/produkty\/sage-frp-1000\/\",\"url\":\"https:\/\/deveho.com\/sk\/produkty\/sage-frp-1000\/\",\"name\":\"Sage FRP 1000 - Deveho\",\"isPartOf\":{\"@id\":\"https:\/\/deveho.com\/#website\"},\"datePublished\":\"2022-05-10T12:30:48+00:00\",\"dateModified\":\"2025-10-30T14:16:45+00:00\",\"breadcrumb\":{\"@id\":\"https:\/\/deveho.com\/sk\/produkty\/sage-frp-1000\/#breadcrumb\"},\"inLanguage\":\"sk-SK\",\"potentialAction\":[{\"@type\":\"ReadAction\",\"target\":[\"https:\/\/deveho.com\/sk\/produkty\/sage-frp-1000\/\"]}]},{\"@type\":\"BreadcrumbList\",\"@id\":\"https:\/\/deveho.com\/sk\/produkty\/sage-frp-1000\/#breadcrumb\",\"itemListElement\":[{\"@type\":\"ListItem\",\"position\":1,\"name\":\"Home\",\"item\":\"https:\/\/deveho.com\/sk\/\"},{\"@type\":\"ListItem\",\"position\":2,\"name\":\"Produkty\",\"item\":\"https:\/\/deveho.com\/sk\/produkty\/\"},{\"@type\":\"ListItem\",\"position\":3,\"name\":\"Sage FRP 1000\"}]},{\"@type\":\"WebSite\",\"@id\":\"https:\/\/deveho.com\/#website\",\"url\":\"https:\/\/deveho.com\/\",\"name\":\"Deveho Consulting Group\",\"description\":\"Let\u2019s boost your growth\",\"publisher\":{\"@id\":\"https:\/\/deveho.com\/#organization\"},\"potentialAction\":[{\"@type\":\"SearchAction\",\"target\":{\"@type\":\"EntryPoint\",\"urlTemplate\":\"https:\/\/deveho.com\/?s={search_term_string}\"},\"query-input\":{\"@type\":\"PropertyValueSpecification\",\"valueRequired\":true,\"valueName\":\"search_term_string\"}}],\"inLanguage\":\"sk-SK\"},{\"@type\":\"Organization\",\"@id\":\"https:\/\/deveho.com\/#organization\",\"name\":\"Deveho Consulting Group\",\"url\":\"https:\/\/deveho.com\/\",\"logo\":{\"@type\":\"ImageObject\",\"inLanguage\":\"sk-SK\",\"@id\":\"https:\/\/deveho.com\/#\/schema\/logo\/image\/\",\"url\":\"https:\/\/deveho.com\/wp-content\/uploads\/2023\/02\/DEVEHO-LOGO-Baseline-COLOR.png\",\"contentUrl\":\"https:\/\/deveho.com\/wp-content\/uploads\/2023\/02\/DEVEHO-LOGO-Baseline-COLOR.png\",\"width\":2251,\"height\":585,\"caption\":\"Deveho Consulting Group\"},\"image\":{\"@id\":\"https:\/\/deveho.com\/#\/schema\/logo\/image\/\"},\"sameAs\":[\"https:\/\/www.facebook.com\/deveho\",\"https:\/\/x.com\/Deveho1\",\"https:\/\/www.linkedin.com\/company\/deveho-consulting\/\"]}]}<\/script>\n<!-- \/ Yoast SEO plugin. -->","yoast_head_json":{"title":"Sage FRP 1000 - Deveho","robots":{"index":"index","follow":"follow","max-snippet":"max-snippet:-1","max-image-preview":"max-image-preview:large","max-video-preview":"max-video-preview:-1"},"canonical":"https:\/\/deveho.com\/sk\/produkty\/sage-frp-1000\/","og_locale":"sk_SK","og_type":"article","og_title":"Sage FRP 1000 - Deveho","og_description":"Sage FRP 1000 cloud je integrovan\u00fd finan\u010dn\u00fd bal\u00edk zalo\u017een\u00fd na kolaborat\u00edvnej a produkt\u00edvnej platforme pre v\u00fdnosy \u0161it\u00e9 na mieru a odborn\u00e9 funk\u010dn\u00e9 pokrytie. S programom Sage FRP 1000 m\u00f4\u017eete vyu\u017e\u00edva\u0165 rie\u0161enie finan\u010dn\u00e9ho riadenia, ktor\u00e9 v\u00e1m umo\u017en\u00ed lep\u0161ie kontrolova\u0165 finan\u010dn\u00fa v\u00fdkonnos\u0165, s\u00favisiace n\u00e1klady a rizik\u00e1.  Softv\u00e9r Sage FRPO 1000 m\u00e1 bohat\u00e9 funk\u010dn\u00e9 pokrytie s odborn\u00fdmi funkciami na pokro\u010dil\u00e9 finan\u010dn\u00e9 riadenie r\u00f4znych prev\u00e1dzok.","og_url":"https:\/\/deveho.com\/sk\/produkty\/sage-frp-1000\/","og_site_name":"Deveho","article_publisher":"https:\/\/www.facebook.com\/deveho","article_modified_time":"2025-10-30T14:16:45+00:00","twitter_card":"summary_large_image","twitter_site":"@Deveho1","twitter_misc":{"Predpokladan\u00fd \u010das \u010d\u00edtania":"1 min\u00fata"},"schema":{"@context":"https:\/\/schema.org","@graph":[{"@type":"WebPage","@id":"https:\/\/deveho.com\/sk\/produkty\/sage-frp-1000\/","url":"https:\/\/deveho.com\/sk\/produkty\/sage-frp-1000\/","name":"Sage FRP 1000 - Deveho","isPartOf":{"@id":"https:\/\/deveho.com\/#website"},"datePublished":"2022-05-10T12:30:48+00:00","dateModified":"2025-10-30T14:16:45+00:00","breadcrumb":{"@id":"https:\/\/deveho.com\/sk\/produkty\/sage-frp-1000\/#breadcrumb"},"inLanguage":"sk-SK","potentialAction":[{"@type":"ReadAction","target":["https:\/\/deveho.com\/sk\/produkty\/sage-frp-1000\/"]}]},{"@type":"BreadcrumbList","@id":"https:\/\/deveho.com\/sk\/produkty\/sage-frp-1000\/#breadcrumb","itemListElement":[{"@type":"ListItem","position":1,"name":"Home","item":"https:\/\/deveho.com\/sk\/"},{"@type":"ListItem","position":2,"name":"Produkty","item":"https:\/\/deveho.com\/sk\/produkty\/"},{"@type":"ListItem","position":3,"name":"Sage FRP 1000"}]},{"@type":"WebSite","@id":"https:\/\/deveho.com\/#website","url":"https:\/\/deveho.com\/","name":"Deveho Consulting Group","description":"Let\u2019s boost your growth","publisher":{"@id":"https:\/\/deveho.com\/#organization"},"potentialAction":[{"@type":"SearchAction","target":{"@type":"EntryPoint","urlTemplate":"https:\/\/deveho.com\/?s={search_term_string}"},"query-input":{"@type":"PropertyValueSpecification","valueRequired":true,"valueName":"search_term_string"}}],"inLanguage":"sk-SK"},{"@type":"Organization","@id":"https:\/\/deveho.com\/#organization","name":"Deveho Consulting Group","url":"https:\/\/deveho.com\/","logo":{"@type":"ImageObject","inLanguage":"sk-SK","@id":"https:\/\/deveho.com\/#\/schema\/logo\/image\/","url":"https:\/\/deveho.com\/wp-content\/uploads\/2023\/02\/DEVEHO-LOGO-Baseline-COLOR.png","contentUrl":"https:\/\/deveho.com\/wp-content\/uploads\/2023\/02\/DEVEHO-LOGO-Baseline-COLOR.png","width":2251,"height":585,"caption":"Deveho Consulting Group"},"image":{"@id":"https:\/\/deveho.com\/#\/schema\/logo\/image\/"},"sameAs":["https:\/\/www.facebook.com\/deveho","https:\/\/x.com\/Deveho1","https:\/\/www.linkedin.com\/company\/deveho-consulting\/"]}]}},"_links":{"self":[{"href":"https:\/\/deveho.com\/sk\/wp-json\/wp\/v2\/pages\/10198"}],"collection":[{"href":"https:\/\/deveho.com\/sk\/wp-json\/wp\/v2\/pages"}],"about":[{"href":"https:\/\/deveho.com\/sk\/wp-json\/wp\/v2\/types\/page"}],"author":[{"embeddable":true,"href":"https:\/\/deveho.com\/sk\/wp-json\/wp\/v2\/users\/8"}],"replies":[{"embeddable":true,"href":"https:\/\/deveho.com\/sk\/wp-json\/wp\/v2\/comments?post=10198"}],"version-history":[{"count":2,"href":"https:\/\/deveho.com\/sk\/wp-json\/wp\/v2\/pages\/10198\/revisions"}],"predecessor-version":[{"id":43378,"href":"https:\/\/deveho.com\/sk\/wp-json\/wp\/v2\/pages\/10198\/revisions\/43378"}],"up":[{"embeddable":true,"href":"https:\/\/deveho.com\/sk\/wp-json\/wp\/v2\/pages\/10284"}],"wp:attachment":[{"href":"https:\/\/deveho.com\/sk\/wp-json\/wp\/v2\/media?parent=10198"}],"curies":[{"name":"wp","href":"https:\/\/api.w.org\/{rel}","templated":true}]}}