{"id":10199,"date":"2022-05-10T13:49:15","date_gmt":"2022-05-10T13:49:15","guid":{"rendered":"https:\/\/deveho2.sfdbeta.be\/ovh\/"},"modified":"2025-12-03T11:53:28","modified_gmt":"2025-12-03T09:53:28","slug":"ovh","status":"publish","type":"page","link":"https:\/\/deveho.com\/sk\/sluzby\/cloud-hosting\/ovh\/","title":{"rendered":"OVH"},"content":{"rendered":"<br \/>\n<h2>V\u0161eobecn\u00e9 inform\u00e1cie o OVH <\/h2>\n<\/p>\n<p><p>OVHcloud poskytuje inteligentnej\u0161iu alternat\u00edvu pre webhosting, e-maily, be\u017en\u00e9 servery, hostovan\u00fd priv\u00e1tny cloud, hybridn\u00e9 a verejn\u00e9 cloudov\u00e9 rie\u0161enia. Skupina spravuje 30 d\u00e1tov\u00fdch centier na 12 miestach na 4 kontinentoch, vyr\u00e1ba vlastn\u00e9 servery, buduje vlastn\u00e9 d\u00e1tov\u00e9 centr\u00e1 a zav\u00e1dza vlastn\u00fa glob\u00e1lnu optick\u00fa sie\u0165 s cie\u013eom dosiahnu\u0165 maxim\u00e1lnu efekt\u00edvnos\u0165.<\/p>\n<\/p>\n<p><p>V\u010faka duchu OVHcloud, ktor\u00fd spochyb\u0148uje status quo, prin\u00e1\u0161a spolo\u010dnos\u0165 slobodu, bezpe\u010dnos\u0165 a inov\u00e1cie na rie\u0161enie v\u00fdziev v oblasti d\u00e1t &#8211; dnes aj v bud\u00facnosti. V\u010faka 20-ro\u010dn\u00e9mu dedi\u010dstvu a pevn\u00fdm eur\u00f3pskym z\u00e1kladom sa spolo\u010dnos\u0165 OVHcloud zaviazala vyv\u00edja\u0165 zodpovedn\u00e9 technol\u00f3gie, preto\u017ee sa sna\u017e\u00ed by\u0165 hnacou silou \u010fal\u0161ieho v\u00fdvoja cloudu.<\/p>\n<\/p>\n<h2><red>Benefity<\/red> OVH      <\/h2>\n<h3>SLU\u017dBY<\/h3>\n<p><p>Spolo\u010dnos\u0165 OVH pon\u00faka \u0161irok\u00fa \u0161k\u00e1lu IT slu\u017eieb pre podniky: od webhostingu po virtu\u00e1lne d\u00e1tov\u00e9 centr\u00e1, dedikovan\u00e9 servery, \u00falo\u017en\u00e9 rie\u0161enia a pripojenia xDSL a VoIP.V\u0161etky slu\u017eby s\u00fa neust\u00e1le inovovan\u00e9 a pravidelne obohacovan\u00e9 o nov\u00e9 funkcie.<\/p>\n<\/p>\n<h3>VLASTN\u00c1 CELOSVETOV\u00c1 SIE\u0164<\/h3>\n<p><p>Medzin\u00e1rodn\u00fd dosah spolo\u010dnosti OVH je zalo\u017een\u00fd predov\u0161etk\u00fdm na jej vlastnej sieti, prostredn\u00edctvom ktorej poskytuje bezchybn\u00fa kvalitu slu\u017eieb. T\u00e1to mimoriadne bezpe\u010dn\u00e1 sie\u0165 s garantovanou \u0161\u00edrkou p\u00e1sma pon\u00faka jedine\u010dn\u00fa v\u00fdhodu na s\u00fa\u010dasnom trhu s hostingom.<\/p>\n<\/p>\n<h3>NAD\u0160ENCI Z\u00c1KAZN\u00cdCKYCH SLU\u017dIEB<\/h3>\n<p><p>V spolo\u010dnosti OVH je fr\u00e1za &#8220;v\u017edy k va\u0161im slu\u017eb\u00e1m&#8221; z\u00e1kladom skuto\u010dn\u00e9ho z\u00e1v\u00e4zku. Od prv\u00e9ho rozhovoru s t\u00edmom podpory budete komunikova\u0165 s pokro\u010dil\u00fdmi pou\u017e\u00edvate\u013emi, ktor\u00ed v\u00e1m pom\u00f4\u017eu vybra\u0165 spr\u00e1vne rie\u0161enie na z\u00e1klade svojich technick\u00fdch znalost\u00ed.<\/p>\n<\/p>\n<h3>OPTIMALIZ\u00c1CIA VA\u0160ICH V\u00ddDAVKOV<\/h3>\n<p><p>V\u00e4\u010d\u0161ina konkurentov spravuje len samotn\u00fa hostingov\u00fa slu\u017ebu. V\u00fdroba serverov sa preto zad\u00e1va externe; d\u00e1tov\u00e9 centr\u00e1 sa prenaj\u00edmaj\u00fa od tret\u00edch str\u00e1n, rovnako ako sie\u0165, ktor\u00fa na k\u013e\u00fa\u010d zabezpe\u010duj\u00fa subdod\u00e1vatelia. V d\u00f4sledku toho je \u0165a\u017ek\u00e9 zaru\u010di\u0165 ceny slu\u017eieb a udr\u017ea\u0165 ich na konkurencieschopnej \u00farovni. V spolo\u010dnosti OVH.com bola \u0161trukt\u00fara n\u00e1kladov maxim\u00e1lne racionalizovan\u00e1.<\/p>\n<\/p>\n<h3>ROZHODNE NEZ\u00c1VISL\u00dd <\/h3>\n<p><p>OVH je rodinn\u00e1, finan\u010dne nez\u00e1visl\u00e1 spolo\u010dnos\u0165, ktor\u00e1 sa rozhodla reinvestova\u0165 v\u0161etky svoje zisky do svojho rozvoja.<\/p>\n<\/p>\n<h2>\u0160pecializovan\u00fd server: Rozdelenie zodpovednost\u00ed <\/h2>\n<h3>ROZSAH P\u00d4SOBNOSTI DEVEHO<\/h3>\n<p><p>Implement\u00e1cia, spr\u00e1va a \u00fadr\u017eba opera\u010dn\u00fdch syst\u00e9mov a aplik\u00e1ci\u00ed Sage X3.<\/p>\n<p>N\u00e1vrh, implement\u00e1cia a pr\u00edpadn\u00e1 \u00fadr\u017eba sie\u0165ov\u00fdch rie\u0161en\u00ed nasaden\u00fdch v r\u00e1mci rie\u0161enia priv\u00e1tnej siete OVH.<\/p>\n<\/p>\n<h3>ROZSAH P\u00d4SOBNOSTI OVH<\/h3>\n<p><p>V\u00fdroba, smerovanie, doru\u010dovanie, \u00fadr\u017eba hardv\u00e9ru serverov a d\u00e1tov\u00fdch centier.<\/p>\n<p>Architekt\u00fara, implement\u00e1cia a \u00fadr\u017eba hardv\u00e9ru verejnej a s\u00fakromnej sie\u0165ovej infra\u0161trukt\u00fary<\/p>\n<\/p>\n<h3><red>DEVEHO Cloud hostovan\u00fd spolo\u010dnos\u0165ou OVH <\/red>      <\/h3>\n<\/p>\n<p>\u0160pecializovan\u00e1 infra\u0161trukt\u00fara\n<\/p>\n<p>\u0160irok\u00e1 ponuka serverov na r\u00f4zne \u00fa\u010dely:<br \/>\nVirtualiz\u00e1cia,<br \/>\nUkladanie,<br \/>\nVe\u013ek\u00e9 objemy d\u00e1t,<br \/>\nAdministrat\u00edva a pod.\n<\/p>\n<p>Prisp\u00f4sobite\u013en\u00e9 konfigur\u00e1cie: RAM \/ CPU \/ Disk \/ Raid\n<\/p>\n<p>Najnov\u0161\u00ed technologick\u00fd pokrok\n<\/p>\n<p>Zdroje pod\u013ea mesiacov\n<\/p>\n<p>Priv\u00e1tna sie\u0165 s viacer\u00fdmi lokalitami od OVH: vRack\n<\/p>\n<h2><\/h2>\n<h3>S\u00favisiace str\u00e1nky <\/h3>\n<\/p>\n<h3><\/h3>\n<\/p>\n<h3><\/h3><\/p>\n","protected":false},"excerpt":{"rendered":"<p>OVH je glob\u00e1lny poskytovate\u013e hyper\u0161k\u00e1lov\u00e9ho cloudu v Eur\u00f3pe. Spolo\u010dnos\u0165 OVH pon\u00faka \u0161irok\u00fa \u0161k\u00e1lu IT slu\u017eieb pre podniky: od webhostingu po virtu\u00e1lne d\u00e1tov\u00e9 centr\u00e1, dedikovan\u00e9 servery, \u00falo\u017en\u00e9 rie\u0161enia a pripojenia xDSL a VoIP.V\u0161etky slu\u017eby s\u00fa neust\u00e1le inovovan\u00e9 a pravidelne obohacovan\u00e9 o nov\u00e9 funkcie.<\/p>\n","protected":false},"author":8,"featured_media":0,"parent":10291,"menu_order":0,"comment_status":"closed","ping_status":"closed","template":"templates\/template-prod_serv.php","meta":{"_acf_changed":false,"footnotes":""},"class_list":["post-10199","page","type-page","status-publish","hentry"],"acf":[],"yoast_head":"<!-- This site is optimized with the Yoast SEO plugin v23.5 - https:\/\/yoast.com\/wordpress\/plugins\/seo\/ -->\n<title>OVH - Deveho<\/title>\n<meta name=\"robots\" content=\"index, follow, max-snippet:-1, max-image-preview:large, max-video-preview:-1\" \/>\n<link rel=\"canonical\" href=\"https:\/\/deveho.com\/sk\/sluzby\/cloud-hosting\/ovh\/\" \/>\n<meta property=\"og:locale\" content=\"sk_SK\" \/>\n<meta property=\"og:type\" content=\"article\" \/>\n<meta property=\"og:title\" content=\"OVH - Deveho\" \/>\n<meta property=\"og:description\" content=\"OVH je glob\u00e1lny poskytovate\u013e hyper\u0161k\u00e1lov\u00e9ho cloudu v Eur\u00f3pe. Spolo\u010dnos\u0165 OVH pon\u00faka \u0161irok\u00fa \u0161k\u00e1lu IT slu\u017eieb pre podniky: od webhostingu po virtu\u00e1lne d\u00e1tov\u00e9 centr\u00e1, dedikovan\u00e9 servery, \u00falo\u017en\u00e9 rie\u0161enia a pripojenia xDSL a VoIP.V\u0161etky slu\u017eby s\u00fa neust\u00e1le inovovan\u00e9 a pravidelne obohacovan\u00e9 o nov\u00e9 funkcie.\" \/>\n<meta property=\"og:url\" content=\"https:\/\/deveho.com\/sk\/sluzby\/cloud-hosting\/ovh\/\" \/>\n<meta property=\"og:site_name\" content=\"Deveho\" \/>\n<meta property=\"article:publisher\" content=\"https:\/\/www.facebook.com\/deveho\" \/>\n<meta property=\"article:modified_time\" content=\"2025-12-03T09:53:28+00:00\" \/>\n<meta name=\"twitter:card\" content=\"summary_large_image\" \/>\n<meta name=\"twitter:site\" content=\"@Deveho1\" \/>\n<meta name=\"twitter:label1\" content=\"Predpokladan\u00fd \u010das \u010d\u00edtania\" \/>\n\t<meta name=\"twitter:data1\" content=\"2 min\u00faty\" \/>\n<script type=\"application\/ld+json\" class=\"yoast-schema-graph\">{\"@context\":\"https:\/\/schema.org\",\"@graph\":[{\"@type\":\"WebPage\",\"@id\":\"https:\/\/deveho.com\/sk\/sluzby\/cloud-hosting\/ovh\/\",\"url\":\"https:\/\/deveho.com\/sk\/sluzby\/cloud-hosting\/ovh\/\",\"name\":\"OVH - Deveho\",\"isPartOf\":{\"@id\":\"https:\/\/deveho.com\/#website\"},\"datePublished\":\"2022-05-10T13:49:15+00:00\",\"dateModified\":\"2025-12-03T09:53:28+00:00\",\"breadcrumb\":{\"@id\":\"https:\/\/deveho.com\/sk\/sluzby\/cloud-hosting\/ovh\/#breadcrumb\"},\"inLanguage\":\"sk-SK\",\"potentialAction\":[{\"@type\":\"ReadAction\",\"target\":[\"https:\/\/deveho.com\/sk\/sluzby\/cloud-hosting\/ovh\/\"]}]},{\"@type\":\"BreadcrumbList\",\"@id\":\"https:\/\/deveho.com\/sk\/sluzby\/cloud-hosting\/ovh\/#breadcrumb\",\"itemListElement\":[{\"@type\":\"ListItem\",\"position\":1,\"name\":\"Home\",\"item\":\"https:\/\/deveho.com\/sk\/\"},{\"@type\":\"ListItem\",\"position\":2,\"name\":\"Slu\u017eby\",\"item\":\"https:\/\/deveho.com\/sk\/sluzby\/\"},{\"@type\":\"ListItem\",\"position\":3,\"name\":\"Cloud &#038; Hosting\",\"item\":\"https:\/\/deveho.com\/sk\/sluzby\/cloud-hosting\/\"},{\"@type\":\"ListItem\",\"position\":4,\"name\":\"OVH\"}]},{\"@type\":\"WebSite\",\"@id\":\"https:\/\/deveho.com\/#website\",\"url\":\"https:\/\/deveho.com\/\",\"name\":\"Deveho Consulting Group\",\"description\":\"Let\u2019s boost your growth\",\"publisher\":{\"@id\":\"https:\/\/deveho.com\/#organization\"},\"potentialAction\":[{\"@type\":\"SearchAction\",\"target\":{\"@type\":\"EntryPoint\",\"urlTemplate\":\"https:\/\/deveho.com\/?s={search_term_string}\"},\"query-input\":{\"@type\":\"PropertyValueSpecification\",\"valueRequired\":true,\"valueName\":\"search_term_string\"}}],\"inLanguage\":\"sk-SK\"},{\"@type\":\"Organization\",\"@id\":\"https:\/\/deveho.com\/#organization\",\"name\":\"Deveho Consulting Group\",\"url\":\"https:\/\/deveho.com\/\",\"logo\":{\"@type\":\"ImageObject\",\"inLanguage\":\"sk-SK\",\"@id\":\"https:\/\/deveho.com\/#\/schema\/logo\/image\/\",\"url\":\"https:\/\/deveho.com\/wp-content\/uploads\/2023\/02\/DEVEHO-LOGO-Baseline-COLOR.png\",\"contentUrl\":\"https:\/\/deveho.com\/wp-content\/uploads\/2023\/02\/DEVEHO-LOGO-Baseline-COLOR.png\",\"width\":2251,\"height\":585,\"caption\":\"Deveho Consulting Group\"},\"image\":{\"@id\":\"https:\/\/deveho.com\/#\/schema\/logo\/image\/\"},\"sameAs\":[\"https:\/\/www.facebook.com\/deveho\",\"https:\/\/x.com\/Deveho1\",\"https:\/\/www.linkedin.com\/company\/deveho-consulting\/\"]}]}<\/script>\n<!-- \/ Yoast SEO plugin. -->","yoast_head_json":{"title":"OVH - Deveho","robots":{"index":"index","follow":"follow","max-snippet":"max-snippet:-1","max-image-preview":"max-image-preview:large","max-video-preview":"max-video-preview:-1"},"canonical":"https:\/\/deveho.com\/sk\/sluzby\/cloud-hosting\/ovh\/","og_locale":"sk_SK","og_type":"article","og_title":"OVH - Deveho","og_description":"OVH je glob\u00e1lny poskytovate\u013e hyper\u0161k\u00e1lov\u00e9ho cloudu v Eur\u00f3pe. Spolo\u010dnos\u0165 OVH pon\u00faka \u0161irok\u00fa \u0161k\u00e1lu IT slu\u017eieb pre podniky: od webhostingu po virtu\u00e1lne d\u00e1tov\u00e9 centr\u00e1, dedikovan\u00e9 servery, \u00falo\u017en\u00e9 rie\u0161enia a pripojenia xDSL a VoIP.V\u0161etky slu\u017eby s\u00fa neust\u00e1le inovovan\u00e9 a pravidelne obohacovan\u00e9 o nov\u00e9 funkcie.","og_url":"https:\/\/deveho.com\/sk\/sluzby\/cloud-hosting\/ovh\/","og_site_name":"Deveho","article_publisher":"https:\/\/www.facebook.com\/deveho","article_modified_time":"2025-12-03T09:53:28+00:00","twitter_card":"summary_large_image","twitter_site":"@Deveho1","twitter_misc":{"Predpokladan\u00fd \u010das \u010d\u00edtania":"2 min\u00faty"},"schema":{"@context":"https:\/\/schema.org","@graph":[{"@type":"WebPage","@id":"https:\/\/deveho.com\/sk\/sluzby\/cloud-hosting\/ovh\/","url":"https:\/\/deveho.com\/sk\/sluzby\/cloud-hosting\/ovh\/","name":"OVH - Deveho","isPartOf":{"@id":"https:\/\/deveho.com\/#website"},"datePublished":"2022-05-10T13:49:15+00:00","dateModified":"2025-12-03T09:53:28+00:00","breadcrumb":{"@id":"https:\/\/deveho.com\/sk\/sluzby\/cloud-hosting\/ovh\/#breadcrumb"},"inLanguage":"sk-SK","potentialAction":[{"@type":"ReadAction","target":["https:\/\/deveho.com\/sk\/sluzby\/cloud-hosting\/ovh\/"]}]},{"@type":"BreadcrumbList","@id":"https:\/\/deveho.com\/sk\/sluzby\/cloud-hosting\/ovh\/#breadcrumb","itemListElement":[{"@type":"ListItem","position":1,"name":"Home","item":"https:\/\/deveho.com\/sk\/"},{"@type":"ListItem","position":2,"name":"Slu\u017eby","item":"https:\/\/deveho.com\/sk\/sluzby\/"},{"@type":"ListItem","position":3,"name":"Cloud &#038; Hosting","item":"https:\/\/deveho.com\/sk\/sluzby\/cloud-hosting\/"},{"@type":"ListItem","position":4,"name":"OVH"}]},{"@type":"WebSite","@id":"https:\/\/deveho.com\/#website","url":"https:\/\/deveho.com\/","name":"Deveho Consulting Group","description":"Let\u2019s boost your growth","publisher":{"@id":"https:\/\/deveho.com\/#organization"},"potentialAction":[{"@type":"SearchAction","target":{"@type":"EntryPoint","urlTemplate":"https:\/\/deveho.com\/?s={search_term_string}"},"query-input":{"@type":"PropertyValueSpecification","valueRequired":true,"valueName":"search_term_string"}}],"inLanguage":"sk-SK"},{"@type":"Organization","@id":"https:\/\/deveho.com\/#organization","name":"Deveho Consulting Group","url":"https:\/\/deveho.com\/","logo":{"@type":"ImageObject","inLanguage":"sk-SK","@id":"https:\/\/deveho.com\/#\/schema\/logo\/image\/","url":"https:\/\/deveho.com\/wp-content\/uploads\/2023\/02\/DEVEHO-LOGO-Baseline-COLOR.png","contentUrl":"https:\/\/deveho.com\/wp-content\/uploads\/2023\/02\/DEVEHO-LOGO-Baseline-COLOR.png","width":2251,"height":585,"caption":"Deveho Consulting Group"},"image":{"@id":"https:\/\/deveho.com\/#\/schema\/logo\/image\/"},"sameAs":["https:\/\/www.facebook.com\/deveho","https:\/\/x.com\/Deveho1","https:\/\/www.linkedin.com\/company\/deveho-consulting\/"]}]}},"_links":{"self":[{"href":"https:\/\/deveho.com\/sk\/wp-json\/wp\/v2\/pages\/10199"}],"collection":[{"href":"https:\/\/deveho.com\/sk\/wp-json\/wp\/v2\/pages"}],"about":[{"href":"https:\/\/deveho.com\/sk\/wp-json\/wp\/v2\/types\/page"}],"author":[{"embeddable":true,"href":"https:\/\/deveho.com\/sk\/wp-json\/wp\/v2\/users\/8"}],"replies":[{"embeddable":true,"href":"https:\/\/deveho.com\/sk\/wp-json\/wp\/v2\/comments?post=10199"}],"version-history":[{"count":2,"href":"https:\/\/deveho.com\/sk\/wp-json\/wp\/v2\/pages\/10199\/revisions"}],"predecessor-version":[{"id":44311,"href":"https:\/\/deveho.com\/sk\/wp-json\/wp\/v2\/pages\/10199\/revisions\/44311"}],"up":[{"embeddable":true,"href":"https:\/\/deveho.com\/sk\/wp-json\/wp\/v2\/pages\/10291"}],"wp:attachment":[{"href":"https:\/\/deveho.com\/sk\/wp-json\/wp\/v2\/media?parent=10199"}],"curies":[{"name":"wp","href":"https:\/\/api.w.org\/{rel}","templated":true}]}}