{"id":10215,"date":"2022-05-11T14:43:02","date_gmt":"2022-05-11T14:43:02","guid":{"rendered":"https:\/\/deveho2.sfdbeta.be\/sage-frp-1000\/sage-frp-1000-dematerializacia\/"},"modified":"2025-10-30T16:19:06","modified_gmt":"2025-10-30T14:19:06","slug":"sage-frp-1000-dematerializacia","status":"publish","type":"page","link":"https:\/\/deveho.com\/sk\/produkty\/sage-frp-1000\/sage-frp-1000-dematerializacia\/","title":{"rendered":"SAGE FRP 1000 Dematerializ\u00e1cia"},"content":{"rendered":"<br \/>\n<h2><\/h2>\n<h3><\/h3>\n<h3><red>Dematerializ\u00e1cia prispieva k zn\u00ed\u017eeniu pou\u017e\u00edvania papiera, \u010do je hlavn\u00fd ekologick\u00fd probl\u00e9m, a pom\u00e1ha zlep\u0161i\u0165 hodnotenie CSR va\u0161ej spolo\u010dnosti. Automatiz\u00e1cia zni\u017euje prev\u00e1dzkov\u00e9 n\u00e1klady a \u010dasy spracovania a z\u00e1rove\u0148 zlep\u0161uje sledovate\u013enos\u0165 a monitorovanie predpisov.<\/red>   <\/h3>\n<\/p>\n<h2>NAV\u0160T\u00cdVTE N\u00c1\u0160 BLOG A Z\u00cdSKAJTE PR\u00cdSTUP K \u010cL\u00c1NKOM A INFORM\u00c1CI\u00c1M ZAMERAN\u00ddM NA K\u013d\u00da\u010cOV\u00c9 T\u00c9MY V\u00c1\u0160HO PODNIKANIA.<\/h2>\n<h3><\/h3>\n<\/p>\n<h3><\/h3>\n<\/p>\n<h3><\/h3><\/p>\n","protected":false},"excerpt":{"rendered":"<p>Aenean eu leo quam. Pellentesque ornare sem lacinia quam venenatis vestibulum. Fusce dapibus, tellus ac cursus commodo, tortor mauris condimentum nibh, ut fermentum massa justo sit amet risus. Cum sociis natoque.<\/p>\n","protected":false},"author":6,"featured_media":0,"parent":10198,"menu_order":0,"comment_status":"closed","ping_status":"closed","template":"templates\/template-prod_serv.php","meta":{"_acf_changed":false,"footnotes":""},"class_list":["post-10215","page","type-page","status-publish","hentry"],"acf":[],"yoast_head":"<!-- This site is optimized with the Yoast SEO plugin v23.5 - https:\/\/yoast.com\/wordpress\/plugins\/seo\/ -->\n<title>SAGE FRP 1000 Dematerializ\u00e1cia - Deveho<\/title>\n<meta name=\"robots\" content=\"index, follow, max-snippet:-1, max-image-preview:large, max-video-preview:-1\" \/>\n<link rel=\"canonical\" href=\"https:\/\/deveho.com\/sk\/produkty\/sage-frp-1000\/sage-frp-1000-dematerializacia\/\" \/>\n<meta property=\"og:locale\" content=\"sk_SK\" \/>\n<meta property=\"og:type\" content=\"article\" \/>\n<meta property=\"og:title\" content=\"SAGE FRP 1000 Dematerializ\u00e1cia - Deveho\" \/>\n<meta property=\"og:description\" content=\"Aenean eu leo quam. Pellentesque ornare sem lacinia quam venenatis vestibulum. Fusce dapibus, tellus ac cursus commodo, tortor mauris condimentum nibh, ut fermentum massa justo sit amet risus. Cum sociis natoque.\" \/>\n<meta property=\"og:url\" content=\"https:\/\/deveho.com\/sk\/produkty\/sage-frp-1000\/sage-frp-1000-dematerializacia\/\" \/>\n<meta property=\"og:site_name\" content=\"Deveho\" \/>\n<meta property=\"article:publisher\" content=\"https:\/\/www.facebook.com\/deveho\" \/>\n<meta property=\"article:modified_time\" content=\"2025-10-30T14:19:06+00:00\" \/>\n<meta name=\"twitter:card\" content=\"summary_large_image\" \/>\n<meta name=\"twitter:site\" content=\"@Deveho1\" \/>\n<meta name=\"twitter:label1\" content=\"Predpokladan\u00fd \u010das \u010d\u00edtania\" \/>\n\t<meta name=\"twitter:data1\" content=\"1 min\u00fata\" \/>\n<script type=\"application\/ld+json\" class=\"yoast-schema-graph\">{\"@context\":\"https:\/\/schema.org\",\"@graph\":[{\"@type\":\"WebPage\",\"@id\":\"https:\/\/deveho.com\/sk\/produkty\/sage-frp-1000\/sage-frp-1000-dematerializacia\/\",\"url\":\"https:\/\/deveho.com\/sk\/produkty\/sage-frp-1000\/sage-frp-1000-dematerializacia\/\",\"name\":\"SAGE FRP 1000 Dematerializ\u00e1cia - Deveho\",\"isPartOf\":{\"@id\":\"https:\/\/deveho.com\/#website\"},\"datePublished\":\"2022-05-11T14:43:02+00:00\",\"dateModified\":\"2025-10-30T14:19:06+00:00\",\"breadcrumb\":{\"@id\":\"https:\/\/deveho.com\/sk\/produkty\/sage-frp-1000\/sage-frp-1000-dematerializacia\/#breadcrumb\"},\"inLanguage\":\"sk-SK\",\"potentialAction\":[{\"@type\":\"ReadAction\",\"target\":[\"https:\/\/deveho.com\/sk\/produkty\/sage-frp-1000\/sage-frp-1000-dematerializacia\/\"]}]},{\"@type\":\"BreadcrumbList\",\"@id\":\"https:\/\/deveho.com\/sk\/produkty\/sage-frp-1000\/sage-frp-1000-dematerializacia\/#breadcrumb\",\"itemListElement\":[{\"@type\":\"ListItem\",\"position\":1,\"name\":\"Home\",\"item\":\"https:\/\/deveho.com\/sk\/\"},{\"@type\":\"ListItem\",\"position\":2,\"name\":\"Produkty\",\"item\":\"https:\/\/deveho.com\/sk\/produkty\/\"},{\"@type\":\"ListItem\",\"position\":3,\"name\":\"Sage FRP 1000\",\"item\":\"https:\/\/deveho.com\/sk\/produkty\/sage-frp-1000\/\"},{\"@type\":\"ListItem\",\"position\":4,\"name\":\"SAGE FRP 1000 Dematerializ\u00e1cia\"}]},{\"@type\":\"WebSite\",\"@id\":\"https:\/\/deveho.com\/#website\",\"url\":\"https:\/\/deveho.com\/\",\"name\":\"Deveho Consulting Group\",\"description\":\"Let\u2019s boost your growth\",\"publisher\":{\"@id\":\"https:\/\/deveho.com\/#organization\"},\"potentialAction\":[{\"@type\":\"SearchAction\",\"target\":{\"@type\":\"EntryPoint\",\"urlTemplate\":\"https:\/\/deveho.com\/?s={search_term_string}\"},\"query-input\":{\"@type\":\"PropertyValueSpecification\",\"valueRequired\":true,\"valueName\":\"search_term_string\"}}],\"inLanguage\":\"sk-SK\"},{\"@type\":\"Organization\",\"@id\":\"https:\/\/deveho.com\/#organization\",\"name\":\"Deveho Consulting Group\",\"url\":\"https:\/\/deveho.com\/\",\"logo\":{\"@type\":\"ImageObject\",\"inLanguage\":\"sk-SK\",\"@id\":\"https:\/\/deveho.com\/#\/schema\/logo\/image\/\",\"url\":\"https:\/\/deveho.com\/wp-content\/uploads\/2023\/02\/DEVEHO-LOGO-Baseline-COLOR.png\",\"contentUrl\":\"https:\/\/deveho.com\/wp-content\/uploads\/2023\/02\/DEVEHO-LOGO-Baseline-COLOR.png\",\"width\":2251,\"height\":585,\"caption\":\"Deveho Consulting Group\"},\"image\":{\"@id\":\"https:\/\/deveho.com\/#\/schema\/logo\/image\/\"},\"sameAs\":[\"https:\/\/www.facebook.com\/deveho\",\"https:\/\/x.com\/Deveho1\",\"https:\/\/www.linkedin.com\/company\/deveho-consulting\/\"]}]}<\/script>\n<!-- \/ Yoast SEO plugin. -->","yoast_head_json":{"title":"SAGE FRP 1000 Dematerializ\u00e1cia - Deveho","robots":{"index":"index","follow":"follow","max-snippet":"max-snippet:-1","max-image-preview":"max-image-preview:large","max-video-preview":"max-video-preview:-1"},"canonical":"https:\/\/deveho.com\/sk\/produkty\/sage-frp-1000\/sage-frp-1000-dematerializacia\/","og_locale":"sk_SK","og_type":"article","og_title":"SAGE FRP 1000 Dematerializ\u00e1cia - Deveho","og_description":"Aenean eu leo quam. Pellentesque ornare sem lacinia quam venenatis vestibulum. Fusce dapibus, tellus ac cursus commodo, tortor mauris condimentum nibh, ut fermentum massa justo sit amet risus. Cum sociis natoque.","og_url":"https:\/\/deveho.com\/sk\/produkty\/sage-frp-1000\/sage-frp-1000-dematerializacia\/","og_site_name":"Deveho","article_publisher":"https:\/\/www.facebook.com\/deveho","article_modified_time":"2025-10-30T14:19:06+00:00","twitter_card":"summary_large_image","twitter_site":"@Deveho1","twitter_misc":{"Predpokladan\u00fd \u010das \u010d\u00edtania":"1 min\u00fata"},"schema":{"@context":"https:\/\/schema.org","@graph":[{"@type":"WebPage","@id":"https:\/\/deveho.com\/sk\/produkty\/sage-frp-1000\/sage-frp-1000-dematerializacia\/","url":"https:\/\/deveho.com\/sk\/produkty\/sage-frp-1000\/sage-frp-1000-dematerializacia\/","name":"SAGE FRP 1000 Dematerializ\u00e1cia - Deveho","isPartOf":{"@id":"https:\/\/deveho.com\/#website"},"datePublished":"2022-05-11T14:43:02+00:00","dateModified":"2025-10-30T14:19:06+00:00","breadcrumb":{"@id":"https:\/\/deveho.com\/sk\/produkty\/sage-frp-1000\/sage-frp-1000-dematerializacia\/#breadcrumb"},"inLanguage":"sk-SK","potentialAction":[{"@type":"ReadAction","target":["https:\/\/deveho.com\/sk\/produkty\/sage-frp-1000\/sage-frp-1000-dematerializacia\/"]}]},{"@type":"BreadcrumbList","@id":"https:\/\/deveho.com\/sk\/produkty\/sage-frp-1000\/sage-frp-1000-dematerializacia\/#breadcrumb","itemListElement":[{"@type":"ListItem","position":1,"name":"Home","item":"https:\/\/deveho.com\/sk\/"},{"@type":"ListItem","position":2,"name":"Produkty","item":"https:\/\/deveho.com\/sk\/produkty\/"},{"@type":"ListItem","position":3,"name":"Sage FRP 1000","item":"https:\/\/deveho.com\/sk\/produkty\/sage-frp-1000\/"},{"@type":"ListItem","position":4,"name":"SAGE FRP 1000 Dematerializ\u00e1cia"}]},{"@type":"WebSite","@id":"https:\/\/deveho.com\/#website","url":"https:\/\/deveho.com\/","name":"Deveho Consulting Group","description":"Let\u2019s boost your growth","publisher":{"@id":"https:\/\/deveho.com\/#organization"},"potentialAction":[{"@type":"SearchAction","target":{"@type":"EntryPoint","urlTemplate":"https:\/\/deveho.com\/?s={search_term_string}"},"query-input":{"@type":"PropertyValueSpecification","valueRequired":true,"valueName":"search_term_string"}}],"inLanguage":"sk-SK"},{"@type":"Organization","@id":"https:\/\/deveho.com\/#organization","name":"Deveho Consulting Group","url":"https:\/\/deveho.com\/","logo":{"@type":"ImageObject","inLanguage":"sk-SK","@id":"https:\/\/deveho.com\/#\/schema\/logo\/image\/","url":"https:\/\/deveho.com\/wp-content\/uploads\/2023\/02\/DEVEHO-LOGO-Baseline-COLOR.png","contentUrl":"https:\/\/deveho.com\/wp-content\/uploads\/2023\/02\/DEVEHO-LOGO-Baseline-COLOR.png","width":2251,"height":585,"caption":"Deveho Consulting Group"},"image":{"@id":"https:\/\/deveho.com\/#\/schema\/logo\/image\/"},"sameAs":["https:\/\/www.facebook.com\/deveho","https:\/\/x.com\/Deveho1","https:\/\/www.linkedin.com\/company\/deveho-consulting\/"]}]}},"_links":{"self":[{"href":"https:\/\/deveho.com\/sk\/wp-json\/wp\/v2\/pages\/10215"}],"collection":[{"href":"https:\/\/deveho.com\/sk\/wp-json\/wp\/v2\/pages"}],"about":[{"href":"https:\/\/deveho.com\/sk\/wp-json\/wp\/v2\/types\/page"}],"author":[{"embeddable":true,"href":"https:\/\/deveho.com\/sk\/wp-json\/wp\/v2\/users\/6"}],"replies":[{"embeddable":true,"href":"https:\/\/deveho.com\/sk\/wp-json\/wp\/v2\/comments?post=10215"}],"version-history":[{"count":2,"href":"https:\/\/deveho.com\/sk\/wp-json\/wp\/v2\/pages\/10215\/revisions"}],"predecessor-version":[{"id":43380,"href":"https:\/\/deveho.com\/sk\/wp-json\/wp\/v2\/pages\/10215\/revisions\/43380"}],"up":[{"embeddable":true,"href":"https:\/\/deveho.com\/sk\/wp-json\/wp\/v2\/pages\/10198"}],"wp:attachment":[{"href":"https:\/\/deveho.com\/sk\/wp-json\/wp\/v2\/media?parent=10215"}],"curies":[{"name":"wp","href":"https:\/\/api.w.org\/{rel}","templated":true}]}}