{"id":10272,"date":"2022-05-17T13:00:57","date_gmt":"2022-05-17T13:00:57","guid":{"rendered":"https:\/\/deveho2.sfdbeta.be\/podpora-pre-riesenie-sage\/"},"modified":"2025-10-31T14:39:45","modified_gmt":"2025-10-31T12:39:45","slug":"podpora-pre-riesenie-sage","status":"publish","type":"page","link":"https:\/\/deveho.com\/sk\/sluzby\/podpora-pre-riesenie-sage\/","title":{"rendered":"Podpora pre rie\u0161enie Sage"},"content":{"rendered":"<br \/>\n<h3>Dod\u00e1vka a spr\u00e1va prostredia<\/h3>\n<\/p>\n<p>Pod\u013ea na\u0161ich siln\u00fdch partnerstiev s OVH a AWS m\u00f4\u017eeme poskytn\u00fa\u0165 a spravova\u0165 technick\u00e9 prostredie z\u00e1kazn\u00edka Sage X3, zaru\u010duj\u00face najlep\u0161\u00ed v\u00fdkon a bezpe\u010dnostn\u00e9 \u0161tandardy.<\/p>\n<h3>Upgrady<\/h3>\n<\/p>\n<p>V r\u00e1mci na\u0161ich slu\u017eieb \u00fadr\u017eby sme schopn\u00ed upgradova\u0165 komponenty Sage X3, aby sme \u010do najlep\u0161ie vyu\u017eili vylep\u0161enia softv\u00e9ru.<\/p>\n<h3>Podpora<\/h3>\n<\/p>\n<p>Na z\u00e1klade na\u0161ich odborn\u00fdch znalost\u00ed poskytujeme podporu a pomoc, ke\u010f je Sage X3 v prev\u00e1dzke: prev\u00e1dzkov\u00e1 podpora, prev\u00e1dzkov\u00e9 probl\u00e9my, po\u017eiadavky na vylep\u0161enia, \u0161kolenia.<\/p>\n<p>Vysokokvalitn\u00e1 podpora a outsourcing \u00fadr\u017eby aplik\u00e1ci\u00ed ( application maintenance outsourcing- AMO)<\/p>\n<p>T\u00edm venovan\u00fd AMO na Sage X3<\/p>\n<p>Technick\u00fd t\u00edm, ktor\u00fd sa venuje Sage X3<\/p>\n<h2><\/h2>\n<h3>S\u00favisiace Str\u00e1nky<\/h3>\n<\/p>\n<h3><\/h3>\n<\/p>\n<h3><\/h3><\/p>\n","protected":false},"excerpt":{"rendered":"<p>Deveho m\u00e1 sk\u00fasen\u00fd t\u00edm funk\u010dn\u00fdch a technick\u00fdch konzultantov s rozsiahlymi sk\u00fasenos\u0165ami so Sage X3, ktor\u00ed poskytuj\u00fa podporu pre v\u0161etky na\u0161e softv\u00e9rov\u00e9 bal\u00edky a moduly (financie, distrib\u00facia, riadenie v\u00fdroby, dlhodob\u00fd majetok, mzdy v oblasti \u013eudsk\u00fdch zdrojov, reporting, v\u00fdvoj at\u010f.). Poskytujeme vysoko kvalitn\u00e9 slu\u017eby a podporu v r\u00e1mci rozpo\u010dtu a na\u010das, v\u017edy!<\/p>\n","protected":false},"author":3,"featured_media":0,"parent":10287,"menu_order":0,"comment_status":"closed","ping_status":"closed","template":"templates\/template-prod_serv.php","meta":{"_acf_changed":false,"footnotes":""},"class_list":["post-10272","page","type-page","status-publish","hentry"],"acf":[],"yoast_head":"<!-- This site is optimized with the Yoast SEO plugin v23.5 - https:\/\/yoast.com\/wordpress\/plugins\/seo\/ -->\n<title>Podpora pre rie\u0161enie Sage - Deveho<\/title>\n<meta name=\"robots\" content=\"index, follow, max-snippet:-1, max-image-preview:large, max-video-preview:-1\" \/>\n<link rel=\"canonical\" href=\"https:\/\/deveho.com\/sk\/sluzby\/podpora-pre-riesenie-sage\/\" \/>\n<meta property=\"og:locale\" content=\"sk_SK\" \/>\n<meta property=\"og:type\" content=\"article\" \/>\n<meta property=\"og:title\" content=\"Podpora pre rie\u0161enie Sage - Deveho\" \/>\n<meta property=\"og:description\" content=\"Deveho m\u00e1 sk\u00fasen\u00fd t\u00edm funk\u010dn\u00fdch a technick\u00fdch konzultantov s rozsiahlymi sk\u00fasenos\u0165ami so Sage X3, ktor\u00ed poskytuj\u00fa podporu pre v\u0161etky na\u0161e softv\u00e9rov\u00e9 bal\u00edky a moduly (financie, distrib\u00facia, riadenie v\u00fdroby, dlhodob\u00fd majetok, mzdy v oblasti \u013eudsk\u00fdch zdrojov, reporting, v\u00fdvoj at\u010f.). Poskytujeme vysoko kvalitn\u00e9 slu\u017eby a podporu v r\u00e1mci rozpo\u010dtu a na\u010das, v\u017edy!\" \/>\n<meta property=\"og:url\" content=\"https:\/\/deveho.com\/sk\/sluzby\/podpora-pre-riesenie-sage\/\" \/>\n<meta property=\"og:site_name\" content=\"Deveho\" \/>\n<meta property=\"article:publisher\" content=\"https:\/\/www.facebook.com\/deveho\" \/>\n<meta property=\"article:modified_time\" content=\"2025-10-31T12:39:45+00:00\" \/>\n<meta name=\"twitter:card\" content=\"summary_large_image\" \/>\n<meta name=\"twitter:site\" content=\"@Deveho1\" \/>\n<meta name=\"twitter:label1\" content=\"Predpokladan\u00fd \u010das \u010d\u00edtania\" \/>\n\t<meta name=\"twitter:data1\" content=\"1 min\u00fata\" \/>\n<script type=\"application\/ld+json\" class=\"yoast-schema-graph\">{\"@context\":\"https:\/\/schema.org\",\"@graph\":[{\"@type\":\"WebPage\",\"@id\":\"https:\/\/deveho.com\/sk\/sluzby\/podpora-pre-riesenie-sage\/\",\"url\":\"https:\/\/deveho.com\/sk\/sluzby\/podpora-pre-riesenie-sage\/\",\"name\":\"Podpora pre rie\u0161enie Sage - Deveho\",\"isPartOf\":{\"@id\":\"https:\/\/deveho.com\/#website\"},\"datePublished\":\"2022-05-17T13:00:57+00:00\",\"dateModified\":\"2025-10-31T12:39:45+00:00\",\"breadcrumb\":{\"@id\":\"https:\/\/deveho.com\/sk\/sluzby\/podpora-pre-riesenie-sage\/#breadcrumb\"},\"inLanguage\":\"sk-SK\",\"potentialAction\":[{\"@type\":\"ReadAction\",\"target\":[\"https:\/\/deveho.com\/sk\/sluzby\/podpora-pre-riesenie-sage\/\"]}]},{\"@type\":\"BreadcrumbList\",\"@id\":\"https:\/\/deveho.com\/sk\/sluzby\/podpora-pre-riesenie-sage\/#breadcrumb\",\"itemListElement\":[{\"@type\":\"ListItem\",\"position\":1,\"name\":\"Home\",\"item\":\"https:\/\/deveho.com\/sk\/\"},{\"@type\":\"ListItem\",\"position\":2,\"name\":\"Slu\u017eby\",\"item\":\"https:\/\/deveho.com\/sk\/sluzby\/\"},{\"@type\":\"ListItem\",\"position\":3,\"name\":\"Podpora pre rie\u0161enie Sage\"}]},{\"@type\":\"WebSite\",\"@id\":\"https:\/\/deveho.com\/#website\",\"url\":\"https:\/\/deveho.com\/\",\"name\":\"Deveho Consulting Group\",\"description\":\"Let\u2019s boost your growth\",\"publisher\":{\"@id\":\"https:\/\/deveho.com\/#organization\"},\"potentialAction\":[{\"@type\":\"SearchAction\",\"target\":{\"@type\":\"EntryPoint\",\"urlTemplate\":\"https:\/\/deveho.com\/?s={search_term_string}\"},\"query-input\":{\"@type\":\"PropertyValueSpecification\",\"valueRequired\":true,\"valueName\":\"search_term_string\"}}],\"inLanguage\":\"sk-SK\"},{\"@type\":\"Organization\",\"@id\":\"https:\/\/deveho.com\/#organization\",\"name\":\"Deveho Consulting Group\",\"url\":\"https:\/\/deveho.com\/\",\"logo\":{\"@type\":\"ImageObject\",\"inLanguage\":\"sk-SK\",\"@id\":\"https:\/\/deveho.com\/#\/schema\/logo\/image\/\",\"url\":\"https:\/\/deveho.com\/wp-content\/uploads\/2023\/02\/DEVEHO-LOGO-Baseline-COLOR.png\",\"contentUrl\":\"https:\/\/deveho.com\/wp-content\/uploads\/2023\/02\/DEVEHO-LOGO-Baseline-COLOR.png\",\"width\":2251,\"height\":585,\"caption\":\"Deveho Consulting Group\"},\"image\":{\"@id\":\"https:\/\/deveho.com\/#\/schema\/logo\/image\/\"},\"sameAs\":[\"https:\/\/www.facebook.com\/deveho\",\"https:\/\/x.com\/Deveho1\",\"https:\/\/www.linkedin.com\/company\/deveho-consulting\/\"]}]}<\/script>\n<!-- \/ Yoast SEO plugin. -->","yoast_head_json":{"title":"Podpora pre rie\u0161enie Sage - Deveho","robots":{"index":"index","follow":"follow","max-snippet":"max-snippet:-1","max-image-preview":"max-image-preview:large","max-video-preview":"max-video-preview:-1"},"canonical":"https:\/\/deveho.com\/sk\/sluzby\/podpora-pre-riesenie-sage\/","og_locale":"sk_SK","og_type":"article","og_title":"Podpora pre rie\u0161enie Sage - Deveho","og_description":"Deveho m\u00e1 sk\u00fasen\u00fd t\u00edm funk\u010dn\u00fdch a technick\u00fdch konzultantov s rozsiahlymi sk\u00fasenos\u0165ami so Sage X3, ktor\u00ed poskytuj\u00fa podporu pre v\u0161etky na\u0161e softv\u00e9rov\u00e9 bal\u00edky a moduly (financie, distrib\u00facia, riadenie v\u00fdroby, dlhodob\u00fd majetok, mzdy v oblasti \u013eudsk\u00fdch zdrojov, reporting, v\u00fdvoj at\u010f.). Poskytujeme vysoko kvalitn\u00e9 slu\u017eby a podporu v r\u00e1mci rozpo\u010dtu a na\u010das, v\u017edy!","og_url":"https:\/\/deveho.com\/sk\/sluzby\/podpora-pre-riesenie-sage\/","og_site_name":"Deveho","article_publisher":"https:\/\/www.facebook.com\/deveho","article_modified_time":"2025-10-31T12:39:45+00:00","twitter_card":"summary_large_image","twitter_site":"@Deveho1","twitter_misc":{"Predpokladan\u00fd \u010das \u010d\u00edtania":"1 min\u00fata"},"schema":{"@context":"https:\/\/schema.org","@graph":[{"@type":"WebPage","@id":"https:\/\/deveho.com\/sk\/sluzby\/podpora-pre-riesenie-sage\/","url":"https:\/\/deveho.com\/sk\/sluzby\/podpora-pre-riesenie-sage\/","name":"Podpora pre rie\u0161enie Sage - Deveho","isPartOf":{"@id":"https:\/\/deveho.com\/#website"},"datePublished":"2022-05-17T13:00:57+00:00","dateModified":"2025-10-31T12:39:45+00:00","breadcrumb":{"@id":"https:\/\/deveho.com\/sk\/sluzby\/podpora-pre-riesenie-sage\/#breadcrumb"},"inLanguage":"sk-SK","potentialAction":[{"@type":"ReadAction","target":["https:\/\/deveho.com\/sk\/sluzby\/podpora-pre-riesenie-sage\/"]}]},{"@type":"BreadcrumbList","@id":"https:\/\/deveho.com\/sk\/sluzby\/podpora-pre-riesenie-sage\/#breadcrumb","itemListElement":[{"@type":"ListItem","position":1,"name":"Home","item":"https:\/\/deveho.com\/sk\/"},{"@type":"ListItem","position":2,"name":"Slu\u017eby","item":"https:\/\/deveho.com\/sk\/sluzby\/"},{"@type":"ListItem","position":3,"name":"Podpora pre rie\u0161enie Sage"}]},{"@type":"WebSite","@id":"https:\/\/deveho.com\/#website","url":"https:\/\/deveho.com\/","name":"Deveho Consulting Group","description":"Let\u2019s boost your growth","publisher":{"@id":"https:\/\/deveho.com\/#organization"},"potentialAction":[{"@type":"SearchAction","target":{"@type":"EntryPoint","urlTemplate":"https:\/\/deveho.com\/?s={search_term_string}"},"query-input":{"@type":"PropertyValueSpecification","valueRequired":true,"valueName":"search_term_string"}}],"inLanguage":"sk-SK"},{"@type":"Organization","@id":"https:\/\/deveho.com\/#organization","name":"Deveho Consulting Group","url":"https:\/\/deveho.com\/","logo":{"@type":"ImageObject","inLanguage":"sk-SK","@id":"https:\/\/deveho.com\/#\/schema\/logo\/image\/","url":"https:\/\/deveho.com\/wp-content\/uploads\/2023\/02\/DEVEHO-LOGO-Baseline-COLOR.png","contentUrl":"https:\/\/deveho.com\/wp-content\/uploads\/2023\/02\/DEVEHO-LOGO-Baseline-COLOR.png","width":2251,"height":585,"caption":"Deveho Consulting Group"},"image":{"@id":"https:\/\/deveho.com\/#\/schema\/logo\/image\/"},"sameAs":["https:\/\/www.facebook.com\/deveho","https:\/\/x.com\/Deveho1","https:\/\/www.linkedin.com\/company\/deveho-consulting\/"]}]}},"_links":{"self":[{"href":"https:\/\/deveho.com\/sk\/wp-json\/wp\/v2\/pages\/10272"}],"collection":[{"href":"https:\/\/deveho.com\/sk\/wp-json\/wp\/v2\/pages"}],"about":[{"href":"https:\/\/deveho.com\/sk\/wp-json\/wp\/v2\/types\/page"}],"author":[{"embeddable":true,"href":"https:\/\/deveho.com\/sk\/wp-json\/wp\/v2\/users\/3"}],"replies":[{"embeddable":true,"href":"https:\/\/deveho.com\/sk\/wp-json\/wp\/v2\/comments?post=10272"}],"version-history":[{"count":1,"href":"https:\/\/deveho.com\/sk\/wp-json\/wp\/v2\/pages\/10272\/revisions"}],"predecessor-version":[{"id":43392,"href":"https:\/\/deveho.com\/sk\/wp-json\/wp\/v2\/pages\/10272\/revisions\/43392"}],"up":[{"embeddable":true,"href":"https:\/\/deveho.com\/sk\/wp-json\/wp\/v2\/pages\/10287"}],"wp:attachment":[{"href":"https:\/\/deveho.com\/sk\/wp-json\/wp\/v2\/media?parent=10272"}],"curies":[{"name":"wp","href":"https:\/\/api.w.org\/{rel}","templated":true}]}}